{"id":28535,"date":"2025-10-04T12:37:09","date_gmt":"2025-10-04T12:37:09","guid":{"rendered":"https:\/\/schroevendump.nl\/product\/starlock-multitool-bim-longlife-saegeblatt-65x50-mm-japanische-zahnung-holz-kunststoff-10004\/"},"modified":"2025-12-10T11:54:55","modified_gmt":"2025-12-10T11:54:55","slug":"starlock-multitool-bim-longlife-saegeblatt-65x50-mm-japanische-zahnung-holz-kunststoff-10004","status":"publish","type":"product","link":"https:\/\/schroevendump.nl\/de\/produkt\/starlock-multitool-bim-longlife-saegeblatt-65x50-mm-japanische-zahnung-holz-kunststoff-10004\/","title":{"rendered":"Starlock Multitool BIM Longlife S\u00e4geblatt 65\u00d750 mm &#8211; Japanische Zahnung Holz &amp; Kunststoff (10004)"},"content":{"rendered":"<p data-start=\"390\" data-end=\"711\">Das <strong data-start=\"414\" data-end=\"456\">Uni Multitool SL BIM Longlife S\u00e4geblatt<\/strong> kombiniert maximale Haltbarkeit mit Pr\u00e4zision und Geschwindigkeit. Dank der <strong data-start=\"527\" data-end=\"558\">BIM (Bi-Metall)-Konstruktion<\/strong> und der <strong data-start=\"562\" data-end=\"584\">japanischen Verzahnung<\/strong> schneiden Sie m\u00fchelos durch Holz, Kunststoff und Blech mit au\u00dfergew\u00f6hnlich glatten Ergebnissen, selbst bei starker Beanspruchung.<\/p>\n<p data-start=\"713\" data-end=\"953\">Die <strong data-start=\"716\" data-end=\"743\">Starlock SL-Verbindung<\/strong> sorgt f\u00fcr eine stabile und vibrationsarme Verbindung mit Ihrem Multitool, w\u00e4hrend die Klinge in Sekundenschnelle werkzeuglos gewechselt werden kann. Perfekt sowohl f\u00fcr den professionellen Einsatz als auch f\u00fcr Heimwerkerprojekte.<\/p>\n<hr data-start=\"955\" data-end=\"958\">\n<h3 data-start=\"960\" data-end=\"986\">\u2699\ufe0f <strong data-start=\"967\" data-end=\"984\">Spezifikationen<\/strong><\/h3>\n<ul data-start=\"987\" data-end=\"1297\">\n<li data-start=\"987\" data-end=\"1030\">\n<p data-start=\"989\" data-end=\"1030\"><strong data-start=\"989\" data-end=\"998\">Typ:<\/strong> Uni Multitool SL BIM Longlife<\/p>\n<\/li>\n<li data-start=\"1031\" data-end=\"1075\">\n<p data-start=\"1033\" data-end=\"1075\"><strong data-start=\"1033\" data-end=\"1048\">Abmessungen:<\/strong> 65 mm breit \u00d7 50 mm lang<\/p>\n<\/li>\n<li data-start=\"1076\" data-end=\"1141\">\n<p data-start=\"1078\" data-end=\"1141\"><strong data-start=\"1078\" data-end=\"1092\">Material:<\/strong> Bi-Metall (BIM) &#8211; extra stark und hitzebest\u00e4ndig<\/p>\n<\/li>\n<li data-start=\"1142\" data-end=\"1201\">\n<p data-start=\"1144\" data-end=\"1201\"><strong data-start=\"1144\" data-end=\"1159\">Z\u00e4hne:<\/strong> Japanische Z\u00e4hne &#8211; schnelles und glattes Schneiden<\/p>\n<\/li>\n<li data-start=\"1202\" data-end=\"1234\">\n<p data-start=\"1204\" data-end=\"1234\"><strong data-start=\"1204\" data-end=\"1220\">Verbindung:<\/strong> Starlock<\/p>\n<\/li>\n<li data-start=\"1235\" data-end=\"1297\">\n<p data-start=\"1237\" data-end=\"1297\"><strong data-start=\"1237\" data-end=\"1252\">Anwendung:<\/strong> Holz, Kunststoff, MDF, Spanplatten, Laminat<\/p>\n<\/li>\n<\/ul>\n<hr data-start=\"1299\" data-end=\"1302\">\n<h3 data-start=\"1304\" data-end=\"1326\">\ud83d\udcaa <strong data-start=\"1311\" data-end=\"1324\">Vorteile<\/strong><\/h3>\n<ul data-start=\"1327\" data-end=\"1716\">\n<li data-start=\"1327\" data-end=\"1397\">\n<p data-start=\"1329\" data-end=\"1397\"><strong data-start=\"1329\" data-end=\"1345\">BIM Longlife<\/strong> &#8211; l\u00e4ngere Lebensdauer als Standard HCS-S\u00e4gebl\u00e4tter<\/p>\n<\/li>\n<li data-start=\"1398\" data-end=\"1480\">\n<p data-start=\"1400\" data-end=\"1480\"><strong data-start=\"1400\" data-end=\"1422\">Japanische Z\u00e4hne<\/strong> &#8211; extra scharfe Z\u00e4hne f\u00fcr saubere, splitterfreie Schnitte<\/p>\n<\/li>\n<li data-start=\"1481\" data-end=\"1551\">\n<p data-start=\"1483\" data-end=\"1551\"><strong data-start=\"1483\" data-end=\"1510\">Starlock-Verbindung<\/strong> &#8211; schneller Wechsel und stabile Verbindung<\/p>\n<\/li>\n<li data-start=\"1552\" data-end=\"1625\">\n<p data-start=\"1554\" data-end=\"1625\"><strong data-start=\"1554\" data-end=\"1568\">Vielseitig<\/strong> &#8211; geeignet f\u00fcr verschiedene Arten von Holz und Kunststoff<\/p>\n<\/li>\n<li data-start=\"1626\" data-end=\"1716\">\n<p data-start=\"1628\" data-end=\"1716\"><strong data-start=\"1628\" data-end=\"1655\">Professionelle Ergebnisse<\/strong> &#8211; ideal sowohl f\u00fcr feine Schnitte als auch f\u00fcr gr\u00f6\u00dfere Projekte<\/p>\n<\/li>\n<\/ul>\n<hr data-start=\"1718\" data-end=\"1721\">\n<h3 data-start=\"1723\" data-end=\"1748\">\ud83d\udd28 <strong data-start=\"1730\" data-end=\"1746\">Tipps f\u00fcr die Verwendung<\/strong><\/h3>\n<ul>\n<li style=\"list-style-type: none;\">\n<ul data-start=\"1749\" data-end=\"2013\">\n<li data-start=\"1749\" data-end=\"1809\">\n<p data-start=\"1751\" data-end=\"1809\">Lassen Sie die Klinge die Arbeit machen: \u00fcben Sie nicht zu viel Druck aus<\/p>\n<\/li>\n<li data-start=\"1810\" data-end=\"1872\">\n<p data-start=\"1812\" data-end=\"1872\">Verwenden Sie eine mittlere bis hohe Geschwindigkeit f\u00fcr eine optimale Schnitttiefe<\/p>\n<\/li>\n<li data-start=\"1873\" data-end=\"1942\">\n<p data-start=\"1875\" data-end=\"1942\">F\u00fcr Kunststoff: moderate Geschwindigkeit verhindert das Schmelzen des Materials<\/p>\n<\/li>\n<li data-start=\"1943\" data-end=\"2013\">\n<p data-start=\"1945\" data-end=\"2013\">Perfekt f\u00fcr Pr\u00e4zisionsarbeiten wie Fensterrahmen, Laminat, Sockelleisten oder MDF<\/p>\n<\/li>\n<\/ul>\n<\/li>\n<\/ul>\n","protected":false},"excerpt":{"rendered":"<p>Das Uni Multitool SL BIM Longlife S\u00e4geblatt kombiniert maximale Haltbarkeit mit Pr\u00e4zision und Geschwindigkeit. Dank der BIM (Bi-Metall)-Konstruktion und der japanischen Verzahnung schneiden Sie m\u00fchelos durch Holz, Kunststoff und Blech mit au\u00dfergew\u00f6hnlich glatten Ergebnissen, selbst bei starker Beanspruchung. Die Starlock SL-Verbindung sorgt f\u00fcr eine stabile und vibrationsarme Verbindung mit Ihrem Multitool, w\u00e4hrend die Klinge in [&hellip;]<\/p>\n","protected":false},"featured_media":24717,"comment_status":"closed","ping_status":"closed","template":"","meta":[],"product_brand":[],"product_cat":[810],"product_tag":[],"class_list":{"0":"post-28535","1":"product","2":"type-product","3":"status-publish","4":"has-post-thumbnail","6":"product_cat-multitool-sageblatter","8":"first","9":"instock","10":"taxable","11":"shipping-taxable","12":"purchasable","13":"product-type-simple"},"supplier_id":null,"supplier_sku":"","barcode":null,"atum_controlled":true,"out_stock_date":null,"out_stock_threshold":null,"inheritable":false,"inbound_stock":0,"stock_on_hold":0,"sold_today":0,"sales_last_days":0,"reserved_stock":0,"customer_returns":0,"warehouse_damage":0,"lost_in_post":0,"other_logs":0,"out_stock_days":0,"lost_sales":0,"has_location":false,"update_date":"2026-04-15T01:00:03","atum_locations":[],"atum_stock_status":"instock","restock_status":false,"low_stock_amount":"","sales_update_date":"2026-04-15T01:00:03","calc_backorders":null,"acf":[],"yoast_head":"<!-- This site is optimized with the Yoast SEO plugin v26.6 - https:\/\/yoast.com\/wordpress\/plugins\/seo\/ -->\n<title>Starlock Multitool BIM Longlife S\u00e4geblatt 65\u00d750 mm - Japanische Zahnung Holz &amp; Kunststoff (10004) - Schroevendump<\/title>\n<meta name=\"robots\" content=\"index, follow, max-snippet:-1, max-image-preview:large, max-video-preview:-1\" \/>\n<link rel=\"canonical\" href=\"https:\/\/schroevendump.nl\/de\/produkt\/starlock-multitool-bim-longlife-saegeblatt-65x50-mm-japanische-zahnung-holz-kunststoff-10004\/\" \/>\n<meta property=\"og:locale\" content=\"de_DE\" \/>\n<meta property=\"og:type\" content=\"article\" \/>\n<meta property=\"og:title\" content=\"Starlock Multitool BIM Longlife S\u00e4geblatt 65\u00d750 mm - Japanische Zahnung Holz &amp; Kunststoff (10004) - Schroevendump\" \/>\n<meta property=\"og:description\" content=\"Das Uni Multitool SL BIM Longlife S\u00e4geblatt kombiniert maximale Haltbarkeit mit Pr\u00e4zision und Geschwindigkeit. Dank der BIM (Bi-Metall)-Konstruktion und der japanischen Verzahnung schneiden Sie m\u00fchelos durch Holz, Kunststoff und Blech mit au\u00dfergew\u00f6hnlich glatten Ergebnissen, selbst bei starker Beanspruchung. Die Starlock SL-Verbindung sorgt f\u00fcr eine stabile und vibrationsarme Verbindung mit Ihrem Multitool, w\u00e4hrend die Klinge in [&hellip;]\" \/>\n<meta property=\"og:url\" content=\"https:\/\/schroevendump.nl\/de\/produkt\/starlock-multitool-bim-longlife-saegeblatt-65x50-mm-japanische-zahnung-holz-kunststoff-10004\/\" \/>\n<meta property=\"og:site_name\" content=\"Schroevendump\" \/>\n<meta property=\"article:modified_time\" content=\"2025-12-10T11:54:55+00:00\" \/>\n<meta property=\"og:image\" content=\"https:\/\/schroevendump.nl\/wp-content\/uploads\/2025\/10\/Schroevendump-multi-bim-long-life-breed--scaled.png\" \/>\n\t<meta property=\"og:image:width\" content=\"2560\" \/>\n\t<meta property=\"og:image:height\" content=\"2560\" \/>\n\t<meta property=\"og:image:type\" content=\"image\/png\" \/>\n<meta name=\"twitter:card\" content=\"summary_large_image\" \/>\n<meta name=\"twitter:label1\" content=\"Gesch\u00e4tzte Lesezeit\" \/>\n\t<meta name=\"twitter:data1\" content=\"1\u00a0Minute\" \/>\n<script type=\"application\/ld+json\" class=\"yoast-schema-graph\">{\"@context\":\"https:\/\/schema.org\",\"@graph\":[{\"@type\":\"WebPage\",\"@id\":\"https:\/\/schroevendump.nl\/de\/produkt\/starlock-multitool-bim-longlife-saegeblatt-65x50-mm-japanische-zahnung-holz-kunststoff-10004\/\",\"url\":\"https:\/\/schroevendump.nl\/de\/produkt\/starlock-multitool-bim-longlife-saegeblatt-65x50-mm-japanische-zahnung-holz-kunststoff-10004\/\",\"name\":\"Starlock Multitool BIM Longlife S\u00e4geblatt 65\u00d750 mm - Japanische Zahnung Holz &amp; Kunststoff (10004) - Schroevendump\",\"isPartOf\":{\"@id\":\"https:\/\/schroevendump.nl\/de\/#website\"},\"primaryImageOfPage\":{\"@id\":\"https:\/\/schroevendump.nl\/de\/produkt\/starlock-multitool-bim-longlife-saegeblatt-65x50-mm-japanische-zahnung-holz-kunststoff-10004\/#primaryimage\"},\"image\":{\"@id\":\"https:\/\/schroevendump.nl\/de\/produkt\/starlock-multitool-bim-longlife-saegeblatt-65x50-mm-japanische-zahnung-holz-kunststoff-10004\/#primaryimage\"},\"thumbnailUrl\":\"https:\/\/schroevendump.nl\/wp-content\/uploads\/2025\/10\/Schroevendump-multi-bim-long-life-breed--scaled.png\",\"datePublished\":\"2025-10-04T12:37:09+00:00\",\"dateModified\":\"2025-12-10T11:54:55+00:00\",\"breadcrumb\":{\"@id\":\"https:\/\/schroevendump.nl\/de\/produkt\/starlock-multitool-bim-longlife-saegeblatt-65x50-mm-japanische-zahnung-holz-kunststoff-10004\/#breadcrumb\"},\"inLanguage\":\"de\",\"potentialAction\":[{\"@type\":\"ReadAction\",\"target\":[\"https:\/\/schroevendump.nl\/de\/produkt\/starlock-multitool-bim-longlife-saegeblatt-65x50-mm-japanische-zahnung-holz-kunststoff-10004\/\"]}]},{\"@type\":\"ImageObject\",\"inLanguage\":\"de\",\"@id\":\"https:\/\/schroevendump.nl\/de\/produkt\/starlock-multitool-bim-longlife-saegeblatt-65x50-mm-japanische-zahnung-holz-kunststoff-10004\/#primaryimage\",\"url\":\"https:\/\/schroevendump.nl\/wp-content\/uploads\/2025\/10\/Schroevendump-multi-bim-long-life-breed--scaled.png\",\"contentUrl\":\"https:\/\/schroevendump.nl\/wp-content\/uploads\/2025\/10\/Schroevendump-multi-bim-long-life-breed--scaled.png\",\"width\":2560,\"height\":2560},{\"@type\":\"BreadcrumbList\",\"@id\":\"https:\/\/schroevendump.nl\/de\/produkt\/starlock-multitool-bim-longlife-saegeblatt-65x50-mm-japanische-zahnung-holz-kunststoff-10004\/#breadcrumb\",\"itemListElement\":[{\"@type\":\"ListItem\",\"position\":1,\"name\":\"Startseite\",\"item\":\"https:\/\/schroevendump.nl\/de\/\"},{\"@type\":\"ListItem\",\"position\":2,\"name\":\"Shop\",\"item\":\"https:\/\/schroevendump.nl\/de\/shop\/\"},{\"@type\":\"ListItem\",\"position\":3,\"name\":\"Starlock Multitool BIM Longlife S\u00e4geblatt 65\u00d750 mm &#8211; Japanische Zahnung Holz &amp; Kunststoff (10004)\"}]},{\"@type\":\"WebSite\",\"@id\":\"https:\/\/schroevendump.nl\/de\/#website\",\"url\":\"https:\/\/schroevendump.nl\/de\/\",\"name\":\"Schroevendump\",\"description\":\"\",\"potentialAction\":[{\"@type\":\"SearchAction\",\"target\":{\"@type\":\"EntryPoint\",\"urlTemplate\":\"https:\/\/schroevendump.nl\/de\/?s={search_term_string}\"},\"query-input\":{\"@type\":\"PropertyValueSpecification\",\"valueRequired\":true,\"valueName\":\"search_term_string\"}}],\"inLanguage\":\"de\"}]}<\/script>\n<!-- \/ Yoast SEO plugin. -->","yoast_head_json":{"title":"Starlock Multitool BIM Longlife S\u00e4geblatt 65\u00d750 mm - Japanische Zahnung Holz &amp; Kunststoff (10004) - Schroevendump","robots":{"index":"index","follow":"follow","max-snippet":"max-snippet:-1","max-image-preview":"max-image-preview:large","max-video-preview":"max-video-preview:-1"},"canonical":"https:\/\/schroevendump.nl\/de\/produkt\/starlock-multitool-bim-longlife-saegeblatt-65x50-mm-japanische-zahnung-holz-kunststoff-10004\/","og_locale":"de_DE","og_type":"article","og_title":"Starlock Multitool BIM Longlife S\u00e4geblatt 65\u00d750 mm - Japanische Zahnung Holz &amp; Kunststoff (10004) - Schroevendump","og_description":"Das Uni Multitool SL BIM Longlife S\u00e4geblatt kombiniert maximale Haltbarkeit mit Pr\u00e4zision und Geschwindigkeit. Dank der BIM (Bi-Metall)-Konstruktion und der japanischen Verzahnung schneiden Sie m\u00fchelos durch Holz, Kunststoff und Blech mit au\u00dfergew\u00f6hnlich glatten Ergebnissen, selbst bei starker Beanspruchung. Die Starlock SL-Verbindung sorgt f\u00fcr eine stabile und vibrationsarme Verbindung mit Ihrem Multitool, w\u00e4hrend die Klinge in [&hellip;]","og_url":"https:\/\/schroevendump.nl\/de\/produkt\/starlock-multitool-bim-longlife-saegeblatt-65x50-mm-japanische-zahnung-holz-kunststoff-10004\/","og_site_name":"Schroevendump","article_modified_time":"2025-12-10T11:54:55+00:00","og_image":[{"width":2560,"height":2560,"url":"https:\/\/schroevendump.nl\/wp-content\/uploads\/2025\/10\/Schroevendump-multi-bim-long-life-breed--scaled.png","type":"image\/png"}],"twitter_card":"summary_large_image","twitter_misc":{"Gesch\u00e4tzte Lesezeit":"1\u00a0Minute"},"schema":{"@context":"https:\/\/schema.org","@graph":[{"@type":"WebPage","@id":"https:\/\/schroevendump.nl\/de\/produkt\/starlock-multitool-bim-longlife-saegeblatt-65x50-mm-japanische-zahnung-holz-kunststoff-10004\/","url":"https:\/\/schroevendump.nl\/de\/produkt\/starlock-multitool-bim-longlife-saegeblatt-65x50-mm-japanische-zahnung-holz-kunststoff-10004\/","name":"Starlock Multitool BIM Longlife S\u00e4geblatt 65\u00d750 mm - Japanische Zahnung Holz &amp; Kunststoff (10004) - Schroevendump","isPartOf":{"@id":"https:\/\/schroevendump.nl\/de\/#website"},"primaryImageOfPage":{"@id":"https:\/\/schroevendump.nl\/de\/produkt\/starlock-multitool-bim-longlife-saegeblatt-65x50-mm-japanische-zahnung-holz-kunststoff-10004\/#primaryimage"},"image":{"@id":"https:\/\/schroevendump.nl\/de\/produkt\/starlock-multitool-bim-longlife-saegeblatt-65x50-mm-japanische-zahnung-holz-kunststoff-10004\/#primaryimage"},"thumbnailUrl":"https:\/\/schroevendump.nl\/wp-content\/uploads\/2025\/10\/Schroevendump-multi-bim-long-life-breed--scaled.png","datePublished":"2025-10-04T12:37:09+00:00","dateModified":"2025-12-10T11:54:55+00:00","breadcrumb":{"@id":"https:\/\/schroevendump.nl\/de\/produkt\/starlock-multitool-bim-longlife-saegeblatt-65x50-mm-japanische-zahnung-holz-kunststoff-10004\/#breadcrumb"},"inLanguage":"de","potentialAction":[{"@type":"ReadAction","target":["https:\/\/schroevendump.nl\/de\/produkt\/starlock-multitool-bim-longlife-saegeblatt-65x50-mm-japanische-zahnung-holz-kunststoff-10004\/"]}]},{"@type":"ImageObject","inLanguage":"de","@id":"https:\/\/schroevendump.nl\/de\/produkt\/starlock-multitool-bim-longlife-saegeblatt-65x50-mm-japanische-zahnung-holz-kunststoff-10004\/#primaryimage","url":"https:\/\/schroevendump.nl\/wp-content\/uploads\/2025\/10\/Schroevendump-multi-bim-long-life-breed--scaled.png","contentUrl":"https:\/\/schroevendump.nl\/wp-content\/uploads\/2025\/10\/Schroevendump-multi-bim-long-life-breed--scaled.png","width":2560,"height":2560},{"@type":"BreadcrumbList","@id":"https:\/\/schroevendump.nl\/de\/produkt\/starlock-multitool-bim-longlife-saegeblatt-65x50-mm-japanische-zahnung-holz-kunststoff-10004\/#breadcrumb","itemListElement":[{"@type":"ListItem","position":1,"name":"Startseite","item":"https:\/\/schroevendump.nl\/de\/"},{"@type":"ListItem","position":2,"name":"Shop","item":"https:\/\/schroevendump.nl\/de\/shop\/"},{"@type":"ListItem","position":3,"name":"Starlock Multitool BIM Longlife S\u00e4geblatt 65\u00d750 mm &#8211; Japanische Zahnung Holz &amp; Kunststoff (10004)"}]},{"@type":"WebSite","@id":"https:\/\/schroevendump.nl\/de\/#website","url":"https:\/\/schroevendump.nl\/de\/","name":"Schroevendump","description":"","potentialAction":[{"@type":"SearchAction","target":{"@type":"EntryPoint","urlTemplate":"https:\/\/schroevendump.nl\/de\/?s={search_term_string}"},"query-input":{"@type":"PropertyValueSpecification","valueRequired":true,"valueName":"search_term_string"}}],"inLanguage":"de"}]}},"_links":{"self":[{"href":"https:\/\/schroevendump.nl\/de\/wp-json\/wp\/v2\/product\/28535","targetHints":{"allow":["GET"]}}],"collection":[{"href":"https:\/\/schroevendump.nl\/de\/wp-json\/wp\/v2\/product"}],"about":[{"href":"https:\/\/schroevendump.nl\/de\/wp-json\/wp\/v2\/types\/product"}],"replies":[{"embeddable":true,"href":"https:\/\/schroevendump.nl\/de\/wp-json\/wp\/v2\/comments?post=28535"}],"wp:featuredmedia":[{"embeddable":true,"href":"https:\/\/schroevendump.nl\/de\/wp-json\/wp\/v2\/media\/24717"}],"wp:attachment":[{"href":"https:\/\/schroevendump.nl\/de\/wp-json\/wp\/v2\/media?parent=28535"}],"wp:term":[{"taxonomy":"product_brand","embeddable":true,"href":"https:\/\/schroevendump.nl\/de\/wp-json\/wp\/v2\/product_brand?post=28535"},{"taxonomy":"product_cat","embeddable":true,"href":"https:\/\/schroevendump.nl\/de\/wp-json\/wp\/v2\/product_cat?post=28535"},{"taxonomy":"product_tag","embeddable":true,"href":"https:\/\/schroevendump.nl\/de\/wp-json\/wp\/v2\/product_tag?post=28535"}],"curies":[{"name":"wp","href":"https:\/\/api.w.org\/{rel}","templated":true}]}}