{"id":28662,"date":"2025-07-26T18:53:39","date_gmt":"2025-07-26T18:53:39","guid":{"rendered":"https:\/\/schroevendump.nl\/product\/stanley-surform-block-hobelmaschine-140mm-hobby-model\/"},"modified":"2025-12-10T11:59:15","modified_gmt":"2025-12-10T11:59:15","slug":"stanley-surform-block-hobelmaschine-140mm-hobby-model","status":"publish","type":"product","link":"https:\/\/schroevendump.nl\/de\/produkt\/stanley-surform-block-hobelmaschine-140mm-hobby-model\/","title":{"rendered":"Stanley Surform Block Hobelmaschine 140mm &#8211; Hobby Model"},"content":{"rendered":"<h3 data-start=\"143\" data-end=\"196\">\ud83d\udd27 <strong data-start=\"150\" data-end=\"196\">Stanley Surform Block Hobelmaschine Hobby &#8211; 140mm<\/strong><\/h3>\n<p data-start=\"198\" data-end=\"454\"><strong data-start=\"198\" data-end=\"215\">Beschreibung:<\/strong><br data-start=\"215\" data-end=\"218\">Kompakte und handliche Blockhobelmaschine von Stanley, perfekt zum Hobeln und Formen von Trockenbauw\u00e4nden und mehr. Mit seinem leichten Design und dem bequemen Griff ist dieser Hobel ideal f\u00fcr den Hobbygebrauch und kleine Arbeiten.<\/p>\n<p data-start=\"456\" data-end=\"470\"><strong data-start=\"456\" data-end=\"470\">Merkmale:<\/strong><\/p>\n<ul data-start=\"471\" data-end=\"766\">\n<li data-start=\"471\" data-end=\"493\">\n<p data-start=\"473\" data-end=\"493\"><strong data-start=\"473\" data-end=\"484\">L\u00e4nge:<\/strong> 140 mm<\/p>\n<\/li>\n<li data-start=\"494\" data-end=\"531\">\n<p data-start=\"496\" data-end=\"531\"><strong data-start=\"496\" data-end=\"505\">Typ:<\/strong> Blockhobelmaschine, Modell Hobby<\/p>\n<\/li>\n<li data-start=\"532\" data-end=\"553\">\n<p data-start=\"534\" data-end=\"553\"><strong data-start=\"534\" data-end=\"543\">Marke:<\/strong> Stanley<\/p>\n<\/li>\n<li data-start=\"554\" data-end=\"585\">\n<p data-start=\"556\" data-end=\"585\"><strong data-start=\"556\" data-end=\"574\">Artikelnummer:<\/strong> 5-21-104<\/p>\n<\/li>\n<li data-start=\"586\" data-end=\"663\">\n<p data-start=\"588\" data-end=\"663\">Geeignet f\u00fcr die schnelle und effiziente Verarbeitung von verschiedenen Materialien<\/p>\n<\/li>\n<li data-start=\"664\" data-end=\"718\">\n<p data-start=\"666\" data-end=\"718\">Leichtes Kunststoffgeh\u00e4use mit Metallhobelmesser<\/p>\n<\/li>\n<li data-start=\"719\" data-end=\"766\">\n<p data-start=\"721\" data-end=\"766\">Auswechselbare Klinge (Surform-Klingen von Stanley)<\/p>\n<\/li>\n<\/ul>\n<p data-start=\"768\" data-end=\"913\"><strong data-start=\"768\" data-end=\"783\">Anwendung:<\/strong><br data-start=\"783\" data-end=\"786\">Geeignet f\u00fcr die Holzbearbeitung, Gipskarton, Kunststoff und andere weiche Materialien. Perfekt f\u00fcr das Finishing, Retuschieren oder Modellieren.<\/p>\n","protected":false},"excerpt":{"rendered":"<p>\ud83d\udd27 Stanley Surform Block Hobelmaschine Hobby &#8211; 140mm Beschreibung:Kompakte und handliche Blockhobelmaschine von Stanley, perfekt zum Hobeln und Formen von Trockenbauw\u00e4nden und mehr. Mit seinem leichten Design und dem bequemen Griff ist dieser Hobel ideal f\u00fcr den Hobbygebrauch und kleine Arbeiten. Merkmale: L\u00e4nge: 140 mm Typ: Blockhobelmaschine, Modell Hobby Marke: Stanley Artikelnummer: 5-21-104 Geeignet f\u00fcr [&hellip;]<\/p>\n","protected":false},"featured_media":28652,"comment_status":"open","ping_status":"closed","template":"","meta":[],"product_brand":[],"product_cat":[589],"product_tag":[],"class_list":{"0":"post-28662","1":"product","2":"type-product","3":"status-publish","4":"has-post-thumbnail","6":"product_cat-handwerkzeuge","8":"first","9":"instock","10":"taxable","11":"shipping-taxable","12":"purchasable","13":"product-type-simple"},"supplier_id":null,"supplier_sku":"","barcode":null,"atum_controlled":true,"out_stock_date":null,"out_stock_threshold":null,"inheritable":false,"inbound_stock":0,"stock_on_hold":0,"sold_today":0,"sales_last_days":0,"reserved_stock":0,"customer_returns":0,"warehouse_damage":0,"lost_in_post":0,"other_logs":0,"out_stock_days":0,"lost_sales":0,"has_location":false,"update_date":"2026-05-08T01:09:59","atum_locations":[],"atum_stock_status":"instock","restock_status":false,"low_stock_amount":"","sales_update_date":"2026-05-08T01:09:59","calc_backorders":null,"acf":[],"yoast_head":"<!-- This site is optimized with the Yoast SEO plugin v26.6 - https:\/\/yoast.com\/wordpress\/plugins\/seo\/ -->\n<title>Stanley Surform Block Hobelmaschine 140mm - Hobby Model - Schroevendump<\/title>\n<meta name=\"robots\" content=\"index, follow, max-snippet:-1, max-image-preview:large, max-video-preview:-1\" \/>\n<link rel=\"canonical\" href=\"https:\/\/schroevendump.nl\/de\/produkt\/stanley-surform-block-hobelmaschine-140mm-hobby-model\/\" \/>\n<meta property=\"og:locale\" content=\"de_DE\" \/>\n<meta property=\"og:type\" content=\"article\" \/>\n<meta property=\"og:title\" content=\"Stanley Surform Block Hobelmaschine 140mm - Hobby Model - Schroevendump\" \/>\n<meta property=\"og:description\" content=\"\ud83d\udd27 Stanley Surform Block Hobelmaschine Hobby &#8211; 140mm Beschreibung:Kompakte und handliche Blockhobelmaschine von Stanley, perfekt zum Hobeln und Formen von Trockenbauw\u00e4nden und mehr. Mit seinem leichten Design und dem bequemen Griff ist dieser Hobel ideal f\u00fcr den Hobbygebrauch und kleine Arbeiten. Merkmale: L\u00e4nge: 140 mm Typ: Blockhobelmaschine, Modell Hobby Marke: Stanley Artikelnummer: 5-21-104 Geeignet f\u00fcr [&hellip;]\" \/>\n<meta property=\"og:url\" content=\"https:\/\/schroevendump.nl\/de\/produkt\/stanley-surform-block-hobelmaschine-140mm-hobby-model\/\" \/>\n<meta property=\"og:site_name\" content=\"Schroevendump\" \/>\n<meta property=\"article:modified_time\" content=\"2025-12-10T11:59:15+00:00\" \/>\n<meta property=\"og:image\" content=\"https:\/\/schroevendump.nl\/wp-content\/uploads\/2025\/07\/Ecomm_Large-5-21-104_1_1_-removebg-preview-e1753557213148.png\" \/>\n\t<meta property=\"og:image:width\" content=\"406\" \/>\n\t<meta property=\"og:image:height\" content=\"392\" \/>\n\t<meta property=\"og:image:type\" content=\"image\/png\" \/>\n<meta name=\"twitter:card\" content=\"summary_large_image\" \/>\n<script type=\"application\/ld+json\" class=\"yoast-schema-graph\">{\"@context\":\"https:\/\/schema.org\",\"@graph\":[{\"@type\":\"WebPage\",\"@id\":\"https:\/\/schroevendump.nl\/de\/produkt\/stanley-surform-block-hobelmaschine-140mm-hobby-model\/\",\"url\":\"https:\/\/schroevendump.nl\/de\/produkt\/stanley-surform-block-hobelmaschine-140mm-hobby-model\/\",\"name\":\"Stanley Surform Block Hobelmaschine 140mm - Hobby Model - Schroevendump\",\"isPartOf\":{\"@id\":\"https:\/\/schroevendump.nl\/de\/#website\"},\"primaryImageOfPage\":{\"@id\":\"https:\/\/schroevendump.nl\/de\/produkt\/stanley-surform-block-hobelmaschine-140mm-hobby-model\/#primaryimage\"},\"image\":{\"@id\":\"https:\/\/schroevendump.nl\/de\/produkt\/stanley-surform-block-hobelmaschine-140mm-hobby-model\/#primaryimage\"},\"thumbnailUrl\":\"https:\/\/schroevendump.nl\/wp-content\/uploads\/2025\/07\/Ecomm_Large-5-21-104_1_1_-removebg-preview-e1753557213148.png\",\"datePublished\":\"2025-07-26T18:53:39+00:00\",\"dateModified\":\"2025-12-10T11:59:15+00:00\",\"breadcrumb\":{\"@id\":\"https:\/\/schroevendump.nl\/de\/produkt\/stanley-surform-block-hobelmaschine-140mm-hobby-model\/#breadcrumb\"},\"inLanguage\":\"de\",\"potentialAction\":[{\"@type\":\"ReadAction\",\"target\":[\"https:\/\/schroevendump.nl\/de\/produkt\/stanley-surform-block-hobelmaschine-140mm-hobby-model\/\"]}]},{\"@type\":\"ImageObject\",\"inLanguage\":\"de\",\"@id\":\"https:\/\/schroevendump.nl\/de\/produkt\/stanley-surform-block-hobelmaschine-140mm-hobby-model\/#primaryimage\",\"url\":\"https:\/\/schroevendump.nl\/wp-content\/uploads\/2025\/07\/Ecomm_Large-5-21-104_1_1_-removebg-preview-e1753557213148.png\",\"contentUrl\":\"https:\/\/schroevendump.nl\/wp-content\/uploads\/2025\/07\/Ecomm_Large-5-21-104_1_1_-removebg-preview-e1753557213148.png\",\"width\":406,\"height\":392},{\"@type\":\"BreadcrumbList\",\"@id\":\"https:\/\/schroevendump.nl\/de\/produkt\/stanley-surform-block-hobelmaschine-140mm-hobby-model\/#breadcrumb\",\"itemListElement\":[{\"@type\":\"ListItem\",\"position\":1,\"name\":\"Startseite\",\"item\":\"https:\/\/schroevendump.nl\/de\/\"},{\"@type\":\"ListItem\",\"position\":2,\"name\":\"Shop\",\"item\":\"https:\/\/schroevendump.nl\/de\/shop\/\"},{\"@type\":\"ListItem\",\"position\":3,\"name\":\"Stanley Surform Block Hobelmaschine 140mm &#8211; Hobby Model\"}]},{\"@type\":\"WebSite\",\"@id\":\"https:\/\/schroevendump.nl\/de\/#website\",\"url\":\"https:\/\/schroevendump.nl\/de\/\",\"name\":\"Schroevendump\",\"description\":\"\",\"potentialAction\":[{\"@type\":\"SearchAction\",\"target\":{\"@type\":\"EntryPoint\",\"urlTemplate\":\"https:\/\/schroevendump.nl\/de\/?s={search_term_string}\"},\"query-input\":{\"@type\":\"PropertyValueSpecification\",\"valueRequired\":true,\"valueName\":\"search_term_string\"}}],\"inLanguage\":\"de\"}]}<\/script>\n<!-- \/ Yoast SEO plugin. -->","yoast_head_json":{"title":"Stanley Surform Block Hobelmaschine 140mm - Hobby Model - Schroevendump","robots":{"index":"index","follow":"follow","max-snippet":"max-snippet:-1","max-image-preview":"max-image-preview:large","max-video-preview":"max-video-preview:-1"},"canonical":"https:\/\/schroevendump.nl\/de\/produkt\/stanley-surform-block-hobelmaschine-140mm-hobby-model\/","og_locale":"de_DE","og_type":"article","og_title":"Stanley Surform Block Hobelmaschine 140mm - Hobby Model - Schroevendump","og_description":"\ud83d\udd27 Stanley Surform Block Hobelmaschine Hobby &#8211; 140mm Beschreibung:Kompakte und handliche Blockhobelmaschine von Stanley, perfekt zum Hobeln und Formen von Trockenbauw\u00e4nden und mehr. Mit seinem leichten Design und dem bequemen Griff ist dieser Hobel ideal f\u00fcr den Hobbygebrauch und kleine Arbeiten. Merkmale: L\u00e4nge: 140 mm Typ: Blockhobelmaschine, Modell Hobby Marke: Stanley Artikelnummer: 5-21-104 Geeignet f\u00fcr [&hellip;]","og_url":"https:\/\/schroevendump.nl\/de\/produkt\/stanley-surform-block-hobelmaschine-140mm-hobby-model\/","og_site_name":"Schroevendump","article_modified_time":"2025-12-10T11:59:15+00:00","og_image":[{"width":406,"height":392,"url":"https:\/\/schroevendump.nl\/wp-content\/uploads\/2025\/07\/Ecomm_Large-5-21-104_1_1_-removebg-preview-e1753557213148.png","type":"image\/png"}],"twitter_card":"summary_large_image","schema":{"@context":"https:\/\/schema.org","@graph":[{"@type":"WebPage","@id":"https:\/\/schroevendump.nl\/de\/produkt\/stanley-surform-block-hobelmaschine-140mm-hobby-model\/","url":"https:\/\/schroevendump.nl\/de\/produkt\/stanley-surform-block-hobelmaschine-140mm-hobby-model\/","name":"Stanley Surform Block Hobelmaschine 140mm - Hobby Model - Schroevendump","isPartOf":{"@id":"https:\/\/schroevendump.nl\/de\/#website"},"primaryImageOfPage":{"@id":"https:\/\/schroevendump.nl\/de\/produkt\/stanley-surform-block-hobelmaschine-140mm-hobby-model\/#primaryimage"},"image":{"@id":"https:\/\/schroevendump.nl\/de\/produkt\/stanley-surform-block-hobelmaschine-140mm-hobby-model\/#primaryimage"},"thumbnailUrl":"https:\/\/schroevendump.nl\/wp-content\/uploads\/2025\/07\/Ecomm_Large-5-21-104_1_1_-removebg-preview-e1753557213148.png","datePublished":"2025-07-26T18:53:39+00:00","dateModified":"2025-12-10T11:59:15+00:00","breadcrumb":{"@id":"https:\/\/schroevendump.nl\/de\/produkt\/stanley-surform-block-hobelmaschine-140mm-hobby-model\/#breadcrumb"},"inLanguage":"de","potentialAction":[{"@type":"ReadAction","target":["https:\/\/schroevendump.nl\/de\/produkt\/stanley-surform-block-hobelmaschine-140mm-hobby-model\/"]}]},{"@type":"ImageObject","inLanguage":"de","@id":"https:\/\/schroevendump.nl\/de\/produkt\/stanley-surform-block-hobelmaschine-140mm-hobby-model\/#primaryimage","url":"https:\/\/schroevendump.nl\/wp-content\/uploads\/2025\/07\/Ecomm_Large-5-21-104_1_1_-removebg-preview-e1753557213148.png","contentUrl":"https:\/\/schroevendump.nl\/wp-content\/uploads\/2025\/07\/Ecomm_Large-5-21-104_1_1_-removebg-preview-e1753557213148.png","width":406,"height":392},{"@type":"BreadcrumbList","@id":"https:\/\/schroevendump.nl\/de\/produkt\/stanley-surform-block-hobelmaschine-140mm-hobby-model\/#breadcrumb","itemListElement":[{"@type":"ListItem","position":1,"name":"Startseite","item":"https:\/\/schroevendump.nl\/de\/"},{"@type":"ListItem","position":2,"name":"Shop","item":"https:\/\/schroevendump.nl\/de\/shop\/"},{"@type":"ListItem","position":3,"name":"Stanley Surform Block Hobelmaschine 140mm &#8211; Hobby Model"}]},{"@type":"WebSite","@id":"https:\/\/schroevendump.nl\/de\/#website","url":"https:\/\/schroevendump.nl\/de\/","name":"Schroevendump","description":"","potentialAction":[{"@type":"SearchAction","target":{"@type":"EntryPoint","urlTemplate":"https:\/\/schroevendump.nl\/de\/?s={search_term_string}"},"query-input":{"@type":"PropertyValueSpecification","valueRequired":true,"valueName":"search_term_string"}}],"inLanguage":"de"}]}},"_links":{"self":[{"href":"https:\/\/schroevendump.nl\/de\/wp-json\/wp\/v2\/product\/28662","targetHints":{"allow":["GET"]}}],"collection":[{"href":"https:\/\/schroevendump.nl\/de\/wp-json\/wp\/v2\/product"}],"about":[{"href":"https:\/\/schroevendump.nl\/de\/wp-json\/wp\/v2\/types\/product"}],"replies":[{"embeddable":true,"href":"https:\/\/schroevendump.nl\/de\/wp-json\/wp\/v2\/comments?post=28662"}],"wp:featuredmedia":[{"embeddable":true,"href":"https:\/\/schroevendump.nl\/de\/wp-json\/wp\/v2\/media\/28652"}],"wp:attachment":[{"href":"https:\/\/schroevendump.nl\/de\/wp-json\/wp\/v2\/media?parent=28662"}],"wp:term":[{"taxonomy":"product_brand","embeddable":true,"href":"https:\/\/schroevendump.nl\/de\/wp-json\/wp\/v2\/product_brand?post=28662"},{"taxonomy":"product_cat","embeddable":true,"href":"https:\/\/schroevendump.nl\/de\/wp-json\/wp\/v2\/product_cat?post=28662"},{"taxonomy":"product_tag","embeddable":true,"href":"https:\/\/schroevendump.nl\/de\/wp-json\/wp\/v2\/product_tag?post=28662"}],"curies":[{"name":"wp","href":"https:\/\/api.w.org\/{rel}","templated":true}]}}