{"id":28681,"date":"2025-06-11T20:01:47","date_gmt":"2025-06-11T20:01:47","guid":{"rendered":"https:\/\/schroevendump.nl\/product\/silvermate-outdoor-schrauben-60x80-ar-beschichtet-teilgewinde-tx-30-100-stueck\/"},"modified":"2025-12-10T11:57:57","modified_gmt":"2025-12-10T11:57:57","slug":"silvermate-outdoor-schrauben-60x80-ar-beschichtet-teilgewinde-tx-30-100-stueck","status":"publish","type":"product","link":"https:\/\/schroevendump.nl\/de\/produkt\/silvermate-outdoor-schrauben-60x80-ar-beschichtet-teilgewinde-tx-30-100-stueck\/","title":{"rendered":"SilverMate Outdoor-Schrauben 6,0&#215;80 AR-beschichtet Teilgewinde TX-30 100 St\u00fcck"},"content":{"rendered":"<h2 data-start=\"98\" data-end=\"182\"><strong data-start=\"101\" data-end=\"182\">SilverMate Outdoor &#8211; Die ideale Schraube f\u00fcr Au\u00dfenanwendungen (Holz auf Holz)<\/strong><\/h2>\n<p data-start=\"184\" data-end=\"430\">Die <strong data-start=\"187\" data-end=\"209\">SilverMate Outdoor<\/strong> ist die Schraube f\u00fcr alle Ihre Holz-auf-Holz-Anwendungen im Au\u00dfenbereich. Dank der hochwertigen <strong data-start=\"292\" data-end=\"313\">AR Kaitex Beschichtung<\/strong> und der cleveren Konstruktion bietet diese Schraube die perfekte Kombination aus <strong data-start=\"386\" data-end=\"429\">Haltbarkeit, St\u00e4rke und einfacher Verarbeitung<\/strong>.<\/p>\n<h3 data-start=\"432\" data-end=\"470\"><strong data-start=\"436\" data-end=\"470\">Schutz vor Wind und Wetter<\/strong><\/h3>\n<p data-start=\"471\" data-end=\"860\">Die spezielle <strong data-start=\"483\" data-end=\"504\">AR Kaitex Beschichtung<\/strong> ist eine silberne Rostschutzbeschichtung, die der <strong data-start=\"552\" data-end=\"573\">Korrosionsklasse C4<\/strong> entspricht. Dies macht die Schraube resistent gegen Regen, Feuchtigkeit und Frost &#8211; ideal f\u00fcr langfristige Au\u00dfenanwendungen wie Z\u00e4une, Wandverkleidungen, Pergolen, Terrassen und Vord\u00e4cher. Die Beschichtung ist auch <strong data-start=\"775\" data-end=\"820\">bei kleineren Sch\u00e4den selbstheilend<\/strong> und sorgt so f\u00fcr eine l\u00e4ngere Lebensdauer.<\/p>\n<h3 data-start=\"862\" data-end=\"900\"><strong data-start=\"866\" data-end=\"900\">Bis zu doppelt so stark wie rostfreier Stahl<\/strong><\/h3>\n<p data-start=\"901\" data-end=\"1190\">Im Gegensatz zu vielen Edelstahlschrauben sind SilverMate Outdoor-Schrauben <strong data-start=\"975\" data-end=\"1001\">bis zu doppelt so stark<\/strong> und <strong data-start=\"1023\" data-end=\"1066\">minimieren so das<\/strong> Risiko, <strong data-start=\"1023\" data-end=\"1066\">beim Eindrehen ab<\/strong> zubrechen &#8211; selbst in Hartholz oder bei hoher Belastung. Sie bieten also sowohl dem Profi als auch dem Heimwerker Sicherheit.<\/p>\n<h3 data-start=\"1192\" data-end=\"1218\"><strong data-start=\"1196\" data-end=\"1218\">Perfekt im Gebrauch<\/strong><\/h3>\n<ul data-start=\"1219\" data-end=\"1547\">\n<li data-start=\"1219\" data-end=\"1322\">\n<p data-start=\"1221\" data-end=\"1322\"><strong data-start=\"1221\" data-end=\"1235\">Magnetisch<\/strong>: bleibt fest mit dem Bit verbunden, ideal f\u00fcr Arbeiten \u00fcber Kopf oder mit einer Hand.<\/p>\n<\/li>\n<li data-start=\"1323\" data-end=\"1392\">\n<p data-start=\"1325\" data-end=\"1392\"><strong data-start=\"1325\" data-end=\"1350\">TX-Antrieb (Torx<\/strong>): f\u00fcr optimalen Halt ohne Abrutschen.<\/p>\n<\/li>\n<li data-start=\"1393\" data-end=\"1466\">\n<p data-start=\"1395\" data-end=\"1466\"><strong data-start=\"1395\" data-end=\"1427\">TX-20 bei \u00d8 3,5 bis \u00d8 5,0 mm<\/strong>: f\u00fcr eine solide und sichere Verarbeitung.<\/p>\n<\/li>\n<li data-start=\"1467\" data-end=\"1547\">\n<p data-start=\"1469\" data-end=\"1547\"><strong data-start=\"1469\" data-end=\"1491\">Reibungsloses Einschrauben<\/strong> durch niedrigen Reibungskoeffizienten und feine Gewinde.<\/p>\n<\/li>\n<\/ul>\n<hr data-start=\"1549\" data-end=\"1552\">\n<h3 data-start=\"1554\" data-end=\"1583\"><strong data-start=\"1558\" data-end=\"1583\">Die Vorteile auf einen Blick:<\/strong><\/h3>\n<ul data-start=\"1584\" data-end=\"2006\">\n<li data-start=\"1584\" data-end=\"1635\">\n<p data-start=\"1586\" data-end=\"1635\"><strong data-start=\"1586\" data-end=\"1633\">Ideal f\u00fcr Holz-auf-Holz-Anwendungen im Freien<\/strong><\/p>\n<\/li>\n<li data-start=\"1636\" data-end=\"1698\">\n<p data-start=\"1638\" data-end=\"1698\"><strong data-start=\"1638\" data-end=\"1664\">AR Kaitex Beschichtung (C4)<\/strong>: Silber-Rostschutz<\/p>\n<\/li>\n<li data-start=\"1699\" data-end=\"1751\">\n<p data-start=\"1701\" data-end=\"1751\"><strong data-start=\"1701\" data-end=\"1727\">Bis zu 2\u00d7 st\u00e4rker als rostfreier Stahl<\/strong>: geringere Bruchgefahr<\/p>\n<\/li>\n<li data-start=\"1752\" data-end=\"1815\">\n<p data-start=\"1754\" data-end=\"1815\"><strong data-start=\"1754\" data-end=\"1768\">Magnetisch<\/strong>: ideal f\u00fcr die schnelle Handhabung mit Bithalter<\/p>\n<\/li>\n<li data-start=\"1816\" data-end=\"1876\">\n<p data-start=\"1818\" data-end=\"1876\"><strong data-start=\"1818\" data-end=\"1874\">TX-Antrieb mit festem Griff (TX-20 bis zu \u00d8 5,0 mm)<\/strong><\/p>\n<\/li>\n<li data-start=\"1877\" data-end=\"1926\">\n<p data-start=\"1879\" data-end=\"1926\"><strong data-start=\"1879\" data-end=\"1907\">Selbstheilende Beschichtung<\/strong> im Falle einer Besch\u00e4digung<\/p>\n<\/li>\n<li data-start=\"1927\" data-end=\"1967\">\n<p data-start=\"1929\" data-end=\"1967\"><strong data-start=\"1929\" data-end=\"1965\">Geeignet f\u00fcr Weich- und Hartholz<\/strong><\/p>\n<\/li>\n<li data-start=\"1968\" data-end=\"2006\">\n<p data-start=\"1970\" data-end=\"2006\">Widerstandsf\u00e4hig gegen schlechtes Wetter<\/p>\n<\/li>\n<\/ul>\n<p data-start=\"2008\" data-end=\"2076\"><strong data-start=\"2008\" data-end=\"2076\">SilverMate Outdoor &#8211; gebaut f\u00fcr den Au\u00dfenbereich. F\u00fcr die Ewigkeit gemacht. <\/strong><\/p>\n","protected":false},"excerpt":{"rendered":"<p>SilverMate Outdoor &#8211; Die ideale Schraube f\u00fcr Au\u00dfenanwendungen (Holz auf Holz) Die SilverMate Outdoor ist die Schraube f\u00fcr alle Ihre Holz-auf-Holz-Anwendungen im Au\u00dfenbereich. Dank der hochwertigen AR Kaitex Beschichtung und der cleveren Konstruktion bietet diese Schraube die perfekte Kombination aus Haltbarkeit, St\u00e4rke und einfacher Verarbeitung. Schutz vor Wind und Wetter Die spezielle AR Kaitex Beschichtung [&hellip;]<\/p>\n","protected":false},"featured_media":28590,"comment_status":"open","ping_status":"closed","template":"","meta":[],"product_brand":[],"product_cat":[802],"product_tag":[],"class_list":{"0":"post-28681","1":"product","2":"type-product","3":"status-publish","4":"has-post-thumbnail","6":"product_cat-silvermate-outdoor","7":"pa_draad-teilgewinde","9":"first","10":"instock","11":"taxable","12":"shipping-taxable","13":"purchasable","14":"product-type-simple"},"supplier_id":null,"supplier_sku":"","barcode":null,"atum_controlled":true,"out_stock_date":null,"out_stock_threshold":null,"inheritable":false,"inbound_stock":0,"stock_on_hold":0,"sold_today":0,"sales_last_days":0,"reserved_stock":0,"customer_returns":0,"warehouse_damage":0,"lost_in_post":0,"other_logs":0,"out_stock_days":0,"lost_sales":0,"has_location":false,"update_date":"2026-04-15T01:01:07","atum_locations":[],"atum_stock_status":"instock","restock_status":false,"low_stock_amount":"","sales_update_date":"2026-04-15T01:01:06","calc_backorders":null,"acf":[],"yoast_head":"<!-- This site is optimized with the Yoast SEO plugin v26.6 - https:\/\/yoast.com\/wordpress\/plugins\/seo\/ -->\n<title>SilverMate Outdoor-Schrauben 6,0x80 AR-beschichtet Teilgewinde TX-30 100 St\u00fcck - Schroevendump<\/title>\n<meta name=\"robots\" content=\"index, follow, max-snippet:-1, max-image-preview:large, max-video-preview:-1\" \/>\n<link rel=\"canonical\" href=\"https:\/\/schroevendump.nl\/de\/produkt\/silvermate-outdoor-schrauben-60x80-ar-beschichtet-teilgewinde-tx-30-100-stueck\/\" \/>\n<meta property=\"og:locale\" content=\"de_DE\" \/>\n<meta property=\"og:type\" content=\"article\" \/>\n<meta property=\"og:title\" content=\"SilverMate Outdoor-Schrauben 6,0x80 AR-beschichtet Teilgewinde TX-30 100 St\u00fcck - Schroevendump\" \/>\n<meta property=\"og:description\" content=\"SilverMate Outdoor &#8211; Die ideale Schraube f\u00fcr Au\u00dfenanwendungen (Holz auf Holz) Die SilverMate Outdoor ist die Schraube f\u00fcr alle Ihre Holz-auf-Holz-Anwendungen im Au\u00dfenbereich. Dank der hochwertigen AR Kaitex Beschichtung und der cleveren Konstruktion bietet diese Schraube die perfekte Kombination aus Haltbarkeit, St\u00e4rke und einfacher Verarbeitung. Schutz vor Wind und Wetter Die spezielle AR Kaitex Beschichtung [&hellip;]\" \/>\n<meta property=\"og:url\" content=\"https:\/\/schroevendump.nl\/de\/produkt\/silvermate-outdoor-schrauben-60x80-ar-beschichtet-teilgewinde-tx-30-100-stueck\/\" \/>\n<meta property=\"og:site_name\" content=\"Schroevendump\" \/>\n<meta property=\"article:modified_time\" content=\"2025-12-10T11:57:57+00:00\" \/>\n<meta property=\"og:image\" content=\"https:\/\/schroevendump.nl\/wp-content\/uploads\/2025\/06\/outdoor_dd--scaled-e1749669093901.png\" \/>\n\t<meta property=\"og:image:width\" content=\"2010\" \/>\n\t<meta property=\"og:image:height\" content=\"1610\" \/>\n\t<meta property=\"og:image:type\" content=\"image\/png\" \/>\n<meta name=\"twitter:card\" content=\"summary_large_image\" \/>\n<meta name=\"twitter:label1\" content=\"Gesch\u00e4tzte Lesezeit\" \/>\n\t<meta name=\"twitter:data1\" content=\"1\u00a0Minute\" \/>\n<script type=\"application\/ld+json\" class=\"yoast-schema-graph\">{\"@context\":\"https:\/\/schema.org\",\"@graph\":[{\"@type\":\"WebPage\",\"@id\":\"https:\/\/schroevendump.nl\/de\/produkt\/silvermate-outdoor-schrauben-60x80-ar-beschichtet-teilgewinde-tx-30-100-stueck\/\",\"url\":\"https:\/\/schroevendump.nl\/de\/produkt\/silvermate-outdoor-schrauben-60x80-ar-beschichtet-teilgewinde-tx-30-100-stueck\/\",\"name\":\"SilverMate Outdoor-Schrauben 6,0x80 AR-beschichtet Teilgewinde TX-30 100 St\u00fcck - Schroevendump\",\"isPartOf\":{\"@id\":\"https:\/\/schroevendump.nl\/de\/#website\"},\"primaryImageOfPage\":{\"@id\":\"https:\/\/schroevendump.nl\/de\/produkt\/silvermate-outdoor-schrauben-60x80-ar-beschichtet-teilgewinde-tx-30-100-stueck\/#primaryimage\"},\"image\":{\"@id\":\"https:\/\/schroevendump.nl\/de\/produkt\/silvermate-outdoor-schrauben-60x80-ar-beschichtet-teilgewinde-tx-30-100-stueck\/#primaryimage\"},\"thumbnailUrl\":\"https:\/\/schroevendump.nl\/wp-content\/uploads\/2025\/06\/outdoor_dd--scaled-e1749669093901.png\",\"datePublished\":\"2025-06-11T20:01:47+00:00\",\"dateModified\":\"2025-12-10T11:57:57+00:00\",\"breadcrumb\":{\"@id\":\"https:\/\/schroevendump.nl\/de\/produkt\/silvermate-outdoor-schrauben-60x80-ar-beschichtet-teilgewinde-tx-30-100-stueck\/#breadcrumb\"},\"inLanguage\":\"de\",\"potentialAction\":[{\"@type\":\"ReadAction\",\"target\":[\"https:\/\/schroevendump.nl\/de\/produkt\/silvermate-outdoor-schrauben-60x80-ar-beschichtet-teilgewinde-tx-30-100-stueck\/\"]}]},{\"@type\":\"ImageObject\",\"inLanguage\":\"de\",\"@id\":\"https:\/\/schroevendump.nl\/de\/produkt\/silvermate-outdoor-schrauben-60x80-ar-beschichtet-teilgewinde-tx-30-100-stueck\/#primaryimage\",\"url\":\"https:\/\/schroevendump.nl\/wp-content\/uploads\/2025\/06\/outdoor_dd--scaled-e1749669093901.png\",\"contentUrl\":\"https:\/\/schroevendump.nl\/wp-content\/uploads\/2025\/06\/outdoor_dd--scaled-e1749669093901.png\",\"width\":2010,\"height\":1610},{\"@type\":\"BreadcrumbList\",\"@id\":\"https:\/\/schroevendump.nl\/de\/produkt\/silvermate-outdoor-schrauben-60x80-ar-beschichtet-teilgewinde-tx-30-100-stueck\/#breadcrumb\",\"itemListElement\":[{\"@type\":\"ListItem\",\"position\":1,\"name\":\"Startseite\",\"item\":\"https:\/\/schroevendump.nl\/de\/\"},{\"@type\":\"ListItem\",\"position\":2,\"name\":\"Shop\",\"item\":\"https:\/\/schroevendump.nl\/de\/shop\/\"},{\"@type\":\"ListItem\",\"position\":3,\"name\":\"SilverMate Outdoor-Schrauben 6,0&#215;80 AR-beschichtet Teilgewinde TX-30 100 St\u00fcck\"}]},{\"@type\":\"WebSite\",\"@id\":\"https:\/\/schroevendump.nl\/de\/#website\",\"url\":\"https:\/\/schroevendump.nl\/de\/\",\"name\":\"Schroevendump\",\"description\":\"\",\"potentialAction\":[{\"@type\":\"SearchAction\",\"target\":{\"@type\":\"EntryPoint\",\"urlTemplate\":\"https:\/\/schroevendump.nl\/de\/?s={search_term_string}\"},\"query-input\":{\"@type\":\"PropertyValueSpecification\",\"valueRequired\":true,\"valueName\":\"search_term_string\"}}],\"inLanguage\":\"de\"}]}<\/script>\n<!-- \/ Yoast SEO plugin. -->","yoast_head_json":{"title":"SilverMate Outdoor-Schrauben 6,0x80 AR-beschichtet Teilgewinde TX-30 100 St\u00fcck - Schroevendump","robots":{"index":"index","follow":"follow","max-snippet":"max-snippet:-1","max-image-preview":"max-image-preview:large","max-video-preview":"max-video-preview:-1"},"canonical":"https:\/\/schroevendump.nl\/de\/produkt\/silvermate-outdoor-schrauben-60x80-ar-beschichtet-teilgewinde-tx-30-100-stueck\/","og_locale":"de_DE","og_type":"article","og_title":"SilverMate Outdoor-Schrauben 6,0x80 AR-beschichtet Teilgewinde TX-30 100 St\u00fcck - Schroevendump","og_description":"SilverMate Outdoor &#8211; Die ideale Schraube f\u00fcr Au\u00dfenanwendungen (Holz auf Holz) Die SilverMate Outdoor ist die Schraube f\u00fcr alle Ihre Holz-auf-Holz-Anwendungen im Au\u00dfenbereich. Dank der hochwertigen AR Kaitex Beschichtung und der cleveren Konstruktion bietet diese Schraube die perfekte Kombination aus Haltbarkeit, St\u00e4rke und einfacher Verarbeitung. Schutz vor Wind und Wetter Die spezielle AR Kaitex Beschichtung [&hellip;]","og_url":"https:\/\/schroevendump.nl\/de\/produkt\/silvermate-outdoor-schrauben-60x80-ar-beschichtet-teilgewinde-tx-30-100-stueck\/","og_site_name":"Schroevendump","article_modified_time":"2025-12-10T11:57:57+00:00","og_image":[{"width":2010,"height":1610,"url":"https:\/\/schroevendump.nl\/wp-content\/uploads\/2025\/06\/outdoor_dd--scaled-e1749669093901.png","type":"image\/png"}],"twitter_card":"summary_large_image","twitter_misc":{"Gesch\u00e4tzte Lesezeit":"1\u00a0Minute"},"schema":{"@context":"https:\/\/schema.org","@graph":[{"@type":"WebPage","@id":"https:\/\/schroevendump.nl\/de\/produkt\/silvermate-outdoor-schrauben-60x80-ar-beschichtet-teilgewinde-tx-30-100-stueck\/","url":"https:\/\/schroevendump.nl\/de\/produkt\/silvermate-outdoor-schrauben-60x80-ar-beschichtet-teilgewinde-tx-30-100-stueck\/","name":"SilverMate Outdoor-Schrauben 6,0x80 AR-beschichtet Teilgewinde TX-30 100 St\u00fcck - Schroevendump","isPartOf":{"@id":"https:\/\/schroevendump.nl\/de\/#website"},"primaryImageOfPage":{"@id":"https:\/\/schroevendump.nl\/de\/produkt\/silvermate-outdoor-schrauben-60x80-ar-beschichtet-teilgewinde-tx-30-100-stueck\/#primaryimage"},"image":{"@id":"https:\/\/schroevendump.nl\/de\/produkt\/silvermate-outdoor-schrauben-60x80-ar-beschichtet-teilgewinde-tx-30-100-stueck\/#primaryimage"},"thumbnailUrl":"https:\/\/schroevendump.nl\/wp-content\/uploads\/2025\/06\/outdoor_dd--scaled-e1749669093901.png","datePublished":"2025-06-11T20:01:47+00:00","dateModified":"2025-12-10T11:57:57+00:00","breadcrumb":{"@id":"https:\/\/schroevendump.nl\/de\/produkt\/silvermate-outdoor-schrauben-60x80-ar-beschichtet-teilgewinde-tx-30-100-stueck\/#breadcrumb"},"inLanguage":"de","potentialAction":[{"@type":"ReadAction","target":["https:\/\/schroevendump.nl\/de\/produkt\/silvermate-outdoor-schrauben-60x80-ar-beschichtet-teilgewinde-tx-30-100-stueck\/"]}]},{"@type":"ImageObject","inLanguage":"de","@id":"https:\/\/schroevendump.nl\/de\/produkt\/silvermate-outdoor-schrauben-60x80-ar-beschichtet-teilgewinde-tx-30-100-stueck\/#primaryimage","url":"https:\/\/schroevendump.nl\/wp-content\/uploads\/2025\/06\/outdoor_dd--scaled-e1749669093901.png","contentUrl":"https:\/\/schroevendump.nl\/wp-content\/uploads\/2025\/06\/outdoor_dd--scaled-e1749669093901.png","width":2010,"height":1610},{"@type":"BreadcrumbList","@id":"https:\/\/schroevendump.nl\/de\/produkt\/silvermate-outdoor-schrauben-60x80-ar-beschichtet-teilgewinde-tx-30-100-stueck\/#breadcrumb","itemListElement":[{"@type":"ListItem","position":1,"name":"Startseite","item":"https:\/\/schroevendump.nl\/de\/"},{"@type":"ListItem","position":2,"name":"Shop","item":"https:\/\/schroevendump.nl\/de\/shop\/"},{"@type":"ListItem","position":3,"name":"SilverMate Outdoor-Schrauben 6,0&#215;80 AR-beschichtet Teilgewinde TX-30 100 St\u00fcck"}]},{"@type":"WebSite","@id":"https:\/\/schroevendump.nl\/de\/#website","url":"https:\/\/schroevendump.nl\/de\/","name":"Schroevendump","description":"","potentialAction":[{"@type":"SearchAction","target":{"@type":"EntryPoint","urlTemplate":"https:\/\/schroevendump.nl\/de\/?s={search_term_string}"},"query-input":{"@type":"PropertyValueSpecification","valueRequired":true,"valueName":"search_term_string"}}],"inLanguage":"de"}]}},"_links":{"self":[{"href":"https:\/\/schroevendump.nl\/de\/wp-json\/wp\/v2\/product\/28681","targetHints":{"allow":["GET"]}}],"collection":[{"href":"https:\/\/schroevendump.nl\/de\/wp-json\/wp\/v2\/product"}],"about":[{"href":"https:\/\/schroevendump.nl\/de\/wp-json\/wp\/v2\/types\/product"}],"replies":[{"embeddable":true,"href":"https:\/\/schroevendump.nl\/de\/wp-json\/wp\/v2\/comments?post=28681"}],"wp:featuredmedia":[{"embeddable":true,"href":"https:\/\/schroevendump.nl\/de\/wp-json\/wp\/v2\/media\/28590"}],"wp:attachment":[{"href":"https:\/\/schroevendump.nl\/de\/wp-json\/wp\/v2\/media?parent=28681"}],"wp:term":[{"taxonomy":"product_brand","embeddable":true,"href":"https:\/\/schroevendump.nl\/de\/wp-json\/wp\/v2\/product_brand?post=28681"},{"taxonomy":"product_cat","embeddable":true,"href":"https:\/\/schroevendump.nl\/de\/wp-json\/wp\/v2\/product_cat?post=28681"},{"taxonomy":"product_tag","embeddable":true,"href":"https:\/\/schroevendump.nl\/de\/wp-json\/wp\/v2\/product_tag?post=28681"}],"curies":[{"name":"wp","href":"https:\/\/api.w.org\/{rel}","templated":true}]}}