{"id":28745,"date":"2025-05-29T14:32:01","date_gmt":"2025-05-29T14:32:01","guid":{"rendered":"https:\/\/schroevendump.nl\/product\/benefit-eimer-topfdeckel-bodenbelag-schrauben-schwarz-4-0-x-50-1500stueck-tx-15-edelstahl-410\/"},"modified":"2025-12-10T11:53:03","modified_gmt":"2025-12-10T11:53:03","slug":"benefit-eimer-topfdeckel-bodenbelag-schrauben-schwarz-4-0-x-50-1500stueck-tx-15-edelstahl-410","status":"publish","type":"product","link":"https:\/\/schroevendump.nl\/de\/produkt\/benefit-eimer-topfdeckel-bodenbelag-schrauben-schwarz-4-0-x-50-1500stueck-tx-15-edelstahl-410\/","title":{"rendered":"Benefit Eimer Topfdeckel\/Bodenbelag Schrauben Schwarz 4.0 x 50 1500St\u00fcck TX-15 &#8211; Edelstahl 410"},"content":{"rendered":"<h2 data-start=\"97\" data-end=\"182\"><strong data-start=\"100\" data-end=\"182\">Screwdump Terrassenschrauben Schwarz Edelstahl 410 4.0 x 50 mm &#8211; 1500 St\u00fcck &#8211; Torx 15<\/strong><\/h2>\n<p data-start=\"184\" data-end=\"416\">Diese hochwertigen Terrassenschrauben von <strong data-start=\"223\" data-end=\"240\">Schroevendump<\/strong> sind speziell f\u00fcr die Befestigung von Terrassendielen, Z\u00e4unen und Wandverkleidungen konzipiert. Der schwarze Kopf sorgt f\u00fcr ein sauberes und diskretes Finish, besonders auf dunklem Holz.<\/p>\n<h3 data-start=\"418\" data-end=\"450\"><strong data-start=\"422\" data-end=\"450\">Wichtige Merkmale:<\/strong><\/h3>\n<ul data-start=\"452\" data-end=\"1049\">\n<li data-start=\"452\" data-end=\"549\">\n<p data-start=\"454\" data-end=\"549\"><strong data-start=\"454\" data-end=\"468\">Material:<\/strong> Hergestellt aus geh\u00e4rtetem Edelstahl (SS 410) f\u00fcr zus\u00e4tzliche St\u00e4rke und Haltbarkeit.<\/p>\n<\/li>\n<li data-start=\"550\" data-end=\"693\">\n<p data-start=\"552\" data-end=\"693\"><strong data-start=\"552\" data-end=\"571\">Schwarze Beschichtung:<\/strong> Ausgestattet mit einer schwarzen Beschichtung (RAL9005), die eine saubere Oberfl\u00e4che und zus\u00e4tzlichen Schutz vor Korrosion gew\u00e4hrleistet.<\/p>\n<\/li>\n<li data-start=\"694\" data-end=\"783\">\n<p data-start=\"696\" data-end=\"783\"><strong data-start=\"696\" data-end=\"708\">Kopfform:<\/strong> Kleiner Linsenkopf mit Fr\u00e4srippen f\u00fcr sch\u00f6ne Senkungen ohne Splitter.<\/p>\n<\/li>\n<li data-start=\"784\" data-end=\"876\">\n<p data-start=\"786\" data-end=\"876\"><strong data-start=\"786\" data-end=\"803\">Gewinde:<\/strong> Teilgewinde mit Schaftrippen f\u00fcr optimalen Halt und einfache Handhabung.<\/p>\n<\/li>\n<li data-start=\"877\" data-end=\"961\">\n<p data-start=\"879\" data-end=\"961\"><strong data-start=\"879\" data-end=\"892\">Schneidspitze:<\/strong> Scharfe Spitze f\u00fcr m\u00fcheloses Eindrehen ohne Spaltung des Holzes.<\/p>\n<\/li>\n<li data-start=\"962\" data-end=\"1049\">\n<p data-start=\"964\" data-end=\"1049\"><strong data-start=\"964\" data-end=\"980\">Antrieb:<\/strong> Der Torx-Einsatz verhindert ein Durchdrehen und bietet maximale Kontrolle.<\/p>\n<\/li>\n<\/ul>\n<h3 data-start=\"1051\" data-end=\"1072\"><strong data-start=\"1055\" data-end=\"1072\">Anwendungen:<\/strong><\/h3>\n<p data-start=\"1074\" data-end=\"1101\">Geeignet f\u00fcr:<\/p>\n<ul data-start=\"1102\" data-end=\"1184\">\n<li data-start=\"1102\" data-end=\"1118\">\n<p data-start=\"1104\" data-end=\"1118\">Terrassendielen<\/p>\n<\/li>\n<li data-start=\"1119\" data-end=\"1137\">\n<p data-start=\"1121\" data-end=\"1137\">Zaunbretter<\/p>\n<\/li>\n<li data-start=\"1138\" data-end=\"1154\">\n<p data-start=\"1140\" data-end=\"1154\">Verkleidung der Fassade<\/p>\n<\/li>\n<li data-start=\"1155\" data-end=\"1184\">\n<p data-start=\"1157\" data-end=\"1184\">Unterst\u00e4nde und Gartenh\u00e4user<\/p>\n<\/li>\n<\/ul>\n<h3 data-start=\"1186\" data-end=\"1215\"><strong data-start=\"1190\" data-end=\"1215\">Vorteil des RVS-410:<\/strong><\/h3>\n<p data-start=\"1217\" data-end=\"1533\">Der gro\u00dfe Vorteil der <strong data-start=\"1240\" data-end=\"1251\">RVS-410<\/strong> ist, dass diese Schrauben in den meisten Holzarten <strong data-start=\"1299\" data-end=\"1319\">ohne Vorbohren<\/strong> verwendet werden k\u00f6nnen.<br data-start=\"1343\" data-end=\"1346\"><strong data-start=\"1346\" data-end=\"1357\">Hinweis:<\/strong> Bei der Verarbeitung in <strong data-start=\"1379\" data-end=\"1391\">Hartholz<\/strong> empfehlen wir, mit einem geeigneten <strong data-start=\"1445\" data-end=\"1461\">Hartholzbohrer<\/strong> <a href=\"https:\/\/schroevendump.nl\/de\/product-categorie\/metall-bohrer\/\">vorzubohren<\/a>. Dies verhindert ein Abbrechen der Schraube und sorgt f\u00fcr einen festen Abschluss.<\/p>\n","protected":false},"excerpt":{"rendered":"<p>Screwdump Terrassenschrauben Schwarz Edelstahl 410 4.0 x 50 mm &#8211; 1500 St\u00fcck &#8211; Torx 15 Diese hochwertigen Terrassenschrauben von Schroevendump sind speziell f\u00fcr die Befestigung von Terrassendielen, Z\u00e4unen und Wandverkleidungen konzipiert. Der schwarze Kopf sorgt f\u00fcr ein sauberes und diskretes Finish, besonders auf dunklem Holz. Wichtige Merkmale: Material: Hergestellt aus geh\u00e4rtetem Edelstahl (SS 410) f\u00fcr [&hellip;]<\/p>\n","protected":false},"featured_media":18967,"comment_status":"open","ping_status":"closed","template":"","meta":[],"product_brand":[],"product_cat":[547,600],"product_tag":[],"class_list":{"0":"post-28745","1":"product","2":"type-product","3":"status-publish","4":"has-post-thumbnail","6":"product_cat-decking-topfdeckschrauben","7":"product_cat-vorteil-eimer","8":"pa_draad-teilgewinde","10":"first","11":"instock","12":"sale","13":"taxable","14":"shipping-taxable","15":"purchasable","16":"product-type-simple"},"supplier_id":null,"supplier_sku":"","barcode":null,"atum_controlled":true,"out_stock_date":null,"out_stock_threshold":null,"inheritable":false,"inbound_stock":0,"stock_on_hold":0,"sold_today":0,"sales_last_days":0,"reserved_stock":0,"customer_returns":0,"warehouse_damage":0,"lost_in_post":0,"other_logs":0,"out_stock_days":0,"lost_sales":0,"has_location":false,"update_date":"2026-04-20T01:04:22","atum_locations":[],"atum_stock_status":"instock","restock_status":false,"low_stock_amount":"","sales_update_date":"2026-04-20T01:04:22","calc_backorders":null,"acf":[],"yoast_head":"<!-- This site is optimized with the Yoast SEO plugin v26.6 - https:\/\/yoast.com\/wordpress\/plugins\/seo\/ -->\n<title>Benefit Eimer Topfdeckel\/Bodenbelag Schrauben Schwarz 4.0 x 50 1500St\u00fcck TX-15 - Edelstahl 410 - Schroevendump<\/title>\n<meta name=\"robots\" content=\"index, follow, max-snippet:-1, max-image-preview:large, max-video-preview:-1\" \/>\n<link rel=\"canonical\" href=\"https:\/\/schroevendump.nl\/de\/produkt\/benefit-eimer-topfdeckel-bodenbelag-schrauben-schwarz-4-0-x-50-1500stueck-tx-15-edelstahl-410\/\" \/>\n<meta property=\"og:locale\" content=\"de_DE\" \/>\n<meta property=\"og:type\" content=\"article\" \/>\n<meta property=\"og:title\" content=\"Benefit Eimer Topfdeckel\/Bodenbelag Schrauben Schwarz 4.0 x 50 1500St\u00fcck TX-15 - Edelstahl 410 - Schroevendump\" \/>\n<meta property=\"og:description\" content=\"Screwdump Terrassenschrauben Schwarz Edelstahl 410 4.0 x 50 mm &#8211; 1500 St\u00fcck &#8211; Torx 15 Diese hochwertigen Terrassenschrauben von Schroevendump sind speziell f\u00fcr die Befestigung von Terrassendielen, Z\u00e4unen und Wandverkleidungen konzipiert. Der schwarze Kopf sorgt f\u00fcr ein sauberes und diskretes Finish, besonders auf dunklem Holz. Wichtige Merkmale: Material: Hergestellt aus geh\u00e4rtetem Edelstahl (SS 410) f\u00fcr [&hellip;]\" \/>\n<meta property=\"og:url\" content=\"https:\/\/schroevendump.nl\/de\/produkt\/benefit-eimer-topfdeckel-bodenbelag-schrauben-schwarz-4-0-x-50-1500stueck-tx-15-edelstahl-410\/\" \/>\n<meta property=\"og:site_name\" content=\"Schroevendump\" \/>\n<meta property=\"article:modified_time\" content=\"2025-12-10T11:53:03+00:00\" \/>\n<meta property=\"og:image\" content=\"https:\/\/schroevendump.nl\/wp-content\/uploads\/2025\/03\/Schroevendump-Emmer-3-removebg-e1746867879655-1024x979.png\" \/>\n\t<meta property=\"og:image:width\" content=\"1024\" \/>\n\t<meta property=\"og:image:height\" content=\"979\" \/>\n\t<meta property=\"og:image:type\" content=\"image\/png\" \/>\n<meta name=\"twitter:card\" content=\"summary_large_image\" \/>\n<meta name=\"twitter:label1\" content=\"Gesch\u00e4tzte Lesezeit\" \/>\n\t<meta name=\"twitter:data1\" content=\"1\u00a0Minute\" \/>\n<script type=\"application\/ld+json\" class=\"yoast-schema-graph\">{\"@context\":\"https:\/\/schema.org\",\"@graph\":[{\"@type\":\"WebPage\",\"@id\":\"https:\/\/schroevendump.nl\/de\/produkt\/benefit-eimer-topfdeckel-bodenbelag-schrauben-schwarz-4-0-x-50-1500stueck-tx-15-edelstahl-410\/\",\"url\":\"https:\/\/schroevendump.nl\/de\/produkt\/benefit-eimer-topfdeckel-bodenbelag-schrauben-schwarz-4-0-x-50-1500stueck-tx-15-edelstahl-410\/\",\"name\":\"Benefit Eimer Topfdeckel\/Bodenbelag Schrauben Schwarz 4.0 x 50 1500St\u00fcck TX-15 - Edelstahl 410 - Schroevendump\",\"isPartOf\":{\"@id\":\"https:\/\/schroevendump.nl\/de\/#website\"},\"primaryImageOfPage\":{\"@id\":\"https:\/\/schroevendump.nl\/de\/produkt\/benefit-eimer-topfdeckel-bodenbelag-schrauben-schwarz-4-0-x-50-1500stueck-tx-15-edelstahl-410\/#primaryimage\"},\"image\":{\"@id\":\"https:\/\/schroevendump.nl\/de\/produkt\/benefit-eimer-topfdeckel-bodenbelag-schrauben-schwarz-4-0-x-50-1500stueck-tx-15-edelstahl-410\/#primaryimage\"},\"thumbnailUrl\":\"https:\/\/schroevendump.nl\/wp-content\/uploads\/2025\/03\/Schroevendump-Emmer-3-removebg-e1746867879655.png\",\"datePublished\":\"2025-05-29T14:32:01+00:00\",\"dateModified\":\"2025-12-10T11:53:03+00:00\",\"breadcrumb\":{\"@id\":\"https:\/\/schroevendump.nl\/de\/produkt\/benefit-eimer-topfdeckel-bodenbelag-schrauben-schwarz-4-0-x-50-1500stueck-tx-15-edelstahl-410\/#breadcrumb\"},\"inLanguage\":\"de\",\"potentialAction\":[{\"@type\":\"ReadAction\",\"target\":[\"https:\/\/schroevendump.nl\/de\/produkt\/benefit-eimer-topfdeckel-bodenbelag-schrauben-schwarz-4-0-x-50-1500stueck-tx-15-edelstahl-410\/\"]}]},{\"@type\":\"ImageObject\",\"inLanguage\":\"de\",\"@id\":\"https:\/\/schroevendump.nl\/de\/produkt\/benefit-eimer-topfdeckel-bodenbelag-schrauben-schwarz-4-0-x-50-1500stueck-tx-15-edelstahl-410\/#primaryimage\",\"url\":\"https:\/\/schroevendump.nl\/wp-content\/uploads\/2025\/03\/Schroevendump-Emmer-3-removebg-e1746867879655.png\",\"contentUrl\":\"https:\/\/schroevendump.nl\/wp-content\/uploads\/2025\/03\/Schroevendump-Emmer-3-removebg-e1746867879655.png\",\"width\":2004,\"height\":1916},{\"@type\":\"BreadcrumbList\",\"@id\":\"https:\/\/schroevendump.nl\/de\/produkt\/benefit-eimer-topfdeckel-bodenbelag-schrauben-schwarz-4-0-x-50-1500stueck-tx-15-edelstahl-410\/#breadcrumb\",\"itemListElement\":[{\"@type\":\"ListItem\",\"position\":1,\"name\":\"Startseite\",\"item\":\"https:\/\/schroevendump.nl\/de\/\"},{\"@type\":\"ListItem\",\"position\":2,\"name\":\"Shop\",\"item\":\"https:\/\/schroevendump.nl\/de\/shop\/\"},{\"@type\":\"ListItem\",\"position\":3,\"name\":\"Benefit Eimer Topfdeckel\/Bodenbelag Schrauben Schwarz 4.0 x 50 1500St\u00fcck TX-15 &#8211; Edelstahl 410\"}]},{\"@type\":\"WebSite\",\"@id\":\"https:\/\/schroevendump.nl\/de\/#website\",\"url\":\"https:\/\/schroevendump.nl\/de\/\",\"name\":\"Schroevendump\",\"description\":\"\",\"potentialAction\":[{\"@type\":\"SearchAction\",\"target\":{\"@type\":\"EntryPoint\",\"urlTemplate\":\"https:\/\/schroevendump.nl\/de\/?s={search_term_string}\"},\"query-input\":{\"@type\":\"PropertyValueSpecification\",\"valueRequired\":true,\"valueName\":\"search_term_string\"}}],\"inLanguage\":\"de\"}]}<\/script>\n<!-- \/ Yoast SEO plugin. -->","yoast_head_json":{"title":"Benefit Eimer Topfdeckel\/Bodenbelag Schrauben Schwarz 4.0 x 50 1500St\u00fcck TX-15 - Edelstahl 410 - Schroevendump","robots":{"index":"index","follow":"follow","max-snippet":"max-snippet:-1","max-image-preview":"max-image-preview:large","max-video-preview":"max-video-preview:-1"},"canonical":"https:\/\/schroevendump.nl\/de\/produkt\/benefit-eimer-topfdeckel-bodenbelag-schrauben-schwarz-4-0-x-50-1500stueck-tx-15-edelstahl-410\/","og_locale":"de_DE","og_type":"article","og_title":"Benefit Eimer Topfdeckel\/Bodenbelag Schrauben Schwarz 4.0 x 50 1500St\u00fcck TX-15 - Edelstahl 410 - Schroevendump","og_description":"Screwdump Terrassenschrauben Schwarz Edelstahl 410 4.0 x 50 mm &#8211; 1500 St\u00fcck &#8211; Torx 15 Diese hochwertigen Terrassenschrauben von Schroevendump sind speziell f\u00fcr die Befestigung von Terrassendielen, Z\u00e4unen und Wandverkleidungen konzipiert. Der schwarze Kopf sorgt f\u00fcr ein sauberes und diskretes Finish, besonders auf dunklem Holz. Wichtige Merkmale: Material: Hergestellt aus geh\u00e4rtetem Edelstahl (SS 410) f\u00fcr [&hellip;]","og_url":"https:\/\/schroevendump.nl\/de\/produkt\/benefit-eimer-topfdeckel-bodenbelag-schrauben-schwarz-4-0-x-50-1500stueck-tx-15-edelstahl-410\/","og_site_name":"Schroevendump","article_modified_time":"2025-12-10T11:53:03+00:00","og_image":[{"width":1024,"height":979,"url":"https:\/\/schroevendump.nl\/wp-content\/uploads\/2025\/03\/Schroevendump-Emmer-3-removebg-e1746867879655-1024x979.png","type":"image\/png"}],"twitter_card":"summary_large_image","twitter_misc":{"Gesch\u00e4tzte Lesezeit":"1\u00a0Minute"},"schema":{"@context":"https:\/\/schema.org","@graph":[{"@type":"WebPage","@id":"https:\/\/schroevendump.nl\/de\/produkt\/benefit-eimer-topfdeckel-bodenbelag-schrauben-schwarz-4-0-x-50-1500stueck-tx-15-edelstahl-410\/","url":"https:\/\/schroevendump.nl\/de\/produkt\/benefit-eimer-topfdeckel-bodenbelag-schrauben-schwarz-4-0-x-50-1500stueck-tx-15-edelstahl-410\/","name":"Benefit Eimer Topfdeckel\/Bodenbelag Schrauben Schwarz 4.0 x 50 1500St\u00fcck TX-15 - Edelstahl 410 - Schroevendump","isPartOf":{"@id":"https:\/\/schroevendump.nl\/de\/#website"},"primaryImageOfPage":{"@id":"https:\/\/schroevendump.nl\/de\/produkt\/benefit-eimer-topfdeckel-bodenbelag-schrauben-schwarz-4-0-x-50-1500stueck-tx-15-edelstahl-410\/#primaryimage"},"image":{"@id":"https:\/\/schroevendump.nl\/de\/produkt\/benefit-eimer-topfdeckel-bodenbelag-schrauben-schwarz-4-0-x-50-1500stueck-tx-15-edelstahl-410\/#primaryimage"},"thumbnailUrl":"https:\/\/schroevendump.nl\/wp-content\/uploads\/2025\/03\/Schroevendump-Emmer-3-removebg-e1746867879655.png","datePublished":"2025-05-29T14:32:01+00:00","dateModified":"2025-12-10T11:53:03+00:00","breadcrumb":{"@id":"https:\/\/schroevendump.nl\/de\/produkt\/benefit-eimer-topfdeckel-bodenbelag-schrauben-schwarz-4-0-x-50-1500stueck-tx-15-edelstahl-410\/#breadcrumb"},"inLanguage":"de","potentialAction":[{"@type":"ReadAction","target":["https:\/\/schroevendump.nl\/de\/produkt\/benefit-eimer-topfdeckel-bodenbelag-schrauben-schwarz-4-0-x-50-1500stueck-tx-15-edelstahl-410\/"]}]},{"@type":"ImageObject","inLanguage":"de","@id":"https:\/\/schroevendump.nl\/de\/produkt\/benefit-eimer-topfdeckel-bodenbelag-schrauben-schwarz-4-0-x-50-1500stueck-tx-15-edelstahl-410\/#primaryimage","url":"https:\/\/schroevendump.nl\/wp-content\/uploads\/2025\/03\/Schroevendump-Emmer-3-removebg-e1746867879655.png","contentUrl":"https:\/\/schroevendump.nl\/wp-content\/uploads\/2025\/03\/Schroevendump-Emmer-3-removebg-e1746867879655.png","width":2004,"height":1916},{"@type":"BreadcrumbList","@id":"https:\/\/schroevendump.nl\/de\/produkt\/benefit-eimer-topfdeckel-bodenbelag-schrauben-schwarz-4-0-x-50-1500stueck-tx-15-edelstahl-410\/#breadcrumb","itemListElement":[{"@type":"ListItem","position":1,"name":"Startseite","item":"https:\/\/schroevendump.nl\/de\/"},{"@type":"ListItem","position":2,"name":"Shop","item":"https:\/\/schroevendump.nl\/de\/shop\/"},{"@type":"ListItem","position":3,"name":"Benefit Eimer Topfdeckel\/Bodenbelag Schrauben Schwarz 4.0 x 50 1500St\u00fcck TX-15 &#8211; Edelstahl 410"}]},{"@type":"WebSite","@id":"https:\/\/schroevendump.nl\/de\/#website","url":"https:\/\/schroevendump.nl\/de\/","name":"Schroevendump","description":"","potentialAction":[{"@type":"SearchAction","target":{"@type":"EntryPoint","urlTemplate":"https:\/\/schroevendump.nl\/de\/?s={search_term_string}"},"query-input":{"@type":"PropertyValueSpecification","valueRequired":true,"valueName":"search_term_string"}}],"inLanguage":"de"}]}},"_links":{"self":[{"href":"https:\/\/schroevendump.nl\/de\/wp-json\/wp\/v2\/product\/28745","targetHints":{"allow":["GET"]}}],"collection":[{"href":"https:\/\/schroevendump.nl\/de\/wp-json\/wp\/v2\/product"}],"about":[{"href":"https:\/\/schroevendump.nl\/de\/wp-json\/wp\/v2\/types\/product"}],"replies":[{"embeddable":true,"href":"https:\/\/schroevendump.nl\/de\/wp-json\/wp\/v2\/comments?post=28745"}],"wp:featuredmedia":[{"embeddable":true,"href":"https:\/\/schroevendump.nl\/de\/wp-json\/wp\/v2\/media\/18967"}],"wp:attachment":[{"href":"https:\/\/schroevendump.nl\/de\/wp-json\/wp\/v2\/media?parent=28745"}],"wp:term":[{"taxonomy":"product_brand","embeddable":true,"href":"https:\/\/schroevendump.nl\/de\/wp-json\/wp\/v2\/product_brand?post=28745"},{"taxonomy":"product_cat","embeddable":true,"href":"https:\/\/schroevendump.nl\/de\/wp-json\/wp\/v2\/product_cat?post=28745"},{"taxonomy":"product_tag","embeddable":true,"href":"https:\/\/schroevendump.nl\/de\/wp-json\/wp\/v2\/product_tag?post=28745"}],"curies":[{"name":"wp","href":"https:\/\/api.w.org\/{rel}","templated":true}]}}