{"id":28803,"date":"2024-11-30T13:40:44","date_gmt":"2024-11-30T13:40:44","guid":{"rendered":"https:\/\/schroevendump.nl\/product\/trennscheibe-rhodius-o-125-x-10mm-fuer-stahl-und-rostfreien-stahl\/"},"modified":"2025-12-10T11:30:39","modified_gmt":"2025-12-10T11:30:39","slug":"trennscheibe-rhodius-o-125-x-10mm-fuer-stahl-und-rostfreien-stahl","status":"publish","type":"product","link":"https:\/\/schroevendump.nl\/de\/produkt\/trennscheibe-rhodius-o-125-x-10mm-fuer-stahl-und-rostfreien-stahl\/","title":{"rendered":"Trennscheibe Rhodius \u00d8 125 x 1,0mm f\u00fcr Stahl und rostfreien Stahl"},"content":{"rendered":"<p>Trennscheibe gerade<\/p>\n<p>Extrad\u00fcnne Trennscheibe mit langer Standzeit f\u00fcr eine Vielzahl von Anwendungen und einem optimalen Preis-Leistungs-Verh\u00e4ltnis.<\/p>\n<ul>\n<li>  Geringe Gratbildung<\/li>\n<li>  Hohe Schnittgeschwindigkeit<\/li>\n<li>  Niedriger Funkenregen<\/li>\n<li>  Geringes Abbr\u00f6ckeln der Schneidkante<\/li>\n<li>1 St\u00fcck<\/li>\n<li>\u00d8 125 x 1,0 x22,23mm<\/li>\n<li>OSA genehmigt<\/li>\n<\/ul>\n<p>pr\u00e4zise, schnelle Schnitte und hohe professionelle Qualit\u00e4t<\/p>\n<p>Dar\u00fcber hinaus ist die Trennscheibe ideal f\u00fcr Maschinen mit geringer Leistung<\/p>\n<p>Entscheiden Sie sich f\u00fcr Qualit\u00e4t zum besten Preis bei <a href=\"https:\/\/schroevendump.nl\/de\/\">schroevendump.co.uk <\/a>und werfen Sie einen Blick auf unsere <a href=\"https:\/\/www.instagram.com\/schroevendump\/\">Instragram-Seite<\/a><\/p>\n","protected":false},"excerpt":{"rendered":"<p>Trennscheibe gerade Extrad\u00fcnne Trennscheibe mit langer Standzeit f\u00fcr eine Vielzahl von Anwendungen und einem optimalen Preis-Leistungs-Verh\u00e4ltnis. Geringe Gratbildung Hohe Schnittgeschwindigkeit Niedriger Funkenregen Geringes Abbr\u00f6ckeln der Schneidkante 1 St\u00fcck \u00d8 125 x 1,0 x22,23mm OSA genehmigt pr\u00e4zise, schnelle Schnitte und hohe professionelle Qualit\u00e4t Dar\u00fcber hinaus ist die Trennscheibe ideal f\u00fcr Maschinen mit geringer Leistung Entscheiden Sie [&hellip;]<\/p>\n","protected":false},"featured_media":29368,"comment_status":"closed","ping_status":"closed","template":"","meta":[],"product_brand":[],"product_cat":[786],"product_tag":[],"class_list":{"0":"post-28803","1":"product","2":"type-product","3":"status-publish","4":"has-post-thumbnail","6":"product_cat-schleifen-loten-von-scheiben","8":"first","9":"instock","10":"taxable","11":"shipping-taxable","12":"purchasable","13":"product-type-simple"},"supplier_id":null,"supplier_sku":"","barcode":null,"atum_controlled":true,"out_stock_date":null,"out_stock_threshold":null,"inheritable":false,"inbound_stock":0,"stock_on_hold":200,"sold_today":100,"sales_last_days":1753,"reserved_stock":0,"customer_returns":0,"warehouse_damage":0,"lost_in_post":0,"other_logs":0,"out_stock_days":0,"lost_sales":0,"has_location":false,"update_date":"2026-04-18T15:24:36","atum_locations":[],"atum_stock_status":"instock","restock_status":false,"low_stock_amount":"","sales_update_date":"2026-04-18T15:24:36","calc_backorders":null,"acf":[],"yoast_head":"<!-- This site is optimized with the Yoast SEO plugin v26.6 - https:\/\/yoast.com\/wordpress\/plugins\/seo\/ -->\n<title>Trennscheibe Rhodius \u00d8 125 x 1,0mm f\u00fcr Stahl und rostfreien Stahl - Schroevendump<\/title>\n<meta name=\"robots\" content=\"index, follow, max-snippet:-1, max-image-preview:large, max-video-preview:-1\" \/>\n<link rel=\"canonical\" href=\"https:\/\/schroevendump.nl\/de\/produkt\/trennscheibe-rhodius-o-125-x-10mm-fuer-stahl-und-rostfreien-stahl\/\" \/>\n<meta property=\"og:locale\" content=\"de_DE\" \/>\n<meta property=\"og:type\" content=\"article\" \/>\n<meta property=\"og:title\" content=\"Trennscheibe Rhodius \u00d8 125 x 1,0mm f\u00fcr Stahl und rostfreien Stahl - Schroevendump\" \/>\n<meta property=\"og:description\" content=\"Trennscheibe gerade Extrad\u00fcnne Trennscheibe mit langer Standzeit f\u00fcr eine Vielzahl von Anwendungen und einem optimalen Preis-Leistungs-Verh\u00e4ltnis. Geringe Gratbildung Hohe Schnittgeschwindigkeit Niedriger Funkenregen Geringes Abbr\u00f6ckeln der Schneidkante 1 St\u00fcck \u00d8 125 x 1,0 x22,23mm OSA genehmigt pr\u00e4zise, schnelle Schnitte und hohe professionelle Qualit\u00e4t Dar\u00fcber hinaus ist die Trennscheibe ideal f\u00fcr Maschinen mit geringer Leistung Entscheiden Sie [&hellip;]\" \/>\n<meta property=\"og:url\" content=\"https:\/\/schroevendump.nl\/de\/produkt\/trennscheibe-rhodius-o-125-x-10mm-fuer-stahl-und-rostfreien-stahl\/\" \/>\n<meta property=\"og:site_name\" content=\"Schroevendump\" \/>\n<meta property=\"article:modified_time\" content=\"2025-12-10T11:30:39+00:00\" \/>\n<meta property=\"og:image\" content=\"https:\/\/schroevendump.nl\/wp-content\/uploads\/2024\/11\/rodius-slijp-125mm-staal--e1765039237108-1019x1024.png\" \/>\n\t<meta property=\"og:image:width\" content=\"1019\" \/>\n\t<meta property=\"og:image:height\" content=\"1024\" \/>\n\t<meta property=\"og:image:type\" content=\"image\/png\" \/>\n<meta name=\"twitter:card\" content=\"summary_large_image\" \/>\n<script type=\"application\/ld+json\" class=\"yoast-schema-graph\">{\"@context\":\"https:\/\/schema.org\",\"@graph\":[{\"@type\":\"WebPage\",\"@id\":\"https:\/\/schroevendump.nl\/de\/produkt\/trennscheibe-rhodius-o-125-x-10mm-fuer-stahl-und-rostfreien-stahl\/\",\"url\":\"https:\/\/schroevendump.nl\/de\/produkt\/trennscheibe-rhodius-o-125-x-10mm-fuer-stahl-und-rostfreien-stahl\/\",\"name\":\"Trennscheibe Rhodius \u00d8 125 x 1,0mm f\u00fcr Stahl und rostfreien Stahl - Schroevendump\",\"isPartOf\":{\"@id\":\"https:\/\/schroevendump.nl\/de\/#website\"},\"primaryImageOfPage\":{\"@id\":\"https:\/\/schroevendump.nl\/de\/produkt\/trennscheibe-rhodius-o-125-x-10mm-fuer-stahl-und-rostfreien-stahl\/#primaryimage\"},\"image\":{\"@id\":\"https:\/\/schroevendump.nl\/de\/produkt\/trennscheibe-rhodius-o-125-x-10mm-fuer-stahl-und-rostfreien-stahl\/#primaryimage\"},\"thumbnailUrl\":\"https:\/\/schroevendump.nl\/wp-content\/uploads\/2024\/11\/rodius-slijp-125mm-staal--e1765039237108.png\",\"datePublished\":\"2024-11-30T13:40:44+00:00\",\"dateModified\":\"2025-12-10T11:30:39+00:00\",\"breadcrumb\":{\"@id\":\"https:\/\/schroevendump.nl\/de\/produkt\/trennscheibe-rhodius-o-125-x-10mm-fuer-stahl-und-rostfreien-stahl\/#breadcrumb\"},\"inLanguage\":\"de\",\"potentialAction\":[{\"@type\":\"ReadAction\",\"target\":[\"https:\/\/schroevendump.nl\/de\/produkt\/trennscheibe-rhodius-o-125-x-10mm-fuer-stahl-und-rostfreien-stahl\/\"]}]},{\"@type\":\"ImageObject\",\"inLanguage\":\"de\",\"@id\":\"https:\/\/schroevendump.nl\/de\/produkt\/trennscheibe-rhodius-o-125-x-10mm-fuer-stahl-und-rostfreien-stahl\/#primaryimage\",\"url\":\"https:\/\/schroevendump.nl\/wp-content\/uploads\/2024\/11\/rodius-slijp-125mm-staal--e1765039237108.png\",\"contentUrl\":\"https:\/\/schroevendump.nl\/wp-content\/uploads\/2024\/11\/rodius-slijp-125mm-staal--e1765039237108.png\",\"width\":2053,\"height\":2064},{\"@type\":\"BreadcrumbList\",\"@id\":\"https:\/\/schroevendump.nl\/de\/produkt\/trennscheibe-rhodius-o-125-x-10mm-fuer-stahl-und-rostfreien-stahl\/#breadcrumb\",\"itemListElement\":[{\"@type\":\"ListItem\",\"position\":1,\"name\":\"Startseite\",\"item\":\"https:\/\/schroevendump.nl\/de\/\"},{\"@type\":\"ListItem\",\"position\":2,\"name\":\"Shop\",\"item\":\"https:\/\/schroevendump.nl\/de\/shop\/\"},{\"@type\":\"ListItem\",\"position\":3,\"name\":\"Trennscheibe Rhodius \u00d8 125 x 1,0mm f\u00fcr Stahl und rostfreien Stahl\"}]},{\"@type\":\"WebSite\",\"@id\":\"https:\/\/schroevendump.nl\/de\/#website\",\"url\":\"https:\/\/schroevendump.nl\/de\/\",\"name\":\"Schroevendump\",\"description\":\"\",\"potentialAction\":[{\"@type\":\"SearchAction\",\"target\":{\"@type\":\"EntryPoint\",\"urlTemplate\":\"https:\/\/schroevendump.nl\/de\/?s={search_term_string}\"},\"query-input\":{\"@type\":\"PropertyValueSpecification\",\"valueRequired\":true,\"valueName\":\"search_term_string\"}}],\"inLanguage\":\"de\"}]}<\/script>\n<!-- \/ Yoast SEO plugin. -->","yoast_head_json":{"title":"Trennscheibe Rhodius \u00d8 125 x 1,0mm f\u00fcr Stahl und rostfreien Stahl - Schroevendump","robots":{"index":"index","follow":"follow","max-snippet":"max-snippet:-1","max-image-preview":"max-image-preview:large","max-video-preview":"max-video-preview:-1"},"canonical":"https:\/\/schroevendump.nl\/de\/produkt\/trennscheibe-rhodius-o-125-x-10mm-fuer-stahl-und-rostfreien-stahl\/","og_locale":"de_DE","og_type":"article","og_title":"Trennscheibe Rhodius \u00d8 125 x 1,0mm f\u00fcr Stahl und rostfreien Stahl - Schroevendump","og_description":"Trennscheibe gerade Extrad\u00fcnne Trennscheibe mit langer Standzeit f\u00fcr eine Vielzahl von Anwendungen und einem optimalen Preis-Leistungs-Verh\u00e4ltnis. Geringe Gratbildung Hohe Schnittgeschwindigkeit Niedriger Funkenregen Geringes Abbr\u00f6ckeln der Schneidkante 1 St\u00fcck \u00d8 125 x 1,0 x22,23mm OSA genehmigt pr\u00e4zise, schnelle Schnitte und hohe professionelle Qualit\u00e4t Dar\u00fcber hinaus ist die Trennscheibe ideal f\u00fcr Maschinen mit geringer Leistung Entscheiden Sie [&hellip;]","og_url":"https:\/\/schroevendump.nl\/de\/produkt\/trennscheibe-rhodius-o-125-x-10mm-fuer-stahl-und-rostfreien-stahl\/","og_site_name":"Schroevendump","article_modified_time":"2025-12-10T11:30:39+00:00","og_image":[{"width":1019,"height":1024,"url":"https:\/\/schroevendump.nl\/wp-content\/uploads\/2024\/11\/rodius-slijp-125mm-staal--e1765039237108-1019x1024.png","type":"image\/png"}],"twitter_card":"summary_large_image","schema":{"@context":"https:\/\/schema.org","@graph":[{"@type":"WebPage","@id":"https:\/\/schroevendump.nl\/de\/produkt\/trennscheibe-rhodius-o-125-x-10mm-fuer-stahl-und-rostfreien-stahl\/","url":"https:\/\/schroevendump.nl\/de\/produkt\/trennscheibe-rhodius-o-125-x-10mm-fuer-stahl-und-rostfreien-stahl\/","name":"Trennscheibe Rhodius \u00d8 125 x 1,0mm f\u00fcr Stahl und rostfreien Stahl - Schroevendump","isPartOf":{"@id":"https:\/\/schroevendump.nl\/de\/#website"},"primaryImageOfPage":{"@id":"https:\/\/schroevendump.nl\/de\/produkt\/trennscheibe-rhodius-o-125-x-10mm-fuer-stahl-und-rostfreien-stahl\/#primaryimage"},"image":{"@id":"https:\/\/schroevendump.nl\/de\/produkt\/trennscheibe-rhodius-o-125-x-10mm-fuer-stahl-und-rostfreien-stahl\/#primaryimage"},"thumbnailUrl":"https:\/\/schroevendump.nl\/wp-content\/uploads\/2024\/11\/rodius-slijp-125mm-staal--e1765039237108.png","datePublished":"2024-11-30T13:40:44+00:00","dateModified":"2025-12-10T11:30:39+00:00","breadcrumb":{"@id":"https:\/\/schroevendump.nl\/de\/produkt\/trennscheibe-rhodius-o-125-x-10mm-fuer-stahl-und-rostfreien-stahl\/#breadcrumb"},"inLanguage":"de","potentialAction":[{"@type":"ReadAction","target":["https:\/\/schroevendump.nl\/de\/produkt\/trennscheibe-rhodius-o-125-x-10mm-fuer-stahl-und-rostfreien-stahl\/"]}]},{"@type":"ImageObject","inLanguage":"de","@id":"https:\/\/schroevendump.nl\/de\/produkt\/trennscheibe-rhodius-o-125-x-10mm-fuer-stahl-und-rostfreien-stahl\/#primaryimage","url":"https:\/\/schroevendump.nl\/wp-content\/uploads\/2024\/11\/rodius-slijp-125mm-staal--e1765039237108.png","contentUrl":"https:\/\/schroevendump.nl\/wp-content\/uploads\/2024\/11\/rodius-slijp-125mm-staal--e1765039237108.png","width":2053,"height":2064},{"@type":"BreadcrumbList","@id":"https:\/\/schroevendump.nl\/de\/produkt\/trennscheibe-rhodius-o-125-x-10mm-fuer-stahl-und-rostfreien-stahl\/#breadcrumb","itemListElement":[{"@type":"ListItem","position":1,"name":"Startseite","item":"https:\/\/schroevendump.nl\/de\/"},{"@type":"ListItem","position":2,"name":"Shop","item":"https:\/\/schroevendump.nl\/de\/shop\/"},{"@type":"ListItem","position":3,"name":"Trennscheibe Rhodius \u00d8 125 x 1,0mm f\u00fcr Stahl und rostfreien Stahl"}]},{"@type":"WebSite","@id":"https:\/\/schroevendump.nl\/de\/#website","url":"https:\/\/schroevendump.nl\/de\/","name":"Schroevendump","description":"","potentialAction":[{"@type":"SearchAction","target":{"@type":"EntryPoint","urlTemplate":"https:\/\/schroevendump.nl\/de\/?s={search_term_string}"},"query-input":{"@type":"PropertyValueSpecification","valueRequired":true,"valueName":"search_term_string"}}],"inLanguage":"de"}]}},"_links":{"self":[{"href":"https:\/\/schroevendump.nl\/de\/wp-json\/wp\/v2\/product\/28803","targetHints":{"allow":["GET"]}}],"collection":[{"href":"https:\/\/schroevendump.nl\/de\/wp-json\/wp\/v2\/product"}],"about":[{"href":"https:\/\/schroevendump.nl\/de\/wp-json\/wp\/v2\/types\/product"}],"replies":[{"embeddable":true,"href":"https:\/\/schroevendump.nl\/de\/wp-json\/wp\/v2\/comments?post=28803"}],"wp:featuredmedia":[{"embeddable":true,"href":"https:\/\/schroevendump.nl\/de\/wp-json\/wp\/v2\/media\/29368"}],"wp:attachment":[{"href":"https:\/\/schroevendump.nl\/de\/wp-json\/wp\/v2\/media?parent=28803"}],"wp:term":[{"taxonomy":"product_brand","embeddable":true,"href":"https:\/\/schroevendump.nl\/de\/wp-json\/wp\/v2\/product_brand?post=28803"},{"taxonomy":"product_cat","embeddable":true,"href":"https:\/\/schroevendump.nl\/de\/wp-json\/wp\/v2\/product_cat?post=28803"},{"taxonomy":"product_tag","embeddable":true,"href":"https:\/\/schroevendump.nl\/de\/wp-json\/wp\/v2\/product_tag?post=28803"}],"curies":[{"name":"wp","href":"https:\/\/api.w.org\/{rel}","templated":true}]}}