{"id":28822,"date":"2025-10-04T20:38:20","date_gmt":"2025-10-04T20:38:20","guid":{"rendered":"https:\/\/schroevendump.nl\/product\/eimer-isolierung-druckverteilungsplatten-o70mm-400-stueck\/"},"modified":"2025-12-10T12:03:36","modified_gmt":"2025-12-10T12:03:36","slug":"eimer-isolierung-druckverteilungsplatten-o70mm-400-stueck","status":"publish","type":"product","link":"https:\/\/schroevendump.nl\/de\/produkt\/eimer-isolierung-druckverteilungsplatten-o70mm-400-stueck\/","title":{"rendered":"Eimer Isolierung\/ Druckverteilungsplatten \u00d870mm 400 St\u00fcck."},"content":{"rendered":"<p data-start=\"191\" data-end=\"461\">Die <strong data-start=\"194\" data-end=\"225\">\u00d870mm Stahld\u00e4mmringe<\/strong> von <strong data-start=\"230\" data-end=\"247\">Schroevendump<\/strong> sind f\u00fcr die feste und dauerhafte Befestigung von D\u00e4mmplatten konzipiert. Dank ihrer gro\u00dfen Druckverteilungsfl\u00e4che verteilen sie die Kraft der Schraube gleichm\u00e4\u00dfig und verhindern so, dass die Isolierung besch\u00e4digt wird oder zusammenbricht.<\/p>\n<p data-start=\"463\" data-end=\"658\">Die Unterlegscheiben <strong data-start=\"478\" data-end=\"543\">eignen sich besonders f\u00fcr die<a href=\"https:\/\/schroevendump.nl\/de\/product-categorie\/schrauben-zur-isolierung\/\"> Isolierschrauben<\/a> von Schroevendump<\/strong> und stehen sichtbar aus der Oberfl\u00e4che heraus, so dass bei der Montage ein sauberer Abschluss gew\u00e4hrleistet ist.<\/p>\n<p data-start=\"660\" data-end=\"678\">\u2705 <strong data-start=\"662\" data-end=\"676\">Vorteile:<\/strong><\/p>\n<ul data-start=\"679\" data-end=\"892\">\n<li data-start=\"679\" data-end=\"725\">\n<p data-start=\"681\" data-end=\"725\">Hergestellt aus hochwertigem <strong data-start=\"705\" data-end=\"723\">verzinktem Stahl<\/strong><\/p>\n<\/li>\n<li data-start=\"726\" data-end=\"763\">\n<p data-start=\"728\" data-end=\"763\">\u00d870mm f\u00fcr optimale Druckverteilung<\/p>\n<\/li>\n<li data-start=\"764\" data-end=\"823\">\n<p data-start=\"766\" data-end=\"823\">Perfekt passende <a href=\"https:\/\/schroevendump.nl\/de\/product-categorie\/schrauben-zur-isolierung\/\">Isolierschrauben<\/a> von Schroevendump<\/p>\n<\/li>\n<li data-start=\"824\" data-end=\"862\">\n<p data-start=\"826\" data-end=\"862\">Robust, rostfrei und langlebig<\/p>\n<\/li>\n<li data-start=\"863\" data-end=\"892\">\n<p data-start=\"865\" data-end=\"892\">Verpackt pro<strong data-start=\"877\" data-end=\"890\">400 St\u00fcck<\/strong><\/p>\n<\/li>\n<\/ul>\n<p data-start=\"894\" data-end=\"1037\"><strong data-start=\"894\" data-end=\"909\">Anwendung:<\/strong><br data-start=\"909\" data-end=\"912\">Ideal f\u00fcr Fassadend\u00e4mmung, Dachisolierung und andere Anwendungen, bei denen eine starke Befestigung und lange Lebensdauer wichtig sind.<\/p>\n","protected":false},"excerpt":{"rendered":"<p>Die \u00d870mm Stahld\u00e4mmringe von Schroevendump sind f\u00fcr die feste und dauerhafte Befestigung von D\u00e4mmplatten konzipiert. Dank ihrer gro\u00dfen Druckverteilungsfl\u00e4che verteilen sie die Kraft der Schraube gleichm\u00e4\u00dfig und verhindern so, dass die Isolierung besch\u00e4digt wird oder zusammenbricht. Die Unterlegscheiben eignen sich besonders f\u00fcr die Isolierschrauben von Schroevendump und stehen sichtbar aus der Oberfl\u00e4che heraus, so dass [&hellip;]<\/p>\n","protected":false},"featured_media":28814,"comment_status":"closed","ping_status":"closed","template":"","meta":[],"product_brand":[],"product_cat":[825],"product_tag":[],"class_list":{"0":"post-28822","1":"product","2":"type-product","3":"status-publish","4":"has-post-thumbnail","6":"product_cat-druckverteilungsplatten-isolierringe","8":"first","9":"instock","10":"taxable","11":"shipping-taxable","12":"purchasable","13":"product-type-simple"},"supplier_id":null,"supplier_sku":"","barcode":null,"atum_controlled":true,"out_stock_date":null,"out_stock_threshold":null,"inheritable":false,"inbound_stock":0,"stock_on_hold":3,"sold_today":3,"sales_last_days":22,"reserved_stock":0,"customer_returns":0,"warehouse_damage":0,"lost_in_post":0,"other_logs":0,"out_stock_days":0,"lost_sales":0,"has_location":false,"update_date":"2026-05-08T16:57:48","atum_locations":[],"atum_stock_status":"instock","restock_status":true,"low_stock_amount":"","sales_update_date":"2026-05-08T16:57:48","calc_backorders":null,"acf":[],"yoast_head":"<!-- This site is optimized with the Yoast SEO plugin v26.6 - https:\/\/yoast.com\/wordpress\/plugins\/seo\/ -->\n<title>Eimer Isolierung\/ Druckverteilungsplatten \u00d870mm 400 St\u00fcck. - Schroevendump<\/title>\n<meta name=\"robots\" content=\"index, follow, max-snippet:-1, max-image-preview:large, max-video-preview:-1\" \/>\n<link rel=\"canonical\" href=\"https:\/\/schroevendump.nl\/de\/produkt\/eimer-isolierung-druckverteilungsplatten-o70mm-400-stueck\/\" \/>\n<meta property=\"og:locale\" content=\"de_DE\" \/>\n<meta property=\"og:type\" content=\"article\" \/>\n<meta property=\"og:title\" content=\"Eimer Isolierung\/ Druckverteilungsplatten \u00d870mm 400 St\u00fcck. - Schroevendump\" \/>\n<meta property=\"og:description\" content=\"Die \u00d870mm Stahld\u00e4mmringe von Schroevendump sind f\u00fcr die feste und dauerhafte Befestigung von D\u00e4mmplatten konzipiert. Dank ihrer gro\u00dfen Druckverteilungsfl\u00e4che verteilen sie die Kraft der Schraube gleichm\u00e4\u00dfig und verhindern so, dass die Isolierung besch\u00e4digt wird oder zusammenbricht. Die Unterlegscheiben eignen sich besonders f\u00fcr die Isolierschrauben von Schroevendump und stehen sichtbar aus der Oberfl\u00e4che heraus, so dass [&hellip;]\" \/>\n<meta property=\"og:url\" content=\"https:\/\/schroevendump.nl\/de\/produkt\/eimer-isolierung-druckverteilungsplatten-o70mm-400-stueck\/\" \/>\n<meta property=\"og:site_name\" content=\"Schroevendump\" \/>\n<meta property=\"article:modified_time\" content=\"2025-12-10T12:03:36+00:00\" \/>\n<meta property=\"og:image\" content=\"https:\/\/schroevendump.nl\/wp-content\/uploads\/2025\/10\/Schroevendump-emmer-400st-isolatieringen--scaled.png\" \/>\n\t<meta property=\"og:image:width\" content=\"2560\" \/>\n\t<meta property=\"og:image:height\" content=\"2560\" \/>\n\t<meta property=\"og:image:type\" content=\"image\/png\" \/>\n<meta name=\"twitter:card\" content=\"summary_large_image\" \/>\n<meta name=\"twitter:label1\" content=\"Gesch\u00e4tzte Lesezeit\" \/>\n\t<meta name=\"twitter:data1\" content=\"1\u00a0Minute\" \/>\n<script type=\"application\/ld+json\" class=\"yoast-schema-graph\">{\"@context\":\"https:\/\/schema.org\",\"@graph\":[{\"@type\":\"WebPage\",\"@id\":\"https:\/\/schroevendump.nl\/de\/produkt\/eimer-isolierung-druckverteilungsplatten-o70mm-400-stueck\/\",\"url\":\"https:\/\/schroevendump.nl\/de\/produkt\/eimer-isolierung-druckverteilungsplatten-o70mm-400-stueck\/\",\"name\":\"Eimer Isolierung\/ Druckverteilungsplatten \u00d870mm 400 St\u00fcck. - Schroevendump\",\"isPartOf\":{\"@id\":\"https:\/\/schroevendump.nl\/de\/#website\"},\"primaryImageOfPage\":{\"@id\":\"https:\/\/schroevendump.nl\/de\/produkt\/eimer-isolierung-druckverteilungsplatten-o70mm-400-stueck\/#primaryimage\"},\"image\":{\"@id\":\"https:\/\/schroevendump.nl\/de\/produkt\/eimer-isolierung-druckverteilungsplatten-o70mm-400-stueck\/#primaryimage\"},\"thumbnailUrl\":\"https:\/\/schroevendump.nl\/wp-content\/uploads\/2025\/10\/Schroevendump-emmer-400st-isolatieringen--scaled.png\",\"datePublished\":\"2025-10-04T20:38:20+00:00\",\"dateModified\":\"2025-12-10T12:03:36+00:00\",\"breadcrumb\":{\"@id\":\"https:\/\/schroevendump.nl\/de\/produkt\/eimer-isolierung-druckverteilungsplatten-o70mm-400-stueck\/#breadcrumb\"},\"inLanguage\":\"de\",\"potentialAction\":[{\"@type\":\"ReadAction\",\"target\":[\"https:\/\/schroevendump.nl\/de\/produkt\/eimer-isolierung-druckverteilungsplatten-o70mm-400-stueck\/\"]}]},{\"@type\":\"ImageObject\",\"inLanguage\":\"de\",\"@id\":\"https:\/\/schroevendump.nl\/de\/produkt\/eimer-isolierung-druckverteilungsplatten-o70mm-400-stueck\/#primaryimage\",\"url\":\"https:\/\/schroevendump.nl\/wp-content\/uploads\/2025\/10\/Schroevendump-emmer-400st-isolatieringen--scaled.png\",\"contentUrl\":\"https:\/\/schroevendump.nl\/wp-content\/uploads\/2025\/10\/Schroevendump-emmer-400st-isolatieringen--scaled.png\",\"width\":2560,\"height\":2560},{\"@type\":\"BreadcrumbList\",\"@id\":\"https:\/\/schroevendump.nl\/de\/produkt\/eimer-isolierung-druckverteilungsplatten-o70mm-400-stueck\/#breadcrumb\",\"itemListElement\":[{\"@type\":\"ListItem\",\"position\":1,\"name\":\"Startseite\",\"item\":\"https:\/\/schroevendump.nl\/de\/\"},{\"@type\":\"ListItem\",\"position\":2,\"name\":\"Shop\",\"item\":\"https:\/\/schroevendump.nl\/de\/shop\/\"},{\"@type\":\"ListItem\",\"position\":3,\"name\":\"Eimer Isolierung\/ Druckverteilungsplatten \u00d870mm 400 St\u00fcck.\"}]},{\"@type\":\"WebSite\",\"@id\":\"https:\/\/schroevendump.nl\/de\/#website\",\"url\":\"https:\/\/schroevendump.nl\/de\/\",\"name\":\"Schroevendump\",\"description\":\"\",\"potentialAction\":[{\"@type\":\"SearchAction\",\"target\":{\"@type\":\"EntryPoint\",\"urlTemplate\":\"https:\/\/schroevendump.nl\/de\/?s={search_term_string}\"},\"query-input\":{\"@type\":\"PropertyValueSpecification\",\"valueRequired\":true,\"valueName\":\"search_term_string\"}}],\"inLanguage\":\"de\"}]}<\/script>\n<!-- \/ Yoast SEO plugin. -->","yoast_head_json":{"title":"Eimer Isolierung\/ Druckverteilungsplatten \u00d870mm 400 St\u00fcck. - Schroevendump","robots":{"index":"index","follow":"follow","max-snippet":"max-snippet:-1","max-image-preview":"max-image-preview:large","max-video-preview":"max-video-preview:-1"},"canonical":"https:\/\/schroevendump.nl\/de\/produkt\/eimer-isolierung-druckverteilungsplatten-o70mm-400-stueck\/","og_locale":"de_DE","og_type":"article","og_title":"Eimer Isolierung\/ Druckverteilungsplatten \u00d870mm 400 St\u00fcck. - Schroevendump","og_description":"Die \u00d870mm Stahld\u00e4mmringe von Schroevendump sind f\u00fcr die feste und dauerhafte Befestigung von D\u00e4mmplatten konzipiert. Dank ihrer gro\u00dfen Druckverteilungsfl\u00e4che verteilen sie die Kraft der Schraube gleichm\u00e4\u00dfig und verhindern so, dass die Isolierung besch\u00e4digt wird oder zusammenbricht. Die Unterlegscheiben eignen sich besonders f\u00fcr die Isolierschrauben von Schroevendump und stehen sichtbar aus der Oberfl\u00e4che heraus, so dass [&hellip;]","og_url":"https:\/\/schroevendump.nl\/de\/produkt\/eimer-isolierung-druckverteilungsplatten-o70mm-400-stueck\/","og_site_name":"Schroevendump","article_modified_time":"2025-12-10T12:03:36+00:00","og_image":[{"width":2560,"height":2560,"url":"https:\/\/schroevendump.nl\/wp-content\/uploads\/2025\/10\/Schroevendump-emmer-400st-isolatieringen--scaled.png","type":"image\/png"}],"twitter_card":"summary_large_image","twitter_misc":{"Gesch\u00e4tzte Lesezeit":"1\u00a0Minute"},"schema":{"@context":"https:\/\/schema.org","@graph":[{"@type":"WebPage","@id":"https:\/\/schroevendump.nl\/de\/produkt\/eimer-isolierung-druckverteilungsplatten-o70mm-400-stueck\/","url":"https:\/\/schroevendump.nl\/de\/produkt\/eimer-isolierung-druckverteilungsplatten-o70mm-400-stueck\/","name":"Eimer Isolierung\/ Druckverteilungsplatten \u00d870mm 400 St\u00fcck. - Schroevendump","isPartOf":{"@id":"https:\/\/schroevendump.nl\/de\/#website"},"primaryImageOfPage":{"@id":"https:\/\/schroevendump.nl\/de\/produkt\/eimer-isolierung-druckverteilungsplatten-o70mm-400-stueck\/#primaryimage"},"image":{"@id":"https:\/\/schroevendump.nl\/de\/produkt\/eimer-isolierung-druckverteilungsplatten-o70mm-400-stueck\/#primaryimage"},"thumbnailUrl":"https:\/\/schroevendump.nl\/wp-content\/uploads\/2025\/10\/Schroevendump-emmer-400st-isolatieringen--scaled.png","datePublished":"2025-10-04T20:38:20+00:00","dateModified":"2025-12-10T12:03:36+00:00","breadcrumb":{"@id":"https:\/\/schroevendump.nl\/de\/produkt\/eimer-isolierung-druckverteilungsplatten-o70mm-400-stueck\/#breadcrumb"},"inLanguage":"de","potentialAction":[{"@type":"ReadAction","target":["https:\/\/schroevendump.nl\/de\/produkt\/eimer-isolierung-druckverteilungsplatten-o70mm-400-stueck\/"]}]},{"@type":"ImageObject","inLanguage":"de","@id":"https:\/\/schroevendump.nl\/de\/produkt\/eimer-isolierung-druckverteilungsplatten-o70mm-400-stueck\/#primaryimage","url":"https:\/\/schroevendump.nl\/wp-content\/uploads\/2025\/10\/Schroevendump-emmer-400st-isolatieringen--scaled.png","contentUrl":"https:\/\/schroevendump.nl\/wp-content\/uploads\/2025\/10\/Schroevendump-emmer-400st-isolatieringen--scaled.png","width":2560,"height":2560},{"@type":"BreadcrumbList","@id":"https:\/\/schroevendump.nl\/de\/produkt\/eimer-isolierung-druckverteilungsplatten-o70mm-400-stueck\/#breadcrumb","itemListElement":[{"@type":"ListItem","position":1,"name":"Startseite","item":"https:\/\/schroevendump.nl\/de\/"},{"@type":"ListItem","position":2,"name":"Shop","item":"https:\/\/schroevendump.nl\/de\/shop\/"},{"@type":"ListItem","position":3,"name":"Eimer Isolierung\/ Druckverteilungsplatten \u00d870mm 400 St\u00fcck."}]},{"@type":"WebSite","@id":"https:\/\/schroevendump.nl\/de\/#website","url":"https:\/\/schroevendump.nl\/de\/","name":"Schroevendump","description":"","potentialAction":[{"@type":"SearchAction","target":{"@type":"EntryPoint","urlTemplate":"https:\/\/schroevendump.nl\/de\/?s={search_term_string}"},"query-input":{"@type":"PropertyValueSpecification","valueRequired":true,"valueName":"search_term_string"}}],"inLanguage":"de"}]}},"_links":{"self":[{"href":"https:\/\/schroevendump.nl\/de\/wp-json\/wp\/v2\/product\/28822","targetHints":{"allow":["GET"]}}],"collection":[{"href":"https:\/\/schroevendump.nl\/de\/wp-json\/wp\/v2\/product"}],"about":[{"href":"https:\/\/schroevendump.nl\/de\/wp-json\/wp\/v2\/types\/product"}],"replies":[{"embeddable":true,"href":"https:\/\/schroevendump.nl\/de\/wp-json\/wp\/v2\/comments?post=28822"}],"wp:featuredmedia":[{"embeddable":true,"href":"https:\/\/schroevendump.nl\/de\/wp-json\/wp\/v2\/media\/28814"}],"wp:attachment":[{"href":"https:\/\/schroevendump.nl\/de\/wp-json\/wp\/v2\/media?parent=28822"}],"wp:term":[{"taxonomy":"product_brand","embeddable":true,"href":"https:\/\/schroevendump.nl\/de\/wp-json\/wp\/v2\/product_brand?post=28822"},{"taxonomy":"product_cat","embeddable":true,"href":"https:\/\/schroevendump.nl\/de\/wp-json\/wp\/v2\/product_cat?post=28822"},{"taxonomy":"product_tag","embeddable":true,"href":"https:\/\/schroevendump.nl\/de\/wp-json\/wp\/v2\/product_tag?post=28822"}],"curies":[{"name":"wp","href":"https:\/\/api.w.org\/{rel}","templated":true}]}}