{"id":28834,"date":"2024-11-18T14:37:57","date_gmt":"2024-11-18T14:37:57","guid":{"rendered":"https:\/\/schroevendump.nl\/product\/fuellplatten-7-mm-grau-96-stueck-im-kunststoffbehaelter\/"},"modified":"2025-12-10T11:25:53","modified_gmt":"2025-12-10T11:25:53","slug":"fuellplatten-7-mm-grau-96-stueck-im-kunststoffbehaelter","status":"publish","type":"product","link":"https:\/\/schroevendump.nl\/de\/produkt\/fuellplatten-7-mm-grau-96-stueck-im-kunststoffbehaelter\/","title":{"rendered":"F\u00fcllplatten 7 mm grau 96 St\u00fcck im Kunststoffbeh\u00e4lter"},"content":{"rendered":"<p>Die Keile und Unterlegscheiben sind aus Kunststoff gefertigt. Ein Keil wird oft verwendet, um Druck zwischen einer Fuge aufzubauen oder um z.B. Rahmen, Balken etc. zu setzen. <\/p>\n<p>Spachtelplatten sind sehr n\u00fctzlich, um Fugen zu f\u00fcllen. Der Vorteil von Spachtelplatten ist, dass Sie verschiedene Gr\u00f6\u00dfen haben, oft k\u00f6nnen Sie sie schnell gegen eine etwas dickere oder d\u00fcnnere Spachtelplatte austauschen. Unterlegplatten werden auch oft f\u00fcr Fliesen verwendet (in der Regel die 2 mm Unterlegplatten), um gleichm\u00e4\u00dfig gro\u00dfe Fugen zu schaffen. Unterlegplatten sind druckbest\u00e4ndig.  <\/p>\n<p>F\u00fcllplatten sind in 1 mm, 2 mm, 3 mm, 4 mm, 5 mm, 7 mm und 10 mm erh\u00e4ltlich, so dass Sie eine gro\u00dfe Auswahl an F\u00fcllungen haben!<\/p>\n<p>Schroevendump ist einer der g\u00fcnstigsten Webshops in den Niederlanden!<\/p>\n","protected":false},"excerpt":{"rendered":"<p>Die Keile und Unterlegscheiben sind aus Kunststoff gefertigt. Ein Keil wird oft verwendet, um Druck zwischen einer Fuge aufzubauen oder um z.B. Rahmen, Balken etc. zu setzen. Spachtelplatten sind sehr n\u00fctzlich, um Fugen zu f\u00fcllen. Der Vorteil von Spachtelplatten ist, dass Sie verschiedene Gr\u00f6\u00dfen haben, oft k\u00f6nnen Sie sie schnell gegen eine etwas dickere oder [&hellip;]<\/p>\n","protected":false},"featured_media":28828,"comment_status":"open","ping_status":"closed","template":"","meta":[],"product_brand":[],"product_cat":[720],"product_tag":[],"class_list":{"0":"post-28834","1":"product","2":"type-product","3":"status-publish","4":"has-post-thumbnail","6":"product_cat-unterlegscheiben-keile","8":"first","9":"instock","10":"taxable","11":"shipping-taxable","12":"purchasable","13":"product-type-simple"},"supplier_id":null,"supplier_sku":"","barcode":null,"atum_controlled":true,"out_stock_date":null,"out_stock_threshold":null,"inheritable":false,"inbound_stock":0,"stock_on_hold":3,"sold_today":5,"sales_last_days":15,"reserved_stock":0,"customer_returns":0,"warehouse_damage":0,"lost_in_post":0,"other_logs":0,"out_stock_days":0,"lost_sales":0,"has_location":false,"update_date":"2026-04-14T19:31:42","atum_locations":[],"atum_stock_status":"instock","restock_status":false,"low_stock_amount":"","sales_update_date":"2026-04-14T19:31:42","calc_backorders":null,"acf":[],"yoast_head":"<!-- This site is optimized with the Yoast SEO plugin v26.6 - https:\/\/yoast.com\/wordpress\/plugins\/seo\/ -->\n<title>F\u00fcllplatten 7 mm grau 96 St\u00fcck im Kunststoffbeh\u00e4lter - Schroevendump<\/title>\n<meta name=\"robots\" content=\"index, follow, max-snippet:-1, max-image-preview:large, max-video-preview:-1\" \/>\n<link rel=\"canonical\" href=\"https:\/\/schroevendump.nl\/de\/produkt\/fuellplatten-7-mm-grau-96-stueck-im-kunststoffbehaelter\/\" \/>\n<meta property=\"og:locale\" content=\"de_DE\" \/>\n<meta property=\"og:type\" content=\"article\" \/>\n<meta property=\"og:title\" content=\"F\u00fcllplatten 7 mm grau 96 St\u00fcck im Kunststoffbeh\u00e4lter - Schroevendump\" \/>\n<meta property=\"og:description\" content=\"Die Keile und Unterlegscheiben sind aus Kunststoff gefertigt. Ein Keil wird oft verwendet, um Druck zwischen einer Fuge aufzubauen oder um z.B. Rahmen, Balken etc. zu setzen. Spachtelplatten sind sehr n\u00fctzlich, um Fugen zu f\u00fcllen. Der Vorteil von Spachtelplatten ist, dass Sie verschiedene Gr\u00f6\u00dfen haben, oft k\u00f6nnen Sie sie schnell gegen eine etwas dickere oder [&hellip;]\" \/>\n<meta property=\"og:url\" content=\"https:\/\/schroevendump.nl\/de\/produkt\/fuellplatten-7-mm-grau-96-stueck-im-kunststoffbehaelter\/\" \/>\n<meta property=\"og:site_name\" content=\"Schroevendump\" \/>\n<meta property=\"article:modified_time\" content=\"2025-12-10T11:25:53+00:00\" \/>\n<meta property=\"og:image\" content=\"https:\/\/schroevendump.nl\/wp-content\/uploads\/2024\/11\/vulplaat_7mm-removebg-preview.png\" \/>\n\t<meta property=\"og:image:width\" content=\"500\" \/>\n\t<meta property=\"og:image:height\" content=\"500\" \/>\n\t<meta property=\"og:image:type\" content=\"image\/png\" \/>\n<meta name=\"twitter:card\" content=\"summary_large_image\" \/>\n<meta name=\"twitter:label1\" content=\"Gesch\u00e4tzte Lesezeit\" \/>\n\t<meta name=\"twitter:data1\" content=\"1\u00a0Minute\" \/>\n<script type=\"application\/ld+json\" class=\"yoast-schema-graph\">{\"@context\":\"https:\/\/schema.org\",\"@graph\":[{\"@type\":\"WebPage\",\"@id\":\"https:\/\/schroevendump.nl\/de\/produkt\/fuellplatten-7-mm-grau-96-stueck-im-kunststoffbehaelter\/\",\"url\":\"https:\/\/schroevendump.nl\/de\/produkt\/fuellplatten-7-mm-grau-96-stueck-im-kunststoffbehaelter\/\",\"name\":\"F\u00fcllplatten 7 mm grau 96 St\u00fcck im Kunststoffbeh\u00e4lter - Schroevendump\",\"isPartOf\":{\"@id\":\"https:\/\/schroevendump.nl\/de\/#website\"},\"primaryImageOfPage\":{\"@id\":\"https:\/\/schroevendump.nl\/de\/produkt\/fuellplatten-7-mm-grau-96-stueck-im-kunststoffbehaelter\/#primaryimage\"},\"image\":{\"@id\":\"https:\/\/schroevendump.nl\/de\/produkt\/fuellplatten-7-mm-grau-96-stueck-im-kunststoffbehaelter\/#primaryimage\"},\"thumbnailUrl\":\"https:\/\/schroevendump.nl\/wp-content\/uploads\/2024\/11\/vulplaat_7mm-removebg-preview.png\",\"datePublished\":\"2024-11-18T14:37:57+00:00\",\"dateModified\":\"2025-12-10T11:25:53+00:00\",\"breadcrumb\":{\"@id\":\"https:\/\/schroevendump.nl\/de\/produkt\/fuellplatten-7-mm-grau-96-stueck-im-kunststoffbehaelter\/#breadcrumb\"},\"inLanguage\":\"de\",\"potentialAction\":[{\"@type\":\"ReadAction\",\"target\":[\"https:\/\/schroevendump.nl\/de\/produkt\/fuellplatten-7-mm-grau-96-stueck-im-kunststoffbehaelter\/\"]}]},{\"@type\":\"ImageObject\",\"inLanguage\":\"de\",\"@id\":\"https:\/\/schroevendump.nl\/de\/produkt\/fuellplatten-7-mm-grau-96-stueck-im-kunststoffbehaelter\/#primaryimage\",\"url\":\"https:\/\/schroevendump.nl\/wp-content\/uploads\/2024\/11\/vulplaat_7mm-removebg-preview.png\",\"contentUrl\":\"https:\/\/schroevendump.nl\/wp-content\/uploads\/2024\/11\/vulplaat_7mm-removebg-preview.png\",\"width\":500,\"height\":500},{\"@type\":\"BreadcrumbList\",\"@id\":\"https:\/\/schroevendump.nl\/de\/produkt\/fuellplatten-7-mm-grau-96-stueck-im-kunststoffbehaelter\/#breadcrumb\",\"itemListElement\":[{\"@type\":\"ListItem\",\"position\":1,\"name\":\"Startseite\",\"item\":\"https:\/\/schroevendump.nl\/de\/\"},{\"@type\":\"ListItem\",\"position\":2,\"name\":\"Shop\",\"item\":\"https:\/\/schroevendump.nl\/de\/shop\/\"},{\"@type\":\"ListItem\",\"position\":3,\"name\":\"F\u00fcllplatten 7 mm grau 96 St\u00fcck im Kunststoffbeh\u00e4lter\"}]},{\"@type\":\"WebSite\",\"@id\":\"https:\/\/schroevendump.nl\/de\/#website\",\"url\":\"https:\/\/schroevendump.nl\/de\/\",\"name\":\"Schroevendump\",\"description\":\"\",\"potentialAction\":[{\"@type\":\"SearchAction\",\"target\":{\"@type\":\"EntryPoint\",\"urlTemplate\":\"https:\/\/schroevendump.nl\/de\/?s={search_term_string}\"},\"query-input\":{\"@type\":\"PropertyValueSpecification\",\"valueRequired\":true,\"valueName\":\"search_term_string\"}}],\"inLanguage\":\"de\"}]}<\/script>\n<!-- \/ Yoast SEO plugin. -->","yoast_head_json":{"title":"F\u00fcllplatten 7 mm grau 96 St\u00fcck im Kunststoffbeh\u00e4lter - Schroevendump","robots":{"index":"index","follow":"follow","max-snippet":"max-snippet:-1","max-image-preview":"max-image-preview:large","max-video-preview":"max-video-preview:-1"},"canonical":"https:\/\/schroevendump.nl\/de\/produkt\/fuellplatten-7-mm-grau-96-stueck-im-kunststoffbehaelter\/","og_locale":"de_DE","og_type":"article","og_title":"F\u00fcllplatten 7 mm grau 96 St\u00fcck im Kunststoffbeh\u00e4lter - Schroevendump","og_description":"Die Keile und Unterlegscheiben sind aus Kunststoff gefertigt. Ein Keil wird oft verwendet, um Druck zwischen einer Fuge aufzubauen oder um z.B. Rahmen, Balken etc. zu setzen. Spachtelplatten sind sehr n\u00fctzlich, um Fugen zu f\u00fcllen. Der Vorteil von Spachtelplatten ist, dass Sie verschiedene Gr\u00f6\u00dfen haben, oft k\u00f6nnen Sie sie schnell gegen eine etwas dickere oder [&hellip;]","og_url":"https:\/\/schroevendump.nl\/de\/produkt\/fuellplatten-7-mm-grau-96-stueck-im-kunststoffbehaelter\/","og_site_name":"Schroevendump","article_modified_time":"2025-12-10T11:25:53+00:00","og_image":[{"width":500,"height":500,"url":"https:\/\/schroevendump.nl\/wp-content\/uploads\/2024\/11\/vulplaat_7mm-removebg-preview.png","type":"image\/png"}],"twitter_card":"summary_large_image","twitter_misc":{"Gesch\u00e4tzte Lesezeit":"1\u00a0Minute"},"schema":{"@context":"https:\/\/schema.org","@graph":[{"@type":"WebPage","@id":"https:\/\/schroevendump.nl\/de\/produkt\/fuellplatten-7-mm-grau-96-stueck-im-kunststoffbehaelter\/","url":"https:\/\/schroevendump.nl\/de\/produkt\/fuellplatten-7-mm-grau-96-stueck-im-kunststoffbehaelter\/","name":"F\u00fcllplatten 7 mm grau 96 St\u00fcck im Kunststoffbeh\u00e4lter - Schroevendump","isPartOf":{"@id":"https:\/\/schroevendump.nl\/de\/#website"},"primaryImageOfPage":{"@id":"https:\/\/schroevendump.nl\/de\/produkt\/fuellplatten-7-mm-grau-96-stueck-im-kunststoffbehaelter\/#primaryimage"},"image":{"@id":"https:\/\/schroevendump.nl\/de\/produkt\/fuellplatten-7-mm-grau-96-stueck-im-kunststoffbehaelter\/#primaryimage"},"thumbnailUrl":"https:\/\/schroevendump.nl\/wp-content\/uploads\/2024\/11\/vulplaat_7mm-removebg-preview.png","datePublished":"2024-11-18T14:37:57+00:00","dateModified":"2025-12-10T11:25:53+00:00","breadcrumb":{"@id":"https:\/\/schroevendump.nl\/de\/produkt\/fuellplatten-7-mm-grau-96-stueck-im-kunststoffbehaelter\/#breadcrumb"},"inLanguage":"de","potentialAction":[{"@type":"ReadAction","target":["https:\/\/schroevendump.nl\/de\/produkt\/fuellplatten-7-mm-grau-96-stueck-im-kunststoffbehaelter\/"]}]},{"@type":"ImageObject","inLanguage":"de","@id":"https:\/\/schroevendump.nl\/de\/produkt\/fuellplatten-7-mm-grau-96-stueck-im-kunststoffbehaelter\/#primaryimage","url":"https:\/\/schroevendump.nl\/wp-content\/uploads\/2024\/11\/vulplaat_7mm-removebg-preview.png","contentUrl":"https:\/\/schroevendump.nl\/wp-content\/uploads\/2024\/11\/vulplaat_7mm-removebg-preview.png","width":500,"height":500},{"@type":"BreadcrumbList","@id":"https:\/\/schroevendump.nl\/de\/produkt\/fuellplatten-7-mm-grau-96-stueck-im-kunststoffbehaelter\/#breadcrumb","itemListElement":[{"@type":"ListItem","position":1,"name":"Startseite","item":"https:\/\/schroevendump.nl\/de\/"},{"@type":"ListItem","position":2,"name":"Shop","item":"https:\/\/schroevendump.nl\/de\/shop\/"},{"@type":"ListItem","position":3,"name":"F\u00fcllplatten 7 mm grau 96 St\u00fcck im Kunststoffbeh\u00e4lter"}]},{"@type":"WebSite","@id":"https:\/\/schroevendump.nl\/de\/#website","url":"https:\/\/schroevendump.nl\/de\/","name":"Schroevendump","description":"","potentialAction":[{"@type":"SearchAction","target":{"@type":"EntryPoint","urlTemplate":"https:\/\/schroevendump.nl\/de\/?s={search_term_string}"},"query-input":{"@type":"PropertyValueSpecification","valueRequired":true,"valueName":"search_term_string"}}],"inLanguage":"de"}]}},"_links":{"self":[{"href":"https:\/\/schroevendump.nl\/de\/wp-json\/wp\/v2\/product\/28834","targetHints":{"allow":["GET"]}}],"collection":[{"href":"https:\/\/schroevendump.nl\/de\/wp-json\/wp\/v2\/product"}],"about":[{"href":"https:\/\/schroevendump.nl\/de\/wp-json\/wp\/v2\/types\/product"}],"replies":[{"embeddable":true,"href":"https:\/\/schroevendump.nl\/de\/wp-json\/wp\/v2\/comments?post=28834"}],"wp:featuredmedia":[{"embeddable":true,"href":"https:\/\/schroevendump.nl\/de\/wp-json\/wp\/v2\/media\/28828"}],"wp:attachment":[{"href":"https:\/\/schroevendump.nl\/de\/wp-json\/wp\/v2\/media?parent=28834"}],"wp:term":[{"taxonomy":"product_brand","embeddable":true,"href":"https:\/\/schroevendump.nl\/de\/wp-json\/wp\/v2\/product_brand?post=28834"},{"taxonomy":"product_cat","embeddable":true,"href":"https:\/\/schroevendump.nl\/de\/wp-json\/wp\/v2\/product_cat?post=28834"},{"taxonomy":"product_tag","embeddable":true,"href":"https:\/\/schroevendump.nl\/de\/wp-json\/wp\/v2\/product_tag?post=28834"}],"curies":[{"name":"wp","href":"https:\/\/api.w.org\/{rel}","templated":true}]}}