{"id":28853,"date":"2025-05-22T15:13:38","date_gmt":"2025-05-22T15:13:38","guid":{"rendered":"https:\/\/schroevendump.nl\/product\/stanley-klauenhammer-blue-strike-450gr-1-51-488-professioneller-schreinerhammer\/"},"modified":"2025-12-10T11:40:08","modified_gmt":"2025-12-10T11:40:08","slug":"stanley-klauenhammer-blue-strike-450gr-1-51-488-professioneller-schreinerhammer","status":"publish","type":"product","link":"https:\/\/schroevendump.nl\/de\/produkt\/stanley-klauenhammer-blue-strike-450gr-1-51-488-professioneller-schreinerhammer\/","title":{"rendered":"Stanley Klauenhammer Blue Strike 450gr &#8211; 1-51-488 &#8211; Professioneller Schreinerhammer"},"content":{"rendered":"<h3 data-start=\"121\" data-end=\"176\">\ud83d\udee0\ufe0f Stanley Klauenhammer Blue Strike 450gr (1-51-488)<\/h3>\n<p data-start=\"178\" data-end=\"243\"><strong data-start=\"178\" data-end=\"243\">Robuster und zuverl\u00e4ssiger Klauenhammer f\u00fcr den professionellen Einsatz<\/strong><\/p>\n<p data-start=\"245\" data-end=\"399\"><span class=\"relative -mx-px my-[-0.2rem] rounded px-px py-[0.2rem] transition-colors duration-100 ease-in-out\">Der Stanley Klauenhammer Blue Strike 450gr wurde sowohl f\u00fcr Profis als auch f\u00fcr Heimwerker entwickelt, die einen langlebigen und komfortablen Hammer suchen.<\/span> <span class=\"relative -mx-px my-[-0.2rem] rounded px-px py-[0.2rem] transition-colors duration-100 ease-in-out\">Mit seinem geh\u00e4rteten und geschmiedeten Kopf bietet dieser Hammer ausgezeichnete St\u00e4rke und Haltbarkeit.<\/span> <span class=\"relative -mx-px my-[-0.2rem] rounded px-px py-[0.2rem] transition-colors duration-100 ease-in-out\">Der r\u00f6hrenf\u00f6rmige, ovale Griff kombiniert St\u00e4rke mit geringem Gewicht und sorgt f\u00fcr ein perfektes Gleichgewicht w\u00e4hrend des Gebrauchs.<\/span><\/p>\n<ul data-start=\"431\" data-end=\"811\">\n<li data-start=\"431\" data-end=\"489\">\n<p data-start=\"433\" data-end=\"489\"><strong data-start=\"433\" data-end=\"449\">Gewicht des Kopfes:<\/strong> <span class=\"relative -mx-px my-[-0.2rem] rounded px-px py-[0.2rem] transition-colors duration-100 ease-in-out\">450 Gramm<\/span><\/p>\n<\/li>\n<li data-start=\"490\" data-end=\"543\">\n<p data-start=\"492\" data-end=\"543\"><strong data-start=\"492\" data-end=\"503\">L\u00e4nge:<\/strong> <span class=\"relative -mx-px my-[-0.2rem] rounded px-px py-[0.2rem] transition-colors duration-100 ease-in-out\">325 mm<\/span><\/p>\n<\/li>\n<li data-start=\"544\" data-end=\"604\">\n<p data-start=\"546\" data-end=\"604\"><strong data-start=\"546\" data-end=\"564\">Material Kopf:<\/strong> <span class=\"relative -mx-px my-[-0.2rem] rounded px-px py-[0.2rem] transition-colors duration-100 ease-in-out\">Geh\u00e4rteter und geschmiedeter Stahl f\u00fcr zus\u00e4tzliche St\u00e4rke<\/span><\/p>\n<\/li>\n<li data-start=\"605\" data-end=\"657\">\n<p data-start=\"607\" data-end=\"657\"><strong data-start=\"607\" data-end=\"617\">Handgriff:<\/strong> <span class=\"relative -mx-px my-[-0.2rem] rounded px-px py-[0.2rem] transition-colors duration-100 ease-in-out\">Ovaler Rohrgriff, der St\u00e4rke und geringes Gewicht kombiniert<\/span><\/p>\n<\/li>\n<li data-start=\"658\" data-end=\"714\">\n<p data-start=\"660\" data-end=\"714\"><strong data-start=\"660\" data-end=\"674\">Handgriff:<\/strong> <span class=\"relative -mx-px my-[-0.2rem] rounded px-px py-[0.2rem] transition-colors duration-100 ease-in-out\">Ergonomisch geformt f\u00fcr Komfort und Kontrolle<\/span><\/p>\n<\/li>\n<li data-start=\"715\" data-end=\"811\">\n<p data-start=\"717\" data-end=\"811\"><strong data-start=\"717\" data-end=\"732\">Anwendung:<\/strong> <span class=\"relative -mx-px my-[-0.2rem] rounded px-px py-[0.2rem] transition-colors duration-100 ease-in-out\">Ideal f\u00fcr verschiedene Tischlerarbeiten und allgemeine Arbeiten<\/span><\/p>\n<\/li>\n<\/ul>\n<p>&nbsp;<\/p>\n<p data-start=\"1112\" data-end=\"1129\"><strong data-start=\"1112\" data-end=\"1129\">Anwendungen:<\/strong><\/p>\n<p data-start=\"1131\" data-end=\"1209\"><span class=\"relative -mx-px my-[-0.2rem] rounded px-px py-[0.2rem] transition-colors duration-100 ease-in-out\">Perfekt zum Einschlagen und Herausziehen von N\u00e4geln sowie f\u00fcr andere Tischlerarbeiten, die Pr\u00e4zision und Kraft erfordern.<\/span><\/p>\n","protected":false},"excerpt":{"rendered":"<p>\ud83d\udee0\ufe0f Stanley Klauenhammer Blue Strike 450gr (1-51-488) Robuster und zuverl\u00e4ssiger Klauenhammer f\u00fcr den professionellen Einsatz Der Stanley Klauenhammer Blue Strike 450gr wurde sowohl f\u00fcr Profis als auch f\u00fcr Heimwerker entwickelt, die einen langlebigen und komfortablen Hammer suchen. Mit seinem geh\u00e4rteten und geschmiedeten Kopf bietet dieser Hammer ausgezeichnete St\u00e4rke und Haltbarkeit. Der r\u00f6hrenf\u00f6rmige, ovale Griff kombiniert [&hellip;]<\/p>\n","protected":false},"featured_media":28855,"comment_status":"open","ping_status":"closed","template":"","meta":[],"product_brand":[],"product_cat":[589],"product_tag":[],"class_list":{"0":"post-28853","1":"product","2":"type-product","3":"status-publish","4":"has-post-thumbnail","6":"product_cat-handwerkzeuge","8":"first","9":"instock","10":"taxable","11":"shipping-taxable","12":"purchasable","13":"product-type-simple"},"supplier_id":null,"supplier_sku":"","barcode":null,"atum_controlled":true,"out_stock_date":null,"out_stock_threshold":null,"inheritable":false,"inbound_stock":0,"stock_on_hold":0,"sold_today":0,"sales_last_days":0,"reserved_stock":0,"customer_returns":0,"warehouse_damage":0,"lost_in_post":0,"other_logs":0,"out_stock_days":0,"lost_sales":0,"has_location":false,"update_date":"2026-04-25T01:06:24","atum_locations":[],"atum_stock_status":"instock","restock_status":false,"low_stock_amount":"","sales_update_date":"2026-04-25T01:06:24","calc_backorders":null,"acf":[],"yoast_head":"<!-- This site is optimized with the Yoast SEO plugin v26.6 - https:\/\/yoast.com\/wordpress\/plugins\/seo\/ -->\n<title>Stanley Klauenhammer Blue Strike 450gr - 1-51-488 - Professioneller Schreinerhammer - Schroevendump<\/title>\n<meta name=\"robots\" content=\"index, follow, max-snippet:-1, max-image-preview:large, max-video-preview:-1\" \/>\n<link rel=\"canonical\" href=\"https:\/\/schroevendump.nl\/de\/produkt\/stanley-klauenhammer-blue-strike-450gr-1-51-488-professioneller-schreinerhammer\/\" \/>\n<meta property=\"og:locale\" content=\"de_DE\" \/>\n<meta property=\"og:type\" content=\"article\" \/>\n<meta property=\"og:title\" content=\"Stanley Klauenhammer Blue Strike 450gr - 1-51-488 - Professioneller Schreinerhammer - Schroevendump\" \/>\n<meta property=\"og:description\" content=\"\ud83d\udee0\ufe0f Stanley Klauenhammer Blue Strike 450gr (1-51-488) Robuster und zuverl\u00e4ssiger Klauenhammer f\u00fcr den professionellen Einsatz Der Stanley Klauenhammer Blue Strike 450gr wurde sowohl f\u00fcr Profis als auch f\u00fcr Heimwerker entwickelt, die einen langlebigen und komfortablen Hammer suchen. Mit seinem geh\u00e4rteten und geschmiedeten Kopf bietet dieser Hammer ausgezeichnete St\u00e4rke und Haltbarkeit. Der r\u00f6hrenf\u00f6rmige, ovale Griff kombiniert [&hellip;]\" \/>\n<meta property=\"og:url\" content=\"https:\/\/schroevendump.nl\/de\/produkt\/stanley-klauenhammer-blue-strike-450gr-1-51-488-professioneller-schreinerhammer\/\" \/>\n<meta property=\"og:site_name\" content=\"Schroevendump\" \/>\n<meta property=\"article:modified_time\" content=\"2025-12-10T11:40:08+00:00\" \/>\n<meta property=\"og:image\" content=\"https:\/\/schroevendump.nl\/wp-content\/uploads\/2025\/05\/1-51-488_1_1_-removebg-preview.png\" \/>\n\t<meta property=\"og:image:width\" content=\"500\" \/>\n\t<meta property=\"og:image:height\" content=\"500\" \/>\n\t<meta property=\"og:image:type\" content=\"image\/png\" \/>\n<meta name=\"twitter:card\" content=\"summary_large_image\" \/>\n<meta name=\"twitter:label1\" content=\"Gesch\u00e4tzte Lesezeit\" \/>\n\t<meta name=\"twitter:data1\" content=\"1\u00a0Minute\" \/>\n<script type=\"application\/ld+json\" class=\"yoast-schema-graph\">{\"@context\":\"https:\/\/schema.org\",\"@graph\":[{\"@type\":\"WebPage\",\"@id\":\"https:\/\/schroevendump.nl\/de\/produkt\/stanley-klauenhammer-blue-strike-450gr-1-51-488-professioneller-schreinerhammer\/\",\"url\":\"https:\/\/schroevendump.nl\/de\/produkt\/stanley-klauenhammer-blue-strike-450gr-1-51-488-professioneller-schreinerhammer\/\",\"name\":\"Stanley Klauenhammer Blue Strike 450gr - 1-51-488 - Professioneller Schreinerhammer - Schroevendump\",\"isPartOf\":{\"@id\":\"https:\/\/schroevendump.nl\/de\/#website\"},\"primaryImageOfPage\":{\"@id\":\"https:\/\/schroevendump.nl\/de\/produkt\/stanley-klauenhammer-blue-strike-450gr-1-51-488-professioneller-schreinerhammer\/#primaryimage\"},\"image\":{\"@id\":\"https:\/\/schroevendump.nl\/de\/produkt\/stanley-klauenhammer-blue-strike-450gr-1-51-488-professioneller-schreinerhammer\/#primaryimage\"},\"thumbnailUrl\":\"https:\/\/schroevendump.nl\/wp-content\/uploads\/2025\/05\/1-51-488_1_1_-removebg-preview.png\",\"datePublished\":\"2025-05-22T15:13:38+00:00\",\"dateModified\":\"2025-12-10T11:40:08+00:00\",\"breadcrumb\":{\"@id\":\"https:\/\/schroevendump.nl\/de\/produkt\/stanley-klauenhammer-blue-strike-450gr-1-51-488-professioneller-schreinerhammer\/#breadcrumb\"},\"inLanguage\":\"de\",\"potentialAction\":[{\"@type\":\"ReadAction\",\"target\":[\"https:\/\/schroevendump.nl\/de\/produkt\/stanley-klauenhammer-blue-strike-450gr-1-51-488-professioneller-schreinerhammer\/\"]}]},{\"@type\":\"ImageObject\",\"inLanguage\":\"de\",\"@id\":\"https:\/\/schroevendump.nl\/de\/produkt\/stanley-klauenhammer-blue-strike-450gr-1-51-488-professioneller-schreinerhammer\/#primaryimage\",\"url\":\"https:\/\/schroevendump.nl\/wp-content\/uploads\/2025\/05\/1-51-488_1_1_-removebg-preview.png\",\"contentUrl\":\"https:\/\/schroevendump.nl\/wp-content\/uploads\/2025\/05\/1-51-488_1_1_-removebg-preview.png\",\"width\":500,\"height\":500},{\"@type\":\"BreadcrumbList\",\"@id\":\"https:\/\/schroevendump.nl\/de\/produkt\/stanley-klauenhammer-blue-strike-450gr-1-51-488-professioneller-schreinerhammer\/#breadcrumb\",\"itemListElement\":[{\"@type\":\"ListItem\",\"position\":1,\"name\":\"Startseite\",\"item\":\"https:\/\/schroevendump.nl\/de\/\"},{\"@type\":\"ListItem\",\"position\":2,\"name\":\"Shop\",\"item\":\"https:\/\/schroevendump.nl\/de\/shop\/\"},{\"@type\":\"ListItem\",\"position\":3,\"name\":\"Stanley Klauenhammer Blue Strike 450gr &#8211; 1-51-488 &#8211; Professioneller Schreinerhammer\"}]},{\"@type\":\"WebSite\",\"@id\":\"https:\/\/schroevendump.nl\/de\/#website\",\"url\":\"https:\/\/schroevendump.nl\/de\/\",\"name\":\"Schroevendump\",\"description\":\"\",\"potentialAction\":[{\"@type\":\"SearchAction\",\"target\":{\"@type\":\"EntryPoint\",\"urlTemplate\":\"https:\/\/schroevendump.nl\/de\/?s={search_term_string}\"},\"query-input\":{\"@type\":\"PropertyValueSpecification\",\"valueRequired\":true,\"valueName\":\"search_term_string\"}}],\"inLanguage\":\"de\"}]}<\/script>\n<!-- \/ Yoast SEO plugin. -->","yoast_head_json":{"title":"Stanley Klauenhammer Blue Strike 450gr - 1-51-488 - Professioneller Schreinerhammer - Schroevendump","robots":{"index":"index","follow":"follow","max-snippet":"max-snippet:-1","max-image-preview":"max-image-preview:large","max-video-preview":"max-video-preview:-1"},"canonical":"https:\/\/schroevendump.nl\/de\/produkt\/stanley-klauenhammer-blue-strike-450gr-1-51-488-professioneller-schreinerhammer\/","og_locale":"de_DE","og_type":"article","og_title":"Stanley Klauenhammer Blue Strike 450gr - 1-51-488 - Professioneller Schreinerhammer - Schroevendump","og_description":"\ud83d\udee0\ufe0f Stanley Klauenhammer Blue Strike 450gr (1-51-488) Robuster und zuverl\u00e4ssiger Klauenhammer f\u00fcr den professionellen Einsatz Der Stanley Klauenhammer Blue Strike 450gr wurde sowohl f\u00fcr Profis als auch f\u00fcr Heimwerker entwickelt, die einen langlebigen und komfortablen Hammer suchen. Mit seinem geh\u00e4rteten und geschmiedeten Kopf bietet dieser Hammer ausgezeichnete St\u00e4rke und Haltbarkeit. Der r\u00f6hrenf\u00f6rmige, ovale Griff kombiniert [&hellip;]","og_url":"https:\/\/schroevendump.nl\/de\/produkt\/stanley-klauenhammer-blue-strike-450gr-1-51-488-professioneller-schreinerhammer\/","og_site_name":"Schroevendump","article_modified_time":"2025-12-10T11:40:08+00:00","og_image":[{"width":500,"height":500,"url":"https:\/\/schroevendump.nl\/wp-content\/uploads\/2025\/05\/1-51-488_1_1_-removebg-preview.png","type":"image\/png"}],"twitter_card":"summary_large_image","twitter_misc":{"Gesch\u00e4tzte Lesezeit":"1\u00a0Minute"},"schema":{"@context":"https:\/\/schema.org","@graph":[{"@type":"WebPage","@id":"https:\/\/schroevendump.nl\/de\/produkt\/stanley-klauenhammer-blue-strike-450gr-1-51-488-professioneller-schreinerhammer\/","url":"https:\/\/schroevendump.nl\/de\/produkt\/stanley-klauenhammer-blue-strike-450gr-1-51-488-professioneller-schreinerhammer\/","name":"Stanley Klauenhammer Blue Strike 450gr - 1-51-488 - Professioneller Schreinerhammer - Schroevendump","isPartOf":{"@id":"https:\/\/schroevendump.nl\/de\/#website"},"primaryImageOfPage":{"@id":"https:\/\/schroevendump.nl\/de\/produkt\/stanley-klauenhammer-blue-strike-450gr-1-51-488-professioneller-schreinerhammer\/#primaryimage"},"image":{"@id":"https:\/\/schroevendump.nl\/de\/produkt\/stanley-klauenhammer-blue-strike-450gr-1-51-488-professioneller-schreinerhammer\/#primaryimage"},"thumbnailUrl":"https:\/\/schroevendump.nl\/wp-content\/uploads\/2025\/05\/1-51-488_1_1_-removebg-preview.png","datePublished":"2025-05-22T15:13:38+00:00","dateModified":"2025-12-10T11:40:08+00:00","breadcrumb":{"@id":"https:\/\/schroevendump.nl\/de\/produkt\/stanley-klauenhammer-blue-strike-450gr-1-51-488-professioneller-schreinerhammer\/#breadcrumb"},"inLanguage":"de","potentialAction":[{"@type":"ReadAction","target":["https:\/\/schroevendump.nl\/de\/produkt\/stanley-klauenhammer-blue-strike-450gr-1-51-488-professioneller-schreinerhammer\/"]}]},{"@type":"ImageObject","inLanguage":"de","@id":"https:\/\/schroevendump.nl\/de\/produkt\/stanley-klauenhammer-blue-strike-450gr-1-51-488-professioneller-schreinerhammer\/#primaryimage","url":"https:\/\/schroevendump.nl\/wp-content\/uploads\/2025\/05\/1-51-488_1_1_-removebg-preview.png","contentUrl":"https:\/\/schroevendump.nl\/wp-content\/uploads\/2025\/05\/1-51-488_1_1_-removebg-preview.png","width":500,"height":500},{"@type":"BreadcrumbList","@id":"https:\/\/schroevendump.nl\/de\/produkt\/stanley-klauenhammer-blue-strike-450gr-1-51-488-professioneller-schreinerhammer\/#breadcrumb","itemListElement":[{"@type":"ListItem","position":1,"name":"Startseite","item":"https:\/\/schroevendump.nl\/de\/"},{"@type":"ListItem","position":2,"name":"Shop","item":"https:\/\/schroevendump.nl\/de\/shop\/"},{"@type":"ListItem","position":3,"name":"Stanley Klauenhammer Blue Strike 450gr &#8211; 1-51-488 &#8211; Professioneller Schreinerhammer"}]},{"@type":"WebSite","@id":"https:\/\/schroevendump.nl\/de\/#website","url":"https:\/\/schroevendump.nl\/de\/","name":"Schroevendump","description":"","potentialAction":[{"@type":"SearchAction","target":{"@type":"EntryPoint","urlTemplate":"https:\/\/schroevendump.nl\/de\/?s={search_term_string}"},"query-input":{"@type":"PropertyValueSpecification","valueRequired":true,"valueName":"search_term_string"}}],"inLanguage":"de"}]}},"_links":{"self":[{"href":"https:\/\/schroevendump.nl\/de\/wp-json\/wp\/v2\/product\/28853","targetHints":{"allow":["GET"]}}],"collection":[{"href":"https:\/\/schroevendump.nl\/de\/wp-json\/wp\/v2\/product"}],"about":[{"href":"https:\/\/schroevendump.nl\/de\/wp-json\/wp\/v2\/types\/product"}],"replies":[{"embeddable":true,"href":"https:\/\/schroevendump.nl\/de\/wp-json\/wp\/v2\/comments?post=28853"}],"wp:featuredmedia":[{"embeddable":true,"href":"https:\/\/schroevendump.nl\/de\/wp-json\/wp\/v2\/media\/28855"}],"wp:attachment":[{"href":"https:\/\/schroevendump.nl\/de\/wp-json\/wp\/v2\/media?parent=28853"}],"wp:term":[{"taxonomy":"product_brand","embeddable":true,"href":"https:\/\/schroevendump.nl\/de\/wp-json\/wp\/v2\/product_brand?post=28853"},{"taxonomy":"product_cat","embeddable":true,"href":"https:\/\/schroevendump.nl\/de\/wp-json\/wp\/v2\/product_cat?post=28853"},{"taxonomy":"product_tag","embeddable":true,"href":"https:\/\/schroevendump.nl\/de\/wp-json\/wp\/v2\/product_tag?post=28853"}],"curies":[{"name":"wp","href":"https:\/\/api.w.org\/{rel}","templated":true}]}}