{"id":28865,"date":"2025-05-22T14:20:27","date_gmt":"2025-05-22T14:20:27","guid":{"rendered":"https:\/\/schroevendump.nl\/product\/stanley-wonder-bar-300mm-1-55-515-abbruchmeissel-fuer-den-professionellen-einsatz\/"},"modified":"2025-12-10T11:40:15","modified_gmt":"2025-12-10T11:40:15","slug":"stanley-wonder-bar-300mm-1-55-515-abbruchmeissel-fuer-den-professionellen-einsatz","status":"publish","type":"product","link":"https:\/\/schroevendump.nl\/de\/produkt\/stanley-wonder-bar-300mm-1-55-515-abbruchmeissel-fuer-den-professionellen-einsatz\/","title":{"rendered":"Stanley Wonder Bar 300mm &#8211; 1-55-515 &#8211; Abbruchmei\u00dfel f\u00fcr den professionellen Einsatz"},"content":{"rendered":"<h3 data-start=\"173\" data-end=\"216\">\ud83d\udee0\ufe0f Stanley Wunderstange 300mm (1-55-515)<\/h3>\n<p data-start=\"218\" data-end=\"284\"><strong data-start=\"218\" data-end=\"284\">Vielseitiger und langlebiger Abbruchmei\u00dfel f\u00fcr den professionellen Einsatz<\/strong><\/p>\n<p data-start=\"286\" data-end=\"438\"><span class=\"relative -mx-px my-[-0.2rem] rounded px-px py-[0.2rem] transition-colors duration-100 ease-in-out\">Die 300 mm Stanley Wonder Bar ist ein unverzichtbares Werkzeug f\u00fcr Abbruch- und Renovierungsarbeiten.<\/span> <span class=\"relative -mx-px my-[-0.2rem] rounded px-px py-[0.2rem] transition-colors duration-100 ease-in-out\">Dieser Abbruchmei\u00dfel aus geschmiedetem, hochwertigem Kohlenstoffstahl bietet hervorragende Haltbarkeit und St\u00e4rke.<\/span> <span class=\"relative -mx-px my-[-0.2rem] rounded px-px py-[0.2rem] transition-colors duration-100 ease-in-out\">Die abgeflachten Enden und die abgeschr\u00e4gten Nagelschlitze erleichtern das Entfernen von N\u00e4geln, das Trennen von Materialien und das Schaben von Oberfl\u00e4chen.<\/span><\/p>\n<p data-start=\"440\" data-end=\"468\"><strong data-start=\"440\" data-end=\"468\">Wichtige Merkmale:<\/strong><\/p>\n<ul data-start=\"470\" data-end=\"831\">\n<li data-start=\"470\" data-end=\"523\">\n<p data-start=\"472\" data-end=\"523\"><strong data-start=\"472\" data-end=\"483\">L\u00e4nge:<\/strong> <span class=\"relative -mx-px my-[-0.2rem] rounded px-px py-[0.2rem] transition-colors duration-100 ease-in-out\">300 mm<\/span><\/p>\n<\/li>\n<li data-start=\"524\" data-end=\"580\">\n<p data-start=\"526\" data-end=\"580\"><strong data-start=\"526\" data-end=\"540\">Material:<\/strong> <span class=\"relative -mx-px my-[-0.2rem] rounded px-px py-[0.2rem] transition-colors duration-100 ease-in-out\">Geschmiedeter hochwertiger Kohlenstoffstahl f\u00fcr zus\u00e4tzliche St\u00e4rke und Haltbarkeit<\/span><\/p>\n<\/li>\n<li data-start=\"581\" data-end=\"648\">\n<p data-start=\"583\" data-end=\"648\"><strong data-start=\"583\" data-end=\"608\">Abgeflachte Enden:<\/strong> <span class=\"relative -mx-px my-[-0.2rem] rounded px-px py-[0.2rem] transition-colors duration-100 ease-in-out\">F\u00fcr bessere Bedienung und Zugang zu engen Stellen<\/span><\/p>\n<\/li>\n<li data-start=\"649\" data-end=\"721\">\n<p data-start=\"651\" data-end=\"721\"><strong data-start=\"651\" data-end=\"681\">Abgeschr\u00e4gte Nagelschlitze:<\/strong> <span class=\"relative -mx-px my-[-0.2rem] rounded px-px py-[0.2rem] transition-colors duration-100 ease-in-out\">An beiden Enden f\u00fcr einfaches Entfernen der N\u00e4gel<\/span><\/p>\n<\/li>\n<li data-start=\"722\" data-end=\"831\">\n<p data-start=\"724\" data-end=\"831\"><strong data-start=\"724\" data-end=\"752\">Pulverbeschichtete Oberfl\u00e4che:<\/strong> <span class=\"relative -mx-px my-[-0.2rem] rounded px-px py-[0.2rem] transition-colors duration-100 ease-in-out\">Sorgt f\u00fcr Korrosionsbest\u00e4ndigkeit und bessere Sichtbarkeit<\/span><\/p>\n<\/li>\n<\/ul>\n<p data-start=\"833\" data-end=\"862\"><strong data-start=\"833\" data-end=\"862\">Technische Daten:<\/strong><\/p>\n<ul data-start=\"864\" data-end=\"1069\">\n<li data-start=\"864\" data-end=\"924\">\n<p data-start=\"866\" data-end=\"924\"><strong data-start=\"866\" data-end=\"884\">Artikel Nr:<\/strong> <span class=\"relative -mx-px my-[-0.2rem] rounded px-px py-[0.2rem] transition-colors duration-100 ease-in-out\">1-55-515<\/span><\/p>\n<\/li>\n<li data-start=\"925\" data-end=\"975\">\n<p data-start=\"927\" data-end=\"975\"><strong data-start=\"927\" data-end=\"935\">EAN:<\/strong> <span class=\"relative -mx-px my-[-0.2rem] rounded px-px py-[0.2rem] transition-colors duration-100 ease-in-out\">3253561555152<\/span><\/p>\n<\/li>\n<li data-start=\"976\" data-end=\"1069\">\n<p data-start=\"978\" data-end=\"1069\"><strong data-start=\"978\" data-end=\"990\">Gewicht:<\/strong> <span class=\"relative -mx-px my-[-0.2rem] rounded px-px py-[0.2rem] transition-colors duration-100 ease-in-out\">ca. 0,6 kg<\/span><\/p>\n<\/li>\n<\/ul>\n<p data-start=\"1071\" data-end=\"1088\"><strong data-start=\"1071\" data-end=\"1088\">Anwendungen:<\/strong><\/p>\n<p data-start=\"1090\" data-end=\"1168\"><span class=\"relative -mx-px my-[-0.2rem] rounded px-px py-[0.2rem] transition-colors duration-100 ease-in-out\">Ideal zum Ziehen von N\u00e4geln, Aufbrechen von Materialien und Schaben von Oberfl\u00e4chen bei verschiedenen Abbruch- und Renovierungsarbeiten.<\/span><\/p>\n","protected":false},"excerpt":{"rendered":"<p>\ud83d\udee0\ufe0f Stanley Wunderstange 300mm (1-55-515) Vielseitiger und langlebiger Abbruchmei\u00dfel f\u00fcr den professionellen Einsatz Die 300 mm Stanley Wonder Bar ist ein unverzichtbares Werkzeug f\u00fcr Abbruch- und Renovierungsarbeiten. Dieser Abbruchmei\u00dfel aus geschmiedetem, hochwertigem Kohlenstoffstahl bietet hervorragende Haltbarkeit und St\u00e4rke. Die abgeflachten Enden und die abgeschr\u00e4gten Nagelschlitze erleichtern das Entfernen von N\u00e4geln, das Trennen von Materialien und [&hellip;]<\/p>\n","protected":false},"featured_media":28867,"comment_status":"open","ping_status":"closed","template":"","meta":[],"product_brand":[],"product_cat":[589],"product_tag":[],"class_list":{"0":"post-28865","1":"product","2":"type-product","3":"status-publish","4":"has-post-thumbnail","6":"product_cat-handwerkzeuge","8":"first","9":"outofstock","10":"taxable","11":"shipping-taxable","12":"purchasable","13":"product-type-simple"},"supplier_id":null,"supplier_sku":"","barcode":null,"atum_controlled":true,"out_stock_date":"2026-04-20 20:18:39","out_stock_threshold":null,"inheritable":false,"inbound_stock":0,"stock_on_hold":0,"sold_today":0,"sales_last_days":0,"reserved_stock":0,"customer_returns":0,"warehouse_damage":0,"lost_in_post":0,"other_logs":0,"out_stock_days":4,"lost_sales":0,"has_location":false,"update_date":"2026-04-25T01:07:13","atum_locations":[],"atum_stock_status":"outofstock","restock_status":false,"low_stock_amount":"","sales_update_date":"2026-04-25T01:07:13","calc_backorders":null,"acf":[],"yoast_head":"<!-- This site is optimized with the Yoast SEO plugin v26.6 - https:\/\/yoast.com\/wordpress\/plugins\/seo\/ -->\n<title>Stanley Wonder Bar 300mm - 1-55-515 - Abbruchmei\u00dfel f\u00fcr den professionellen Einsatz - Schroevendump<\/title>\n<meta name=\"robots\" content=\"index, follow, max-snippet:-1, max-image-preview:large, max-video-preview:-1\" \/>\n<link rel=\"canonical\" href=\"https:\/\/schroevendump.nl\/de\/produkt\/stanley-wonder-bar-300mm-1-55-515-abbruchmeissel-fuer-den-professionellen-einsatz\/\" \/>\n<meta property=\"og:locale\" content=\"de_DE\" \/>\n<meta property=\"og:type\" content=\"article\" \/>\n<meta property=\"og:title\" content=\"Stanley Wonder Bar 300mm - 1-55-515 - Abbruchmei\u00dfel f\u00fcr den professionellen Einsatz - Schroevendump\" \/>\n<meta property=\"og:description\" content=\"\ud83d\udee0\ufe0f Stanley Wunderstange 300mm (1-55-515) Vielseitiger und langlebiger Abbruchmei\u00dfel f\u00fcr den professionellen Einsatz Die 300 mm Stanley Wonder Bar ist ein unverzichtbares Werkzeug f\u00fcr Abbruch- und Renovierungsarbeiten. Dieser Abbruchmei\u00dfel aus geschmiedetem, hochwertigem Kohlenstoffstahl bietet hervorragende Haltbarkeit und St\u00e4rke. Die abgeflachten Enden und die abgeschr\u00e4gten Nagelschlitze erleichtern das Entfernen von N\u00e4geln, das Trennen von Materialien und [&hellip;]\" \/>\n<meta property=\"og:url\" content=\"https:\/\/schroevendump.nl\/de\/produkt\/stanley-wonder-bar-300mm-1-55-515-abbruchmeissel-fuer-den-professionellen-einsatz\/\" \/>\n<meta property=\"og:site_name\" content=\"Schroevendump\" \/>\n<meta property=\"article:modified_time\" content=\"2025-12-10T11:40:15+00:00\" \/>\n<meta property=\"og:image\" content=\"https:\/\/schroevendump.nl\/wp-content\/uploads\/2025\/05\/1-55-515_1_1_-removebg-preview-1.png\" \/>\n\t<meta property=\"og:image:width\" content=\"500\" \/>\n\t<meta property=\"og:image:height\" content=\"500\" \/>\n\t<meta property=\"og:image:type\" content=\"image\/png\" \/>\n<meta name=\"twitter:card\" content=\"summary_large_image\" \/>\n<meta name=\"twitter:label1\" content=\"Gesch\u00e4tzte Lesezeit\" \/>\n\t<meta name=\"twitter:data1\" content=\"1\u00a0Minute\" \/>\n<script type=\"application\/ld+json\" class=\"yoast-schema-graph\">{\"@context\":\"https:\/\/schema.org\",\"@graph\":[{\"@type\":\"WebPage\",\"@id\":\"https:\/\/schroevendump.nl\/de\/produkt\/stanley-wonder-bar-300mm-1-55-515-abbruchmeissel-fuer-den-professionellen-einsatz\/\",\"url\":\"https:\/\/schroevendump.nl\/de\/produkt\/stanley-wonder-bar-300mm-1-55-515-abbruchmeissel-fuer-den-professionellen-einsatz\/\",\"name\":\"Stanley Wonder Bar 300mm - 1-55-515 - Abbruchmei\u00dfel f\u00fcr den professionellen Einsatz - Schroevendump\",\"isPartOf\":{\"@id\":\"https:\/\/schroevendump.nl\/de\/#website\"},\"primaryImageOfPage\":{\"@id\":\"https:\/\/schroevendump.nl\/de\/produkt\/stanley-wonder-bar-300mm-1-55-515-abbruchmeissel-fuer-den-professionellen-einsatz\/#primaryimage\"},\"image\":{\"@id\":\"https:\/\/schroevendump.nl\/de\/produkt\/stanley-wonder-bar-300mm-1-55-515-abbruchmeissel-fuer-den-professionellen-einsatz\/#primaryimage\"},\"thumbnailUrl\":\"https:\/\/schroevendump.nl\/wp-content\/uploads\/2025\/05\/1-55-515_1_1_-removebg-preview-1.png\",\"datePublished\":\"2025-05-22T14:20:27+00:00\",\"dateModified\":\"2025-12-10T11:40:15+00:00\",\"breadcrumb\":{\"@id\":\"https:\/\/schroevendump.nl\/de\/produkt\/stanley-wonder-bar-300mm-1-55-515-abbruchmeissel-fuer-den-professionellen-einsatz\/#breadcrumb\"},\"inLanguage\":\"de\",\"potentialAction\":[{\"@type\":\"ReadAction\",\"target\":[\"https:\/\/schroevendump.nl\/de\/produkt\/stanley-wonder-bar-300mm-1-55-515-abbruchmeissel-fuer-den-professionellen-einsatz\/\"]}]},{\"@type\":\"ImageObject\",\"inLanguage\":\"de\",\"@id\":\"https:\/\/schroevendump.nl\/de\/produkt\/stanley-wonder-bar-300mm-1-55-515-abbruchmeissel-fuer-den-professionellen-einsatz\/#primaryimage\",\"url\":\"https:\/\/schroevendump.nl\/wp-content\/uploads\/2025\/05\/1-55-515_1_1_-removebg-preview-1.png\",\"contentUrl\":\"https:\/\/schroevendump.nl\/wp-content\/uploads\/2025\/05\/1-55-515_1_1_-removebg-preview-1.png\",\"width\":500,\"height\":500},{\"@type\":\"BreadcrumbList\",\"@id\":\"https:\/\/schroevendump.nl\/de\/produkt\/stanley-wonder-bar-300mm-1-55-515-abbruchmeissel-fuer-den-professionellen-einsatz\/#breadcrumb\",\"itemListElement\":[{\"@type\":\"ListItem\",\"position\":1,\"name\":\"Startseite\",\"item\":\"https:\/\/schroevendump.nl\/de\/\"},{\"@type\":\"ListItem\",\"position\":2,\"name\":\"Shop\",\"item\":\"https:\/\/schroevendump.nl\/de\/shop\/\"},{\"@type\":\"ListItem\",\"position\":3,\"name\":\"Stanley Wonder Bar 300mm &#8211; 1-55-515 &#8211; Abbruchmei\u00dfel f\u00fcr den professionellen Einsatz\"}]},{\"@type\":\"WebSite\",\"@id\":\"https:\/\/schroevendump.nl\/de\/#website\",\"url\":\"https:\/\/schroevendump.nl\/de\/\",\"name\":\"Schroevendump\",\"description\":\"\",\"potentialAction\":[{\"@type\":\"SearchAction\",\"target\":{\"@type\":\"EntryPoint\",\"urlTemplate\":\"https:\/\/schroevendump.nl\/de\/?s={search_term_string}\"},\"query-input\":{\"@type\":\"PropertyValueSpecification\",\"valueRequired\":true,\"valueName\":\"search_term_string\"}}],\"inLanguage\":\"de\"}]}<\/script>\n<!-- \/ Yoast SEO plugin. -->","yoast_head_json":{"title":"Stanley Wonder Bar 300mm - 1-55-515 - Abbruchmei\u00dfel f\u00fcr den professionellen Einsatz - Schroevendump","robots":{"index":"index","follow":"follow","max-snippet":"max-snippet:-1","max-image-preview":"max-image-preview:large","max-video-preview":"max-video-preview:-1"},"canonical":"https:\/\/schroevendump.nl\/de\/produkt\/stanley-wonder-bar-300mm-1-55-515-abbruchmeissel-fuer-den-professionellen-einsatz\/","og_locale":"de_DE","og_type":"article","og_title":"Stanley Wonder Bar 300mm - 1-55-515 - Abbruchmei\u00dfel f\u00fcr den professionellen Einsatz - Schroevendump","og_description":"\ud83d\udee0\ufe0f Stanley Wunderstange 300mm (1-55-515) Vielseitiger und langlebiger Abbruchmei\u00dfel f\u00fcr den professionellen Einsatz Die 300 mm Stanley Wonder Bar ist ein unverzichtbares Werkzeug f\u00fcr Abbruch- und Renovierungsarbeiten. Dieser Abbruchmei\u00dfel aus geschmiedetem, hochwertigem Kohlenstoffstahl bietet hervorragende Haltbarkeit und St\u00e4rke. Die abgeflachten Enden und die abgeschr\u00e4gten Nagelschlitze erleichtern das Entfernen von N\u00e4geln, das Trennen von Materialien und [&hellip;]","og_url":"https:\/\/schroevendump.nl\/de\/produkt\/stanley-wonder-bar-300mm-1-55-515-abbruchmeissel-fuer-den-professionellen-einsatz\/","og_site_name":"Schroevendump","article_modified_time":"2025-12-10T11:40:15+00:00","og_image":[{"width":500,"height":500,"url":"https:\/\/schroevendump.nl\/wp-content\/uploads\/2025\/05\/1-55-515_1_1_-removebg-preview-1.png","type":"image\/png"}],"twitter_card":"summary_large_image","twitter_misc":{"Gesch\u00e4tzte Lesezeit":"1\u00a0Minute"},"schema":{"@context":"https:\/\/schema.org","@graph":[{"@type":"WebPage","@id":"https:\/\/schroevendump.nl\/de\/produkt\/stanley-wonder-bar-300mm-1-55-515-abbruchmeissel-fuer-den-professionellen-einsatz\/","url":"https:\/\/schroevendump.nl\/de\/produkt\/stanley-wonder-bar-300mm-1-55-515-abbruchmeissel-fuer-den-professionellen-einsatz\/","name":"Stanley Wonder Bar 300mm - 1-55-515 - Abbruchmei\u00dfel f\u00fcr den professionellen Einsatz - Schroevendump","isPartOf":{"@id":"https:\/\/schroevendump.nl\/de\/#website"},"primaryImageOfPage":{"@id":"https:\/\/schroevendump.nl\/de\/produkt\/stanley-wonder-bar-300mm-1-55-515-abbruchmeissel-fuer-den-professionellen-einsatz\/#primaryimage"},"image":{"@id":"https:\/\/schroevendump.nl\/de\/produkt\/stanley-wonder-bar-300mm-1-55-515-abbruchmeissel-fuer-den-professionellen-einsatz\/#primaryimage"},"thumbnailUrl":"https:\/\/schroevendump.nl\/wp-content\/uploads\/2025\/05\/1-55-515_1_1_-removebg-preview-1.png","datePublished":"2025-05-22T14:20:27+00:00","dateModified":"2025-12-10T11:40:15+00:00","breadcrumb":{"@id":"https:\/\/schroevendump.nl\/de\/produkt\/stanley-wonder-bar-300mm-1-55-515-abbruchmeissel-fuer-den-professionellen-einsatz\/#breadcrumb"},"inLanguage":"de","potentialAction":[{"@type":"ReadAction","target":["https:\/\/schroevendump.nl\/de\/produkt\/stanley-wonder-bar-300mm-1-55-515-abbruchmeissel-fuer-den-professionellen-einsatz\/"]}]},{"@type":"ImageObject","inLanguage":"de","@id":"https:\/\/schroevendump.nl\/de\/produkt\/stanley-wonder-bar-300mm-1-55-515-abbruchmeissel-fuer-den-professionellen-einsatz\/#primaryimage","url":"https:\/\/schroevendump.nl\/wp-content\/uploads\/2025\/05\/1-55-515_1_1_-removebg-preview-1.png","contentUrl":"https:\/\/schroevendump.nl\/wp-content\/uploads\/2025\/05\/1-55-515_1_1_-removebg-preview-1.png","width":500,"height":500},{"@type":"BreadcrumbList","@id":"https:\/\/schroevendump.nl\/de\/produkt\/stanley-wonder-bar-300mm-1-55-515-abbruchmeissel-fuer-den-professionellen-einsatz\/#breadcrumb","itemListElement":[{"@type":"ListItem","position":1,"name":"Startseite","item":"https:\/\/schroevendump.nl\/de\/"},{"@type":"ListItem","position":2,"name":"Shop","item":"https:\/\/schroevendump.nl\/de\/shop\/"},{"@type":"ListItem","position":3,"name":"Stanley Wonder Bar 300mm &#8211; 1-55-515 &#8211; Abbruchmei\u00dfel f\u00fcr den professionellen Einsatz"}]},{"@type":"WebSite","@id":"https:\/\/schroevendump.nl\/de\/#website","url":"https:\/\/schroevendump.nl\/de\/","name":"Schroevendump","description":"","potentialAction":[{"@type":"SearchAction","target":{"@type":"EntryPoint","urlTemplate":"https:\/\/schroevendump.nl\/de\/?s={search_term_string}"},"query-input":{"@type":"PropertyValueSpecification","valueRequired":true,"valueName":"search_term_string"}}],"inLanguage":"de"}]}},"_links":{"self":[{"href":"https:\/\/schroevendump.nl\/de\/wp-json\/wp\/v2\/product\/28865","targetHints":{"allow":["GET"]}}],"collection":[{"href":"https:\/\/schroevendump.nl\/de\/wp-json\/wp\/v2\/product"}],"about":[{"href":"https:\/\/schroevendump.nl\/de\/wp-json\/wp\/v2\/types\/product"}],"replies":[{"embeddable":true,"href":"https:\/\/schroevendump.nl\/de\/wp-json\/wp\/v2\/comments?post=28865"}],"wp:featuredmedia":[{"embeddable":true,"href":"https:\/\/schroevendump.nl\/de\/wp-json\/wp\/v2\/media\/28867"}],"wp:attachment":[{"href":"https:\/\/schroevendump.nl\/de\/wp-json\/wp\/v2\/media?parent=28865"}],"wp:term":[{"taxonomy":"product_brand","embeddable":true,"href":"https:\/\/schroevendump.nl\/de\/wp-json\/wp\/v2\/product_brand?post=28865"},{"taxonomy":"product_cat","embeddable":true,"href":"https:\/\/schroevendump.nl\/de\/wp-json\/wp\/v2\/product_cat?post=28865"},{"taxonomy":"product_tag","embeddable":true,"href":"https:\/\/schroevendump.nl\/de\/wp-json\/wp\/v2\/product_tag?post=28865"}],"curies":[{"name":"wp","href":"https:\/\/api.w.org\/{rel}","templated":true}]}}