{"id":28870,"date":"2025-05-22T14:53:36","date_gmt":"2025-05-22T14:53:36","guid":{"rendered":"https:\/\/schroevendump.nl\/product\/stanley-impact-line-mill-powerwinder-30m-0-47-460-schnelle-und-praezise-markierungslinie\/"},"modified":"2025-12-10T11:40:11","modified_gmt":"2025-12-10T11:40:11","slug":"stanley-impact-line-mill-powerwinder-30m-0-47-460-schnelle-und-praezise-markierungslinie","status":"publish","type":"product","link":"https:\/\/schroevendump.nl\/de\/produkt\/stanley-impact-line-mill-powerwinder-30m-0-47-460-schnelle-und-praezise-markierungslinie\/","title":{"rendered":"Stanley Impact Line Mill PowerWinder 30m &#8211; 0-47-460 &#8211; Schnelle und pr\u00e4zise Markierungslinie"},"content":{"rendered":"<h3 data-start=\"121\" data-end=\"177\">\ud83d\udee0\ufe0f Stanley Schlagzeilenm\u00fchle PowerWinder 30m (0-47-460)<\/h3>\n<p data-start=\"179\" data-end=\"242\"><strong data-start=\"179\" data-end=\"242\">Effiziente und langlebige Markierungswerkzeuge f\u00fcr Profis<\/strong><\/p>\n<p data-start=\"244\" data-end=\"358\"><span class=\"relative -mx-px my-[-0.2rem] rounded px-px py-[0.2rem] transition-colors duration-100 ease-in-out\">Der Stanley Impact Line Mill PowerWinder 30m wurde f\u00fcr pr\u00e4zises und schnelles Markieren \u00fcber gro\u00dfe Entfernungen entwickelt.<\/span> <span class=\"relative -mx-px my-[-0.2rem] rounded px-px py-[0.2rem] transition-colors duration-100 ease-in-out\">Mit seiner robusten Konstruktion und den benutzerfreundlichen Funktionen ist dieses Ger\u00e4t ideal f\u00fcr Profis und Heimwerker gleicherma\u00dfen.<\/span><\/p>\n<p data-start=\"360\" data-end=\"388\"><strong data-start=\"360\" data-end=\"388\">Wichtige Merkmale:<\/strong><\/p>\n<ul data-start=\"390\" data-end=\"899\">\n<li data-start=\"390\" data-end=\"452\">\n<p data-start=\"392\" data-end=\"452\"><strong data-start=\"392\" data-end=\"412\">L\u00e4nge der Kampflinie:<\/strong> <span class=\"relative -mx-px my-[-0.2rem] rounded px-px py-[0.2rem] transition-colors duration-100 ease-in-out\">30 Meter<\/span><\/p>\n<\/li>\n<li data-start=\"453\" data-end=\"511\">\n<p data-start=\"455\" data-end=\"511\"><strong data-start=\"455\" data-end=\"471\">Getriebe\u00fcbersetzung:<\/strong> <span class=\"relative -mx-px my-[-0.2rem] rounded px-px py-[0.2rem] transition-colors duration-100 ease-in-out\">3,5:1 Getriebe\u00fcbersetzung f\u00fcr 3,5 mal schnellere Aufregung<\/span><\/p>\n<\/li>\n<li data-start=\"512\" data-end=\"568\">\n<p data-start=\"514\" data-end=\"568\"><strong data-start=\"514\" data-end=\"528\">Geh\u00e4use:<\/strong> <span class=\"relative -mx-px my-[-0.2rem] rounded px-px py-[0.2rem] transition-colors duration-100 ease-in-out\">Sto\u00dffester ABS-Kunststoff f\u00fcr zus\u00e4tzliche Haltbarkeit<\/span><\/p>\n<\/li>\n<li data-start=\"569\" data-end=\"631\">\n<p data-start=\"571\" data-end=\"631\"><strong data-start=\"571\" data-end=\"591\">Pulverbeh\u00e4lter:<\/strong> <span class=\"relative -mx-px my-[-0.2rem] rounded px-px py-[0.2rem] transition-colors duration-100 ease-in-out\">Transluzent (ChalkView\u2122) f\u00fcr einfachen Blick auf den Kreidestand<\/span><\/p>\n<\/li>\n<li data-start=\"632\" data-end=\"683\">\n<p data-start=\"634\" data-end=\"683\"><strong data-start=\"634\" data-end=\"643\">Haken:<\/strong> <span class=\"relative -mx-px my-[-0.2rem] rounded px-px py-[0.2rem] transition-colors duration-100 ease-in-out\">Gro\u00dfer, rostfreier Stahlhaken f\u00fcr sichere Befestigung<\/span><\/p>\n<\/li>\n<li data-start=\"684\" data-end=\"742\">\n<p data-start=\"686\" data-end=\"742\"><strong data-start=\"686\" data-end=\"702\">Schwenkbarer Griff:<\/strong> <span class=\"relative -mx-px my-[-0.2rem] rounded px-px py-[0.2rem] transition-colors duration-100 ease-in-out\">Zusammenklappbarer Stahlgriff f\u00fcr kompakte Aufbewahrung<\/span><\/p>\n<\/li>\n<li data-start=\"743\" data-end=\"799\">\n<p data-start=\"745\" data-end=\"799\"><strong data-start=\"745\" data-end=\"759\">Nachf\u00fcllen:<\/strong> <span class=\"relative -mx-px my-[-0.2rem] rounded px-px py-[0.2rem] transition-colors duration-100 ease-in-out\">Schiebeventil zum einfachen Nachf\u00fcllen von Kreide<\/span><\/p>\n<\/li>\n<li data-start=\"800\" data-end=\"899\">\n<p data-start=\"802\" data-end=\"899\"><strong data-start=\"802\" data-end=\"820\">Zus\u00e4tzliche Funktion:<\/strong> <span class=\"relative -mx-px my-[-0.2rem] rounded px-px py-[0.2rem] transition-colors duration-100 ease-in-out\">Kann auch als Senklot verwendet werden<\/span><\/p>\n<\/li>\n<\/ul>\n<p data-start=\"901\" data-end=\"930\"><strong data-start=\"901\" data-end=\"930\">Technische Daten:<\/strong><\/p>\n<ul data-start=\"932\" data-end=\"1137\">\n<li data-start=\"932\" data-end=\"992\">\n<p data-start=\"934\" data-end=\"992\"><strong data-start=\"934\" data-end=\"952\">Artikel Nr:<\/strong> <span class=\"relative -mx-px my-[-0.2rem] rounded px-px py-[0.2rem] transition-colors duration-100 ease-in-out\">0-47-460<\/span><\/p>\n<\/li>\n<li data-start=\"993\" data-end=\"1043\">\n<p data-start=\"995\" data-end=\"1043\"><strong data-start=\"995\" data-end=\"1003\">EAN:<\/strong> <span class=\"relative -mx-px my-[-0.2rem] rounded px-px py-[0.2rem] transition-colors duration-100 ease-in-out\">3253560474607<\/span><\/p>\n<\/li>\n<li data-start=\"1044\" data-end=\"1137\">\n<p data-start=\"1046\" data-end=\"1137\"><strong data-start=\"1046\" data-end=\"1058\">Gewicht:<\/strong> <span class=\"relative -mx-px my-[-0.2rem] rounded px-px py-[0.2rem] transition-colors duration-100 ease-in-out\">ca. 200 g<\/span><\/p>\n<\/li>\n<\/ul>\n<p data-start=\"1139\" data-end=\"1156\"><strong data-start=\"1139\" data-end=\"1156\">Anwendungen:<\/strong><\/p>\n<p data-start=\"1158\" data-end=\"1236\"><span class=\"relative -mx-px my-[-0.2rem] rounded px-px py-[0.2rem] transition-colors duration-100 ease-in-out\">Ideal zum Markieren gerader Linien bei Bauprojekten, Innenausbau und allgemeinen Arbeiten.<\/span><\/p>\n","protected":false},"excerpt":{"rendered":"<p>\ud83d\udee0\ufe0f Stanley Schlagzeilenm\u00fchle PowerWinder 30m (0-47-460) Effiziente und langlebige Markierungswerkzeuge f\u00fcr Profis Der Stanley Impact Line Mill PowerWinder 30m wurde f\u00fcr pr\u00e4zises und schnelles Markieren \u00fcber gro\u00dfe Entfernungen entwickelt. Mit seiner robusten Konstruktion und den benutzerfreundlichen Funktionen ist dieses Ger\u00e4t ideal f\u00fcr Profis und Heimwerker gleicherma\u00dfen. Wichtige Merkmale: L\u00e4nge der Kampflinie: 30 Meter Getriebe\u00fcbersetzung: 3,5:1 [&hellip;]<\/p>\n","protected":false},"featured_media":19514,"comment_status":"open","ping_status":"closed","template":"","meta":[],"product_brand":[],"product_cat":[589],"product_tag":[],"class_list":{"0":"post-28870","1":"product","2":"type-product","3":"status-publish","4":"has-post-thumbnail","6":"product_cat-handwerkzeuge","8":"first","9":"instock","10":"taxable","11":"shipping-taxable","12":"purchasable","13":"product-type-simple"},"supplier_id":null,"supplier_sku":"","barcode":null,"atum_controlled":true,"out_stock_date":null,"out_stock_threshold":null,"inheritable":false,"inbound_stock":0,"stock_on_hold":0,"sold_today":0,"sales_last_days":0,"reserved_stock":0,"customer_returns":0,"warehouse_damage":0,"lost_in_post":0,"other_logs":0,"out_stock_days":0,"lost_sales":0,"has_location":false,"update_date":"2026-04-29T01:09:57","atum_locations":[],"atum_stock_status":"instock","restock_status":false,"low_stock_amount":"","sales_update_date":"2026-04-29T01:09:57","calc_backorders":null,"acf":[],"yoast_head":"<!-- This site is optimized with the Yoast SEO plugin v26.6 - https:\/\/yoast.com\/wordpress\/plugins\/seo\/ -->\n<title>Stanley Impact Line Mill PowerWinder 30m - 0-47-460 - Schnelle und pr\u00e4zise Markierungslinie - Schroevendump<\/title>\n<meta name=\"robots\" content=\"index, follow, max-snippet:-1, max-image-preview:large, max-video-preview:-1\" \/>\n<link rel=\"canonical\" href=\"https:\/\/schroevendump.nl\/de\/produkt\/stanley-impact-line-mill-powerwinder-30m-0-47-460-schnelle-und-praezise-markierungslinie\/\" \/>\n<meta property=\"og:locale\" content=\"de_DE\" \/>\n<meta property=\"og:type\" content=\"article\" \/>\n<meta property=\"og:title\" content=\"Stanley Impact Line Mill PowerWinder 30m - 0-47-460 - Schnelle und pr\u00e4zise Markierungslinie - Schroevendump\" \/>\n<meta property=\"og:description\" content=\"\ud83d\udee0\ufe0f Stanley Schlagzeilenm\u00fchle PowerWinder 30m (0-47-460) Effiziente und langlebige Markierungswerkzeuge f\u00fcr Profis Der Stanley Impact Line Mill PowerWinder 30m wurde f\u00fcr pr\u00e4zises und schnelles Markieren \u00fcber gro\u00dfe Entfernungen entwickelt. Mit seiner robusten Konstruktion und den benutzerfreundlichen Funktionen ist dieses Ger\u00e4t ideal f\u00fcr Profis und Heimwerker gleicherma\u00dfen. Wichtige Merkmale: L\u00e4nge der Kampflinie: 30 Meter Getriebe\u00fcbersetzung: 3,5:1 [&hellip;]\" \/>\n<meta property=\"og:url\" content=\"https:\/\/schroevendump.nl\/de\/produkt\/stanley-impact-line-mill-powerwinder-30m-0-47-460-schnelle-und-praezise-markierungslinie\/\" \/>\n<meta property=\"og:site_name\" content=\"Schroevendump\" \/>\n<meta property=\"article:modified_time\" content=\"2025-12-10T11:40:11+00:00\" \/>\n<meta property=\"og:image\" content=\"https:\/\/schroevendump.nl\/wp-content\/uploads\/2025\/05\/0-47-460_1_1_-removebg-preview.png\" \/>\n\t<meta property=\"og:image:width\" content=\"500\" \/>\n\t<meta property=\"og:image:height\" content=\"500\" \/>\n\t<meta property=\"og:image:type\" content=\"image\/png\" \/>\n<meta name=\"twitter:card\" content=\"summary_large_image\" \/>\n<meta name=\"twitter:label1\" content=\"Gesch\u00e4tzte Lesezeit\" \/>\n\t<meta name=\"twitter:data1\" content=\"1\u00a0Minute\" \/>\n<script type=\"application\/ld+json\" class=\"yoast-schema-graph\">{\"@context\":\"https:\/\/schema.org\",\"@graph\":[{\"@type\":\"WebPage\",\"@id\":\"https:\/\/schroevendump.nl\/de\/produkt\/stanley-impact-line-mill-powerwinder-30m-0-47-460-schnelle-und-praezise-markierungslinie\/\",\"url\":\"https:\/\/schroevendump.nl\/de\/produkt\/stanley-impact-line-mill-powerwinder-30m-0-47-460-schnelle-und-praezise-markierungslinie\/\",\"name\":\"Stanley Impact Line Mill PowerWinder 30m - 0-47-460 - Schnelle und pr\u00e4zise Markierungslinie - Schroevendump\",\"isPartOf\":{\"@id\":\"https:\/\/schroevendump.nl\/de\/#website\"},\"primaryImageOfPage\":{\"@id\":\"https:\/\/schroevendump.nl\/de\/produkt\/stanley-impact-line-mill-powerwinder-30m-0-47-460-schnelle-und-praezise-markierungslinie\/#primaryimage\"},\"image\":{\"@id\":\"https:\/\/schroevendump.nl\/de\/produkt\/stanley-impact-line-mill-powerwinder-30m-0-47-460-schnelle-und-praezise-markierungslinie\/#primaryimage\"},\"thumbnailUrl\":\"https:\/\/schroevendump.nl\/wp-content\/uploads\/2025\/05\/0-47-460_1_1_-removebg-preview.png\",\"datePublished\":\"2025-05-22T14:53:36+00:00\",\"dateModified\":\"2025-12-10T11:40:11+00:00\",\"breadcrumb\":{\"@id\":\"https:\/\/schroevendump.nl\/de\/produkt\/stanley-impact-line-mill-powerwinder-30m-0-47-460-schnelle-und-praezise-markierungslinie\/#breadcrumb\"},\"inLanguage\":\"de\",\"potentialAction\":[{\"@type\":\"ReadAction\",\"target\":[\"https:\/\/schroevendump.nl\/de\/produkt\/stanley-impact-line-mill-powerwinder-30m-0-47-460-schnelle-und-praezise-markierungslinie\/\"]}]},{\"@type\":\"ImageObject\",\"inLanguage\":\"de\",\"@id\":\"https:\/\/schroevendump.nl\/de\/produkt\/stanley-impact-line-mill-powerwinder-30m-0-47-460-schnelle-und-praezise-markierungslinie\/#primaryimage\",\"url\":\"https:\/\/schroevendump.nl\/wp-content\/uploads\/2025\/05\/0-47-460_1_1_-removebg-preview.png\",\"contentUrl\":\"https:\/\/schroevendump.nl\/wp-content\/uploads\/2025\/05\/0-47-460_1_1_-removebg-preview.png\",\"width\":500,\"height\":500},{\"@type\":\"BreadcrumbList\",\"@id\":\"https:\/\/schroevendump.nl\/de\/produkt\/stanley-impact-line-mill-powerwinder-30m-0-47-460-schnelle-und-praezise-markierungslinie\/#breadcrumb\",\"itemListElement\":[{\"@type\":\"ListItem\",\"position\":1,\"name\":\"Startseite\",\"item\":\"https:\/\/schroevendump.nl\/de\/\"},{\"@type\":\"ListItem\",\"position\":2,\"name\":\"Shop\",\"item\":\"https:\/\/schroevendump.nl\/de\/shop\/\"},{\"@type\":\"ListItem\",\"position\":3,\"name\":\"Stanley Impact Line Mill PowerWinder 30m &#8211; 0-47-460 &#8211; Schnelle und pr\u00e4zise Markierungslinie\"}]},{\"@type\":\"WebSite\",\"@id\":\"https:\/\/schroevendump.nl\/de\/#website\",\"url\":\"https:\/\/schroevendump.nl\/de\/\",\"name\":\"Schroevendump\",\"description\":\"\",\"potentialAction\":[{\"@type\":\"SearchAction\",\"target\":{\"@type\":\"EntryPoint\",\"urlTemplate\":\"https:\/\/schroevendump.nl\/de\/?s={search_term_string}\"},\"query-input\":{\"@type\":\"PropertyValueSpecification\",\"valueRequired\":true,\"valueName\":\"search_term_string\"}}],\"inLanguage\":\"de\"}]}<\/script>\n<!-- \/ Yoast SEO plugin. -->","yoast_head_json":{"title":"Stanley Impact Line Mill PowerWinder 30m - 0-47-460 - Schnelle und pr\u00e4zise Markierungslinie - Schroevendump","robots":{"index":"index","follow":"follow","max-snippet":"max-snippet:-1","max-image-preview":"max-image-preview:large","max-video-preview":"max-video-preview:-1"},"canonical":"https:\/\/schroevendump.nl\/de\/produkt\/stanley-impact-line-mill-powerwinder-30m-0-47-460-schnelle-und-praezise-markierungslinie\/","og_locale":"de_DE","og_type":"article","og_title":"Stanley Impact Line Mill PowerWinder 30m - 0-47-460 - Schnelle und pr\u00e4zise Markierungslinie - Schroevendump","og_description":"\ud83d\udee0\ufe0f Stanley Schlagzeilenm\u00fchle PowerWinder 30m (0-47-460) Effiziente und langlebige Markierungswerkzeuge f\u00fcr Profis Der Stanley Impact Line Mill PowerWinder 30m wurde f\u00fcr pr\u00e4zises und schnelles Markieren \u00fcber gro\u00dfe Entfernungen entwickelt. Mit seiner robusten Konstruktion und den benutzerfreundlichen Funktionen ist dieses Ger\u00e4t ideal f\u00fcr Profis und Heimwerker gleicherma\u00dfen. Wichtige Merkmale: L\u00e4nge der Kampflinie: 30 Meter Getriebe\u00fcbersetzung: 3,5:1 [&hellip;]","og_url":"https:\/\/schroevendump.nl\/de\/produkt\/stanley-impact-line-mill-powerwinder-30m-0-47-460-schnelle-und-praezise-markierungslinie\/","og_site_name":"Schroevendump","article_modified_time":"2025-12-10T11:40:11+00:00","og_image":[{"width":500,"height":500,"url":"https:\/\/schroevendump.nl\/wp-content\/uploads\/2025\/05\/0-47-460_1_1_-removebg-preview.png","type":"image\/png"}],"twitter_card":"summary_large_image","twitter_misc":{"Gesch\u00e4tzte Lesezeit":"1\u00a0Minute"},"schema":{"@context":"https:\/\/schema.org","@graph":[{"@type":"WebPage","@id":"https:\/\/schroevendump.nl\/de\/produkt\/stanley-impact-line-mill-powerwinder-30m-0-47-460-schnelle-und-praezise-markierungslinie\/","url":"https:\/\/schroevendump.nl\/de\/produkt\/stanley-impact-line-mill-powerwinder-30m-0-47-460-schnelle-und-praezise-markierungslinie\/","name":"Stanley Impact Line Mill PowerWinder 30m - 0-47-460 - Schnelle und pr\u00e4zise Markierungslinie - Schroevendump","isPartOf":{"@id":"https:\/\/schroevendump.nl\/de\/#website"},"primaryImageOfPage":{"@id":"https:\/\/schroevendump.nl\/de\/produkt\/stanley-impact-line-mill-powerwinder-30m-0-47-460-schnelle-und-praezise-markierungslinie\/#primaryimage"},"image":{"@id":"https:\/\/schroevendump.nl\/de\/produkt\/stanley-impact-line-mill-powerwinder-30m-0-47-460-schnelle-und-praezise-markierungslinie\/#primaryimage"},"thumbnailUrl":"https:\/\/schroevendump.nl\/wp-content\/uploads\/2025\/05\/0-47-460_1_1_-removebg-preview.png","datePublished":"2025-05-22T14:53:36+00:00","dateModified":"2025-12-10T11:40:11+00:00","breadcrumb":{"@id":"https:\/\/schroevendump.nl\/de\/produkt\/stanley-impact-line-mill-powerwinder-30m-0-47-460-schnelle-und-praezise-markierungslinie\/#breadcrumb"},"inLanguage":"de","potentialAction":[{"@type":"ReadAction","target":["https:\/\/schroevendump.nl\/de\/produkt\/stanley-impact-line-mill-powerwinder-30m-0-47-460-schnelle-und-praezise-markierungslinie\/"]}]},{"@type":"ImageObject","inLanguage":"de","@id":"https:\/\/schroevendump.nl\/de\/produkt\/stanley-impact-line-mill-powerwinder-30m-0-47-460-schnelle-und-praezise-markierungslinie\/#primaryimage","url":"https:\/\/schroevendump.nl\/wp-content\/uploads\/2025\/05\/0-47-460_1_1_-removebg-preview.png","contentUrl":"https:\/\/schroevendump.nl\/wp-content\/uploads\/2025\/05\/0-47-460_1_1_-removebg-preview.png","width":500,"height":500},{"@type":"BreadcrumbList","@id":"https:\/\/schroevendump.nl\/de\/produkt\/stanley-impact-line-mill-powerwinder-30m-0-47-460-schnelle-und-praezise-markierungslinie\/#breadcrumb","itemListElement":[{"@type":"ListItem","position":1,"name":"Startseite","item":"https:\/\/schroevendump.nl\/de\/"},{"@type":"ListItem","position":2,"name":"Shop","item":"https:\/\/schroevendump.nl\/de\/shop\/"},{"@type":"ListItem","position":3,"name":"Stanley Impact Line Mill PowerWinder 30m &#8211; 0-47-460 &#8211; Schnelle und pr\u00e4zise Markierungslinie"}]},{"@type":"WebSite","@id":"https:\/\/schroevendump.nl\/de\/#website","url":"https:\/\/schroevendump.nl\/de\/","name":"Schroevendump","description":"","potentialAction":[{"@type":"SearchAction","target":{"@type":"EntryPoint","urlTemplate":"https:\/\/schroevendump.nl\/de\/?s={search_term_string}"},"query-input":{"@type":"PropertyValueSpecification","valueRequired":true,"valueName":"search_term_string"}}],"inLanguage":"de"}]}},"_links":{"self":[{"href":"https:\/\/schroevendump.nl\/de\/wp-json\/wp\/v2\/product\/28870","targetHints":{"allow":["GET"]}}],"collection":[{"href":"https:\/\/schroevendump.nl\/de\/wp-json\/wp\/v2\/product"}],"about":[{"href":"https:\/\/schroevendump.nl\/de\/wp-json\/wp\/v2\/types\/product"}],"replies":[{"embeddable":true,"href":"https:\/\/schroevendump.nl\/de\/wp-json\/wp\/v2\/comments?post=28870"}],"wp:featuredmedia":[{"embeddable":true,"href":"https:\/\/schroevendump.nl\/de\/wp-json\/wp\/v2\/media\/19514"}],"wp:attachment":[{"href":"https:\/\/schroevendump.nl\/de\/wp-json\/wp\/v2\/media?parent=28870"}],"wp:term":[{"taxonomy":"product_brand","embeddable":true,"href":"https:\/\/schroevendump.nl\/de\/wp-json\/wp\/v2\/product_brand?post=28870"},{"taxonomy":"product_cat","embeddable":true,"href":"https:\/\/schroevendump.nl\/de\/wp-json\/wp\/v2\/product_cat?post=28870"},{"taxonomy":"product_tag","embeddable":true,"href":"https:\/\/schroevendump.nl\/de\/wp-json\/wp\/v2\/product_tag?post=28870"}],"curies":[{"name":"wp","href":"https:\/\/api.w.org\/{rel}","templated":true}]}}