{"id":28886,"date":"2025-05-20T20:36:00","date_gmt":"2025-05-20T20:36:00","guid":{"rendered":"https:\/\/schroevendump.nl\/product\/spezialeimer-2500x-trockenbauschrauben-3-9x35-ph2-schraubendreher\/"},"modified":"2025-12-10T11:39:50","modified_gmt":"2025-12-10T11:39:50","slug":"spezialeimer-2500x-trockenbauschrauben-3-9x35-ph2-schraubendreher","status":"publish","type":"product","link":"https:\/\/schroevendump.nl\/de\/produkt\/spezialeimer-2500x-trockenbauschrauben-3-9x35-ph2-schraubendreher\/","title":{"rendered":"Spezialeimer 2500x Trockenbauschrauben 3.9&#215;35 PH2 &#8211; Schraubendreher"},"content":{"rendered":"<p>Sie k\u00f6nnen auch eine Konstruktion aus Holzlatten (Pfosten) verwenden, um Gipskartonplatten daran zu befestigen. Verwenden Sie hierf\u00fcr am besten Gipskartonschrauben mit Grobgewinde.<br \/>\nDie Gipskartonschraube, auch Schnellbauschraube genannt, ist eine schwarz phosphatierte Schraube mit einem Trompetenkopf, der eine Besch\u00e4digung der Gipskartonplatte verhindert.<br \/>\nDie phosphatierte Schraube eignet sich hervorragend f\u00fcr die Verarbeitung mit einem Wandveredelungsprodukt wie Stuck oder Latex-Wandfarbe und ist korrosionsbest\u00e4ndig (48-Stunden-Salzspr\u00fchtest).<br \/>\nDiese Trockenbauschraube hat ein grobes Gewinde und eignet sich daher f\u00fcr die Befestigung von Trockenbauw\u00e4nden an Holzlatten. Das grobe Gewinde hat einen guten Halt im Holz und l\u00e4sst sich leicht und vor allem schnell eindrehen. Zu diesem Zweck wird ein Phillips-Bit Nr. 2 verwendet.    Dies wird auch als Kreuzkopfbohrer bezeichnet.<\/p>\n","protected":false},"excerpt":{"rendered":"<p>Sie k\u00f6nnen auch eine Konstruktion aus Holzlatten (Pfosten) verwenden, um Gipskartonplatten daran zu befestigen. Verwenden Sie hierf\u00fcr am besten Gipskartonschrauben mit Grobgewinde. Die Gipskartonschraube, auch Schnellbauschraube genannt, ist eine schwarz phosphatierte Schraube mit einem Trompetenkopf, der eine Besch\u00e4digung der Gipskartonplatte verhindert. Die phosphatierte Schraube eignet sich hervorragend f\u00fcr die Verarbeitung mit einem Wandveredelungsprodukt wie Stuck [&hellip;]<\/p>\n","protected":false},"featured_media":27257,"comment_status":"open","ping_status":"closed","template":"","meta":[],"product_brand":[],"product_cat":[600],"product_tag":[],"class_list":{"0":"post-28886","1":"product","2":"type-product","3":"status-publish","4":"has-post-thumbnail","6":"product_cat-vorteil-eimer","7":"pa_draad-vollgewinde","9":"first","10":"outofstock","11":"sale","12":"taxable","13":"shipping-taxable","14":"purchasable","15":"product-type-simple"},"supplier_id":null,"supplier_sku":"","barcode":null,"atum_controlled":true,"out_stock_date":"2026-04-08 12:26:51","out_stock_threshold":null,"inheritable":false,"inbound_stock":0,"stock_on_hold":0,"sold_today":0,"sales_last_days":0,"reserved_stock":0,"customer_returns":0,"warehouse_damage":0,"lost_in_post":0,"other_logs":0,"out_stock_days":7,"lost_sales":0,"has_location":false,"update_date":"2026-04-16T01:02:04","atum_locations":[],"atum_stock_status":"outofstock","restock_status":false,"low_stock_amount":"","sales_update_date":"2026-04-16T01:02:04","calc_backorders":null,"acf":[],"yoast_head":"<!-- This site is optimized with the Yoast SEO plugin v26.6 - https:\/\/yoast.com\/wordpress\/plugins\/seo\/ -->\n<title>Spezialeimer 2500x Trockenbauschrauben 3.9x35 PH2 - Schraubendreher - Schroevendump<\/title>\n<meta name=\"robots\" content=\"index, follow, max-snippet:-1, max-image-preview:large, max-video-preview:-1\" \/>\n<link rel=\"canonical\" href=\"https:\/\/schroevendump.nl\/de\/produkt\/spezialeimer-2500x-trockenbauschrauben-3-9x35-ph2-schraubendreher\/\" \/>\n<meta property=\"og:locale\" content=\"de_DE\" \/>\n<meta property=\"og:type\" content=\"article\" \/>\n<meta property=\"og:title\" content=\"Spezialeimer 2500x Trockenbauschrauben 3.9x35 PH2 - Schraubendreher - Schroevendump\" \/>\n<meta property=\"og:description\" content=\"Sie k\u00f6nnen auch eine Konstruktion aus Holzlatten (Pfosten) verwenden, um Gipskartonplatten daran zu befestigen. Verwenden Sie hierf\u00fcr am besten Gipskartonschrauben mit Grobgewinde. Die Gipskartonschraube, auch Schnellbauschraube genannt, ist eine schwarz phosphatierte Schraube mit einem Trompetenkopf, der eine Besch\u00e4digung der Gipskartonplatte verhindert. Die phosphatierte Schraube eignet sich hervorragend f\u00fcr die Verarbeitung mit einem Wandveredelungsprodukt wie Stuck [&hellip;]\" \/>\n<meta property=\"og:url\" content=\"https:\/\/schroevendump.nl\/de\/produkt\/spezialeimer-2500x-trockenbauschrauben-3-9x35-ph2-schraubendreher\/\" \/>\n<meta property=\"og:site_name\" content=\"Schroevendump\" \/>\n<meta property=\"article:modified_time\" content=\"2025-12-10T11:39:50+00:00\" \/>\n<meta property=\"og:image\" content=\"https:\/\/schroevendump.nl\/wp-content\/uploads\/2025\/03\/Schroevendump-Emmer-3-removebg-e1746867879655-1024x979.png\" \/>\n\t<meta property=\"og:image:width\" content=\"1024\" \/>\n\t<meta property=\"og:image:height\" content=\"979\" \/>\n\t<meta property=\"og:image:type\" content=\"image\/png\" \/>\n<meta name=\"twitter:card\" content=\"summary_large_image\" \/>\n<meta name=\"twitter:label1\" content=\"Gesch\u00e4tzte Lesezeit\" \/>\n\t<meta name=\"twitter:data1\" content=\"1\u00a0Minute\" \/>\n<script type=\"application\/ld+json\" class=\"yoast-schema-graph\">{\"@context\":\"https:\/\/schema.org\",\"@graph\":[{\"@type\":\"WebPage\",\"@id\":\"https:\/\/schroevendump.nl\/de\/produkt\/spezialeimer-2500x-trockenbauschrauben-3-9x35-ph2-schraubendreher\/\",\"url\":\"https:\/\/schroevendump.nl\/de\/produkt\/spezialeimer-2500x-trockenbauschrauben-3-9x35-ph2-schraubendreher\/\",\"name\":\"Spezialeimer 2500x Trockenbauschrauben 3.9x35 PH2 - Schraubendreher - Schroevendump\",\"isPartOf\":{\"@id\":\"https:\/\/schroevendump.nl\/de\/#website\"},\"primaryImageOfPage\":{\"@id\":\"https:\/\/schroevendump.nl\/de\/produkt\/spezialeimer-2500x-trockenbauschrauben-3-9x35-ph2-schraubendreher\/#primaryimage\"},\"image\":{\"@id\":\"https:\/\/schroevendump.nl\/de\/produkt\/spezialeimer-2500x-trockenbauschrauben-3-9x35-ph2-schraubendreher\/#primaryimage\"},\"thumbnailUrl\":\"https:\/\/schroevendump.nl\/wp-content\/uploads\/2025\/03\/Schroevendump-Emmer-3-removebg-e1746867879655.png\",\"datePublished\":\"2025-05-20T20:36:00+00:00\",\"dateModified\":\"2025-12-10T11:39:50+00:00\",\"breadcrumb\":{\"@id\":\"https:\/\/schroevendump.nl\/de\/produkt\/spezialeimer-2500x-trockenbauschrauben-3-9x35-ph2-schraubendreher\/#breadcrumb\"},\"inLanguage\":\"de\",\"potentialAction\":[{\"@type\":\"ReadAction\",\"target\":[\"https:\/\/schroevendump.nl\/de\/produkt\/spezialeimer-2500x-trockenbauschrauben-3-9x35-ph2-schraubendreher\/\"]}]},{\"@type\":\"ImageObject\",\"inLanguage\":\"de\",\"@id\":\"https:\/\/schroevendump.nl\/de\/produkt\/spezialeimer-2500x-trockenbauschrauben-3-9x35-ph2-schraubendreher\/#primaryimage\",\"url\":\"https:\/\/schroevendump.nl\/wp-content\/uploads\/2025\/03\/Schroevendump-Emmer-3-removebg-e1746867879655.png\",\"contentUrl\":\"https:\/\/schroevendump.nl\/wp-content\/uploads\/2025\/03\/Schroevendump-Emmer-3-removebg-e1746867879655.png\",\"width\":2004,\"height\":1916},{\"@type\":\"BreadcrumbList\",\"@id\":\"https:\/\/schroevendump.nl\/de\/produkt\/spezialeimer-2500x-trockenbauschrauben-3-9x35-ph2-schraubendreher\/#breadcrumb\",\"itemListElement\":[{\"@type\":\"ListItem\",\"position\":1,\"name\":\"Startseite\",\"item\":\"https:\/\/schroevendump.nl\/de\/\"},{\"@type\":\"ListItem\",\"position\":2,\"name\":\"Shop\",\"item\":\"https:\/\/schroevendump.nl\/de\/shop\/\"},{\"@type\":\"ListItem\",\"position\":3,\"name\":\"Spezialeimer 2500x Trockenbauschrauben 3.9&#215;35 PH2 &#8211; Schraubendreher\"}]},{\"@type\":\"WebSite\",\"@id\":\"https:\/\/schroevendump.nl\/de\/#website\",\"url\":\"https:\/\/schroevendump.nl\/de\/\",\"name\":\"Schroevendump\",\"description\":\"\",\"potentialAction\":[{\"@type\":\"SearchAction\",\"target\":{\"@type\":\"EntryPoint\",\"urlTemplate\":\"https:\/\/schroevendump.nl\/de\/?s={search_term_string}\"},\"query-input\":{\"@type\":\"PropertyValueSpecification\",\"valueRequired\":true,\"valueName\":\"search_term_string\"}}],\"inLanguage\":\"de\"}]}<\/script>\n<!-- \/ Yoast SEO plugin. -->","yoast_head_json":{"title":"Spezialeimer 2500x Trockenbauschrauben 3.9x35 PH2 - Schraubendreher - Schroevendump","robots":{"index":"index","follow":"follow","max-snippet":"max-snippet:-1","max-image-preview":"max-image-preview:large","max-video-preview":"max-video-preview:-1"},"canonical":"https:\/\/schroevendump.nl\/de\/produkt\/spezialeimer-2500x-trockenbauschrauben-3-9x35-ph2-schraubendreher\/","og_locale":"de_DE","og_type":"article","og_title":"Spezialeimer 2500x Trockenbauschrauben 3.9x35 PH2 - Schraubendreher - Schroevendump","og_description":"Sie k\u00f6nnen auch eine Konstruktion aus Holzlatten (Pfosten) verwenden, um Gipskartonplatten daran zu befestigen. Verwenden Sie hierf\u00fcr am besten Gipskartonschrauben mit Grobgewinde. Die Gipskartonschraube, auch Schnellbauschraube genannt, ist eine schwarz phosphatierte Schraube mit einem Trompetenkopf, der eine Besch\u00e4digung der Gipskartonplatte verhindert. Die phosphatierte Schraube eignet sich hervorragend f\u00fcr die Verarbeitung mit einem Wandveredelungsprodukt wie Stuck [&hellip;]","og_url":"https:\/\/schroevendump.nl\/de\/produkt\/spezialeimer-2500x-trockenbauschrauben-3-9x35-ph2-schraubendreher\/","og_site_name":"Schroevendump","article_modified_time":"2025-12-10T11:39:50+00:00","og_image":[{"width":1024,"height":979,"url":"https:\/\/schroevendump.nl\/wp-content\/uploads\/2025\/03\/Schroevendump-Emmer-3-removebg-e1746867879655-1024x979.png","type":"image\/png"}],"twitter_card":"summary_large_image","twitter_misc":{"Gesch\u00e4tzte Lesezeit":"1\u00a0Minute"},"schema":{"@context":"https:\/\/schema.org","@graph":[{"@type":"WebPage","@id":"https:\/\/schroevendump.nl\/de\/produkt\/spezialeimer-2500x-trockenbauschrauben-3-9x35-ph2-schraubendreher\/","url":"https:\/\/schroevendump.nl\/de\/produkt\/spezialeimer-2500x-trockenbauschrauben-3-9x35-ph2-schraubendreher\/","name":"Spezialeimer 2500x Trockenbauschrauben 3.9x35 PH2 - Schraubendreher - Schroevendump","isPartOf":{"@id":"https:\/\/schroevendump.nl\/de\/#website"},"primaryImageOfPage":{"@id":"https:\/\/schroevendump.nl\/de\/produkt\/spezialeimer-2500x-trockenbauschrauben-3-9x35-ph2-schraubendreher\/#primaryimage"},"image":{"@id":"https:\/\/schroevendump.nl\/de\/produkt\/spezialeimer-2500x-trockenbauschrauben-3-9x35-ph2-schraubendreher\/#primaryimage"},"thumbnailUrl":"https:\/\/schroevendump.nl\/wp-content\/uploads\/2025\/03\/Schroevendump-Emmer-3-removebg-e1746867879655.png","datePublished":"2025-05-20T20:36:00+00:00","dateModified":"2025-12-10T11:39:50+00:00","breadcrumb":{"@id":"https:\/\/schroevendump.nl\/de\/produkt\/spezialeimer-2500x-trockenbauschrauben-3-9x35-ph2-schraubendreher\/#breadcrumb"},"inLanguage":"de","potentialAction":[{"@type":"ReadAction","target":["https:\/\/schroevendump.nl\/de\/produkt\/spezialeimer-2500x-trockenbauschrauben-3-9x35-ph2-schraubendreher\/"]}]},{"@type":"ImageObject","inLanguage":"de","@id":"https:\/\/schroevendump.nl\/de\/produkt\/spezialeimer-2500x-trockenbauschrauben-3-9x35-ph2-schraubendreher\/#primaryimage","url":"https:\/\/schroevendump.nl\/wp-content\/uploads\/2025\/03\/Schroevendump-Emmer-3-removebg-e1746867879655.png","contentUrl":"https:\/\/schroevendump.nl\/wp-content\/uploads\/2025\/03\/Schroevendump-Emmer-3-removebg-e1746867879655.png","width":2004,"height":1916},{"@type":"BreadcrumbList","@id":"https:\/\/schroevendump.nl\/de\/produkt\/spezialeimer-2500x-trockenbauschrauben-3-9x35-ph2-schraubendreher\/#breadcrumb","itemListElement":[{"@type":"ListItem","position":1,"name":"Startseite","item":"https:\/\/schroevendump.nl\/de\/"},{"@type":"ListItem","position":2,"name":"Shop","item":"https:\/\/schroevendump.nl\/de\/shop\/"},{"@type":"ListItem","position":3,"name":"Spezialeimer 2500x Trockenbauschrauben 3.9&#215;35 PH2 &#8211; Schraubendreher"}]},{"@type":"WebSite","@id":"https:\/\/schroevendump.nl\/de\/#website","url":"https:\/\/schroevendump.nl\/de\/","name":"Schroevendump","description":"","potentialAction":[{"@type":"SearchAction","target":{"@type":"EntryPoint","urlTemplate":"https:\/\/schroevendump.nl\/de\/?s={search_term_string}"},"query-input":{"@type":"PropertyValueSpecification","valueRequired":true,"valueName":"search_term_string"}}],"inLanguage":"de"}]}},"_links":{"self":[{"href":"https:\/\/schroevendump.nl\/de\/wp-json\/wp\/v2\/product\/28886","targetHints":{"allow":["GET"]}}],"collection":[{"href":"https:\/\/schroevendump.nl\/de\/wp-json\/wp\/v2\/product"}],"about":[{"href":"https:\/\/schroevendump.nl\/de\/wp-json\/wp\/v2\/types\/product"}],"replies":[{"embeddable":true,"href":"https:\/\/schroevendump.nl\/de\/wp-json\/wp\/v2\/comments?post=28886"}],"wp:featuredmedia":[{"embeddable":true,"href":"https:\/\/schroevendump.nl\/de\/wp-json\/wp\/v2\/media\/27257"}],"wp:attachment":[{"href":"https:\/\/schroevendump.nl\/de\/wp-json\/wp\/v2\/media?parent=28886"}],"wp:term":[{"taxonomy":"product_brand","embeddable":true,"href":"https:\/\/schroevendump.nl\/de\/wp-json\/wp\/v2\/product_brand?post=28886"},{"taxonomy":"product_cat","embeddable":true,"href":"https:\/\/schroevendump.nl\/de\/wp-json\/wp\/v2\/product_cat?post=28886"},{"taxonomy":"product_tag","embeddable":true,"href":"https:\/\/schroevendump.nl\/de\/wp-json\/wp\/v2\/product_tag?post=28886"}],"curies":[{"name":"wp","href":"https:\/\/api.w.org\/{rel}","templated":true}]}}