{"id":28903,"date":"2025-05-20T20:18:08","date_gmt":"2025-05-20T20:18:08","guid":{"rendered":"https:\/\/schroevendump.nl\/product\/vorteilsloeffel-100x-schlagduebel-80x120mm-pz3-schraubendreher\/"},"modified":"2025-12-10T11:39:17","modified_gmt":"2025-12-10T11:39:17","slug":"vorteilsloeffel-100x-schlagduebel-80x120mm-pz3-schraubendreher","status":"publish","type":"product","link":"https:\/\/schroevendump.nl\/de\/produkt\/vorteilsloeffel-100x-schlagduebel-80x120mm-pz3-schraubendreher\/","title":{"rendered":"Vorteilsl\u00f6ffel 100x Schlagd\u00fcbel 8,0x120mm PZ3 &#8211; Schraubendreher"},"content":{"rendered":"<p>Schraubendreher Nylon Nageld\u00fcbel (auch Hammerd\u00fcbel oder Nageld\u00fcbel genannt) eignen sich hervorragend f\u00fcr die schnelle Montage im Innenausbau. Der Pfropfen weitet sich beim Einschlagen des Nagels und wird durch den seitlichen Druck gegen das Bohrloch sehr fest verankert. Der PZ-Bit-Anschluss am Kopf erm\u00f6glicht ein zus\u00e4tzliches Anziehen des Nagels f\u00fcr eine optimale Befestigung. Die Nageld\u00fcbel von Screwdump sind aus griffigem Nylon gefertigt und in L\u00e4ngen von 40 bis 160 mm erh\u00e4ltlich. F\u00fcr die Befestigung von Sockelleisten, Schienen, Latten oder Dielen auf Stein, B\u00f6den und Decken verwenden Sie die Nageld\u00fcbel von Screwdump!<\/p>\n","protected":false},"excerpt":{"rendered":"<p>Schraubendreher Nylon Nageld\u00fcbel (auch Hammerd\u00fcbel oder Nageld\u00fcbel genannt) eignen sich hervorragend f\u00fcr die schnelle Montage im Innenausbau. Der Pfropfen weitet sich beim Einschlagen des Nagels und wird durch den seitlichen Druck gegen das Bohrloch sehr fest verankert. Der PZ-Bit-Anschluss am Kopf erm\u00f6glicht ein zus\u00e4tzliches Anziehen des Nagels f\u00fcr eine optimale Befestigung. Die Nageld\u00fcbel von Screwdump [&hellip;]<\/p>\n","protected":false},"featured_media":27257,"comment_status":"closed","ping_status":"closed","template":"","meta":[],"product_brand":[],"product_cat":[600],"product_tag":[],"class_list":{"0":"post-28903","1":"product","2":"type-product","3":"status-publish","4":"has-post-thumbnail","6":"product_cat-vorteil-eimer","8":"first","9":"outofstock","10":"taxable","11":"shipping-taxable","12":"purchasable","13":"product-type-simple"},"supplier_id":null,"supplier_sku":"","barcode":null,"atum_controlled":true,"out_stock_date":"2026-03-12 10:43:03","out_stock_threshold":null,"inheritable":false,"inbound_stock":0,"stock_on_hold":0,"sold_today":0,"sales_last_days":0,"reserved_stock":0,"customer_returns":0,"warehouse_damage":0,"lost_in_post":0,"other_logs":0,"out_stock_days":26,"lost_sales":0,"has_location":false,"update_date":"2026-04-08T00:57:14","atum_locations":[],"atum_stock_status":"outofstock","restock_status":false,"low_stock_amount":"","sales_update_date":"2026-04-08T00:57:14","calc_backorders":null,"acf":[],"yoast_head":"<!-- This site is optimized with the Yoast SEO plugin v26.6 - https:\/\/yoast.com\/wordpress\/plugins\/seo\/ -->\n<title>Vorteilsl\u00f6ffel 100x Schlagd\u00fcbel 8,0x120mm PZ3 - Schraubendreher - Schroevendump<\/title>\n<meta name=\"robots\" content=\"index, follow, max-snippet:-1, max-image-preview:large, max-video-preview:-1\" \/>\n<link rel=\"canonical\" href=\"https:\/\/schroevendump.nl\/de\/produkt\/vorteilsloeffel-100x-schlagduebel-80x120mm-pz3-schraubendreher\/\" \/>\n<meta property=\"og:locale\" content=\"de_DE\" \/>\n<meta property=\"og:type\" content=\"article\" \/>\n<meta property=\"og:title\" content=\"Vorteilsl\u00f6ffel 100x Schlagd\u00fcbel 8,0x120mm PZ3 - Schraubendreher - Schroevendump\" \/>\n<meta property=\"og:description\" content=\"Schraubendreher Nylon Nageld\u00fcbel (auch Hammerd\u00fcbel oder Nageld\u00fcbel genannt) eignen sich hervorragend f\u00fcr die schnelle Montage im Innenausbau. Der Pfropfen weitet sich beim Einschlagen des Nagels und wird durch den seitlichen Druck gegen das Bohrloch sehr fest verankert. Der PZ-Bit-Anschluss am Kopf erm\u00f6glicht ein zus\u00e4tzliches Anziehen des Nagels f\u00fcr eine optimale Befestigung. Die Nageld\u00fcbel von Screwdump [&hellip;]\" \/>\n<meta property=\"og:url\" content=\"https:\/\/schroevendump.nl\/de\/produkt\/vorteilsloeffel-100x-schlagduebel-80x120mm-pz3-schraubendreher\/\" \/>\n<meta property=\"og:site_name\" content=\"Schroevendump\" \/>\n<meta property=\"article:modified_time\" content=\"2025-12-10T11:39:17+00:00\" \/>\n<meta property=\"og:image\" content=\"https:\/\/schroevendump.nl\/wp-content\/uploads\/2025\/03\/Schroevendump-Emmer-3-removebg-e1746867879655-1024x979.png\" \/>\n\t<meta property=\"og:image:width\" content=\"1024\" \/>\n\t<meta property=\"og:image:height\" content=\"979\" \/>\n\t<meta property=\"og:image:type\" content=\"image\/png\" \/>\n<meta name=\"twitter:card\" content=\"summary_large_image\" \/>\n<meta name=\"twitter:label1\" content=\"Gesch\u00e4tzte Lesezeit\" \/>\n\t<meta name=\"twitter:data1\" content=\"1\u00a0Minute\" \/>\n<script type=\"application\/ld+json\" class=\"yoast-schema-graph\">{\"@context\":\"https:\/\/schema.org\",\"@graph\":[{\"@type\":\"WebPage\",\"@id\":\"https:\/\/schroevendump.nl\/de\/produkt\/vorteilsloeffel-100x-schlagduebel-80x120mm-pz3-schraubendreher\/\",\"url\":\"https:\/\/schroevendump.nl\/de\/produkt\/vorteilsloeffel-100x-schlagduebel-80x120mm-pz3-schraubendreher\/\",\"name\":\"Vorteilsl\u00f6ffel 100x Schlagd\u00fcbel 8,0x120mm PZ3 - Schraubendreher - Schroevendump\",\"isPartOf\":{\"@id\":\"https:\/\/schroevendump.nl\/de\/#website\"},\"primaryImageOfPage\":{\"@id\":\"https:\/\/schroevendump.nl\/de\/produkt\/vorteilsloeffel-100x-schlagduebel-80x120mm-pz3-schraubendreher\/#primaryimage\"},\"image\":{\"@id\":\"https:\/\/schroevendump.nl\/de\/produkt\/vorteilsloeffel-100x-schlagduebel-80x120mm-pz3-schraubendreher\/#primaryimage\"},\"thumbnailUrl\":\"https:\/\/schroevendump.nl\/wp-content\/uploads\/2025\/03\/Schroevendump-Emmer-3-removebg-e1746867879655.png\",\"datePublished\":\"2025-05-20T20:18:08+00:00\",\"dateModified\":\"2025-12-10T11:39:17+00:00\",\"breadcrumb\":{\"@id\":\"https:\/\/schroevendump.nl\/de\/produkt\/vorteilsloeffel-100x-schlagduebel-80x120mm-pz3-schraubendreher\/#breadcrumb\"},\"inLanguage\":\"de\",\"potentialAction\":[{\"@type\":\"ReadAction\",\"target\":[\"https:\/\/schroevendump.nl\/de\/produkt\/vorteilsloeffel-100x-schlagduebel-80x120mm-pz3-schraubendreher\/\"]}]},{\"@type\":\"ImageObject\",\"inLanguage\":\"de\",\"@id\":\"https:\/\/schroevendump.nl\/de\/produkt\/vorteilsloeffel-100x-schlagduebel-80x120mm-pz3-schraubendreher\/#primaryimage\",\"url\":\"https:\/\/schroevendump.nl\/wp-content\/uploads\/2025\/03\/Schroevendump-Emmer-3-removebg-e1746867879655.png\",\"contentUrl\":\"https:\/\/schroevendump.nl\/wp-content\/uploads\/2025\/03\/Schroevendump-Emmer-3-removebg-e1746867879655.png\",\"width\":2004,\"height\":1916},{\"@type\":\"BreadcrumbList\",\"@id\":\"https:\/\/schroevendump.nl\/de\/produkt\/vorteilsloeffel-100x-schlagduebel-80x120mm-pz3-schraubendreher\/#breadcrumb\",\"itemListElement\":[{\"@type\":\"ListItem\",\"position\":1,\"name\":\"Startseite\",\"item\":\"https:\/\/schroevendump.nl\/de\/\"},{\"@type\":\"ListItem\",\"position\":2,\"name\":\"Shop\",\"item\":\"https:\/\/schroevendump.nl\/de\/shop\/\"},{\"@type\":\"ListItem\",\"position\":3,\"name\":\"Vorteilsl\u00f6ffel 100x Schlagd\u00fcbel 8,0x120mm PZ3 &#8211; Schraubendreher\"}]},{\"@type\":\"WebSite\",\"@id\":\"https:\/\/schroevendump.nl\/de\/#website\",\"url\":\"https:\/\/schroevendump.nl\/de\/\",\"name\":\"Schroevendump\",\"description\":\"\",\"potentialAction\":[{\"@type\":\"SearchAction\",\"target\":{\"@type\":\"EntryPoint\",\"urlTemplate\":\"https:\/\/schroevendump.nl\/de\/?s={search_term_string}\"},\"query-input\":{\"@type\":\"PropertyValueSpecification\",\"valueRequired\":true,\"valueName\":\"search_term_string\"}}],\"inLanguage\":\"de\"}]}<\/script>\n<!-- \/ Yoast SEO plugin. -->","yoast_head_json":{"title":"Vorteilsl\u00f6ffel 100x Schlagd\u00fcbel 8,0x120mm PZ3 - Schraubendreher - Schroevendump","robots":{"index":"index","follow":"follow","max-snippet":"max-snippet:-1","max-image-preview":"max-image-preview:large","max-video-preview":"max-video-preview:-1"},"canonical":"https:\/\/schroevendump.nl\/de\/produkt\/vorteilsloeffel-100x-schlagduebel-80x120mm-pz3-schraubendreher\/","og_locale":"de_DE","og_type":"article","og_title":"Vorteilsl\u00f6ffel 100x Schlagd\u00fcbel 8,0x120mm PZ3 - Schraubendreher - Schroevendump","og_description":"Schraubendreher Nylon Nageld\u00fcbel (auch Hammerd\u00fcbel oder Nageld\u00fcbel genannt) eignen sich hervorragend f\u00fcr die schnelle Montage im Innenausbau. Der Pfropfen weitet sich beim Einschlagen des Nagels und wird durch den seitlichen Druck gegen das Bohrloch sehr fest verankert. Der PZ-Bit-Anschluss am Kopf erm\u00f6glicht ein zus\u00e4tzliches Anziehen des Nagels f\u00fcr eine optimale Befestigung. Die Nageld\u00fcbel von Screwdump [&hellip;]","og_url":"https:\/\/schroevendump.nl\/de\/produkt\/vorteilsloeffel-100x-schlagduebel-80x120mm-pz3-schraubendreher\/","og_site_name":"Schroevendump","article_modified_time":"2025-12-10T11:39:17+00:00","og_image":[{"width":1024,"height":979,"url":"https:\/\/schroevendump.nl\/wp-content\/uploads\/2025\/03\/Schroevendump-Emmer-3-removebg-e1746867879655-1024x979.png","type":"image\/png"}],"twitter_card":"summary_large_image","twitter_misc":{"Gesch\u00e4tzte Lesezeit":"1\u00a0Minute"},"schema":{"@context":"https:\/\/schema.org","@graph":[{"@type":"WebPage","@id":"https:\/\/schroevendump.nl\/de\/produkt\/vorteilsloeffel-100x-schlagduebel-80x120mm-pz3-schraubendreher\/","url":"https:\/\/schroevendump.nl\/de\/produkt\/vorteilsloeffel-100x-schlagduebel-80x120mm-pz3-schraubendreher\/","name":"Vorteilsl\u00f6ffel 100x Schlagd\u00fcbel 8,0x120mm PZ3 - Schraubendreher - Schroevendump","isPartOf":{"@id":"https:\/\/schroevendump.nl\/de\/#website"},"primaryImageOfPage":{"@id":"https:\/\/schroevendump.nl\/de\/produkt\/vorteilsloeffel-100x-schlagduebel-80x120mm-pz3-schraubendreher\/#primaryimage"},"image":{"@id":"https:\/\/schroevendump.nl\/de\/produkt\/vorteilsloeffel-100x-schlagduebel-80x120mm-pz3-schraubendreher\/#primaryimage"},"thumbnailUrl":"https:\/\/schroevendump.nl\/wp-content\/uploads\/2025\/03\/Schroevendump-Emmer-3-removebg-e1746867879655.png","datePublished":"2025-05-20T20:18:08+00:00","dateModified":"2025-12-10T11:39:17+00:00","breadcrumb":{"@id":"https:\/\/schroevendump.nl\/de\/produkt\/vorteilsloeffel-100x-schlagduebel-80x120mm-pz3-schraubendreher\/#breadcrumb"},"inLanguage":"de","potentialAction":[{"@type":"ReadAction","target":["https:\/\/schroevendump.nl\/de\/produkt\/vorteilsloeffel-100x-schlagduebel-80x120mm-pz3-schraubendreher\/"]}]},{"@type":"ImageObject","inLanguage":"de","@id":"https:\/\/schroevendump.nl\/de\/produkt\/vorteilsloeffel-100x-schlagduebel-80x120mm-pz3-schraubendreher\/#primaryimage","url":"https:\/\/schroevendump.nl\/wp-content\/uploads\/2025\/03\/Schroevendump-Emmer-3-removebg-e1746867879655.png","contentUrl":"https:\/\/schroevendump.nl\/wp-content\/uploads\/2025\/03\/Schroevendump-Emmer-3-removebg-e1746867879655.png","width":2004,"height":1916},{"@type":"BreadcrumbList","@id":"https:\/\/schroevendump.nl\/de\/produkt\/vorteilsloeffel-100x-schlagduebel-80x120mm-pz3-schraubendreher\/#breadcrumb","itemListElement":[{"@type":"ListItem","position":1,"name":"Startseite","item":"https:\/\/schroevendump.nl\/de\/"},{"@type":"ListItem","position":2,"name":"Shop","item":"https:\/\/schroevendump.nl\/de\/shop\/"},{"@type":"ListItem","position":3,"name":"Vorteilsl\u00f6ffel 100x Schlagd\u00fcbel 8,0x120mm PZ3 &#8211; Schraubendreher"}]},{"@type":"WebSite","@id":"https:\/\/schroevendump.nl\/de\/#website","url":"https:\/\/schroevendump.nl\/de\/","name":"Schroevendump","description":"","potentialAction":[{"@type":"SearchAction","target":{"@type":"EntryPoint","urlTemplate":"https:\/\/schroevendump.nl\/de\/?s={search_term_string}"},"query-input":{"@type":"PropertyValueSpecification","valueRequired":true,"valueName":"search_term_string"}}],"inLanguage":"de"}]}},"_links":{"self":[{"href":"https:\/\/schroevendump.nl\/de\/wp-json\/wp\/v2\/product\/28903","targetHints":{"allow":["GET"]}}],"collection":[{"href":"https:\/\/schroevendump.nl\/de\/wp-json\/wp\/v2\/product"}],"about":[{"href":"https:\/\/schroevendump.nl\/de\/wp-json\/wp\/v2\/types\/product"}],"replies":[{"embeddable":true,"href":"https:\/\/schroevendump.nl\/de\/wp-json\/wp\/v2\/comments?post=28903"}],"wp:featuredmedia":[{"embeddable":true,"href":"https:\/\/schroevendump.nl\/de\/wp-json\/wp\/v2\/media\/27257"}],"wp:attachment":[{"href":"https:\/\/schroevendump.nl\/de\/wp-json\/wp\/v2\/media?parent=28903"}],"wp:term":[{"taxonomy":"product_brand","embeddable":true,"href":"https:\/\/schroevendump.nl\/de\/wp-json\/wp\/v2\/product_brand?post=28903"},{"taxonomy":"product_cat","embeddable":true,"href":"https:\/\/schroevendump.nl\/de\/wp-json\/wp\/v2\/product_cat?post=28903"},{"taxonomy":"product_tag","embeddable":true,"href":"https:\/\/schroevendump.nl\/de\/wp-json\/wp\/v2\/product_tag?post=28903"}],"curies":[{"name":"wp","href":"https:\/\/api.w.org\/{rel}","templated":true}]}}