{"id":29087,"date":"2024-11-16T17:15:04","date_gmt":"2024-11-16T17:15:04","guid":{"rendered":"https:\/\/schroevendump.nl\/product\/schroevendump-gipskartonschrauben-ph2-feingewinde-35-x-45-1000-stueck\/"},"modified":"2025-12-10T11:26:13","modified_gmt":"2025-12-10T11:26:13","slug":"schroevendump-gipskartonschrauben-ph2-feingewinde-35-x-45-1000-stueck","status":"publish","type":"product","link":"https:\/\/schroevendump.nl\/de\/produkt\/schroevendump-gipskartonschrauben-ph2-feingewinde-35-x-45-1000-stueck\/","title":{"rendered":"Schroevendump Gipskartonschrauben PH2 Feingewinde 3,5 x 45 1000 St\u00fcck"},"content":{"rendered":"<p>Metallst\u00e4nderprofile (U, H oder C) bilden die Grundlage f\u00fcr Trennw\u00e4nde und Decken. F\u00fcr die Befestigung von Gipskartonplatten an diesen Profilen ist die Schroevendump Gipskartonschraube die einzig richtige L\u00f6sung. Die Gipskartonschraube, auch Schnellbauschraube genannt, ist eine schwarz phosphatierte Schraube, die mit einem Trompetenkopf ausgestattet ist, um eine Besch\u00e4digung der Gipskartonplatte zu verhindern. Diese Trockenbauschraube hat ein feines Gewinde und eignet sich daher f\u00fcr die Befestigung von Trockenbauw\u00e4nden an Metallst\u00e4nderprofilen. Die rasiermesserscharfe und harte Spitze der Schroevendump Trockenbauschrauben durchdringt m\u00fchelos das d\u00fcnne Metallprofil bis zu einer Dicke von 0,8 mm.<br \/>\nZum Eindrehen dieser Schrauben wird ein Phillips-Bit Nr. 2 (PH-2) verwendet. Die Schrauben sind in einer schwarz phosphatierten Version erh\u00e4ltlich. Die phosphatierte Schraube eignet sich hervorragend f\u00fcr die Verarbeitung mit einem Wandveredelungsprodukt wie Stuck oder Latexwandfarbe und ist korrosionsbest\u00e4ndig.      <\/p>\n<p>Das Sortiment der Screwdump Befestigungsschrauben ist sehr umfangreich. Sie k\u00f6nnen die Schraube zum Beispiel in L\u00e4ngen von bis zu 55 mm kaufen. <\/p>\n<p><b>Anwendung<\/b><br \/>\nMontage von Trockenbauw\u00e4nden auf Metallst\u00e4ndern<br \/>\nF\u00fcr den Innenbereich<\/p>\n","protected":false},"excerpt":{"rendered":"<p>Metallst\u00e4nderprofile (U, H oder C) bilden die Grundlage f\u00fcr Trennw\u00e4nde und Decken. F\u00fcr die Befestigung von Gipskartonplatten an diesen Profilen ist die Schroevendump Gipskartonschraube die einzig richtige L\u00f6sung. Die Gipskartonschraube, auch Schnellbauschraube genannt, ist eine schwarz phosphatierte Schraube, die mit einem Trompetenkopf ausgestattet ist, um eine Besch\u00e4digung der Gipskartonplatte zu verhindern. Diese Trockenbauschraube hat ein [&hellip;]<\/p>\n","protected":false},"featured_media":26692,"comment_status":"open","ping_status":"closed","template":"","meta":[],"product_brand":[],"product_cat":[453],"product_tag":[],"class_list":{"0":"post-29087","1":"product","2":"type-product","3":"status-publish","4":"has-post-thumbnail","6":"product_cat-gipsschrauben","7":"pa_draad-vollgewinde","9":"first","10":"instock","11":"taxable","12":"shipping-taxable","13":"purchasable","14":"product-type-simple"},"supplier_id":null,"supplier_sku":"","barcode":null,"atum_controlled":true,"out_stock_date":null,"out_stock_threshold":null,"inheritable":false,"inbound_stock":0,"stock_on_hold":0,"sold_today":0,"sales_last_days":0,"reserved_stock":0,"customer_returns":0,"warehouse_damage":0,"lost_in_post":0,"other_logs":0,"out_stock_days":0,"lost_sales":0,"has_location":false,"update_date":"2026-04-18T01:02:29","atum_locations":[],"atum_stock_status":"instock","restock_status":false,"low_stock_amount":"","sales_update_date":"2026-04-18T01:02:29","calc_backorders":null,"acf":[],"yoast_head":"<!-- This site is optimized with the Yoast SEO plugin v26.6 - https:\/\/yoast.com\/wordpress\/plugins\/seo\/ -->\n<title>Schroevendump Gipskartonschrauben PH2 Feingewinde 3,5 x 45 1000 St\u00fcck - Schroevendump<\/title>\n<meta name=\"robots\" content=\"index, follow, max-snippet:-1, max-image-preview:large, max-video-preview:-1\" \/>\n<link rel=\"canonical\" href=\"https:\/\/schroevendump.nl\/de\/produkt\/schroevendump-gipskartonschrauben-ph2-feingewinde-35-x-45-1000-stueck\/\" \/>\n<meta property=\"og:locale\" content=\"de_DE\" \/>\n<meta property=\"og:type\" content=\"article\" \/>\n<meta property=\"og:title\" content=\"Schroevendump Gipskartonschrauben PH2 Feingewinde 3,5 x 45 1000 St\u00fcck - Schroevendump\" \/>\n<meta property=\"og:description\" content=\"Metallst\u00e4nderprofile (U, H oder C) bilden die Grundlage f\u00fcr Trennw\u00e4nde und Decken. F\u00fcr die Befestigung von Gipskartonplatten an diesen Profilen ist die Schroevendump Gipskartonschraube die einzig richtige L\u00f6sung. Die Gipskartonschraube, auch Schnellbauschraube genannt, ist eine schwarz phosphatierte Schraube, die mit einem Trompetenkopf ausgestattet ist, um eine Besch\u00e4digung der Gipskartonplatte zu verhindern. Diese Trockenbauschraube hat ein [&hellip;]\" \/>\n<meta property=\"og:url\" content=\"https:\/\/schroevendump.nl\/de\/produkt\/schroevendump-gipskartonschrauben-ph2-feingewinde-35-x-45-1000-stueck\/\" \/>\n<meta property=\"og:site_name\" content=\"Schroevendump\" \/>\n<meta property=\"article:modified_time\" content=\"2025-12-10T11:26:13+00:00\" \/>\n<meta property=\"og:image\" content=\"https:\/\/schroevendump.nl\/wp-content\/uploads\/2024\/08\/831-snelbouwschroef-fijne-draad-type-S-VD.png\" \/>\n\t<meta property=\"og:image:width\" content=\"710\" \/>\n\t<meta property=\"og:image:height\" content=\"710\" \/>\n\t<meta property=\"og:image:type\" content=\"image\/png\" \/>\n<meta name=\"twitter:card\" content=\"summary_large_image\" \/>\n<meta name=\"twitter:label1\" content=\"Gesch\u00e4tzte Lesezeit\" \/>\n\t<meta name=\"twitter:data1\" content=\"1\u00a0Minute\" \/>\n<script type=\"application\/ld+json\" class=\"yoast-schema-graph\">{\"@context\":\"https:\/\/schema.org\",\"@graph\":[{\"@type\":\"WebPage\",\"@id\":\"https:\/\/schroevendump.nl\/de\/produkt\/schroevendump-gipskartonschrauben-ph2-feingewinde-35-x-45-1000-stueck\/\",\"url\":\"https:\/\/schroevendump.nl\/de\/produkt\/schroevendump-gipskartonschrauben-ph2-feingewinde-35-x-45-1000-stueck\/\",\"name\":\"Schroevendump Gipskartonschrauben PH2 Feingewinde 3,5 x 45 1000 St\u00fcck - Schroevendump\",\"isPartOf\":{\"@id\":\"https:\/\/schroevendump.nl\/de\/#website\"},\"primaryImageOfPage\":{\"@id\":\"https:\/\/schroevendump.nl\/de\/produkt\/schroevendump-gipskartonschrauben-ph2-feingewinde-35-x-45-1000-stueck\/#primaryimage\"},\"image\":{\"@id\":\"https:\/\/schroevendump.nl\/de\/produkt\/schroevendump-gipskartonschrauben-ph2-feingewinde-35-x-45-1000-stueck\/#primaryimage\"},\"thumbnailUrl\":\"https:\/\/schroevendump.nl\/wp-content\/uploads\/2024\/08\/831-snelbouwschroef-fijne-draad-type-S-VD.png\",\"datePublished\":\"2024-11-16T17:15:04+00:00\",\"dateModified\":\"2025-12-10T11:26:13+00:00\",\"breadcrumb\":{\"@id\":\"https:\/\/schroevendump.nl\/de\/produkt\/schroevendump-gipskartonschrauben-ph2-feingewinde-35-x-45-1000-stueck\/#breadcrumb\"},\"inLanguage\":\"de\",\"potentialAction\":[{\"@type\":\"ReadAction\",\"target\":[\"https:\/\/schroevendump.nl\/de\/produkt\/schroevendump-gipskartonschrauben-ph2-feingewinde-35-x-45-1000-stueck\/\"]}]},{\"@type\":\"ImageObject\",\"inLanguage\":\"de\",\"@id\":\"https:\/\/schroevendump.nl\/de\/produkt\/schroevendump-gipskartonschrauben-ph2-feingewinde-35-x-45-1000-stueck\/#primaryimage\",\"url\":\"https:\/\/schroevendump.nl\/wp-content\/uploads\/2024\/08\/831-snelbouwschroef-fijne-draad-type-S-VD.png\",\"contentUrl\":\"https:\/\/schroevendump.nl\/wp-content\/uploads\/2024\/08\/831-snelbouwschroef-fijne-draad-type-S-VD.png\",\"width\":710,\"height\":710},{\"@type\":\"BreadcrumbList\",\"@id\":\"https:\/\/schroevendump.nl\/de\/produkt\/schroevendump-gipskartonschrauben-ph2-feingewinde-35-x-45-1000-stueck\/#breadcrumb\",\"itemListElement\":[{\"@type\":\"ListItem\",\"position\":1,\"name\":\"Startseite\",\"item\":\"https:\/\/schroevendump.nl\/de\/\"},{\"@type\":\"ListItem\",\"position\":2,\"name\":\"Shop\",\"item\":\"https:\/\/schroevendump.nl\/de\/shop\/\"},{\"@type\":\"ListItem\",\"position\":3,\"name\":\"Schroevendump Gipskartonschrauben PH2 Feingewinde 3,5 x 45 1000 St\u00fcck\"}]},{\"@type\":\"WebSite\",\"@id\":\"https:\/\/schroevendump.nl\/de\/#website\",\"url\":\"https:\/\/schroevendump.nl\/de\/\",\"name\":\"Schroevendump\",\"description\":\"\",\"potentialAction\":[{\"@type\":\"SearchAction\",\"target\":{\"@type\":\"EntryPoint\",\"urlTemplate\":\"https:\/\/schroevendump.nl\/de\/?s={search_term_string}\"},\"query-input\":{\"@type\":\"PropertyValueSpecification\",\"valueRequired\":true,\"valueName\":\"search_term_string\"}}],\"inLanguage\":\"de\"}]}<\/script>\n<!-- \/ Yoast SEO plugin. -->","yoast_head_json":{"title":"Schroevendump Gipskartonschrauben PH2 Feingewinde 3,5 x 45 1000 St\u00fcck - Schroevendump","robots":{"index":"index","follow":"follow","max-snippet":"max-snippet:-1","max-image-preview":"max-image-preview:large","max-video-preview":"max-video-preview:-1"},"canonical":"https:\/\/schroevendump.nl\/de\/produkt\/schroevendump-gipskartonschrauben-ph2-feingewinde-35-x-45-1000-stueck\/","og_locale":"de_DE","og_type":"article","og_title":"Schroevendump Gipskartonschrauben PH2 Feingewinde 3,5 x 45 1000 St\u00fcck - Schroevendump","og_description":"Metallst\u00e4nderprofile (U, H oder C) bilden die Grundlage f\u00fcr Trennw\u00e4nde und Decken. F\u00fcr die Befestigung von Gipskartonplatten an diesen Profilen ist die Schroevendump Gipskartonschraube die einzig richtige L\u00f6sung. Die Gipskartonschraube, auch Schnellbauschraube genannt, ist eine schwarz phosphatierte Schraube, die mit einem Trompetenkopf ausgestattet ist, um eine Besch\u00e4digung der Gipskartonplatte zu verhindern. Diese Trockenbauschraube hat ein [&hellip;]","og_url":"https:\/\/schroevendump.nl\/de\/produkt\/schroevendump-gipskartonschrauben-ph2-feingewinde-35-x-45-1000-stueck\/","og_site_name":"Schroevendump","article_modified_time":"2025-12-10T11:26:13+00:00","og_image":[{"width":710,"height":710,"url":"https:\/\/schroevendump.nl\/wp-content\/uploads\/2024\/08\/831-snelbouwschroef-fijne-draad-type-S-VD.png","type":"image\/png"}],"twitter_card":"summary_large_image","twitter_misc":{"Gesch\u00e4tzte Lesezeit":"1\u00a0Minute"},"schema":{"@context":"https:\/\/schema.org","@graph":[{"@type":"WebPage","@id":"https:\/\/schroevendump.nl\/de\/produkt\/schroevendump-gipskartonschrauben-ph2-feingewinde-35-x-45-1000-stueck\/","url":"https:\/\/schroevendump.nl\/de\/produkt\/schroevendump-gipskartonschrauben-ph2-feingewinde-35-x-45-1000-stueck\/","name":"Schroevendump Gipskartonschrauben PH2 Feingewinde 3,5 x 45 1000 St\u00fcck - Schroevendump","isPartOf":{"@id":"https:\/\/schroevendump.nl\/de\/#website"},"primaryImageOfPage":{"@id":"https:\/\/schroevendump.nl\/de\/produkt\/schroevendump-gipskartonschrauben-ph2-feingewinde-35-x-45-1000-stueck\/#primaryimage"},"image":{"@id":"https:\/\/schroevendump.nl\/de\/produkt\/schroevendump-gipskartonschrauben-ph2-feingewinde-35-x-45-1000-stueck\/#primaryimage"},"thumbnailUrl":"https:\/\/schroevendump.nl\/wp-content\/uploads\/2024\/08\/831-snelbouwschroef-fijne-draad-type-S-VD.png","datePublished":"2024-11-16T17:15:04+00:00","dateModified":"2025-12-10T11:26:13+00:00","breadcrumb":{"@id":"https:\/\/schroevendump.nl\/de\/produkt\/schroevendump-gipskartonschrauben-ph2-feingewinde-35-x-45-1000-stueck\/#breadcrumb"},"inLanguage":"de","potentialAction":[{"@type":"ReadAction","target":["https:\/\/schroevendump.nl\/de\/produkt\/schroevendump-gipskartonschrauben-ph2-feingewinde-35-x-45-1000-stueck\/"]}]},{"@type":"ImageObject","inLanguage":"de","@id":"https:\/\/schroevendump.nl\/de\/produkt\/schroevendump-gipskartonschrauben-ph2-feingewinde-35-x-45-1000-stueck\/#primaryimage","url":"https:\/\/schroevendump.nl\/wp-content\/uploads\/2024\/08\/831-snelbouwschroef-fijne-draad-type-S-VD.png","contentUrl":"https:\/\/schroevendump.nl\/wp-content\/uploads\/2024\/08\/831-snelbouwschroef-fijne-draad-type-S-VD.png","width":710,"height":710},{"@type":"BreadcrumbList","@id":"https:\/\/schroevendump.nl\/de\/produkt\/schroevendump-gipskartonschrauben-ph2-feingewinde-35-x-45-1000-stueck\/#breadcrumb","itemListElement":[{"@type":"ListItem","position":1,"name":"Startseite","item":"https:\/\/schroevendump.nl\/de\/"},{"@type":"ListItem","position":2,"name":"Shop","item":"https:\/\/schroevendump.nl\/de\/shop\/"},{"@type":"ListItem","position":3,"name":"Schroevendump Gipskartonschrauben PH2 Feingewinde 3,5 x 45 1000 St\u00fcck"}]},{"@type":"WebSite","@id":"https:\/\/schroevendump.nl\/de\/#website","url":"https:\/\/schroevendump.nl\/de\/","name":"Schroevendump","description":"","potentialAction":[{"@type":"SearchAction","target":{"@type":"EntryPoint","urlTemplate":"https:\/\/schroevendump.nl\/de\/?s={search_term_string}"},"query-input":{"@type":"PropertyValueSpecification","valueRequired":true,"valueName":"search_term_string"}}],"inLanguage":"de"}]}},"_links":{"self":[{"href":"https:\/\/schroevendump.nl\/de\/wp-json\/wp\/v2\/product\/29087","targetHints":{"allow":["GET"]}}],"collection":[{"href":"https:\/\/schroevendump.nl\/de\/wp-json\/wp\/v2\/product"}],"about":[{"href":"https:\/\/schroevendump.nl\/de\/wp-json\/wp\/v2\/types\/product"}],"replies":[{"embeddable":true,"href":"https:\/\/schroevendump.nl\/de\/wp-json\/wp\/v2\/comments?post=29087"}],"wp:featuredmedia":[{"embeddable":true,"href":"https:\/\/schroevendump.nl\/de\/wp-json\/wp\/v2\/media\/26692"}],"wp:attachment":[{"href":"https:\/\/schroevendump.nl\/de\/wp-json\/wp\/v2\/media?parent=29087"}],"wp:term":[{"taxonomy":"product_brand","embeddable":true,"href":"https:\/\/schroevendump.nl\/de\/wp-json\/wp\/v2\/product_brand?post=29087"},{"taxonomy":"product_cat","embeddable":true,"href":"https:\/\/schroevendump.nl\/de\/wp-json\/wp\/v2\/product_cat?post=29087"},{"taxonomy":"product_tag","embeddable":true,"href":"https:\/\/schroevendump.nl\/de\/wp-json\/wp\/v2\/product_tag?post=29087"}],"curies":[{"name":"wp","href":"https:\/\/api.w.org\/{rel}","templated":true}]}}