{"id":29090,"date":"2024-11-16T19:16:45","date_gmt":"2024-11-16T19:16:45","guid":{"rendered":"https:\/\/schroevendump.nl\/product\/schroevendump-bandschnellbauschrauben-grobgewinde-39-x-35-1000-stueck\/"},"modified":"2025-12-12T10:27:10","modified_gmt":"2025-12-12T10:27:10","slug":"schroevendump-bandschnellbauschrauben-grobgewinde-39-x-35-1000-stueck","status":"publish","type":"product","link":"https:\/\/schroevendump.nl\/de\/produkt\/schroevendump-bandschnellbauschrauben-grobgewinde-39-x-35-1000-stueck\/","title":{"rendered":"Schroevendump Bandschnellbauschrauben Grobgewinde 3,9 x 35 1000 St\u00fcck"},"content":{"rendered":"<p>Screwdump Bandbefestigungsschrauben mit Grobgewinde f\u00fcr die automatische Verarbeitung von Gipskartonplatten gegen Holzlatten.<\/p>\n<p>Das grobe Gewinde hat einen guten Halt im Holz und dreht sich leicht und vor allem schnell ein. Die professionellen Befestigungsschrauben befinden sich in einem hochwertigen Kunststoffband f\u00fcr st\u00f6rungsfreie Ergebnisse und verf\u00fcgen \u00fcber einen PH-2-Antrieb. Geeignet f\u00fcr die Verwendung mit allen g\u00e4ngigen Marken von Bandschraubern \/ Schraubendrehern.  <\/p>\n<p><b>96-Stunden-Salzspr\u00fchtest<\/b><br \/>\nDie Gurtschrauben haben auch einen 96-Stunden-Salzspr\u00fchtest bestanden, was eine jahrelange Korrosionsbest\u00e4ndigkeit garantiert. Dies ist die einzige Schraube auf dem Markt, die diesen 96-Stunden-Salzspr\u00fchtest bestanden hat. <\/p>\n<p>Die phosphatierte Bandschraube eignet sich hervorragend f\u00fcr die Verarbeitung mit einem Wandveredelungsprodukt wie Stuck oder Latexwandfarbe.<\/p>\n<p><b>Anwendung<\/b><br \/>\nMaschinelle Befestigung von Gipskartonplatten auf Holz<br \/>\nF\u00fcr den Innenbereich<br \/>\nF\u00fcr den Einsatz mit Bandschraubern \/ Schraubautomaten<\/p>\n","protected":false},"excerpt":{"rendered":"<p>Screwdump Bandbefestigungsschrauben mit Grobgewinde f\u00fcr die automatische Verarbeitung von Gipskartonplatten gegen Holzlatten. Das grobe Gewinde hat einen guten Halt im Holz und dreht sich leicht und vor allem schnell ein. Die professionellen Befestigungsschrauben befinden sich in einem hochwertigen Kunststoffband f\u00fcr st\u00f6rungsfreie Ergebnisse und verf\u00fcgen \u00fcber einen PH-2-Antrieb. Geeignet f\u00fcr die Verwendung mit allen g\u00e4ngigen Marken [&hellip;]<\/p>\n","protected":false},"featured_media":26705,"comment_status":"closed","ping_status":"closed","template":"","meta":[],"product_brand":[],"product_cat":[467],"product_tag":[],"class_list":{"0":"post-29090","1":"product","2":"type-product","3":"status-publish","4":"has-post-thumbnail","6":"product_cat-magazin-gipskartonschrauben","7":"pa_draad-grobgewinde","8":"pa_draad-vollgewinde","10":"first","11":"instock","12":"sale","13":"taxable","14":"shipping-taxable","15":"purchasable","16":"product-type-simple"},"supplier_id":null,"supplier_sku":"","barcode":null,"atum_controlled":true,"out_stock_date":null,"out_stock_threshold":null,"inheritable":false,"inbound_stock":0,"stock_on_hold":0,"sold_today":0,"sales_last_days":71,"reserved_stock":0,"customer_returns":0,"warehouse_damage":0,"lost_in_post":0,"other_logs":0,"out_stock_days":0,"lost_sales":0,"has_location":false,"update_date":"2026-04-18T09:59:01","atum_locations":[],"atum_stock_status":"instock","restock_status":false,"low_stock_amount":"","sales_update_date":"2026-04-18T09:59:01","calc_backorders":null,"acf":[],"yoast_head":"<!-- This site is optimized with the Yoast SEO plugin v26.6 - https:\/\/yoast.com\/wordpress\/plugins\/seo\/ -->\n<title>Schroevendump Bandschnellbauschrauben Grobgewinde 3,9 x 35 1000 St\u00fcck - Schroevendump<\/title>\n<meta name=\"robots\" content=\"index, follow, max-snippet:-1, max-image-preview:large, max-video-preview:-1\" \/>\n<link rel=\"canonical\" href=\"https:\/\/schroevendump.nl\/de\/produkt\/schroevendump-bandschnellbauschrauben-grobgewinde-39-x-35-1000-stueck\/\" \/>\n<meta property=\"og:locale\" content=\"de_DE\" \/>\n<meta property=\"og:type\" content=\"article\" \/>\n<meta property=\"og:title\" content=\"Schroevendump Bandschnellbauschrauben Grobgewinde 3,9 x 35 1000 St\u00fcck - Schroevendump\" \/>\n<meta property=\"og:description\" content=\"Screwdump Bandbefestigungsschrauben mit Grobgewinde f\u00fcr die automatische Verarbeitung von Gipskartonplatten gegen Holzlatten. Das grobe Gewinde hat einen guten Halt im Holz und dreht sich leicht und vor allem schnell ein. Die professionellen Befestigungsschrauben befinden sich in einem hochwertigen Kunststoffband f\u00fcr st\u00f6rungsfreie Ergebnisse und verf\u00fcgen \u00fcber einen PH-2-Antrieb. Geeignet f\u00fcr die Verwendung mit allen g\u00e4ngigen Marken [&hellip;]\" \/>\n<meta property=\"og:url\" content=\"https:\/\/schroevendump.nl\/de\/produkt\/schroevendump-bandschnellbauschrauben-grobgewinde-39-x-35-1000-stueck\/\" \/>\n<meta property=\"og:site_name\" content=\"Schroevendump\" \/>\n<meta property=\"article:modified_time\" content=\"2025-12-12T10:27:10+00:00\" \/>\n<meta property=\"og:image\" content=\"https:\/\/schroevendump.nl\/wp-content\/uploads\/2024\/08\/838-bandschroef-grove-draad-type-C.png\" \/>\n\t<meta property=\"og:image:width\" content=\"710\" \/>\n\t<meta property=\"og:image:height\" content=\"710\" \/>\n\t<meta property=\"og:image:type\" content=\"image\/png\" \/>\n<meta name=\"twitter:card\" content=\"summary_large_image\" \/>\n<meta name=\"twitter:label1\" content=\"Gesch\u00e4tzte Lesezeit\" \/>\n\t<meta name=\"twitter:data1\" content=\"1\u00a0Minute\" \/>\n<script type=\"application\/ld+json\" class=\"yoast-schema-graph\">{\"@context\":\"https:\/\/schema.org\",\"@graph\":[{\"@type\":\"WebPage\",\"@id\":\"https:\/\/schroevendump.nl\/de\/produkt\/schroevendump-bandschnellbauschrauben-grobgewinde-39-x-35-1000-stueck\/\",\"url\":\"https:\/\/schroevendump.nl\/de\/produkt\/schroevendump-bandschnellbauschrauben-grobgewinde-39-x-35-1000-stueck\/\",\"name\":\"Schroevendump Bandschnellbauschrauben Grobgewinde 3,9 x 35 1000 St\u00fcck - Schroevendump\",\"isPartOf\":{\"@id\":\"https:\/\/schroevendump.nl\/de\/#website\"},\"primaryImageOfPage\":{\"@id\":\"https:\/\/schroevendump.nl\/de\/produkt\/schroevendump-bandschnellbauschrauben-grobgewinde-39-x-35-1000-stueck\/#primaryimage\"},\"image\":{\"@id\":\"https:\/\/schroevendump.nl\/de\/produkt\/schroevendump-bandschnellbauschrauben-grobgewinde-39-x-35-1000-stueck\/#primaryimage\"},\"thumbnailUrl\":\"https:\/\/schroevendump.nl\/wp-content\/uploads\/2024\/08\/838-bandschroef-grove-draad-type-C.png\",\"datePublished\":\"2024-11-16T19:16:45+00:00\",\"dateModified\":\"2025-12-12T10:27:10+00:00\",\"breadcrumb\":{\"@id\":\"https:\/\/schroevendump.nl\/de\/produkt\/schroevendump-bandschnellbauschrauben-grobgewinde-39-x-35-1000-stueck\/#breadcrumb\"},\"inLanguage\":\"de\",\"potentialAction\":[{\"@type\":\"ReadAction\",\"target\":[\"https:\/\/schroevendump.nl\/de\/produkt\/schroevendump-bandschnellbauschrauben-grobgewinde-39-x-35-1000-stueck\/\"]}]},{\"@type\":\"ImageObject\",\"inLanguage\":\"de\",\"@id\":\"https:\/\/schroevendump.nl\/de\/produkt\/schroevendump-bandschnellbauschrauben-grobgewinde-39-x-35-1000-stueck\/#primaryimage\",\"url\":\"https:\/\/schroevendump.nl\/wp-content\/uploads\/2024\/08\/838-bandschroef-grove-draad-type-C.png\",\"contentUrl\":\"https:\/\/schroevendump.nl\/wp-content\/uploads\/2024\/08\/838-bandschroef-grove-draad-type-C.png\",\"width\":710,\"height\":710},{\"@type\":\"BreadcrumbList\",\"@id\":\"https:\/\/schroevendump.nl\/de\/produkt\/schroevendump-bandschnellbauschrauben-grobgewinde-39-x-35-1000-stueck\/#breadcrumb\",\"itemListElement\":[{\"@type\":\"ListItem\",\"position\":1,\"name\":\"Startseite\",\"item\":\"https:\/\/schroevendump.nl\/de\/\"},{\"@type\":\"ListItem\",\"position\":2,\"name\":\"Shop\",\"item\":\"https:\/\/schroevendump.nl\/de\/shop\/\"},{\"@type\":\"ListItem\",\"position\":3,\"name\":\"Schroevendump Bandschnellbauschrauben Grobgewinde 3,9 x 35 1000 St\u00fcck\"}]},{\"@type\":\"WebSite\",\"@id\":\"https:\/\/schroevendump.nl\/de\/#website\",\"url\":\"https:\/\/schroevendump.nl\/de\/\",\"name\":\"Schroevendump\",\"description\":\"\",\"potentialAction\":[{\"@type\":\"SearchAction\",\"target\":{\"@type\":\"EntryPoint\",\"urlTemplate\":\"https:\/\/schroevendump.nl\/de\/?s={search_term_string}\"},\"query-input\":{\"@type\":\"PropertyValueSpecification\",\"valueRequired\":true,\"valueName\":\"search_term_string\"}}],\"inLanguage\":\"de\"}]}<\/script>\n<!-- \/ Yoast SEO plugin. -->","yoast_head_json":{"title":"Schroevendump Bandschnellbauschrauben Grobgewinde 3,9 x 35 1000 St\u00fcck - Schroevendump","robots":{"index":"index","follow":"follow","max-snippet":"max-snippet:-1","max-image-preview":"max-image-preview:large","max-video-preview":"max-video-preview:-1"},"canonical":"https:\/\/schroevendump.nl\/de\/produkt\/schroevendump-bandschnellbauschrauben-grobgewinde-39-x-35-1000-stueck\/","og_locale":"de_DE","og_type":"article","og_title":"Schroevendump Bandschnellbauschrauben Grobgewinde 3,9 x 35 1000 St\u00fcck - Schroevendump","og_description":"Screwdump Bandbefestigungsschrauben mit Grobgewinde f\u00fcr die automatische Verarbeitung von Gipskartonplatten gegen Holzlatten. Das grobe Gewinde hat einen guten Halt im Holz und dreht sich leicht und vor allem schnell ein. Die professionellen Befestigungsschrauben befinden sich in einem hochwertigen Kunststoffband f\u00fcr st\u00f6rungsfreie Ergebnisse und verf\u00fcgen \u00fcber einen PH-2-Antrieb. Geeignet f\u00fcr die Verwendung mit allen g\u00e4ngigen Marken [&hellip;]","og_url":"https:\/\/schroevendump.nl\/de\/produkt\/schroevendump-bandschnellbauschrauben-grobgewinde-39-x-35-1000-stueck\/","og_site_name":"Schroevendump","article_modified_time":"2025-12-12T10:27:10+00:00","og_image":[{"width":710,"height":710,"url":"https:\/\/schroevendump.nl\/wp-content\/uploads\/2024\/08\/838-bandschroef-grove-draad-type-C.png","type":"image\/png"}],"twitter_card":"summary_large_image","twitter_misc":{"Gesch\u00e4tzte Lesezeit":"1\u00a0Minute"},"schema":{"@context":"https:\/\/schema.org","@graph":[{"@type":"WebPage","@id":"https:\/\/schroevendump.nl\/de\/produkt\/schroevendump-bandschnellbauschrauben-grobgewinde-39-x-35-1000-stueck\/","url":"https:\/\/schroevendump.nl\/de\/produkt\/schroevendump-bandschnellbauschrauben-grobgewinde-39-x-35-1000-stueck\/","name":"Schroevendump Bandschnellbauschrauben Grobgewinde 3,9 x 35 1000 St\u00fcck - Schroevendump","isPartOf":{"@id":"https:\/\/schroevendump.nl\/de\/#website"},"primaryImageOfPage":{"@id":"https:\/\/schroevendump.nl\/de\/produkt\/schroevendump-bandschnellbauschrauben-grobgewinde-39-x-35-1000-stueck\/#primaryimage"},"image":{"@id":"https:\/\/schroevendump.nl\/de\/produkt\/schroevendump-bandschnellbauschrauben-grobgewinde-39-x-35-1000-stueck\/#primaryimage"},"thumbnailUrl":"https:\/\/schroevendump.nl\/wp-content\/uploads\/2024\/08\/838-bandschroef-grove-draad-type-C.png","datePublished":"2024-11-16T19:16:45+00:00","dateModified":"2025-12-12T10:27:10+00:00","breadcrumb":{"@id":"https:\/\/schroevendump.nl\/de\/produkt\/schroevendump-bandschnellbauschrauben-grobgewinde-39-x-35-1000-stueck\/#breadcrumb"},"inLanguage":"de","potentialAction":[{"@type":"ReadAction","target":["https:\/\/schroevendump.nl\/de\/produkt\/schroevendump-bandschnellbauschrauben-grobgewinde-39-x-35-1000-stueck\/"]}]},{"@type":"ImageObject","inLanguage":"de","@id":"https:\/\/schroevendump.nl\/de\/produkt\/schroevendump-bandschnellbauschrauben-grobgewinde-39-x-35-1000-stueck\/#primaryimage","url":"https:\/\/schroevendump.nl\/wp-content\/uploads\/2024\/08\/838-bandschroef-grove-draad-type-C.png","contentUrl":"https:\/\/schroevendump.nl\/wp-content\/uploads\/2024\/08\/838-bandschroef-grove-draad-type-C.png","width":710,"height":710},{"@type":"BreadcrumbList","@id":"https:\/\/schroevendump.nl\/de\/produkt\/schroevendump-bandschnellbauschrauben-grobgewinde-39-x-35-1000-stueck\/#breadcrumb","itemListElement":[{"@type":"ListItem","position":1,"name":"Startseite","item":"https:\/\/schroevendump.nl\/de\/"},{"@type":"ListItem","position":2,"name":"Shop","item":"https:\/\/schroevendump.nl\/de\/shop\/"},{"@type":"ListItem","position":3,"name":"Schroevendump Bandschnellbauschrauben Grobgewinde 3,9 x 35 1000 St\u00fcck"}]},{"@type":"WebSite","@id":"https:\/\/schroevendump.nl\/de\/#website","url":"https:\/\/schroevendump.nl\/de\/","name":"Schroevendump","description":"","potentialAction":[{"@type":"SearchAction","target":{"@type":"EntryPoint","urlTemplate":"https:\/\/schroevendump.nl\/de\/?s={search_term_string}"},"query-input":{"@type":"PropertyValueSpecification","valueRequired":true,"valueName":"search_term_string"}}],"inLanguage":"de"}]}},"_links":{"self":[{"href":"https:\/\/schroevendump.nl\/de\/wp-json\/wp\/v2\/product\/29090","targetHints":{"allow":["GET"]}}],"collection":[{"href":"https:\/\/schroevendump.nl\/de\/wp-json\/wp\/v2\/product"}],"about":[{"href":"https:\/\/schroevendump.nl\/de\/wp-json\/wp\/v2\/types\/product"}],"replies":[{"embeddable":true,"href":"https:\/\/schroevendump.nl\/de\/wp-json\/wp\/v2\/comments?post=29090"}],"wp:featuredmedia":[{"embeddable":true,"href":"https:\/\/schroevendump.nl\/de\/wp-json\/wp\/v2\/media\/26705"}],"wp:attachment":[{"href":"https:\/\/schroevendump.nl\/de\/wp-json\/wp\/v2\/media?parent=29090"}],"wp:term":[{"taxonomy":"product_brand","embeddable":true,"href":"https:\/\/schroevendump.nl\/de\/wp-json\/wp\/v2\/product_brand?post=29090"},{"taxonomy":"product_cat","embeddable":true,"href":"https:\/\/schroevendump.nl\/de\/wp-json\/wp\/v2\/product_cat?post=29090"},{"taxonomy":"product_tag","embeddable":true,"href":"https:\/\/schroevendump.nl\/de\/wp-json\/wp\/v2\/product_tag?post=29090"}],"curies":[{"name":"wp","href":"https:\/\/api.w.org\/{rel}","templated":true}]}}