{"id":29344,"date":"2025-12-06T15:53:37","date_gmt":"2025-12-06T15:53:37","guid":{"rendered":"https:\/\/schroevendump.nl\/product\/rhodius-dg70-diamanttrennscheibe-beton-stein\/"},"modified":"2025-12-10T12:05:55","modified_gmt":"2025-12-10T12:05:55","slug":"rhodius-dg70-diamanttrennscheibe-beton-stein","status":"publish","type":"product","link":"https:\/\/schroevendump.nl\/de\/produkt\/rhodius-dg70-diamanttrennscheibe-beton-stein\/","title":{"rendered":"RHODIUS DG70 Diamanttrennscheibe 125mm &#8211; Beton \/ Stein"},"content":{"rendered":"<p data-start=\"301\" data-end=\"584\">Die RHODIUS DG70 ist eine preiswerte und zuverl\u00e4ssige Diamanttrennscheibe, die sich ideal zum Schneiden von Beton, Pflastersteinen, Klinkern und anderen steinigen Materialien eignet. Dank ihrer massiven Diamantsegmente liefert die DG70 einen sauberen Schnitt und ein hervorragendes Preis-Leistungs-Verh\u00e4ltnis. <\/p>\n<p data-start=\"586\" data-end=\"884\">Diese Scheibe ist perfekt f\u00fcr Heimwerker und den gelegentlichen Einsatz &#8211; zum Beispiel beim Verlegen einer Terrasse, beim K\u00fcrzen von Fliesen oder beim Schneiden von Pflastersteinen. Haben Sie eine intensive Arbeit oder einen t\u00e4glichen Einsatz auf Baustellen? Dann w\u00e4hlen Sie unsere <strong data-start=\"828\" data-end=\"845\">Professional-Variante<\/strong> mit h\u00f6herer Lebensdauer und Schnittgeschwindigkeit.  <\/p>\n<hr data-start=\"886\" data-end=\"889\">\n<h2 data-start=\"891\" data-end=\"911\"><strong data-start=\"894\" data-end=\"911\">Eigenschaften<\/strong><\/h2>\n<ul data-start=\"912\" data-end=\"1245\">\n<li data-start=\"912\" data-end=\"992\">\n<p data-start=\"914\" data-end=\"992\">Geeignet f\u00fcr: Beton, Pflastersteine, Klinker und naturstein\u00e4hnliche Materialien<\/p>\n<\/li>\n<li data-start=\"993\" data-end=\"1017\">\n<p data-start=\"995\" data-end=\"1017\">F\u00fcr Winkelschleifer<\/p>\n<\/li>\n<li data-start=\"1018\" data-end=\"1058\">\n<p data-start=\"1020\" data-end=\"1058\">Kann <strong data-start=\"1024\" data-end=\"1040\">trocken und nass<\/strong> verwendet werden<\/p>\n<\/li>\n<li data-start=\"1059\" data-end=\"1105\">\n<p data-start=\"1061\" data-end=\"1105\">Solide Qualit\u00e4t zu einem g\u00fcnstigen Preis<\/p>\n<\/li>\n<li data-start=\"1106\" data-end=\"1172\">\n<p data-start=\"1108\" data-end=\"1172\">Ideal f\u00fcr <strong data-start=\"1120\" data-end=\"1139\">Heimwerker<\/strong> und leichte professionelle Anwendung<\/p>\n<\/li>\n<li data-start=\"1173\" data-end=\"1245\">\n<p data-start=\"1175\" data-end=\"1245\">Professionelle Variante f\u00fcr schwerere und t\u00e4gliche Operationen verf\u00fcgbar<\/p>\n<\/li>\n<\/ul>\n<hr data-start=\"1247\" data-end=\"1250\">\n<h2 data-start=\"1252\" data-end=\"1269\"><strong data-start=\"1255\" data-end=\"1269\">Anwendung<\/strong><\/h2>\n<ul data-start=\"1270\" data-end=\"1371\">\n<li data-start=\"1270\" data-end=\"1290\">\n<p data-start=\"1272\" data-end=\"1290\">Verlegung einer Terrasse<\/p>\n<\/li>\n<li data-start=\"1291\" data-end=\"1321\">\n<p data-start=\"1293\" data-end=\"1321\">Pflasterschleifen nach Ma\u00df<\/p>\n<\/li>\n<li data-start=\"1322\" data-end=\"1341\">\n<p data-start=\"1324\" data-end=\"1341\">Fliesen schneiden<\/p>\n<\/li>\n<li data-start=\"1342\" data-end=\"1371\">\n<p data-start=\"1344\" data-end=\"1371\">Kleine Renovierungsprojekte<\/p>\n<\/li>\n<\/ul>\n<table>\n<thead>\n<tr>\n<th>Merkmal<\/th>\n<th>Spezifikation<\/th>\n<\/tr>\n<\/thead>\n<tbody>\n<tr>\n<td>Durchmesser<\/td>\n<td>125 mm<\/td>\n<\/tr>\n<tr>\n<td>Bohrung (Bohrungsdurchmesser)<\/td>\n<td>22.23 mm<\/td>\n<\/tr>\n<tr>\n<td>Dicke \/ Segmentbreite<\/td>\n<td>1,6 mm 125 mm<\/td>\n<\/tr>\n<tr>\n<td>Maximale Geschwindigkeit (U\/min)<\/td>\n<td>Abh\u00e4ngig vom Durchmesser: f\u00fcr 125 mm \u2248 12250 U\/min<\/td>\n<\/tr>\n<tr>\n<td>Eignung der Maschine<\/td>\n<td>Winkelschleifer<\/td>\n<\/tr>\n<tr>\n<td>Schnitt-\/Materialarten<\/td>\n<td>Beton, Klinker, Pflastersteine (steiniges Material)<\/td>\n<\/tr>\n<tr>\n<td>Verwendung<\/td>\n<td>Nass- und Trockenschleifen<\/td>\n<\/tr>\n<\/tbody>\n<\/table>\n<h2 data-start=\"1639\" data-end=\"1652\"><strong data-start=\"1642\" data-end=\"1652\">Meinung<\/strong><\/h2>\n<p data-start=\"1653\" data-end=\"1792\">Tragen Sie immer eine Schutzbrille, einen Geh\u00f6rschutz und Handschuhe. Pr\u00fcfen Sie, ob sich die Scheibe frei drehen l\u00e4sst. <\/p>\n","protected":false},"excerpt":{"rendered":"<p>Die RHODIUS DG70 ist eine preiswerte und zuverl\u00e4ssige Diamanttrennscheibe, die sich ideal zum Schneiden von Beton, Pflastersteinen, Klinkern und anderen steinigen Materialien eignet. Dank ihrer massiven Diamantsegmente liefert die DG70 einen sauberen Schnitt und ein hervorragendes Preis-Leistungs-Verh\u00e4ltnis. Diese Scheibe ist perfekt f\u00fcr Heimwerker und den gelegentlichen Einsatz &#8211; zum Beispiel beim Verlegen einer Terrasse, beim [&hellip;]<\/p>\n","protected":false},"featured_media":29345,"comment_status":"closed","ping_status":"closed","template":"","meta":[],"product_brand":[],"product_cat":[786],"product_tag":[],"class_list":{"0":"post-29344","1":"product","2":"type-product","3":"status-publish","4":"has-post-thumbnail","6":"product_cat-schleifen-loten-von-scheiben","8":"first","9":"instock","10":"taxable","11":"shipping-taxable","12":"purchasable","13":"product-type-simple"},"supplier_id":null,"supplier_sku":"","barcode":null,"atum_controlled":true,"out_stock_date":null,"out_stock_threshold":null,"inheritable":false,"inbound_stock":0,"stock_on_hold":0,"sold_today":0,"sales_last_days":0,"reserved_stock":0,"customer_returns":0,"warehouse_damage":0,"lost_in_post":0,"other_logs":0,"out_stock_days":0,"lost_sales":0,"has_location":false,"update_date":"2026-05-08T01:13:06","atum_locations":[],"atum_stock_status":"instock","restock_status":false,"low_stock_amount":"","sales_update_date":"2026-05-08T01:13:06","calc_backorders":null,"acf":[],"yoast_head":"<!-- This site is optimized with the Yoast SEO plugin v26.6 - https:\/\/yoast.com\/wordpress\/plugins\/seo\/ -->\n<title>RHODIUS DG70 Diamanttrennscheibe 125mm - Beton \/ Stein - Schroevendump<\/title>\n<meta name=\"robots\" content=\"index, follow, max-snippet:-1, max-image-preview:large, max-video-preview:-1\" \/>\n<link rel=\"canonical\" href=\"https:\/\/schroevendump.nl\/de\/produkt\/rhodius-dg70-diamanttrennscheibe-beton-stein\/\" \/>\n<meta property=\"og:locale\" content=\"de_DE\" \/>\n<meta property=\"og:type\" content=\"article\" \/>\n<meta property=\"og:title\" content=\"RHODIUS DG70 Diamanttrennscheibe 125mm - Beton \/ Stein - Schroevendump\" \/>\n<meta property=\"og:description\" content=\"Die RHODIUS DG70 ist eine preiswerte und zuverl\u00e4ssige Diamanttrennscheibe, die sich ideal zum Schneiden von Beton, Pflastersteinen, Klinkern und anderen steinigen Materialien eignet. Dank ihrer massiven Diamantsegmente liefert die DG70 einen sauberen Schnitt und ein hervorragendes Preis-Leistungs-Verh\u00e4ltnis. Diese Scheibe ist perfekt f\u00fcr Heimwerker und den gelegentlichen Einsatz &#8211; zum Beispiel beim Verlegen einer Terrasse, beim [&hellip;]\" \/>\n<meta property=\"og:url\" content=\"https:\/\/schroevendump.nl\/de\/produkt\/rhodius-dg70-diamanttrennscheibe-beton-stein\/\" \/>\n<meta property=\"og:site_name\" content=\"Schroevendump\" \/>\n<meta property=\"article:modified_time\" content=\"2025-12-10T12:05:55+00:00\" \/>\n<meta property=\"og:image\" content=\"https:\/\/schroevendump.nl\/wp-content\/uploads\/2025\/12\/304092-diamanachijf-dg70.png\" \/>\n\t<meta property=\"og:image:width\" content=\"1000\" \/>\n\t<meta property=\"og:image:height\" content=\"1000\" \/>\n\t<meta property=\"og:image:type\" content=\"image\/png\" \/>\n<meta name=\"twitter:card\" content=\"summary_large_image\" \/>\n<meta name=\"twitter:label1\" content=\"Gesch\u00e4tzte Lesezeit\" \/>\n\t<meta name=\"twitter:data1\" content=\"1\u00a0Minute\" \/>\n<script type=\"application\/ld+json\" class=\"yoast-schema-graph\">{\"@context\":\"https:\/\/schema.org\",\"@graph\":[{\"@type\":\"WebPage\",\"@id\":\"https:\/\/schroevendump.nl\/de\/produkt\/rhodius-dg70-diamanttrennscheibe-beton-stein\/\",\"url\":\"https:\/\/schroevendump.nl\/de\/produkt\/rhodius-dg70-diamanttrennscheibe-beton-stein\/\",\"name\":\"RHODIUS DG70 Diamanttrennscheibe 125mm - Beton \/ Stein - Schroevendump\",\"isPartOf\":{\"@id\":\"https:\/\/schroevendump.nl\/de\/#website\"},\"primaryImageOfPage\":{\"@id\":\"https:\/\/schroevendump.nl\/de\/produkt\/rhodius-dg70-diamanttrennscheibe-beton-stein\/#primaryimage\"},\"image\":{\"@id\":\"https:\/\/schroevendump.nl\/de\/produkt\/rhodius-dg70-diamanttrennscheibe-beton-stein\/#primaryimage\"},\"thumbnailUrl\":\"https:\/\/schroevendump.nl\/wp-content\/uploads\/2025\/12\/304092-diamanachijf-dg70.png\",\"datePublished\":\"2025-12-06T15:53:37+00:00\",\"dateModified\":\"2025-12-10T12:05:55+00:00\",\"breadcrumb\":{\"@id\":\"https:\/\/schroevendump.nl\/de\/produkt\/rhodius-dg70-diamanttrennscheibe-beton-stein\/#breadcrumb\"},\"inLanguage\":\"de\",\"potentialAction\":[{\"@type\":\"ReadAction\",\"target\":[\"https:\/\/schroevendump.nl\/de\/produkt\/rhodius-dg70-diamanttrennscheibe-beton-stein\/\"]}]},{\"@type\":\"ImageObject\",\"inLanguage\":\"de\",\"@id\":\"https:\/\/schroevendump.nl\/de\/produkt\/rhodius-dg70-diamanttrennscheibe-beton-stein\/#primaryimage\",\"url\":\"https:\/\/schroevendump.nl\/wp-content\/uploads\/2025\/12\/304092-diamanachijf-dg70.png\",\"contentUrl\":\"https:\/\/schroevendump.nl\/wp-content\/uploads\/2025\/12\/304092-diamanachijf-dg70.png\",\"width\":1000,\"height\":1000},{\"@type\":\"BreadcrumbList\",\"@id\":\"https:\/\/schroevendump.nl\/de\/produkt\/rhodius-dg70-diamanttrennscheibe-beton-stein\/#breadcrumb\",\"itemListElement\":[{\"@type\":\"ListItem\",\"position\":1,\"name\":\"Startseite\",\"item\":\"https:\/\/schroevendump.nl\/de\/\"},{\"@type\":\"ListItem\",\"position\":2,\"name\":\"Shop\",\"item\":\"https:\/\/schroevendump.nl\/de\/shop\/\"},{\"@type\":\"ListItem\",\"position\":3,\"name\":\"RHODIUS DG70 Diamanttrennscheibe 125mm &#8211; Beton \/ Stein\"}]},{\"@type\":\"WebSite\",\"@id\":\"https:\/\/schroevendump.nl\/de\/#website\",\"url\":\"https:\/\/schroevendump.nl\/de\/\",\"name\":\"Schroevendump\",\"description\":\"\",\"potentialAction\":[{\"@type\":\"SearchAction\",\"target\":{\"@type\":\"EntryPoint\",\"urlTemplate\":\"https:\/\/schroevendump.nl\/de\/?s={search_term_string}\"},\"query-input\":{\"@type\":\"PropertyValueSpecification\",\"valueRequired\":true,\"valueName\":\"search_term_string\"}}],\"inLanguage\":\"de\"}]}<\/script>\n<!-- \/ Yoast SEO plugin. -->","yoast_head_json":{"title":"RHODIUS DG70 Diamanttrennscheibe 125mm - Beton \/ Stein - Schroevendump","robots":{"index":"index","follow":"follow","max-snippet":"max-snippet:-1","max-image-preview":"max-image-preview:large","max-video-preview":"max-video-preview:-1"},"canonical":"https:\/\/schroevendump.nl\/de\/produkt\/rhodius-dg70-diamanttrennscheibe-beton-stein\/","og_locale":"de_DE","og_type":"article","og_title":"RHODIUS DG70 Diamanttrennscheibe 125mm - Beton \/ Stein - Schroevendump","og_description":"Die RHODIUS DG70 ist eine preiswerte und zuverl\u00e4ssige Diamanttrennscheibe, die sich ideal zum Schneiden von Beton, Pflastersteinen, Klinkern und anderen steinigen Materialien eignet. Dank ihrer massiven Diamantsegmente liefert die DG70 einen sauberen Schnitt und ein hervorragendes Preis-Leistungs-Verh\u00e4ltnis. Diese Scheibe ist perfekt f\u00fcr Heimwerker und den gelegentlichen Einsatz &#8211; zum Beispiel beim Verlegen einer Terrasse, beim [&hellip;]","og_url":"https:\/\/schroevendump.nl\/de\/produkt\/rhodius-dg70-diamanttrennscheibe-beton-stein\/","og_site_name":"Schroevendump","article_modified_time":"2025-12-10T12:05:55+00:00","og_image":[{"width":1000,"height":1000,"url":"https:\/\/schroevendump.nl\/wp-content\/uploads\/2025\/12\/304092-diamanachijf-dg70.png","type":"image\/png"}],"twitter_card":"summary_large_image","twitter_misc":{"Gesch\u00e4tzte Lesezeit":"1\u00a0Minute"},"schema":{"@context":"https:\/\/schema.org","@graph":[{"@type":"WebPage","@id":"https:\/\/schroevendump.nl\/de\/produkt\/rhodius-dg70-diamanttrennscheibe-beton-stein\/","url":"https:\/\/schroevendump.nl\/de\/produkt\/rhodius-dg70-diamanttrennscheibe-beton-stein\/","name":"RHODIUS DG70 Diamanttrennscheibe 125mm - Beton \/ Stein - Schroevendump","isPartOf":{"@id":"https:\/\/schroevendump.nl\/de\/#website"},"primaryImageOfPage":{"@id":"https:\/\/schroevendump.nl\/de\/produkt\/rhodius-dg70-diamanttrennscheibe-beton-stein\/#primaryimage"},"image":{"@id":"https:\/\/schroevendump.nl\/de\/produkt\/rhodius-dg70-diamanttrennscheibe-beton-stein\/#primaryimage"},"thumbnailUrl":"https:\/\/schroevendump.nl\/wp-content\/uploads\/2025\/12\/304092-diamanachijf-dg70.png","datePublished":"2025-12-06T15:53:37+00:00","dateModified":"2025-12-10T12:05:55+00:00","breadcrumb":{"@id":"https:\/\/schroevendump.nl\/de\/produkt\/rhodius-dg70-diamanttrennscheibe-beton-stein\/#breadcrumb"},"inLanguage":"de","potentialAction":[{"@type":"ReadAction","target":["https:\/\/schroevendump.nl\/de\/produkt\/rhodius-dg70-diamanttrennscheibe-beton-stein\/"]}]},{"@type":"ImageObject","inLanguage":"de","@id":"https:\/\/schroevendump.nl\/de\/produkt\/rhodius-dg70-diamanttrennscheibe-beton-stein\/#primaryimage","url":"https:\/\/schroevendump.nl\/wp-content\/uploads\/2025\/12\/304092-diamanachijf-dg70.png","contentUrl":"https:\/\/schroevendump.nl\/wp-content\/uploads\/2025\/12\/304092-diamanachijf-dg70.png","width":1000,"height":1000},{"@type":"BreadcrumbList","@id":"https:\/\/schroevendump.nl\/de\/produkt\/rhodius-dg70-diamanttrennscheibe-beton-stein\/#breadcrumb","itemListElement":[{"@type":"ListItem","position":1,"name":"Startseite","item":"https:\/\/schroevendump.nl\/de\/"},{"@type":"ListItem","position":2,"name":"Shop","item":"https:\/\/schroevendump.nl\/de\/shop\/"},{"@type":"ListItem","position":3,"name":"RHODIUS DG70 Diamanttrennscheibe 125mm &#8211; Beton \/ Stein"}]},{"@type":"WebSite","@id":"https:\/\/schroevendump.nl\/de\/#website","url":"https:\/\/schroevendump.nl\/de\/","name":"Schroevendump","description":"","potentialAction":[{"@type":"SearchAction","target":{"@type":"EntryPoint","urlTemplate":"https:\/\/schroevendump.nl\/de\/?s={search_term_string}"},"query-input":{"@type":"PropertyValueSpecification","valueRequired":true,"valueName":"search_term_string"}}],"inLanguage":"de"}]}},"_links":{"self":[{"href":"https:\/\/schroevendump.nl\/de\/wp-json\/wp\/v2\/product\/29344","targetHints":{"allow":["GET"]}}],"collection":[{"href":"https:\/\/schroevendump.nl\/de\/wp-json\/wp\/v2\/product"}],"about":[{"href":"https:\/\/schroevendump.nl\/de\/wp-json\/wp\/v2\/types\/product"}],"replies":[{"embeddable":true,"href":"https:\/\/schroevendump.nl\/de\/wp-json\/wp\/v2\/comments?post=29344"}],"wp:featuredmedia":[{"embeddable":true,"href":"https:\/\/schroevendump.nl\/de\/wp-json\/wp\/v2\/media\/29345"}],"wp:attachment":[{"href":"https:\/\/schroevendump.nl\/de\/wp-json\/wp\/v2\/media?parent=29344"}],"wp:term":[{"taxonomy":"product_brand","embeddable":true,"href":"https:\/\/schroevendump.nl\/de\/wp-json\/wp\/v2\/product_brand?post=29344"},{"taxonomy":"product_cat","embeddable":true,"href":"https:\/\/schroevendump.nl\/de\/wp-json\/wp\/v2\/product_cat?post=29344"},{"taxonomy":"product_tag","embeddable":true,"href":"https:\/\/schroevendump.nl\/de\/wp-json\/wp\/v2\/product_tag?post=29344"}],"curies":[{"name":"wp","href":"https:\/\/api.w.org\/{rel}","templated":true}]}}