{"id":29350,"date":"2025-12-06T16:11:14","date_gmt":"2025-12-06T16:11:14","guid":{"rendered":"https:\/\/schroevendump.nl\/product\/rhodius-ld40-diamanttrennscheibe-125mm-profi-qualitaet\/"},"modified":"2025-12-10T12:05:53","modified_gmt":"2025-12-10T12:05:53","slug":"rhodius-ld40-diamanttrennscheibe-125mm-profi-qualitaet","status":"publish","type":"product","link":"https:\/\/schroevendump.nl\/de\/produkt\/rhodius-ld40-diamanttrennscheibe-125mm-profi-qualitaet\/","title":{"rendered":"RHODIUS LD40 Diamanttrennscheibe 125mm &#8211; Profi-Qualit\u00e4t"},"content":{"rendered":"<h1 data-start=\"175\" data-end=\"242\"><strong data-start=\"177\" data-end=\"242\">RHODIUS LD40 Diamanttrennscheibe &#8211; Profi-Qualit\u00e4t<\/strong><\/h1>\n<p data-start=\"244\" data-end=\"623\">Die RHODIUS LD40 ist eine hochwertige Diamanttrennscheibe, die f\u00fcr den <strong data-start=\"326\" data-end=\"357\">intensiven t\u00e4glichen Gebrauch<\/strong> durch Profis entwickelt wurde. Mit lasergeschwei\u00dften Diamantsegmenten und einer Segmenth\u00f6he von 12 mm bietet diese Scheibe eine <strong data-start=\"473\" data-end=\"499\">hervorragende Lebensdauer<\/strong>, <strong data-start=\"501\" data-end=\"518\">schnelle Schnitte<\/strong> und eine zuverl\u00e4ssige Leistung bei schweren Materialien wie Stahlbeton, Hartgestein, Pflastersteinen und Granit.<\/p>\n<p data-start=\"625\" data-end=\"733\">Geeignet f\u00fcr <strong data-start=\"639\" data-end=\"655\">Nass- und Trockenschleifen<\/strong> und f\u00fcr den Einsatz auf Winkelschleifern, Trenns\u00e4gen und verschiedenen Maschinen.<\/p>\n<hr data-start=\"735\" data-end=\"738\">\n<h2 data-start=\"740\" data-end=\"760\"><strong data-start=\"743\" data-end=\"760\">Eigenschaften<\/strong><\/h2>\n<ul data-start=\"761\" data-end=\"1042\">\n<li data-start=\"761\" data-end=\"801\">\n<p data-start=\"763\" data-end=\"801\">F\u00fcr den intensiven professionellen Gebrauch<\/p>\n<\/li>\n<li data-start=\"802\" data-end=\"860\">\n<p data-start=\"804\" data-end=\"860\">Sehr lange Lebensdauer dank der 12 mm hohen Diamantsegmente<\/p>\n<\/li>\n<li data-start=\"861\" data-end=\"907\">\n<p data-start=\"863\" data-end=\"907\">Hohe Schnittgeschwindigkeit, auch in harten Materialien<\/p>\n<\/li>\n<li data-start=\"908\" data-end=\"957\">\n<p data-start=\"910\" data-end=\"957\">Lasergeschwei\u00dfte Segmente: extra stark und sicher<\/p>\n<\/li>\n<li data-start=\"958\" data-end=\"996\">\n<p data-start=\"960\" data-end=\"996\">Geeignet f\u00fcr Nass- und Trockenschleifen<\/p>\n<\/li>\n<li data-start=\"997\" data-end=\"1042\">\n<p data-start=\"999\" data-end=\"1042\">F\u00fcr Winkelschleifer und Trenns\u00e4gen<\/p>\n<\/li>\n<\/ul>\n<hr data-start=\"1044\" data-end=\"1047\">\n<h2 data-start=\"1049\" data-end=\"1066\"><strong data-start=\"1052\" data-end=\"1066\">Anwendung<\/strong><\/h2>\n<ul data-start=\"1067\" data-end=\"1215\">\n<li data-start=\"1067\" data-end=\"1085\">\n<p data-start=\"1069\" data-end=\"1085\">Bewehrter Beton<\/p>\n<\/li>\n<li data-start=\"1086\" data-end=\"1121\">\n<p data-start=\"1088\" data-end=\"1121\">Blaustein, Granit, Naturstein<\/p>\n<\/li>\n<li data-start=\"1122\" data-end=\"1168\">\n<p data-start=\"1124\" data-end=\"1168\">Betonsteine, Bordsteinkanten, Pflastersteine<\/p>\n<\/li>\n<li data-start=\"1169\" data-end=\"1215\">\n<p data-start=\"1171\" data-end=\"1215\">Bau und Renovierung, Abriss, schwere Arbeiten<\/p>\n<\/li>\n<\/ul>\n<hr data-start=\"1217\" data-end=\"1220\">\n<h2 data-start=\"1222\" data-end=\"1253\"><strong data-start=\"1225\" data-end=\"1253\">Technische Daten<\/strong><\/h2>\n<p data-start=\"1254\" data-end=\"1298\">\n<ul data-start=\"1299\" data-end=\"1535\">\n<li data-start=\"1299\" data-end=\"1361\">\n<p data-start=\"1301\" data-end=\"1361\">Durchmesser: 125mm<\/p>\n<\/li>\n<li data-start=\"1362\" data-end=\"1415\">\n<p data-start=\"1364\" data-end=\"1415\">Schaftloch: 22,23 mm<\/p>\n<\/li>\n<li data-start=\"1416\" data-end=\"1440\">\n<p data-start=\"1418\" data-end=\"1440\">Segmenth\u00f6he: 12 mm<\/p>\n<\/li>\n<li data-start=\"1441\" data-end=\"1496\">\n<p data-start=\"1443\" data-end=\"1496\">Segmentst\u00e4rke: 2,2 mm<\/p>\n<\/li>\n<li data-start=\"1497\" data-end=\"1535\">\n<p data-start=\"1499\" data-end=\"1535\">Geeignet f\u00fcr Nass- und Trockenschleifen<\/p>\n<\/li>\n<\/ul>\n<hr data-start=\"1537\" data-end=\"1540\">\n<h2 data-start=\"1542\" data-end=\"1555\"><strong data-start=\"1545\" data-end=\"1555\">Meinung<\/strong><\/h2>\n<p data-start=\"1556\" data-end=\"1663\">Dies ist die <strong data-start=\"1566\" data-end=\"1583\">Pro-Version<\/strong>. F\u00fcr Heimwerker oder leichtere Arbeiten entscheiden Sie sich besser f\u00fcr die <a href=\"https:\/\/schroevendump.nl\/de\/produkt\/rhodius-dg70-diamanttrennscheibe-beton-stein\/\"><strong data-start=\"1654\" data-end=\"1662\">DG70<\/strong>.<\/a><\/p>\n","protected":false},"excerpt":{"rendered":"<p>RHODIUS LD40 Diamanttrennscheibe &#8211; Profi-Qualit\u00e4t Die RHODIUS LD40 ist eine hochwertige Diamanttrennscheibe, die f\u00fcr den intensiven t\u00e4glichen Gebrauch durch Profis entwickelt wurde. Mit lasergeschwei\u00dften Diamantsegmenten und einer Segmenth\u00f6he von 12 mm bietet diese Scheibe eine hervorragende Lebensdauer, schnelle Schnitte und eine zuverl\u00e4ssige Leistung bei schweren Materialien wie Stahlbeton, Hartgestein, Pflastersteinen und Granit. Geeignet f\u00fcr Nass- [&hellip;]<\/p>\n","protected":false},"featured_media":29352,"comment_status":"closed","ping_status":"closed","template":"","meta":[],"product_brand":[],"product_cat":[786],"product_tag":[],"class_list":{"0":"post-29350","1":"product","2":"type-product","3":"status-publish","4":"has-post-thumbnail","6":"product_cat-schleifen-loten-von-scheiben","8":"first","9":"instock","10":"taxable","11":"shipping-taxable","12":"purchasable","13":"product-type-simple"},"supplier_id":null,"supplier_sku":"","barcode":null,"atum_controlled":true,"out_stock_date":null,"out_stock_threshold":null,"inheritable":false,"inbound_stock":0,"stock_on_hold":0,"sold_today":0,"sales_last_days":0,"reserved_stock":0,"customer_returns":0,"warehouse_damage":0,"lost_in_post":0,"other_logs":0,"out_stock_days":0,"lost_sales":0,"has_location":false,"update_date":"2026-04-12T01:02:04","atum_locations":[],"atum_stock_status":"instock","restock_status":false,"low_stock_amount":"","sales_update_date":"2026-04-12T01:02:04","calc_backorders":null,"acf":[],"yoast_head":"<!-- This site is optimized with the Yoast SEO plugin v26.6 - https:\/\/yoast.com\/wordpress\/plugins\/seo\/ -->\n<title>RHODIUS LD40 Diamanttrennscheibe 125mm - Profi-Qualit\u00e4t - Schroevendump<\/title>\n<meta name=\"robots\" content=\"index, follow, max-snippet:-1, max-image-preview:large, max-video-preview:-1\" \/>\n<link rel=\"canonical\" href=\"https:\/\/schroevendump.nl\/de\/produkt\/rhodius-ld40-diamanttrennscheibe-125mm-profi-qualitaet\/\" \/>\n<meta property=\"og:locale\" content=\"de_DE\" \/>\n<meta property=\"og:type\" content=\"article\" \/>\n<meta property=\"og:title\" content=\"RHODIUS LD40 Diamanttrennscheibe 125mm - Profi-Qualit\u00e4t - Schroevendump\" \/>\n<meta property=\"og:description\" content=\"RHODIUS LD40 Diamanttrennscheibe &#8211; Profi-Qualit\u00e4t Die RHODIUS LD40 ist eine hochwertige Diamanttrennscheibe, die f\u00fcr den intensiven t\u00e4glichen Gebrauch durch Profis entwickelt wurde. Mit lasergeschwei\u00dften Diamantsegmenten und einer Segmenth\u00f6he von 12 mm bietet diese Scheibe eine hervorragende Lebensdauer, schnelle Schnitte und eine zuverl\u00e4ssige Leistung bei schweren Materialien wie Stahlbeton, Hartgestein, Pflastersteinen und Granit. Geeignet f\u00fcr Nass- [&hellip;]\" \/>\n<meta property=\"og:url\" content=\"https:\/\/schroevendump.nl\/de\/produkt\/rhodius-ld40-diamanttrennscheibe-125mm-profi-qualitaet\/\" \/>\n<meta property=\"og:site_name\" content=\"Schroevendump\" \/>\n<meta property=\"article:modified_time\" content=\"2025-12-10T12:05:53+00:00\" \/>\n<meta property=\"og:image\" content=\"https:\/\/schroevendump.nl\/wp-content\/uploads\/2025\/12\/diamanschijf-LD40-profi.png\" \/>\n\t<meta property=\"og:image:width\" content=\"1000\" \/>\n\t<meta property=\"og:image:height\" content=\"1000\" \/>\n\t<meta property=\"og:image:type\" content=\"image\/png\" \/>\n<meta name=\"twitter:card\" content=\"summary_large_image\" \/>\n<meta name=\"twitter:label1\" content=\"Gesch\u00e4tzte Lesezeit\" \/>\n\t<meta name=\"twitter:data1\" content=\"1\u00a0Minute\" \/>\n<script type=\"application\/ld+json\" class=\"yoast-schema-graph\">{\"@context\":\"https:\/\/schema.org\",\"@graph\":[{\"@type\":\"WebPage\",\"@id\":\"https:\/\/schroevendump.nl\/de\/produkt\/rhodius-ld40-diamanttrennscheibe-125mm-profi-qualitaet\/\",\"url\":\"https:\/\/schroevendump.nl\/de\/produkt\/rhodius-ld40-diamanttrennscheibe-125mm-profi-qualitaet\/\",\"name\":\"RHODIUS LD40 Diamanttrennscheibe 125mm - Profi-Qualit\u00e4t - Schroevendump\",\"isPartOf\":{\"@id\":\"https:\/\/schroevendump.nl\/de\/#website\"},\"primaryImageOfPage\":{\"@id\":\"https:\/\/schroevendump.nl\/de\/produkt\/rhodius-ld40-diamanttrennscheibe-125mm-profi-qualitaet\/#primaryimage\"},\"image\":{\"@id\":\"https:\/\/schroevendump.nl\/de\/produkt\/rhodius-ld40-diamanttrennscheibe-125mm-profi-qualitaet\/#primaryimage\"},\"thumbnailUrl\":\"https:\/\/schroevendump.nl\/wp-content\/uploads\/2025\/12\/diamanschijf-LD40-profi.png\",\"datePublished\":\"2025-12-06T16:11:14+00:00\",\"dateModified\":\"2025-12-10T12:05:53+00:00\",\"breadcrumb\":{\"@id\":\"https:\/\/schroevendump.nl\/de\/produkt\/rhodius-ld40-diamanttrennscheibe-125mm-profi-qualitaet\/#breadcrumb\"},\"inLanguage\":\"de\",\"potentialAction\":[{\"@type\":\"ReadAction\",\"target\":[\"https:\/\/schroevendump.nl\/de\/produkt\/rhodius-ld40-diamanttrennscheibe-125mm-profi-qualitaet\/\"]}]},{\"@type\":\"ImageObject\",\"inLanguage\":\"de\",\"@id\":\"https:\/\/schroevendump.nl\/de\/produkt\/rhodius-ld40-diamanttrennscheibe-125mm-profi-qualitaet\/#primaryimage\",\"url\":\"https:\/\/schroevendump.nl\/wp-content\/uploads\/2025\/12\/diamanschijf-LD40-profi.png\",\"contentUrl\":\"https:\/\/schroevendump.nl\/wp-content\/uploads\/2025\/12\/diamanschijf-LD40-profi.png\",\"width\":1000,\"height\":1000},{\"@type\":\"BreadcrumbList\",\"@id\":\"https:\/\/schroevendump.nl\/de\/produkt\/rhodius-ld40-diamanttrennscheibe-125mm-profi-qualitaet\/#breadcrumb\",\"itemListElement\":[{\"@type\":\"ListItem\",\"position\":1,\"name\":\"Startseite\",\"item\":\"https:\/\/schroevendump.nl\/de\/\"},{\"@type\":\"ListItem\",\"position\":2,\"name\":\"Shop\",\"item\":\"https:\/\/schroevendump.nl\/de\/shop\/\"},{\"@type\":\"ListItem\",\"position\":3,\"name\":\"RHODIUS LD40 Diamanttrennscheibe 125mm &#8211; Profi-Qualit\u00e4t\"}]},{\"@type\":\"WebSite\",\"@id\":\"https:\/\/schroevendump.nl\/de\/#website\",\"url\":\"https:\/\/schroevendump.nl\/de\/\",\"name\":\"Schroevendump\",\"description\":\"\",\"potentialAction\":[{\"@type\":\"SearchAction\",\"target\":{\"@type\":\"EntryPoint\",\"urlTemplate\":\"https:\/\/schroevendump.nl\/de\/?s={search_term_string}\"},\"query-input\":{\"@type\":\"PropertyValueSpecification\",\"valueRequired\":true,\"valueName\":\"search_term_string\"}}],\"inLanguage\":\"de\"}]}<\/script>\n<!-- \/ Yoast SEO plugin. -->","yoast_head_json":{"title":"RHODIUS LD40 Diamanttrennscheibe 125mm - Profi-Qualit\u00e4t - Schroevendump","robots":{"index":"index","follow":"follow","max-snippet":"max-snippet:-1","max-image-preview":"max-image-preview:large","max-video-preview":"max-video-preview:-1"},"canonical":"https:\/\/schroevendump.nl\/de\/produkt\/rhodius-ld40-diamanttrennscheibe-125mm-profi-qualitaet\/","og_locale":"de_DE","og_type":"article","og_title":"RHODIUS LD40 Diamanttrennscheibe 125mm - Profi-Qualit\u00e4t - Schroevendump","og_description":"RHODIUS LD40 Diamanttrennscheibe &#8211; Profi-Qualit\u00e4t Die RHODIUS LD40 ist eine hochwertige Diamanttrennscheibe, die f\u00fcr den intensiven t\u00e4glichen Gebrauch durch Profis entwickelt wurde. Mit lasergeschwei\u00dften Diamantsegmenten und einer Segmenth\u00f6he von 12 mm bietet diese Scheibe eine hervorragende Lebensdauer, schnelle Schnitte und eine zuverl\u00e4ssige Leistung bei schweren Materialien wie Stahlbeton, Hartgestein, Pflastersteinen und Granit. Geeignet f\u00fcr Nass- [&hellip;]","og_url":"https:\/\/schroevendump.nl\/de\/produkt\/rhodius-ld40-diamanttrennscheibe-125mm-profi-qualitaet\/","og_site_name":"Schroevendump","article_modified_time":"2025-12-10T12:05:53+00:00","og_image":[{"width":1000,"height":1000,"url":"https:\/\/schroevendump.nl\/wp-content\/uploads\/2025\/12\/diamanschijf-LD40-profi.png","type":"image\/png"}],"twitter_card":"summary_large_image","twitter_misc":{"Gesch\u00e4tzte Lesezeit":"1\u00a0Minute"},"schema":{"@context":"https:\/\/schema.org","@graph":[{"@type":"WebPage","@id":"https:\/\/schroevendump.nl\/de\/produkt\/rhodius-ld40-diamanttrennscheibe-125mm-profi-qualitaet\/","url":"https:\/\/schroevendump.nl\/de\/produkt\/rhodius-ld40-diamanttrennscheibe-125mm-profi-qualitaet\/","name":"RHODIUS LD40 Diamanttrennscheibe 125mm - Profi-Qualit\u00e4t - Schroevendump","isPartOf":{"@id":"https:\/\/schroevendump.nl\/de\/#website"},"primaryImageOfPage":{"@id":"https:\/\/schroevendump.nl\/de\/produkt\/rhodius-ld40-diamanttrennscheibe-125mm-profi-qualitaet\/#primaryimage"},"image":{"@id":"https:\/\/schroevendump.nl\/de\/produkt\/rhodius-ld40-diamanttrennscheibe-125mm-profi-qualitaet\/#primaryimage"},"thumbnailUrl":"https:\/\/schroevendump.nl\/wp-content\/uploads\/2025\/12\/diamanschijf-LD40-profi.png","datePublished":"2025-12-06T16:11:14+00:00","dateModified":"2025-12-10T12:05:53+00:00","breadcrumb":{"@id":"https:\/\/schroevendump.nl\/de\/produkt\/rhodius-ld40-diamanttrennscheibe-125mm-profi-qualitaet\/#breadcrumb"},"inLanguage":"de","potentialAction":[{"@type":"ReadAction","target":["https:\/\/schroevendump.nl\/de\/produkt\/rhodius-ld40-diamanttrennscheibe-125mm-profi-qualitaet\/"]}]},{"@type":"ImageObject","inLanguage":"de","@id":"https:\/\/schroevendump.nl\/de\/produkt\/rhodius-ld40-diamanttrennscheibe-125mm-profi-qualitaet\/#primaryimage","url":"https:\/\/schroevendump.nl\/wp-content\/uploads\/2025\/12\/diamanschijf-LD40-profi.png","contentUrl":"https:\/\/schroevendump.nl\/wp-content\/uploads\/2025\/12\/diamanschijf-LD40-profi.png","width":1000,"height":1000},{"@type":"BreadcrumbList","@id":"https:\/\/schroevendump.nl\/de\/produkt\/rhodius-ld40-diamanttrennscheibe-125mm-profi-qualitaet\/#breadcrumb","itemListElement":[{"@type":"ListItem","position":1,"name":"Startseite","item":"https:\/\/schroevendump.nl\/de\/"},{"@type":"ListItem","position":2,"name":"Shop","item":"https:\/\/schroevendump.nl\/de\/shop\/"},{"@type":"ListItem","position":3,"name":"RHODIUS LD40 Diamanttrennscheibe 125mm &#8211; Profi-Qualit\u00e4t"}]},{"@type":"WebSite","@id":"https:\/\/schroevendump.nl\/de\/#website","url":"https:\/\/schroevendump.nl\/de\/","name":"Schroevendump","description":"","potentialAction":[{"@type":"SearchAction","target":{"@type":"EntryPoint","urlTemplate":"https:\/\/schroevendump.nl\/de\/?s={search_term_string}"},"query-input":{"@type":"PropertyValueSpecification","valueRequired":true,"valueName":"search_term_string"}}],"inLanguage":"de"}]}},"_links":{"self":[{"href":"https:\/\/schroevendump.nl\/de\/wp-json\/wp\/v2\/product\/29350","targetHints":{"allow":["GET"]}}],"collection":[{"href":"https:\/\/schroevendump.nl\/de\/wp-json\/wp\/v2\/product"}],"about":[{"href":"https:\/\/schroevendump.nl\/de\/wp-json\/wp\/v2\/types\/product"}],"replies":[{"embeddable":true,"href":"https:\/\/schroevendump.nl\/de\/wp-json\/wp\/v2\/comments?post=29350"}],"wp:featuredmedia":[{"embeddable":true,"href":"https:\/\/schroevendump.nl\/de\/wp-json\/wp\/v2\/media\/29352"}],"wp:attachment":[{"href":"https:\/\/schroevendump.nl\/de\/wp-json\/wp\/v2\/media?parent=29350"}],"wp:term":[{"taxonomy":"product_brand","embeddable":true,"href":"https:\/\/schroevendump.nl\/de\/wp-json\/wp\/v2\/product_brand?post=29350"},{"taxonomy":"product_cat","embeddable":true,"href":"https:\/\/schroevendump.nl\/de\/wp-json\/wp\/v2\/product_cat?post=29350"},{"taxonomy":"product_tag","embeddable":true,"href":"https:\/\/schroevendump.nl\/de\/wp-json\/wp\/v2\/product_tag?post=29350"}],"curies":[{"name":"wp","href":"https:\/\/api.w.org\/{rel}","templated":true}]}}