{"id":29365,"date":"2025-12-06T16:34:28","date_gmt":"2025-12-06T16:34:28","guid":{"rendered":"https:\/\/schroevendump.nl\/product\/rhodius-dg45-fliesendiamantscheibe-125-mm-profi-qualitaet\/"},"modified":"2025-12-10T12:05:47","modified_gmt":"2025-12-10T12:05:47","slug":"rhodius-dg45-fliesendiamantscheibe-125-mm-profi-qualitaet","status":"publish","type":"product","link":"https:\/\/schroevendump.nl\/de\/produkt\/rhodius-dg45-fliesendiamantscheibe-125-mm-profi-qualitaet\/","title":{"rendered":"RHODIUS DG45 Fliesendiamantscheibe 125 mm &#8211; Profi-Qualit\u00e4t"},"content":{"rendered":"<p data-start=\"248\" data-end=\"585\">Die RHODIUS DG45 ist eine <strong data-start=\"271\" data-end=\"300\">Profi-Fliesenscheibe<\/strong> f\u00fcr schnelle, saubere und splitterfreie Schnitte in harten Fliesen, Keramik und Naturstein. Dank der geschlossenen Schnittkante und der 10 mm hohen Diamantsegmente hat diese Scheibe eine <strong data-start=\"470\" data-end=\"490\">lange Lebensdauer<\/strong>, eine hohe Schnittgeschwindigkeit und liefert einen <strong data-start=\"528\" data-end=\"552\">sauberen Pr\u00e4zisionsschnitt<\/strong>, selbst in den h\u00e4rtesten Materialien.<\/p>\n<p data-start=\"587\" data-end=\"726\">Diese Scheibe ist ideal f\u00fcr <strong data-start=\"614\" data-end=\"672\">Fliesenleger, Bauunternehmer und intensive Renovierungsarbeiten<\/strong>, bei denen Zuverl\u00e4ssigkeit und Finish wichtig sind.<\/p>\n<hr data-start=\"728\" data-end=\"731\">\n<h2 data-start=\"733\" data-end=\"753\"><strong data-start=\"736\" data-end=\"753\">Eigenschaften<\/strong><\/h2>\n<ul data-start=\"754\" data-end=\"1102\">\n<li data-start=\"754\" data-end=\"778\">\n<p data-start=\"756\" data-end=\"778\">Durchmesser: <strong data-start=\"766\" data-end=\"776\">125 mm<\/strong><\/p>\n<\/li>\n<li data-start=\"779\" data-end=\"802\">\n<p data-start=\"781\" data-end=\"802\">Schaftloch: <strong data-start=\"788\" data-end=\"800\">22,23 mm<\/strong><\/p>\n<\/li>\n<li data-start=\"803\" data-end=\"863\">\n<p data-start=\"805\" data-end=\"863\"><strong data-start=\"805\" data-end=\"826\">Geschlossene Schneide<\/strong> f\u00fcr enge, splitterfreie Schnitte<\/p>\n<\/li>\n<li data-start=\"864\" data-end=\"927\">\n<p data-start=\"866\" data-end=\"927\">Professionelle <strong data-start=\"880\" data-end=\"906\">10 mm Diamantsegmente<\/strong> (lange Lebensdauer)<\/p>\n<\/li>\n<li data-start=\"928\" data-end=\"991\">\n<p data-start=\"930\" data-end=\"991\">Hohe Schnittgeschwindigkeit bei harten Keramikfliesen und Naturstein<\/p>\n<\/li>\n<li data-start=\"992\" data-end=\"1038\">\n<p data-start=\"994\" data-end=\"1038\">F\u00fcr den <strong data-start=\"999\" data-end=\"1036\">professionellen &amp; intensiven Gebrauch<\/strong><\/p>\n<\/li>\n<li data-start=\"1039\" data-end=\"1072\">\n<p data-start=\"1041\" data-end=\"1072\">Geeignet f\u00fcr Winkelschleifer<\/p>\n<\/li>\n<li data-start=\"1073\" data-end=\"1102\">\n<p data-start=\"1075\" data-end=\"1102\">Kann trocken und nass verwendet werden<\/p>\n<\/li>\n<\/ul>\n<hr data-start=\"1104\" data-end=\"1107\">\n<h2 data-start=\"1109\" data-end=\"1126\"><strong data-start=\"1112\" data-end=\"1126\">Anwendung<\/strong><\/h2>\n<ul data-start=\"1127\" data-end=\"1286\">\n<li data-start=\"1127\" data-end=\"1162\">\n<p data-start=\"1129\" data-end=\"1162\">Keramische Boden- und Wandfliesen<\/p>\n<\/li>\n<li data-start=\"1163\" data-end=\"1206\">\n<p data-start=\"1165\" data-end=\"1206\">Naturstein, Blaustein, Marmor, Granit<\/p>\n<\/li>\n<li data-start=\"1207\" data-end=\"1239\">\n<p data-start=\"1209\" data-end=\"1239\">Renovierung von Bad und K\u00fcche<\/p>\n<\/li>\n<li data-start=\"1240\" data-end=\"1286\">\n<p data-start=\"1242\" data-end=\"1286\">Pr\u00e4zise Finishing-Linien ohne Kantenausbr\u00fcche<\/p>\n<\/li>\n<\/ul>\n<hr data-start=\"1288\" data-end=\"1291\">\n<h2 data-start=\"1293\" data-end=\"1315\"><strong data-start=\"1296\" data-end=\"1315\">Warum die DG45?<\/strong><\/h2>\n<ul data-start=\"1316\" data-end=\"1511\">\n<li data-start=\"1316\" data-end=\"1360\">\n<p data-start=\"1318\" data-end=\"1360\">\u2714 Professionelle Qualit\u00e4t f\u00fcr den t\u00e4glichen Gebrauch<\/p>\n<\/li>\n<li data-start=\"1361\" data-end=\"1408\">\n<p data-start=\"1363\" data-end=\"1408\">\u2714 Enger und sauberer Schnitt ohne Absplittern<\/p>\n<\/li>\n<li data-start=\"1409\" data-end=\"1455\">\n<p data-start=\"1411\" data-end=\"1455\">\u2714 \u00c4u\u00dferst langlebig durch hohe Segmentqualit\u00e4t<\/p>\n<\/li>\n<li data-start=\"1456\" data-end=\"1511\">\n<p data-start=\"1458\" data-end=\"1511\">\u2714 Perfekt f\u00fcr Profis und intensive Fliesenlegerarbeiten<\/p>\n<\/li>\n<\/ul>\n<h1 data-start=\"145\" data-end=\"170\"><strong data-start=\"147\" data-end=\"170\">Beratung &amp; Sicherheit<\/strong><\/h1>\n<p data-start=\"172\" data-end=\"241\">Verwenden Sie diese Fliesenscheiben immer mit der richtigen Schutzausr\u00fcstung:<\/p>\n<ul data-start=\"243\" data-end=\"636\">\n<li data-start=\"243\" data-end=\"333\">\n<p data-start=\"245\" data-end=\"333\"><strong data-start=\"245\" data-end=\"274\">Tragen Sie eine Schutzbrille<\/strong>, um fliegende Staubpartikel und Splitter zu vermeiden.<\/p>\n<\/li>\n<li data-start=\"334\" data-end=\"397\">\n<p data-start=\"336\" data-end=\"397\"><strong data-start=\"336\" data-end=\"365\">Tragen Sie einen Geh\u00f6rschutz<\/strong>, insbesondere bei l\u00e4ngerem Schleifen.<\/p>\n<\/li>\n<li data-start=\"398\" data-end=\"467\">\n<p data-start=\"400\" data-end=\"467\"><strong data-start=\"400\" data-end=\"416\">Handschuhe<\/strong> werden f\u00fcr zus\u00e4tzlichen Halt und Sicherheit empfohlen.<\/p>\n<\/li>\n<li data-start=\"468\" data-end=\"559\">\n<p data-start=\"470\" data-end=\"559\">Vergewissern Sie sich, dass die Disc richtig befestigt ist und ihre <strong data-start=\"529\" data-end=\"551\">H\u00f6chstgeschwindigkeit<\/strong> nicht \u00fcberschreitet.<\/p>\n<\/li>\n<li data-start=\"560\" data-end=\"636\">\n<p data-start=\"562\" data-end=\"636\">Legen Sie beim Trockenschleifen ausreichend Pausen ein, um eine \u00dcberhitzung zu vermeiden.<\/p>\n<\/li>\n<\/ul>\n","protected":false},"excerpt":{"rendered":"<p>Die RHODIUS DG45 ist eine Profi-Fliesenscheibe f\u00fcr schnelle, saubere und splitterfreie Schnitte in harten Fliesen, Keramik und Naturstein. Dank der geschlossenen Schnittkante und der 10 mm hohen Diamantsegmente hat diese Scheibe eine lange Lebensdauer, eine hohe Schnittgeschwindigkeit und liefert einen sauberen Pr\u00e4zisionsschnitt, selbst in den h\u00e4rtesten Materialien. Diese Scheibe ist ideal f\u00fcr Fliesenleger, Bauunternehmer und [&hellip;]<\/p>\n","protected":false},"featured_media":29366,"comment_status":"closed","ping_status":"closed","template":"","meta":[],"product_brand":[],"product_cat":[786],"product_tag":[],"class_list":{"0":"post-29365","1":"product","2":"type-product","3":"status-publish","4":"has-post-thumbnail","6":"product_cat-schleifen-loten-von-scheiben","8":"first","9":"instock","10":"taxable","11":"shipping-taxable","12":"purchasable","13":"product-type-simple"},"supplier_id":null,"supplier_sku":"","barcode":null,"atum_controlled":true,"out_stock_date":null,"out_stock_threshold":null,"inheritable":false,"inbound_stock":0,"stock_on_hold":1,"sold_today":1,"sales_last_days":10,"reserved_stock":0,"customer_returns":0,"warehouse_damage":0,"lost_in_post":0,"other_logs":0,"out_stock_days":0,"lost_sales":0,"has_location":false,"update_date":"2026-05-08T16:57:46","atum_locations":[],"atum_stock_status":"instock","restock_status":true,"low_stock_amount":"","sales_update_date":"2026-05-08T16:57:46","calc_backorders":null,"acf":[],"yoast_head":"<!-- This site is optimized with the Yoast SEO plugin v26.6 - https:\/\/yoast.com\/wordpress\/plugins\/seo\/ -->\n<title>RHODIUS DG45 Fliesendiamantscheibe 125 mm - Profi-Qualit\u00e4t - Schroevendump<\/title>\n<meta name=\"robots\" content=\"index, follow, max-snippet:-1, max-image-preview:large, max-video-preview:-1\" \/>\n<link rel=\"canonical\" href=\"https:\/\/schroevendump.nl\/de\/produkt\/rhodius-dg45-fliesendiamantscheibe-125-mm-profi-qualitaet\/\" \/>\n<meta property=\"og:locale\" content=\"de_DE\" \/>\n<meta property=\"og:type\" content=\"article\" \/>\n<meta property=\"og:title\" content=\"RHODIUS DG45 Fliesendiamantscheibe 125 mm - Profi-Qualit\u00e4t - Schroevendump\" \/>\n<meta property=\"og:description\" content=\"Die RHODIUS DG45 ist eine Profi-Fliesenscheibe f\u00fcr schnelle, saubere und splitterfreie Schnitte in harten Fliesen, Keramik und Naturstein. Dank der geschlossenen Schnittkante und der 10 mm hohen Diamantsegmente hat diese Scheibe eine lange Lebensdauer, eine hohe Schnittgeschwindigkeit und liefert einen sauberen Pr\u00e4zisionsschnitt, selbst in den h\u00e4rtesten Materialien. Diese Scheibe ist ideal f\u00fcr Fliesenleger, Bauunternehmer und [&hellip;]\" \/>\n<meta property=\"og:url\" content=\"https:\/\/schroevendump.nl\/de\/produkt\/rhodius-dg45-fliesendiamantscheibe-125-mm-profi-qualitaet\/\" \/>\n<meta property=\"og:site_name\" content=\"Schroevendump\" \/>\n<meta property=\"article:modified_time\" content=\"2025-12-10T12:05:47+00:00\" \/>\n<meta property=\"og:image\" content=\"https:\/\/schroevendump.nl\/wp-content\/uploads\/2025\/12\/DG45-tegelschijf-profi.png\" \/>\n\t<meta property=\"og:image:width\" content=\"1000\" \/>\n\t<meta property=\"og:image:height\" content=\"1000\" \/>\n\t<meta property=\"og:image:type\" content=\"image\/png\" \/>\n<meta name=\"twitter:card\" content=\"summary_large_image\" \/>\n<meta name=\"twitter:label1\" content=\"Gesch\u00e4tzte Lesezeit\" \/>\n\t<meta name=\"twitter:data1\" content=\"1\u00a0Minute\" \/>\n<script type=\"application\/ld+json\" class=\"yoast-schema-graph\">{\"@context\":\"https:\/\/schema.org\",\"@graph\":[{\"@type\":\"WebPage\",\"@id\":\"https:\/\/schroevendump.nl\/de\/produkt\/rhodius-dg45-fliesendiamantscheibe-125-mm-profi-qualitaet\/\",\"url\":\"https:\/\/schroevendump.nl\/de\/produkt\/rhodius-dg45-fliesendiamantscheibe-125-mm-profi-qualitaet\/\",\"name\":\"RHODIUS DG45 Fliesendiamantscheibe 125 mm - Profi-Qualit\u00e4t - Schroevendump\",\"isPartOf\":{\"@id\":\"https:\/\/schroevendump.nl\/de\/#website\"},\"primaryImageOfPage\":{\"@id\":\"https:\/\/schroevendump.nl\/de\/produkt\/rhodius-dg45-fliesendiamantscheibe-125-mm-profi-qualitaet\/#primaryimage\"},\"image\":{\"@id\":\"https:\/\/schroevendump.nl\/de\/produkt\/rhodius-dg45-fliesendiamantscheibe-125-mm-profi-qualitaet\/#primaryimage\"},\"thumbnailUrl\":\"https:\/\/schroevendump.nl\/wp-content\/uploads\/2025\/12\/DG45-tegelschijf-profi.png\",\"datePublished\":\"2025-12-06T16:34:28+00:00\",\"dateModified\":\"2025-12-10T12:05:47+00:00\",\"breadcrumb\":{\"@id\":\"https:\/\/schroevendump.nl\/de\/produkt\/rhodius-dg45-fliesendiamantscheibe-125-mm-profi-qualitaet\/#breadcrumb\"},\"inLanguage\":\"de\",\"potentialAction\":[{\"@type\":\"ReadAction\",\"target\":[\"https:\/\/schroevendump.nl\/de\/produkt\/rhodius-dg45-fliesendiamantscheibe-125-mm-profi-qualitaet\/\"]}]},{\"@type\":\"ImageObject\",\"inLanguage\":\"de\",\"@id\":\"https:\/\/schroevendump.nl\/de\/produkt\/rhodius-dg45-fliesendiamantscheibe-125-mm-profi-qualitaet\/#primaryimage\",\"url\":\"https:\/\/schroevendump.nl\/wp-content\/uploads\/2025\/12\/DG45-tegelschijf-profi.png\",\"contentUrl\":\"https:\/\/schroevendump.nl\/wp-content\/uploads\/2025\/12\/DG45-tegelschijf-profi.png\",\"width\":1000,\"height\":1000},{\"@type\":\"BreadcrumbList\",\"@id\":\"https:\/\/schroevendump.nl\/de\/produkt\/rhodius-dg45-fliesendiamantscheibe-125-mm-profi-qualitaet\/#breadcrumb\",\"itemListElement\":[{\"@type\":\"ListItem\",\"position\":1,\"name\":\"Startseite\",\"item\":\"https:\/\/schroevendump.nl\/de\/\"},{\"@type\":\"ListItem\",\"position\":2,\"name\":\"Shop\",\"item\":\"https:\/\/schroevendump.nl\/de\/shop\/\"},{\"@type\":\"ListItem\",\"position\":3,\"name\":\"RHODIUS DG45 Fliesendiamantscheibe 125 mm &#8211; Profi-Qualit\u00e4t\"}]},{\"@type\":\"WebSite\",\"@id\":\"https:\/\/schroevendump.nl\/de\/#website\",\"url\":\"https:\/\/schroevendump.nl\/de\/\",\"name\":\"Schroevendump\",\"description\":\"\",\"potentialAction\":[{\"@type\":\"SearchAction\",\"target\":{\"@type\":\"EntryPoint\",\"urlTemplate\":\"https:\/\/schroevendump.nl\/de\/?s={search_term_string}\"},\"query-input\":{\"@type\":\"PropertyValueSpecification\",\"valueRequired\":true,\"valueName\":\"search_term_string\"}}],\"inLanguage\":\"de\"}]}<\/script>\n<!-- \/ Yoast SEO plugin. -->","yoast_head_json":{"title":"RHODIUS DG45 Fliesendiamantscheibe 125 mm - Profi-Qualit\u00e4t - Schroevendump","robots":{"index":"index","follow":"follow","max-snippet":"max-snippet:-1","max-image-preview":"max-image-preview:large","max-video-preview":"max-video-preview:-1"},"canonical":"https:\/\/schroevendump.nl\/de\/produkt\/rhodius-dg45-fliesendiamantscheibe-125-mm-profi-qualitaet\/","og_locale":"de_DE","og_type":"article","og_title":"RHODIUS DG45 Fliesendiamantscheibe 125 mm - Profi-Qualit\u00e4t - Schroevendump","og_description":"Die RHODIUS DG45 ist eine Profi-Fliesenscheibe f\u00fcr schnelle, saubere und splitterfreie Schnitte in harten Fliesen, Keramik und Naturstein. Dank der geschlossenen Schnittkante und der 10 mm hohen Diamantsegmente hat diese Scheibe eine lange Lebensdauer, eine hohe Schnittgeschwindigkeit und liefert einen sauberen Pr\u00e4zisionsschnitt, selbst in den h\u00e4rtesten Materialien. Diese Scheibe ist ideal f\u00fcr Fliesenleger, Bauunternehmer und [&hellip;]","og_url":"https:\/\/schroevendump.nl\/de\/produkt\/rhodius-dg45-fliesendiamantscheibe-125-mm-profi-qualitaet\/","og_site_name":"Schroevendump","article_modified_time":"2025-12-10T12:05:47+00:00","og_image":[{"width":1000,"height":1000,"url":"https:\/\/schroevendump.nl\/wp-content\/uploads\/2025\/12\/DG45-tegelschijf-profi.png","type":"image\/png"}],"twitter_card":"summary_large_image","twitter_misc":{"Gesch\u00e4tzte Lesezeit":"1\u00a0Minute"},"schema":{"@context":"https:\/\/schema.org","@graph":[{"@type":"WebPage","@id":"https:\/\/schroevendump.nl\/de\/produkt\/rhodius-dg45-fliesendiamantscheibe-125-mm-profi-qualitaet\/","url":"https:\/\/schroevendump.nl\/de\/produkt\/rhodius-dg45-fliesendiamantscheibe-125-mm-profi-qualitaet\/","name":"RHODIUS DG45 Fliesendiamantscheibe 125 mm - Profi-Qualit\u00e4t - Schroevendump","isPartOf":{"@id":"https:\/\/schroevendump.nl\/de\/#website"},"primaryImageOfPage":{"@id":"https:\/\/schroevendump.nl\/de\/produkt\/rhodius-dg45-fliesendiamantscheibe-125-mm-profi-qualitaet\/#primaryimage"},"image":{"@id":"https:\/\/schroevendump.nl\/de\/produkt\/rhodius-dg45-fliesendiamantscheibe-125-mm-profi-qualitaet\/#primaryimage"},"thumbnailUrl":"https:\/\/schroevendump.nl\/wp-content\/uploads\/2025\/12\/DG45-tegelschijf-profi.png","datePublished":"2025-12-06T16:34:28+00:00","dateModified":"2025-12-10T12:05:47+00:00","breadcrumb":{"@id":"https:\/\/schroevendump.nl\/de\/produkt\/rhodius-dg45-fliesendiamantscheibe-125-mm-profi-qualitaet\/#breadcrumb"},"inLanguage":"de","potentialAction":[{"@type":"ReadAction","target":["https:\/\/schroevendump.nl\/de\/produkt\/rhodius-dg45-fliesendiamantscheibe-125-mm-profi-qualitaet\/"]}]},{"@type":"ImageObject","inLanguage":"de","@id":"https:\/\/schroevendump.nl\/de\/produkt\/rhodius-dg45-fliesendiamantscheibe-125-mm-profi-qualitaet\/#primaryimage","url":"https:\/\/schroevendump.nl\/wp-content\/uploads\/2025\/12\/DG45-tegelschijf-profi.png","contentUrl":"https:\/\/schroevendump.nl\/wp-content\/uploads\/2025\/12\/DG45-tegelschijf-profi.png","width":1000,"height":1000},{"@type":"BreadcrumbList","@id":"https:\/\/schroevendump.nl\/de\/produkt\/rhodius-dg45-fliesendiamantscheibe-125-mm-profi-qualitaet\/#breadcrumb","itemListElement":[{"@type":"ListItem","position":1,"name":"Startseite","item":"https:\/\/schroevendump.nl\/de\/"},{"@type":"ListItem","position":2,"name":"Shop","item":"https:\/\/schroevendump.nl\/de\/shop\/"},{"@type":"ListItem","position":3,"name":"RHODIUS DG45 Fliesendiamantscheibe 125 mm &#8211; Profi-Qualit\u00e4t"}]},{"@type":"WebSite","@id":"https:\/\/schroevendump.nl\/de\/#website","url":"https:\/\/schroevendump.nl\/de\/","name":"Schroevendump","description":"","potentialAction":[{"@type":"SearchAction","target":{"@type":"EntryPoint","urlTemplate":"https:\/\/schroevendump.nl\/de\/?s={search_term_string}"},"query-input":{"@type":"PropertyValueSpecification","valueRequired":true,"valueName":"search_term_string"}}],"inLanguage":"de"}]}},"_links":{"self":[{"href":"https:\/\/schroevendump.nl\/de\/wp-json\/wp\/v2\/product\/29365","targetHints":{"allow":["GET"]}}],"collection":[{"href":"https:\/\/schroevendump.nl\/de\/wp-json\/wp\/v2\/product"}],"about":[{"href":"https:\/\/schroevendump.nl\/de\/wp-json\/wp\/v2\/types\/product"}],"replies":[{"embeddable":true,"href":"https:\/\/schroevendump.nl\/de\/wp-json\/wp\/v2\/comments?post=29365"}],"wp:featuredmedia":[{"embeddable":true,"href":"https:\/\/schroevendump.nl\/de\/wp-json\/wp\/v2\/media\/29366"}],"wp:attachment":[{"href":"https:\/\/schroevendump.nl\/de\/wp-json\/wp\/v2\/media?parent=29365"}],"wp:term":[{"taxonomy":"product_brand","embeddable":true,"href":"https:\/\/schroevendump.nl\/de\/wp-json\/wp\/v2\/product_brand?post=29365"},{"taxonomy":"product_cat","embeddable":true,"href":"https:\/\/schroevendump.nl\/de\/wp-json\/wp\/v2\/product_cat?post=29365"},{"taxonomy":"product_tag","embeddable":true,"href":"https:\/\/schroevendump.nl\/de\/wp-json\/wp\/v2\/product_tag?post=29365"}],"curies":[{"name":"wp","href":"https:\/\/api.w.org\/{rel}","templated":true}]}}