{"id":29374,"date":"2025-12-06T16:52:26","date_gmt":"2025-12-06T16:52:26","guid":{"rendered":"https:\/\/schroevendump.nl\/product\/schraubendreher-powertix-bruislijm-express-310-ml\/"},"modified":"2025-12-10T12:05:45","modified_gmt":"2025-12-10T12:05:45","slug":"schraubendreher-powertix-bruislijm-express-310-ml","status":"publish","type":"product","link":"https:\/\/schroevendump.nl\/de\/produkt\/schraubendreher-powertix-bruislijm-express-310-ml\/","title":{"rendered":"Schraubendreher Powertix Bruislijm Express &#8211; 310 ml"},"content":{"rendered":"<p data-start=\"165\" data-end=\"433\">Der Screwdump <strong data-start=\"182\" data-end=\"212\">Powertix Brush Adhesive Express<\/strong> ist ein schneller, leistungsstarker <strong data-start=\"251\" data-end=\"271\">Polyurethan-Brausekleber<\/strong>, der w\u00e4hrend des Aush\u00e4rtens leicht aufsch\u00e4umt und so eine extrem starke Haftung gew\u00e4hrleistet. Ideal f\u00fcr Montage-, Bau- und Renovierungsarbeiten, bei denen Sie schnell durcharbeiten wollen.<\/p>\n<p data-start=\"435\" data-end=\"642\">Dank seiner schnellen Reaktionszeit entsteht innerhalb von Minuten eine solide Anfangshaftung und nach vollst\u00e4ndiger Aush\u00e4rtung eine <strong data-start=\"556\" data-end=\"578\">wasserfeste<\/strong>, dauerhafte <strong data-start=\"556\" data-end=\"578\">D4-Klebeverbindung<\/strong>. Perfekt f\u00fcr den Einsatz im Innen- und Au\u00dfenbereich.<\/p>\n<hr data-start=\"644\" data-end=\"647\">\n<h2 data-start=\"649\" data-end=\"669\"><strong data-start=\"652\" data-end=\"669\">Eigenschaften<\/strong><\/h2>\n<ul data-start=\"670\" data-end=\"981\">\n<li data-start=\"670\" data-end=\"698\">\n<p data-start=\"672\" data-end=\"698\">Volumen: <strong data-start=\"680\" data-end=\"696\">310 ml Tube<\/strong><\/p>\n<\/li>\n<li data-start=\"699\" data-end=\"767\">\n<p data-start=\"701\" data-end=\"767\"><strong data-start=\"701\" data-end=\"714\">Blasenkleber<\/strong> (PU) &#8211; leicht gesch\u00e4umt f\u00fcr zus\u00e4tzliche F\u00fcllung &amp; Haftung<\/p>\n<\/li>\n<li data-start=\"768\" data-end=\"814\">\n<p data-start=\"770\" data-end=\"814\">Schnelle Anfangshaftung: ca.  <strong data-start=\"796\" data-end=\"812\">5-10 Minuten<\/strong><\/p>\n<\/li>\n<li data-start=\"815\" data-end=\"853\">\n<p data-start=\"817\" data-end=\"853\">Endg\u00fcltige St\u00e4rke: ca.  <strong data-start=\"834\" data-end=\"851\">20-30 Minuten<\/strong><\/p>\n<\/li>\n<li data-start=\"854\" data-end=\"879\">\n<p data-start=\"856\" data-end=\"879\">Wasserfest <strong data-start=\"871\" data-end=\"877\">D4<\/strong><\/p>\n<\/li>\n<li data-start=\"880\" data-end=\"916\">\n<p data-start=\"882\" data-end=\"916\">Haftet auf fast allen Materialien<\/p>\n<\/li>\n<li data-start=\"917\" data-end=\"936\">\n<p data-start=\"919\" data-end=\"936\">L\u00f6sungsmittelfrei<\/p>\n<\/li>\n<li data-start=\"937\" data-end=\"981\">\n<p data-start=\"939\" data-end=\"981\">Geeignet f\u00fcr alle g\u00e4ngigen Dichtstoffpistolen<\/p>\n<\/li>\n<\/ul>\n<hr data-start=\"983\" data-end=\"986\">\n<h2 data-start=\"988\" data-end=\"1005\"><strong data-start=\"991\" data-end=\"1005\">Anwendung<\/strong><\/h2>\n<ul data-start=\"1006\" data-end=\"1232\">\n<li data-start=\"1006\" data-end=\"1060\">\n<p data-start=\"1008\" data-end=\"1060\">Holzkonstruktionen, Rahmen, T\u00fcren, Paneele<\/p>\n<\/li>\n<li data-start=\"1061\" data-end=\"1102\">\n<p data-start=\"1063\" data-end=\"1102\">Stein, Beton, Mauerwerk, Naturstein<\/p>\n<\/li>\n<li data-start=\"1103\" data-end=\"1149\">\n<p data-start=\"1105\" data-end=\"1149\">D\u00e4mmplatten und Kunststoffe (wie PVC)<\/p>\n<\/li>\n<li data-start=\"1150\" data-end=\"1172\">\n<p data-start=\"1152\" data-end=\"1172\">Metallverbindungen<\/p>\n<\/li>\n<li data-start=\"1173\" data-end=\"1212\">\n<p data-start=\"1175\" data-end=\"1212\">Bau-, Montage- und Renovierungsarbeiten<\/p>\n<\/li>\n<li data-start=\"1213\" data-end=\"1232\">\n<p data-start=\"1215\" data-end=\"1232\">Innen &amp; Au\u00dfen<\/p>\n<\/li>\n<\/ul>\n<hr data-start=\"1234\" data-end=\"1237\">\n<h2 data-start=\"1239\" data-end=\"1255\"><strong data-start=\"1242\" data-end=\"1255\">Vorteile<\/strong><\/h2>\n<ul data-start=\"1256\" data-end=\"1489\">\n<li data-start=\"1256\" data-end=\"1321\">\n<p data-start=\"1258\" data-end=\"1321\">\u2714 <strong data-start=\"1260\" data-end=\"1273\">Blasenkleber<\/strong> &#8211; f\u00fcllt L\u00fccken und sorgt f\u00fcr maximale Adh\u00e4sion<\/p>\n<\/li>\n<li data-start=\"1322\" data-end=\"1354\">\n<p data-start=\"1324\" data-end=\"1354\">\u2714 <strong data-start=\"1326\" data-end=\"1352\">Superschnelle Aush\u00e4rtung<\/strong><\/p>\n<\/li>\n<li data-start=\"1355\" data-end=\"1408\">\n<p data-start=\"1357\" data-end=\"1408\">\u2714 <strong data-start=\"1359\" data-end=\"1376\">\u00c4u\u00dferst stark<\/strong> f\u00fcr strukturelle Verbindungen<\/p>\n<\/li>\n<li data-start=\"1409\" data-end=\"1458\">\n<p data-start=\"1411\" data-end=\"1458\">\u2714 <strong data-start=\"1413\" data-end=\"1434\">D4 wasserfest<\/strong> &#8211; perfekt f\u00fcr den Au\u00dfenbereich<\/p>\n<\/li>\n<li data-start=\"1459\" data-end=\"1489\">\n<p data-start=\"1461\" data-end=\"1489\">\u2714 <strong data-start=\"1463\" data-end=\"1487\">Universell einsetzbar<\/strong><\/p>\n<\/li>\n<\/ul>\n<hr data-start=\"1491\" data-end=\"1494\">\n<h2 data-start=\"1496\" data-end=\"1517\"><strong data-start=\"1499\" data-end=\"1517\">Empfohlene Verwendung<\/strong><\/h2>\n<ul data-start=\"1518\" data-end=\"1775\">\n<li data-start=\"1518\" data-end=\"1566\">\n<p data-start=\"1520\" data-end=\"1566\">Sauberer, fett- und staubfreier Untergrund<\/p>\n<\/li>\n<li data-start=\"1567\" data-end=\"1630\">\n<p data-start=\"1569\" data-end=\"1630\"><strong data-start=\"1613\" data-end=\"1628\">Mit<\/strong> trockenen oder nicht saugf\u00e4higen Materialien leicht <strong data-start=\"1613\" data-end=\"1628\">anfeuchten<\/strong><\/p>\n<\/li>\n<li data-start=\"1631\" data-end=\"1682\">\n<p data-start=\"1633\" data-end=\"1682\">Tragen Sie den Klebstoff gleichm\u00e4\u00dfig in Raupen oder Punkten auf<\/p>\n<\/li>\n<li data-start=\"1683\" data-end=\"1726\">\n<p data-start=\"1685\" data-end=\"1726\">Festes Pressen oder Klemmen von Materialien<\/p>\n<\/li>\n<li data-start=\"1727\" data-end=\"1775\">\n<p data-start=\"1729\" data-end=\"1775\">Entfernen Sie \u00fcbersch\u00fcssigen Klebstoff vor dem Aush\u00e4rten<\/p>\n<\/li>\n<\/ul>\n","protected":false},"excerpt":{"rendered":"<p>Der Screwdump Powertix Brush Adhesive Express ist ein schneller, leistungsstarker Polyurethan-Brausekleber, der w\u00e4hrend des Aush\u00e4rtens leicht aufsch\u00e4umt und so eine extrem starke Haftung gew\u00e4hrleistet. Ideal f\u00fcr Montage-, Bau- und Renovierungsarbeiten, bei denen Sie schnell durcharbeiten wollen. Dank seiner schnellen Reaktionszeit entsteht innerhalb von Minuten eine solide Anfangshaftung und nach vollst\u00e4ndiger Aush\u00e4rtung eine wasserfeste, dauerhafte D4-Klebeverbindung. [&hellip;]<\/p>\n","protected":false},"featured_media":29375,"comment_status":"closed","ping_status":"closed","template":"","meta":[],"product_brand":[],"product_cat":[581],"product_tag":[],"class_list":{"0":"post-29374","1":"product","2":"type-product","3":"status-publish","4":"has-post-thumbnail","6":"product_cat-klebstoffe-und-dichtungsmittel","8":"first","9":"instock","10":"taxable","11":"shipping-taxable","12":"purchasable","13":"product-type-simple"},"supplier_id":null,"supplier_sku":"","barcode":null,"atum_controlled":true,"out_stock_date":null,"out_stock_threshold":null,"inheritable":false,"inbound_stock":0,"stock_on_hold":0,"sold_today":0,"sales_last_days":76,"reserved_stock":0,"customer_returns":0,"warehouse_damage":0,"lost_in_post":0,"other_logs":0,"out_stock_days":0,"lost_sales":0,"has_location":false,"update_date":"2026-05-01T07:02:48","atum_locations":[],"atum_stock_status":"instock","restock_status":true,"low_stock_amount":"","sales_update_date":"2026-05-01T07:02:47","calc_backorders":null,"acf":[],"yoast_head":"<!-- This site is optimized with the Yoast SEO plugin v26.6 - https:\/\/yoast.com\/wordpress\/plugins\/seo\/ -->\n<title>Schraubendreher Powertix Bruislijm Express - 310 ml - Schroevendump<\/title>\n<meta name=\"robots\" content=\"index, follow, max-snippet:-1, max-image-preview:large, max-video-preview:-1\" \/>\n<link rel=\"canonical\" href=\"https:\/\/schroevendump.nl\/de\/produkt\/schraubendreher-powertix-bruislijm-express-310-ml\/\" \/>\n<meta property=\"og:locale\" content=\"de_DE\" \/>\n<meta property=\"og:type\" content=\"article\" \/>\n<meta property=\"og:title\" content=\"Schraubendreher Powertix Bruislijm Express - 310 ml - Schroevendump\" \/>\n<meta property=\"og:description\" content=\"Der Screwdump Powertix Brush Adhesive Express ist ein schneller, leistungsstarker Polyurethan-Brausekleber, der w\u00e4hrend des Aush\u00e4rtens leicht aufsch\u00e4umt und so eine extrem starke Haftung gew\u00e4hrleistet. Ideal f\u00fcr Montage-, Bau- und Renovierungsarbeiten, bei denen Sie schnell durcharbeiten wollen. Dank seiner schnellen Reaktionszeit entsteht innerhalb von Minuten eine solide Anfangshaftung und nach vollst\u00e4ndiger Aush\u00e4rtung eine wasserfeste, dauerhafte D4-Klebeverbindung. [&hellip;]\" \/>\n<meta property=\"og:url\" content=\"https:\/\/schroevendump.nl\/de\/produkt\/schraubendreher-powertix-bruislijm-express-310-ml\/\" \/>\n<meta property=\"og:site_name\" content=\"Schroevendump\" \/>\n<meta property=\"article:modified_time\" content=\"2025-12-10T12:05:45+00:00\" \/>\n<meta property=\"og:image\" content=\"https:\/\/schroevendump.nl\/wp-content\/uploads\/2025\/12\/Mockup-Schroevendump-Powertix-Bruislijm-Express-11-25-002.png\" \/>\n\t<meta property=\"og:image:width\" content=\"2000\" \/>\n\t<meta property=\"og:image:height\" content=\"2000\" \/>\n\t<meta property=\"og:image:type\" content=\"image\/png\" \/>\n<meta name=\"twitter:card\" content=\"summary_large_image\" \/>\n<meta name=\"twitter:label1\" content=\"Gesch\u00e4tzte Lesezeit\" \/>\n\t<meta name=\"twitter:data1\" content=\"1\u00a0Minute\" \/>\n<script type=\"application\/ld+json\" class=\"yoast-schema-graph\">{\"@context\":\"https:\/\/schema.org\",\"@graph\":[{\"@type\":\"WebPage\",\"@id\":\"https:\/\/schroevendump.nl\/de\/produkt\/schraubendreher-powertix-bruislijm-express-310-ml\/\",\"url\":\"https:\/\/schroevendump.nl\/de\/produkt\/schraubendreher-powertix-bruislijm-express-310-ml\/\",\"name\":\"Schraubendreher Powertix Bruislijm Express - 310 ml - Schroevendump\",\"isPartOf\":{\"@id\":\"https:\/\/schroevendump.nl\/de\/#website\"},\"primaryImageOfPage\":{\"@id\":\"https:\/\/schroevendump.nl\/de\/produkt\/schraubendreher-powertix-bruislijm-express-310-ml\/#primaryimage\"},\"image\":{\"@id\":\"https:\/\/schroevendump.nl\/de\/produkt\/schraubendreher-powertix-bruislijm-express-310-ml\/#primaryimage\"},\"thumbnailUrl\":\"https:\/\/schroevendump.nl\/wp-content\/uploads\/2025\/12\/Mockup-Schroevendump-Powertix-Bruislijm-Express-11-25-002.png\",\"datePublished\":\"2025-12-06T16:52:26+00:00\",\"dateModified\":\"2025-12-10T12:05:45+00:00\",\"breadcrumb\":{\"@id\":\"https:\/\/schroevendump.nl\/de\/produkt\/schraubendreher-powertix-bruislijm-express-310-ml\/#breadcrumb\"},\"inLanguage\":\"de\",\"potentialAction\":[{\"@type\":\"ReadAction\",\"target\":[\"https:\/\/schroevendump.nl\/de\/produkt\/schraubendreher-powertix-bruislijm-express-310-ml\/\"]}]},{\"@type\":\"ImageObject\",\"inLanguage\":\"de\",\"@id\":\"https:\/\/schroevendump.nl\/de\/produkt\/schraubendreher-powertix-bruislijm-express-310-ml\/#primaryimage\",\"url\":\"https:\/\/schroevendump.nl\/wp-content\/uploads\/2025\/12\/Mockup-Schroevendump-Powertix-Bruislijm-Express-11-25-002.png\",\"contentUrl\":\"https:\/\/schroevendump.nl\/wp-content\/uploads\/2025\/12\/Mockup-Schroevendump-Powertix-Bruislijm-Express-11-25-002.png\",\"width\":2000,\"height\":2000},{\"@type\":\"BreadcrumbList\",\"@id\":\"https:\/\/schroevendump.nl\/de\/produkt\/schraubendreher-powertix-bruislijm-express-310-ml\/#breadcrumb\",\"itemListElement\":[{\"@type\":\"ListItem\",\"position\":1,\"name\":\"Startseite\",\"item\":\"https:\/\/schroevendump.nl\/de\/\"},{\"@type\":\"ListItem\",\"position\":2,\"name\":\"Shop\",\"item\":\"https:\/\/schroevendump.nl\/de\/shop\/\"},{\"@type\":\"ListItem\",\"position\":3,\"name\":\"Schraubendreher Powertix Bruislijm Express &#8211; 310 ml\"}]},{\"@type\":\"WebSite\",\"@id\":\"https:\/\/schroevendump.nl\/de\/#website\",\"url\":\"https:\/\/schroevendump.nl\/de\/\",\"name\":\"Schroevendump\",\"description\":\"\",\"potentialAction\":[{\"@type\":\"SearchAction\",\"target\":{\"@type\":\"EntryPoint\",\"urlTemplate\":\"https:\/\/schroevendump.nl\/de\/?s={search_term_string}\"},\"query-input\":{\"@type\":\"PropertyValueSpecification\",\"valueRequired\":true,\"valueName\":\"search_term_string\"}}],\"inLanguage\":\"de\"}]}<\/script>\n<!-- \/ Yoast SEO plugin. -->","yoast_head_json":{"title":"Schraubendreher Powertix Bruislijm Express - 310 ml - Schroevendump","robots":{"index":"index","follow":"follow","max-snippet":"max-snippet:-1","max-image-preview":"max-image-preview:large","max-video-preview":"max-video-preview:-1"},"canonical":"https:\/\/schroevendump.nl\/de\/produkt\/schraubendreher-powertix-bruislijm-express-310-ml\/","og_locale":"de_DE","og_type":"article","og_title":"Schraubendreher Powertix Bruislijm Express - 310 ml - Schroevendump","og_description":"Der Screwdump Powertix Brush Adhesive Express ist ein schneller, leistungsstarker Polyurethan-Brausekleber, der w\u00e4hrend des Aush\u00e4rtens leicht aufsch\u00e4umt und so eine extrem starke Haftung gew\u00e4hrleistet. Ideal f\u00fcr Montage-, Bau- und Renovierungsarbeiten, bei denen Sie schnell durcharbeiten wollen. Dank seiner schnellen Reaktionszeit entsteht innerhalb von Minuten eine solide Anfangshaftung und nach vollst\u00e4ndiger Aush\u00e4rtung eine wasserfeste, dauerhafte D4-Klebeverbindung. [&hellip;]","og_url":"https:\/\/schroevendump.nl\/de\/produkt\/schraubendreher-powertix-bruislijm-express-310-ml\/","og_site_name":"Schroevendump","article_modified_time":"2025-12-10T12:05:45+00:00","og_image":[{"width":2000,"height":2000,"url":"https:\/\/schroevendump.nl\/wp-content\/uploads\/2025\/12\/Mockup-Schroevendump-Powertix-Bruislijm-Express-11-25-002.png","type":"image\/png"}],"twitter_card":"summary_large_image","twitter_misc":{"Gesch\u00e4tzte Lesezeit":"1\u00a0Minute"},"schema":{"@context":"https:\/\/schema.org","@graph":[{"@type":"WebPage","@id":"https:\/\/schroevendump.nl\/de\/produkt\/schraubendreher-powertix-bruislijm-express-310-ml\/","url":"https:\/\/schroevendump.nl\/de\/produkt\/schraubendreher-powertix-bruislijm-express-310-ml\/","name":"Schraubendreher Powertix Bruislijm Express - 310 ml - Schroevendump","isPartOf":{"@id":"https:\/\/schroevendump.nl\/de\/#website"},"primaryImageOfPage":{"@id":"https:\/\/schroevendump.nl\/de\/produkt\/schraubendreher-powertix-bruislijm-express-310-ml\/#primaryimage"},"image":{"@id":"https:\/\/schroevendump.nl\/de\/produkt\/schraubendreher-powertix-bruislijm-express-310-ml\/#primaryimage"},"thumbnailUrl":"https:\/\/schroevendump.nl\/wp-content\/uploads\/2025\/12\/Mockup-Schroevendump-Powertix-Bruislijm-Express-11-25-002.png","datePublished":"2025-12-06T16:52:26+00:00","dateModified":"2025-12-10T12:05:45+00:00","breadcrumb":{"@id":"https:\/\/schroevendump.nl\/de\/produkt\/schraubendreher-powertix-bruislijm-express-310-ml\/#breadcrumb"},"inLanguage":"de","potentialAction":[{"@type":"ReadAction","target":["https:\/\/schroevendump.nl\/de\/produkt\/schraubendreher-powertix-bruislijm-express-310-ml\/"]}]},{"@type":"ImageObject","inLanguage":"de","@id":"https:\/\/schroevendump.nl\/de\/produkt\/schraubendreher-powertix-bruislijm-express-310-ml\/#primaryimage","url":"https:\/\/schroevendump.nl\/wp-content\/uploads\/2025\/12\/Mockup-Schroevendump-Powertix-Bruislijm-Express-11-25-002.png","contentUrl":"https:\/\/schroevendump.nl\/wp-content\/uploads\/2025\/12\/Mockup-Schroevendump-Powertix-Bruislijm-Express-11-25-002.png","width":2000,"height":2000},{"@type":"BreadcrumbList","@id":"https:\/\/schroevendump.nl\/de\/produkt\/schraubendreher-powertix-bruislijm-express-310-ml\/#breadcrumb","itemListElement":[{"@type":"ListItem","position":1,"name":"Startseite","item":"https:\/\/schroevendump.nl\/de\/"},{"@type":"ListItem","position":2,"name":"Shop","item":"https:\/\/schroevendump.nl\/de\/shop\/"},{"@type":"ListItem","position":3,"name":"Schraubendreher Powertix Bruislijm Express &#8211; 310 ml"}]},{"@type":"WebSite","@id":"https:\/\/schroevendump.nl\/de\/#website","url":"https:\/\/schroevendump.nl\/de\/","name":"Schroevendump","description":"","potentialAction":[{"@type":"SearchAction","target":{"@type":"EntryPoint","urlTemplate":"https:\/\/schroevendump.nl\/de\/?s={search_term_string}"},"query-input":{"@type":"PropertyValueSpecification","valueRequired":true,"valueName":"search_term_string"}}],"inLanguage":"de"}]}},"_links":{"self":[{"href":"https:\/\/schroevendump.nl\/de\/wp-json\/wp\/v2\/product\/29374","targetHints":{"allow":["GET"]}}],"collection":[{"href":"https:\/\/schroevendump.nl\/de\/wp-json\/wp\/v2\/product"}],"about":[{"href":"https:\/\/schroevendump.nl\/de\/wp-json\/wp\/v2\/types\/product"}],"replies":[{"embeddable":true,"href":"https:\/\/schroevendump.nl\/de\/wp-json\/wp\/v2\/comments?post=29374"}],"wp:featuredmedia":[{"embeddable":true,"href":"https:\/\/schroevendump.nl\/de\/wp-json\/wp\/v2\/media\/29375"}],"wp:attachment":[{"href":"https:\/\/schroevendump.nl\/de\/wp-json\/wp\/v2\/media?parent=29374"}],"wp:term":[{"taxonomy":"product_brand","embeddable":true,"href":"https:\/\/schroevendump.nl\/de\/wp-json\/wp\/v2\/product_brand?post=29374"},{"taxonomy":"product_cat","embeddable":true,"href":"https:\/\/schroevendump.nl\/de\/wp-json\/wp\/v2\/product_cat?post=29374"},{"taxonomy":"product_tag","embeddable":true,"href":"https:\/\/schroevendump.nl\/de\/wp-json\/wp\/v2\/product_tag?post=29374"}],"curies":[{"name":"wp","href":"https:\/\/api.w.org\/{rel}","templated":true}]}}