{"id":29467,"date":"2025-12-08T19:56:35","date_gmt":"2025-12-08T19:56:35","guid":{"rendered":"https:\/\/schroevendump.nl\/product\/aluminium-band-50mm-x-50m-ohne-traegerfolie\/"},"modified":"2025-12-08T20:01:42","modified_gmt":"2025-12-08T20:01:42","slug":"aluminium-band-50mm-x-50m-ohne-traegerfolie","status":"publish","type":"product","link":"https:\/\/schroevendump.nl\/de\/produkt\/aluminium-band-50mm-x-50m-ohne-traegerfolie\/","title":{"rendered":"Aluminium-Band 50mm x 50m &#8211; Ohne Tr\u00e4gerfolie"},"content":{"rendered":"<p data-start=\"381\" data-end=\"704\">Dieses Aluminiumband 50\/50 ist ein hochwertiges, selbstklebendes Band ohne Schutzfolie. Das Fehlen der Schutzfolie erleichtert und beschleunigt Ihre Arbeit, insbesondere bei gr\u00f6\u00dferen Fl\u00e4chen oder Serienarbeiten. Das Band haftet perfekt auf Metall, Kunststoff, D\u00e4mmstoffen und verschiedenen Bauoberfl\u00e4chen.  <\/p>\n<p data-start=\"706\" data-end=\"725\"><strong data-start=\"706\" data-end=\"723\">Anwendungen:<\/strong><\/p>\n<ul data-start=\"726\" data-end=\"919\">\n<li data-start=\"726\" data-end=\"778\">\n<p data-start=\"728\" data-end=\"778\">Abdichten von Luftkan\u00e4len und Bel\u00fcftungssystemen<\/p>\n<\/li>\n<li data-start=\"779\" data-end=\"831\">\n<p data-start=\"781\" data-end=\"831\">Reparieren und Verst\u00e4rken von Metalloberfl\u00e4chen<\/p>\n<\/li>\n<li data-start=\"832\" data-end=\"864\">\n<p data-start=\"834\" data-end=\"864\">N\u00e4hte und Risse isolieren<\/p>\n<\/li>\n<li data-start=\"865\" data-end=\"919\">\n<p data-start=\"867\" data-end=\"919\">Perfekt f\u00fcr HLK-, Bau- und technische Anwendungen<\/p>\n<\/li>\n<\/ul>\n<p data-start=\"921\" data-end=\"941\"><strong data-start=\"921\" data-end=\"939\">Merkmale:<\/strong><\/p>\n<ul data-start=\"942\" data-end=\"1192\">\n<li data-start=\"942\" data-end=\"960\">\n<p data-start=\"944\" data-end=\"960\">Breite: 50 mm<\/p>\n<\/li>\n<li data-start=\"961\" data-end=\"1034\">\n<p data-start=\"963\" data-end=\"1034\">L\u00e4nge: (Geben Sie die L\u00e4nge ein; soll ich einen Standardvorschlag machen?)<\/p>\n<\/li>\n<li data-start=\"1035\" data-end=\"1087\">\n<p data-start=\"1037\" data-end=\"1087\">Aluminiumqualit\u00e4t f\u00fcr hohe Hitzebest\u00e4ndigkeit<\/p>\n<\/li>\n<li data-start=\"1088\" data-end=\"1110\">\n<p data-start=\"1090\" data-end=\"1110\">Starke Adh\u00e4sion<\/p>\n<\/li>\n<li data-start=\"1111\" data-end=\"1149\">\n<p data-start=\"1113\" data-end=\"1149\">Ohne Haut: schnellere Verarbeitung<\/p>\n<\/li>\n<li data-start=\"1150\" data-end=\"1192\">\n<p data-start=\"1152\" data-end=\"1192\">F\u00fcr den Innen- und Au\u00dfenbereich geeignet<\/p>\n<\/li>\n<\/ul>\n<p data-start=\"1194\" data-end=\"1340\"><strong data-start=\"1194\" data-end=\"1208\">Vorteile:<\/strong><br data-start=\"1208\" data-end=\"1211\">\u2713 Direkt verarbeitbar ohne Schutzfolie<br data-start=\"1247\" data-end=\"1250\">\u2713 Professionelle Qualit\u00e4t<br data-start=\"1275\" data-end=\"1278\">\u2713 Dauerhafte Klebeschicht<br data-start=\"1298\" data-end=\"1301\">\u2713 Weit verbreitet im Bau- und Ingenieurwesen<\/p>\n<p data-start=\"1342\" data-end=\"1432\"><strong data-start=\"1342\" data-end=\"1353\">Hinweis:<\/strong><br data-start=\"1353\" data-end=\"1356\">F\u00fcr optimale Haftung auf eine saubere, trockene und fettfreie Oberfl\u00e4che auftragen.<\/p>\n","protected":false},"excerpt":{"rendered":"<p>Dieses Aluminiumband 50\/50 ist ein hochwertiges, selbstklebendes Band ohne Schutzfolie. Das Fehlen der Schutzfolie erleichtert und beschleunigt Ihre Arbeit, insbesondere bei gr\u00f6\u00dferen Fl\u00e4chen oder Serienarbeiten. Das Band haftet perfekt auf Metall, Kunststoff, D\u00e4mmstoffen und verschiedenen Bauoberfl\u00e4chen. Anwendungen: Abdichten von Luftkan\u00e4len und Bel\u00fcftungssystemen Reparieren und Verst\u00e4rken von Metalloberfl\u00e4chen N\u00e4hte und Risse isolieren Perfekt f\u00fcr HLK-, Bau- [&hellip;]<\/p>\n","protected":false},"featured_media":29468,"comment_status":"closed","ping_status":"closed","template":"","meta":[],"product_brand":[],"product_cat":[608],"product_tag":[],"class_list":{"0":"post-29467","1":"product","2":"type-product","3":"status-publish","4":"has-post-thumbnail","6":"product_cat-reifen-und-wasserhahne","8":"first","9":"outofstock","10":"taxable","11":"shipping-taxable","12":"purchasable","13":"product-type-simple"},"supplier_id":null,"supplier_sku":"","barcode":null,"atum_controlled":true,"out_stock_date":"2025-12-08 19:56:35","out_stock_threshold":null,"inheritable":false,"inbound_stock":null,"stock_on_hold":0,"sold_today":0,"sales_last_days":0,"reserved_stock":null,"customer_returns":null,"warehouse_damage":null,"lost_in_post":null,"other_logs":null,"out_stock_days":143,"lost_sales":0,"has_location":false,"update_date":"2026-05-01T01:05:59","atum_locations":[],"atum_stock_status":"outofstock","restock_status":false,"low_stock_amount":"","sales_update_date":"2026-05-01T01:05:59","calc_backorders":null,"acf":[],"yoast_head":"<!-- This site is optimized with the Yoast SEO plugin v26.6 - https:\/\/yoast.com\/wordpress\/plugins\/seo\/ -->\n<title>Aluminium-Band 50mm x 50m - Ohne Tr\u00e4gerfolie - Schroevendump<\/title>\n<meta name=\"robots\" content=\"index, follow, max-snippet:-1, max-image-preview:large, max-video-preview:-1\" \/>\n<link rel=\"canonical\" href=\"https:\/\/schroevendump.nl\/de\/produkt\/aluminium-band-50mm-x-50m-ohne-traegerfolie\/\" \/>\n<meta property=\"og:locale\" content=\"de_DE\" \/>\n<meta property=\"og:type\" content=\"article\" \/>\n<meta property=\"og:title\" content=\"Aluminium-Band 50mm x 50m - Ohne Tr\u00e4gerfolie - Schroevendump\" \/>\n<meta property=\"og:description\" content=\"Dieses Aluminiumband 50\/50 ist ein hochwertiges, selbstklebendes Band ohne Schutzfolie. Das Fehlen der Schutzfolie erleichtert und beschleunigt Ihre Arbeit, insbesondere bei gr\u00f6\u00dferen Fl\u00e4chen oder Serienarbeiten. Das Band haftet perfekt auf Metall, Kunststoff, D\u00e4mmstoffen und verschiedenen Bauoberfl\u00e4chen. Anwendungen: Abdichten von Luftkan\u00e4len und Bel\u00fcftungssystemen Reparieren und Verst\u00e4rken von Metalloberfl\u00e4chen N\u00e4hte und Risse isolieren Perfekt f\u00fcr HLK-, Bau- [&hellip;]\" \/>\n<meta property=\"og:url\" content=\"https:\/\/schroevendump.nl\/de\/produkt\/aluminium-band-50mm-x-50m-ohne-traegerfolie\/\" \/>\n<meta property=\"og:site_name\" content=\"Schroevendump\" \/>\n<meta property=\"article:modified_time\" content=\"2025-12-08T20:01:42+00:00\" \/>\n<meta property=\"og:image\" content=\"https:\/\/schroevendump.nl\/wp-content\/uploads\/2025\/12\/alutape-zonder-schutvel-.png\" \/>\n\t<meta property=\"og:image:width\" content=\"1024\" \/>\n\t<meta property=\"og:image:height\" content=\"1024\" \/>\n\t<meta property=\"og:image:type\" content=\"image\/png\" \/>\n<meta name=\"twitter:card\" content=\"summary_large_image\" \/>\n<meta name=\"twitter:label1\" content=\"Gesch\u00e4tzte Lesezeit\" \/>\n\t<meta name=\"twitter:data1\" content=\"1\u00a0Minute\" \/>\n<script type=\"application\/ld+json\" class=\"yoast-schema-graph\">{\"@context\":\"https:\/\/schema.org\",\"@graph\":[{\"@type\":\"WebPage\",\"@id\":\"https:\/\/schroevendump.nl\/de\/produkt\/aluminium-band-50mm-x-50m-ohne-traegerfolie\/\",\"url\":\"https:\/\/schroevendump.nl\/de\/produkt\/aluminium-band-50mm-x-50m-ohne-traegerfolie\/\",\"name\":\"Aluminium-Band 50mm x 50m - Ohne Tr\u00e4gerfolie - Schroevendump\",\"isPartOf\":{\"@id\":\"https:\/\/schroevendump.nl\/de\/#website\"},\"primaryImageOfPage\":{\"@id\":\"https:\/\/schroevendump.nl\/de\/produkt\/aluminium-band-50mm-x-50m-ohne-traegerfolie\/#primaryimage\"},\"image\":{\"@id\":\"https:\/\/schroevendump.nl\/de\/produkt\/aluminium-band-50mm-x-50m-ohne-traegerfolie\/#primaryimage\"},\"thumbnailUrl\":\"https:\/\/schroevendump.nl\/wp-content\/uploads\/2025\/12\/alutape-zonder-schutvel-.png\",\"datePublished\":\"2025-12-08T19:56:35+00:00\",\"dateModified\":\"2025-12-08T20:01:42+00:00\",\"breadcrumb\":{\"@id\":\"https:\/\/schroevendump.nl\/de\/produkt\/aluminium-band-50mm-x-50m-ohne-traegerfolie\/#breadcrumb\"},\"inLanguage\":\"de\",\"potentialAction\":[{\"@type\":\"ReadAction\",\"target\":[\"https:\/\/schroevendump.nl\/de\/produkt\/aluminium-band-50mm-x-50m-ohne-traegerfolie\/\"]}]},{\"@type\":\"ImageObject\",\"inLanguage\":\"de\",\"@id\":\"https:\/\/schroevendump.nl\/de\/produkt\/aluminium-band-50mm-x-50m-ohne-traegerfolie\/#primaryimage\",\"url\":\"https:\/\/schroevendump.nl\/wp-content\/uploads\/2025\/12\/alutape-zonder-schutvel-.png\",\"contentUrl\":\"https:\/\/schroevendump.nl\/wp-content\/uploads\/2025\/12\/alutape-zonder-schutvel-.png\",\"width\":1024,\"height\":1024},{\"@type\":\"BreadcrumbList\",\"@id\":\"https:\/\/schroevendump.nl\/de\/produkt\/aluminium-band-50mm-x-50m-ohne-traegerfolie\/#breadcrumb\",\"itemListElement\":[{\"@type\":\"ListItem\",\"position\":1,\"name\":\"Startseite\",\"item\":\"https:\/\/schroevendump.nl\/de\/\"},{\"@type\":\"ListItem\",\"position\":2,\"name\":\"Shop\",\"item\":\"https:\/\/schroevendump.nl\/de\/shop\/\"},{\"@type\":\"ListItem\",\"position\":3,\"name\":\"Aluminium-Band 50mm x 50m &#8211; Ohne Tr\u00e4gerfolie\"}]},{\"@type\":\"WebSite\",\"@id\":\"https:\/\/schroevendump.nl\/de\/#website\",\"url\":\"https:\/\/schroevendump.nl\/de\/\",\"name\":\"Schroevendump\",\"description\":\"\",\"potentialAction\":[{\"@type\":\"SearchAction\",\"target\":{\"@type\":\"EntryPoint\",\"urlTemplate\":\"https:\/\/schroevendump.nl\/de\/?s={search_term_string}\"},\"query-input\":{\"@type\":\"PropertyValueSpecification\",\"valueRequired\":true,\"valueName\":\"search_term_string\"}}],\"inLanguage\":\"de\"}]}<\/script>\n<!-- \/ Yoast SEO plugin. -->","yoast_head_json":{"title":"Aluminium-Band 50mm x 50m - Ohne Tr\u00e4gerfolie - Schroevendump","robots":{"index":"index","follow":"follow","max-snippet":"max-snippet:-1","max-image-preview":"max-image-preview:large","max-video-preview":"max-video-preview:-1"},"canonical":"https:\/\/schroevendump.nl\/de\/produkt\/aluminium-band-50mm-x-50m-ohne-traegerfolie\/","og_locale":"de_DE","og_type":"article","og_title":"Aluminium-Band 50mm x 50m - Ohne Tr\u00e4gerfolie - Schroevendump","og_description":"Dieses Aluminiumband 50\/50 ist ein hochwertiges, selbstklebendes Band ohne Schutzfolie. Das Fehlen der Schutzfolie erleichtert und beschleunigt Ihre Arbeit, insbesondere bei gr\u00f6\u00dferen Fl\u00e4chen oder Serienarbeiten. Das Band haftet perfekt auf Metall, Kunststoff, D\u00e4mmstoffen und verschiedenen Bauoberfl\u00e4chen. Anwendungen: Abdichten von Luftkan\u00e4len und Bel\u00fcftungssystemen Reparieren und Verst\u00e4rken von Metalloberfl\u00e4chen N\u00e4hte und Risse isolieren Perfekt f\u00fcr HLK-, Bau- [&hellip;]","og_url":"https:\/\/schroevendump.nl\/de\/produkt\/aluminium-band-50mm-x-50m-ohne-traegerfolie\/","og_site_name":"Schroevendump","article_modified_time":"2025-12-08T20:01:42+00:00","og_image":[{"width":1024,"height":1024,"url":"https:\/\/schroevendump.nl\/wp-content\/uploads\/2025\/12\/alutape-zonder-schutvel-.png","type":"image\/png"}],"twitter_card":"summary_large_image","twitter_misc":{"Gesch\u00e4tzte Lesezeit":"1\u00a0Minute"},"schema":{"@context":"https:\/\/schema.org","@graph":[{"@type":"WebPage","@id":"https:\/\/schroevendump.nl\/de\/produkt\/aluminium-band-50mm-x-50m-ohne-traegerfolie\/","url":"https:\/\/schroevendump.nl\/de\/produkt\/aluminium-band-50mm-x-50m-ohne-traegerfolie\/","name":"Aluminium-Band 50mm x 50m - Ohne Tr\u00e4gerfolie - Schroevendump","isPartOf":{"@id":"https:\/\/schroevendump.nl\/de\/#website"},"primaryImageOfPage":{"@id":"https:\/\/schroevendump.nl\/de\/produkt\/aluminium-band-50mm-x-50m-ohne-traegerfolie\/#primaryimage"},"image":{"@id":"https:\/\/schroevendump.nl\/de\/produkt\/aluminium-band-50mm-x-50m-ohne-traegerfolie\/#primaryimage"},"thumbnailUrl":"https:\/\/schroevendump.nl\/wp-content\/uploads\/2025\/12\/alutape-zonder-schutvel-.png","datePublished":"2025-12-08T19:56:35+00:00","dateModified":"2025-12-08T20:01:42+00:00","breadcrumb":{"@id":"https:\/\/schroevendump.nl\/de\/produkt\/aluminium-band-50mm-x-50m-ohne-traegerfolie\/#breadcrumb"},"inLanguage":"de","potentialAction":[{"@type":"ReadAction","target":["https:\/\/schroevendump.nl\/de\/produkt\/aluminium-band-50mm-x-50m-ohne-traegerfolie\/"]}]},{"@type":"ImageObject","inLanguage":"de","@id":"https:\/\/schroevendump.nl\/de\/produkt\/aluminium-band-50mm-x-50m-ohne-traegerfolie\/#primaryimage","url":"https:\/\/schroevendump.nl\/wp-content\/uploads\/2025\/12\/alutape-zonder-schutvel-.png","contentUrl":"https:\/\/schroevendump.nl\/wp-content\/uploads\/2025\/12\/alutape-zonder-schutvel-.png","width":1024,"height":1024},{"@type":"BreadcrumbList","@id":"https:\/\/schroevendump.nl\/de\/produkt\/aluminium-band-50mm-x-50m-ohne-traegerfolie\/#breadcrumb","itemListElement":[{"@type":"ListItem","position":1,"name":"Startseite","item":"https:\/\/schroevendump.nl\/de\/"},{"@type":"ListItem","position":2,"name":"Shop","item":"https:\/\/schroevendump.nl\/de\/shop\/"},{"@type":"ListItem","position":3,"name":"Aluminium-Band 50mm x 50m &#8211; Ohne Tr\u00e4gerfolie"}]},{"@type":"WebSite","@id":"https:\/\/schroevendump.nl\/de\/#website","url":"https:\/\/schroevendump.nl\/de\/","name":"Schroevendump","description":"","potentialAction":[{"@type":"SearchAction","target":{"@type":"EntryPoint","urlTemplate":"https:\/\/schroevendump.nl\/de\/?s={search_term_string}"},"query-input":{"@type":"PropertyValueSpecification","valueRequired":true,"valueName":"search_term_string"}}],"inLanguage":"de"}]}},"_links":{"self":[{"href":"https:\/\/schroevendump.nl\/de\/wp-json\/wp\/v2\/product\/29467","targetHints":{"allow":["GET"]}}],"collection":[{"href":"https:\/\/schroevendump.nl\/de\/wp-json\/wp\/v2\/product"}],"about":[{"href":"https:\/\/schroevendump.nl\/de\/wp-json\/wp\/v2\/types\/product"}],"replies":[{"embeddable":true,"href":"https:\/\/schroevendump.nl\/de\/wp-json\/wp\/v2\/comments?post=29467"}],"wp:featuredmedia":[{"embeddable":true,"href":"https:\/\/schroevendump.nl\/de\/wp-json\/wp\/v2\/media\/29468"}],"wp:attachment":[{"href":"https:\/\/schroevendump.nl\/de\/wp-json\/wp\/v2\/media?parent=29467"}],"wp:term":[{"taxonomy":"product_brand","embeddable":true,"href":"https:\/\/schroevendump.nl\/de\/wp-json\/wp\/v2\/product_brand?post=29467"},{"taxonomy":"product_cat","embeddable":true,"href":"https:\/\/schroevendump.nl\/de\/wp-json\/wp\/v2\/product_cat?post=29467"},{"taxonomy":"product_tag","embeddable":true,"href":"https:\/\/schroevendump.nl\/de\/wp-json\/wp\/v2\/product_tag?post=29467"}],"curies":[{"name":"wp","href":"https:\/\/api.w.org\/{rel}","templated":true}]}}