{"id":29992,"date":"2025-12-20T21:45:08","date_gmt":"2025-12-20T21:45:08","guid":{"rendered":"https:\/\/schroevendump.nl\/?post_type=product&#038;p=29992"},"modified":"2025-12-22T15:19:53","modified_gmt":"2025-12-22T15:19:53","slug":"isolierschrauben-4-8x240-tx-25-400-stuck-holz-stahl-kopie-kopie-kopie-kopie-kopie-kopie-kopie-kopie-kopie-kopie-kopie-kopie-kopie-kopie-kopie-kopie","status":"publish","type":"product","link":"https:\/\/schroevendump.nl\/de\/produkt\/isolierschrauben-4-8x240-tx-25-400-stuck-holz-stahl-kopie-kopie-kopie-kopie-kopie-kopie-kopie-kopie-kopie-kopie-kopie-kopie-kopie-kopie-kopie-kopie\/","title":{"rendered":"Isolierschrauben 4.8&#215;240 TX-25 100 Holz-\/Stahlelemente"},"content":{"rendered":"<p data-start=\"301\" data-end=\"557\">Diese D\u00e4mmstoffschrauben mit Bohrspitze 1 sind ideal f\u00fcr die Befestigung von D\u00e4mmmaterial auf Holz oder Leichtmetalluntergr\u00fcnden (Stahl bis 2 mm). Dank der selbstbohrenden Spitze ist ein Vorbohren nicht erforderlich und die Montage kann schnell und effizient durchgef\u00fchrt werden. <\/p>\n<p data-start=\"559\" data-end=\"789\">Die Isolierschrauben werden in einer <b>Pappschachtel<\/b> geliefert. Au\u00dferdem erhalten Sie <strong>1<\/strong><strong data-start=\"725\" data-end=\"752\"> Torx 25 Bit gratis<\/strong>, damit Sie sofort loslegen k\u00f6nnen. <\/p>\n<h2 data-start=\"791\" data-end=\"812\">  Anwendungen<\/h2>\n<ul data-start=\"813\" data-end=\"1001\">\n<li data-start=\"813\" data-end=\"859\">\n<p data-start=\"815\" data-end=\"859\">Verlegung von PIR-, EPS- und Steinwolle-Platten<\/p>\n<\/li>\n<li data-start=\"860\" data-end=\"906\">\n<p data-start=\"862\" data-end=\"906\">Geeignet f\u00fcr Dach-, Wand- und Fassadend\u00e4mmung<\/p>\n<\/li>\n<li data-start=\"907\" data-end=\"955\">\n<p data-start=\"909\" data-end=\"955\">Sowohl f\u00fcr Renovierungs- als auch f\u00fcr Neubauprojekte<\/p>\n<\/li>\n<li data-start=\"956\" data-end=\"1001\">\n<p data-start=\"958\" data-end=\"1001\">F\u00fcr Holz und d\u00fcnnwandigen Stahl bis zu einer Dicke von 2 mm<\/p>\n<\/li>\n<\/ul>\n<h2 data-start=\"1003\" data-end=\"1048\">  Vorteile dieser Isolierschrauben<\/h2>\n<ul data-start=\"1049\" data-end=\"1322\">\n<li data-start=\"1049\" data-end=\"1092\">\n<p data-start=\"1051\" data-end=\"1092\">Selbstbohrend &#8211; schnelle und einfache Montage<\/p>\n<\/li>\n<li data-start=\"1093\" data-end=\"1152\">\n<p data-start=\"1095\" data-end=\"1152\">Torx-Antrieb f\u00fcr maximalen Halt und Kraft\u00fcbertragung<\/p>\n<\/li>\n<li data-start=\"1153\" data-end=\"1193\">\n<p data-start=\"1155\" data-end=\"1193\">Feines Gewinde f\u00fcr zus\u00e4tzlichen Halt<\/p>\n<\/li>\n<li data-start=\"1194\" data-end=\"1226\">\n<p data-start=\"1196\" data-end=\"1226\">Dauerhafter Korrosionsschutz<\/p>\n<\/li>\n<li data-start=\"1227\" data-end=\"1266\">\n<p data-start=\"1229\" data-end=\"1266\">Zuverl\u00e4ssige und dauerhafte Verbindung<\/p>\n<\/li>\n<\/ul>\n<h2 data-start=\"1324\" data-end=\"1353\">  Produkt Spezifikationen<\/h2>\n<ul data-start=\"1354\" data-end=\"1586\">\n<li data-start=\"1354\" data-end=\"1393\">\n<p data-start=\"1356\" data-end=\"1393\">Material: geh\u00e4rteter und verzinkter Stahl<\/p>\n<\/li>\n<li data-start=\"1394\" data-end=\"1418\">\n<p data-start=\"1396\" data-end=\"1418\">Antrieb: Torx 25<\/p>\n<\/li>\n<li data-start=\"1419\" data-end=\"1455\">\n<p data-start=\"1421\" data-end=\"1455\">Bohrleistung: bis zu 2,0 mm Stahl<\/p>\n<\/li>\n<li data-start=\"1502\" data-end=\"1544\">\n<p data-start=\"1504\" data-end=\"1544\">Beinhaltet: <strong>1<\/strong><strong data-start=\"1515\" data-end=\"1542\"> kostenloses Torx 25 Bit<\/strong><\/p>\n<\/li>\n<li data-start=\"1545\" data-end=\"1586\">\n<p data-start=\"1547\" data-end=\"1586\">Geeignet f\u00fcr Holz und d\u00fcnnwandigen Stahl<\/p>\n<\/li>\n<\/ul>\n<h2 data-start=\"1588\" data-end=\"1612\">  Tipps zur Verarbeitung<\/h2>\n<ul data-start=\"1613\" data-end=\"1782\">\n<li data-start=\"1613\" data-end=\"1682\">\n<p data-start=\"1615\" data-end=\"1682\">Verwenden Sie immer einen geeigneten Torx-Bit (Torx 25 wird mitgeliefert)<\/p>\n<\/li>\n<li data-start=\"1683\" data-end=\"1727\">\n<p data-start=\"1685\" data-end=\"1727\">Empfohlene Bohrgeschwindigkeit: 1500 &#8211; 2500 TPM<\/p>\n<\/li>\n<li data-start=\"1728\" data-end=\"1782\">\n<p data-start=\"1730\" data-end=\"1782\">Lassen Sie die Bohrerspitze die Arbeit machen, ohne zu viel Druck<\/p>\n<\/li>\n<\/ul>\n<p>&nbsp;<\/p>\n<p>&nbsp;<\/p>\n<table>\n<thead>\n<tr>\n<td><strong>ISOLIERVERM\u00d6GEN <\/strong><\/td>\n<td><strong>In HOLZ (35 mm Einschraubtiefe empfohlen) <\/strong><\/td>\n<td><strong>In STAHL (max. 2 mm dick)<\/strong><\/td>\n<\/tr>\n<\/thead>\n<tbody>\n<tr>\n<td>IS60<\/td>\n<td>5,0 mm &#8211; 25,0 mm<\/td>\n<td>5,0 mm &#8211; 50,0 mm<\/td>\n<\/tr>\n<tr>\n<td>IS80<\/td>\n<td>25,0 mm &#8211; 50,0 mm<\/td>\n<td>25,0 mm &#8211; 70,0 mm<\/td>\n<\/tr>\n<tr>\n<td>IS100<\/td>\n<td>45,0 mm &#8211; 65,0 mm<\/td>\n<td>45,0 mm &#8211; 90,0 mm<\/td>\n<\/tr>\n<tr>\n<td>IS110<\/td>\n<td>55,0 mm &#8211; 75,0 mm<\/td>\n<td>55,0 mm &#8211; 100,0 mm<\/td>\n<\/tr>\n<tr>\n<td>IS120<\/td>\n<td>65,0 mm &#8211; 85,0 mm<\/td>\n<td>65,0 mm &#8211; 110,0 mm<\/td>\n<\/tr>\n<tr>\n<td>IS130<\/td>\n<td>55,0 mm &#8211; 95,0 mm<\/td>\n<td>55,0 mm &#8211; 120,0 mm<\/td>\n<\/tr>\n<tr>\n<td>IS140<\/td>\n<td>65,0 mm &#8211; 105,0 mm<\/td>\n<td>65,0 mm &#8211; 130,0 mm<\/td>\n<\/tr>\n<tr>\n<td>IS150<\/td>\n<td>75,0 mm &#8211; 115,0 mm<\/td>\n<td>75,0 mm &#8211; 140,0 mm<\/td>\n<\/tr>\n<tr>\n<td>IS160<\/td>\n<td>85,0 mm &#8211; 125,0 mm<\/td>\n<td>85,0 mm &#8211; 150,0 mm<\/td>\n<\/tr>\n<tr>\n<td>IS170<\/td>\n<td>95,0 mm &#8211; 135,0 mm<\/td>\n<td>95,0 mm &#8211; 160,0 mm<\/td>\n<\/tr>\n<tr>\n<td>IS180<\/td>\n<td>115,0 mm &#8211; 145,0 mm<\/td>\n<td>105,0 mm &#8211; 170,0 mm<\/td>\n<\/tr>\n<tr>\n<td>IS190<\/td>\n<td>115,0 mm &#8211; 155,0 mm<\/td>\n<td>115,0 mm &#8211; 180,0 mm<\/td>\n<\/tr>\n<tr>\n<td>IS200<\/td>\n<td>125,0 mm &#8211; 165,0 mm<\/td>\n<td>125,0 mm &#8211; 190,0 mm<\/td>\n<\/tr>\n<tr>\n<td>IS220<\/td>\n<td>145,0 mm &#8211; 185,0 mm<\/td>\n<td>145,0 mm &#8211; 210,0 mm<\/td>\n<\/tr>\n<tr>\n<td>IS240<\/td>\n<td>165,0 mm &#8211; 205,0 mm<\/td>\n<td>165,0 mm &#8211; 230,0 mm<\/td>\n<\/tr>\n<tr>\n<td>IS260<\/td>\n<td>185,0 mm &#8211; 225,0 mm<\/td>\n<td>185,0 mm &#8211; 250,0 mm<\/td>\n<\/tr>\n<tr>\n<td>IS280<\/td>\n<td>205,0 mm &#8211; 245,0 mm<\/td>\n<td>205,0 mm &#8211; 270,0 mm<\/td>\n<\/tr>\n<tr>\n<td>IS300<\/td>\n<td>225,0 mm &#8211; 265,0 mm<\/td>\n<td>225,0 mm &#8211; 290,0 mm<\/td>\n<\/tr>\n<tr>\n<td><\/td>\n<td><\/td>\n<td><\/td>\n<\/tr>\n<\/tbody>\n<\/table>\n<p>&nbsp;<\/p>\n","protected":false},"excerpt":{"rendered":"<p>Diese D\u00e4mmstoffschrauben mit Bohrspitze 1 sind ideal f\u00fcr die Befestigung von D\u00e4mmmaterial auf Holz oder Leichtmetalluntergr\u00fcnden (Stahl bis 2 mm). Dank der selbstbohrenden Spitze ist ein Vorbohren nicht erforderlich und die Montage kann schnell und effizient durchgef\u00fchrt werden. Die Isolierschrauben werden in einer Pappschachtel geliefert. Au\u00dferdem erhalten Sie 1 Torx 25 Bit gratis, damit Sie [&hellip;]<\/p>\n","protected":false},"featured_media":28568,"comment_status":"closed","ping_status":"closed","template":"","meta":[],"product_brand":[],"product_cat":[826,825],"product_tag":[],"class_list":{"0":"post-29992","1":"product","2":"type-product","3":"status-publish","4":"has-post-thumbnail","6":"product_cat-schrauben-zur-isolierung","7":"product_cat-druckverteilungsplatten-isolierringe","8":"pa_draad-feiner-draht","10":"first","11":"outofstock","12":"taxable","13":"shipping-taxable","14":"purchasable","15":"product-type-simple"},"supplier_id":null,"supplier_sku":"","barcode":null,"atum_controlled":true,"out_stock_date":"2026-05-01 16:04:23","out_stock_threshold":null,"inheritable":false,"inbound_stock":0,"stock_on_hold":0,"sold_today":0,"sales_last_days":0,"reserved_stock":0,"customer_returns":0,"warehouse_damage":0,"lost_in_post":0,"other_logs":0,"out_stock_days":6,"lost_sales":0,"has_location":false,"update_date":"2026-05-08T01:12:04","atum_locations":[],"atum_stock_status":"outofstock","restock_status":false,"low_stock_amount":"","sales_update_date":"2026-05-08T01:12:04","calc_backorders":null,"acf":[],"yoast_head":"<!-- This site is optimized with the Yoast SEO plugin v26.6 - https:\/\/yoast.com\/wordpress\/plugins\/seo\/ -->\n<title>Isolierschrauben 4.8x240 TX-25 100 Holz-\/Stahlelemente - Schroevendump<\/title>\n<meta name=\"robots\" content=\"index, follow, max-snippet:-1, max-image-preview:large, max-video-preview:-1\" \/>\n<link rel=\"canonical\" href=\"https:\/\/schroevendump.nl\/de\/produkt\/isolierschrauben-4-8x240-tx-25-400-stuck-holz-stahl-kopie-kopie-kopie-kopie-kopie-kopie-kopie-kopie-kopie-kopie-kopie-kopie-kopie-kopie-kopie-kopie\/\" \/>\n<meta property=\"og:locale\" content=\"de_DE\" \/>\n<meta property=\"og:type\" content=\"article\" \/>\n<meta property=\"og:title\" content=\"Isolierschrauben 4.8x240 TX-25 100 Holz-\/Stahlelemente - Schroevendump\" \/>\n<meta property=\"og:description\" content=\"Diese D\u00e4mmstoffschrauben mit Bohrspitze 1 sind ideal f\u00fcr die Befestigung von D\u00e4mmmaterial auf Holz oder Leichtmetalluntergr\u00fcnden (Stahl bis 2 mm). Dank der selbstbohrenden Spitze ist ein Vorbohren nicht erforderlich und die Montage kann schnell und effizient durchgef\u00fchrt werden. Die Isolierschrauben werden in einer Pappschachtel geliefert. Au\u00dferdem erhalten Sie 1 Torx 25 Bit gratis, damit Sie [&hellip;]\" \/>\n<meta property=\"og:url\" content=\"https:\/\/schroevendump.nl\/de\/produkt\/isolierschrauben-4-8x240-tx-25-400-stuck-holz-stahl-kopie-kopie-kopie-kopie-kopie-kopie-kopie-kopie-kopie-kopie-kopie-kopie-kopie-kopie-kopie-kopie\/\" \/>\n<meta property=\"og:site_name\" content=\"Schroevendump\" \/>\n<meta property=\"article:modified_time\" content=\"2025-12-22T15:19:53+00:00\" \/>\n<meta property=\"og:image\" content=\"https:\/\/schroevendump.nl\/wp-content\/uploads\/2025\/08\/isolatieschroef_met_boorpunt1_4_8x90-removebg-scaled-e1759604524105.png\" \/>\n\t<meta property=\"og:image:width\" content=\"1630\" \/>\n\t<meta property=\"og:image:height\" content=\"1830\" \/>\n\t<meta property=\"og:image:type\" content=\"image\/png\" \/>\n<meta name=\"twitter:card\" content=\"summary_large_image\" \/>\n<meta name=\"twitter:label1\" content=\"Gesch\u00e4tzte Lesezeit\" \/>\n\t<meta name=\"twitter:data1\" content=\"2\u00a0Minute\" \/>\n<script type=\"application\/ld+json\" class=\"yoast-schema-graph\">{\"@context\":\"https:\/\/schema.org\",\"@graph\":[{\"@type\":\"WebPage\",\"@id\":\"https:\/\/schroevendump.nl\/de\/produkt\/isolierschrauben-4-8x240-tx-25-400-stuck-holz-stahl-kopie-kopie-kopie-kopie-kopie-kopie-kopie-kopie-kopie-kopie-kopie-kopie-kopie-kopie-kopie-kopie\/\",\"url\":\"https:\/\/schroevendump.nl\/de\/produkt\/isolierschrauben-4-8x240-tx-25-400-stuck-holz-stahl-kopie-kopie-kopie-kopie-kopie-kopie-kopie-kopie-kopie-kopie-kopie-kopie-kopie-kopie-kopie-kopie\/\",\"name\":\"Isolierschrauben 4.8x240 TX-25 100 Holz-\/Stahlelemente - Schroevendump\",\"isPartOf\":{\"@id\":\"https:\/\/schroevendump.nl\/de\/#website\"},\"primaryImageOfPage\":{\"@id\":\"https:\/\/schroevendump.nl\/de\/produkt\/isolierschrauben-4-8x240-tx-25-400-stuck-holz-stahl-kopie-kopie-kopie-kopie-kopie-kopie-kopie-kopie-kopie-kopie-kopie-kopie-kopie-kopie-kopie-kopie\/#primaryimage\"},\"image\":{\"@id\":\"https:\/\/schroevendump.nl\/de\/produkt\/isolierschrauben-4-8x240-tx-25-400-stuck-holz-stahl-kopie-kopie-kopie-kopie-kopie-kopie-kopie-kopie-kopie-kopie-kopie-kopie-kopie-kopie-kopie-kopie\/#primaryimage\"},\"thumbnailUrl\":\"https:\/\/schroevendump.nl\/wp-content\/uploads\/2025\/08\/isolatieschroef_met_boorpunt1_4_8x90-removebg-scaled-e1759604524105.png\",\"datePublished\":\"2025-12-20T21:45:08+00:00\",\"dateModified\":\"2025-12-22T15:19:53+00:00\",\"breadcrumb\":{\"@id\":\"https:\/\/schroevendump.nl\/de\/produkt\/isolierschrauben-4-8x240-tx-25-400-stuck-holz-stahl-kopie-kopie-kopie-kopie-kopie-kopie-kopie-kopie-kopie-kopie-kopie-kopie-kopie-kopie-kopie-kopie\/#breadcrumb\"},\"inLanguage\":\"de\",\"potentialAction\":[{\"@type\":\"ReadAction\",\"target\":[\"https:\/\/schroevendump.nl\/de\/produkt\/isolierschrauben-4-8x240-tx-25-400-stuck-holz-stahl-kopie-kopie-kopie-kopie-kopie-kopie-kopie-kopie-kopie-kopie-kopie-kopie-kopie-kopie-kopie-kopie\/\"]}]},{\"@type\":\"ImageObject\",\"inLanguage\":\"de\",\"@id\":\"https:\/\/schroevendump.nl\/de\/produkt\/isolierschrauben-4-8x240-tx-25-400-stuck-holz-stahl-kopie-kopie-kopie-kopie-kopie-kopie-kopie-kopie-kopie-kopie-kopie-kopie-kopie-kopie-kopie-kopie\/#primaryimage\",\"url\":\"https:\/\/schroevendump.nl\/wp-content\/uploads\/2025\/08\/isolatieschroef_met_boorpunt1_4_8x90-removebg-scaled-e1759604524105.png\",\"contentUrl\":\"https:\/\/schroevendump.nl\/wp-content\/uploads\/2025\/08\/isolatieschroef_met_boorpunt1_4_8x90-removebg-scaled-e1759604524105.png\",\"width\":1630,\"height\":1830},{\"@type\":\"BreadcrumbList\",\"@id\":\"https:\/\/schroevendump.nl\/de\/produkt\/isolierschrauben-4-8x240-tx-25-400-stuck-holz-stahl-kopie-kopie-kopie-kopie-kopie-kopie-kopie-kopie-kopie-kopie-kopie-kopie-kopie-kopie-kopie-kopie\/#breadcrumb\",\"itemListElement\":[{\"@type\":\"ListItem\",\"position\":1,\"name\":\"Startseite\",\"item\":\"https:\/\/schroevendump.nl\/de\/\"},{\"@type\":\"ListItem\",\"position\":2,\"name\":\"Shop\",\"item\":\"https:\/\/schroevendump.nl\/de\/shop\/\"},{\"@type\":\"ListItem\",\"position\":3,\"name\":\"Isolierschrauben 4.8&#215;240 TX-25 100 Holz-\/Stahlelemente\"}]},{\"@type\":\"WebSite\",\"@id\":\"https:\/\/schroevendump.nl\/de\/#website\",\"url\":\"https:\/\/schroevendump.nl\/de\/\",\"name\":\"Schroevendump\",\"description\":\"\",\"potentialAction\":[{\"@type\":\"SearchAction\",\"target\":{\"@type\":\"EntryPoint\",\"urlTemplate\":\"https:\/\/schroevendump.nl\/de\/?s={search_term_string}\"},\"query-input\":{\"@type\":\"PropertyValueSpecification\",\"valueRequired\":true,\"valueName\":\"search_term_string\"}}],\"inLanguage\":\"de\"}]}<\/script>\n<!-- \/ Yoast SEO plugin. -->","yoast_head_json":{"title":"Isolierschrauben 4.8x240 TX-25 100 Holz-\/Stahlelemente - Schroevendump","robots":{"index":"index","follow":"follow","max-snippet":"max-snippet:-1","max-image-preview":"max-image-preview:large","max-video-preview":"max-video-preview:-1"},"canonical":"https:\/\/schroevendump.nl\/de\/produkt\/isolierschrauben-4-8x240-tx-25-400-stuck-holz-stahl-kopie-kopie-kopie-kopie-kopie-kopie-kopie-kopie-kopie-kopie-kopie-kopie-kopie-kopie-kopie-kopie\/","og_locale":"de_DE","og_type":"article","og_title":"Isolierschrauben 4.8x240 TX-25 100 Holz-\/Stahlelemente - Schroevendump","og_description":"Diese D\u00e4mmstoffschrauben mit Bohrspitze 1 sind ideal f\u00fcr die Befestigung von D\u00e4mmmaterial auf Holz oder Leichtmetalluntergr\u00fcnden (Stahl bis 2 mm). Dank der selbstbohrenden Spitze ist ein Vorbohren nicht erforderlich und die Montage kann schnell und effizient durchgef\u00fchrt werden. Die Isolierschrauben werden in einer Pappschachtel geliefert. Au\u00dferdem erhalten Sie 1 Torx 25 Bit gratis, damit Sie [&hellip;]","og_url":"https:\/\/schroevendump.nl\/de\/produkt\/isolierschrauben-4-8x240-tx-25-400-stuck-holz-stahl-kopie-kopie-kopie-kopie-kopie-kopie-kopie-kopie-kopie-kopie-kopie-kopie-kopie-kopie-kopie-kopie\/","og_site_name":"Schroevendump","article_modified_time":"2025-12-22T15:19:53+00:00","og_image":[{"width":1630,"height":1830,"url":"https:\/\/schroevendump.nl\/wp-content\/uploads\/2025\/08\/isolatieschroef_met_boorpunt1_4_8x90-removebg-scaled-e1759604524105.png","type":"image\/png"}],"twitter_card":"summary_large_image","twitter_misc":{"Gesch\u00e4tzte Lesezeit":"2\u00a0Minute"},"schema":{"@context":"https:\/\/schema.org","@graph":[{"@type":"WebPage","@id":"https:\/\/schroevendump.nl\/de\/produkt\/isolierschrauben-4-8x240-tx-25-400-stuck-holz-stahl-kopie-kopie-kopie-kopie-kopie-kopie-kopie-kopie-kopie-kopie-kopie-kopie-kopie-kopie-kopie-kopie\/","url":"https:\/\/schroevendump.nl\/de\/produkt\/isolierschrauben-4-8x240-tx-25-400-stuck-holz-stahl-kopie-kopie-kopie-kopie-kopie-kopie-kopie-kopie-kopie-kopie-kopie-kopie-kopie-kopie-kopie-kopie\/","name":"Isolierschrauben 4.8x240 TX-25 100 Holz-\/Stahlelemente - Schroevendump","isPartOf":{"@id":"https:\/\/schroevendump.nl\/de\/#website"},"primaryImageOfPage":{"@id":"https:\/\/schroevendump.nl\/de\/produkt\/isolierschrauben-4-8x240-tx-25-400-stuck-holz-stahl-kopie-kopie-kopie-kopie-kopie-kopie-kopie-kopie-kopie-kopie-kopie-kopie-kopie-kopie-kopie-kopie\/#primaryimage"},"image":{"@id":"https:\/\/schroevendump.nl\/de\/produkt\/isolierschrauben-4-8x240-tx-25-400-stuck-holz-stahl-kopie-kopie-kopie-kopie-kopie-kopie-kopie-kopie-kopie-kopie-kopie-kopie-kopie-kopie-kopie-kopie\/#primaryimage"},"thumbnailUrl":"https:\/\/schroevendump.nl\/wp-content\/uploads\/2025\/08\/isolatieschroef_met_boorpunt1_4_8x90-removebg-scaled-e1759604524105.png","datePublished":"2025-12-20T21:45:08+00:00","dateModified":"2025-12-22T15:19:53+00:00","breadcrumb":{"@id":"https:\/\/schroevendump.nl\/de\/produkt\/isolierschrauben-4-8x240-tx-25-400-stuck-holz-stahl-kopie-kopie-kopie-kopie-kopie-kopie-kopie-kopie-kopie-kopie-kopie-kopie-kopie-kopie-kopie-kopie\/#breadcrumb"},"inLanguage":"de","potentialAction":[{"@type":"ReadAction","target":["https:\/\/schroevendump.nl\/de\/produkt\/isolierschrauben-4-8x240-tx-25-400-stuck-holz-stahl-kopie-kopie-kopie-kopie-kopie-kopie-kopie-kopie-kopie-kopie-kopie-kopie-kopie-kopie-kopie-kopie\/"]}]},{"@type":"ImageObject","inLanguage":"de","@id":"https:\/\/schroevendump.nl\/de\/produkt\/isolierschrauben-4-8x240-tx-25-400-stuck-holz-stahl-kopie-kopie-kopie-kopie-kopie-kopie-kopie-kopie-kopie-kopie-kopie-kopie-kopie-kopie-kopie-kopie\/#primaryimage","url":"https:\/\/schroevendump.nl\/wp-content\/uploads\/2025\/08\/isolatieschroef_met_boorpunt1_4_8x90-removebg-scaled-e1759604524105.png","contentUrl":"https:\/\/schroevendump.nl\/wp-content\/uploads\/2025\/08\/isolatieschroef_met_boorpunt1_4_8x90-removebg-scaled-e1759604524105.png","width":1630,"height":1830},{"@type":"BreadcrumbList","@id":"https:\/\/schroevendump.nl\/de\/produkt\/isolierschrauben-4-8x240-tx-25-400-stuck-holz-stahl-kopie-kopie-kopie-kopie-kopie-kopie-kopie-kopie-kopie-kopie-kopie-kopie-kopie-kopie-kopie-kopie\/#breadcrumb","itemListElement":[{"@type":"ListItem","position":1,"name":"Startseite","item":"https:\/\/schroevendump.nl\/de\/"},{"@type":"ListItem","position":2,"name":"Shop","item":"https:\/\/schroevendump.nl\/de\/shop\/"},{"@type":"ListItem","position":3,"name":"Isolierschrauben 4.8&#215;240 TX-25 100 Holz-\/Stahlelemente"}]},{"@type":"WebSite","@id":"https:\/\/schroevendump.nl\/de\/#website","url":"https:\/\/schroevendump.nl\/de\/","name":"Schroevendump","description":"","potentialAction":[{"@type":"SearchAction","target":{"@type":"EntryPoint","urlTemplate":"https:\/\/schroevendump.nl\/de\/?s={search_term_string}"},"query-input":{"@type":"PropertyValueSpecification","valueRequired":true,"valueName":"search_term_string"}}],"inLanguage":"de"}]}},"_links":{"self":[{"href":"https:\/\/schroevendump.nl\/de\/wp-json\/wp\/v2\/product\/29992","targetHints":{"allow":["GET"]}}],"collection":[{"href":"https:\/\/schroevendump.nl\/de\/wp-json\/wp\/v2\/product"}],"about":[{"href":"https:\/\/schroevendump.nl\/de\/wp-json\/wp\/v2\/types\/product"}],"replies":[{"embeddable":true,"href":"https:\/\/schroevendump.nl\/de\/wp-json\/wp\/v2\/comments?post=29992"}],"wp:featuredmedia":[{"embeddable":true,"href":"https:\/\/schroevendump.nl\/de\/wp-json\/wp\/v2\/media\/28568"}],"wp:attachment":[{"href":"https:\/\/schroevendump.nl\/de\/wp-json\/wp\/v2\/media?parent=29992"}],"wp:term":[{"taxonomy":"product_brand","embeddable":true,"href":"https:\/\/schroevendump.nl\/de\/wp-json\/wp\/v2\/product_brand?post=29992"},{"taxonomy":"product_cat","embeddable":true,"href":"https:\/\/schroevendump.nl\/de\/wp-json\/wp\/v2\/product_cat?post=29992"},{"taxonomy":"product_tag","embeddable":true,"href":"https:\/\/schroevendump.nl\/de\/wp-json\/wp\/v2\/product_tag?post=29992"}],"curies":[{"name":"wp","href":"https:\/\/api.w.org\/{rel}","templated":true}]}}