{"id":26998,"date":"2024-08-27T11:16:05","date_gmt":"2024-08-27T11:16:05","guid":{"rendered":"https:\/\/schroevendump.nl\/paiement-et-expedition\/"},"modified":"2024-08-27T11:16:05","modified_gmt":"2024-08-27T11:16:05","slug":"paiement-et-expedition","status":"publish","type":"page","link":"https:\/\/schroevendump.nl\/fr\/paiement-et-expedition\/","title":{"rendered":"Paiement et exp\u00e9dition"},"content":{"rendered":"<header class=\"entry-header\">\n<h1 class=\"entry-title\">Paiement et exp\u00e9dition<\/h1>\n<\/header>\n<div class=\"entry-content\">\n<p><strong>Mollie<\/strong><\/p>\n<p>Pour traiter une partie ou la totalit\u00e9 des paiements dans notre boutique en ligne, nous utilisons la plateforme de Mollie. Mollie traite tes nom, adresse et lieu de r\u00e9sidence ainsi que tes donn\u00e9es de paiement comme ton num\u00e9ro de compte bancaire ou de carte de cr\u00e9dit. Mollie a pris des mesures techniques et organisationnelles appropri\u00e9es pour prot\u00e9ger tes donn\u00e9es personnelles. Mollie se r\u00e9serve le droit d&#8217;utiliser tes donn\u00e9es pour am\u00e9liorer davantage ses services et de partager des donn\u00e9es (anonymis\u00e9es) avec des tiers dans ce cadre. Toutes les garanties mentionn\u00e9es ci-dessus concernant la protection de tes donn\u00e9es personnelles s&#8217;appliquent \u00e9galement aux parties des services de Mollie pour lesquelles elle fait appel \u00e0 des tiers. Mollie ne conserve pas tes donn\u00e9es plus longtemps que ne le permettent les d\u00e9lais l\u00e9gaux.<\/p>\n<h2 class=\"wp-block-heading\">Exp\u00e9dition et logistique<\/h2>\n<p><strong>PostNL<\/strong><\/p>\n<p>Quand tu passes une commande chez nous, notre mission est de faire livrer ton colis chez toi. Nous utilisons les services de PostNL pour effectuer les livraisons. Il est donc n\u00e9cessaire que nous partagions tes nom, adresse et lieu de r\u00e9sidence avec PostNL. PostNL utilise ces donn\u00e9es uniquement dans le but d&#8217;ex\u00e9cuter le contrat. Dans le cas o\u00f9 PostNL fait appel \u00e0 des sous-traitants, PostNL met \u00e9galement tes donn\u00e9es \u00e0 la disposition de ces parties.<\/p>\n<\/div>\n","protected":false},"excerpt":{"rendered":"<p>Paiement et exp\u00e9dition Mollie Pour traiter une partie ou la totalit\u00e9 des paiements dans notre boutique en ligne, nous utilisons la plateforme de Mollie. Mollie traite tes nom, adresse et lieu de r\u00e9sidence ainsi que tes donn\u00e9es de paiement comme ton num\u00e9ro de compte bancaire ou de carte de cr\u00e9dit. Mollie a pris des mesures [&hellip;]<\/p>\n","protected":false},"author":1,"featured_media":0,"parent":0,"menu_order":0,"comment_status":"closed","ping_status":"closed","template":"","meta":{"footnotes":""},"class_list":["post-26998","page","type-page","status-publish","hentry"],"acf":[],"yoast_head":"<!-- This site is optimized with the Yoast SEO plugin v26.6 - https:\/\/yoast.com\/wordpress\/plugins\/seo\/ -->\n<title>Paiement et exp\u00e9dition - Schroevendump<\/title>\n<meta name=\"robots\" content=\"index, follow, max-snippet:-1, max-image-preview:large, max-video-preview:-1\" \/>\n<link rel=\"canonical\" href=\"https:\/\/schroevendump.nl\/fr\/paiement-et-expedition\/\" \/>\n<meta property=\"og:locale\" content=\"fr_FR\" \/>\n<meta property=\"og:type\" content=\"article\" \/>\n<meta property=\"og:title\" content=\"Paiement et exp\u00e9dition - Schroevendump\" \/>\n<meta property=\"og:description\" content=\"Paiement et exp\u00e9dition Mollie Pour traiter une partie ou la totalit\u00e9 des paiements dans notre boutique en ligne, nous utilisons la plateforme de Mollie. Mollie traite tes nom, adresse et lieu de r\u00e9sidence ainsi que tes donn\u00e9es de paiement comme ton num\u00e9ro de compte bancaire ou de carte de cr\u00e9dit. Mollie a pris des mesures [&hellip;]\" \/>\n<meta property=\"og:url\" content=\"https:\/\/schroevendump.nl\/fr\/paiement-et-expedition\/\" \/>\n<meta property=\"og:site_name\" content=\"Schroevendump\" \/>\n<meta name=\"twitter:card\" content=\"summary_large_image\" \/>\n<meta name=\"twitter:label1\" content=\"Dur\u00e9e de lecture estim\u00e9e\" \/>\n\t<meta name=\"twitter:data1\" content=\"1 minute\" \/>\n<script type=\"application\/ld+json\" class=\"yoast-schema-graph\">{\"@context\":\"https:\/\/schema.org\",\"@graph\":[{\"@type\":\"WebPage\",\"@id\":\"https:\/\/schroevendump.nl\/fr\/paiement-et-expedition\/\",\"url\":\"https:\/\/schroevendump.nl\/fr\/paiement-et-expedition\/\",\"name\":\"Paiement et exp\u00e9dition - Schroevendump\",\"isPartOf\":{\"@id\":\"https:\/\/schroevendump.nl\/fr\/#website\"},\"datePublished\":\"2024-08-27T11:16:05+00:00\",\"breadcrumb\":{\"@id\":\"https:\/\/schroevendump.nl\/fr\/paiement-et-expedition\/#breadcrumb\"},\"inLanguage\":\"fr-FR\",\"potentialAction\":[{\"@type\":\"ReadAction\",\"target\":[\"https:\/\/schroevendump.nl\/fr\/paiement-et-expedition\/\"]}]},{\"@type\":\"BreadcrumbList\",\"@id\":\"https:\/\/schroevendump.nl\/fr\/paiement-et-expedition\/#breadcrumb\",\"itemListElement\":[{\"@type\":\"ListItem\",\"position\":1,\"name\":\"Accueil\",\"item\":\"https:\/\/schroevendump.nl\/fr\/\"},{\"@type\":\"ListItem\",\"position\":2,\"name\":\"Paiement et exp\u00e9dition\"}]},{\"@type\":\"WebSite\",\"@id\":\"https:\/\/schroevendump.nl\/fr\/#website\",\"url\":\"https:\/\/schroevendump.nl\/fr\/\",\"name\":\"Schroevendump\",\"description\":\"\",\"potentialAction\":[{\"@type\":\"SearchAction\",\"target\":{\"@type\":\"EntryPoint\",\"urlTemplate\":\"https:\/\/schroevendump.nl\/fr\/?s={search_term_string}\"},\"query-input\":{\"@type\":\"PropertyValueSpecification\",\"valueRequired\":true,\"valueName\":\"search_term_string\"}}],\"inLanguage\":\"fr-FR\"}]}<\/script>\n<!-- \/ Yoast SEO plugin. -->","yoast_head_json":{"title":"Paiement et exp\u00e9dition - Schroevendump","robots":{"index":"index","follow":"follow","max-snippet":"max-snippet:-1","max-image-preview":"max-image-preview:large","max-video-preview":"max-video-preview:-1"},"canonical":"https:\/\/schroevendump.nl\/fr\/paiement-et-expedition\/","og_locale":"fr_FR","og_type":"article","og_title":"Paiement et exp\u00e9dition - Schroevendump","og_description":"Paiement et exp\u00e9dition Mollie Pour traiter une partie ou la totalit\u00e9 des paiements dans notre boutique en ligne, nous utilisons la plateforme de Mollie. Mollie traite tes nom, adresse et lieu de r\u00e9sidence ainsi que tes donn\u00e9es de paiement comme ton num\u00e9ro de compte bancaire ou de carte de cr\u00e9dit. Mollie a pris des mesures [&hellip;]","og_url":"https:\/\/schroevendump.nl\/fr\/paiement-et-expedition\/","og_site_name":"Schroevendump","twitter_card":"summary_large_image","twitter_misc":{"Dur\u00e9e de lecture estim\u00e9e":"1 minute"},"schema":{"@context":"https:\/\/schema.org","@graph":[{"@type":"WebPage","@id":"https:\/\/schroevendump.nl\/fr\/paiement-et-expedition\/","url":"https:\/\/schroevendump.nl\/fr\/paiement-et-expedition\/","name":"Paiement et exp\u00e9dition - Schroevendump","isPartOf":{"@id":"https:\/\/schroevendump.nl\/fr\/#website"},"datePublished":"2024-08-27T11:16:05+00:00","breadcrumb":{"@id":"https:\/\/schroevendump.nl\/fr\/paiement-et-expedition\/#breadcrumb"},"inLanguage":"fr-FR","potentialAction":[{"@type":"ReadAction","target":["https:\/\/schroevendump.nl\/fr\/paiement-et-expedition\/"]}]},{"@type":"BreadcrumbList","@id":"https:\/\/schroevendump.nl\/fr\/paiement-et-expedition\/#breadcrumb","itemListElement":[{"@type":"ListItem","position":1,"name":"Accueil","item":"https:\/\/schroevendump.nl\/fr\/"},{"@type":"ListItem","position":2,"name":"Paiement et exp\u00e9dition"}]},{"@type":"WebSite","@id":"https:\/\/schroevendump.nl\/fr\/#website","url":"https:\/\/schroevendump.nl\/fr\/","name":"Schroevendump","description":"","potentialAction":[{"@type":"SearchAction","target":{"@type":"EntryPoint","urlTemplate":"https:\/\/schroevendump.nl\/fr\/?s={search_term_string}"},"query-input":{"@type":"PropertyValueSpecification","valueRequired":true,"valueName":"search_term_string"}}],"inLanguage":"fr-FR"}]}},"_links":{"self":[{"href":"https:\/\/schroevendump.nl\/fr\/wp-json\/wp\/v2\/pages\/26998","targetHints":{"allow":["GET"]}}],"collection":[{"href":"https:\/\/schroevendump.nl\/fr\/wp-json\/wp\/v2\/pages"}],"about":[{"href":"https:\/\/schroevendump.nl\/fr\/wp-json\/wp\/v2\/types\/page"}],"author":[{"embeddable":true,"href":"https:\/\/schroevendump.nl\/fr\/wp-json\/wp\/v2\/users\/1"}],"replies":[{"embeddable":true,"href":"https:\/\/schroevendump.nl\/fr\/wp-json\/wp\/v2\/comments?post=26998"}],"version-history":[{"count":0,"href":"https:\/\/schroevendump.nl\/fr\/wp-json\/wp\/v2\/pages\/26998\/revisions"}],"wp:attachment":[{"href":"https:\/\/schroevendump.nl\/fr\/wp-json\/wp\/v2\/media?parent=26998"}],"curies":[{"name":"wp","href":"https:\/\/api.w.org\/{rel}","templated":true}]}}