{"id":26999,"date":"2024-08-27T11:16:11","date_gmt":"2024-08-27T11:16:11","guid":{"rendered":"https:\/\/schroevendump.nl\/retours\/"},"modified":"2024-08-27T11:16:11","modified_gmt":"2024-08-27T11:16:11","slug":"retours","status":"publish","type":"page","link":"https:\/\/schroevendump.nl\/fr\/retours\/","title":{"rendered":"Retours"},"content":{"rendered":"<header class=\"entry-header\">\n<h1 class=\"entry-title\">Retours<\/h1>\n<\/header>\n<div class=\"entry-content\">\n<p>Adresse postale \/ adresse de retour&nbsp;:<br \/>\nrechte zandweg 27<br \/>\n3319 GN Dordrecht<\/p>\n<p>merci d\u2019envoyer un e-mail au pr\u00e9alable<\/p>\n<p><em>\u00ab&nbsp;Vous avez le droit d\u2019annuler votre commande jusqu\u2019\u00e0 14&nbsp;jours apr\u00e8s r\u00e9ception sans indication de motif. Apr\u00e8s l\u2019annulation, vous avez encore 14&nbsp;jours pour renvoyer votre produit. Vous serez alors cr\u00e9dit\u00e9 du montant total de la commande, frais d\u2019exp\u00e9dition inclus. Seuls les frais de retour de votre domicile \u00e0 la boutique en ligne sont \u00e0 votre charge. Ces frais s\u2019\u00e9l\u00e8vent \u00e0 environ 7,25&nbsp;\u20ac par colis. Veuillez consulter le site web de votre transporteur pour conna\u00eetre les tarifs exacts. Si vous faites usage de votre droit de r\u00e9tractation, le produit devra \u00eatre retourn\u00e9 \u00e0 l\u2019entrepreneur avec tous les accessoires fournis et \u2013 si cela est raisonnablement possible \u2013 dans son \u00e9tat et emballage d\u2019origine. Pour faire usage de ce droit, vous pouvez nous contacter via info@schroevendump.nl. Nous vous rembourserons alors le montant de la commande d\u00fb dans les 14&nbsp;jours suivant la notification de votre retour, \u00e0 condition que le produit ait d\u00e9j\u00e0 \u00e9t\u00e9 re\u00e7u en bon \u00e9tat.&nbsp;\u00bb<\/em><\/p>\n<\/div>\n","protected":false},"excerpt":{"rendered":"<p>Retours Adresse postale \/ adresse de retour&nbsp;: rechte zandweg 27 3319 GN Dordrecht merci d\u2019envoyer un e-mail au pr\u00e9alable \u00ab&nbsp;Vous avez le droit d\u2019annuler votre commande jusqu\u2019\u00e0 14&nbsp;jours apr\u00e8s r\u00e9ception sans indication de motif. Apr\u00e8s l\u2019annulation, vous avez encore 14&nbsp;jours pour renvoyer votre produit. Vous serez alors cr\u00e9dit\u00e9 du montant total de la commande, frais [&hellip;]<\/p>\n","protected":false},"author":1,"featured_media":0,"parent":0,"menu_order":0,"comment_status":"closed","ping_status":"closed","template":"","meta":{"footnotes":""},"class_list":["post-26999","page","type-page","status-publish","hentry"],"acf":[],"yoast_head":"<!-- This site is optimized with the Yoast SEO plugin v26.6 - https:\/\/yoast.com\/wordpress\/plugins\/seo\/ -->\n<title>Retours - Schroevendump<\/title>\n<meta name=\"robots\" content=\"index, follow, max-snippet:-1, max-image-preview:large, max-video-preview:-1\" \/>\n<link rel=\"canonical\" href=\"https:\/\/schroevendump.nl\/fr\/retours\/\" \/>\n<meta property=\"og:locale\" content=\"fr_FR\" \/>\n<meta property=\"og:type\" content=\"article\" \/>\n<meta property=\"og:title\" content=\"Retours - Schroevendump\" \/>\n<meta property=\"og:description\" content=\"Retours Adresse postale \/ adresse de retour&nbsp;: rechte zandweg 27 3319 GN Dordrecht merci d\u2019envoyer un e-mail au pr\u00e9alable \u00ab&nbsp;Vous avez le droit d\u2019annuler votre commande jusqu\u2019\u00e0 14&nbsp;jours apr\u00e8s r\u00e9ception sans indication de motif. Apr\u00e8s l\u2019annulation, vous avez encore 14&nbsp;jours pour renvoyer votre produit. Vous serez alors cr\u00e9dit\u00e9 du montant total de la commande, frais [&hellip;]\" \/>\n<meta property=\"og:url\" content=\"https:\/\/schroevendump.nl\/fr\/retours\/\" \/>\n<meta property=\"og:site_name\" content=\"Schroevendump\" \/>\n<meta name=\"twitter:card\" content=\"summary_large_image\" \/>\n<meta name=\"twitter:label1\" content=\"Dur\u00e9e de lecture estim\u00e9e\" \/>\n\t<meta name=\"twitter:data1\" content=\"1 minute\" \/>\n<script type=\"application\/ld+json\" class=\"yoast-schema-graph\">{\"@context\":\"https:\/\/schema.org\",\"@graph\":[{\"@type\":\"WebPage\",\"@id\":\"https:\/\/schroevendump.nl\/fr\/retours\/\",\"url\":\"https:\/\/schroevendump.nl\/fr\/retours\/\",\"name\":\"Retours - Schroevendump\",\"isPartOf\":{\"@id\":\"https:\/\/schroevendump.nl\/fr\/#website\"},\"datePublished\":\"2024-08-27T11:16:11+00:00\",\"breadcrumb\":{\"@id\":\"https:\/\/schroevendump.nl\/fr\/retours\/#breadcrumb\"},\"inLanguage\":\"fr-FR\",\"potentialAction\":[{\"@type\":\"ReadAction\",\"target\":[\"https:\/\/schroevendump.nl\/fr\/retours\/\"]}]},{\"@type\":\"BreadcrumbList\",\"@id\":\"https:\/\/schroevendump.nl\/fr\/retours\/#breadcrumb\",\"itemListElement\":[{\"@type\":\"ListItem\",\"position\":1,\"name\":\"Accueil\",\"item\":\"https:\/\/schroevendump.nl\/fr\/\"},{\"@type\":\"ListItem\",\"position\":2,\"name\":\"Retours\"}]},{\"@type\":\"WebSite\",\"@id\":\"https:\/\/schroevendump.nl\/fr\/#website\",\"url\":\"https:\/\/schroevendump.nl\/fr\/\",\"name\":\"Schroevendump\",\"description\":\"\",\"potentialAction\":[{\"@type\":\"SearchAction\",\"target\":{\"@type\":\"EntryPoint\",\"urlTemplate\":\"https:\/\/schroevendump.nl\/fr\/?s={search_term_string}\"},\"query-input\":{\"@type\":\"PropertyValueSpecification\",\"valueRequired\":true,\"valueName\":\"search_term_string\"}}],\"inLanguage\":\"fr-FR\"}]}<\/script>\n<!-- \/ Yoast SEO plugin. -->","yoast_head_json":{"title":"Retours - Schroevendump","robots":{"index":"index","follow":"follow","max-snippet":"max-snippet:-1","max-image-preview":"max-image-preview:large","max-video-preview":"max-video-preview:-1"},"canonical":"https:\/\/schroevendump.nl\/fr\/retours\/","og_locale":"fr_FR","og_type":"article","og_title":"Retours - Schroevendump","og_description":"Retours Adresse postale \/ adresse de retour&nbsp;: rechte zandweg 27 3319 GN Dordrecht merci d\u2019envoyer un e-mail au pr\u00e9alable \u00ab&nbsp;Vous avez le droit d\u2019annuler votre commande jusqu\u2019\u00e0 14&nbsp;jours apr\u00e8s r\u00e9ception sans indication de motif. Apr\u00e8s l\u2019annulation, vous avez encore 14&nbsp;jours pour renvoyer votre produit. Vous serez alors cr\u00e9dit\u00e9 du montant total de la commande, frais [&hellip;]","og_url":"https:\/\/schroevendump.nl\/fr\/retours\/","og_site_name":"Schroevendump","twitter_card":"summary_large_image","twitter_misc":{"Dur\u00e9e de lecture estim\u00e9e":"1 minute"},"schema":{"@context":"https:\/\/schema.org","@graph":[{"@type":"WebPage","@id":"https:\/\/schroevendump.nl\/fr\/retours\/","url":"https:\/\/schroevendump.nl\/fr\/retours\/","name":"Retours - Schroevendump","isPartOf":{"@id":"https:\/\/schroevendump.nl\/fr\/#website"},"datePublished":"2024-08-27T11:16:11+00:00","breadcrumb":{"@id":"https:\/\/schroevendump.nl\/fr\/retours\/#breadcrumb"},"inLanguage":"fr-FR","potentialAction":[{"@type":"ReadAction","target":["https:\/\/schroevendump.nl\/fr\/retours\/"]}]},{"@type":"BreadcrumbList","@id":"https:\/\/schroevendump.nl\/fr\/retours\/#breadcrumb","itemListElement":[{"@type":"ListItem","position":1,"name":"Accueil","item":"https:\/\/schroevendump.nl\/fr\/"},{"@type":"ListItem","position":2,"name":"Retours"}]},{"@type":"WebSite","@id":"https:\/\/schroevendump.nl\/fr\/#website","url":"https:\/\/schroevendump.nl\/fr\/","name":"Schroevendump","description":"","potentialAction":[{"@type":"SearchAction","target":{"@type":"EntryPoint","urlTemplate":"https:\/\/schroevendump.nl\/fr\/?s={search_term_string}"},"query-input":{"@type":"PropertyValueSpecification","valueRequired":true,"valueName":"search_term_string"}}],"inLanguage":"fr-FR"}]}},"_links":{"self":[{"href":"https:\/\/schroevendump.nl\/fr\/wp-json\/wp\/v2\/pages\/26999","targetHints":{"allow":["GET"]}}],"collection":[{"href":"https:\/\/schroevendump.nl\/fr\/wp-json\/wp\/v2\/pages"}],"about":[{"href":"https:\/\/schroevendump.nl\/fr\/wp-json\/wp\/v2\/types\/page"}],"author":[{"embeddable":true,"href":"https:\/\/schroevendump.nl\/fr\/wp-json\/wp\/v2\/users\/1"}],"replies":[{"embeddable":true,"href":"https:\/\/schroevendump.nl\/fr\/wp-json\/wp\/v2\/comments?post=26999"}],"version-history":[{"count":0,"href":"https:\/\/schroevendump.nl\/fr\/wp-json\/wp\/v2\/pages\/26999\/revisions"}],"wp:attachment":[{"href":"https:\/\/schroevendump.nl\/fr\/wp-json\/wp\/v2\/media?parent=26999"}],"curies":[{"name":"wp","href":"https:\/\/api.w.org\/{rel}","templated":true}]}}