{"id":27194,"date":"2024-08-27T11:16:40","date_gmt":"2024-08-27T11:16:40","guid":{"rendered":"https:\/\/schroevendump.nl\/procedure-de-reclamation\/"},"modified":"2024-08-27T11:16:40","modified_gmt":"2024-08-27T11:16:40","slug":"procedure-de-reclamation","status":"publish","type":"page","link":"https:\/\/schroevendump.nl\/fr\/procedure-de-reclamation\/","title":{"rendered":"Proc\u00e9dure de r\u00e9clamation"},"content":{"rendered":"<h3 class=\"wp-block-heading\">Traitement des r\u00e9clamations<\/h3>\n<p>C&#8217;est naturellement ennuyeux si tu as une r\u00e9clamation concernant le service tel que tu l&#8217;as v\u00e9cu. Nous te demandons cependant aimablement d&#8217;envoyer ta r\u00e9clamation par e-mail au service client\u00e8le.<x id=\"gid_0\"><\/x>Nos collaborateurs du service client\u00e8le examineront la r\u00e9clamation et essaieront de r\u00e9soudre la r\u00e9clamation \u00e0 la satisfaction de tous. Nos coordonn\u00e9es :  <\/p>\n<p><strong><a href=\"https:\/\/oldschroevendump.auget.nl\/\">Schroevendump.nl<\/a><\/strong><br \/>\nEgstraat 66<br \/>\n3319 LA Dordrecht<br \/>\nT <a href=\"callto:\/\/0031\">+31(06)<\/a>18159283<br \/>\nE <a href=\"mailto:info@schroeven-online.nl\">i<\/a><a href=\"mailto:nfo@schroevendump.nl\">nfo@schroevendump.nl<\/a><\/p>\n<p>Apr\u00e8s r\u00e9ception de ta r\u00e9clamation, tu recevras de notre part une confirmation. Nous r\u00e9pondrons \u00e0 ta r\u00e9clamation dans les 14 jours suivant sa r\u00e9ception, si cela n\u00e9cessite plus de temps, nous t&#8217;en informerons. Si tu n&#8217;appr\u00e9cies pas cela, tu peux toujours contacter la Stichting Webshop Keurmerk \u00e0 laquelle Schroevendump.nl est affili\u00e9  <\/p>\n<p><em>&#8220;Il peut toujours arriver que quelque chose ne se passe pas exactement comme pr\u00e9vu. Nous te conseillons de nous faire part de tes r\u00e9clamations en premier lieu en envoyant un e-mail \u00e0 <a href=\"mailto:UWEMAIL@uwwinkel.nl\">info@schroevendump.nl<\/a>.   <\/em><\/p>\n<p><em>Par ailleurs, les consommateurs de l&#8217;UE peuvent \u00e9galement d\u00e9poser des r\u00e9clamations via la plateforme RLL de la Commission europ\u00e9enne. Cette plateforme RLL est accessible sur <a href=\"http:\/\/ec.europa.eu\/odr\">http:\/\/ec.europa.eu\/odr<\/a>. Si ta r\u00e9clamation n&#8217;est pas d\u00e9j\u00e0 en cours de traitement ailleurs, tu es libre de la d\u00e9poser via la plateforme de l&#8217;Union europ\u00e9enne.&#8221;  <\/em><\/p>\n","protected":false},"excerpt":{"rendered":"<p>Traitement des r\u00e9clamations C&#8217;est naturellement ennuyeux si tu as une r\u00e9clamation concernant le service tel que tu l&#8217;as v\u00e9cu. Nous te demandons cependant aimablement d&#8217;envoyer ta r\u00e9clamation par e-mail au service client\u00e8le.Nos collaborateurs du service client\u00e8le examineront la r\u00e9clamation et essaieront de r\u00e9soudre la r\u00e9clamation \u00e0 la satisfaction de tous. Nos coordonn\u00e9es : Schroevendump.nl Egstraat [&hellip;]<\/p>\n","protected":false},"author":1,"featured_media":0,"parent":0,"menu_order":0,"comment_status":"closed","ping_status":"closed","template":"","meta":{"footnotes":""},"class_list":["post-27194","page","type-page","status-publish","hentry"],"acf":[],"yoast_head":"<!-- This site is optimized with the Yoast SEO plugin v26.6 - https:\/\/yoast.com\/wordpress\/plugins\/seo\/ -->\n<title>Proc\u00e9dure de r\u00e9clamation - Schroevendump<\/title>\n<meta name=\"robots\" content=\"index, follow, max-snippet:-1, max-image-preview:large, max-video-preview:-1\" \/>\n<link rel=\"canonical\" href=\"https:\/\/schroevendump.nl\/fr\/procedure-de-reclamation\/\" \/>\n<meta property=\"og:locale\" content=\"fr_FR\" \/>\n<meta property=\"og:type\" content=\"article\" \/>\n<meta property=\"og:title\" content=\"Proc\u00e9dure de r\u00e9clamation - Schroevendump\" \/>\n<meta property=\"og:description\" content=\"Traitement des r\u00e9clamations C&#8217;est naturellement ennuyeux si tu as une r\u00e9clamation concernant le service tel que tu l&#8217;as v\u00e9cu. Nous te demandons cependant aimablement d&#8217;envoyer ta r\u00e9clamation par e-mail au service client\u00e8le.Nos collaborateurs du service client\u00e8le examineront la r\u00e9clamation et essaieront de r\u00e9soudre la r\u00e9clamation \u00e0 la satisfaction de tous. Nos coordonn\u00e9es : Schroevendump.nl Egstraat [&hellip;]\" \/>\n<meta property=\"og:url\" content=\"https:\/\/schroevendump.nl\/fr\/procedure-de-reclamation\/\" \/>\n<meta property=\"og:site_name\" content=\"Schroevendump\" \/>\n<meta name=\"twitter:card\" content=\"summary_large_image\" \/>\n<meta name=\"twitter:label1\" content=\"Dur\u00e9e de lecture estim\u00e9e\" \/>\n\t<meta name=\"twitter:data1\" content=\"1 minute\" \/>\n<script type=\"application\/ld+json\" class=\"yoast-schema-graph\">{\"@context\":\"https:\/\/schema.org\",\"@graph\":[{\"@type\":\"WebPage\",\"@id\":\"https:\/\/schroevendump.nl\/fr\/procedure-de-reclamation\/\",\"url\":\"https:\/\/schroevendump.nl\/fr\/procedure-de-reclamation\/\",\"name\":\"Proc\u00e9dure de r\u00e9clamation - Schroevendump\",\"isPartOf\":{\"@id\":\"https:\/\/schroevendump.nl\/fr\/#website\"},\"datePublished\":\"2024-08-27T11:16:40+00:00\",\"breadcrumb\":{\"@id\":\"https:\/\/schroevendump.nl\/fr\/procedure-de-reclamation\/#breadcrumb\"},\"inLanguage\":\"fr-FR\",\"potentialAction\":[{\"@type\":\"ReadAction\",\"target\":[\"https:\/\/schroevendump.nl\/fr\/procedure-de-reclamation\/\"]}]},{\"@type\":\"BreadcrumbList\",\"@id\":\"https:\/\/schroevendump.nl\/fr\/procedure-de-reclamation\/#breadcrumb\",\"itemListElement\":[{\"@type\":\"ListItem\",\"position\":1,\"name\":\"Accueil\",\"item\":\"https:\/\/schroevendump.nl\/fr\/\"},{\"@type\":\"ListItem\",\"position\":2,\"name\":\"Proc\u00e9dure de r\u00e9clamation\"}]},{\"@type\":\"WebSite\",\"@id\":\"https:\/\/schroevendump.nl\/fr\/#website\",\"url\":\"https:\/\/schroevendump.nl\/fr\/\",\"name\":\"Schroevendump\",\"description\":\"\",\"potentialAction\":[{\"@type\":\"SearchAction\",\"target\":{\"@type\":\"EntryPoint\",\"urlTemplate\":\"https:\/\/schroevendump.nl\/fr\/?s={search_term_string}\"},\"query-input\":{\"@type\":\"PropertyValueSpecification\",\"valueRequired\":true,\"valueName\":\"search_term_string\"}}],\"inLanguage\":\"fr-FR\"}]}<\/script>\n<!-- \/ Yoast SEO plugin. -->","yoast_head_json":{"title":"Proc\u00e9dure de r\u00e9clamation - Schroevendump","robots":{"index":"index","follow":"follow","max-snippet":"max-snippet:-1","max-image-preview":"max-image-preview:large","max-video-preview":"max-video-preview:-1"},"canonical":"https:\/\/schroevendump.nl\/fr\/procedure-de-reclamation\/","og_locale":"fr_FR","og_type":"article","og_title":"Proc\u00e9dure de r\u00e9clamation - Schroevendump","og_description":"Traitement des r\u00e9clamations C&#8217;est naturellement ennuyeux si tu as une r\u00e9clamation concernant le service tel que tu l&#8217;as v\u00e9cu. Nous te demandons cependant aimablement d&#8217;envoyer ta r\u00e9clamation par e-mail au service client\u00e8le.Nos collaborateurs du service client\u00e8le examineront la r\u00e9clamation et essaieront de r\u00e9soudre la r\u00e9clamation \u00e0 la satisfaction de tous. Nos coordonn\u00e9es : Schroevendump.nl Egstraat [&hellip;]","og_url":"https:\/\/schroevendump.nl\/fr\/procedure-de-reclamation\/","og_site_name":"Schroevendump","twitter_card":"summary_large_image","twitter_misc":{"Dur\u00e9e de lecture estim\u00e9e":"1 minute"},"schema":{"@context":"https:\/\/schema.org","@graph":[{"@type":"WebPage","@id":"https:\/\/schroevendump.nl\/fr\/procedure-de-reclamation\/","url":"https:\/\/schroevendump.nl\/fr\/procedure-de-reclamation\/","name":"Proc\u00e9dure de r\u00e9clamation - Schroevendump","isPartOf":{"@id":"https:\/\/schroevendump.nl\/fr\/#website"},"datePublished":"2024-08-27T11:16:40+00:00","breadcrumb":{"@id":"https:\/\/schroevendump.nl\/fr\/procedure-de-reclamation\/#breadcrumb"},"inLanguage":"fr-FR","potentialAction":[{"@type":"ReadAction","target":["https:\/\/schroevendump.nl\/fr\/procedure-de-reclamation\/"]}]},{"@type":"BreadcrumbList","@id":"https:\/\/schroevendump.nl\/fr\/procedure-de-reclamation\/#breadcrumb","itemListElement":[{"@type":"ListItem","position":1,"name":"Accueil","item":"https:\/\/schroevendump.nl\/fr\/"},{"@type":"ListItem","position":2,"name":"Proc\u00e9dure de r\u00e9clamation"}]},{"@type":"WebSite","@id":"https:\/\/schroevendump.nl\/fr\/#website","url":"https:\/\/schroevendump.nl\/fr\/","name":"Schroevendump","description":"","potentialAction":[{"@type":"SearchAction","target":{"@type":"EntryPoint","urlTemplate":"https:\/\/schroevendump.nl\/fr\/?s={search_term_string}"},"query-input":{"@type":"PropertyValueSpecification","valueRequired":true,"valueName":"search_term_string"}}],"inLanguage":"fr-FR"}]}},"_links":{"self":[{"href":"https:\/\/schroevendump.nl\/fr\/wp-json\/wp\/v2\/pages\/27194","targetHints":{"allow":["GET"]}}],"collection":[{"href":"https:\/\/schroevendump.nl\/fr\/wp-json\/wp\/v2\/pages"}],"about":[{"href":"https:\/\/schroevendump.nl\/fr\/wp-json\/wp\/v2\/types\/page"}],"author":[{"embeddable":true,"href":"https:\/\/schroevendump.nl\/fr\/wp-json\/wp\/v2\/users\/1"}],"replies":[{"embeddable":true,"href":"https:\/\/schroevendump.nl\/fr\/wp-json\/wp\/v2\/comments?post=27194"}],"version-history":[{"count":0,"href":"https:\/\/schroevendump.nl\/fr\/wp-json\/wp\/v2\/pages\/27194\/revisions"}],"wp:attachment":[{"href":"https:\/\/schroevendump.nl\/fr\/wp-json\/wp\/v2\/media?parent=27194"}],"curies":[{"name":"wp","href":"https:\/\/api.w.org\/{rel}","templated":true}]}}