{"id":27307,"date":"2024-08-27T11:16:35","date_gmt":"2024-08-27T11:16:35","guid":{"rendered":"https:\/\/schroevendump.nl\/declaration-de-confidentialite-et-de-cookies\/"},"modified":"2024-08-27T11:16:35","modified_gmt":"2024-08-27T11:16:35","slug":"declaration-de-confidentialite-et-de-cookies","status":"publish","type":"page","link":"https:\/\/schroevendump.nl\/fr\/declaration-de-confidentialite-et-de-cookies\/","title":{"rendered":"D\u00e9claration de confidentialit\u00e9 et de cookies"},"content":{"rendered":"<p><strong>\u00c0 propos de notre politique de confidentialit\u00e9<\/strong><\/p>\n<p>schroevendump accorde une grande importance \u00e0 votre vie priv\u00e9e. Par cons\u00e9quent, nous traitons uniquement les donn\u00e9es dont nous avons besoin pour (am\u00e9liorer) nos services et nous traitons avec soin les informations que nous avons recueillies \u00e0 votre sujet et sur votre utilisation de nos services. Nous ne mettons jamais vos donn\u00e9es \u00e0 la disposition de tiers \u00e0 des fins commerciales.  <\/p>\n<p>Cette politique de confidentialit\u00e9 s&#8217;applique \u00e0 l&#8217;utilisation du site web et aux services qui y sont propos\u00e9s par Schroevendump. La date d&#8217;entr\u00e9e en vigueur de ces conditions est le 09\/10\/2023. La publication d&#8217;une nouvelle version annule la validit\u00e9 de toutes les versions pr\u00e9c\u00e9dentes. Cette politique de confidentialit\u00e9 d\u00e9crit les donn\u00e9es que nous recueillons \u00e0 votre sujet, l&#8217;usage qui en est fait et avec qui et sous quelles conditions ces donn\u00e9es peuvent \u00eatre partag\u00e9es avec des tiers. Nous vous expliquons \u00e9galement comment nous stockons vos donn\u00e9es, comment nous les prot\u00e9geons contre l&#8217;utilisation abusive et quels sont vos droits concernant les donn\u00e9es personnelles que vous nous avez fournies.<br \/>\nSi vous avez des questions concernant notre politique de confidentialit\u00e9, veuillez contacter notre personne de contact pour les questions de confidentialit\u00e9. Vous trouverez ses coordonn\u00e9es \u00e0 la fin de notre politique de confidentialit\u00e9.   <\/p>\n<p>\u00c0 propos du traitement des donn\u00e9es<br \/>\nVous trouverez ci-dessous des informations sur la mani\u00e8re dont nous traitons vos donn\u00e9es, o\u00f9 nous les stockons (ou les faisons stocker), les techniques de<br \/>\ns\u00e9curit\u00e9 que nous utilisons et qui a acc\u00e8s aux donn\u00e9es.<\/p>\n<p><strong>Logiciel de boutique en ligne<\/strong><br \/>\nWooCommerce<br \/>\nNotre boutique en ligne est d\u00e9velopp\u00e9e avec le logiciel WooCommerce. Les donn\u00e9es personnelles que vous mettez \u00e0 notre disposition pour nos services sont partag\u00e9es avec cette partie. WooCommerce a acc\u00e8s \u00e0 vos donn\u00e9es pour nous fournir une assistance (technique), mais n&#8217;utilisera jamais vos donn\u00e9es \u00e0 d&#8217;autres fins. Sur la base de l&#8217;accord que nous avons conclu avec eux, WooCommerce est tenu de prendre des mesures de s\u00e9curit\u00e9 appropri\u00e9es. Ces mesures de s\u00e9curit\u00e9 consistent en l&#8217;application du cryptage SSL et d&#8217;une politique de mots de passe forts. WooCommerce utilise des cookies pour collecter des informations techniques concernant votre utilisation du logiciel, mais aucune donn\u00e9e personnelle n&#8217;est collect\u00e9e et\/ou stock\u00e9e.<br \/>\nWooCommerce se r\u00e9serve le droit de partager les donn\u00e9es collect\u00e9es au sein de son propre groupe afin d&#8217;am\u00e9liorer encore ses services. H\u00e9bergement WooCommerce<br \/>\nNotre boutique en ligne est d\u00e9velopp\u00e9e avec le logiciel WooCommerce, et nous avons choisi Just Host pour notre h\u00e9bergement web. Les donn\u00e9es personnelles que vous mettez \u00e0 notre disposition pour nos services sont partag\u00e9es avec cette partie. Just Host a acc\u00e8s \u00e0 vos donn\u00e9es pour nous fournir une assistance (technique), mais n&#8217;utilisera jamais vos donn\u00e9es \u00e0 d&#8217;autres fins. Sur la base de l&#8217;accord que nous avons conclu avec eux, Just Host est tenu de prendre des mesures de s\u00e9curit\u00e9 appropri\u00e9es. Ces mesures de s\u00e9curit\u00e9<x id=\"gid_5\"><\/x>consistent en l&#8217;application du cryptage SSL et d&#8217;une politique de mots de passe forts. Des sauvegardes r\u00e9guli\u00e8res sont effectu\u00e9es pour \u00e9viter la perte de donn\u00e9es.           <\/p>\n<p><strong>H\u00e9bergement web<\/strong><br \/>\nAuget<br \/>\nNous achetons des services d&#8217;h\u00e9bergement web et de messagerie \u00e0 auget.nl. <a href=\"http:\/\/www.auget.nl\">Auget<\/a> traite les donn\u00e9es personnelles en notre nom et n&#8217;utilise pas vos donn\u00e9es \u00e0 ses propres fins. Toutefois, cette partie peut collecter des m\u00e9tadonn\u00e9es sur l&#8217;utilisation des services. Il ne s&#8217;agit pas de donn\u00e9es personnelles. Auget a pris les mesures techniques et organisationnelles appropri\u00e9es pour pr\u00e9venir la perte et l&#8217;utilisation non autoris\u00e9e de vos donn\u00e9es personnelles. Auget est tenu au secret en vertu de l&#8217;accord.    <\/p>\n<p><strong>Processeurs de paiement<\/strong><br \/>\nMollie<br \/>\nPour le traitement d&#8217;une (partie des) paiements dans notre boutique en ligne, nous utilisons la plateforme de Mollie. Mollie traite votre nom, votre adresse et votre lieu de r\u00e9sidence, ainsi que vos donn\u00e9es de paiement, telles que votre num\u00e9ro de compte bancaire ou de carte de cr\u00e9dit. Mollie a pris les mesures techniques et organisationnelles appropri\u00e9es pour prot\u00e9ger vos donn\u00e9es personnelles. Mollie se r\u00e9serve le droit d&#8217;utiliser vos donn\u00e9es pour am\u00e9liorer encore ses services et, dans ce cadre, de partager des donn\u00e9es (anonymis\u00e9es) avec des tiers.<br \/>\nToutes les garanties susmentionn\u00e9es concernant la protection de vos donn\u00e9es personnelles s&#8217;appliquent \u00e9galement aux parties des services de Mollie pour lesquelles elle fait appel \u00e0 des tiers. Mollie ne conserve pas vos donn\u00e9es plus longtemps que ne le permettent les d\u00e9lais l\u00e9gaux.    <\/p>\n<p><strong>\u00c9valuations<\/strong><br \/>\n<a href=\"https:\/\/www.trstd.com\/nl-nl\/reviews\/schroevendump-nl\">Trusted Shops<\/a><br \/>\nNous recueillons des avis via la plateforme de Trusted Shops. Si vous laissez un avis via Trusted Shops, vous \u00eates tenu de fournir un nom et une adresse \u00e9lectronique. Trusted Shops partage ces donn\u00e9es avec nous afin que nous puissions associer l&#8217;avis \u00e0 votre commande. Dans certains cas, Trusted Shops peut vous contacter pour vous demander des explications sur votre avis. Si nous vous invitons \u00e0 laisser un avis, nous partageons votre nom et votre adresse \u00e9lectronique avec Trusted Shops. Ils utilisent ces donn\u00e9es uniquement dans le but de vous inviter \u00e0 laisser un avis. Trusted Shops a pris les mesures techniques et organisationnelles appropri\u00e9es pour prot\u00e9ger vos donn\u00e9es personnelles. Trusted Shops se r\u00e9serve le droit de faire appel \u00e0 des tiers<br \/>\npour fournir ses services, et nous avons donn\u00e9 notre autorisation \u00e0 Trusted Shops<br \/>\n\u00e0 cet effet. Toutes les garanties susmentionn\u00e9es concernant la protection de vos donn\u00e9es personnelles s&#8217;appliquent \u00e9galement aux parties des services pour lesquelles<br \/>\nTrusted Shops fait appel \u00e0 des tiers.        <\/p>\n<p><em>Nous pensons qu&#8217;il est important que les avis donnent une image aussi fid\u00e8le que possible de nos produits et services. C&#8217;est pourquoi nos \u00e9valuations sont g\u00e9r\u00e9es de mani\u00e8re impartiale par Trusted Shops. Trusted Shops<\/em><em> a pris des mesures pour garantir l&#8217;authenticit\u00e9 des avis.<\/em> <\/p>\n<p><strong>Exp\u00e9dition et logistique<\/strong><br \/>\nPostNL<br \/>\nLorsque vous passez une commande chez nous, notre t\u00e2che consiste \u00e0 vous livrer votre colis. Nous utilisons les services de PostNL pour effectuer les livraisons. Pour ce faire, nous devons communiquer votre nom, votre adresse et votre lieu de r\u00e9sidence \u00e0 PostNL. PostNL utilise ces donn\u00e9es uniquement dans le but d&#8217;ex\u00e9cuter le contrat. Si PostNL fait appel \u00e0 des sous-traitants, PostNL mettra \u00e9galement vos donn\u00e9es \u00e0 la disposition de ces parties.<\/p>\n<p><strong>Facturation et comptabilit\u00e9<\/strong><br \/>\nFactuurSturen<br \/>\nPour la tenue de notre administration et de notre comptabilit\u00e9, nous faisons appel aux services de<br \/>\nFactuurSturen. Nous partageons votre nom, votre adresse et votre lieu de r\u00e9sidence, ainsi que les d\u00e9tails de votre commande.<br \/>\nCes donn\u00e9es sont utilis\u00e9es pour l&#8217;administration des factures de vente. Vos donn\u00e9es personnelles sont envoy\u00e9es et stock\u00e9es de mani\u00e8re s\u00e9curis\u00e9e. FactuurSturen est tenu au secret et traitera vos donn\u00e9es de mani\u00e8re confidentielle. FactuurSturen n&#8217;utilise pas vos donn\u00e9es personnelles \u00e0 d&#8217;autres fins que celles d\u00e9crites ci-dessus.    <\/p>\n<p><strong>Canaux de vente externes<\/strong><\/p>\n<p><strong>Objectif du traitement des donn\u00e9es<\/strong><br \/>\n<strong>Objectif g\u00e9n\u00e9ral du traitement<\/strong><br \/>\nNous utilisons vos donn\u00e9es exclusivement pour nos services. Cela signifie que l&#8217;objectif du traitement est toujours directement li\u00e9 \u00e0 la mission que vous nous confiez. Nous n&#8217;utilisons pas vos donn\u00e9es \u00e0 des fins de marketing (cibl\u00e9). Si vous partagez des donn\u00e9es avec nous et que nous utilisons ces donn\u00e9es pour vous contacter \u00e0 un moment ult\u00e9rieur &#8211; autrement qu&#8217;\u00e0 votre demande &#8211; nous vous demanderons explicitement votre autorisation. Vos donn\u00e9es ne sont pas partag\u00e9es avec des tiers, sauf pour satisfaire \u00e0 des obligations comptables et autres obligations administratives. Ces tiers sont tous tenus au secret en vertu de l&#8217;accord conclu entre eux et nous, d&#8217;un serment ou d&#8217;une obligation l\u00e9gale.<br \/>\n<strong>Donn\u00e9es collect\u00e9es automatiquement<\/strong><br \/>\nLes donn\u00e9es collect\u00e9es automatiquement par notre site web sont trait\u00e9es dans le but d&#8217;am\u00e9liorer<br \/>\nnos services. Ces donn\u00e9es (par exemple, votre adresse IP, votre navigateur web et votre<br \/>\nsyst\u00e8me d&#8217;exploitation) ne sont pas des donn\u00e9es personnelles.<br \/>\n<strong>Coop\u00e9ration \u00e0 une enqu\u00eate fiscale et p\u00e9nale<\/strong><br \/>\nDans certains cas, schroevendump peut \u00eatre tenu, en vertu d&#8217;une obligation l\u00e9gale, de partager vos donn\u00e9es dans le cadre d&#8217;une enqu\u00eate fiscale ou p\u00e9nale men\u00e9e par les autorit\u00e9s publiques. Dans un tel cas, nous sommes oblig\u00e9s de partager vos donn\u00e9es, mais nous nous y opposerons dans la mesure o\u00f9 la loi nous le permet.<br \/>\n<strong>D\u00e9lais de conservation<\/strong><br \/>\nNous conservons vos donn\u00e9es tant que vous \u00eates notre client. Cela signifie que nous conservons votre profil client jusqu&#8217;\u00e0 ce que vous indiquiez que vous ne souhaitez plus utiliser nos services. Si vous nous le faites savoir, nous consid\u00e9rerons \u00e9galement cela comme une demande d&#8217;oubli. Cela signifie \u00e9galement que nous ne conservons pas vos donn\u00e9es plus de deux ans apr\u00e8s le dernier contact ou la derni\u00e8re transaction, \u00e0 moins qu&#8217;il n&#8217;existe une justification l\u00e9gale \u00e0 cela. En vertu des obligations administratives applicables, nous devons conserver les factures contenant vos donn\u00e9es (personnelles). Nous conserverons donc ces donn\u00e9es pendant toute la dur\u00e9e de la p\u00e9riode applicable.<br \/>\nToutefois, les employ\u00e9s n&#8217;ont plus acc\u00e8s \u00e0 votre profil client ni aux documents que nous avons cr\u00e9\u00e9s \u00e0 la suite de votre mission.    <\/p>\n<p><strong>Vos droits<\/strong><br \/>\nEn vertu de la l\u00e9gislation n\u00e9erlandaise et europ\u00e9enne en vigueur, vous disposez, en tant que personne concern\u00e9e, de certains droits concernant les donn\u00e9es personnelles qui sont trait\u00e9es par nous ou en notre nom. Nous vous expliquons ci-dessous quels sont ces droits et comment vous pouvez les invoquer. En principe, afin de pr\u00e9venir les abus, nous n&#8217;envoyons des copies de vos donn\u00e9es qu&#8217;\u00e0 l&#8217;adresse \u00e9lectronique que vous nous avez d\u00e9j\u00e0 communiqu\u00e9e. Si vous souhaitez recevoir les donn\u00e9es \u00e0 une autre adresse \u00e9lectronique ou, par exemple, par courrier, nous vous demanderons de vous identifier. Nous tenons un registre des demandes trait\u00e9es et, en cas de demande d&#8217;oubli, nous enregistrons des donn\u00e9es anonymis\u00e9es. Toutes les copies de donn\u00e9es que vous recevez sont dans le format de donn\u00e9es lisible par machine que nous utilisons au sein de nos syst\u00e8mes. Vous avez le droit de d\u00e9poser une plainte aupr\u00e8s de l&#8217;Autoriteit Persoonsgegevens si vous pensez que nous utilisons vos donn\u00e9es personnelles de mani\u00e8re incorrecte.      <\/p>\n<p><strong>Droit de consultation<\/strong><br \/>\nVous avez toujours le droit de consulter les donn\u00e9es que nous traitons (ou faisons traiter) et qui se rapportent \u00e0 votre personne ou qui sont tra\u00e7ables jusqu&#8217;\u00e0 elle. Vous pouvez adresser une demande \u00e0 cet effet \u00e0 notre personne de contact pour les questions de confidentialit\u00e9. Vous recevrez une r\u00e9ponse \u00e0 votre demande dans les 30 jours. Si votre demande est accept\u00e9e, nous vous enverrons une copie de toutes les donn\u00e9es \u00e0 l&#8217;adresse \u00e9lectronique que nous connaissons, avec un aper\u00e7u des responsables du traitement qui d\u00e9tiennent ces donn\u00e9es, en indiquant la cat\u00e9gorie sous laquelle nous avons stock\u00e9 ces donn\u00e9es.   <\/p>\n<p><strong>Droit de rectification<\/strong><br \/>\nVous avez toujours le droit de faire modifier les donn\u00e9es que nous traitons (ou faisons traiter) et qui se rapportent \u00e0 votre personne ou qui sont tra\u00e7ables jusqu&#8217;\u00e0 elle. Vous pouvez adresser une demande \u00e0 cet effet \u00e0 notre personne de contact pour les questions de confidentialit\u00e9. Vous recevrez une r\u00e9ponse \u00e0 votre demande dans les 30 jours. Si votre demande est accept\u00e9e, nous vous enverrons une confirmation \u00e0 l&#8217;adresse \u00e9lectronique que nous connaissons, confirmant que les donn\u00e9es ont \u00e9t\u00e9 modifi\u00e9es.<br \/>\nDroit \u00e0 la limitation du traitement<br \/>\nVous avez toujours le droit de limiter les donn\u00e9es que nous traitons (ou faisons traiter) et qui se rapportent \u00e0 votre personne ou qui sont tra\u00e7ables jusqu&#8217;\u00e0 elle. Vous pouvez adresser une demande \u00e0 cet effet \u00e0 notre personne de contact pour les questions de confidentialit\u00e9. Vous recevrez une r\u00e9ponse \u00e0 votre demande dans les 30 jours. Si votre demande est accept\u00e9e, nous vous enverrons une confirmation \u00e0 l&#8217;adresse \u00e9lectronique que nous connaissons, confirmant que les donn\u00e9es ne seront plus trait\u00e9es jusqu&#8217;\u00e0 ce que vous leviez la restriction.      <\/p>\n<p><strong>Droit \u00e0 la transf\u00e9rabilit\u00e9<\/strong><br \/>\nVous avez toujours le droit de faire ex\u00e9cuter par une autre partie les donn\u00e9es que nous traitons (ou faisons traiter) et qui se rapportent \u00e0 votre personne ou qui sont tra\u00e7ables jusqu&#8217;\u00e0 elle. Vous pouvez adresser une demande \u00e0 cet effet \u00e0<br \/>\nnotre personne de contact pour les questions de confidentialit\u00e9. Vous recevrez une r\u00e9ponse \u00e0 votre demande dans les 30 jours. Si votre demande est accept\u00e9e, nous vous enverrons \u00e0 l&#8217;adresse \u00e9lectronique que nous connaissons des copies de toutes les donn\u00e9es vous concernant que nous avons trait\u00e9es ou qui ont \u00e9t\u00e9 trait\u00e9es en notre nom par d&#8217;autres responsables du traitement ou des tiers. Dans un tel cas, il est fort probable que nous ne pourrons plus poursuivre nos services, car la connexion s\u00e9curis\u00e9e des fichiers de donn\u00e9es ne pourra plus \u00eatre garantie.    <\/p>\n<p><strong>Droit d&#8217;opposition et autres droits<\/strong><br \/>\nDans certains cas, vous avez le droit de vous opposer au traitement de vos donn\u00e9es personnelles par ou au nom de schroevendump. Si vous vous y opposez, nous cesserons imm\u00e9diatement le traitement des donn\u00e9es en attendant le traitement de votre objection. Si votre objection est fond\u00e9e, nous mettrons \u00e0 votre disposition des copies des donn\u00e9es que nous traitons (ou faisons traiter), puis nous cesserons d\u00e9finitivement le traitement. Vous avez \u00e9galement le droit de ne pas \u00eatre soumis \u00e0 une prise de d\u00e9cision individuelle automatis\u00e9e ou \u00e0 un profilage. Nous ne traitons pas vos donn\u00e9es d&#8217;une mani\u00e8re qui rende ce droit applicable. Si vous pensez que c&#8217;est le cas, veuillez contacter notre personne de contact pour les questions de confidentialit\u00e9.     <\/p>\n<p><strong>Cookies<\/strong><br \/>\n<strong>Google Analytics<\/strong><br \/>\nDes cookies de la soci\u00e9t\u00e9 am\u00e9ricaine Google sont plac\u00e9s via notre site web, dans le cadre du service \u00ab Analytics \u00bb.<br \/>\nNous utilisons ce service pour suivre et obtenir des rapports sur la mani\u00e8re dont les visiteurs utilisent le site web.<br \/>\nCe responsable du traitement peut \u00eatre tenu, en vertu des lois et r\u00e9glementations applicables, de donner acc\u00e8s \u00e0 ces<br \/>\ndonn\u00e9es. Nous n&#8217;avons pas autoris\u00e9 Google \u00e0 utiliser les informations analytiques obtenues pour d&#8217;autres services Google. <\/p>\n<p><strong>Cookies de tiers<\/strong><br \/>\nSi des solutions logicielles de tiers utilisent des cookies, cela est indiqu\u00e9 dans cette d\u00e9claration de confidentialit\u00e9.<\/p>\n<p><strong>Modifications de la politique de confidentialit\u00e9<\/strong><br \/>\nNous nous r\u00e9servons le droit de modifier notre politique de confidentialit\u00e9 \u00e0 tout moment. Toutefois, vous trouverez toujours la version la plus r\u00e9cente sur cette page. Si la nouvelle politique de confidentialit\u00e9 a des cons\u00e9quences sur la mani\u00e8re dont nous traitons les donn\u00e9es d\u00e9j\u00e0 collect\u00e9es vous concernant, nous vous en informerons par courrier \u00e9lectronique.  <\/p>\n<p><strong>Coordonn\u00e9es<\/strong><br \/>\nschroevendump<br \/>\nEgstraat 66 3319 LA Dordrecht Pays-Bas T 06-18159283 E info@schroevendump.nl<\/p>\n<p><strong>Personne de contact pour les questions de confidentialit\u00e9<\/strong><br \/>\nHerbert Jelier<\/p>\n","protected":false},"excerpt":{"rendered":"<p>\u00c0 propos de notre politique de confidentialit\u00e9 schroevendump accorde une grande importance \u00e0 votre vie priv\u00e9e. Par cons\u00e9quent, nous traitons uniquement les donn\u00e9es dont nous avons besoin pour (am\u00e9liorer) nos services et nous traitons avec soin les informations que nous avons recueillies \u00e0 votre sujet et sur votre utilisation de nos services. Nous ne mettons [&hellip;]<\/p>\n","protected":false},"author":1,"featured_media":0,"parent":0,"menu_order":0,"comment_status":"closed","ping_status":"closed","template":"","meta":{"footnotes":""},"class_list":["post-27307","page","type-page","status-publish","hentry"],"acf":[],"yoast_head":"<!-- This site is optimized with the Yoast SEO plugin v26.6 - https:\/\/yoast.com\/wordpress\/plugins\/seo\/ -->\n<title>D\u00e9claration de confidentialit\u00e9 et de cookies - Schroevendump<\/title>\n<meta name=\"robots\" content=\"index, follow, max-snippet:-1, max-image-preview:large, max-video-preview:-1\" \/>\n<link rel=\"canonical\" href=\"https:\/\/schroevendump.nl\/fr\/declaration-de-confidentialite-et-de-cookies\/\" \/>\n<meta property=\"og:locale\" content=\"fr_FR\" \/>\n<meta property=\"og:type\" content=\"article\" \/>\n<meta property=\"og:title\" content=\"D\u00e9claration de confidentialit\u00e9 et de cookies - Schroevendump\" \/>\n<meta property=\"og:description\" content=\"\u00c0 propos de notre politique de confidentialit\u00e9 schroevendump accorde une grande importance \u00e0 votre vie priv\u00e9e. Par cons\u00e9quent, nous traitons uniquement les donn\u00e9es dont nous avons besoin pour (am\u00e9liorer) nos services et nous traitons avec soin les informations que nous avons recueillies \u00e0 votre sujet et sur votre utilisation de nos services. Nous ne mettons [&hellip;]\" \/>\n<meta property=\"og:url\" content=\"https:\/\/schroevendump.nl\/fr\/declaration-de-confidentialite-et-de-cookies\/\" \/>\n<meta property=\"og:site_name\" content=\"Schroevendump\" \/>\n<meta name=\"twitter:card\" content=\"summary_large_image\" \/>\n<meta name=\"twitter:label1\" content=\"Dur\u00e9e de lecture estim\u00e9e\" \/>\n\t<meta name=\"twitter:data1\" content=\"12 minutes\" \/>\n<script type=\"application\/ld+json\" class=\"yoast-schema-graph\">{\"@context\":\"https:\/\/schema.org\",\"@graph\":[{\"@type\":\"WebPage\",\"@id\":\"https:\/\/schroevendump.nl\/fr\/declaration-de-confidentialite-et-de-cookies\/\",\"url\":\"https:\/\/schroevendump.nl\/fr\/declaration-de-confidentialite-et-de-cookies\/\",\"name\":\"D\u00e9claration de confidentialit\u00e9 et de cookies - Schroevendump\",\"isPartOf\":{\"@id\":\"https:\/\/schroevendump.nl\/fr\/#website\"},\"datePublished\":\"2024-08-27T11:16:35+00:00\",\"breadcrumb\":{\"@id\":\"https:\/\/schroevendump.nl\/fr\/declaration-de-confidentialite-et-de-cookies\/#breadcrumb\"},\"inLanguage\":\"fr-FR\",\"potentialAction\":[{\"@type\":\"ReadAction\",\"target\":[\"https:\/\/schroevendump.nl\/fr\/declaration-de-confidentialite-et-de-cookies\/\"]}]},{\"@type\":\"BreadcrumbList\",\"@id\":\"https:\/\/schroevendump.nl\/fr\/declaration-de-confidentialite-et-de-cookies\/#breadcrumb\",\"itemListElement\":[{\"@type\":\"ListItem\",\"position\":1,\"name\":\"Accueil\",\"item\":\"https:\/\/schroevendump.nl\/fr\/\"},{\"@type\":\"ListItem\",\"position\":2,\"name\":\"D\u00e9claration de confidentialit\u00e9 et de cookies\"}]},{\"@type\":\"WebSite\",\"@id\":\"https:\/\/schroevendump.nl\/fr\/#website\",\"url\":\"https:\/\/schroevendump.nl\/fr\/\",\"name\":\"Schroevendump\",\"description\":\"\",\"potentialAction\":[{\"@type\":\"SearchAction\",\"target\":{\"@type\":\"EntryPoint\",\"urlTemplate\":\"https:\/\/schroevendump.nl\/fr\/?s={search_term_string}\"},\"query-input\":{\"@type\":\"PropertyValueSpecification\",\"valueRequired\":true,\"valueName\":\"search_term_string\"}}],\"inLanguage\":\"fr-FR\"}]}<\/script>\n<!-- \/ Yoast SEO plugin. -->","yoast_head_json":{"title":"D\u00e9claration de confidentialit\u00e9 et de cookies - Schroevendump","robots":{"index":"index","follow":"follow","max-snippet":"max-snippet:-1","max-image-preview":"max-image-preview:large","max-video-preview":"max-video-preview:-1"},"canonical":"https:\/\/schroevendump.nl\/fr\/declaration-de-confidentialite-et-de-cookies\/","og_locale":"fr_FR","og_type":"article","og_title":"D\u00e9claration de confidentialit\u00e9 et de cookies - Schroevendump","og_description":"\u00c0 propos de notre politique de confidentialit\u00e9 schroevendump accorde une grande importance \u00e0 votre vie priv\u00e9e. Par cons\u00e9quent, nous traitons uniquement les donn\u00e9es dont nous avons besoin pour (am\u00e9liorer) nos services et nous traitons avec soin les informations que nous avons recueillies \u00e0 votre sujet et sur votre utilisation de nos services. Nous ne mettons [&hellip;]","og_url":"https:\/\/schroevendump.nl\/fr\/declaration-de-confidentialite-et-de-cookies\/","og_site_name":"Schroevendump","twitter_card":"summary_large_image","twitter_misc":{"Dur\u00e9e de lecture estim\u00e9e":"12 minutes"},"schema":{"@context":"https:\/\/schema.org","@graph":[{"@type":"WebPage","@id":"https:\/\/schroevendump.nl\/fr\/declaration-de-confidentialite-et-de-cookies\/","url":"https:\/\/schroevendump.nl\/fr\/declaration-de-confidentialite-et-de-cookies\/","name":"D\u00e9claration de confidentialit\u00e9 et de cookies - Schroevendump","isPartOf":{"@id":"https:\/\/schroevendump.nl\/fr\/#website"},"datePublished":"2024-08-27T11:16:35+00:00","breadcrumb":{"@id":"https:\/\/schroevendump.nl\/fr\/declaration-de-confidentialite-et-de-cookies\/#breadcrumb"},"inLanguage":"fr-FR","potentialAction":[{"@type":"ReadAction","target":["https:\/\/schroevendump.nl\/fr\/declaration-de-confidentialite-et-de-cookies\/"]}]},{"@type":"BreadcrumbList","@id":"https:\/\/schroevendump.nl\/fr\/declaration-de-confidentialite-et-de-cookies\/#breadcrumb","itemListElement":[{"@type":"ListItem","position":1,"name":"Accueil","item":"https:\/\/schroevendump.nl\/fr\/"},{"@type":"ListItem","position":2,"name":"D\u00e9claration de confidentialit\u00e9 et de cookies"}]},{"@type":"WebSite","@id":"https:\/\/schroevendump.nl\/fr\/#website","url":"https:\/\/schroevendump.nl\/fr\/","name":"Schroevendump","description":"","potentialAction":[{"@type":"SearchAction","target":{"@type":"EntryPoint","urlTemplate":"https:\/\/schroevendump.nl\/fr\/?s={search_term_string}"},"query-input":{"@type":"PropertyValueSpecification","valueRequired":true,"valueName":"search_term_string"}}],"inLanguage":"fr-FR"}]}},"_links":{"self":[{"href":"https:\/\/schroevendump.nl\/fr\/wp-json\/wp\/v2\/pages\/27307","targetHints":{"allow":["GET"]}}],"collection":[{"href":"https:\/\/schroevendump.nl\/fr\/wp-json\/wp\/v2\/pages"}],"about":[{"href":"https:\/\/schroevendump.nl\/fr\/wp-json\/wp\/v2\/types\/page"}],"author":[{"embeddable":true,"href":"https:\/\/schroevendump.nl\/fr\/wp-json\/wp\/v2\/users\/1"}],"replies":[{"embeddable":true,"href":"https:\/\/schroevendump.nl\/fr\/wp-json\/wp\/v2\/comments?post=27307"}],"version-history":[{"count":0,"href":"https:\/\/schroevendump.nl\/fr\/wp-json\/wp\/v2\/pages\/27307\/revisions"}],"wp:attachment":[{"href":"https:\/\/schroevendump.nl\/fr\/wp-json\/wp\/v2\/media?parent=27307"}],"curies":[{"name":"wp","href":"https:\/\/api.w.org\/{rel}","templated":true}]}}