{"id":26965,"date":"2024-10-25T21:24:31","date_gmt":"2024-10-25T21:24:31","guid":{"rendered":"https:\/\/schroevendump.nl\/product\/vis-a-tete-plate-75-x-122-tx-30-75-pieces\/"},"modified":"2025-12-10T11:11:50","modified_gmt":"2025-12-10T11:11:50","slug":"vis-a-tete-plate-75-x-122-tx-30-75-pieces","status":"publish","type":"product","link":"https:\/\/schroevendump.nl\/fr\/produit\/vis-a-tete-plate-75-x-122-tx-30-75-pieces\/","title":{"rendered":"Vis \u00e0 t\u00eate plate 7,5 x 122 TX-30 75 pi\u00e8ces"},"content":{"rendered":"<p>La vis dump Frame Screw est une vis zingu\u00e9e pour un montage efficace des cadres de fen\u00eatres sans l&#8217;utilisation de chevilles. Avec les vis pour cadres, vous r\u00e9alisez une fixation pratiquement sans tension, adapt\u00e9e \u00e0 des charges \u00e9lev\u00e9es. Pr\u00e9-percez le cadre et le mur et\/ou le b\u00e9ton. Pour l&#8217;installation de cadres de fen\u00eatres et de portes en bois.<br \/>\nLes versions \u00e0 t\u00eate plate conviennent aux cadres de fen\u00eatres en bois.<br \/>\nApr\u00e8s le per\u00e7age, la vis peut \u00eatre viss\u00e9e directement dans le mat\u00e9riau de construction solide ou perfor\u00e9.<br \/>\nGr\u00e2ce au filetage sp\u00e9cial continu des vis \u00e0 cadre screwdump, elles sont fix\u00e9es dans le mat\u00e9riau de construction sans tension et sans contrainte.   <\/p>\n<p><b>Application<\/b><br \/>\nMontage de cadres de fen\u00eatres en bois sans utilisation de chevilles<br \/>\nPour une utilisation int\u00e9rieure et ext\u00e9rieure.<\/p>\n","protected":false},"excerpt":{"rendered":"<p>La vis dump Frame Screw est une vis zingu\u00e9e pour un montage efficace des cadres de fen\u00eatres sans l&#8217;utilisation de chevilles. Avec les vis pour cadres, vous r\u00e9alisez une fixation pratiquement sans tension, adapt\u00e9e \u00e0 des charges \u00e9lev\u00e9es. Pr\u00e9-percez le cadre et le mur et\/ou le b\u00e9ton. Pour l&#8217;installation de cadres de fen\u00eatres et de [&hellip;]<\/p>\n","protected":false},"featured_media":26955,"comment_status":"closed","ping_status":"closed","template":"","meta":[],"product_brand":[],"product_cat":[500],"product_tag":[],"class_list":{"0":"post-26965","1":"product","2":"type-product","3":"status-publish","4":"has-post-thumbnail","6":"product_cat-vis-du-cadre","7":"pa_draad-filetage-complet","9":"first","10":"instock","11":"taxable","12":"shipping-taxable","13":"purchasable","14":"product-type-simple"},"supplier_id":null,"supplier_sku":"","barcode":null,"atum_controlled":true,"out_stock_date":null,"out_stock_threshold":null,"inheritable":false,"inbound_stock":0,"stock_on_hold":0,"sold_today":0,"sales_last_days":0,"reserved_stock":0,"customer_returns":0,"warehouse_damage":0,"lost_in_post":0,"other_logs":0,"out_stock_days":0,"lost_sales":0,"has_location":false,"update_date":"2026-04-04T01:00:06","atum_locations":[],"atum_stock_status":"instock","restock_status":false,"low_stock_amount":"","sales_update_date":"2026-04-04T01:00:06","calc_backorders":null,"acf":[],"yoast_head":"<!-- This site is optimized with the Yoast SEO plugin v26.6 - https:\/\/yoast.com\/wordpress\/plugins\/seo\/ -->\n<title>Vis \u00e0 t\u00eate plate 7,5 x 122 TX-30 75 pi\u00e8ces - Schroevendump<\/title>\n<meta name=\"robots\" content=\"index, follow, max-snippet:-1, max-image-preview:large, max-video-preview:-1\" \/>\n<link rel=\"canonical\" href=\"https:\/\/schroevendump.nl\/fr\/produit\/vis-a-tete-plate-75-x-122-tx-30-75-pieces\/\" \/>\n<meta property=\"og:locale\" content=\"fr_FR\" \/>\n<meta property=\"og:type\" content=\"article\" \/>\n<meta property=\"og:title\" content=\"Vis \u00e0 t\u00eate plate 7,5 x 122 TX-30 75 pi\u00e8ces - Schroevendump\" \/>\n<meta property=\"og:description\" content=\"La vis dump Frame Screw est une vis zingu\u00e9e pour un montage efficace des cadres de fen\u00eatres sans l&#8217;utilisation de chevilles. Avec les vis pour cadres, vous r\u00e9alisez une fixation pratiquement sans tension, adapt\u00e9e \u00e0 des charges \u00e9lev\u00e9es. Pr\u00e9-percez le cadre et le mur et\/ou le b\u00e9ton. Pour l&#8217;installation de cadres de fen\u00eatres et de [&hellip;]\" \/>\n<meta property=\"og:url\" content=\"https:\/\/schroevendump.nl\/fr\/produit\/vis-a-tete-plate-75-x-122-tx-30-75-pieces\/\" \/>\n<meta property=\"og:site_name\" content=\"Schroevendump\" \/>\n<meta property=\"article:modified_time\" content=\"2025-12-10T11:11:50+00:00\" \/>\n<meta property=\"og:image\" content=\"https:\/\/schroevendump.nl\/wp-content\/uploads\/2024\/08\/852-kozijnschroef-platkop-verzinkt.png\" \/>\n\t<meta property=\"og:image:width\" content=\"710\" \/>\n\t<meta property=\"og:image:height\" content=\"710\" \/>\n\t<meta property=\"og:image:type\" content=\"image\/png\" \/>\n<meta name=\"twitter:card\" content=\"summary_large_image\" \/>\n<meta name=\"twitter:label1\" content=\"Dur\u00e9e de lecture estim\u00e9e\" \/>\n\t<meta name=\"twitter:data1\" content=\"1 minute\" \/>\n<script type=\"application\/ld+json\" class=\"yoast-schema-graph\">{\"@context\":\"https:\/\/schema.org\",\"@graph\":[{\"@type\":\"WebPage\",\"@id\":\"https:\/\/schroevendump.nl\/fr\/produit\/vis-a-tete-plate-75-x-122-tx-30-75-pieces\/\",\"url\":\"https:\/\/schroevendump.nl\/fr\/produit\/vis-a-tete-plate-75-x-122-tx-30-75-pieces\/\",\"name\":\"Vis \u00e0 t\u00eate plate 7,5 x 122 TX-30 75 pi\u00e8ces - Schroevendump\",\"isPartOf\":{\"@id\":\"https:\/\/schroevendump.nl\/fr\/#website\"},\"primaryImageOfPage\":{\"@id\":\"https:\/\/schroevendump.nl\/fr\/produit\/vis-a-tete-plate-75-x-122-tx-30-75-pieces\/#primaryimage\"},\"image\":{\"@id\":\"https:\/\/schroevendump.nl\/fr\/produit\/vis-a-tete-plate-75-x-122-tx-30-75-pieces\/#primaryimage\"},\"thumbnailUrl\":\"https:\/\/schroevendump.nl\/wp-content\/uploads\/2024\/08\/852-kozijnschroef-platkop-verzinkt.png\",\"datePublished\":\"2024-10-25T21:24:31+00:00\",\"dateModified\":\"2025-12-10T11:11:50+00:00\",\"breadcrumb\":{\"@id\":\"https:\/\/schroevendump.nl\/fr\/produit\/vis-a-tete-plate-75-x-122-tx-30-75-pieces\/#breadcrumb\"},\"inLanguage\":\"fr-FR\",\"potentialAction\":[{\"@type\":\"ReadAction\",\"target\":[\"https:\/\/schroevendump.nl\/fr\/produit\/vis-a-tete-plate-75-x-122-tx-30-75-pieces\/\"]}]},{\"@type\":\"ImageObject\",\"inLanguage\":\"fr-FR\",\"@id\":\"https:\/\/schroevendump.nl\/fr\/produit\/vis-a-tete-plate-75-x-122-tx-30-75-pieces\/#primaryimage\",\"url\":\"https:\/\/schroevendump.nl\/wp-content\/uploads\/2024\/08\/852-kozijnschroef-platkop-verzinkt.png\",\"contentUrl\":\"https:\/\/schroevendump.nl\/wp-content\/uploads\/2024\/08\/852-kozijnschroef-platkop-verzinkt.png\",\"width\":710,\"height\":710,\"caption\":\"cadre de fen\u00eatre vis vis cadre de fen\u00eatre en plastique\"},{\"@type\":\"BreadcrumbList\",\"@id\":\"https:\/\/schroevendump.nl\/fr\/produit\/vis-a-tete-plate-75-x-122-tx-30-75-pieces\/#breadcrumb\",\"itemListElement\":[{\"@type\":\"ListItem\",\"position\":1,\"name\":\"Accueil\",\"item\":\"https:\/\/schroevendump.nl\/fr\/\"},{\"@type\":\"ListItem\",\"position\":2,\"name\":\"Boutique\",\"item\":\"https:\/\/schroevendump.nl\/fr\/boutique\/\"},{\"@type\":\"ListItem\",\"position\":3,\"name\":\"Vis \u00e0 t\u00eate plate 7,5 x 122 TX-30 75 pi\u00e8ces\"}]},{\"@type\":\"WebSite\",\"@id\":\"https:\/\/schroevendump.nl\/fr\/#website\",\"url\":\"https:\/\/schroevendump.nl\/fr\/\",\"name\":\"Schroevendump\",\"description\":\"\",\"potentialAction\":[{\"@type\":\"SearchAction\",\"target\":{\"@type\":\"EntryPoint\",\"urlTemplate\":\"https:\/\/schroevendump.nl\/fr\/?s={search_term_string}\"},\"query-input\":{\"@type\":\"PropertyValueSpecification\",\"valueRequired\":true,\"valueName\":\"search_term_string\"}}],\"inLanguage\":\"fr-FR\"}]}<\/script>\n<!-- \/ Yoast SEO plugin. -->","yoast_head_json":{"title":"Vis \u00e0 t\u00eate plate 7,5 x 122 TX-30 75 pi\u00e8ces - Schroevendump","robots":{"index":"index","follow":"follow","max-snippet":"max-snippet:-1","max-image-preview":"max-image-preview:large","max-video-preview":"max-video-preview:-1"},"canonical":"https:\/\/schroevendump.nl\/fr\/produit\/vis-a-tete-plate-75-x-122-tx-30-75-pieces\/","og_locale":"fr_FR","og_type":"article","og_title":"Vis \u00e0 t\u00eate plate 7,5 x 122 TX-30 75 pi\u00e8ces - Schroevendump","og_description":"La vis dump Frame Screw est une vis zingu\u00e9e pour un montage efficace des cadres de fen\u00eatres sans l&#8217;utilisation de chevilles. Avec les vis pour cadres, vous r\u00e9alisez une fixation pratiquement sans tension, adapt\u00e9e \u00e0 des charges \u00e9lev\u00e9es. Pr\u00e9-percez le cadre et le mur et\/ou le b\u00e9ton. Pour l&#8217;installation de cadres de fen\u00eatres et de [&hellip;]","og_url":"https:\/\/schroevendump.nl\/fr\/produit\/vis-a-tete-plate-75-x-122-tx-30-75-pieces\/","og_site_name":"Schroevendump","article_modified_time":"2025-12-10T11:11:50+00:00","og_image":[{"width":710,"height":710,"url":"https:\/\/schroevendump.nl\/wp-content\/uploads\/2024\/08\/852-kozijnschroef-platkop-verzinkt.png","type":"image\/png"}],"twitter_card":"summary_large_image","twitter_misc":{"Dur\u00e9e de lecture estim\u00e9e":"1 minute"},"schema":{"@context":"https:\/\/schema.org","@graph":[{"@type":"WebPage","@id":"https:\/\/schroevendump.nl\/fr\/produit\/vis-a-tete-plate-75-x-122-tx-30-75-pieces\/","url":"https:\/\/schroevendump.nl\/fr\/produit\/vis-a-tete-plate-75-x-122-tx-30-75-pieces\/","name":"Vis \u00e0 t\u00eate plate 7,5 x 122 TX-30 75 pi\u00e8ces - Schroevendump","isPartOf":{"@id":"https:\/\/schroevendump.nl\/fr\/#website"},"primaryImageOfPage":{"@id":"https:\/\/schroevendump.nl\/fr\/produit\/vis-a-tete-plate-75-x-122-tx-30-75-pieces\/#primaryimage"},"image":{"@id":"https:\/\/schroevendump.nl\/fr\/produit\/vis-a-tete-plate-75-x-122-tx-30-75-pieces\/#primaryimage"},"thumbnailUrl":"https:\/\/schroevendump.nl\/wp-content\/uploads\/2024\/08\/852-kozijnschroef-platkop-verzinkt.png","datePublished":"2024-10-25T21:24:31+00:00","dateModified":"2025-12-10T11:11:50+00:00","breadcrumb":{"@id":"https:\/\/schroevendump.nl\/fr\/produit\/vis-a-tete-plate-75-x-122-tx-30-75-pieces\/#breadcrumb"},"inLanguage":"fr-FR","potentialAction":[{"@type":"ReadAction","target":["https:\/\/schroevendump.nl\/fr\/produit\/vis-a-tete-plate-75-x-122-tx-30-75-pieces\/"]}]},{"@type":"ImageObject","inLanguage":"fr-FR","@id":"https:\/\/schroevendump.nl\/fr\/produit\/vis-a-tete-plate-75-x-122-tx-30-75-pieces\/#primaryimage","url":"https:\/\/schroevendump.nl\/wp-content\/uploads\/2024\/08\/852-kozijnschroef-platkop-verzinkt.png","contentUrl":"https:\/\/schroevendump.nl\/wp-content\/uploads\/2024\/08\/852-kozijnschroef-platkop-verzinkt.png","width":710,"height":710,"caption":"cadre de fen\u00eatre vis vis cadre de fen\u00eatre en plastique"},{"@type":"BreadcrumbList","@id":"https:\/\/schroevendump.nl\/fr\/produit\/vis-a-tete-plate-75-x-122-tx-30-75-pieces\/#breadcrumb","itemListElement":[{"@type":"ListItem","position":1,"name":"Accueil","item":"https:\/\/schroevendump.nl\/fr\/"},{"@type":"ListItem","position":2,"name":"Boutique","item":"https:\/\/schroevendump.nl\/fr\/boutique\/"},{"@type":"ListItem","position":3,"name":"Vis \u00e0 t\u00eate plate 7,5 x 122 TX-30 75 pi\u00e8ces"}]},{"@type":"WebSite","@id":"https:\/\/schroevendump.nl\/fr\/#website","url":"https:\/\/schroevendump.nl\/fr\/","name":"Schroevendump","description":"","potentialAction":[{"@type":"SearchAction","target":{"@type":"EntryPoint","urlTemplate":"https:\/\/schroevendump.nl\/fr\/?s={search_term_string}"},"query-input":{"@type":"PropertyValueSpecification","valueRequired":true,"valueName":"search_term_string"}}],"inLanguage":"fr-FR"}]}},"_links":{"self":[{"href":"https:\/\/schroevendump.nl\/fr\/wp-json\/wp\/v2\/product\/26965","targetHints":{"allow":["GET"]}}],"collection":[{"href":"https:\/\/schroevendump.nl\/fr\/wp-json\/wp\/v2\/product"}],"about":[{"href":"https:\/\/schroevendump.nl\/fr\/wp-json\/wp\/v2\/types\/product"}],"replies":[{"embeddable":true,"href":"https:\/\/schroevendump.nl\/fr\/wp-json\/wp\/v2\/comments?post=26965"}],"wp:featuredmedia":[{"embeddable":true,"href":"https:\/\/schroevendump.nl\/fr\/wp-json\/wp\/v2\/media\/26955"}],"wp:attachment":[{"href":"https:\/\/schroevendump.nl\/fr\/wp-json\/wp\/v2\/media?parent=26965"}],"wp:term":[{"taxonomy":"product_brand","embeddable":true,"href":"https:\/\/schroevendump.nl\/fr\/wp-json\/wp\/v2\/product_brand?post=26965"},{"taxonomy":"product_cat","embeddable":true,"href":"https:\/\/schroevendump.nl\/fr\/wp-json\/wp\/v2\/product_cat?post=26965"},{"taxonomy":"product_tag","embeddable":true,"href":"https:\/\/schroevendump.nl\/fr\/wp-json\/wp\/v2\/product_tag?post=26965"}],"curies":[{"name":"wp","href":"https:\/\/api.w.org\/{rel}","templated":true}]}}