{"id":26994,"date":"2024-10-25T20:07:22","date_gmt":"2024-10-25T20:07:22","guid":{"rendered":"https:\/\/schroevendump.nl\/product\/vis-decartement-6-0-x-100-20-tx-25-50pcs\/"},"modified":"2026-04-01T07:44:39","modified_gmt":"2026-04-01T07:44:39","slug":"vis-decartement-6-0-x-100-20-tx-25-50pcs","status":"publish","type":"product","link":"https:\/\/schroevendump.nl\/fr\/produit\/vis-decartement-6-0-x-100-20-tx-25-50pcs\/","title":{"rendered":"vis d&#8217;\u00e9cartement 6.0 x 100\/20 TX-25 50pcs"},"content":{"rendered":"<p>Les vis d&#8217;\u00e9cartement de Schroevendump vous permettent de positionner et d&#8217;aligner de mani\u00e8re flexible diff\u00e9rentes fixations en bois. La vis est sp\u00e9cialement con\u00e7ue pour relier deux surfaces avec un espace (vide) entre elles. Cette vis d&#8217;\u00e9cartement de Schroevendump est fabriqu\u00e9e en acier galvanis\u00e9 et dispose d&#8217;un entra\u00eenement Torx. La vis d&#8217;\u00e9cartement convient notamment \u00e0 la fixation de cadres de portes et de fen\u00eatres, de plafonds et de mat\u00e9riaux d&#8217;isolation. En outre, la vis d&#8217;\u00e9cartement peut \u00eatre utilis\u00e9e pour la fixation et l&#8217;ajustement des cuisines. Les vis d&#8217;\u00e9cartement de Schroevendump sont faciles \u00e0 utiliser.     <\/p>\n<p><b>Application<\/b><br \/>\nMontage et r\u00e9glage \u00e0 distance de 2 \u00e9l\u00e9ments.<\/p>\n","protected":false},"excerpt":{"rendered":"<p>Les vis d&#8217;\u00e9cartement de Schroevendump vous permettent de positionner et d&#8217;aligner de mani\u00e8re flexible diff\u00e9rentes fixations en bois. La vis est sp\u00e9cialement con\u00e7ue pour relier deux surfaces avec un espace (vide) entre elles. Cette vis d&#8217;\u00e9cartement de Schroevendump est fabriqu\u00e9e en acier galvanis\u00e9 et dispose d&#8217;un entra\u00eenement Torx. La vis d&#8217;\u00e9cartement convient notamment \u00e0 la [&hellip;]<\/p>\n","protected":false},"featured_media":29533,"comment_status":"closed","ping_status":"closed","template":"","meta":[],"product_brand":[],"product_cat":[526,527],"product_tag":[],"class_list":{"0":"post-26994","1":"product","2":"type-product","3":"status-publish","4":"has-post-thumbnail","6":"product_cat-vis-decartement","7":"product_cat-vis","8":"pa_draad-filetage-partiel","10":"first","11":"instock","12":"taxable","13":"shipping-taxable","14":"purchasable","15":"product-type-simple"},"supplier_id":null,"supplier_sku":"","barcode":null,"atum_controlled":true,"out_stock_date":null,"out_stock_threshold":null,"inheritable":false,"inbound_stock":0,"stock_on_hold":1,"sold_today":1,"sales_last_days":6,"reserved_stock":0,"customer_returns":0,"warehouse_damage":0,"lost_in_post":0,"other_logs":0,"out_stock_days":0,"lost_sales":0,"has_location":false,"update_date":"2026-04-18T14:34:53","atum_locations":[],"atum_stock_status":"instock","restock_status":false,"low_stock_amount":"","sales_update_date":"2026-04-18T14:34:53","calc_backorders":null,"acf":[],"yoast_head":"<!-- This site is optimized with the Yoast SEO plugin v26.6 - https:\/\/yoast.com\/wordpress\/plugins\/seo\/ -->\n<title>vis d&#039;\u00e9cartement 6.0 x 100\/20 TX-25 50pcs - Schroevendump<\/title>\n<meta name=\"robots\" content=\"index, follow, max-snippet:-1, max-image-preview:large, max-video-preview:-1\" \/>\n<link rel=\"canonical\" href=\"https:\/\/schroevendump.nl\/fr\/produit\/vis-decartement-6-0-x-100-20-tx-25-50pcs\/\" \/>\n<meta property=\"og:locale\" content=\"fr_FR\" \/>\n<meta property=\"og:type\" content=\"article\" \/>\n<meta property=\"og:title\" content=\"vis d&#039;\u00e9cartement 6.0 x 100\/20 TX-25 50pcs - Schroevendump\" \/>\n<meta property=\"og:description\" content=\"Les vis d&#8217;\u00e9cartement de Schroevendump vous permettent de positionner et d&#8217;aligner de mani\u00e8re flexible diff\u00e9rentes fixations en bois. La vis est sp\u00e9cialement con\u00e7ue pour relier deux surfaces avec un espace (vide) entre elles. Cette vis d&#8217;\u00e9cartement de Schroevendump est fabriqu\u00e9e en acier galvanis\u00e9 et dispose d&#8217;un entra\u00eenement Torx. La vis d&#8217;\u00e9cartement convient notamment \u00e0 la [&hellip;]\" \/>\n<meta property=\"og:url\" content=\"https:\/\/schroevendump.nl\/fr\/produit\/vis-decartement-6-0-x-100-20-tx-25-50pcs\/\" \/>\n<meta property=\"og:site_name\" content=\"Schroevendump\" \/>\n<meta property=\"article:modified_time\" content=\"2026-04-01T07:44:39+00:00\" \/>\n<meta property=\"og:image\" content=\"https:\/\/schroevendump.nl\/wp-content\/uploads\/2024\/08\/afstandschroef-Schroecvendump.png\" \/>\n\t<meta property=\"og:image:width\" content=\"710\" \/>\n\t<meta property=\"og:image:height\" content=\"710\" \/>\n\t<meta property=\"og:image:type\" content=\"image\/png\" \/>\n<meta name=\"twitter:card\" content=\"summary_large_image\" \/>\n<meta name=\"twitter:label1\" content=\"Dur\u00e9e de lecture estim\u00e9e\" \/>\n\t<meta name=\"twitter:data1\" content=\"1 minute\" \/>\n<script type=\"application\/ld+json\" class=\"yoast-schema-graph\">{\"@context\":\"https:\/\/schema.org\",\"@graph\":[{\"@type\":\"WebPage\",\"@id\":\"https:\/\/schroevendump.nl\/fr\/produit\/vis-decartement-6-0-x-100-20-tx-25-50pcs\/\",\"url\":\"https:\/\/schroevendump.nl\/fr\/produit\/vis-decartement-6-0-x-100-20-tx-25-50pcs\/\",\"name\":\"vis d'\u00e9cartement 6.0 x 100\/20 TX-25 50pcs - Schroevendump\",\"isPartOf\":{\"@id\":\"https:\/\/schroevendump.nl\/fr\/#website\"},\"primaryImageOfPage\":{\"@id\":\"https:\/\/schroevendump.nl\/fr\/produit\/vis-decartement-6-0-x-100-20-tx-25-50pcs\/#primaryimage\"},\"image\":{\"@id\":\"https:\/\/schroevendump.nl\/fr\/produit\/vis-decartement-6-0-x-100-20-tx-25-50pcs\/#primaryimage\"},\"thumbnailUrl\":\"https:\/\/schroevendump.nl\/wp-content\/uploads\/2024\/08\/afstandschroef-Schroecvendump.png\",\"datePublished\":\"2024-10-25T20:07:22+00:00\",\"dateModified\":\"2026-04-01T07:44:39+00:00\",\"breadcrumb\":{\"@id\":\"https:\/\/schroevendump.nl\/fr\/produit\/vis-decartement-6-0-x-100-20-tx-25-50pcs\/#breadcrumb\"},\"inLanguage\":\"fr-FR\",\"potentialAction\":[{\"@type\":\"ReadAction\",\"target\":[\"https:\/\/schroevendump.nl\/fr\/produit\/vis-decartement-6-0-x-100-20-tx-25-50pcs\/\"]}]},{\"@type\":\"ImageObject\",\"inLanguage\":\"fr-FR\",\"@id\":\"https:\/\/schroevendump.nl\/fr\/produit\/vis-decartement-6-0-x-100-20-tx-25-50pcs\/#primaryimage\",\"url\":\"https:\/\/schroevendump.nl\/wp-content\/uploads\/2024\/08\/afstandschroef-Schroecvendump.png\",\"contentUrl\":\"https:\/\/schroevendump.nl\/wp-content\/uploads\/2024\/08\/afstandschroef-Schroecvendump.png\",\"width\":710,\"height\":710,\"caption\":\"vis d'\u00e9cartement vis de r\u00e9glage\"},{\"@type\":\"BreadcrumbList\",\"@id\":\"https:\/\/schroevendump.nl\/fr\/produit\/vis-decartement-6-0-x-100-20-tx-25-50pcs\/#breadcrumb\",\"itemListElement\":[{\"@type\":\"ListItem\",\"position\":1,\"name\":\"Accueil\",\"item\":\"https:\/\/schroevendump.nl\/fr\/\"},{\"@type\":\"ListItem\",\"position\":2,\"name\":\"Boutique\",\"item\":\"https:\/\/schroevendump.nl\/fr\/boutique\/\"},{\"@type\":\"ListItem\",\"position\":3,\"name\":\"vis d&#8217;\u00e9cartement 6.0 x 100\/20 TX-25 50pcs\"}]},{\"@type\":\"WebSite\",\"@id\":\"https:\/\/schroevendump.nl\/fr\/#website\",\"url\":\"https:\/\/schroevendump.nl\/fr\/\",\"name\":\"Schroevendump\",\"description\":\"\",\"potentialAction\":[{\"@type\":\"SearchAction\",\"target\":{\"@type\":\"EntryPoint\",\"urlTemplate\":\"https:\/\/schroevendump.nl\/fr\/?s={search_term_string}\"},\"query-input\":{\"@type\":\"PropertyValueSpecification\",\"valueRequired\":true,\"valueName\":\"search_term_string\"}}],\"inLanguage\":\"fr-FR\"}]}<\/script>\n<!-- \/ Yoast SEO plugin. -->","yoast_head_json":{"title":"vis d'\u00e9cartement 6.0 x 100\/20 TX-25 50pcs - Schroevendump","robots":{"index":"index","follow":"follow","max-snippet":"max-snippet:-1","max-image-preview":"max-image-preview:large","max-video-preview":"max-video-preview:-1"},"canonical":"https:\/\/schroevendump.nl\/fr\/produit\/vis-decartement-6-0-x-100-20-tx-25-50pcs\/","og_locale":"fr_FR","og_type":"article","og_title":"vis d'\u00e9cartement 6.0 x 100\/20 TX-25 50pcs - Schroevendump","og_description":"Les vis d&#8217;\u00e9cartement de Schroevendump vous permettent de positionner et d&#8217;aligner de mani\u00e8re flexible diff\u00e9rentes fixations en bois. La vis est sp\u00e9cialement con\u00e7ue pour relier deux surfaces avec un espace (vide) entre elles. Cette vis d&#8217;\u00e9cartement de Schroevendump est fabriqu\u00e9e en acier galvanis\u00e9 et dispose d&#8217;un entra\u00eenement Torx. La vis d&#8217;\u00e9cartement convient notamment \u00e0 la [&hellip;]","og_url":"https:\/\/schroevendump.nl\/fr\/produit\/vis-decartement-6-0-x-100-20-tx-25-50pcs\/","og_site_name":"Schroevendump","article_modified_time":"2026-04-01T07:44:39+00:00","og_image":[{"width":710,"height":710,"url":"https:\/\/schroevendump.nl\/wp-content\/uploads\/2024\/08\/afstandschroef-Schroecvendump.png","type":"image\/png"}],"twitter_card":"summary_large_image","twitter_misc":{"Dur\u00e9e de lecture estim\u00e9e":"1 minute"},"schema":{"@context":"https:\/\/schema.org","@graph":[{"@type":"WebPage","@id":"https:\/\/schroevendump.nl\/fr\/produit\/vis-decartement-6-0-x-100-20-tx-25-50pcs\/","url":"https:\/\/schroevendump.nl\/fr\/produit\/vis-decartement-6-0-x-100-20-tx-25-50pcs\/","name":"vis d'\u00e9cartement 6.0 x 100\/20 TX-25 50pcs - Schroevendump","isPartOf":{"@id":"https:\/\/schroevendump.nl\/fr\/#website"},"primaryImageOfPage":{"@id":"https:\/\/schroevendump.nl\/fr\/produit\/vis-decartement-6-0-x-100-20-tx-25-50pcs\/#primaryimage"},"image":{"@id":"https:\/\/schroevendump.nl\/fr\/produit\/vis-decartement-6-0-x-100-20-tx-25-50pcs\/#primaryimage"},"thumbnailUrl":"https:\/\/schroevendump.nl\/wp-content\/uploads\/2024\/08\/afstandschroef-Schroecvendump.png","datePublished":"2024-10-25T20:07:22+00:00","dateModified":"2026-04-01T07:44:39+00:00","breadcrumb":{"@id":"https:\/\/schroevendump.nl\/fr\/produit\/vis-decartement-6-0-x-100-20-tx-25-50pcs\/#breadcrumb"},"inLanguage":"fr-FR","potentialAction":[{"@type":"ReadAction","target":["https:\/\/schroevendump.nl\/fr\/produit\/vis-decartement-6-0-x-100-20-tx-25-50pcs\/"]}]},{"@type":"ImageObject","inLanguage":"fr-FR","@id":"https:\/\/schroevendump.nl\/fr\/produit\/vis-decartement-6-0-x-100-20-tx-25-50pcs\/#primaryimage","url":"https:\/\/schroevendump.nl\/wp-content\/uploads\/2024\/08\/afstandschroef-Schroecvendump.png","contentUrl":"https:\/\/schroevendump.nl\/wp-content\/uploads\/2024\/08\/afstandschroef-Schroecvendump.png","width":710,"height":710,"caption":"vis d'\u00e9cartement vis de r\u00e9glage"},{"@type":"BreadcrumbList","@id":"https:\/\/schroevendump.nl\/fr\/produit\/vis-decartement-6-0-x-100-20-tx-25-50pcs\/#breadcrumb","itemListElement":[{"@type":"ListItem","position":1,"name":"Accueil","item":"https:\/\/schroevendump.nl\/fr\/"},{"@type":"ListItem","position":2,"name":"Boutique","item":"https:\/\/schroevendump.nl\/fr\/boutique\/"},{"@type":"ListItem","position":3,"name":"vis d&#8217;\u00e9cartement 6.0 x 100\/20 TX-25 50pcs"}]},{"@type":"WebSite","@id":"https:\/\/schroevendump.nl\/fr\/#website","url":"https:\/\/schroevendump.nl\/fr\/","name":"Schroevendump","description":"","potentialAction":[{"@type":"SearchAction","target":{"@type":"EntryPoint","urlTemplate":"https:\/\/schroevendump.nl\/fr\/?s={search_term_string}"},"query-input":{"@type":"PropertyValueSpecification","valueRequired":true,"valueName":"search_term_string"}}],"inLanguage":"fr-FR"}]}},"_links":{"self":[{"href":"https:\/\/schroevendump.nl\/fr\/wp-json\/wp\/v2\/product\/26994","targetHints":{"allow":["GET"]}}],"collection":[{"href":"https:\/\/schroevendump.nl\/fr\/wp-json\/wp\/v2\/product"}],"about":[{"href":"https:\/\/schroevendump.nl\/fr\/wp-json\/wp\/v2\/types\/product"}],"replies":[{"embeddable":true,"href":"https:\/\/schroevendump.nl\/fr\/wp-json\/wp\/v2\/comments?post=26994"}],"wp:featuredmedia":[{"embeddable":true,"href":"https:\/\/schroevendump.nl\/fr\/wp-json\/wp\/v2\/media\/29533"}],"wp:attachment":[{"href":"https:\/\/schroevendump.nl\/fr\/wp-json\/wp\/v2\/media?parent=26994"}],"wp:term":[{"taxonomy":"product_brand","embeddable":true,"href":"https:\/\/schroevendump.nl\/fr\/wp-json\/wp\/v2\/product_brand?post=26994"},{"taxonomy":"product_cat","embeddable":true,"href":"https:\/\/schroevendump.nl\/fr\/wp-json\/wp\/v2\/product_cat?post=26994"},{"taxonomy":"product_tag","embeddable":true,"href":"https:\/\/schroevendump.nl\/fr\/wp-json\/wp\/v2\/product_tag?post=26994"}],"curies":[{"name":"wp","href":"https:\/\/api.w.org\/{rel}","templated":true}]}}