{"id":27111,"date":"2024-10-26T18:45:10","date_gmt":"2024-10-26T18:45:10","guid":{"rendered":"https:\/\/schroevendump.nl\/product\/vis-de-cadre-de-vis-75-x-212-culasse-75-pieces-tx-30\/"},"modified":"2025-12-10T11:05:50","modified_gmt":"2025-12-10T11:05:50","slug":"vis-de-cadre-de-vis-75-x-212-culasse-75-pieces-tx-30","status":"publish","type":"product","link":"https:\/\/schroevendump.nl\/fr\/produit\/vis-de-cadre-de-vis-75-x-212-culasse-75-pieces-tx-30\/","title":{"rendered":"Vis de cadre de vis 7,5 x 212 culasse 75 pi\u00e8ces TX-30"},"content":{"rendered":"<p>La vis d&#8217;encadrement screwdump est une vis galvanis\u00e9e pour un montage efficace des cadres de fen\u00eatres sans l&#8217;utilisation de chevilles. Avec les vis \u00e0 cadre screwdump, vous r\u00e9alisez une fixation pratiquement sans tension, adapt\u00e9e aux charges \u00e9lev\u00e9es. Convient \u00e0 tous les mat\u00e9riaux de construction et d&#8217;encadrement courants. Pr\u00e9-percez le cadre et le mur et\/ou le b\u00e9ton avec une m\u00e8che de 6 mm. Pour le montage de cadres de fen\u00eatres et de portes en bois et en plastique. Les versions avec t\u00eate cylindrique conviennent aux cadres de fen\u00eatres en bois et en plastique.<br \/>\nApr\u00e8s le per\u00e7age, la vis peut \u00eatre viss\u00e9e directement dans le mat\u00e9riau de construction solide ou perfor\u00e9.<br \/>\nGr\u00e2ce au filetage sp\u00e9cial continu des vis pour cadres screwdump, la fixation dans le mat\u00e9riau de construction est exempte de tension et de d\u00e9formation.     <\/p>\n<p><b>Application<\/b><br \/>\nMontage de cadres de fen\u00eatres en bois et en plastique <b>sans<\/b> utilisation de chevilles<br \/>\nUtilisation en int\u00e9rieur et en ext\u00e9rieur.<\/p>\n","protected":false},"excerpt":{"rendered":"<p>La vis d&#8217;encadrement screwdump est une vis galvanis\u00e9e pour un montage efficace des cadres de fen\u00eatres sans l&#8217;utilisation de chevilles. Avec les vis \u00e0 cadre screwdump, vous r\u00e9alisez une fixation pratiquement sans tension, adapt\u00e9e aux charges \u00e9lev\u00e9es. Convient \u00e0 tous les mat\u00e9riaux de construction et d&#8217;encadrement courants. Pr\u00e9-percez le cadre et le mur et\/ou le [&hellip;]<\/p>\n","protected":false},"featured_media":27113,"comment_status":"closed","ping_status":"closed","template":"","meta":[],"product_brand":[],"product_cat":[500],"product_tag":[],"class_list":{"0":"post-27111","1":"product","2":"type-product","3":"status-publish","4":"has-post-thumbnail","6":"product_cat-vis-du-cadre","7":"pa_draad-filetage-complet","9":"first","10":"instock","11":"taxable","12":"shipping-taxable","13":"purchasable","14":"product-type-simple"},"supplier_id":null,"supplier_sku":"","barcode":null,"atum_controlled":true,"out_stock_date":null,"out_stock_threshold":null,"inheritable":false,"inbound_stock":0,"stock_on_hold":0,"sold_today":0,"sales_last_days":0,"reserved_stock":0,"customer_returns":0,"warehouse_damage":0,"lost_in_post":0,"other_logs":0,"out_stock_days":0,"lost_sales":0,"has_location":false,"update_date":"2026-04-04T00:56:34","atum_locations":[],"atum_stock_status":"instock","restock_status":false,"low_stock_amount":"","sales_update_date":"2026-04-04T00:56:34","calc_backorders":null,"acf":[],"yoast_head":"<!-- This site is optimized with the Yoast SEO plugin v26.6 - https:\/\/yoast.com\/wordpress\/plugins\/seo\/ -->\n<title>Vis de cadre de vis 7,5 x 212 culasse 75 pi\u00e8ces TX-30 - Schroevendump<\/title>\n<meta name=\"robots\" content=\"index, follow, max-snippet:-1, max-image-preview:large, max-video-preview:-1\" \/>\n<link rel=\"canonical\" href=\"https:\/\/schroevendump.nl\/fr\/produit\/vis-de-cadre-de-vis-75-x-212-culasse-75-pieces-tx-30\/\" \/>\n<meta property=\"og:locale\" content=\"fr_FR\" \/>\n<meta property=\"og:type\" content=\"article\" \/>\n<meta property=\"og:title\" content=\"Vis de cadre de vis 7,5 x 212 culasse 75 pi\u00e8ces TX-30 - Schroevendump\" \/>\n<meta property=\"og:description\" content=\"La vis d&#8217;encadrement screwdump est une vis galvanis\u00e9e pour un montage efficace des cadres de fen\u00eatres sans l&#8217;utilisation de chevilles. Avec les vis \u00e0 cadre screwdump, vous r\u00e9alisez une fixation pratiquement sans tension, adapt\u00e9e aux charges \u00e9lev\u00e9es. Convient \u00e0 tous les mat\u00e9riaux de construction et d&#8217;encadrement courants. Pr\u00e9-percez le cadre et le mur et\/ou le [&hellip;]\" \/>\n<meta property=\"og:url\" content=\"https:\/\/schroevendump.nl\/fr\/produit\/vis-de-cadre-de-vis-75-x-212-culasse-75-pieces-tx-30\/\" \/>\n<meta property=\"og:site_name\" content=\"Schroevendump\" \/>\n<meta property=\"article:modified_time\" content=\"2025-12-10T11:05:50+00:00\" \/>\n<meta property=\"og:image\" content=\"https:\/\/schroevendump.nl\/wp-content\/uploads\/2024\/08\/853-kozijnschroef-cylinderkop-verzinkt.png\" \/>\n\t<meta property=\"og:image:width\" content=\"710\" \/>\n\t<meta property=\"og:image:height\" content=\"710\" \/>\n\t<meta property=\"og:image:type\" content=\"image\/png\" \/>\n<meta name=\"twitter:card\" content=\"summary_large_image\" \/>\n<meta name=\"twitter:label1\" content=\"Dur\u00e9e de lecture estim\u00e9e\" \/>\n\t<meta name=\"twitter:data1\" content=\"1 minute\" \/>\n<script type=\"application\/ld+json\" class=\"yoast-schema-graph\">{\"@context\":\"https:\/\/schema.org\",\"@graph\":[{\"@type\":\"WebPage\",\"@id\":\"https:\/\/schroevendump.nl\/fr\/produit\/vis-de-cadre-de-vis-75-x-212-culasse-75-pieces-tx-30\/\",\"url\":\"https:\/\/schroevendump.nl\/fr\/produit\/vis-de-cadre-de-vis-75-x-212-culasse-75-pieces-tx-30\/\",\"name\":\"Vis de cadre de vis 7,5 x 212 culasse 75 pi\u00e8ces TX-30 - Schroevendump\",\"isPartOf\":{\"@id\":\"https:\/\/schroevendump.nl\/fr\/#website\"},\"primaryImageOfPage\":{\"@id\":\"https:\/\/schroevendump.nl\/fr\/produit\/vis-de-cadre-de-vis-75-x-212-culasse-75-pieces-tx-30\/#primaryimage\"},\"image\":{\"@id\":\"https:\/\/schroevendump.nl\/fr\/produit\/vis-de-cadre-de-vis-75-x-212-culasse-75-pieces-tx-30\/#primaryimage\"},\"thumbnailUrl\":\"https:\/\/schroevendump.nl\/wp-content\/uploads\/2024\/08\/853-kozijnschroef-cylinderkop-verzinkt.png\",\"datePublished\":\"2024-10-26T18:45:10+00:00\",\"dateModified\":\"2025-12-10T11:05:50+00:00\",\"breadcrumb\":{\"@id\":\"https:\/\/schroevendump.nl\/fr\/produit\/vis-de-cadre-de-vis-75-x-212-culasse-75-pieces-tx-30\/#breadcrumb\"},\"inLanguage\":\"fr-FR\",\"potentialAction\":[{\"@type\":\"ReadAction\",\"target\":[\"https:\/\/schroevendump.nl\/fr\/produit\/vis-de-cadre-de-vis-75-x-212-culasse-75-pieces-tx-30\/\"]}]},{\"@type\":\"ImageObject\",\"inLanguage\":\"fr-FR\",\"@id\":\"https:\/\/schroevendump.nl\/fr\/produit\/vis-de-cadre-de-vis-75-x-212-culasse-75-pieces-tx-30\/#primaryimage\",\"url\":\"https:\/\/schroevendump.nl\/wp-content\/uploads\/2024\/08\/853-kozijnschroef-cylinderkop-verzinkt.png\",\"contentUrl\":\"https:\/\/schroevendump.nl\/wp-content\/uploads\/2024\/08\/853-kozijnschroef-cylinderkop-verzinkt.png\",\"width\":710,\"height\":710,\"caption\":\"vis pour le cadre de la fen\u00eatre\"},{\"@type\":\"BreadcrumbList\",\"@id\":\"https:\/\/schroevendump.nl\/fr\/produit\/vis-de-cadre-de-vis-75-x-212-culasse-75-pieces-tx-30\/#breadcrumb\",\"itemListElement\":[{\"@type\":\"ListItem\",\"position\":1,\"name\":\"Accueil\",\"item\":\"https:\/\/schroevendump.nl\/fr\/\"},{\"@type\":\"ListItem\",\"position\":2,\"name\":\"Boutique\",\"item\":\"https:\/\/schroevendump.nl\/fr\/boutique\/\"},{\"@type\":\"ListItem\",\"position\":3,\"name\":\"Vis de cadre de vis 7,5 x 212 culasse 75 pi\u00e8ces TX-30\"}]},{\"@type\":\"WebSite\",\"@id\":\"https:\/\/schroevendump.nl\/fr\/#website\",\"url\":\"https:\/\/schroevendump.nl\/fr\/\",\"name\":\"Schroevendump\",\"description\":\"\",\"potentialAction\":[{\"@type\":\"SearchAction\",\"target\":{\"@type\":\"EntryPoint\",\"urlTemplate\":\"https:\/\/schroevendump.nl\/fr\/?s={search_term_string}\"},\"query-input\":{\"@type\":\"PropertyValueSpecification\",\"valueRequired\":true,\"valueName\":\"search_term_string\"}}],\"inLanguage\":\"fr-FR\"}]}<\/script>\n<!-- \/ Yoast SEO plugin. -->","yoast_head_json":{"title":"Vis de cadre de vis 7,5 x 212 culasse 75 pi\u00e8ces TX-30 - Schroevendump","robots":{"index":"index","follow":"follow","max-snippet":"max-snippet:-1","max-image-preview":"max-image-preview:large","max-video-preview":"max-video-preview:-1"},"canonical":"https:\/\/schroevendump.nl\/fr\/produit\/vis-de-cadre-de-vis-75-x-212-culasse-75-pieces-tx-30\/","og_locale":"fr_FR","og_type":"article","og_title":"Vis de cadre de vis 7,5 x 212 culasse 75 pi\u00e8ces TX-30 - Schroevendump","og_description":"La vis d&#8217;encadrement screwdump est une vis galvanis\u00e9e pour un montage efficace des cadres de fen\u00eatres sans l&#8217;utilisation de chevilles. Avec les vis \u00e0 cadre screwdump, vous r\u00e9alisez une fixation pratiquement sans tension, adapt\u00e9e aux charges \u00e9lev\u00e9es. Convient \u00e0 tous les mat\u00e9riaux de construction et d&#8217;encadrement courants. Pr\u00e9-percez le cadre et le mur et\/ou le [&hellip;]","og_url":"https:\/\/schroevendump.nl\/fr\/produit\/vis-de-cadre-de-vis-75-x-212-culasse-75-pieces-tx-30\/","og_site_name":"Schroevendump","article_modified_time":"2025-12-10T11:05:50+00:00","og_image":[{"width":710,"height":710,"url":"https:\/\/schroevendump.nl\/wp-content\/uploads\/2024\/08\/853-kozijnschroef-cylinderkop-verzinkt.png","type":"image\/png"}],"twitter_card":"summary_large_image","twitter_misc":{"Dur\u00e9e de lecture estim\u00e9e":"1 minute"},"schema":{"@context":"https:\/\/schema.org","@graph":[{"@type":"WebPage","@id":"https:\/\/schroevendump.nl\/fr\/produit\/vis-de-cadre-de-vis-75-x-212-culasse-75-pieces-tx-30\/","url":"https:\/\/schroevendump.nl\/fr\/produit\/vis-de-cadre-de-vis-75-x-212-culasse-75-pieces-tx-30\/","name":"Vis de cadre de vis 7,5 x 212 culasse 75 pi\u00e8ces TX-30 - Schroevendump","isPartOf":{"@id":"https:\/\/schroevendump.nl\/fr\/#website"},"primaryImageOfPage":{"@id":"https:\/\/schroevendump.nl\/fr\/produit\/vis-de-cadre-de-vis-75-x-212-culasse-75-pieces-tx-30\/#primaryimage"},"image":{"@id":"https:\/\/schroevendump.nl\/fr\/produit\/vis-de-cadre-de-vis-75-x-212-culasse-75-pieces-tx-30\/#primaryimage"},"thumbnailUrl":"https:\/\/schroevendump.nl\/wp-content\/uploads\/2024\/08\/853-kozijnschroef-cylinderkop-verzinkt.png","datePublished":"2024-10-26T18:45:10+00:00","dateModified":"2025-12-10T11:05:50+00:00","breadcrumb":{"@id":"https:\/\/schroevendump.nl\/fr\/produit\/vis-de-cadre-de-vis-75-x-212-culasse-75-pieces-tx-30\/#breadcrumb"},"inLanguage":"fr-FR","potentialAction":[{"@type":"ReadAction","target":["https:\/\/schroevendump.nl\/fr\/produit\/vis-de-cadre-de-vis-75-x-212-culasse-75-pieces-tx-30\/"]}]},{"@type":"ImageObject","inLanguage":"fr-FR","@id":"https:\/\/schroevendump.nl\/fr\/produit\/vis-de-cadre-de-vis-75-x-212-culasse-75-pieces-tx-30\/#primaryimage","url":"https:\/\/schroevendump.nl\/wp-content\/uploads\/2024\/08\/853-kozijnschroef-cylinderkop-verzinkt.png","contentUrl":"https:\/\/schroevendump.nl\/wp-content\/uploads\/2024\/08\/853-kozijnschroef-cylinderkop-verzinkt.png","width":710,"height":710,"caption":"vis pour le cadre de la fen\u00eatre"},{"@type":"BreadcrumbList","@id":"https:\/\/schroevendump.nl\/fr\/produit\/vis-de-cadre-de-vis-75-x-212-culasse-75-pieces-tx-30\/#breadcrumb","itemListElement":[{"@type":"ListItem","position":1,"name":"Accueil","item":"https:\/\/schroevendump.nl\/fr\/"},{"@type":"ListItem","position":2,"name":"Boutique","item":"https:\/\/schroevendump.nl\/fr\/boutique\/"},{"@type":"ListItem","position":3,"name":"Vis de cadre de vis 7,5 x 212 culasse 75 pi\u00e8ces TX-30"}]},{"@type":"WebSite","@id":"https:\/\/schroevendump.nl\/fr\/#website","url":"https:\/\/schroevendump.nl\/fr\/","name":"Schroevendump","description":"","potentialAction":[{"@type":"SearchAction","target":{"@type":"EntryPoint","urlTemplate":"https:\/\/schroevendump.nl\/fr\/?s={search_term_string}"},"query-input":{"@type":"PropertyValueSpecification","valueRequired":true,"valueName":"search_term_string"}}],"inLanguage":"fr-FR"}]}},"_links":{"self":[{"href":"https:\/\/schroevendump.nl\/fr\/wp-json\/wp\/v2\/product\/27111","targetHints":{"allow":["GET"]}}],"collection":[{"href":"https:\/\/schroevendump.nl\/fr\/wp-json\/wp\/v2\/product"}],"about":[{"href":"https:\/\/schroevendump.nl\/fr\/wp-json\/wp\/v2\/types\/product"}],"replies":[{"embeddable":true,"href":"https:\/\/schroevendump.nl\/fr\/wp-json\/wp\/v2\/comments?post=27111"}],"wp:featuredmedia":[{"embeddable":true,"href":"https:\/\/schroevendump.nl\/fr\/wp-json\/wp\/v2\/media\/27113"}],"wp:attachment":[{"href":"https:\/\/schroevendump.nl\/fr\/wp-json\/wp\/v2\/media?parent=27111"}],"wp:term":[{"taxonomy":"product_brand","embeddable":true,"href":"https:\/\/schroevendump.nl\/fr\/wp-json\/wp\/v2\/product_brand?post=27111"},{"taxonomy":"product_cat","embeddable":true,"href":"https:\/\/schroevendump.nl\/fr\/wp-json\/wp\/v2\/product_cat?post=27111"},{"taxonomy":"product_tag","embeddable":true,"href":"https:\/\/schroevendump.nl\/fr\/wp-json\/wp\/v2\/product_tag?post=27111"}],"curies":[{"name":"wp","href":"https:\/\/api.w.org\/{rel}","templated":true}]}}