{"id":27203,"date":"2025-05-07T18:32:07","date_gmt":"2025-05-07T18:32:07","guid":{"rendered":"https:\/\/schroevendump.nl\/product\/screwdump-extension-nozzle-chemical-anchor-18-5-cm\/"},"modified":"2025-12-10T11:35:05","modified_gmt":"2025-12-10T11:35:05","slug":"screwdump-extension-nozzle-chemical-anchor-18-5-cm","status":"publish","type":"product","link":"https:\/\/schroevendump.nl\/fr\/produit\/screwdump-extension-nozzle-chemical-anchor-18-5-cm\/","title":{"rendered":"Screwdump Extension Nozzle chemical anchor &#8211; 18.5 cm"},"content":{"rendered":"<p class=\"\" data-start=\"202\" data-end=\"567\">Cette rallonge de Schroevendump est sp\u00e9cialement con\u00e7ue pour \u00eatre utilis\u00e9e avec les buses de m\u00e9lange des syst\u00e8mes \u00e0 deux composants. Elle rallonge la buse standard de <g id=\"gid_0\">18,5 cm<\/g>, ce qui vous permet de travailler facilement dans des endroits difficiles d&#8217;acc\u00e8s ou profonds, tels que des murs creux ou des trous de forage profonds. Parfait pour l&#8217;ancrage professionnel ou l&#8217;injection de mortiers et d&#8217;adh\u00e9sifs chimiques.  <\/p>\n<p>&nbsp;<\/p>\n<ul data-start=\"569\" data-end=\"828\">\n<li class=\"\" data-start=\"569\" data-end=\"613\">\n<p class=\"\" data-start=\"571\" data-end=\"613\">Extension de 18,5 cm pour une plus grande port\u00e9e<\/p>\n<\/li>\n<li class=\"\" data-start=\"614\" data-end=\"671\">\n<p class=\"\" data-start=\"616\" data-end=\"671\">Facile \u00e0 fixer sur la buse de m\u00e9lange existante<\/p>\n<\/li>\n<li class=\"\" data-start=\"672\" data-end=\"725\">\n<p class=\"\" data-start=\"674\" data-end=\"725\">Convient pour les ancrages chimiques, les mortiers et les adh\u00e9sifs<\/p>\n<\/li>\n<li class=\"\" data-start=\"726\" data-end=\"768\">\n<p class=\"\" data-start=\"728\" data-end=\"768\">Flexible, robuste et d\u00e9coupable \u00e0 volont\u00e9<\/p>\n<\/li>\n<li class=\"\" data-start=\"769\" data-end=\"828\">\n<p class=\"\" data-start=\"771\" data-end=\"828\">Id\u00e9al pour un ancrage plus profond dans les travaux de construction et d&#8217;assemblage<\/p>\n<\/li>\n<\/ul>\n","protected":false},"excerpt":{"rendered":"<p>Cette rallonge de Schroevendump est sp\u00e9cialement con\u00e7ue pour \u00eatre utilis\u00e9e avec les buses de m\u00e9lange des syst\u00e8mes \u00e0 deux composants. Elle rallonge la buse standard de 18,5 cm, ce qui vous permet de travailler facilement dans des endroits difficiles d&#8217;acc\u00e8s ou profonds, tels que des murs creux ou des trous de forage profonds. Parfait pour [&hellip;]<\/p>\n","protected":false},"featured_media":27205,"comment_status":"open","ping_status":"closed","template":"","meta":[],"product_brand":[],"product_cat":[580],"product_tag":[],"class_list":{"0":"post-27203","1":"product","2":"type-product","3":"status-publish","4":"has-post-thumbnail","6":"product_cat-colles-et-mastics","8":"first","9":"instock","10":"taxable","11":"shipping-taxable","12":"purchasable","13":"product-type-simple"},"supplier_id":null,"supplier_sku":"","barcode":null,"atum_controlled":true,"out_stock_date":null,"out_stock_threshold":null,"inheritable":false,"inbound_stock":0,"stock_on_hold":0,"sold_today":0,"sales_last_days":0,"reserved_stock":0,"customer_returns":0,"warehouse_damage":0,"lost_in_post":0,"other_logs":0,"out_stock_days":0,"lost_sales":0,"has_location":false,"update_date":"2026-04-29T01:07:12","atum_locations":[],"atum_stock_status":"instock","restock_status":false,"low_stock_amount":"","sales_update_date":"2026-04-29T01:07:12","calc_backorders":null,"acf":[],"yoast_head":"<!-- This site is optimized with the Yoast SEO plugin v26.6 - https:\/\/yoast.com\/wordpress\/plugins\/seo\/ -->\n<title>Screwdump Extension Nozzle chemical anchor - 18.5 cm - Schroevendump<\/title>\n<meta name=\"robots\" content=\"index, follow, max-snippet:-1, max-image-preview:large, max-video-preview:-1\" \/>\n<link rel=\"canonical\" href=\"https:\/\/schroevendump.nl\/fr\/produit\/screwdump-extension-nozzle-chemical-anchor-18-5-cm\/\" \/>\n<meta property=\"og:locale\" content=\"fr_FR\" \/>\n<meta property=\"og:type\" content=\"article\" \/>\n<meta property=\"og:title\" content=\"Screwdump Extension Nozzle chemical anchor - 18.5 cm - Schroevendump\" \/>\n<meta property=\"og:description\" content=\"Cette rallonge de Schroevendump est sp\u00e9cialement con\u00e7ue pour \u00eatre utilis\u00e9e avec les buses de m\u00e9lange des syst\u00e8mes \u00e0 deux composants. Elle rallonge la buse standard de 18,5 cm, ce qui vous permet de travailler facilement dans des endroits difficiles d&#8217;acc\u00e8s ou profonds, tels que des murs creux ou des trous de forage profonds. Parfait pour [&hellip;]\" \/>\n<meta property=\"og:url\" content=\"https:\/\/schroevendump.nl\/fr\/produit\/screwdump-extension-nozzle-chemical-anchor-18-5-cm\/\" \/>\n<meta property=\"og:site_name\" content=\"Schroevendump\" \/>\n<meta property=\"article:modified_time\" content=\"2025-12-10T11:35:05+00:00\" \/>\n<meta property=\"og:image\" content=\"https:\/\/schroevendump.nl\/wp-content\/uploads\/2025\/05\/foto1-verlengstuk_mengtop-removebg-preview.png\" \/>\n\t<meta property=\"og:image:width\" content=\"500\" \/>\n\t<meta property=\"og:image:height\" content=\"500\" \/>\n\t<meta property=\"og:image:type\" content=\"image\/png\" \/>\n<meta name=\"twitter:card\" content=\"summary_large_image\" \/>\n<meta name=\"twitter:label1\" content=\"Dur\u00e9e de lecture estim\u00e9e\" \/>\n\t<meta name=\"twitter:data1\" content=\"1 minute\" \/>\n<script type=\"application\/ld+json\" class=\"yoast-schema-graph\">{\"@context\":\"https:\/\/schema.org\",\"@graph\":[{\"@type\":\"WebPage\",\"@id\":\"https:\/\/schroevendump.nl\/fr\/produit\/screwdump-extension-nozzle-chemical-anchor-18-5-cm\/\",\"url\":\"https:\/\/schroevendump.nl\/fr\/produit\/screwdump-extension-nozzle-chemical-anchor-18-5-cm\/\",\"name\":\"Screwdump Extension Nozzle chemical anchor - 18.5 cm - Schroevendump\",\"isPartOf\":{\"@id\":\"https:\/\/schroevendump.nl\/fr\/#website\"},\"primaryImageOfPage\":{\"@id\":\"https:\/\/schroevendump.nl\/fr\/produit\/screwdump-extension-nozzle-chemical-anchor-18-5-cm\/#primaryimage\"},\"image\":{\"@id\":\"https:\/\/schroevendump.nl\/fr\/produit\/screwdump-extension-nozzle-chemical-anchor-18-5-cm\/#primaryimage\"},\"thumbnailUrl\":\"https:\/\/schroevendump.nl\/wp-content\/uploads\/2025\/05\/foto1-verlengstuk_mengtop-removebg-preview.png\",\"datePublished\":\"2025-05-07T18:32:07+00:00\",\"dateModified\":\"2025-12-10T11:35:05+00:00\",\"breadcrumb\":{\"@id\":\"https:\/\/schroevendump.nl\/fr\/produit\/screwdump-extension-nozzle-chemical-anchor-18-5-cm\/#breadcrumb\"},\"inLanguage\":\"fr-FR\",\"potentialAction\":[{\"@type\":\"ReadAction\",\"target\":[\"https:\/\/schroevendump.nl\/fr\/produit\/screwdump-extension-nozzle-chemical-anchor-18-5-cm\/\"]}]},{\"@type\":\"ImageObject\",\"inLanguage\":\"fr-FR\",\"@id\":\"https:\/\/schroevendump.nl\/fr\/produit\/screwdump-extension-nozzle-chemical-anchor-18-5-cm\/#primaryimage\",\"url\":\"https:\/\/schroevendump.nl\/wp-content\/uploads\/2025\/05\/foto1-verlengstuk_mengtop-removebg-preview.png\",\"contentUrl\":\"https:\/\/schroevendump.nl\/wp-content\/uploads\/2025\/05\/foto1-verlengstuk_mengtop-removebg-preview.png\",\"width\":500,\"height\":500},{\"@type\":\"BreadcrumbList\",\"@id\":\"https:\/\/schroevendump.nl\/fr\/produit\/screwdump-extension-nozzle-chemical-anchor-18-5-cm\/#breadcrumb\",\"itemListElement\":[{\"@type\":\"ListItem\",\"position\":1,\"name\":\"Accueil\",\"item\":\"https:\/\/schroevendump.nl\/fr\/\"},{\"@type\":\"ListItem\",\"position\":2,\"name\":\"Boutique\",\"item\":\"https:\/\/schroevendump.nl\/fr\/boutique\/\"},{\"@type\":\"ListItem\",\"position\":3,\"name\":\"Screwdump Extension Nozzle chemical anchor &#8211; 18.5 cm\"}]},{\"@type\":\"WebSite\",\"@id\":\"https:\/\/schroevendump.nl\/fr\/#website\",\"url\":\"https:\/\/schroevendump.nl\/fr\/\",\"name\":\"Schroevendump\",\"description\":\"\",\"potentialAction\":[{\"@type\":\"SearchAction\",\"target\":{\"@type\":\"EntryPoint\",\"urlTemplate\":\"https:\/\/schroevendump.nl\/fr\/?s={search_term_string}\"},\"query-input\":{\"@type\":\"PropertyValueSpecification\",\"valueRequired\":true,\"valueName\":\"search_term_string\"}}],\"inLanguage\":\"fr-FR\"}]}<\/script>\n<!-- \/ Yoast SEO plugin. -->","yoast_head_json":{"title":"Screwdump Extension Nozzle chemical anchor - 18.5 cm - Schroevendump","robots":{"index":"index","follow":"follow","max-snippet":"max-snippet:-1","max-image-preview":"max-image-preview:large","max-video-preview":"max-video-preview:-1"},"canonical":"https:\/\/schroevendump.nl\/fr\/produit\/screwdump-extension-nozzle-chemical-anchor-18-5-cm\/","og_locale":"fr_FR","og_type":"article","og_title":"Screwdump Extension Nozzle chemical anchor - 18.5 cm - Schroevendump","og_description":"Cette rallonge de Schroevendump est sp\u00e9cialement con\u00e7ue pour \u00eatre utilis\u00e9e avec les buses de m\u00e9lange des syst\u00e8mes \u00e0 deux composants. Elle rallonge la buse standard de 18,5 cm, ce qui vous permet de travailler facilement dans des endroits difficiles d&#8217;acc\u00e8s ou profonds, tels que des murs creux ou des trous de forage profonds. Parfait pour [&hellip;]","og_url":"https:\/\/schroevendump.nl\/fr\/produit\/screwdump-extension-nozzle-chemical-anchor-18-5-cm\/","og_site_name":"Schroevendump","article_modified_time":"2025-12-10T11:35:05+00:00","og_image":[{"width":500,"height":500,"url":"https:\/\/schroevendump.nl\/wp-content\/uploads\/2025\/05\/foto1-verlengstuk_mengtop-removebg-preview.png","type":"image\/png"}],"twitter_card":"summary_large_image","twitter_misc":{"Dur\u00e9e de lecture estim\u00e9e":"1 minute"},"schema":{"@context":"https:\/\/schema.org","@graph":[{"@type":"WebPage","@id":"https:\/\/schroevendump.nl\/fr\/produit\/screwdump-extension-nozzle-chemical-anchor-18-5-cm\/","url":"https:\/\/schroevendump.nl\/fr\/produit\/screwdump-extension-nozzle-chemical-anchor-18-5-cm\/","name":"Screwdump Extension Nozzle chemical anchor - 18.5 cm - Schroevendump","isPartOf":{"@id":"https:\/\/schroevendump.nl\/fr\/#website"},"primaryImageOfPage":{"@id":"https:\/\/schroevendump.nl\/fr\/produit\/screwdump-extension-nozzle-chemical-anchor-18-5-cm\/#primaryimage"},"image":{"@id":"https:\/\/schroevendump.nl\/fr\/produit\/screwdump-extension-nozzle-chemical-anchor-18-5-cm\/#primaryimage"},"thumbnailUrl":"https:\/\/schroevendump.nl\/wp-content\/uploads\/2025\/05\/foto1-verlengstuk_mengtop-removebg-preview.png","datePublished":"2025-05-07T18:32:07+00:00","dateModified":"2025-12-10T11:35:05+00:00","breadcrumb":{"@id":"https:\/\/schroevendump.nl\/fr\/produit\/screwdump-extension-nozzle-chemical-anchor-18-5-cm\/#breadcrumb"},"inLanguage":"fr-FR","potentialAction":[{"@type":"ReadAction","target":["https:\/\/schroevendump.nl\/fr\/produit\/screwdump-extension-nozzle-chemical-anchor-18-5-cm\/"]}]},{"@type":"ImageObject","inLanguage":"fr-FR","@id":"https:\/\/schroevendump.nl\/fr\/produit\/screwdump-extension-nozzle-chemical-anchor-18-5-cm\/#primaryimage","url":"https:\/\/schroevendump.nl\/wp-content\/uploads\/2025\/05\/foto1-verlengstuk_mengtop-removebg-preview.png","contentUrl":"https:\/\/schroevendump.nl\/wp-content\/uploads\/2025\/05\/foto1-verlengstuk_mengtop-removebg-preview.png","width":500,"height":500},{"@type":"BreadcrumbList","@id":"https:\/\/schroevendump.nl\/fr\/produit\/screwdump-extension-nozzle-chemical-anchor-18-5-cm\/#breadcrumb","itemListElement":[{"@type":"ListItem","position":1,"name":"Accueil","item":"https:\/\/schroevendump.nl\/fr\/"},{"@type":"ListItem","position":2,"name":"Boutique","item":"https:\/\/schroevendump.nl\/fr\/boutique\/"},{"@type":"ListItem","position":3,"name":"Screwdump Extension Nozzle chemical anchor &#8211; 18.5 cm"}]},{"@type":"WebSite","@id":"https:\/\/schroevendump.nl\/fr\/#website","url":"https:\/\/schroevendump.nl\/fr\/","name":"Schroevendump","description":"","potentialAction":[{"@type":"SearchAction","target":{"@type":"EntryPoint","urlTemplate":"https:\/\/schroevendump.nl\/fr\/?s={search_term_string}"},"query-input":{"@type":"PropertyValueSpecification","valueRequired":true,"valueName":"search_term_string"}}],"inLanguage":"fr-FR"}]}},"_links":{"self":[{"href":"https:\/\/schroevendump.nl\/fr\/wp-json\/wp\/v2\/product\/27203","targetHints":{"allow":["GET"]}}],"collection":[{"href":"https:\/\/schroevendump.nl\/fr\/wp-json\/wp\/v2\/product"}],"about":[{"href":"https:\/\/schroevendump.nl\/fr\/wp-json\/wp\/v2\/types\/product"}],"replies":[{"embeddable":true,"href":"https:\/\/schroevendump.nl\/fr\/wp-json\/wp\/v2\/comments?post=27203"}],"wp:featuredmedia":[{"embeddable":true,"href":"https:\/\/schroevendump.nl\/fr\/wp-json\/wp\/v2\/media\/27205"}],"wp:attachment":[{"href":"https:\/\/schroevendump.nl\/fr\/wp-json\/wp\/v2\/media?parent=27203"}],"wp:term":[{"taxonomy":"product_brand","embeddable":true,"href":"https:\/\/schroevendump.nl\/fr\/wp-json\/wp\/v2\/product_brand?post=27203"},{"taxonomy":"product_cat","embeddable":true,"href":"https:\/\/schroevendump.nl\/fr\/wp-json\/wp\/v2\/product_cat?post=27203"},{"taxonomy":"product_tag","embeddable":true,"href":"https:\/\/schroevendump.nl\/fr\/wp-json\/wp\/v2\/product_tag?post=27203"}],"curies":[{"name":"wp","href":"https:\/\/api.w.org\/{rel}","templated":true}]}}