{"id":27209,"date":"2025-05-07T18:21:20","date_gmt":"2025-05-07T18:21:20","guid":{"rendered":"https:\/\/schroevendump.nl\/product\/bec-melangeur-pour-ancrage-chimique\/"},"modified":"2025-12-10T11:41:15","modified_gmt":"2025-12-10T11:41:15","slug":"bec-melangeur-pour-ancrage-chimique","status":"publish","type":"product","link":"https:\/\/schroevendump.nl\/fr\/produit\/bec-melangeur-pour-ancrage-chimique\/","title":{"rendered":"Bec m\u00e9langeur pour ancrage chimique"},"content":{"rendered":"<h3 class=\"\" data-start=\"604\" data-end=\"638\">\u2705 <strong data-start=\"610\" data-end=\"638\">Caract\u00e9ristiques principales :<\/strong><\/h3>\n<ul data-start=\"640\" data-end=\"1055\">\n<li class=\"\" data-start=\"640\" data-end=\"721\">\n<p class=\"\" data-start=\"642\" data-end=\"721\">\u2705 <strong data-start=\"644\" data-end=\"666\">Sp\u00e9cialement con\u00e7u<\/strong> pour l&#8217;utilisation d&#8217;un <a href=\"https:\/\/schroevendump.nl\/fr\/produit\/screwdump-chemical-anchor-2c-300-ml-sechage-rapide-et-extremement-resistant\/\">ancrage chimique \u00e0 vis<\/a><\/p>\n<\/li>\n<li class=\"\" data-start=\"722\" data-end=\"793\">\n<p class=\"\" data-start=\"724\" data-end=\"793\"><strong data-start=\"726\" data-end=\"755\">\u2705 Technologie de m\u00e9lange statique<\/strong> pour un m\u00e9lange optimal des composants<\/p>\n<\/li>\n<li class=\"\" data-start=\"794\" data-end=\"867\">\n<p class=\"\" data-start=\"796\" data-end=\"867\">\u2705 <strong data-start=\"798\" data-end=\"824\">Fixation facile<\/strong> au tube pour une utilisation rapide et efficace<\/p>\n<\/li>\n<li class=\"\" data-start=\"868\" data-end=\"943\">\n<p class=\"\" data-start=\"870\" data-end=\"943\">\u2705 <strong data-start=\"872\" data-end=\"895\">M\u00e9lange homog\u00e8ne<\/strong> sans inclusions d&#8217;air pour une adh\u00e9rence maximale<\/p>\n<\/li>\n<li class=\"\" data-start=\"944\" data-end=\"1055\">\n<p class=\"\" data-start=\"946\" data-end=\"1055\">\u2705 <strong data-start=\"948\" data-end=\"973\">Accessoire essentiel<\/strong> pour les solutions d&#8217;ancrage professionnelles<\/p>\n<\/li>\n<\/ul>\n","protected":false},"excerpt":{"rendered":"<p>\u2705 Caract\u00e9ristiques principales : \u2705 Sp\u00e9cialement con\u00e7u pour l&#8217;utilisation d&#8217;un ancrage chimique \u00e0 vis \u2705 Technologie de m\u00e9lange statique pour un m\u00e9lange optimal des composants \u2705 Fixation facile au tube pour une utilisation rapide et efficace \u2705 M\u00e9lange homog\u00e8ne sans inclusions d&#8217;air pour une adh\u00e9rence maximale \u2705 Accessoire essentiel pour les solutions d&#8217;ancrage professionnelles<\/p>\n","protected":false},"featured_media":27210,"comment_status":"closed","ping_status":"closed","template":"","meta":[],"product_brand":[],"product_cat":[580],"product_tag":[],"class_list":{"0":"post-27209","1":"product","2":"type-product","3":"status-publish","4":"has-post-thumbnail","6":"product_cat-colles-et-mastics","8":"first","9":"instock","10":"taxable","11":"shipping-taxable","12":"purchasable","13":"product-type-simple"},"supplier_id":null,"supplier_sku":"","barcode":null,"atum_controlled":true,"out_stock_date":null,"out_stock_threshold":null,"inheritable":false,"inbound_stock":0,"stock_on_hold":0,"sold_today":0,"sales_last_days":0,"reserved_stock":0,"customer_returns":0,"warehouse_damage":0,"lost_in_post":0,"other_logs":0,"out_stock_days":0,"lost_sales":0,"has_location":false,"update_date":"2026-04-29T01:08:10","atum_locations":[],"atum_stock_status":"instock","restock_status":false,"low_stock_amount":"","sales_update_date":"2026-04-29T01:08:10","calc_backorders":null,"acf":[],"yoast_head":"<!-- This site is optimized with the Yoast SEO plugin v26.6 - https:\/\/yoast.com\/wordpress\/plugins\/seo\/ -->\n<title>Bec m\u00e9langeur pour ancrage chimique - Schroevendump<\/title>\n<meta name=\"robots\" content=\"index, follow, max-snippet:-1, max-image-preview:large, max-video-preview:-1\" \/>\n<link rel=\"canonical\" href=\"https:\/\/schroevendump.nl\/fr\/produit\/bec-melangeur-pour-ancrage-chimique\/\" \/>\n<meta property=\"og:locale\" content=\"fr_FR\" \/>\n<meta property=\"og:type\" content=\"article\" \/>\n<meta property=\"og:title\" content=\"Bec m\u00e9langeur pour ancrage chimique - Schroevendump\" \/>\n<meta property=\"og:description\" content=\"\u2705 Caract\u00e9ristiques principales : \u2705 Sp\u00e9cialement con\u00e7u pour l&#8217;utilisation d&#8217;un ancrage chimique \u00e0 vis \u2705 Technologie de m\u00e9lange statique pour un m\u00e9lange optimal des composants \u2705 Fixation facile au tube pour une utilisation rapide et efficace \u2705 M\u00e9lange homog\u00e8ne sans inclusions d&#8217;air pour une adh\u00e9rence maximale \u2705 Accessoire essentiel pour les solutions d&#8217;ancrage professionnelles\" \/>\n<meta property=\"og:url\" content=\"https:\/\/schroevendump.nl\/fr\/produit\/bec-melangeur-pour-ancrage-chimique\/\" \/>\n<meta property=\"og:site_name\" content=\"Schroevendump\" \/>\n<meta property=\"article:modified_time\" content=\"2025-12-10T11:41:15+00:00\" \/>\n<meta property=\"og:image\" content=\"https:\/\/schroevendump.nl\/wp-content\/uploads\/2025\/05\/foto1-statische_mengtop-removebg-preview.png\" \/>\n\t<meta property=\"og:image:width\" content=\"500\" \/>\n\t<meta property=\"og:image:height\" content=\"500\" \/>\n\t<meta property=\"og:image:type\" content=\"image\/png\" \/>\n<meta name=\"twitter:card\" content=\"summary_large_image\" \/>\n<script type=\"application\/ld+json\" class=\"yoast-schema-graph\">{\"@context\":\"https:\/\/schema.org\",\"@graph\":[{\"@type\":\"WebPage\",\"@id\":\"https:\/\/schroevendump.nl\/fr\/produit\/bec-melangeur-pour-ancrage-chimique\/\",\"url\":\"https:\/\/schroevendump.nl\/fr\/produit\/bec-melangeur-pour-ancrage-chimique\/\",\"name\":\"Bec m\u00e9langeur pour ancrage chimique - Schroevendump\",\"isPartOf\":{\"@id\":\"https:\/\/schroevendump.nl\/fr\/#website\"},\"primaryImageOfPage\":{\"@id\":\"https:\/\/schroevendump.nl\/fr\/produit\/bec-melangeur-pour-ancrage-chimique\/#primaryimage\"},\"image\":{\"@id\":\"https:\/\/schroevendump.nl\/fr\/produit\/bec-melangeur-pour-ancrage-chimique\/#primaryimage\"},\"thumbnailUrl\":\"https:\/\/schroevendump.nl\/wp-content\/uploads\/2025\/05\/foto1-statische_mengtop-removebg-preview.png\",\"datePublished\":\"2025-05-07T18:21:20+00:00\",\"dateModified\":\"2025-12-10T11:41:15+00:00\",\"breadcrumb\":{\"@id\":\"https:\/\/schroevendump.nl\/fr\/produit\/bec-melangeur-pour-ancrage-chimique\/#breadcrumb\"},\"inLanguage\":\"fr-FR\",\"potentialAction\":[{\"@type\":\"ReadAction\",\"target\":[\"https:\/\/schroevendump.nl\/fr\/produit\/bec-melangeur-pour-ancrage-chimique\/\"]}]},{\"@type\":\"ImageObject\",\"inLanguage\":\"fr-FR\",\"@id\":\"https:\/\/schroevendump.nl\/fr\/produit\/bec-melangeur-pour-ancrage-chimique\/#primaryimage\",\"url\":\"https:\/\/schroevendump.nl\/wp-content\/uploads\/2025\/05\/foto1-statische_mengtop-removebg-preview.png\",\"contentUrl\":\"https:\/\/schroevendump.nl\/wp-content\/uploads\/2025\/05\/foto1-statische_mengtop-removebg-preview.png\",\"width\":500,\"height\":500},{\"@type\":\"BreadcrumbList\",\"@id\":\"https:\/\/schroevendump.nl\/fr\/produit\/bec-melangeur-pour-ancrage-chimique\/#breadcrumb\",\"itemListElement\":[{\"@type\":\"ListItem\",\"position\":1,\"name\":\"Accueil\",\"item\":\"https:\/\/schroevendump.nl\/fr\/\"},{\"@type\":\"ListItem\",\"position\":2,\"name\":\"Boutique\",\"item\":\"https:\/\/schroevendump.nl\/fr\/boutique\/\"},{\"@type\":\"ListItem\",\"position\":3,\"name\":\"Bec m\u00e9langeur pour ancrage chimique\"}]},{\"@type\":\"WebSite\",\"@id\":\"https:\/\/schroevendump.nl\/fr\/#website\",\"url\":\"https:\/\/schroevendump.nl\/fr\/\",\"name\":\"Schroevendump\",\"description\":\"\",\"potentialAction\":[{\"@type\":\"SearchAction\",\"target\":{\"@type\":\"EntryPoint\",\"urlTemplate\":\"https:\/\/schroevendump.nl\/fr\/?s={search_term_string}\"},\"query-input\":{\"@type\":\"PropertyValueSpecification\",\"valueRequired\":true,\"valueName\":\"search_term_string\"}}],\"inLanguage\":\"fr-FR\"}]}<\/script>\n<!-- \/ Yoast SEO plugin. -->","yoast_head_json":{"title":"Bec m\u00e9langeur pour ancrage chimique - Schroevendump","robots":{"index":"index","follow":"follow","max-snippet":"max-snippet:-1","max-image-preview":"max-image-preview:large","max-video-preview":"max-video-preview:-1"},"canonical":"https:\/\/schroevendump.nl\/fr\/produit\/bec-melangeur-pour-ancrage-chimique\/","og_locale":"fr_FR","og_type":"article","og_title":"Bec m\u00e9langeur pour ancrage chimique - Schroevendump","og_description":"\u2705 Caract\u00e9ristiques principales : \u2705 Sp\u00e9cialement con\u00e7u pour l&#8217;utilisation d&#8217;un ancrage chimique \u00e0 vis \u2705 Technologie de m\u00e9lange statique pour un m\u00e9lange optimal des composants \u2705 Fixation facile au tube pour une utilisation rapide et efficace \u2705 M\u00e9lange homog\u00e8ne sans inclusions d&#8217;air pour une adh\u00e9rence maximale \u2705 Accessoire essentiel pour les solutions d&#8217;ancrage professionnelles","og_url":"https:\/\/schroevendump.nl\/fr\/produit\/bec-melangeur-pour-ancrage-chimique\/","og_site_name":"Schroevendump","article_modified_time":"2025-12-10T11:41:15+00:00","og_image":[{"width":500,"height":500,"url":"https:\/\/schroevendump.nl\/wp-content\/uploads\/2025\/05\/foto1-statische_mengtop-removebg-preview.png","type":"image\/png"}],"twitter_card":"summary_large_image","schema":{"@context":"https:\/\/schema.org","@graph":[{"@type":"WebPage","@id":"https:\/\/schroevendump.nl\/fr\/produit\/bec-melangeur-pour-ancrage-chimique\/","url":"https:\/\/schroevendump.nl\/fr\/produit\/bec-melangeur-pour-ancrage-chimique\/","name":"Bec m\u00e9langeur pour ancrage chimique - Schroevendump","isPartOf":{"@id":"https:\/\/schroevendump.nl\/fr\/#website"},"primaryImageOfPage":{"@id":"https:\/\/schroevendump.nl\/fr\/produit\/bec-melangeur-pour-ancrage-chimique\/#primaryimage"},"image":{"@id":"https:\/\/schroevendump.nl\/fr\/produit\/bec-melangeur-pour-ancrage-chimique\/#primaryimage"},"thumbnailUrl":"https:\/\/schroevendump.nl\/wp-content\/uploads\/2025\/05\/foto1-statische_mengtop-removebg-preview.png","datePublished":"2025-05-07T18:21:20+00:00","dateModified":"2025-12-10T11:41:15+00:00","breadcrumb":{"@id":"https:\/\/schroevendump.nl\/fr\/produit\/bec-melangeur-pour-ancrage-chimique\/#breadcrumb"},"inLanguage":"fr-FR","potentialAction":[{"@type":"ReadAction","target":["https:\/\/schroevendump.nl\/fr\/produit\/bec-melangeur-pour-ancrage-chimique\/"]}]},{"@type":"ImageObject","inLanguage":"fr-FR","@id":"https:\/\/schroevendump.nl\/fr\/produit\/bec-melangeur-pour-ancrage-chimique\/#primaryimage","url":"https:\/\/schroevendump.nl\/wp-content\/uploads\/2025\/05\/foto1-statische_mengtop-removebg-preview.png","contentUrl":"https:\/\/schroevendump.nl\/wp-content\/uploads\/2025\/05\/foto1-statische_mengtop-removebg-preview.png","width":500,"height":500},{"@type":"BreadcrumbList","@id":"https:\/\/schroevendump.nl\/fr\/produit\/bec-melangeur-pour-ancrage-chimique\/#breadcrumb","itemListElement":[{"@type":"ListItem","position":1,"name":"Accueil","item":"https:\/\/schroevendump.nl\/fr\/"},{"@type":"ListItem","position":2,"name":"Boutique","item":"https:\/\/schroevendump.nl\/fr\/boutique\/"},{"@type":"ListItem","position":3,"name":"Bec m\u00e9langeur pour ancrage chimique"}]},{"@type":"WebSite","@id":"https:\/\/schroevendump.nl\/fr\/#website","url":"https:\/\/schroevendump.nl\/fr\/","name":"Schroevendump","description":"","potentialAction":[{"@type":"SearchAction","target":{"@type":"EntryPoint","urlTemplate":"https:\/\/schroevendump.nl\/fr\/?s={search_term_string}"},"query-input":{"@type":"PropertyValueSpecification","valueRequired":true,"valueName":"search_term_string"}}],"inLanguage":"fr-FR"}]}},"_links":{"self":[{"href":"https:\/\/schroevendump.nl\/fr\/wp-json\/wp\/v2\/product\/27209","targetHints":{"allow":["GET"]}}],"collection":[{"href":"https:\/\/schroevendump.nl\/fr\/wp-json\/wp\/v2\/product"}],"about":[{"href":"https:\/\/schroevendump.nl\/fr\/wp-json\/wp\/v2\/types\/product"}],"replies":[{"embeddable":true,"href":"https:\/\/schroevendump.nl\/fr\/wp-json\/wp\/v2\/comments?post=27209"}],"wp:featuredmedia":[{"embeddable":true,"href":"https:\/\/schroevendump.nl\/fr\/wp-json\/wp\/v2\/media\/27210"}],"wp:attachment":[{"href":"https:\/\/schroevendump.nl\/fr\/wp-json\/wp\/v2\/media?parent=27209"}],"wp:term":[{"taxonomy":"product_brand","embeddable":true,"href":"https:\/\/schroevendump.nl\/fr\/wp-json\/wp\/v2\/product_brand?post=27209"},{"taxonomy":"product_cat","embeddable":true,"href":"https:\/\/schroevendump.nl\/fr\/wp-json\/wp\/v2\/product_cat?post=27209"},{"taxonomy":"product_tag","embeddable":true,"href":"https:\/\/schroevendump.nl\/fr\/wp-json\/wp\/v2\/product_tag?post=27209"}],"curies":[{"name":"wp","href":"https:\/\/api.w.org\/{rel}","templated":true}]}}