{"id":27216,"date":"2025-04-16T18:13:14","date_gmt":"2025-04-16T18:13:14","guid":{"rendered":"https:\/\/schroevendump.nl\/product\/bouchons-a-percussion-10-0-x-120-25-pieces\/"},"modified":"2025-12-10T11:32:46","modified_gmt":"2025-12-10T11:32:46","slug":"bouchons-a-percussion-10-0-x-120-25-pieces","status":"publish","type":"product","link":"https:\/\/schroevendump.nl\/fr\/produit\/bouchons-a-percussion-10-0-x-120-25-pieces\/","title":{"rendered":"Bouchons \u00e0 percussion 10.0 x 120 25 pi\u00e8ces"},"content":{"rendered":"<p>Les chevilles \u00e0 clous (\u00e9galement appel\u00e9es chevilles \u00e0 marteau ou chevilles \u00e0 clous) conviennent parfaitement \u00e0 l&#8217;assemblage rapide des travaux d&#8217;int\u00e9rieur. Le bouchon s&#8217;\u00e9largit au fur et \u00e0 mesure que le clou est enfonc\u00e9 et devient tr\u00e8s solidement ancr\u00e9 par la pression lat\u00e9rale exerc\u00e9e sur le trou de forage. La connexion de l&#8217;embout PZ sur la t\u00eate permet un serrage suppl\u00e9mentaire du clou pour une fixation optimale. Les chevilles \u00e0 clous Screwdump sont fabriqu\u00e9es en nylon pour une meilleure prise en main et sont disponibles de 40 \u00e0 160 mm de longueur. Pour la fixation de plinthes, de rails, de lattes ou de lames de parquet sur la pierre, les sols et les plafonds, utilisez les chevilles \u00e0 clous Screwdump !<\/p>\n","protected":false},"excerpt":{"rendered":"<p>Les chevilles \u00e0 clous (\u00e9galement appel\u00e9es chevilles \u00e0 marteau ou chevilles \u00e0 clous) conviennent parfaitement \u00e0 l&#8217;assemblage rapide des travaux d&#8217;int\u00e9rieur. Le bouchon s&#8217;\u00e9largit au fur et \u00e0 mesure que le clou est enfonc\u00e9 et devient tr\u00e8s solidement ancr\u00e9 par la pression lat\u00e9rale exerc\u00e9e sur le trou de forage. La connexion de l&#8217;embout PZ sur [&hellip;]<\/p>\n","protected":false},"featured_media":26650,"comment_status":"open","ping_status":"closed","template":"","meta":[],"product_brand":[],"product_cat":[441],"product_tag":[],"class_list":{"0":"post-27216","1":"product","2":"type-product","3":"status-publish","4":"has-post-thumbnail","6":"product_cat-chevilles-a-frapper","8":"first","9":"instock","10":"taxable","11":"shipping-taxable","12":"purchasable","13":"product-type-simple"},"supplier_id":null,"supplier_sku":"","barcode":null,"atum_controlled":true,"out_stock_date":null,"out_stock_threshold":null,"inheritable":false,"inbound_stock":0,"stock_on_hold":0,"sold_today":0,"sales_last_days":0,"reserved_stock":0,"customer_returns":0,"warehouse_damage":0,"lost_in_post":0,"other_logs":0,"out_stock_days":0,"lost_sales":0,"has_location":false,"update_date":"2026-04-15T01:03:55","atum_locations":[],"atum_stock_status":"instock","restock_status":false,"low_stock_amount":"","sales_update_date":"2026-04-15T01:03:55","calc_backorders":null,"acf":[],"yoast_head":"<!-- This site is optimized with the Yoast SEO plugin v26.6 - https:\/\/yoast.com\/wordpress\/plugins\/seo\/ -->\n<title>Bouchons \u00e0 percussion 10.0 x 120 25 pi\u00e8ces - Schroevendump<\/title>\n<meta name=\"robots\" content=\"index, follow, max-snippet:-1, max-image-preview:large, max-video-preview:-1\" \/>\n<link rel=\"canonical\" href=\"https:\/\/schroevendump.nl\/fr\/produit\/bouchons-a-percussion-10-0-x-120-25-pieces\/\" \/>\n<meta property=\"og:locale\" content=\"fr_FR\" \/>\n<meta property=\"og:type\" content=\"article\" \/>\n<meta property=\"og:title\" content=\"Bouchons \u00e0 percussion 10.0 x 120 25 pi\u00e8ces - Schroevendump\" \/>\n<meta property=\"og:description\" content=\"Les chevilles \u00e0 clous (\u00e9galement appel\u00e9es chevilles \u00e0 marteau ou chevilles \u00e0 clous) conviennent parfaitement \u00e0 l&#8217;assemblage rapide des travaux d&#8217;int\u00e9rieur. Le bouchon s&#8217;\u00e9largit au fur et \u00e0 mesure que le clou est enfonc\u00e9 et devient tr\u00e8s solidement ancr\u00e9 par la pression lat\u00e9rale exerc\u00e9e sur le trou de forage. La connexion de l&#8217;embout PZ sur [&hellip;]\" \/>\n<meta property=\"og:url\" content=\"https:\/\/schroevendump.nl\/fr\/produit\/bouchons-a-percussion-10-0-x-120-25-pieces\/\" \/>\n<meta property=\"og:site_name\" content=\"Schroevendump\" \/>\n<meta property=\"article:modified_time\" content=\"2025-12-10T11:32:46+00:00\" \/>\n<meta property=\"og:image\" content=\"https:\/\/schroevendump.nl\/wp-content\/uploads\/2024\/08\/859-nagelplug.png\" \/>\n\t<meta property=\"og:image:width\" content=\"710\" \/>\n\t<meta property=\"og:image:height\" content=\"710\" \/>\n\t<meta property=\"og:image:type\" content=\"image\/png\" \/>\n<meta name=\"twitter:card\" content=\"summary_large_image\" \/>\n<meta name=\"twitter:label1\" content=\"Dur\u00e9e de lecture estim\u00e9e\" \/>\n\t<meta name=\"twitter:data1\" content=\"1 minute\" \/>\n<script type=\"application\/ld+json\" class=\"yoast-schema-graph\">{\"@context\":\"https:\/\/schema.org\",\"@graph\":[{\"@type\":\"WebPage\",\"@id\":\"https:\/\/schroevendump.nl\/fr\/produit\/bouchons-a-percussion-10-0-x-120-25-pieces\/\",\"url\":\"https:\/\/schroevendump.nl\/fr\/produit\/bouchons-a-percussion-10-0-x-120-25-pieces\/\",\"name\":\"Bouchons \u00e0 percussion 10.0 x 120 25 pi\u00e8ces - Schroevendump\",\"isPartOf\":{\"@id\":\"https:\/\/schroevendump.nl\/fr\/#website\"},\"primaryImageOfPage\":{\"@id\":\"https:\/\/schroevendump.nl\/fr\/produit\/bouchons-a-percussion-10-0-x-120-25-pieces\/#primaryimage\"},\"image\":{\"@id\":\"https:\/\/schroevendump.nl\/fr\/produit\/bouchons-a-percussion-10-0-x-120-25-pieces\/#primaryimage\"},\"thumbnailUrl\":\"https:\/\/schroevendump.nl\/wp-content\/uploads\/2024\/08\/859-nagelplug.png\",\"datePublished\":\"2025-04-16T18:13:14+00:00\",\"dateModified\":\"2025-12-10T11:32:46+00:00\",\"breadcrumb\":{\"@id\":\"https:\/\/schroevendump.nl\/fr\/produit\/bouchons-a-percussion-10-0-x-120-25-pieces\/#breadcrumb\"},\"inLanguage\":\"fr-FR\",\"potentialAction\":[{\"@type\":\"ReadAction\",\"target\":[\"https:\/\/schroevendump.nl\/fr\/produit\/bouchons-a-percussion-10-0-x-120-25-pieces\/\"]}]},{\"@type\":\"ImageObject\",\"inLanguage\":\"fr-FR\",\"@id\":\"https:\/\/schroevendump.nl\/fr\/produit\/bouchons-a-percussion-10-0-x-120-25-pieces\/#primaryimage\",\"url\":\"https:\/\/schroevendump.nl\/wp-content\/uploads\/2024\/08\/859-nagelplug.png\",\"contentUrl\":\"https:\/\/schroevendump.nl\/wp-content\/uploads\/2024\/08\/859-nagelplug.png\",\"width\":710,\"height\":710,\"caption\":\"cheville \u00e0 frapper\"},{\"@type\":\"BreadcrumbList\",\"@id\":\"https:\/\/schroevendump.nl\/fr\/produit\/bouchons-a-percussion-10-0-x-120-25-pieces\/#breadcrumb\",\"itemListElement\":[{\"@type\":\"ListItem\",\"position\":1,\"name\":\"Accueil\",\"item\":\"https:\/\/schroevendump.nl\/fr\/\"},{\"@type\":\"ListItem\",\"position\":2,\"name\":\"Boutique\",\"item\":\"https:\/\/schroevendump.nl\/fr\/boutique\/\"},{\"@type\":\"ListItem\",\"position\":3,\"name\":\"Bouchons \u00e0 percussion 10.0 x 120 25 pi\u00e8ces\"}]},{\"@type\":\"WebSite\",\"@id\":\"https:\/\/schroevendump.nl\/fr\/#website\",\"url\":\"https:\/\/schroevendump.nl\/fr\/\",\"name\":\"Schroevendump\",\"description\":\"\",\"potentialAction\":[{\"@type\":\"SearchAction\",\"target\":{\"@type\":\"EntryPoint\",\"urlTemplate\":\"https:\/\/schroevendump.nl\/fr\/?s={search_term_string}\"},\"query-input\":{\"@type\":\"PropertyValueSpecification\",\"valueRequired\":true,\"valueName\":\"search_term_string\"}}],\"inLanguage\":\"fr-FR\"}]}<\/script>\n<!-- \/ Yoast SEO plugin. -->","yoast_head_json":{"title":"Bouchons \u00e0 percussion 10.0 x 120 25 pi\u00e8ces - Schroevendump","robots":{"index":"index","follow":"follow","max-snippet":"max-snippet:-1","max-image-preview":"max-image-preview:large","max-video-preview":"max-video-preview:-1"},"canonical":"https:\/\/schroevendump.nl\/fr\/produit\/bouchons-a-percussion-10-0-x-120-25-pieces\/","og_locale":"fr_FR","og_type":"article","og_title":"Bouchons \u00e0 percussion 10.0 x 120 25 pi\u00e8ces - Schroevendump","og_description":"Les chevilles \u00e0 clous (\u00e9galement appel\u00e9es chevilles \u00e0 marteau ou chevilles \u00e0 clous) conviennent parfaitement \u00e0 l&#8217;assemblage rapide des travaux d&#8217;int\u00e9rieur. Le bouchon s&#8217;\u00e9largit au fur et \u00e0 mesure que le clou est enfonc\u00e9 et devient tr\u00e8s solidement ancr\u00e9 par la pression lat\u00e9rale exerc\u00e9e sur le trou de forage. La connexion de l&#8217;embout PZ sur [&hellip;]","og_url":"https:\/\/schroevendump.nl\/fr\/produit\/bouchons-a-percussion-10-0-x-120-25-pieces\/","og_site_name":"Schroevendump","article_modified_time":"2025-12-10T11:32:46+00:00","og_image":[{"width":710,"height":710,"url":"https:\/\/schroevendump.nl\/wp-content\/uploads\/2024\/08\/859-nagelplug.png","type":"image\/png"}],"twitter_card":"summary_large_image","twitter_misc":{"Dur\u00e9e de lecture estim\u00e9e":"1 minute"},"schema":{"@context":"https:\/\/schema.org","@graph":[{"@type":"WebPage","@id":"https:\/\/schroevendump.nl\/fr\/produit\/bouchons-a-percussion-10-0-x-120-25-pieces\/","url":"https:\/\/schroevendump.nl\/fr\/produit\/bouchons-a-percussion-10-0-x-120-25-pieces\/","name":"Bouchons \u00e0 percussion 10.0 x 120 25 pi\u00e8ces - Schroevendump","isPartOf":{"@id":"https:\/\/schroevendump.nl\/fr\/#website"},"primaryImageOfPage":{"@id":"https:\/\/schroevendump.nl\/fr\/produit\/bouchons-a-percussion-10-0-x-120-25-pieces\/#primaryimage"},"image":{"@id":"https:\/\/schroevendump.nl\/fr\/produit\/bouchons-a-percussion-10-0-x-120-25-pieces\/#primaryimage"},"thumbnailUrl":"https:\/\/schroevendump.nl\/wp-content\/uploads\/2024\/08\/859-nagelplug.png","datePublished":"2025-04-16T18:13:14+00:00","dateModified":"2025-12-10T11:32:46+00:00","breadcrumb":{"@id":"https:\/\/schroevendump.nl\/fr\/produit\/bouchons-a-percussion-10-0-x-120-25-pieces\/#breadcrumb"},"inLanguage":"fr-FR","potentialAction":[{"@type":"ReadAction","target":["https:\/\/schroevendump.nl\/fr\/produit\/bouchons-a-percussion-10-0-x-120-25-pieces\/"]}]},{"@type":"ImageObject","inLanguage":"fr-FR","@id":"https:\/\/schroevendump.nl\/fr\/produit\/bouchons-a-percussion-10-0-x-120-25-pieces\/#primaryimage","url":"https:\/\/schroevendump.nl\/wp-content\/uploads\/2024\/08\/859-nagelplug.png","contentUrl":"https:\/\/schroevendump.nl\/wp-content\/uploads\/2024\/08\/859-nagelplug.png","width":710,"height":710,"caption":"cheville \u00e0 frapper"},{"@type":"BreadcrumbList","@id":"https:\/\/schroevendump.nl\/fr\/produit\/bouchons-a-percussion-10-0-x-120-25-pieces\/#breadcrumb","itemListElement":[{"@type":"ListItem","position":1,"name":"Accueil","item":"https:\/\/schroevendump.nl\/fr\/"},{"@type":"ListItem","position":2,"name":"Boutique","item":"https:\/\/schroevendump.nl\/fr\/boutique\/"},{"@type":"ListItem","position":3,"name":"Bouchons \u00e0 percussion 10.0 x 120 25 pi\u00e8ces"}]},{"@type":"WebSite","@id":"https:\/\/schroevendump.nl\/fr\/#website","url":"https:\/\/schroevendump.nl\/fr\/","name":"Schroevendump","description":"","potentialAction":[{"@type":"SearchAction","target":{"@type":"EntryPoint","urlTemplate":"https:\/\/schroevendump.nl\/fr\/?s={search_term_string}"},"query-input":{"@type":"PropertyValueSpecification","valueRequired":true,"valueName":"search_term_string"}}],"inLanguage":"fr-FR"}]}},"_links":{"self":[{"href":"https:\/\/schroevendump.nl\/fr\/wp-json\/wp\/v2\/product\/27216","targetHints":{"allow":["GET"]}}],"collection":[{"href":"https:\/\/schroevendump.nl\/fr\/wp-json\/wp\/v2\/product"}],"about":[{"href":"https:\/\/schroevendump.nl\/fr\/wp-json\/wp\/v2\/types\/product"}],"replies":[{"embeddable":true,"href":"https:\/\/schroevendump.nl\/fr\/wp-json\/wp\/v2\/comments?post=27216"}],"wp:featuredmedia":[{"embeddable":true,"href":"https:\/\/schroevendump.nl\/fr\/wp-json\/wp\/v2\/media\/26650"}],"wp:attachment":[{"href":"https:\/\/schroevendump.nl\/fr\/wp-json\/wp\/v2\/media?parent=27216"}],"wp:term":[{"taxonomy":"product_brand","embeddable":true,"href":"https:\/\/schroevendump.nl\/fr\/wp-json\/wp\/v2\/product_brand?post=27216"},{"taxonomy":"product_cat","embeddable":true,"href":"https:\/\/schroevendump.nl\/fr\/wp-json\/wp\/v2\/product_cat?post=27216"},{"taxonomy":"product_tag","embeddable":true,"href":"https:\/\/schroevendump.nl\/fr\/wp-json\/wp\/v2\/product_tag?post=27216"}],"curies":[{"name":"wp","href":"https:\/\/api.w.org\/{rel}","templated":true}]}}