{"id":27243,"date":"2025-03-19T20:29:24","date_gmt":"2025-03-19T20:29:24","guid":{"rendered":"https:\/\/schroevendump.nl\/product\/griffon-wood-max-express-power-380g-adhesif-pour-construction-en-bois-a-sechage-rapide-resistant-a-leau-d4\/"},"modified":"2025-12-10T11:33:01","modified_gmt":"2025-12-10T11:33:01","slug":"griffon-wood-max-express-power-380g-adhesif-pour-construction-en-bois-a-sechage-rapide-resistant-a-leau-d4","status":"publish","type":"product","link":"https:\/\/schroevendump.nl\/fr\/produit\/griffon-wood-max-express-power-380g-adhesif-pour-construction-en-bois-a-sechage-rapide-resistant-a-leau-d4\/","title":{"rendered":"Griffon Wood Max Express Power 380g &#8211; Adh\u00e9sif pour construction en bois \u00e0 s\u00e9chage rapide &#8211; R\u00e9sistant \u00e0 l&#8217;eau D4"},"content":{"rendered":"<h3 class=\"\" data-start=\"635\" data-end=\"670\">\ud83d\udd39 <strong data-start=\"642\" data-end=\"670\">Caract\u00e9ristiques principales :<\/strong><\/h3>\n<ul data-start=\"672\" data-end=\"1255\">\n<li class=\"\" data-start=\"672\" data-end=\"732\">\n<p class=\"\" data-start=\"674\" data-end=\"732\">\u2705 <strong data-start=\"676\" data-end=\"691\">S\u00e9chage rapide<\/strong>: <span class=\"relative -mx-px my-[-0.2rem] rounded px-px py-[0.2rem] transition-colors duration-100 ease-in-out\">rapide \u00e0 la main apr\u00e8s 30 minutes<\/span><\/p>\n<\/li>\n<li class=\"\" data-start=\"733\" data-end=\"798\">\n<p class=\"\" data-start=\"735\" data-end=\"798\">\u2705 <strong data-start=\"737\" data-end=\"757\">R\u00e9sistance finale \u00e9lev\u00e9e<\/strong>: <span class=\"relative -mx-px my-[-0.2rem] rounded px-px py-[0.2rem] transition-colors duration-100 ease-in-out\">110 kg\/cm\u00b2<\/span>.<\/p>\n<\/li>\n<li class=\"\" data-start=\"799\" data-end=\"862\">\n<p class=\"\" data-start=\"801\" data-end=\"862\">\u2705 <strong data-start=\"803\" data-end=\"821\">R\u00e9sistance \u00e0 l&#8217;eau<\/strong>: <span class=\"relative -mx-px my-[-0.2rem] rounded px-px py-[0.2rem] transition-colors duration-100 ease-in-out\">classification D4 selon EN 204<\/span><\/p>\n<\/li>\n<li class=\"\" data-start=\"863\" data-end=\"928\">\n<p class=\"\" data-start=\"865\" data-end=\"928\"><strong data-start=\"867\" data-end=\"887\">Capacit\u00e9 de remplissage<\/strong>: <span class=\"relative -mx-px my-[-0.2rem] rounded px-px py-[0.2rem] transition-colors duration-100 ease-in-out\">Jusqu&#8217;\u00e0 4 mm<\/span><\/p>\n<\/li>\n<li class=\"\" data-start=\"929\" data-end=\"1006\">\n<p class=\"\" data-start=\"931\" data-end=\"1006\">\u2705 <strong data-start=\"933\" data-end=\"965\">Flexible et peignable<\/strong>: <span class=\"relative -mx-px my-[-0.2rem] rounded px-px py-[0.2rem] transition-colors duration-100 ease-in-out\">\u00c9lasticit\u00e9 permanente et possibilit\u00e9 de finition.<\/span><\/p>\n<\/li>\n<li class=\"\" data-start=\"1007\" data-end=\"1077\">\n<p class=\"\" data-start=\"1009\" data-end=\"1077\">\u2705 <strong data-start=\"1011\" data-end=\"1036\">R\u00e9sistant aux intemp\u00e9ries et aux UV<\/strong>: <span class=\"relative -mx-px my-[-0.2rem] rounded px-px py-[0.2rem] transition-colors duration-100 ease-in-out\">convient \u00e0 une utilisation en ext\u00e9rieur<\/span><\/p>\n<\/li>\n<li class=\"\" data-start=\"1078\" data-end=\"1137\">\n<p class=\"\" data-start=\"1080\" data-end=\"1137\"><strong data-start=\"1082\" data-end=\"1096\">Thixotropique<\/strong>: <span class=\"relative -mx-px my-[-0.2rem] rounded px-px py-[0.2rem] transition-colors duration-100 ease-in-out\">ne goutte pas dans les applications verticales<\/span><\/p>\n<\/li>\n<li class=\"\" data-start=\"1138\" data-end=\"1255\">\n<p class=\"\" data-start=\"1140\" data-end=\"1255\">\u2705 <strong data-start=\"1142\" data-end=\"1168\">PU et sans solvant<\/strong>: <span class=\"relative -mx-px my-[-0.2rem] rounded px-px py-[0.2rem] transition-colors duration-100 ease-in-out\">s\u00fbr et respectueux de l&#8217;environnement<\/span><\/p>\n<\/li>\n<\/ul>\n<p class=\"\" data-start=\"1257\" data-end=\"1342\"><span class=\"relative -mx-px my-[-0.2rem] rounded px-px py-[0.2rem] transition-colors duration-100 ease-in-out\">Griffon Wood Max Express Power 380g est le choix id\u00e9al pour les professionnels de la construction en bois, de la menuiserie et d&#8217;autres applications n\u00e9cessitant un collage fort, rapide et durable.<\/span><\/p>\n<p><span class=\"relative -mx-px my-[-0.2rem] rounded px-px py-[0.2rem] transition-colors duration-100 ease-in-out\">Griffon Wood Max Express Power 380g est une colle de construction bois de haute qualit\u00e9 \u00e0 base de polym\u00e8re SMP, sp\u00e9cialement d\u00e9velopp\u00e9e pour un collage rapide et solide.<\/span> <span class=\"relative -mx-px my-[-0.2rem] rounded px-px py-[0.2rem] transition-colors duration-100 ease-in-out\">Avec une r\u00e9sistance manuelle en 30 minutes et une r\u00e9sistance finale de 110 kg\/cm\u00b2, cet adh\u00e9sif est id\u00e9al pour les applications int\u00e9rieures et ext\u00e9rieures.<\/span> <span class=\"relative -mx-px my-[-0.2rem] rounded px-px py-[0.2rem] transition-colors duration-100 ease-in-out\">L&#8217;adh\u00e9sif est r\u00e9sistant \u00e0 l&#8217;eau selon la norme D4 (EN 204), ce qui le rend appropri\u00e9 pour les applications o\u00f9 l&#8217;exposition \u00e0 l&#8217;humidit\u00e9 est de longue dur\u00e9e.<\/span><\/p>\n<p><span class=\"relative -mx-px my-[-0.2rem] rounded px-px py-[0.2rem] transition-colors duration-100 ease-in-out\">Avec d&#8217;excellentes propri\u00e9t\u00e9s de remplissage jusqu&#8217;\u00e0 4 mm et une flexibilit\u00e9 permanente, l&#8217;adh\u00e9sif est parfait pour les joints moins ajust\u00e9s, tels que le bois non rabot\u00e9.<\/span> <span class=\"relative -mx-px my-[-0.2rem] rounded px-px py-[0.2rem] transition-colors duration-100 ease-in-out\">La colle est exempte de PU et de solvants, peut \u00eatre peinte, r\u00e9siste aux UV et aux intemp\u00e9ries et ne coule pas gr\u00e2ce \u00e0 sa composition thixotropique.<\/span><\/p>\n","protected":false},"excerpt":{"rendered":"<p>\ud83d\udd39 Caract\u00e9ristiques principales : \u2705 S\u00e9chage rapide: rapide \u00e0 la main apr\u00e8s 30 minutes \u2705 R\u00e9sistance finale \u00e9lev\u00e9e: 110 kg\/cm\u00b2. \u2705 R\u00e9sistance \u00e0 l&#8217;eau: classification D4 selon EN 204 Capacit\u00e9 de remplissage: Jusqu&#8217;\u00e0 4 mm \u2705 Flexible et peignable: \u00c9lasticit\u00e9 permanente et possibilit\u00e9 de finition. \u2705 R\u00e9sistant aux intemp\u00e9ries et aux UV: convient \u00e0 une [&hellip;]<\/p>\n","protected":false},"featured_media":27246,"comment_status":"open","ping_status":"closed","template":"","meta":[],"product_brand":[],"product_cat":[580],"product_tag":[],"class_list":{"0":"post-27243","1":"product","2":"type-product","3":"status-publish","4":"has-post-thumbnail","6":"product_cat-colles-et-mastics","8":"first","9":"outofstock","10":"taxable","11":"shipping-taxable","12":"purchasable","13":"product-type-simple"},"supplier_id":null,"supplier_sku":"","barcode":null,"atum_controlled":true,"out_stock_date":null,"out_stock_threshold":null,"inheritable":false,"inbound_stock":0,"stock_on_hold":0,"sold_today":0,"sales_last_days":0,"reserved_stock":0,"customer_returns":0,"warehouse_damage":0,"lost_in_post":0,"other_logs":0,"out_stock_days":0,"lost_sales":0,"has_location":false,"update_date":"2026-04-25T01:04:11","atum_locations":[],"atum_stock_status":"outofstock","restock_status":false,"low_stock_amount":"","sales_update_date":"2026-04-25T01:04:10","calc_backorders":null,"acf":[],"yoast_head":"<!-- This site is optimized with the Yoast SEO plugin v26.6 - https:\/\/yoast.com\/wordpress\/plugins\/seo\/ -->\n<title>Griffon Wood Max Express Power 380g - Adh\u00e9sif pour construction en bois \u00e0 s\u00e9chage rapide - R\u00e9sistant \u00e0 l&#039;eau D4 - Schroevendump<\/title>\n<meta name=\"robots\" content=\"index, follow, max-snippet:-1, max-image-preview:large, max-video-preview:-1\" \/>\n<link rel=\"canonical\" href=\"https:\/\/schroevendump.nl\/fr\/produit\/griffon-wood-max-express-power-380g-adhesif-pour-construction-en-bois-a-sechage-rapide-resistant-a-leau-d4\/\" \/>\n<meta property=\"og:locale\" content=\"fr_FR\" \/>\n<meta property=\"og:type\" content=\"article\" \/>\n<meta property=\"og:title\" content=\"Griffon Wood Max Express Power 380g - Adh\u00e9sif pour construction en bois \u00e0 s\u00e9chage rapide - R\u00e9sistant \u00e0 l&#039;eau D4 - Schroevendump\" \/>\n<meta property=\"og:description\" content=\"\ud83d\udd39 Caract\u00e9ristiques principales : \u2705 S\u00e9chage rapide: rapide \u00e0 la main apr\u00e8s 30 minutes \u2705 R\u00e9sistance finale \u00e9lev\u00e9e: 110 kg\/cm\u00b2. \u2705 R\u00e9sistance \u00e0 l&#8217;eau: classification D4 selon EN 204 Capacit\u00e9 de remplissage: Jusqu&#8217;\u00e0 4 mm \u2705 Flexible et peignable: \u00c9lasticit\u00e9 permanente et possibilit\u00e9 de finition. \u2705 R\u00e9sistant aux intemp\u00e9ries et aux UV: convient \u00e0 une [&hellip;]\" \/>\n<meta property=\"og:url\" content=\"https:\/\/schroevendump.nl\/fr\/produit\/griffon-wood-max-express-power-380g-adhesif-pour-construction-en-bois-a-sechage-rapide-resistant-a-leau-d4\/\" \/>\n<meta property=\"og:site_name\" content=\"Schroevendump\" \/>\n<meta property=\"article:modified_time\" content=\"2025-12-10T11:33:01+00:00\" \/>\n<meta property=\"og:image\" content=\"https:\/\/schroevendump.nl\/wp-content\/uploads\/2025\/03\/image-removebg-preview.png\" \/>\n\t<meta property=\"og:image:width\" content=\"500\" \/>\n\t<meta property=\"og:image:height\" content=\"500\" \/>\n\t<meta property=\"og:image:type\" content=\"image\/png\" \/>\n<meta name=\"twitter:card\" content=\"summary_large_image\" \/>\n<meta name=\"twitter:label1\" content=\"Dur\u00e9e de lecture estim\u00e9e\" \/>\n\t<meta name=\"twitter:data1\" content=\"1 minute\" \/>\n<script type=\"application\/ld+json\" class=\"yoast-schema-graph\">{\"@context\":\"https:\/\/schema.org\",\"@graph\":[{\"@type\":\"WebPage\",\"@id\":\"https:\/\/schroevendump.nl\/fr\/produit\/griffon-wood-max-express-power-380g-adhesif-pour-construction-en-bois-a-sechage-rapide-resistant-a-leau-d4\/\",\"url\":\"https:\/\/schroevendump.nl\/fr\/produit\/griffon-wood-max-express-power-380g-adhesif-pour-construction-en-bois-a-sechage-rapide-resistant-a-leau-d4\/\",\"name\":\"Griffon Wood Max Express Power 380g - Adh\u00e9sif pour construction en bois \u00e0 s\u00e9chage rapide - R\u00e9sistant \u00e0 l'eau D4 - Schroevendump\",\"isPartOf\":{\"@id\":\"https:\/\/schroevendump.nl\/fr\/#website\"},\"primaryImageOfPage\":{\"@id\":\"https:\/\/schroevendump.nl\/fr\/produit\/griffon-wood-max-express-power-380g-adhesif-pour-construction-en-bois-a-sechage-rapide-resistant-a-leau-d4\/#primaryimage\"},\"image\":{\"@id\":\"https:\/\/schroevendump.nl\/fr\/produit\/griffon-wood-max-express-power-380g-adhesif-pour-construction-en-bois-a-sechage-rapide-resistant-a-leau-d4\/#primaryimage\"},\"thumbnailUrl\":\"https:\/\/schroevendump.nl\/wp-content\/uploads\/2025\/03\/image-removebg-preview.png\",\"datePublished\":\"2025-03-19T20:29:24+00:00\",\"dateModified\":\"2025-12-10T11:33:01+00:00\",\"breadcrumb\":{\"@id\":\"https:\/\/schroevendump.nl\/fr\/produit\/griffon-wood-max-express-power-380g-adhesif-pour-construction-en-bois-a-sechage-rapide-resistant-a-leau-d4\/#breadcrumb\"},\"inLanguage\":\"fr-FR\",\"potentialAction\":[{\"@type\":\"ReadAction\",\"target\":[\"https:\/\/schroevendump.nl\/fr\/produit\/griffon-wood-max-express-power-380g-adhesif-pour-construction-en-bois-a-sechage-rapide-resistant-a-leau-d4\/\"]}]},{\"@type\":\"ImageObject\",\"inLanguage\":\"fr-FR\",\"@id\":\"https:\/\/schroevendump.nl\/fr\/produit\/griffon-wood-max-express-power-380g-adhesif-pour-construction-en-bois-a-sechage-rapide-resistant-a-leau-d4\/#primaryimage\",\"url\":\"https:\/\/schroevendump.nl\/wp-content\/uploads\/2025\/03\/image-removebg-preview.png\",\"contentUrl\":\"https:\/\/schroevendump.nl\/wp-content\/uploads\/2025\/03\/image-removebg-preview.png\",\"width\":500,\"height\":500},{\"@type\":\"BreadcrumbList\",\"@id\":\"https:\/\/schroevendump.nl\/fr\/produit\/griffon-wood-max-express-power-380g-adhesif-pour-construction-en-bois-a-sechage-rapide-resistant-a-leau-d4\/#breadcrumb\",\"itemListElement\":[{\"@type\":\"ListItem\",\"position\":1,\"name\":\"Accueil\",\"item\":\"https:\/\/schroevendump.nl\/fr\/\"},{\"@type\":\"ListItem\",\"position\":2,\"name\":\"Boutique\",\"item\":\"https:\/\/schroevendump.nl\/fr\/boutique\/\"},{\"@type\":\"ListItem\",\"position\":3,\"name\":\"Griffon Wood Max Express Power 380g &#8211; Adh\u00e9sif pour construction en bois \u00e0 s\u00e9chage rapide &#8211; R\u00e9sistant \u00e0 l&#8217;eau D4\"}]},{\"@type\":\"WebSite\",\"@id\":\"https:\/\/schroevendump.nl\/fr\/#website\",\"url\":\"https:\/\/schroevendump.nl\/fr\/\",\"name\":\"Schroevendump\",\"description\":\"\",\"potentialAction\":[{\"@type\":\"SearchAction\",\"target\":{\"@type\":\"EntryPoint\",\"urlTemplate\":\"https:\/\/schroevendump.nl\/fr\/?s={search_term_string}\"},\"query-input\":{\"@type\":\"PropertyValueSpecification\",\"valueRequired\":true,\"valueName\":\"search_term_string\"}}],\"inLanguage\":\"fr-FR\"}]}<\/script>\n<!-- \/ Yoast SEO plugin. -->","yoast_head_json":{"title":"Griffon Wood Max Express Power 380g - Adh\u00e9sif pour construction en bois \u00e0 s\u00e9chage rapide - R\u00e9sistant \u00e0 l'eau D4 - Schroevendump","robots":{"index":"index","follow":"follow","max-snippet":"max-snippet:-1","max-image-preview":"max-image-preview:large","max-video-preview":"max-video-preview:-1"},"canonical":"https:\/\/schroevendump.nl\/fr\/produit\/griffon-wood-max-express-power-380g-adhesif-pour-construction-en-bois-a-sechage-rapide-resistant-a-leau-d4\/","og_locale":"fr_FR","og_type":"article","og_title":"Griffon Wood Max Express Power 380g - Adh\u00e9sif pour construction en bois \u00e0 s\u00e9chage rapide - R\u00e9sistant \u00e0 l'eau D4 - Schroevendump","og_description":"\ud83d\udd39 Caract\u00e9ristiques principales : \u2705 S\u00e9chage rapide: rapide \u00e0 la main apr\u00e8s 30 minutes \u2705 R\u00e9sistance finale \u00e9lev\u00e9e: 110 kg\/cm\u00b2. \u2705 R\u00e9sistance \u00e0 l&#8217;eau: classification D4 selon EN 204 Capacit\u00e9 de remplissage: Jusqu&#8217;\u00e0 4 mm \u2705 Flexible et peignable: \u00c9lasticit\u00e9 permanente et possibilit\u00e9 de finition. \u2705 R\u00e9sistant aux intemp\u00e9ries et aux UV: convient \u00e0 une [&hellip;]","og_url":"https:\/\/schroevendump.nl\/fr\/produit\/griffon-wood-max-express-power-380g-adhesif-pour-construction-en-bois-a-sechage-rapide-resistant-a-leau-d4\/","og_site_name":"Schroevendump","article_modified_time":"2025-12-10T11:33:01+00:00","og_image":[{"width":500,"height":500,"url":"https:\/\/schroevendump.nl\/wp-content\/uploads\/2025\/03\/image-removebg-preview.png","type":"image\/png"}],"twitter_card":"summary_large_image","twitter_misc":{"Dur\u00e9e de lecture estim\u00e9e":"1 minute"},"schema":{"@context":"https:\/\/schema.org","@graph":[{"@type":"WebPage","@id":"https:\/\/schroevendump.nl\/fr\/produit\/griffon-wood-max-express-power-380g-adhesif-pour-construction-en-bois-a-sechage-rapide-resistant-a-leau-d4\/","url":"https:\/\/schroevendump.nl\/fr\/produit\/griffon-wood-max-express-power-380g-adhesif-pour-construction-en-bois-a-sechage-rapide-resistant-a-leau-d4\/","name":"Griffon Wood Max Express Power 380g - Adh\u00e9sif pour construction en bois \u00e0 s\u00e9chage rapide - R\u00e9sistant \u00e0 l'eau D4 - Schroevendump","isPartOf":{"@id":"https:\/\/schroevendump.nl\/fr\/#website"},"primaryImageOfPage":{"@id":"https:\/\/schroevendump.nl\/fr\/produit\/griffon-wood-max-express-power-380g-adhesif-pour-construction-en-bois-a-sechage-rapide-resistant-a-leau-d4\/#primaryimage"},"image":{"@id":"https:\/\/schroevendump.nl\/fr\/produit\/griffon-wood-max-express-power-380g-adhesif-pour-construction-en-bois-a-sechage-rapide-resistant-a-leau-d4\/#primaryimage"},"thumbnailUrl":"https:\/\/schroevendump.nl\/wp-content\/uploads\/2025\/03\/image-removebg-preview.png","datePublished":"2025-03-19T20:29:24+00:00","dateModified":"2025-12-10T11:33:01+00:00","breadcrumb":{"@id":"https:\/\/schroevendump.nl\/fr\/produit\/griffon-wood-max-express-power-380g-adhesif-pour-construction-en-bois-a-sechage-rapide-resistant-a-leau-d4\/#breadcrumb"},"inLanguage":"fr-FR","potentialAction":[{"@type":"ReadAction","target":["https:\/\/schroevendump.nl\/fr\/produit\/griffon-wood-max-express-power-380g-adhesif-pour-construction-en-bois-a-sechage-rapide-resistant-a-leau-d4\/"]}]},{"@type":"ImageObject","inLanguage":"fr-FR","@id":"https:\/\/schroevendump.nl\/fr\/produit\/griffon-wood-max-express-power-380g-adhesif-pour-construction-en-bois-a-sechage-rapide-resistant-a-leau-d4\/#primaryimage","url":"https:\/\/schroevendump.nl\/wp-content\/uploads\/2025\/03\/image-removebg-preview.png","contentUrl":"https:\/\/schroevendump.nl\/wp-content\/uploads\/2025\/03\/image-removebg-preview.png","width":500,"height":500},{"@type":"BreadcrumbList","@id":"https:\/\/schroevendump.nl\/fr\/produit\/griffon-wood-max-express-power-380g-adhesif-pour-construction-en-bois-a-sechage-rapide-resistant-a-leau-d4\/#breadcrumb","itemListElement":[{"@type":"ListItem","position":1,"name":"Accueil","item":"https:\/\/schroevendump.nl\/fr\/"},{"@type":"ListItem","position":2,"name":"Boutique","item":"https:\/\/schroevendump.nl\/fr\/boutique\/"},{"@type":"ListItem","position":3,"name":"Griffon Wood Max Express Power 380g &#8211; Adh\u00e9sif pour construction en bois \u00e0 s\u00e9chage rapide &#8211; R\u00e9sistant \u00e0 l&#8217;eau D4"}]},{"@type":"WebSite","@id":"https:\/\/schroevendump.nl\/fr\/#website","url":"https:\/\/schroevendump.nl\/fr\/","name":"Schroevendump","description":"","potentialAction":[{"@type":"SearchAction","target":{"@type":"EntryPoint","urlTemplate":"https:\/\/schroevendump.nl\/fr\/?s={search_term_string}"},"query-input":{"@type":"PropertyValueSpecification","valueRequired":true,"valueName":"search_term_string"}}],"inLanguage":"fr-FR"}]}},"_links":{"self":[{"href":"https:\/\/schroevendump.nl\/fr\/wp-json\/wp\/v2\/product\/27243","targetHints":{"allow":["GET"]}}],"collection":[{"href":"https:\/\/schroevendump.nl\/fr\/wp-json\/wp\/v2\/product"}],"about":[{"href":"https:\/\/schroevendump.nl\/fr\/wp-json\/wp\/v2\/types\/product"}],"replies":[{"embeddable":true,"href":"https:\/\/schroevendump.nl\/fr\/wp-json\/wp\/v2\/comments?post=27243"}],"wp:featuredmedia":[{"embeddable":true,"href":"https:\/\/schroevendump.nl\/fr\/wp-json\/wp\/v2\/media\/27246"}],"wp:attachment":[{"href":"https:\/\/schroevendump.nl\/fr\/wp-json\/wp\/v2\/media?parent=27243"}],"wp:term":[{"taxonomy":"product_brand","embeddable":true,"href":"https:\/\/schroevendump.nl\/fr\/wp-json\/wp\/v2\/product_brand?post=27243"},{"taxonomy":"product_cat","embeddable":true,"href":"https:\/\/schroevendump.nl\/fr\/wp-json\/wp\/v2\/product_cat?post=27243"},{"taxonomy":"product_tag","embeddable":true,"href":"https:\/\/schroevendump.nl\/fr\/wp-json\/wp\/v2\/product_tag?post=27243"}],"curies":[{"name":"wp","href":"https:\/\/api.w.org\/{rel}","templated":true}]}}