{"id":27298,"date":"2024-12-04T20:07:31","date_gmt":"2024-12-04T20:07:31","guid":{"rendered":"https:\/\/schroevendump.nl\/product\/jeu-de-vis-daction-grand-torx-a-tete-fraisee-fil-zingue\/"},"modified":"2025-12-16T12:54:59","modified_gmt":"2025-12-16T12:54:59","slug":"jeu-de-vis-daction-grand-torx-a-tete-fraisee-fil-zingue","status":"publish","type":"product","link":"https:\/\/schroevendump.nl\/fr\/produit\/jeu-de-vis-daction-grand-torx-a-tete-fraisee-fil-zingue\/","title":{"rendered":"Jeu de vis d&#8217;action grand Torx \u00e0 t\u00eate frais\u00e9e fil zingu\u00e9"},"content":{"rendered":"<ul>\n<li style=\"text-align: left;\">1x 4.0\u00d730 torx 20 bo\u00eete de 200 pi\u00e8ces<\/li>\n<li style=\"text-align: left;\">4x 4.0\u00d740 torx 20 contenu bo\u00eete 200 pcs<\/li>\n<li style=\"text-align: left;\">4x 4.5\u00d750 torx 20 bo\u00eete de 200 pi\u00e8ces<\/li>\n<li style=\"text-align: left;\">1x 4.5\u00d760 torx 20 bo\u00eete de 200 pi\u00e8ces<\/li>\n<li style=\"text-align: left;\">1x 4.5\u00d770 torx20 bo\u00eete de 200 pi\u00e8ces<\/li>\n<li style=\"text-align: left;\">2x 5.0\u00d780 torx 20 contenu bo\u00eete 200 pcs<\/li>\n<li style=\"text-align: left;\">2x 5.0\u00d7100 torx 20 contenu bo\u00eete 200 pcs<\/li>\n<li style=\"text-align: left;\">1x 5.0\u00d7120 torx 20 contenu bo\u00eete 200 pcs<\/li>\n<\/ul>\n<p><strong>Vis \u00e0 agglom\u00e9r\u00e9<\/strong><\/p>\n<p>Les vis \u00e0 agglom\u00e9r\u00e9 Schroevendump ont un entra\u00eenement Torx (TX). La vis est \u00e9quip\u00e9e d&#8217;une double t\u00eate plate, ce qui en fait l&#8217;une des plus robustes de sa cat\u00e9gorie.<br \/>\nCes vis \u00e0 agglom\u00e9r\u00e9 sont disponibles en version galvanis\u00e9e. <\/p>\n<p>Les vis pour panneaux d&#8217;agglom\u00e9r\u00e9 sont utilis\u00e9es dans un tr\u00e8s large \u00e9ventail d&#8217;applications et garantissent un traitement sans probl\u00e8me. Les vis sont rigoureusement contr\u00f4l\u00e9es apr\u00e8s la production, de sorte que vous avez la garantie de ne travailler qu&#8217;avec des vis de haute qualit\u00e9, sans bavures et tr\u00e8s r\u00e9sistantes.  Les vis portent donc le marquage CE, par lequel le fabricant indique que le produit est conforme aux exigences en mati\u00e8re de s\u00e9curit\u00e9, de sant\u00e9, d&#8217;environnement et de protection des consommateurs.<\/p>\n<p>\u00c0 quoi servent les vis \u00e0 agglom\u00e9r\u00e9 ?<\/p>\n<p>Les vis \u00e0 agglom\u00e9r\u00e9 Schroevendump sont parfaitement adapt\u00e9es \u00e0 diff\u00e9rents types de bois d&#8217;int\u00e9rieur comme l&#8217;\u00e9pic\u00e9a, le pin, le contreplaqu\u00e9, les panneaux d&#8217;underlayment. Les vis de qualit\u00e9 id\u00e9ales pour r\u00e9aliser des constructions telles que des cloisons, des fixations de panneaux, des finitions et des charpentes <\/p>\n<p>Il existe plusieurs types de vis Torx. Il existe un filetage partiel et un filetage complet. Le filetage partiel signifie que la vis est partiellement filet\u00e9e. La vis est souvent utilis\u00e9e pour serrer des assemblages de bois, par exemple pour monter des murs, ratisser des plafonds, monter des panneaux, fixer des planches de bois, etc. Les vis \u00e0 filetage complet sont \u00e0 l&#8217;oppos\u00e9 des vis \u00e0 filetage. Avec les vis \u00e0 filetage complet, le filetage va jusqu&#8217;en haut.     De plus, avec les vis Voldraad, il y a moins de force sur le bois lorsque vous voulez assembler deux pi\u00e8ces.<\/p>\n<p>L&#8217;entra\u00eenement d&#8217;une vis est \u00e9galement tr\u00e8s important. Il en existe diff\u00e9rents types, pensez par exemple \u00e0 la t\u00eate cruciforme (Pozidriv).  Il s&#8217;agit de la vis la plus courante sur le march\u00e9 jusqu&#8217;\u00e0 pr\u00e9sent. Les vis Torx sont de plus en plus nombreuses. Les vis Torx permettent \u00e0 vos outils d&#8217;avoir une bonne prise sur la vis afin que votre machine ne glisse pas. C&#8217;est l&#8217;une des raisons pour lesquelles nous ne vendons que des vis Torx. Nous vendons \u00e9galement l&#8217;embout correspondant \u00e0 chaque vis. Achetez donc toutes vos vis en ligne sur screwdump.com.    <\/p>\n<p>La photo du produit peut diff\u00e9rer du contenu de l&#8217;emballage.<\/p>\n<p>Enfin, chez Schroevendump Next generation, un changement a \u00e9t\u00e9 apport\u00e9 \u00e0 l&#8217;emballage. La bo\u00eete famili\u00e8re est rest\u00e9e la m\u00eame, mais n&#8217;a plus de fen\u00eatre transparente, \u00e9vitant ainsi l&#8217;utilisation de plastique dans le tri des d\u00e9chets. <\/p>\n<p>Recherchez la qualit\u00e9 au meilleur prix sur screwdump.co.uk et jetez un coup d&#8217;\u0153il \u00e0 notre page instragram.<\/p>\n","protected":false},"excerpt":{"rendered":"<p>1x 4.0\u00d730 torx 20 bo\u00eete de 200 pi\u00e8ces 4x 4.0\u00d740 torx 20 contenu bo\u00eete 200 pcs 4x 4.5\u00d750 torx 20 bo\u00eete de 200 pi\u00e8ces 1x 4.5\u00d760 torx 20 bo\u00eete de 200 pi\u00e8ces 1x 4.5\u00d770 torx20 bo\u00eete de 200 pi\u00e8ces 2x 5.0\u00d780 torx 20 contenu bo\u00eete 200 pcs 2x 5.0\u00d7100 torx 20 contenu bo\u00eete 200 pcs [&hellip;]<\/p>\n","protected":false},"featured_media":26608,"comment_status":"closed","ping_status":"closed","template":"","meta":[],"product_brand":[],"product_cat":[628],"product_tag":[],"class_list":{"0":"post-27298","1":"product","2":"type-product","3":"status-publish","4":"has-post-thumbnail","6":"product_cat-paquets-davantages","8":"first","9":"instock","10":"sale","11":"taxable","12":"shipping-taxable","13":"purchasable","14":"product-type-simple"},"supplier_id":null,"supplier_sku":"","barcode":null,"atum_controlled":true,"out_stock_date":null,"out_stock_threshold":null,"inheritable":false,"inbound_stock":0,"stock_on_hold":3,"sold_today":2,"sales_last_days":30,"reserved_stock":0,"customer_returns":0,"warehouse_damage":0,"lost_in_post":0,"other_logs":0,"out_stock_days":0,"lost_sales":0,"has_location":false,"update_date":"2026-04-18T20:21:14","atum_locations":[],"atum_stock_status":"instock","restock_status":true,"low_stock_amount":"","sales_update_date":"2026-04-18T20:21:14","calc_backorders":null,"acf":[],"yoast_head":"<!-- This site is optimized with the Yoast SEO plugin v26.6 - https:\/\/yoast.com\/wordpress\/plugins\/seo\/ -->\n<title>Jeu de vis d&#039;action grand Torx \u00e0 t\u00eate frais\u00e9e fil zingu\u00e9 - Schroevendump<\/title>\n<meta name=\"robots\" content=\"index, follow, max-snippet:-1, max-image-preview:large, max-video-preview:-1\" \/>\n<link rel=\"canonical\" href=\"https:\/\/schroevendump.nl\/fr\/produit\/jeu-de-vis-daction-grand-torx-a-tete-fraisee-fil-zingue\/\" \/>\n<meta property=\"og:locale\" content=\"fr_FR\" \/>\n<meta property=\"og:type\" content=\"article\" \/>\n<meta property=\"og:title\" content=\"Jeu de vis d&#039;action grand Torx \u00e0 t\u00eate frais\u00e9e fil zingu\u00e9 - Schroevendump\" \/>\n<meta property=\"og:description\" content=\"1x 4.0\u00d730 torx 20 bo\u00eete de 200 pi\u00e8ces 4x 4.0\u00d740 torx 20 contenu bo\u00eete 200 pcs 4x 4.5\u00d750 torx 20 bo\u00eete de 200 pi\u00e8ces 1x 4.5\u00d760 torx 20 bo\u00eete de 200 pi\u00e8ces 1x 4.5\u00d770 torx20 bo\u00eete de 200 pi\u00e8ces 2x 5.0\u00d780 torx 20 contenu bo\u00eete 200 pcs 2x 5.0\u00d7100 torx 20 contenu bo\u00eete 200 pcs [&hellip;]\" \/>\n<meta property=\"og:url\" content=\"https:\/\/schroevendump.nl\/fr\/produit\/jeu-de-vis-daction-grand-torx-a-tete-fraisee-fil-zingue\/\" \/>\n<meta property=\"og:site_name\" content=\"Schroevendump\" \/>\n<meta property=\"article:modified_time\" content=\"2025-12-16T12:54:59+00:00\" \/>\n<meta property=\"og:image\" content=\"https:\/\/schroevendump.nl\/wp-content\/uploads\/2024\/08\/image00001-scaled-1.jpeg\" \/>\n\t<meta property=\"og:image:width\" content=\"2560\" \/>\n\t<meta property=\"og:image:height\" content=\"1920\" \/>\n\t<meta property=\"og:image:type\" content=\"image\/jpeg\" \/>\n<meta name=\"twitter:card\" content=\"summary_large_image\" \/>\n<meta name=\"twitter:label1\" content=\"Dur\u00e9e de lecture estim\u00e9e\" \/>\n\t<meta name=\"twitter:data1\" content=\"3 minutes\" \/>\n<script type=\"application\/ld+json\" class=\"yoast-schema-graph\">{\"@context\":\"https:\/\/schema.org\",\"@graph\":[{\"@type\":\"WebPage\",\"@id\":\"https:\/\/schroevendump.nl\/fr\/produit\/jeu-de-vis-daction-grand-torx-a-tete-fraisee-fil-zingue\/\",\"url\":\"https:\/\/schroevendump.nl\/fr\/produit\/jeu-de-vis-daction-grand-torx-a-tete-fraisee-fil-zingue\/\",\"name\":\"Jeu de vis d'action grand Torx \u00e0 t\u00eate frais\u00e9e fil zingu\u00e9 - Schroevendump\",\"isPartOf\":{\"@id\":\"https:\/\/schroevendump.nl\/fr\/#website\"},\"primaryImageOfPage\":{\"@id\":\"https:\/\/schroevendump.nl\/fr\/produit\/jeu-de-vis-daction-grand-torx-a-tete-fraisee-fil-zingue\/#primaryimage\"},\"image\":{\"@id\":\"https:\/\/schroevendump.nl\/fr\/produit\/jeu-de-vis-daction-grand-torx-a-tete-fraisee-fil-zingue\/#primaryimage\"},\"thumbnailUrl\":\"https:\/\/schroevendump.nl\/wp-content\/uploads\/2024\/08\/image00001-scaled-1.jpeg\",\"datePublished\":\"2024-12-04T20:07:31+00:00\",\"dateModified\":\"2025-12-16T12:54:59+00:00\",\"breadcrumb\":{\"@id\":\"https:\/\/schroevendump.nl\/fr\/produit\/jeu-de-vis-daction-grand-torx-a-tete-fraisee-fil-zingue\/#breadcrumb\"},\"inLanguage\":\"fr-FR\",\"potentialAction\":[{\"@type\":\"ReadAction\",\"target\":[\"https:\/\/schroevendump.nl\/fr\/produit\/jeu-de-vis-daction-grand-torx-a-tete-fraisee-fil-zingue\/\"]}]},{\"@type\":\"ImageObject\",\"inLanguage\":\"fr-FR\",\"@id\":\"https:\/\/schroevendump.nl\/fr\/produit\/jeu-de-vis-daction-grand-torx-a-tete-fraisee-fil-zingue\/#primaryimage\",\"url\":\"https:\/\/schroevendump.nl\/wp-content\/uploads\/2024\/08\/image00001-scaled-1.jpeg\",\"contentUrl\":\"https:\/\/schroevendump.nl\/wp-content\/uploads\/2024\/08\/image00001-scaled-1.jpeg\",\"width\":2560,\"height\":1920,\"caption\":\"vis\"},{\"@type\":\"BreadcrumbList\",\"@id\":\"https:\/\/schroevendump.nl\/fr\/produit\/jeu-de-vis-daction-grand-torx-a-tete-fraisee-fil-zingue\/#breadcrumb\",\"itemListElement\":[{\"@type\":\"ListItem\",\"position\":1,\"name\":\"Accueil\",\"item\":\"https:\/\/schroevendump.nl\/fr\/\"},{\"@type\":\"ListItem\",\"position\":2,\"name\":\"Boutique\",\"item\":\"https:\/\/schroevendump.nl\/fr\/boutique\/\"},{\"@type\":\"ListItem\",\"position\":3,\"name\":\"Jeu de vis d&#8217;action grand Torx \u00e0 t\u00eate frais\u00e9e fil zingu\u00e9\"}]},{\"@type\":\"WebSite\",\"@id\":\"https:\/\/schroevendump.nl\/fr\/#website\",\"url\":\"https:\/\/schroevendump.nl\/fr\/\",\"name\":\"Schroevendump\",\"description\":\"\",\"potentialAction\":[{\"@type\":\"SearchAction\",\"target\":{\"@type\":\"EntryPoint\",\"urlTemplate\":\"https:\/\/schroevendump.nl\/fr\/?s={search_term_string}\"},\"query-input\":{\"@type\":\"PropertyValueSpecification\",\"valueRequired\":true,\"valueName\":\"search_term_string\"}}],\"inLanguage\":\"fr-FR\"}]}<\/script>\n<!-- \/ Yoast SEO plugin. -->","yoast_head_json":{"title":"Jeu de vis d'action grand Torx \u00e0 t\u00eate frais\u00e9e fil zingu\u00e9 - Schroevendump","robots":{"index":"index","follow":"follow","max-snippet":"max-snippet:-1","max-image-preview":"max-image-preview:large","max-video-preview":"max-video-preview:-1"},"canonical":"https:\/\/schroevendump.nl\/fr\/produit\/jeu-de-vis-daction-grand-torx-a-tete-fraisee-fil-zingue\/","og_locale":"fr_FR","og_type":"article","og_title":"Jeu de vis d'action grand Torx \u00e0 t\u00eate frais\u00e9e fil zingu\u00e9 - Schroevendump","og_description":"1x 4.0\u00d730 torx 20 bo\u00eete de 200 pi\u00e8ces 4x 4.0\u00d740 torx 20 contenu bo\u00eete 200 pcs 4x 4.5\u00d750 torx 20 bo\u00eete de 200 pi\u00e8ces 1x 4.5\u00d760 torx 20 bo\u00eete de 200 pi\u00e8ces 1x 4.5\u00d770 torx20 bo\u00eete de 200 pi\u00e8ces 2x 5.0\u00d780 torx 20 contenu bo\u00eete 200 pcs 2x 5.0\u00d7100 torx 20 contenu bo\u00eete 200 pcs [&hellip;]","og_url":"https:\/\/schroevendump.nl\/fr\/produit\/jeu-de-vis-daction-grand-torx-a-tete-fraisee-fil-zingue\/","og_site_name":"Schroevendump","article_modified_time":"2025-12-16T12:54:59+00:00","og_image":[{"width":2560,"height":1920,"url":"https:\/\/schroevendump.nl\/wp-content\/uploads\/2024\/08\/image00001-scaled-1.jpeg","type":"image\/jpeg"}],"twitter_card":"summary_large_image","twitter_misc":{"Dur\u00e9e de lecture estim\u00e9e":"3 minutes"},"schema":{"@context":"https:\/\/schema.org","@graph":[{"@type":"WebPage","@id":"https:\/\/schroevendump.nl\/fr\/produit\/jeu-de-vis-daction-grand-torx-a-tete-fraisee-fil-zingue\/","url":"https:\/\/schroevendump.nl\/fr\/produit\/jeu-de-vis-daction-grand-torx-a-tete-fraisee-fil-zingue\/","name":"Jeu de vis d'action grand Torx \u00e0 t\u00eate frais\u00e9e fil zingu\u00e9 - Schroevendump","isPartOf":{"@id":"https:\/\/schroevendump.nl\/fr\/#website"},"primaryImageOfPage":{"@id":"https:\/\/schroevendump.nl\/fr\/produit\/jeu-de-vis-daction-grand-torx-a-tete-fraisee-fil-zingue\/#primaryimage"},"image":{"@id":"https:\/\/schroevendump.nl\/fr\/produit\/jeu-de-vis-daction-grand-torx-a-tete-fraisee-fil-zingue\/#primaryimage"},"thumbnailUrl":"https:\/\/schroevendump.nl\/wp-content\/uploads\/2024\/08\/image00001-scaled-1.jpeg","datePublished":"2024-12-04T20:07:31+00:00","dateModified":"2025-12-16T12:54:59+00:00","breadcrumb":{"@id":"https:\/\/schroevendump.nl\/fr\/produit\/jeu-de-vis-daction-grand-torx-a-tete-fraisee-fil-zingue\/#breadcrumb"},"inLanguage":"fr-FR","potentialAction":[{"@type":"ReadAction","target":["https:\/\/schroevendump.nl\/fr\/produit\/jeu-de-vis-daction-grand-torx-a-tete-fraisee-fil-zingue\/"]}]},{"@type":"ImageObject","inLanguage":"fr-FR","@id":"https:\/\/schroevendump.nl\/fr\/produit\/jeu-de-vis-daction-grand-torx-a-tete-fraisee-fil-zingue\/#primaryimage","url":"https:\/\/schroevendump.nl\/wp-content\/uploads\/2024\/08\/image00001-scaled-1.jpeg","contentUrl":"https:\/\/schroevendump.nl\/wp-content\/uploads\/2024\/08\/image00001-scaled-1.jpeg","width":2560,"height":1920,"caption":"vis"},{"@type":"BreadcrumbList","@id":"https:\/\/schroevendump.nl\/fr\/produit\/jeu-de-vis-daction-grand-torx-a-tete-fraisee-fil-zingue\/#breadcrumb","itemListElement":[{"@type":"ListItem","position":1,"name":"Accueil","item":"https:\/\/schroevendump.nl\/fr\/"},{"@type":"ListItem","position":2,"name":"Boutique","item":"https:\/\/schroevendump.nl\/fr\/boutique\/"},{"@type":"ListItem","position":3,"name":"Jeu de vis d&#8217;action grand Torx \u00e0 t\u00eate frais\u00e9e fil zingu\u00e9"}]},{"@type":"WebSite","@id":"https:\/\/schroevendump.nl\/fr\/#website","url":"https:\/\/schroevendump.nl\/fr\/","name":"Schroevendump","description":"","potentialAction":[{"@type":"SearchAction","target":{"@type":"EntryPoint","urlTemplate":"https:\/\/schroevendump.nl\/fr\/?s={search_term_string}"},"query-input":{"@type":"PropertyValueSpecification","valueRequired":true,"valueName":"search_term_string"}}],"inLanguage":"fr-FR"}]}},"_links":{"self":[{"href":"https:\/\/schroevendump.nl\/fr\/wp-json\/wp\/v2\/product\/27298","targetHints":{"allow":["GET"]}}],"collection":[{"href":"https:\/\/schroevendump.nl\/fr\/wp-json\/wp\/v2\/product"}],"about":[{"href":"https:\/\/schroevendump.nl\/fr\/wp-json\/wp\/v2\/types\/product"}],"replies":[{"embeddable":true,"href":"https:\/\/schroevendump.nl\/fr\/wp-json\/wp\/v2\/comments?post=27298"}],"wp:featuredmedia":[{"embeddable":true,"href":"https:\/\/schroevendump.nl\/fr\/wp-json\/wp\/v2\/media\/26608"}],"wp:attachment":[{"href":"https:\/\/schroevendump.nl\/fr\/wp-json\/wp\/v2\/media?parent=27298"}],"wp:term":[{"taxonomy":"product_brand","embeddable":true,"href":"https:\/\/schroevendump.nl\/fr\/wp-json\/wp\/v2\/product_brand?post=27298"},{"taxonomy":"product_cat","embeddable":true,"href":"https:\/\/schroevendump.nl\/fr\/wp-json\/wp\/v2\/product_cat?post=27298"},{"taxonomy":"product_tag","embeddable":true,"href":"https:\/\/schroevendump.nl\/fr\/wp-json\/wp\/v2\/product_tag?post=27298"}],"curies":[{"name":"wp","href":"https:\/\/api.w.org\/{rel}","templated":true}]}}