{"id":27324,"date":"2024-11-08T09:29:03","date_gmt":"2024-11-08T09:29:03","guid":{"rendered":"https:\/\/schroevendump.nl\/product\/vis-a-tete-fraisee-10-0-x-300-tx-40-zinguee-10-pieces\/"},"modified":"2025-12-10T11:20:04","modified_gmt":"2025-12-10T11:20:04","slug":"vis-a-tete-fraisee-10-0-x-300-tx-40-zinguee-10-pieces","status":"publish","type":"product","link":"https:\/\/schroevendump.nl\/fr\/produit\/vis-a-tete-fraisee-10-0-x-300-tx-40-zinguee-10-pieces\/","title":{"rendered":"Vis \u00e0 t\u00eate frais\u00e9e 10.0 x 300 TX-40 zingu\u00e9e 10 pi\u00e8ces"},"content":{"rendered":"<p><strong>Qu&#8217;est-ce qu&#8217;une vis \u00e0 t\u00eate frais\u00e9e ?<\/strong><\/p>\n<p>Les vis \u00e0 t\u00eate frais\u00e9e, \u00e9galement appel\u00e9es vis de construction en bois ou vis \u00e0 t\u00eate frais\u00e9e, sont <strong>con\u00e7ues pour la r\u00e9alisation de structures portantes en bois<\/strong>. La large contre-t\u00eate permet \u00e0 la vis d&#8217;avoir une grande plage de serrage. De plus, elles sont dot\u00e9es d&#8217;un entra\u00eenement Torx, ce qui rend l&#8217;assemblage rapide et facile.  <\/p>\n<p><strong>Jusqu&#8217;o\u00f9 une vis doit-elle p\u00e9n\u00e9trer dans le bois ?<\/strong><\/p>\n<p>La r\u00e8gle empirique est la suivante : <strong>\u00e9paisseur du mat\u00e9riau x 2,5<\/strong>. Ainsi, pour une planche de 10 mm.  vous aurez besoin d&#8217;une vis de 25 mm de long. Si vous suivez cette r\u00e8gle, vous aurez au moins la certitude que votre structure est solidement fix\u00e9e.<\/p>\n<p><strong>avantages :<\/strong><\/p>\n<ul>\n<li>Remplacement id\u00e9al des boulons filet\u00e9s en bois<\/li>\n<li>Vis en acier tremp\u00e9 \u00e0 haute r\u00e9sistance<\/li>\n<li>Large plage de serrage gr\u00e2ce \u00e0 la grande t\u00eate \u00e0 clapet<\/li>\n<li>Ar\u00eate de coupe suppl\u00e9mentaire sur la pointe du foret pour une capacit\u00e9 de per\u00e7age accrue<\/li>\n<li>Entra\u00eenement TX profond pour une transmission optimale de la puissance<\/li>\n<li>Tr\u00e8s faible r\u00e9sistance au vissage pour une facilit\u00e9 de vissage optimale<\/li>\n<\/ul>\n","protected":false},"excerpt":{"rendered":"<p>Qu&#8217;est-ce qu&#8217;une vis \u00e0 t\u00eate frais\u00e9e ? Les vis \u00e0 t\u00eate frais\u00e9e, \u00e9galement appel\u00e9es vis de construction en bois ou vis \u00e0 t\u00eate frais\u00e9e, sont con\u00e7ues pour la r\u00e9alisation de structures portantes en bois. La large contre-t\u00eate permet \u00e0 la vis d&#8217;avoir une grande plage de serrage. De plus, elles sont dot\u00e9es d&#8217;un entra\u00eenement Torx, [&hellip;]<\/p>\n","protected":false},"featured_media":27234,"comment_status":"open","ping_status":"closed","template":"","meta":[],"product_brand":[],"product_cat":[594],"product_tag":[],"class_list":{"0":"post-27324","1":"product","2":"type-product","3":"status-publish","4":"has-post-thumbnail","6":"product_cat-construction-en-bois-vis-a-tete-fraisee","7":"pa_draad-filetage-partiel","9":"first","10":"instock","11":"taxable","12":"shipping-taxable","13":"purchasable","14":"product-type-simple"},"supplier_id":null,"supplier_sku":"","barcode":null,"atum_controlled":true,"out_stock_date":null,"out_stock_threshold":null,"inheritable":false,"inbound_stock":0,"stock_on_hold":0,"sold_today":0,"sales_last_days":0,"reserved_stock":0,"customer_returns":0,"warehouse_damage":0,"lost_in_post":0,"other_logs":0,"out_stock_days":0,"lost_sales":0,"has_location":false,"update_date":"2026-04-04T00:57:12","atum_locations":[],"atum_stock_status":"instock","restock_status":false,"low_stock_amount":"","sales_update_date":"2026-04-04T00:57:11","calc_backorders":null,"acf":[],"yoast_head":"<!-- This site is optimized with the Yoast SEO plugin v26.6 - https:\/\/yoast.com\/wordpress\/plugins\/seo\/ -->\n<title>Vis \u00e0 t\u00eate frais\u00e9e 10.0 x 300 TX-40 zingu\u00e9e 10 pi\u00e8ces - Schroevendump<\/title>\n<meta name=\"robots\" content=\"index, follow, max-snippet:-1, max-image-preview:large, max-video-preview:-1\" \/>\n<link rel=\"canonical\" href=\"https:\/\/schroevendump.nl\/fr\/produit\/vis-a-tete-fraisee-10-0-x-300-tx-40-zinguee-10-pieces\/\" \/>\n<meta property=\"og:locale\" content=\"fr_FR\" \/>\n<meta property=\"og:type\" content=\"article\" \/>\n<meta property=\"og:title\" content=\"Vis \u00e0 t\u00eate frais\u00e9e 10.0 x 300 TX-40 zingu\u00e9e 10 pi\u00e8ces - Schroevendump\" \/>\n<meta property=\"og:description\" content=\"Qu&#8217;est-ce qu&#8217;une vis \u00e0 t\u00eate frais\u00e9e ? Les vis \u00e0 t\u00eate frais\u00e9e, \u00e9galement appel\u00e9es vis de construction en bois ou vis \u00e0 t\u00eate frais\u00e9e, sont con\u00e7ues pour la r\u00e9alisation de structures portantes en bois. La large contre-t\u00eate permet \u00e0 la vis d&#8217;avoir une grande plage de serrage. De plus, elles sont dot\u00e9es d&#8217;un entra\u00eenement Torx, [&hellip;]\" \/>\n<meta property=\"og:url\" content=\"https:\/\/schroevendump.nl\/fr\/produit\/vis-a-tete-fraisee-10-0-x-300-tx-40-zinguee-10-pieces\/\" \/>\n<meta property=\"og:site_name\" content=\"Schroevendump\" \/>\n<meta property=\"article:modified_time\" content=\"2025-12-10T11:20:04+00:00\" \/>\n<meta property=\"og:image\" content=\"https:\/\/schroevendump.nl\/wp-content\/uploads\/2024\/08\/818-houtbouwschroef-tellerkop-verzinkt-schroevendump.png\" \/>\n\t<meta property=\"og:image:width\" content=\"710\" \/>\n\t<meta property=\"og:image:height\" content=\"710\" \/>\n\t<meta property=\"og:image:type\" content=\"image\/png\" \/>\n<meta name=\"twitter:card\" content=\"summary_large_image\" \/>\n<meta name=\"twitter:label1\" content=\"Dur\u00e9e de lecture estim\u00e9e\" \/>\n\t<meta name=\"twitter:data1\" content=\"1 minute\" \/>\n<script type=\"application\/ld+json\" class=\"yoast-schema-graph\">{\"@context\":\"https:\/\/schema.org\",\"@graph\":[{\"@type\":\"WebPage\",\"@id\":\"https:\/\/schroevendump.nl\/fr\/produit\/vis-a-tete-fraisee-10-0-x-300-tx-40-zinguee-10-pieces\/\",\"url\":\"https:\/\/schroevendump.nl\/fr\/produit\/vis-a-tete-fraisee-10-0-x-300-tx-40-zinguee-10-pieces\/\",\"name\":\"Vis \u00e0 t\u00eate frais\u00e9e 10.0 x 300 TX-40 zingu\u00e9e 10 pi\u00e8ces - Schroevendump\",\"isPartOf\":{\"@id\":\"https:\/\/schroevendump.nl\/fr\/#website\"},\"primaryImageOfPage\":{\"@id\":\"https:\/\/schroevendump.nl\/fr\/produit\/vis-a-tete-fraisee-10-0-x-300-tx-40-zinguee-10-pieces\/#primaryimage\"},\"image\":{\"@id\":\"https:\/\/schroevendump.nl\/fr\/produit\/vis-a-tete-fraisee-10-0-x-300-tx-40-zinguee-10-pieces\/#primaryimage\"},\"thumbnailUrl\":\"https:\/\/schroevendump.nl\/wp-content\/uploads\/2024\/08\/818-houtbouwschroef-tellerkop-verzinkt-schroevendump.png\",\"datePublished\":\"2024-11-08T09:29:03+00:00\",\"dateModified\":\"2025-12-10T11:20:04+00:00\",\"breadcrumb\":{\"@id\":\"https:\/\/schroevendump.nl\/fr\/produit\/vis-a-tete-fraisee-10-0-x-300-tx-40-zinguee-10-pieces\/#breadcrumb\"},\"inLanguage\":\"fr-FR\",\"potentialAction\":[{\"@type\":\"ReadAction\",\"target\":[\"https:\/\/schroevendump.nl\/fr\/produit\/vis-a-tete-fraisee-10-0-x-300-tx-40-zinguee-10-pieces\/\"]}]},{\"@type\":\"ImageObject\",\"inLanguage\":\"fr-FR\",\"@id\":\"https:\/\/schroevendump.nl\/fr\/produit\/vis-a-tete-fraisee-10-0-x-300-tx-40-zinguee-10-pieces\/#primaryimage\",\"url\":\"https:\/\/schroevendump.nl\/wp-content\/uploads\/2024\/08\/818-houtbouwschroef-tellerkop-verzinkt-schroevendump.png\",\"contentUrl\":\"https:\/\/schroevendump.nl\/wp-content\/uploads\/2024\/08\/818-houtbouwschroef-tellerkop-verzinkt-schroevendump.png\",\"width\":710,\"height\":710,\"caption\":\"vis vis vidange\"},{\"@type\":\"BreadcrumbList\",\"@id\":\"https:\/\/schroevendump.nl\/fr\/produit\/vis-a-tete-fraisee-10-0-x-300-tx-40-zinguee-10-pieces\/#breadcrumb\",\"itemListElement\":[{\"@type\":\"ListItem\",\"position\":1,\"name\":\"Accueil\",\"item\":\"https:\/\/schroevendump.nl\/fr\/\"},{\"@type\":\"ListItem\",\"position\":2,\"name\":\"Boutique\",\"item\":\"https:\/\/schroevendump.nl\/fr\/boutique\/\"},{\"@type\":\"ListItem\",\"position\":3,\"name\":\"Vis \u00e0 t\u00eate frais\u00e9e 10.0 x 300 TX-40 zingu\u00e9e 10 pi\u00e8ces\"}]},{\"@type\":\"WebSite\",\"@id\":\"https:\/\/schroevendump.nl\/fr\/#website\",\"url\":\"https:\/\/schroevendump.nl\/fr\/\",\"name\":\"Schroevendump\",\"description\":\"\",\"potentialAction\":[{\"@type\":\"SearchAction\",\"target\":{\"@type\":\"EntryPoint\",\"urlTemplate\":\"https:\/\/schroevendump.nl\/fr\/?s={search_term_string}\"},\"query-input\":{\"@type\":\"PropertyValueSpecification\",\"valueRequired\":true,\"valueName\":\"search_term_string\"}}],\"inLanguage\":\"fr-FR\"}]}<\/script>\n<!-- \/ Yoast SEO plugin. -->","yoast_head_json":{"title":"Vis \u00e0 t\u00eate frais\u00e9e 10.0 x 300 TX-40 zingu\u00e9e 10 pi\u00e8ces - Schroevendump","robots":{"index":"index","follow":"follow","max-snippet":"max-snippet:-1","max-image-preview":"max-image-preview:large","max-video-preview":"max-video-preview:-1"},"canonical":"https:\/\/schroevendump.nl\/fr\/produit\/vis-a-tete-fraisee-10-0-x-300-tx-40-zinguee-10-pieces\/","og_locale":"fr_FR","og_type":"article","og_title":"Vis \u00e0 t\u00eate frais\u00e9e 10.0 x 300 TX-40 zingu\u00e9e 10 pi\u00e8ces - Schroevendump","og_description":"Qu&#8217;est-ce qu&#8217;une vis \u00e0 t\u00eate frais\u00e9e ? Les vis \u00e0 t\u00eate frais\u00e9e, \u00e9galement appel\u00e9es vis de construction en bois ou vis \u00e0 t\u00eate frais\u00e9e, sont con\u00e7ues pour la r\u00e9alisation de structures portantes en bois. La large contre-t\u00eate permet \u00e0 la vis d&#8217;avoir une grande plage de serrage. De plus, elles sont dot\u00e9es d&#8217;un entra\u00eenement Torx, [&hellip;]","og_url":"https:\/\/schroevendump.nl\/fr\/produit\/vis-a-tete-fraisee-10-0-x-300-tx-40-zinguee-10-pieces\/","og_site_name":"Schroevendump","article_modified_time":"2025-12-10T11:20:04+00:00","og_image":[{"width":710,"height":710,"url":"https:\/\/schroevendump.nl\/wp-content\/uploads\/2024\/08\/818-houtbouwschroef-tellerkop-verzinkt-schroevendump.png","type":"image\/png"}],"twitter_card":"summary_large_image","twitter_misc":{"Dur\u00e9e de lecture estim\u00e9e":"1 minute"},"schema":{"@context":"https:\/\/schema.org","@graph":[{"@type":"WebPage","@id":"https:\/\/schroevendump.nl\/fr\/produit\/vis-a-tete-fraisee-10-0-x-300-tx-40-zinguee-10-pieces\/","url":"https:\/\/schroevendump.nl\/fr\/produit\/vis-a-tete-fraisee-10-0-x-300-tx-40-zinguee-10-pieces\/","name":"Vis \u00e0 t\u00eate frais\u00e9e 10.0 x 300 TX-40 zingu\u00e9e 10 pi\u00e8ces - Schroevendump","isPartOf":{"@id":"https:\/\/schroevendump.nl\/fr\/#website"},"primaryImageOfPage":{"@id":"https:\/\/schroevendump.nl\/fr\/produit\/vis-a-tete-fraisee-10-0-x-300-tx-40-zinguee-10-pieces\/#primaryimage"},"image":{"@id":"https:\/\/schroevendump.nl\/fr\/produit\/vis-a-tete-fraisee-10-0-x-300-tx-40-zinguee-10-pieces\/#primaryimage"},"thumbnailUrl":"https:\/\/schroevendump.nl\/wp-content\/uploads\/2024\/08\/818-houtbouwschroef-tellerkop-verzinkt-schroevendump.png","datePublished":"2024-11-08T09:29:03+00:00","dateModified":"2025-12-10T11:20:04+00:00","breadcrumb":{"@id":"https:\/\/schroevendump.nl\/fr\/produit\/vis-a-tete-fraisee-10-0-x-300-tx-40-zinguee-10-pieces\/#breadcrumb"},"inLanguage":"fr-FR","potentialAction":[{"@type":"ReadAction","target":["https:\/\/schroevendump.nl\/fr\/produit\/vis-a-tete-fraisee-10-0-x-300-tx-40-zinguee-10-pieces\/"]}]},{"@type":"ImageObject","inLanguage":"fr-FR","@id":"https:\/\/schroevendump.nl\/fr\/produit\/vis-a-tete-fraisee-10-0-x-300-tx-40-zinguee-10-pieces\/#primaryimage","url":"https:\/\/schroevendump.nl\/wp-content\/uploads\/2024\/08\/818-houtbouwschroef-tellerkop-verzinkt-schroevendump.png","contentUrl":"https:\/\/schroevendump.nl\/wp-content\/uploads\/2024\/08\/818-houtbouwschroef-tellerkop-verzinkt-schroevendump.png","width":710,"height":710,"caption":"vis vis vidange"},{"@type":"BreadcrumbList","@id":"https:\/\/schroevendump.nl\/fr\/produit\/vis-a-tete-fraisee-10-0-x-300-tx-40-zinguee-10-pieces\/#breadcrumb","itemListElement":[{"@type":"ListItem","position":1,"name":"Accueil","item":"https:\/\/schroevendump.nl\/fr\/"},{"@type":"ListItem","position":2,"name":"Boutique","item":"https:\/\/schroevendump.nl\/fr\/boutique\/"},{"@type":"ListItem","position":3,"name":"Vis \u00e0 t\u00eate frais\u00e9e 10.0 x 300 TX-40 zingu\u00e9e 10 pi\u00e8ces"}]},{"@type":"WebSite","@id":"https:\/\/schroevendump.nl\/fr\/#website","url":"https:\/\/schroevendump.nl\/fr\/","name":"Schroevendump","description":"","potentialAction":[{"@type":"SearchAction","target":{"@type":"EntryPoint","urlTemplate":"https:\/\/schroevendump.nl\/fr\/?s={search_term_string}"},"query-input":{"@type":"PropertyValueSpecification","valueRequired":true,"valueName":"search_term_string"}}],"inLanguage":"fr-FR"}]}},"_links":{"self":[{"href":"https:\/\/schroevendump.nl\/fr\/wp-json\/wp\/v2\/product\/27324","targetHints":{"allow":["GET"]}}],"collection":[{"href":"https:\/\/schroevendump.nl\/fr\/wp-json\/wp\/v2\/product"}],"about":[{"href":"https:\/\/schroevendump.nl\/fr\/wp-json\/wp\/v2\/types\/product"}],"replies":[{"embeddable":true,"href":"https:\/\/schroevendump.nl\/fr\/wp-json\/wp\/v2\/comments?post=27324"}],"wp:featuredmedia":[{"embeddable":true,"href":"https:\/\/schroevendump.nl\/fr\/wp-json\/wp\/v2\/media\/27234"}],"wp:attachment":[{"href":"https:\/\/schroevendump.nl\/fr\/wp-json\/wp\/v2\/media?parent=27324"}],"wp:term":[{"taxonomy":"product_brand","embeddable":true,"href":"https:\/\/schroevendump.nl\/fr\/wp-json\/wp\/v2\/product_brand?post=27324"},{"taxonomy":"product_cat","embeddable":true,"href":"https:\/\/schroevendump.nl\/fr\/wp-json\/wp\/v2\/product_cat?post=27324"},{"taxonomy":"product_tag","embeddable":true,"href":"https:\/\/schroevendump.nl\/fr\/wp-json\/wp\/v2\/product_tag?post=27324"}],"curies":[{"name":"wp","href":"https:\/\/api.w.org\/{rel}","templated":true}]}}