{"id":27429,"date":"2024-11-06T12:56:38","date_gmt":"2024-11-06T12:56:38","guid":{"rendered":"https:\/\/schroevendump.nl\/product\/silvermate-vis-a-panneaux-dagglomere-plein-filet-35-x-20-tx-10-zingue-200-pieces\/"},"modified":"2025-12-10T11:12:41","modified_gmt":"2025-12-10T11:12:41","slug":"silvermate-vis-a-panneaux-dagglomere-plein-filet-35-x-20-tx-10-zingue-200-pieces","status":"publish","type":"product","link":"https:\/\/schroevendump.nl\/fr\/produit\/silvermate-vis-a-panneaux-dagglomere-plein-filet-35-x-20-tx-10-zingue-200-pieces\/","title":{"rendered":"Silvermate vis \u00e0 panneaux d&#8217;agglom\u00e9r\u00e9 plein filet 3,5 x 20 TX-10 zingu\u00e9 200 pi\u00e8ces"},"content":{"rendered":"<h4>Vis \u00e0 panneaux d&#8217;agglom\u00e9r\u00e9 silvermate<\/h4>\n<p>En tant que vis unique sur le march\u00e9, les vis SilverMate Next generation ont leur propre pas optimal et des caract\u00e9ristiques sp\u00e9cifiques pour chaque longueur et diam\u00e8tre, qui sont l\u00e9g\u00e8rement ou fortement ajust\u00e9s.<\/p>\n<p>Les vis courtes, au contraire, ont un pas plus petit pour obtenir une valeur d&#8217;arrachement \u00e9lev\u00e9e. Les vis plus longues, de 60 \u00e0 200 mm, ont un pas de plus en plus grand, ce qui leur permet de se visser plus rapidement. Les visseuses actuelles sont de plus en plus puissantes et un vissage plus rapide permet de gagner beaucoup de temps.  <\/p>\n<p>La g\u00e9n\u00e9ration SilverMate Next se concentre sur 4 caract\u00e9ristiques au moins \u00e9gales \u00e0 celles des marques A les plus connues :<\/p>\n<p><b>1)<\/b> Avec une <b>faible pression de d\u00e9part<\/b>, la vis SilverMate Next generation s&#8217;enfonce dans le bois d\u00e8s les premiers tours. En particulier avec les vis dot\u00e9es d&#8217;une pointe de fraisage de type 17, cela n\u00e9cessite souvent une pression beaucoup plus importante.<br \/>\n<b>2)<\/b> Les vis SilverMate de la nouvelle g\u00e9n\u00e9ration <b>se cassent beaucoup moins<\/b> sous l&#8217;effet d&#8217;une forte sollicitation du tournevis. Les diam\u00e8tres 4.0, 4.5 et 5.0 sont renforc\u00e9s.<br \/>\n<b>3)<\/b> Les vis SilverMate de nouvelle g\u00e9n\u00e9ration <b>se r\u00e9v<\/b> \u00e8lent <b>nettement plus l\u00e9g\u00e8res<\/b> que celles de presque toutes les autres marques disponibles sur le march\u00e9. La r\u00e9sistance au vissage est inf\u00e9rieure de 25 \u00e0 30 %, en particulier pour les tailles les plus longues de 5,0 et 6,0 de diam\u00e8tre.<br \/>\n<b>4) Les<\/b> vis SilverMate Next generation, gr\u00e2ce \u00e0 leur <i>filetage<\/i> sp\u00e9cial \u00e0 la pointe, ont un <b>faible risque de se fendre<\/b> lorsque la vis est utilis\u00e9e pr\u00e8s de l&#8217;extr\u00e9mit\u00e9 d&#8217;une planche ou d&#8217;une latte.<\/p>\n<p>Les vis \u00e0 panneaux d&#8217;agglom\u00e9r\u00e9 SilverMate ont un entra\u00eenement Torx (TX). La vis est \u00e9quip\u00e9e d&#8217;une double t\u00eate plate, ce qui en fait l&#8217;une des plus solides de sa cat\u00e9gorie.<br \/>\nCes vis pour panneaux d&#8217;agglom\u00e9r\u00e9 sont disponibles en version galvanis\u00e9e. <\/p>\n<p>Les vis pour panneaux d&#8217;agglom\u00e9r\u00e9 sont utilis\u00e9es dans un tr\u00e8s large \u00e9ventail d&#8217;applications et garantissent un traitement sans probl\u00e8me. Les vis sont rigoureusement contr\u00f4l\u00e9es apr\u00e8s la production, de sorte que vous avez la garantie de ne travailler qu&#8217;avec des vis de haute qualit\u00e9, sans bavures et tr\u00e8s r\u00e9sistantes.  Par cons\u00e9quent, les vis sont munies d&#8217;un sceau d&#8217;approbation CE et ETA par lequel le fabricant indique que le produit r\u00e9pond aux exigences en mati\u00e8re de s\u00e9curit\u00e9, de sant\u00e9, d&#8217;environnement et de protection des consommateurs.<\/p>\n<p>\u00c0 quoi servent les vis \u00e0 agglom\u00e9r\u00e9 ?<\/p>\n<p>Les vis pour panneaux d&#8217;agglom\u00e9r\u00e9 SilverMate sont parfaites pour une utilisation dans diff\u00e9rents types de bois \u00e0 l&#8217;int\u00e9rieur, tels que l&#8217;\u00e9pic\u00e9a, le pin, le contreplaqu\u00e9 et les mat\u00e9riaux de sous-couche. Les vis de qualit\u00e9 id\u00e9ale pour les constructions telles que les pr\u00e9-murs, les vis de bardage, les lambris et les constructions de toit. <\/p>\n<p>Il existe plusieurs types de vis Torx. Vous avez le filetage partiel et le filetage complet.  Le filetage partiel signifie que la vis est partiellement filet\u00e9e. La vis est largement utilis\u00e9e pour serrer les assemblages de bois, par exemple pour monter des murs, ratisser des plafonds, monter des planches, fixer des planches de bois, etc. Les vis \u00e0 filetage complet sont \u00e0 l&#8217;oppos\u00e9 du filetage de la vis. Le filet va jusqu&#8217;au sommet du bois dans le cas des vis \u00e0 bois \u00e0 pas de vis.    <\/p>\n<p>L&#8217;entra\u00eenement d&#8217;une vis est \u00e9galement tr\u00e8s important. Il en existe diff\u00e9rents types, pensez par exemple \u00e0 la t\u00eate cruciforme (Pozidriv).  Il s&#8217;agit de la vis la plus courante sur le march\u00e9 jusqu&#8217;\u00e0 pr\u00e9sent. Les vis Torx sont de plus en plus nombreuses. Avec une vis Torx, votre outil a beaucoup de prise sur la vis, de sorte que votre machine ne glisse pas. C&#8217;est l&#8217;une des raisons pour lesquelles nous ne vendons que des vis Torx. Nous vendons \u00e9galement l&#8217;embout correspondant \u00e0 chaque vis. Achetez donc toutes vos vis en ligne sur screwdump.com.     <\/p>\n<p>&nbsp;<\/p>\n<p>Enfin, l&#8217;emballage de SilverMate Next generation a \u00e9t\u00e9 modifi\u00e9. La bo\u00eete habituelle est rest\u00e9e la m\u00eame, mais elle n&#8217;a plus de fen\u00eatre de visualisation, de sorte que lorsque les d\u00e9chets sont tri\u00e9s, ils ne contiennent plus de plastique. <\/p>\n<p>Recherchez la qualit\u00e9 au meilleur prix sur screwdump.co.uk et jetez un coup d&#8217;\u0153il \u00e0 notre <a href=\"https:\/\/www.instagram.com\/schroevendump\/\">page instragram<\/a>.<\/p>\n","protected":false},"excerpt":{"rendered":"<p>Vis \u00e0 panneaux d&#8217;agglom\u00e9r\u00e9 silvermate En tant que vis unique sur le march\u00e9, les vis SilverMate Next generation ont leur propre pas optimal et des caract\u00e9ristiques sp\u00e9cifiques pour chaque longueur et diam\u00e8tre, qui sont l\u00e9g\u00e8rement ou fortement ajust\u00e9s. Les vis courtes, au contraire, ont un pas plus petit pour obtenir une valeur d&#8217;arrachement \u00e9lev\u00e9e. Les [&hellip;]<\/p>\n","protected":false},"featured_media":27404,"comment_status":"open","ping_status":"closed","template":"","meta":[],"product_brand":[],"product_cat":[380],"product_tag":[],"class_list":{"0":"post-27429","1":"product","2":"type-product","3":"status-publish","4":"has-post-thumbnail","6":"product_cat-non-categorise","7":"pa_draad-filetage-complet","9":"first","10":"instock","11":"taxable","12":"shipping-taxable","13":"purchasable","14":"product-type-simple"},"supplier_id":null,"supplier_sku":"","barcode":null,"atum_controlled":true,"out_stock_date":null,"out_stock_threshold":null,"inheritable":false,"inbound_stock":0,"stock_on_hold":0,"sold_today":0,"sales_last_days":0,"reserved_stock":0,"customer_returns":0,"warehouse_damage":0,"lost_in_post":0,"other_logs":0,"out_stock_days":0,"lost_sales":0,"has_location":false,"update_date":"2026-04-04T00:56:59","atum_locations":[],"atum_stock_status":"instock","restock_status":false,"low_stock_amount":"","sales_update_date":"2026-04-04T00:56:59","calc_backorders":null,"acf":[],"yoast_head":"<!-- This site is optimized with the Yoast SEO plugin v26.6 - https:\/\/yoast.com\/wordpress\/plugins\/seo\/ -->\n<title>Silvermate vis \u00e0 panneaux d&#039;agglom\u00e9r\u00e9 plein filet 3,5 x 20 TX-10 zingu\u00e9 200 pi\u00e8ces - Schroevendump<\/title>\n<meta name=\"robots\" content=\"index, follow, max-snippet:-1, max-image-preview:large, max-video-preview:-1\" \/>\n<link rel=\"canonical\" href=\"https:\/\/schroevendump.nl\/fr\/produit\/silvermate-vis-a-panneaux-dagglomere-plein-filet-35-x-20-tx-10-zingue-200-pieces\/\" \/>\n<meta property=\"og:locale\" content=\"fr_FR\" \/>\n<meta property=\"og:type\" content=\"article\" \/>\n<meta property=\"og:title\" content=\"Silvermate vis \u00e0 panneaux d&#039;agglom\u00e9r\u00e9 plein filet 3,5 x 20 TX-10 zingu\u00e9 200 pi\u00e8ces - Schroevendump\" \/>\n<meta property=\"og:description\" content=\"Vis \u00e0 panneaux d&#8217;agglom\u00e9r\u00e9 silvermate En tant que vis unique sur le march\u00e9, les vis SilverMate Next generation ont leur propre pas optimal et des caract\u00e9ristiques sp\u00e9cifiques pour chaque longueur et diam\u00e8tre, qui sont l\u00e9g\u00e8rement ou fortement ajust\u00e9s. Les vis courtes, au contraire, ont un pas plus petit pour obtenir une valeur d&#8217;arrachement \u00e9lev\u00e9e. Les [&hellip;]\" \/>\n<meta property=\"og:url\" content=\"https:\/\/schroevendump.nl\/fr\/produit\/silvermate-vis-a-panneaux-dagglomere-plein-filet-35-x-20-tx-10-zingue-200-pieces\/\" \/>\n<meta property=\"og:site_name\" content=\"Schroevendump\" \/>\n<meta property=\"article:modified_time\" content=\"2025-12-10T11:12:41+00:00\" \/>\n<meta property=\"og:image\" content=\"https:\/\/schroevendump.nl\/wp-content\/uploads\/2024\/11\/voldraad_silvermate_5-removebg-e1730894169968.png\" \/>\n\t<meta property=\"og:image:width\" content=\"2000\" \/>\n\t<meta property=\"og:image:height\" content=\"1444\" \/>\n\t<meta property=\"og:image:type\" content=\"image\/png\" \/>\n<meta name=\"twitter:card\" content=\"summary_large_image\" \/>\n<meta name=\"twitter:label1\" content=\"Dur\u00e9e de lecture estim\u00e9e\" \/>\n\t<meta name=\"twitter:data1\" content=\"4 minutes\" \/>\n<script type=\"application\/ld+json\" class=\"yoast-schema-graph\">{\"@context\":\"https:\/\/schema.org\",\"@graph\":[{\"@type\":\"WebPage\",\"@id\":\"https:\/\/schroevendump.nl\/fr\/produit\/silvermate-vis-a-panneaux-dagglomere-plein-filet-35-x-20-tx-10-zingue-200-pieces\/\",\"url\":\"https:\/\/schroevendump.nl\/fr\/produit\/silvermate-vis-a-panneaux-dagglomere-plein-filet-35-x-20-tx-10-zingue-200-pieces\/\",\"name\":\"Silvermate vis \u00e0 panneaux d'agglom\u00e9r\u00e9 plein filet 3,5 x 20 TX-10 zingu\u00e9 200 pi\u00e8ces - Schroevendump\",\"isPartOf\":{\"@id\":\"https:\/\/schroevendump.nl\/fr\/#website\"},\"primaryImageOfPage\":{\"@id\":\"https:\/\/schroevendump.nl\/fr\/produit\/silvermate-vis-a-panneaux-dagglomere-plein-filet-35-x-20-tx-10-zingue-200-pieces\/#primaryimage\"},\"image\":{\"@id\":\"https:\/\/schroevendump.nl\/fr\/produit\/silvermate-vis-a-panneaux-dagglomere-plein-filet-35-x-20-tx-10-zingue-200-pieces\/#primaryimage\"},\"thumbnailUrl\":\"https:\/\/schroevendump.nl\/wp-content\/uploads\/2024\/11\/voldraad_silvermate_5-removebg-e1730894169968.png\",\"datePublished\":\"2024-11-06T12:56:38+00:00\",\"dateModified\":\"2025-12-10T11:12:41+00:00\",\"breadcrumb\":{\"@id\":\"https:\/\/schroevendump.nl\/fr\/produit\/silvermate-vis-a-panneaux-dagglomere-plein-filet-35-x-20-tx-10-zingue-200-pieces\/#breadcrumb\"},\"inLanguage\":\"fr-FR\",\"potentialAction\":[{\"@type\":\"ReadAction\",\"target\":[\"https:\/\/schroevendump.nl\/fr\/produit\/silvermate-vis-a-panneaux-dagglomere-plein-filet-35-x-20-tx-10-zingue-200-pieces\/\"]}]},{\"@type\":\"ImageObject\",\"inLanguage\":\"fr-FR\",\"@id\":\"https:\/\/schroevendump.nl\/fr\/produit\/silvermate-vis-a-panneaux-dagglomere-plein-filet-35-x-20-tx-10-zingue-200-pieces\/#primaryimage\",\"url\":\"https:\/\/schroevendump.nl\/wp-content\/uploads\/2024\/11\/voldraad_silvermate_5-removebg-e1730894169968.png\",\"contentUrl\":\"https:\/\/schroevendump.nl\/wp-content\/uploads\/2024\/11\/voldraad_silvermate_5-removebg-e1730894169968.png\",\"width\":2000,\"height\":1444},{\"@type\":\"BreadcrumbList\",\"@id\":\"https:\/\/schroevendump.nl\/fr\/produit\/silvermate-vis-a-panneaux-dagglomere-plein-filet-35-x-20-tx-10-zingue-200-pieces\/#breadcrumb\",\"itemListElement\":[{\"@type\":\"ListItem\",\"position\":1,\"name\":\"Accueil\",\"item\":\"https:\/\/schroevendump.nl\/fr\/\"},{\"@type\":\"ListItem\",\"position\":2,\"name\":\"Boutique\",\"item\":\"https:\/\/schroevendump.nl\/fr\/boutique\/\"},{\"@type\":\"ListItem\",\"position\":3,\"name\":\"Silvermate vis \u00e0 panneaux d&#8217;agglom\u00e9r\u00e9 plein filet 3,5 x 20 TX-10 zingu\u00e9 200 pi\u00e8ces\"}]},{\"@type\":\"WebSite\",\"@id\":\"https:\/\/schroevendump.nl\/fr\/#website\",\"url\":\"https:\/\/schroevendump.nl\/fr\/\",\"name\":\"Schroevendump\",\"description\":\"\",\"potentialAction\":[{\"@type\":\"SearchAction\",\"target\":{\"@type\":\"EntryPoint\",\"urlTemplate\":\"https:\/\/schroevendump.nl\/fr\/?s={search_term_string}\"},\"query-input\":{\"@type\":\"PropertyValueSpecification\",\"valueRequired\":true,\"valueName\":\"search_term_string\"}}],\"inLanguage\":\"fr-FR\"}]}<\/script>\n<!-- \/ Yoast SEO plugin. -->","yoast_head_json":{"title":"Silvermate vis \u00e0 panneaux d'agglom\u00e9r\u00e9 plein filet 3,5 x 20 TX-10 zingu\u00e9 200 pi\u00e8ces - Schroevendump","robots":{"index":"index","follow":"follow","max-snippet":"max-snippet:-1","max-image-preview":"max-image-preview:large","max-video-preview":"max-video-preview:-1"},"canonical":"https:\/\/schroevendump.nl\/fr\/produit\/silvermate-vis-a-panneaux-dagglomere-plein-filet-35-x-20-tx-10-zingue-200-pieces\/","og_locale":"fr_FR","og_type":"article","og_title":"Silvermate vis \u00e0 panneaux d'agglom\u00e9r\u00e9 plein filet 3,5 x 20 TX-10 zingu\u00e9 200 pi\u00e8ces - Schroevendump","og_description":"Vis \u00e0 panneaux d&#8217;agglom\u00e9r\u00e9 silvermate En tant que vis unique sur le march\u00e9, les vis SilverMate Next generation ont leur propre pas optimal et des caract\u00e9ristiques sp\u00e9cifiques pour chaque longueur et diam\u00e8tre, qui sont l\u00e9g\u00e8rement ou fortement ajust\u00e9s. Les vis courtes, au contraire, ont un pas plus petit pour obtenir une valeur d&#8217;arrachement \u00e9lev\u00e9e. Les [&hellip;]","og_url":"https:\/\/schroevendump.nl\/fr\/produit\/silvermate-vis-a-panneaux-dagglomere-plein-filet-35-x-20-tx-10-zingue-200-pieces\/","og_site_name":"Schroevendump","article_modified_time":"2025-12-10T11:12:41+00:00","og_image":[{"width":2000,"height":1444,"url":"https:\/\/schroevendump.nl\/wp-content\/uploads\/2024\/11\/voldraad_silvermate_5-removebg-e1730894169968.png","type":"image\/png"}],"twitter_card":"summary_large_image","twitter_misc":{"Dur\u00e9e de lecture estim\u00e9e":"4 minutes"},"schema":{"@context":"https:\/\/schema.org","@graph":[{"@type":"WebPage","@id":"https:\/\/schroevendump.nl\/fr\/produit\/silvermate-vis-a-panneaux-dagglomere-plein-filet-35-x-20-tx-10-zingue-200-pieces\/","url":"https:\/\/schroevendump.nl\/fr\/produit\/silvermate-vis-a-panneaux-dagglomere-plein-filet-35-x-20-tx-10-zingue-200-pieces\/","name":"Silvermate vis \u00e0 panneaux d'agglom\u00e9r\u00e9 plein filet 3,5 x 20 TX-10 zingu\u00e9 200 pi\u00e8ces - Schroevendump","isPartOf":{"@id":"https:\/\/schroevendump.nl\/fr\/#website"},"primaryImageOfPage":{"@id":"https:\/\/schroevendump.nl\/fr\/produit\/silvermate-vis-a-panneaux-dagglomere-plein-filet-35-x-20-tx-10-zingue-200-pieces\/#primaryimage"},"image":{"@id":"https:\/\/schroevendump.nl\/fr\/produit\/silvermate-vis-a-panneaux-dagglomere-plein-filet-35-x-20-tx-10-zingue-200-pieces\/#primaryimage"},"thumbnailUrl":"https:\/\/schroevendump.nl\/wp-content\/uploads\/2024\/11\/voldraad_silvermate_5-removebg-e1730894169968.png","datePublished":"2024-11-06T12:56:38+00:00","dateModified":"2025-12-10T11:12:41+00:00","breadcrumb":{"@id":"https:\/\/schroevendump.nl\/fr\/produit\/silvermate-vis-a-panneaux-dagglomere-plein-filet-35-x-20-tx-10-zingue-200-pieces\/#breadcrumb"},"inLanguage":"fr-FR","potentialAction":[{"@type":"ReadAction","target":["https:\/\/schroevendump.nl\/fr\/produit\/silvermate-vis-a-panneaux-dagglomere-plein-filet-35-x-20-tx-10-zingue-200-pieces\/"]}]},{"@type":"ImageObject","inLanguage":"fr-FR","@id":"https:\/\/schroevendump.nl\/fr\/produit\/silvermate-vis-a-panneaux-dagglomere-plein-filet-35-x-20-tx-10-zingue-200-pieces\/#primaryimage","url":"https:\/\/schroevendump.nl\/wp-content\/uploads\/2024\/11\/voldraad_silvermate_5-removebg-e1730894169968.png","contentUrl":"https:\/\/schroevendump.nl\/wp-content\/uploads\/2024\/11\/voldraad_silvermate_5-removebg-e1730894169968.png","width":2000,"height":1444},{"@type":"BreadcrumbList","@id":"https:\/\/schroevendump.nl\/fr\/produit\/silvermate-vis-a-panneaux-dagglomere-plein-filet-35-x-20-tx-10-zingue-200-pieces\/#breadcrumb","itemListElement":[{"@type":"ListItem","position":1,"name":"Accueil","item":"https:\/\/schroevendump.nl\/fr\/"},{"@type":"ListItem","position":2,"name":"Boutique","item":"https:\/\/schroevendump.nl\/fr\/boutique\/"},{"@type":"ListItem","position":3,"name":"Silvermate vis \u00e0 panneaux d&#8217;agglom\u00e9r\u00e9 plein filet 3,5 x 20 TX-10 zingu\u00e9 200 pi\u00e8ces"}]},{"@type":"WebSite","@id":"https:\/\/schroevendump.nl\/fr\/#website","url":"https:\/\/schroevendump.nl\/fr\/","name":"Schroevendump","description":"","potentialAction":[{"@type":"SearchAction","target":{"@type":"EntryPoint","urlTemplate":"https:\/\/schroevendump.nl\/fr\/?s={search_term_string}"},"query-input":{"@type":"PropertyValueSpecification","valueRequired":true,"valueName":"search_term_string"}}],"inLanguage":"fr-FR"}]}},"_links":{"self":[{"href":"https:\/\/schroevendump.nl\/fr\/wp-json\/wp\/v2\/product\/27429","targetHints":{"allow":["GET"]}}],"collection":[{"href":"https:\/\/schroevendump.nl\/fr\/wp-json\/wp\/v2\/product"}],"about":[{"href":"https:\/\/schroevendump.nl\/fr\/wp-json\/wp\/v2\/types\/product"}],"replies":[{"embeddable":true,"href":"https:\/\/schroevendump.nl\/fr\/wp-json\/wp\/v2\/comments?post=27429"}],"wp:featuredmedia":[{"embeddable":true,"href":"https:\/\/schroevendump.nl\/fr\/wp-json\/wp\/v2\/media\/27404"}],"wp:attachment":[{"href":"https:\/\/schroevendump.nl\/fr\/wp-json\/wp\/v2\/media?parent=27429"}],"wp:term":[{"taxonomy":"product_brand","embeddable":true,"href":"https:\/\/schroevendump.nl\/fr\/wp-json\/wp\/v2\/product_brand?post=27429"},{"taxonomy":"product_cat","embeddable":true,"href":"https:\/\/schroevendump.nl\/fr\/wp-json\/wp\/v2\/product_cat?post=27429"},{"taxonomy":"product_tag","embeddable":true,"href":"https:\/\/schroevendump.nl\/fr\/wp-json\/wp\/v2\/product_tag?post=27429"}],"curies":[{"name":"wp","href":"https:\/\/api.w.org\/{rel}","templated":true}]}}