{"id":27544,"date":"2024-10-30T20:31:51","date_gmt":"2024-10-30T20:31:51","guid":{"rendered":"https:\/\/schroevendump.nl\/product\/vis-pour-panneaux-dagglomere-en-acier-inoxydable-a2-6-0-x-60-filetage-complet-tx-25-100-pieces\/"},"modified":"2025-12-10T11:17:47","modified_gmt":"2025-12-10T11:17:47","slug":"vis-pour-panneaux-dagglomere-en-acier-inoxydable-a2-6-0-x-60-filetage-complet-tx-25-100-pieces","status":"publish","type":"product","link":"https:\/\/schroevendump.nl\/fr\/produit\/vis-pour-panneaux-dagglomere-en-acier-inoxydable-a2-6-0-x-60-filetage-complet-tx-25-100-pieces\/","title":{"rendered":"vis pour panneaux d&#8217;agglom\u00e9r\u00e9 en acier inoxydable A2 6.0 x 60 filetage complet TX-25 100 pi\u00e8ces"},"content":{"rendered":"<p>Vis \u00e0 panneaux d&#8217;agglom\u00e9r\u00e9 en acier inoxydable<\/p>\n<p>Screwdump Vis pour panneaux d&#8217;agglom\u00e9r\u00e9 en acier inoxydable A2 peuvent \u00eatre utilis\u00e9es \u00e0 l&#8217;int\u00e9rieur comme \u00e0 l&#8217;ext\u00e9rieur et ont un entra\u00eenement Torx (TX). Les avantages de l&#8217;entra\u00eenement Torx sont un meilleur transfert de puissance entre l&#8217;outil et la vis, et un risque moindre d&#8217;\u00e9jection de l&#8217;outil de la vis.  Cela facilite le montage.<br \/>\nUtilisez de pr\u00e9f\u00e9rence des embouts Screwdump pour un assemblage optimal. Les vis Screwdump sont pourvues d&#8217;une couche invisible de cire qui sert de lubrifiant pour faciliter le vissage. La vis a une double t\u00eate plate.<br \/>\nLe <strong>pr\u00e9-per\u00e7age<\/strong> est recommand\u00e9 pour l&#8217;utilisation dans le bois dur\/Douglas <strong>!<\/strong>  <\/p>\n<p>Les vis pour panneaux d&#8217;agglom\u00e9r\u00e9 sont utilis\u00e9es dans un tr\u00e8s large \u00e9ventail d&#8217;applications et garantissent un traitement sans probl\u00e8me. Les vis sont rigoureusement contr\u00f4l\u00e9es apr\u00e8s la production, de sorte que vous avez la garantie de ne travailler qu&#8217;avec des vis de haute qualit\u00e9, sans bavures et tr\u00e8s r\u00e9sistantes.  Les vis portent donc le marquage CE, par lequel le fabricant indique que le produit est conforme aux exigences en mati\u00e8re de s\u00e9curit\u00e9, de sant\u00e9, d&#8217;environnement et de protection des consommateurs.<\/p>\n<p>Il existe plusieurs types de vis Torx. Vous avez le filetage partiel et le filetage complet.  Le filetage partiel signifie que la vis est partiellement filet\u00e9e. La vis est largement utilis\u00e9e pour serrer les assemblages de bois, par exemple pour monter des murs, ratisser des plafonds, monter des planches, fixer des planches de bois, etc. Les vis \u00e0 filetage complet sont \u00e0 l&#8217;oppos\u00e9 du filetage de la vis. Le filet va jusqu&#8217;au sommet du bois dans le cas des vis \u00e0 bois \u00e0 pas de vis.    <\/p>\n<p>L&#8217;entra\u00eenement d&#8217;une vis est \u00e9galement tr\u00e8s important. Il en existe diff\u00e9rents types, pensez par exemple \u00e0 la t\u00eate cruciforme (Pozidriv).  Il s&#8217;agit de la vis la plus courante sur le march\u00e9 jusqu&#8217;\u00e0 pr\u00e9sent. Les vis Torx sont de plus en plus nombreuses. Avec une vis Torx, votre outil a beaucoup de prise sur la vis, de sorte que votre machine ne glisse pas. C&#8217;est l&#8217;une des raisons pour lesquelles nous ne vendons que des vis Torx. Nous vendons \u00e9galement l&#8217;embout correspondant \u00e0 chaque vis. Achetez donc toutes vos vis en ligne sur screwdump.com.     <\/p>\n<p>Enfin, chez Schroevendump Next generation, un changement a \u00e9t\u00e9 apport\u00e9 \u00e0 l&#8217;emballage. La bo\u00eete famili\u00e8re est rest\u00e9e la m\u00eame, mais n&#8217;a plus de fen\u00eatre transparente, \u00e9vitant ainsi l&#8217;utilisation de plastique dans le tri des d\u00e9chets. <\/p>\n<p>Recherchez la qualit\u00e9 au meilleur prix sur screwdump.co.uk et jetez un coup d&#8217;\u0153il \u00e0 notre <a href=\"https:\/\/www.instagram.com\/schroevendump\/\">page instragram<\/a>.<\/p>\n","protected":false},"excerpt":{"rendered":"<p>Vis \u00e0 panneaux d&#8217;agglom\u00e9r\u00e9 en acier inoxydable Screwdump Vis pour panneaux d&#8217;agglom\u00e9r\u00e9 en acier inoxydable A2 peuvent \u00eatre utilis\u00e9es \u00e0 l&#8217;int\u00e9rieur comme \u00e0 l&#8217;ext\u00e9rieur et ont un entra\u00eenement Torx (TX). Les avantages de l&#8217;entra\u00eenement Torx sont un meilleur transfert de puissance entre l&#8217;outil et la vis, et un risque moindre d&#8217;\u00e9jection de l&#8217;outil de la [&hellip;]<\/p>\n","protected":false},"featured_media":582,"comment_status":"open","ping_status":"closed","template":"","meta":[],"product_brand":[],"product_cat":[559],"product_tag":[],"class_list":{"0":"post-27544","1":"product","2":"type-product","3":"status-publish","4":"has-post-thumbnail","6":"product_cat-vis-a-panneaux-dagglomere-en-acier-inoxydable-a2-a-filetage-complet","7":"pa_draad-filetage-complet","9":"first","10":"instock","11":"taxable","12":"shipping-taxable","13":"purchasable","14":"product-type-simple"},"supplier_id":null,"supplier_sku":"","barcode":null,"atum_controlled":true,"out_stock_date":null,"out_stock_threshold":null,"inheritable":false,"inbound_stock":0,"stock_on_hold":0,"sold_today":0,"sales_last_days":0,"reserved_stock":0,"customer_returns":0,"warehouse_damage":0,"lost_in_post":0,"other_logs":0,"out_stock_days":0,"lost_sales":0,"has_location":false,"update_date":"2026-04-14T00:59:04","atum_locations":[],"atum_stock_status":"instock","restock_status":false,"low_stock_amount":"","sales_update_date":"2026-04-14T00:59:04","calc_backorders":null,"acf":[],"yoast_head":"<!-- This site is optimized with the Yoast SEO plugin v26.6 - https:\/\/yoast.com\/wordpress\/plugins\/seo\/ -->\n<title>vis pour panneaux d&#039;agglom\u00e9r\u00e9 en acier inoxydable A2 6.0 x 60 filetage complet TX-25 100 pi\u00e8ces - Schroevendump<\/title>\n<meta name=\"robots\" content=\"index, follow, max-snippet:-1, max-image-preview:large, max-video-preview:-1\" \/>\n<link rel=\"canonical\" href=\"https:\/\/schroevendump.nl\/fr\/produit\/vis-pour-panneaux-dagglomere-en-acier-inoxydable-a2-6-0-x-60-filetage-complet-tx-25-100-pieces\/\" \/>\n<meta property=\"og:locale\" content=\"fr_FR\" \/>\n<meta property=\"og:type\" content=\"article\" \/>\n<meta property=\"og:title\" content=\"vis pour panneaux d&#039;agglom\u00e9r\u00e9 en acier inoxydable A2 6.0 x 60 filetage complet TX-25 100 pi\u00e8ces - Schroevendump\" \/>\n<meta property=\"og:description\" content=\"Vis \u00e0 panneaux d&#8217;agglom\u00e9r\u00e9 en acier inoxydable Screwdump Vis pour panneaux d&#8217;agglom\u00e9r\u00e9 en acier inoxydable A2 peuvent \u00eatre utilis\u00e9es \u00e0 l&#8217;int\u00e9rieur comme \u00e0 l&#8217;ext\u00e9rieur et ont un entra\u00eenement Torx (TX). Les avantages de l&#8217;entra\u00eenement Torx sont un meilleur transfert de puissance entre l&#8217;outil et la vis, et un risque moindre d&#8217;\u00e9jection de l&#8217;outil de la [&hellip;]\" \/>\n<meta property=\"og:url\" content=\"https:\/\/schroevendump.nl\/fr\/produit\/vis-pour-panneaux-dagglomere-en-acier-inoxydable-a2-6-0-x-60-filetage-complet-tx-25-100-pieces\/\" \/>\n<meta property=\"og:site_name\" content=\"Schroevendump\" \/>\n<meta property=\"article:modified_time\" content=\"2025-12-10T11:17:47+00:00\" \/>\n<meta property=\"og:image\" content=\"https:\/\/schroevendump.nl\/wp-content\/uploads\/2024\/08\/825-spaanplaatschroef-platkop-RVS-vd-torx.png\" \/>\n\t<meta property=\"og:image:width\" content=\"710\" \/>\n\t<meta property=\"og:image:height\" content=\"710\" \/>\n\t<meta property=\"og:image:type\" content=\"image\/png\" \/>\n<meta name=\"twitter:card\" content=\"summary_large_image\" \/>\n<meta name=\"twitter:label1\" content=\"Dur\u00e9e de lecture estim\u00e9e\" \/>\n\t<meta name=\"twitter:data1\" content=\"2 minutes\" \/>\n<script type=\"application\/ld+json\" class=\"yoast-schema-graph\">{\"@context\":\"https:\/\/schema.org\",\"@graph\":[{\"@type\":\"WebPage\",\"@id\":\"https:\/\/schroevendump.nl\/fr\/produit\/vis-pour-panneaux-dagglomere-en-acier-inoxydable-a2-6-0-x-60-filetage-complet-tx-25-100-pieces\/\",\"url\":\"https:\/\/schroevendump.nl\/fr\/produit\/vis-pour-panneaux-dagglomere-en-acier-inoxydable-a2-6-0-x-60-filetage-complet-tx-25-100-pieces\/\",\"name\":\"vis pour panneaux d'agglom\u00e9r\u00e9 en acier inoxydable A2 6.0 x 60 filetage complet TX-25 100 pi\u00e8ces - Schroevendump\",\"isPartOf\":{\"@id\":\"https:\/\/schroevendump.nl\/fr\/#website\"},\"primaryImageOfPage\":{\"@id\":\"https:\/\/schroevendump.nl\/fr\/produit\/vis-pour-panneaux-dagglomere-en-acier-inoxydable-a2-6-0-x-60-filetage-complet-tx-25-100-pieces\/#primaryimage\"},\"image\":{\"@id\":\"https:\/\/schroevendump.nl\/fr\/produit\/vis-pour-panneaux-dagglomere-en-acier-inoxydable-a2-6-0-x-60-filetage-complet-tx-25-100-pieces\/#primaryimage\"},\"thumbnailUrl\":\"https:\/\/schroevendump.nl\/wp-content\/uploads\/2024\/08\/825-spaanplaatschroef-platkop-RVS-vd-torx.png\",\"datePublished\":\"2024-10-30T20:31:51+00:00\",\"dateModified\":\"2025-12-10T11:17:47+00:00\",\"breadcrumb\":{\"@id\":\"https:\/\/schroevendump.nl\/fr\/produit\/vis-pour-panneaux-dagglomere-en-acier-inoxydable-a2-6-0-x-60-filetage-complet-tx-25-100-pieces\/#breadcrumb\"},\"inLanguage\":\"fr-FR\",\"potentialAction\":[{\"@type\":\"ReadAction\",\"target\":[\"https:\/\/schroevendump.nl\/fr\/produit\/vis-pour-panneaux-dagglomere-en-acier-inoxydable-a2-6-0-x-60-filetage-complet-tx-25-100-pieces\/\"]}]},{\"@type\":\"ImageObject\",\"inLanguage\":\"fr-FR\",\"@id\":\"https:\/\/schroevendump.nl\/fr\/produit\/vis-pour-panneaux-dagglomere-en-acier-inoxydable-a2-6-0-x-60-filetage-complet-tx-25-100-pieces\/#primaryimage\",\"url\":\"https:\/\/schroevendump.nl\/wp-content\/uploads\/2024\/08\/825-spaanplaatschroef-platkop-RVS-vd-torx.png\",\"contentUrl\":\"https:\/\/schroevendump.nl\/wp-content\/uploads\/2024\/08\/825-spaanplaatschroef-platkop-RVS-vd-torx.png\",\"width\":710,\"height\":710,\"caption\":\"RVS schroeven\"},{\"@type\":\"BreadcrumbList\",\"@id\":\"https:\/\/schroevendump.nl\/fr\/produit\/vis-pour-panneaux-dagglomere-en-acier-inoxydable-a2-6-0-x-60-filetage-complet-tx-25-100-pieces\/#breadcrumb\",\"itemListElement\":[{\"@type\":\"ListItem\",\"position\":1,\"name\":\"Accueil\",\"item\":\"https:\/\/schroevendump.nl\/fr\/\"},{\"@type\":\"ListItem\",\"position\":2,\"name\":\"Boutique\",\"item\":\"https:\/\/schroevendump.nl\/fr\/boutique\/\"},{\"@type\":\"ListItem\",\"position\":3,\"name\":\"vis pour panneaux d&#8217;agglom\u00e9r\u00e9 en acier inoxydable A2 6.0 x 60 filetage complet TX-25 100 pi\u00e8ces\"}]},{\"@type\":\"WebSite\",\"@id\":\"https:\/\/schroevendump.nl\/fr\/#website\",\"url\":\"https:\/\/schroevendump.nl\/fr\/\",\"name\":\"Schroevendump\",\"description\":\"\",\"potentialAction\":[{\"@type\":\"SearchAction\",\"target\":{\"@type\":\"EntryPoint\",\"urlTemplate\":\"https:\/\/schroevendump.nl\/fr\/?s={search_term_string}\"},\"query-input\":{\"@type\":\"PropertyValueSpecification\",\"valueRequired\":true,\"valueName\":\"search_term_string\"}}],\"inLanguage\":\"fr-FR\"}]}<\/script>\n<!-- \/ Yoast SEO plugin. -->","yoast_head_json":{"title":"vis pour panneaux d'agglom\u00e9r\u00e9 en acier inoxydable A2 6.0 x 60 filetage complet TX-25 100 pi\u00e8ces - Schroevendump","robots":{"index":"index","follow":"follow","max-snippet":"max-snippet:-1","max-image-preview":"max-image-preview:large","max-video-preview":"max-video-preview:-1"},"canonical":"https:\/\/schroevendump.nl\/fr\/produit\/vis-pour-panneaux-dagglomere-en-acier-inoxydable-a2-6-0-x-60-filetage-complet-tx-25-100-pieces\/","og_locale":"fr_FR","og_type":"article","og_title":"vis pour panneaux d'agglom\u00e9r\u00e9 en acier inoxydable A2 6.0 x 60 filetage complet TX-25 100 pi\u00e8ces - Schroevendump","og_description":"Vis \u00e0 panneaux d&#8217;agglom\u00e9r\u00e9 en acier inoxydable Screwdump Vis pour panneaux d&#8217;agglom\u00e9r\u00e9 en acier inoxydable A2 peuvent \u00eatre utilis\u00e9es \u00e0 l&#8217;int\u00e9rieur comme \u00e0 l&#8217;ext\u00e9rieur et ont un entra\u00eenement Torx (TX). Les avantages de l&#8217;entra\u00eenement Torx sont un meilleur transfert de puissance entre l&#8217;outil et la vis, et un risque moindre d&#8217;\u00e9jection de l&#8217;outil de la [&hellip;]","og_url":"https:\/\/schroevendump.nl\/fr\/produit\/vis-pour-panneaux-dagglomere-en-acier-inoxydable-a2-6-0-x-60-filetage-complet-tx-25-100-pieces\/","og_site_name":"Schroevendump","article_modified_time":"2025-12-10T11:17:47+00:00","og_image":[{"width":710,"height":710,"url":"https:\/\/schroevendump.nl\/wp-content\/uploads\/2024\/08\/825-spaanplaatschroef-platkop-RVS-vd-torx.png","type":"image\/png"}],"twitter_card":"summary_large_image","twitter_misc":{"Dur\u00e9e de lecture estim\u00e9e":"2 minutes"},"schema":{"@context":"https:\/\/schema.org","@graph":[{"@type":"WebPage","@id":"https:\/\/schroevendump.nl\/fr\/produit\/vis-pour-panneaux-dagglomere-en-acier-inoxydable-a2-6-0-x-60-filetage-complet-tx-25-100-pieces\/","url":"https:\/\/schroevendump.nl\/fr\/produit\/vis-pour-panneaux-dagglomere-en-acier-inoxydable-a2-6-0-x-60-filetage-complet-tx-25-100-pieces\/","name":"vis pour panneaux d'agglom\u00e9r\u00e9 en acier inoxydable A2 6.0 x 60 filetage complet TX-25 100 pi\u00e8ces - Schroevendump","isPartOf":{"@id":"https:\/\/schroevendump.nl\/fr\/#website"},"primaryImageOfPage":{"@id":"https:\/\/schroevendump.nl\/fr\/produit\/vis-pour-panneaux-dagglomere-en-acier-inoxydable-a2-6-0-x-60-filetage-complet-tx-25-100-pieces\/#primaryimage"},"image":{"@id":"https:\/\/schroevendump.nl\/fr\/produit\/vis-pour-panneaux-dagglomere-en-acier-inoxydable-a2-6-0-x-60-filetage-complet-tx-25-100-pieces\/#primaryimage"},"thumbnailUrl":"https:\/\/schroevendump.nl\/wp-content\/uploads\/2024\/08\/825-spaanplaatschroef-platkop-RVS-vd-torx.png","datePublished":"2024-10-30T20:31:51+00:00","dateModified":"2025-12-10T11:17:47+00:00","breadcrumb":{"@id":"https:\/\/schroevendump.nl\/fr\/produit\/vis-pour-panneaux-dagglomere-en-acier-inoxydable-a2-6-0-x-60-filetage-complet-tx-25-100-pieces\/#breadcrumb"},"inLanguage":"fr-FR","potentialAction":[{"@type":"ReadAction","target":["https:\/\/schroevendump.nl\/fr\/produit\/vis-pour-panneaux-dagglomere-en-acier-inoxydable-a2-6-0-x-60-filetage-complet-tx-25-100-pieces\/"]}]},{"@type":"ImageObject","inLanguage":"fr-FR","@id":"https:\/\/schroevendump.nl\/fr\/produit\/vis-pour-panneaux-dagglomere-en-acier-inoxydable-a2-6-0-x-60-filetage-complet-tx-25-100-pieces\/#primaryimage","url":"https:\/\/schroevendump.nl\/wp-content\/uploads\/2024\/08\/825-spaanplaatschroef-platkop-RVS-vd-torx.png","contentUrl":"https:\/\/schroevendump.nl\/wp-content\/uploads\/2024\/08\/825-spaanplaatschroef-platkop-RVS-vd-torx.png","width":710,"height":710,"caption":"RVS schroeven"},{"@type":"BreadcrumbList","@id":"https:\/\/schroevendump.nl\/fr\/produit\/vis-pour-panneaux-dagglomere-en-acier-inoxydable-a2-6-0-x-60-filetage-complet-tx-25-100-pieces\/#breadcrumb","itemListElement":[{"@type":"ListItem","position":1,"name":"Accueil","item":"https:\/\/schroevendump.nl\/fr\/"},{"@type":"ListItem","position":2,"name":"Boutique","item":"https:\/\/schroevendump.nl\/fr\/boutique\/"},{"@type":"ListItem","position":3,"name":"vis pour panneaux d&#8217;agglom\u00e9r\u00e9 en acier inoxydable A2 6.0 x 60 filetage complet TX-25 100 pi\u00e8ces"}]},{"@type":"WebSite","@id":"https:\/\/schroevendump.nl\/fr\/#website","url":"https:\/\/schroevendump.nl\/fr\/","name":"Schroevendump","description":"","potentialAction":[{"@type":"SearchAction","target":{"@type":"EntryPoint","urlTemplate":"https:\/\/schroevendump.nl\/fr\/?s={search_term_string}"},"query-input":{"@type":"PropertyValueSpecification","valueRequired":true,"valueName":"search_term_string"}}],"inLanguage":"fr-FR"}]}},"_links":{"self":[{"href":"https:\/\/schroevendump.nl\/fr\/wp-json\/wp\/v2\/product\/27544","targetHints":{"allow":["GET"]}}],"collection":[{"href":"https:\/\/schroevendump.nl\/fr\/wp-json\/wp\/v2\/product"}],"about":[{"href":"https:\/\/schroevendump.nl\/fr\/wp-json\/wp\/v2\/types\/product"}],"replies":[{"embeddable":true,"href":"https:\/\/schroevendump.nl\/fr\/wp-json\/wp\/v2\/comments?post=27544"}],"wp:featuredmedia":[{"embeddable":true,"href":"https:\/\/schroevendump.nl\/fr\/wp-json\/wp\/v2\/media\/582"}],"wp:attachment":[{"href":"https:\/\/schroevendump.nl\/fr\/wp-json\/wp\/v2\/media?parent=27544"}],"wp:term":[{"taxonomy":"product_brand","embeddable":true,"href":"https:\/\/schroevendump.nl\/fr\/wp-json\/wp\/v2\/product_brand?post=27544"},{"taxonomy":"product_cat","embeddable":true,"href":"https:\/\/schroevendump.nl\/fr\/wp-json\/wp\/v2\/product_cat?post=27544"},{"taxonomy":"product_tag","embeddable":true,"href":"https:\/\/schroevendump.nl\/fr\/wp-json\/wp\/v2\/product_tag?post=27544"}],"curies":[{"name":"wp","href":"https:\/\/api.w.org\/{rel}","templated":true}]}}