{"id":27584,"date":"2024-11-27T20:06:38","date_gmt":"2024-11-27T20:06:38","guid":{"rendered":"https:\/\/schroevendump.nl\/product\/vis-de-vidange-pz-2-25mm-acier\/"},"modified":"2025-12-10T11:24:47","modified_gmt":"2025-12-10T11:24:47","slug":"vis-de-vidange-pz-2-25mm-acier","status":"publish","type":"product","link":"https:\/\/schroevendump.nl\/fr\/produit\/vis-de-vidange-pz-2-25mm-acier\/","title":{"rendered":"Vis de vidange PZ-2 25mm acier"},"content":{"rendered":"<p>Embouts pour visser, par exemple, les vis \u00e0 panneaux d&#8217;agglom\u00e9r\u00e9 Screwdump ou d&#8217;autres \u00e9l\u00e9ments de fixation dot\u00e9s d&#8217;un raccord Pozidriv. Disponibles en 3 raccords Pozidriv, \u00e0 savoir PZ1, PZ2 et PZ3. Pour diff\u00e9rentes applications de vissage, les embouts sont disponibles en diff\u00e9rentes longueurs, \u00e0 savoir 25 et 50 mm de long. Pour une qualit\u00e9 sup\u00e9rieure absolue, choisissez les embouts en titane Schroevendump avec un rev\u00eatement en titane. Ces embouts dor\u00e9s sont extr\u00eamement durables et offrent une excellente prise dans la t\u00eate de la vis.<br \/>\nLe raccord de tournevis de tous les embouts Screwdump est un hexagone de \u00bc&#8221;.     <\/p>\n<p><b>Application<\/b><br \/>\nVissage d&#8217;\u00e9l\u00e9ments de fixation dot\u00e9s d&#8217;un raccord Pozidriv<\/p>\n","protected":false},"excerpt":{"rendered":"<p>Embouts pour visser, par exemple, les vis \u00e0 panneaux d&#8217;agglom\u00e9r\u00e9 Screwdump ou d&#8217;autres \u00e9l\u00e9ments de fixation dot\u00e9s d&#8217;un raccord Pozidriv. Disponibles en 3 raccords Pozidriv, \u00e0 savoir PZ1, PZ2 et PZ3. Pour diff\u00e9rentes applications de vissage, les embouts sont disponibles en diff\u00e9rentes longueurs, \u00e0 savoir 25 et 50 mm de long. Pour une qualit\u00e9 sup\u00e9rieure [&hellip;]<\/p>\n","protected":false},"featured_media":27580,"comment_status":"open","ping_status":"closed","template":"","meta":[],"product_brand":[],"product_cat":[662],"product_tag":[],"class_list":{"0":"post-27584","1":"product","2":"type-product","3":"status-publish","4":"has-post-thumbnail","6":"product_cat-embouts-de-vis","8":"first","9":"instock","10":"taxable","11":"shipping-taxable","12":"purchasable","13":"product-type-simple"},"supplier_id":null,"supplier_sku":"","barcode":null,"atum_controlled":true,"out_stock_date":null,"out_stock_threshold":null,"inheritable":false,"inbound_stock":0,"stock_on_hold":0,"sold_today":0,"sales_last_days":0,"reserved_stock":0,"customer_returns":0,"warehouse_damage":0,"lost_in_post":0,"other_logs":0,"out_stock_days":0,"lost_sales":0,"has_location":false,"update_date":"2026-04-15T01:02:03","atum_locations":[],"atum_stock_status":"instock","restock_status":false,"low_stock_amount":"","sales_update_date":"2026-04-15T01:02:02","calc_backorders":null,"acf":[],"yoast_head":"<!-- This site is optimized with the Yoast SEO plugin v26.6 - https:\/\/yoast.com\/wordpress\/plugins\/seo\/ -->\n<title>Vis de vidange PZ-2 25mm acier - Schroevendump<\/title>\n<meta name=\"robots\" content=\"index, follow, max-snippet:-1, max-image-preview:large, max-video-preview:-1\" \/>\n<link rel=\"canonical\" href=\"https:\/\/schroevendump.nl\/fr\/produit\/vis-de-vidange-pz-2-25mm-acier\/\" \/>\n<meta property=\"og:locale\" content=\"fr_FR\" \/>\n<meta property=\"og:type\" content=\"article\" \/>\n<meta property=\"og:title\" content=\"Vis de vidange PZ-2 25mm acier - Schroevendump\" \/>\n<meta property=\"og:description\" content=\"Embouts pour visser, par exemple, les vis \u00e0 panneaux d&#8217;agglom\u00e9r\u00e9 Screwdump ou d&#8217;autres \u00e9l\u00e9ments de fixation dot\u00e9s d&#8217;un raccord Pozidriv. Disponibles en 3 raccords Pozidriv, \u00e0 savoir PZ1, PZ2 et PZ3. Pour diff\u00e9rentes applications de vissage, les embouts sont disponibles en diff\u00e9rentes longueurs, \u00e0 savoir 25 et 50 mm de long. Pour une qualit\u00e9 sup\u00e9rieure [&hellip;]\" \/>\n<meta property=\"og:url\" content=\"https:\/\/schroevendump.nl\/fr\/produit\/vis-de-vidange-pz-2-25mm-acier\/\" \/>\n<meta property=\"og:site_name\" content=\"Schroevendump\" \/>\n<meta property=\"article:modified_time\" content=\"2025-12-10T11:24:47+00:00\" \/>\n<meta property=\"og:image\" content=\"https:\/\/schroevendump.nl\/wp-content\/uploads\/2024\/08\/891-bit-pozidriv.png\" \/>\n\t<meta property=\"og:image:width\" content=\"710\" \/>\n\t<meta property=\"og:image:height\" content=\"710\" \/>\n\t<meta property=\"og:image:type\" content=\"image\/png\" \/>\n<meta name=\"twitter:card\" content=\"summary_large_image\" \/>\n<meta name=\"twitter:label1\" content=\"Dur\u00e9e de lecture estim\u00e9e\" \/>\n\t<meta name=\"twitter:data1\" content=\"1 minute\" \/>\n<script type=\"application\/ld+json\" class=\"yoast-schema-graph\">{\"@context\":\"https:\/\/schema.org\",\"@graph\":[{\"@type\":\"WebPage\",\"@id\":\"https:\/\/schroevendump.nl\/fr\/produit\/vis-de-vidange-pz-2-25mm-acier\/\",\"url\":\"https:\/\/schroevendump.nl\/fr\/produit\/vis-de-vidange-pz-2-25mm-acier\/\",\"name\":\"Vis de vidange PZ-2 25mm acier - Schroevendump\",\"isPartOf\":{\"@id\":\"https:\/\/schroevendump.nl\/fr\/#website\"},\"primaryImageOfPage\":{\"@id\":\"https:\/\/schroevendump.nl\/fr\/produit\/vis-de-vidange-pz-2-25mm-acier\/#primaryimage\"},\"image\":{\"@id\":\"https:\/\/schroevendump.nl\/fr\/produit\/vis-de-vidange-pz-2-25mm-acier\/#primaryimage\"},\"thumbnailUrl\":\"https:\/\/schroevendump.nl\/wp-content\/uploads\/2024\/08\/891-bit-pozidriv.png\",\"datePublished\":\"2024-11-27T20:06:38+00:00\",\"dateModified\":\"2025-12-10T11:24:47+00:00\",\"breadcrumb\":{\"@id\":\"https:\/\/schroevendump.nl\/fr\/produit\/vis-de-vidange-pz-2-25mm-acier\/#breadcrumb\"},\"inLanguage\":\"fr-FR\",\"potentialAction\":[{\"@type\":\"ReadAction\",\"target\":[\"https:\/\/schroevendump.nl\/fr\/produit\/vis-de-vidange-pz-2-25mm-acier\/\"]}]},{\"@type\":\"ImageObject\",\"inLanguage\":\"fr-FR\",\"@id\":\"https:\/\/schroevendump.nl\/fr\/produit\/vis-de-vidange-pz-2-25mm-acier\/#primaryimage\",\"url\":\"https:\/\/schroevendump.nl\/wp-content\/uploads\/2024\/08\/891-bit-pozidriv.png\",\"contentUrl\":\"https:\/\/schroevendump.nl\/wp-content\/uploads\/2024\/08\/891-bit-pozidriv.png\",\"width\":710,\"height\":710},{\"@type\":\"BreadcrumbList\",\"@id\":\"https:\/\/schroevendump.nl\/fr\/produit\/vis-de-vidange-pz-2-25mm-acier\/#breadcrumb\",\"itemListElement\":[{\"@type\":\"ListItem\",\"position\":1,\"name\":\"Accueil\",\"item\":\"https:\/\/schroevendump.nl\/fr\/\"},{\"@type\":\"ListItem\",\"position\":2,\"name\":\"Boutique\",\"item\":\"https:\/\/schroevendump.nl\/fr\/boutique\/\"},{\"@type\":\"ListItem\",\"position\":3,\"name\":\"Vis de vidange PZ-2 25mm acier\"}]},{\"@type\":\"WebSite\",\"@id\":\"https:\/\/schroevendump.nl\/fr\/#website\",\"url\":\"https:\/\/schroevendump.nl\/fr\/\",\"name\":\"Schroevendump\",\"description\":\"\",\"potentialAction\":[{\"@type\":\"SearchAction\",\"target\":{\"@type\":\"EntryPoint\",\"urlTemplate\":\"https:\/\/schroevendump.nl\/fr\/?s={search_term_string}\"},\"query-input\":{\"@type\":\"PropertyValueSpecification\",\"valueRequired\":true,\"valueName\":\"search_term_string\"}}],\"inLanguage\":\"fr-FR\"}]}<\/script>\n<!-- \/ Yoast SEO plugin. -->","yoast_head_json":{"title":"Vis de vidange PZ-2 25mm acier - Schroevendump","robots":{"index":"index","follow":"follow","max-snippet":"max-snippet:-1","max-image-preview":"max-image-preview:large","max-video-preview":"max-video-preview:-1"},"canonical":"https:\/\/schroevendump.nl\/fr\/produit\/vis-de-vidange-pz-2-25mm-acier\/","og_locale":"fr_FR","og_type":"article","og_title":"Vis de vidange PZ-2 25mm acier - Schroevendump","og_description":"Embouts pour visser, par exemple, les vis \u00e0 panneaux d&#8217;agglom\u00e9r\u00e9 Screwdump ou d&#8217;autres \u00e9l\u00e9ments de fixation dot\u00e9s d&#8217;un raccord Pozidriv. Disponibles en 3 raccords Pozidriv, \u00e0 savoir PZ1, PZ2 et PZ3. Pour diff\u00e9rentes applications de vissage, les embouts sont disponibles en diff\u00e9rentes longueurs, \u00e0 savoir 25 et 50 mm de long. Pour une qualit\u00e9 sup\u00e9rieure [&hellip;]","og_url":"https:\/\/schroevendump.nl\/fr\/produit\/vis-de-vidange-pz-2-25mm-acier\/","og_site_name":"Schroevendump","article_modified_time":"2025-12-10T11:24:47+00:00","og_image":[{"width":710,"height":710,"url":"https:\/\/schroevendump.nl\/wp-content\/uploads\/2024\/08\/891-bit-pozidriv.png","type":"image\/png"}],"twitter_card":"summary_large_image","twitter_misc":{"Dur\u00e9e de lecture estim\u00e9e":"1 minute"},"schema":{"@context":"https:\/\/schema.org","@graph":[{"@type":"WebPage","@id":"https:\/\/schroevendump.nl\/fr\/produit\/vis-de-vidange-pz-2-25mm-acier\/","url":"https:\/\/schroevendump.nl\/fr\/produit\/vis-de-vidange-pz-2-25mm-acier\/","name":"Vis de vidange PZ-2 25mm acier - Schroevendump","isPartOf":{"@id":"https:\/\/schroevendump.nl\/fr\/#website"},"primaryImageOfPage":{"@id":"https:\/\/schroevendump.nl\/fr\/produit\/vis-de-vidange-pz-2-25mm-acier\/#primaryimage"},"image":{"@id":"https:\/\/schroevendump.nl\/fr\/produit\/vis-de-vidange-pz-2-25mm-acier\/#primaryimage"},"thumbnailUrl":"https:\/\/schroevendump.nl\/wp-content\/uploads\/2024\/08\/891-bit-pozidriv.png","datePublished":"2024-11-27T20:06:38+00:00","dateModified":"2025-12-10T11:24:47+00:00","breadcrumb":{"@id":"https:\/\/schroevendump.nl\/fr\/produit\/vis-de-vidange-pz-2-25mm-acier\/#breadcrumb"},"inLanguage":"fr-FR","potentialAction":[{"@type":"ReadAction","target":["https:\/\/schroevendump.nl\/fr\/produit\/vis-de-vidange-pz-2-25mm-acier\/"]}]},{"@type":"ImageObject","inLanguage":"fr-FR","@id":"https:\/\/schroevendump.nl\/fr\/produit\/vis-de-vidange-pz-2-25mm-acier\/#primaryimage","url":"https:\/\/schroevendump.nl\/wp-content\/uploads\/2024\/08\/891-bit-pozidriv.png","contentUrl":"https:\/\/schroevendump.nl\/wp-content\/uploads\/2024\/08\/891-bit-pozidriv.png","width":710,"height":710},{"@type":"BreadcrumbList","@id":"https:\/\/schroevendump.nl\/fr\/produit\/vis-de-vidange-pz-2-25mm-acier\/#breadcrumb","itemListElement":[{"@type":"ListItem","position":1,"name":"Accueil","item":"https:\/\/schroevendump.nl\/fr\/"},{"@type":"ListItem","position":2,"name":"Boutique","item":"https:\/\/schroevendump.nl\/fr\/boutique\/"},{"@type":"ListItem","position":3,"name":"Vis de vidange PZ-2 25mm acier"}]},{"@type":"WebSite","@id":"https:\/\/schroevendump.nl\/fr\/#website","url":"https:\/\/schroevendump.nl\/fr\/","name":"Schroevendump","description":"","potentialAction":[{"@type":"SearchAction","target":{"@type":"EntryPoint","urlTemplate":"https:\/\/schroevendump.nl\/fr\/?s={search_term_string}"},"query-input":{"@type":"PropertyValueSpecification","valueRequired":true,"valueName":"search_term_string"}}],"inLanguage":"fr-FR"}]}},"_links":{"self":[{"href":"https:\/\/schroevendump.nl\/fr\/wp-json\/wp\/v2\/product\/27584","targetHints":{"allow":["GET"]}}],"collection":[{"href":"https:\/\/schroevendump.nl\/fr\/wp-json\/wp\/v2\/product"}],"about":[{"href":"https:\/\/schroevendump.nl\/fr\/wp-json\/wp\/v2\/types\/product"}],"replies":[{"embeddable":true,"href":"https:\/\/schroevendump.nl\/fr\/wp-json\/wp\/v2\/comments?post=27584"}],"wp:featuredmedia":[{"embeddable":true,"href":"https:\/\/schroevendump.nl\/fr\/wp-json\/wp\/v2\/media\/27580"}],"wp:attachment":[{"href":"https:\/\/schroevendump.nl\/fr\/wp-json\/wp\/v2\/media?parent=27584"}],"wp:term":[{"taxonomy":"product_brand","embeddable":true,"href":"https:\/\/schroevendump.nl\/fr\/wp-json\/wp\/v2\/product_brand?post=27584"},{"taxonomy":"product_cat","embeddable":true,"href":"https:\/\/schroevendump.nl\/fr\/wp-json\/wp\/v2\/product_cat?post=27584"},{"taxonomy":"product_tag","embeddable":true,"href":"https:\/\/schroevendump.nl\/fr\/wp-json\/wp\/v2\/product_tag?post=27584"}],"curies":[{"name":"wp","href":"https:\/\/api.w.org\/{rel}","templated":true}]}}