{"id":27622,"date":"2024-11-25T20:38:36","date_gmt":"2024-11-25T20:38:36","guid":{"rendered":"https:\/\/schroevendump.nl\/product\/manchons-de-serrage-pour-vis-5-0-x-26-200pcs\/"},"modified":"2025-12-10T11:25:10","modified_gmt":"2025-12-10T11:25:10","slug":"manchons-de-serrage-pour-vis-5-0-x-26-200pcs","status":"publish","type":"product","link":"https:\/\/schroevendump.nl\/fr\/produit\/manchons-de-serrage-pour-vis-5-0-x-26-200pcs\/","title":{"rendered":"Manchons de serrage pour vis 5.0 x 26 200pcs"},"content":{"rendered":"<p>Les manchons sont martel\u00e9s dans un trou perc\u00e9, le trou perc\u00e9 devant \u00eatre l\u00e9g\u00e8rement plus \u00e9troit que le diam\u00e8tre du manchon. Les manchons de serrage sont un \u00e9l\u00e9ment de fixation universel dans le secteur de la construction. Elles sont largement utilis\u00e9es, par exemple, pour fixer des colliers, des lattes et des liteaux sur du b\u00e9ton. Les douilles de serrage sont \u00e9galement connues sous le nom de clous express.   <\/p>\n<p>Ces douilles de serrage sont d&#8217;une qualit\u00e9 sup\u00e9rieure absolue et sont lou\u00e9es par les professionnels pour leur solidit\u00e9. Les douilles de serrage sont tremp\u00e9es et pr\u00e9sentent donc la duret\u00e9 n\u00e9cessaire pour une fixation durable et s\u00fbre. Les douilles de serrage sont disponibles en diff\u00e9rentes tailles, de 26 \u00e0 180 mm de longueur.  <\/p>\n<p><strong>Application<\/strong><br \/>\nFixation de lattes, de chevrons et de liteaux sur du b\u00e9ton<br \/>\nUtilisation int\u00e9rieure et ext\u00e9rieure<\/p>\n<p><strong>Caract\u00e9ristiques<\/strong><br \/>\nTremp\u00e9<br \/>\nMontage rapide<br \/>\nPour le montage de lattes, liteaux, chevrons et lattes sur b\u00e9ton<br \/>\nAvec ou sans l\u00e8vres antid\u00e9rapantes<\/p>\n","protected":false},"excerpt":{"rendered":"<p>Les manchons sont martel\u00e9s dans un trou perc\u00e9, le trou perc\u00e9 devant \u00eatre l\u00e9g\u00e8rement plus \u00e9troit que le diam\u00e8tre du manchon. Les manchons de serrage sont un \u00e9l\u00e9ment de fixation universel dans le secteur de la construction. Elles sont largement utilis\u00e9es, par exemple, pour fixer des colliers, des lattes et des liteaux sur du b\u00e9ton. [&hellip;]<\/p>\n","protected":false},"featured_media":26610,"comment_status":"open","ping_status":"closed","template":"","meta":[],"product_brand":[],"product_cat":[670],"product_tag":[],"class_list":{"0":"post-27622","1":"product","2":"type-product","3":"status-publish","4":"has-post-thumbnail","6":"product_cat-manchons-de-serrage","8":"first","9":"instock","10":"taxable","11":"shipping-taxable","12":"purchasable","13":"product-type-simple"},"supplier_id":null,"supplier_sku":"","barcode":null,"atum_controlled":true,"out_stock_date":null,"out_stock_threshold":null,"inheritable":false,"inbound_stock":0,"stock_on_hold":0,"sold_today":0,"sales_last_days":0,"reserved_stock":0,"customer_returns":0,"warehouse_damage":0,"lost_in_post":0,"other_logs":0,"out_stock_days":0,"lost_sales":0,"has_location":false,"update_date":"2026-04-04T00:57:42","atum_locations":[],"atum_stock_status":"instock","restock_status":false,"low_stock_amount":"","sales_update_date":"2026-04-04T00:57:41","calc_backorders":null,"acf":[],"yoast_head":"<!-- This site is optimized with the Yoast SEO plugin v26.6 - https:\/\/yoast.com\/wordpress\/plugins\/seo\/ -->\n<title>Manchons de serrage pour vis 5.0 x 26 200pcs - Schroevendump<\/title>\n<meta name=\"robots\" content=\"index, follow, max-snippet:-1, max-image-preview:large, max-video-preview:-1\" \/>\n<link rel=\"canonical\" href=\"https:\/\/schroevendump.nl\/fr\/produit\/manchons-de-serrage-pour-vis-5-0-x-26-200pcs\/\" \/>\n<meta property=\"og:locale\" content=\"fr_FR\" \/>\n<meta property=\"og:type\" content=\"article\" \/>\n<meta property=\"og:title\" content=\"Manchons de serrage pour vis 5.0 x 26 200pcs - Schroevendump\" \/>\n<meta property=\"og:description\" content=\"Les manchons sont martel\u00e9s dans un trou perc\u00e9, le trou perc\u00e9 devant \u00eatre l\u00e9g\u00e8rement plus \u00e9troit que le diam\u00e8tre du manchon. Les manchons de serrage sont un \u00e9l\u00e9ment de fixation universel dans le secteur de la construction. Elles sont largement utilis\u00e9es, par exemple, pour fixer des colliers, des lattes et des liteaux sur du b\u00e9ton. [&hellip;]\" \/>\n<meta property=\"og:url\" content=\"https:\/\/schroevendump.nl\/fr\/produit\/manchons-de-serrage-pour-vis-5-0-x-26-200pcs\/\" \/>\n<meta property=\"og:site_name\" content=\"Schroevendump\" \/>\n<meta property=\"article:modified_time\" content=\"2025-12-10T11:25:10+00:00\" \/>\n<meta property=\"og:image\" content=\"https:\/\/schroevendump.nl\/wp-content\/uploads\/2024\/11\/870-spanhuls-verzinkt-removebg-preview.png\" \/>\n\t<meta property=\"og:image:width\" content=\"499\" \/>\n\t<meta property=\"og:image:height\" content=\"499\" \/>\n\t<meta property=\"og:image:type\" content=\"image\/png\" \/>\n<meta name=\"twitter:card\" content=\"summary_large_image\" \/>\n<meta name=\"twitter:label1\" content=\"Dur\u00e9e de lecture estim\u00e9e\" \/>\n\t<meta name=\"twitter:data1\" content=\"1 minute\" \/>\n<script type=\"application\/ld+json\" class=\"yoast-schema-graph\">{\"@context\":\"https:\/\/schema.org\",\"@graph\":[{\"@type\":\"WebPage\",\"@id\":\"https:\/\/schroevendump.nl\/fr\/produit\/manchons-de-serrage-pour-vis-5-0-x-26-200pcs\/\",\"url\":\"https:\/\/schroevendump.nl\/fr\/produit\/manchons-de-serrage-pour-vis-5-0-x-26-200pcs\/\",\"name\":\"Manchons de serrage pour vis 5.0 x 26 200pcs - Schroevendump\",\"isPartOf\":{\"@id\":\"https:\/\/schroevendump.nl\/fr\/#website\"},\"primaryImageOfPage\":{\"@id\":\"https:\/\/schroevendump.nl\/fr\/produit\/manchons-de-serrage-pour-vis-5-0-x-26-200pcs\/#primaryimage\"},\"image\":{\"@id\":\"https:\/\/schroevendump.nl\/fr\/produit\/manchons-de-serrage-pour-vis-5-0-x-26-200pcs\/#primaryimage\"},\"thumbnailUrl\":\"https:\/\/schroevendump.nl\/wp-content\/uploads\/2024\/11\/870-spanhuls-verzinkt-removebg-preview.png\",\"datePublished\":\"2024-11-25T20:38:36+00:00\",\"dateModified\":\"2025-12-10T11:25:10+00:00\",\"breadcrumb\":{\"@id\":\"https:\/\/schroevendump.nl\/fr\/produit\/manchons-de-serrage-pour-vis-5-0-x-26-200pcs\/#breadcrumb\"},\"inLanguage\":\"fr-FR\",\"potentialAction\":[{\"@type\":\"ReadAction\",\"target\":[\"https:\/\/schroevendump.nl\/fr\/produit\/manchons-de-serrage-pour-vis-5-0-x-26-200pcs\/\"]}]},{\"@type\":\"ImageObject\",\"inLanguage\":\"fr-FR\",\"@id\":\"https:\/\/schroevendump.nl\/fr\/produit\/manchons-de-serrage-pour-vis-5-0-x-26-200pcs\/#primaryimage\",\"url\":\"https:\/\/schroevendump.nl\/wp-content\/uploads\/2024\/11\/870-spanhuls-verzinkt-removebg-preview.png\",\"contentUrl\":\"https:\/\/schroevendump.nl\/wp-content\/uploads\/2024\/11\/870-spanhuls-verzinkt-removebg-preview.png\",\"width\":499,\"height\":499},{\"@type\":\"BreadcrumbList\",\"@id\":\"https:\/\/schroevendump.nl\/fr\/produit\/manchons-de-serrage-pour-vis-5-0-x-26-200pcs\/#breadcrumb\",\"itemListElement\":[{\"@type\":\"ListItem\",\"position\":1,\"name\":\"Accueil\",\"item\":\"https:\/\/schroevendump.nl\/fr\/\"},{\"@type\":\"ListItem\",\"position\":2,\"name\":\"Boutique\",\"item\":\"https:\/\/schroevendump.nl\/fr\/boutique\/\"},{\"@type\":\"ListItem\",\"position\":3,\"name\":\"Manchons de serrage pour vis 5.0 x 26 200pcs\"}]},{\"@type\":\"WebSite\",\"@id\":\"https:\/\/schroevendump.nl\/fr\/#website\",\"url\":\"https:\/\/schroevendump.nl\/fr\/\",\"name\":\"Schroevendump\",\"description\":\"\",\"potentialAction\":[{\"@type\":\"SearchAction\",\"target\":{\"@type\":\"EntryPoint\",\"urlTemplate\":\"https:\/\/schroevendump.nl\/fr\/?s={search_term_string}\"},\"query-input\":{\"@type\":\"PropertyValueSpecification\",\"valueRequired\":true,\"valueName\":\"search_term_string\"}}],\"inLanguage\":\"fr-FR\"}]}<\/script>\n<!-- \/ Yoast SEO plugin. -->","yoast_head_json":{"title":"Manchons de serrage pour vis 5.0 x 26 200pcs - Schroevendump","robots":{"index":"index","follow":"follow","max-snippet":"max-snippet:-1","max-image-preview":"max-image-preview:large","max-video-preview":"max-video-preview:-1"},"canonical":"https:\/\/schroevendump.nl\/fr\/produit\/manchons-de-serrage-pour-vis-5-0-x-26-200pcs\/","og_locale":"fr_FR","og_type":"article","og_title":"Manchons de serrage pour vis 5.0 x 26 200pcs - Schroevendump","og_description":"Les manchons sont martel\u00e9s dans un trou perc\u00e9, le trou perc\u00e9 devant \u00eatre l\u00e9g\u00e8rement plus \u00e9troit que le diam\u00e8tre du manchon. Les manchons de serrage sont un \u00e9l\u00e9ment de fixation universel dans le secteur de la construction. Elles sont largement utilis\u00e9es, par exemple, pour fixer des colliers, des lattes et des liteaux sur du b\u00e9ton. [&hellip;]","og_url":"https:\/\/schroevendump.nl\/fr\/produit\/manchons-de-serrage-pour-vis-5-0-x-26-200pcs\/","og_site_name":"Schroevendump","article_modified_time":"2025-12-10T11:25:10+00:00","og_image":[{"width":499,"height":499,"url":"https:\/\/schroevendump.nl\/wp-content\/uploads\/2024\/11\/870-spanhuls-verzinkt-removebg-preview.png","type":"image\/png"}],"twitter_card":"summary_large_image","twitter_misc":{"Dur\u00e9e de lecture estim\u00e9e":"1 minute"},"schema":{"@context":"https:\/\/schema.org","@graph":[{"@type":"WebPage","@id":"https:\/\/schroevendump.nl\/fr\/produit\/manchons-de-serrage-pour-vis-5-0-x-26-200pcs\/","url":"https:\/\/schroevendump.nl\/fr\/produit\/manchons-de-serrage-pour-vis-5-0-x-26-200pcs\/","name":"Manchons de serrage pour vis 5.0 x 26 200pcs - Schroevendump","isPartOf":{"@id":"https:\/\/schroevendump.nl\/fr\/#website"},"primaryImageOfPage":{"@id":"https:\/\/schroevendump.nl\/fr\/produit\/manchons-de-serrage-pour-vis-5-0-x-26-200pcs\/#primaryimage"},"image":{"@id":"https:\/\/schroevendump.nl\/fr\/produit\/manchons-de-serrage-pour-vis-5-0-x-26-200pcs\/#primaryimage"},"thumbnailUrl":"https:\/\/schroevendump.nl\/wp-content\/uploads\/2024\/11\/870-spanhuls-verzinkt-removebg-preview.png","datePublished":"2024-11-25T20:38:36+00:00","dateModified":"2025-12-10T11:25:10+00:00","breadcrumb":{"@id":"https:\/\/schroevendump.nl\/fr\/produit\/manchons-de-serrage-pour-vis-5-0-x-26-200pcs\/#breadcrumb"},"inLanguage":"fr-FR","potentialAction":[{"@type":"ReadAction","target":["https:\/\/schroevendump.nl\/fr\/produit\/manchons-de-serrage-pour-vis-5-0-x-26-200pcs\/"]}]},{"@type":"ImageObject","inLanguage":"fr-FR","@id":"https:\/\/schroevendump.nl\/fr\/produit\/manchons-de-serrage-pour-vis-5-0-x-26-200pcs\/#primaryimage","url":"https:\/\/schroevendump.nl\/wp-content\/uploads\/2024\/11\/870-spanhuls-verzinkt-removebg-preview.png","contentUrl":"https:\/\/schroevendump.nl\/wp-content\/uploads\/2024\/11\/870-spanhuls-verzinkt-removebg-preview.png","width":499,"height":499},{"@type":"BreadcrumbList","@id":"https:\/\/schroevendump.nl\/fr\/produit\/manchons-de-serrage-pour-vis-5-0-x-26-200pcs\/#breadcrumb","itemListElement":[{"@type":"ListItem","position":1,"name":"Accueil","item":"https:\/\/schroevendump.nl\/fr\/"},{"@type":"ListItem","position":2,"name":"Boutique","item":"https:\/\/schroevendump.nl\/fr\/boutique\/"},{"@type":"ListItem","position":3,"name":"Manchons de serrage pour vis 5.0 x 26 200pcs"}]},{"@type":"WebSite","@id":"https:\/\/schroevendump.nl\/fr\/#website","url":"https:\/\/schroevendump.nl\/fr\/","name":"Schroevendump","description":"","potentialAction":[{"@type":"SearchAction","target":{"@type":"EntryPoint","urlTemplate":"https:\/\/schroevendump.nl\/fr\/?s={search_term_string}"},"query-input":{"@type":"PropertyValueSpecification","valueRequired":true,"valueName":"search_term_string"}}],"inLanguage":"fr-FR"}]}},"_links":{"self":[{"href":"https:\/\/schroevendump.nl\/fr\/wp-json\/wp\/v2\/product\/27622","targetHints":{"allow":["GET"]}}],"collection":[{"href":"https:\/\/schroevendump.nl\/fr\/wp-json\/wp\/v2\/product"}],"about":[{"href":"https:\/\/schroevendump.nl\/fr\/wp-json\/wp\/v2\/types\/product"}],"replies":[{"embeddable":true,"href":"https:\/\/schroevendump.nl\/fr\/wp-json\/wp\/v2\/comments?post=27622"}],"wp:featuredmedia":[{"embeddable":true,"href":"https:\/\/schroevendump.nl\/fr\/wp-json\/wp\/v2\/media\/26610"}],"wp:attachment":[{"href":"https:\/\/schroevendump.nl\/fr\/wp-json\/wp\/v2\/media?parent=27622"}],"wp:term":[{"taxonomy":"product_brand","embeddable":true,"href":"https:\/\/schroevendump.nl\/fr\/wp-json\/wp\/v2\/product_brand?post=27622"},{"taxonomy":"product_cat","embeddable":true,"href":"https:\/\/schroevendump.nl\/fr\/wp-json\/wp\/v2\/product_cat?post=27622"},{"taxonomy":"product_tag","embeddable":true,"href":"https:\/\/schroevendump.nl\/fr\/wp-json\/wp\/v2\/product_tag?post=27622"}],"curies":[{"name":"wp","href":"https:\/\/api.w.org\/{rel}","templated":true}]}}