{"id":27763,"date":"2024-11-16T17:08:31","date_gmt":"2024-11-16T17:08:31","guid":{"rendered":"https:\/\/schroevendump.nl\/product\/vis-pour-cloisons-seches-ph2-filetage-fin-35-x-25-1000pcs\/"},"modified":"2025-12-10T11:26:20","modified_gmt":"2025-12-10T11:26:20","slug":"vis-pour-cloisons-seches-ph2-filetage-fin-35-x-25-1000pcs","status":"publish","type":"product","link":"https:\/\/schroevendump.nl\/fr\/produit\/vis-pour-cloisons-seches-ph2-filetage-fin-35-x-25-1000pcs\/","title":{"rendered":"Vis pour cloisons s\u00e8ches PH2 filetage fin 3,5 x 25 1000pcs"},"content":{"rendered":"<p>Les profil\u00e9s m\u00e9talliques (U, H ou C) constituent la base des cloisons et des plafonds. Pour la fixation des plaques de pl\u00e2tre sur ces profil\u00e9s, la vis pour plaques de pl\u00e2tre Schroevendump est la seule bonne solution. La vis pour plaques de pl\u00e2tre, \u00e9galement appel\u00e9e vis de construction rapide, est une vis phosphat\u00e9e noire munie d&#8217;une t\u00eate en trompette pour \u00e9viter d&#8217;endommager les plaques de pl\u00e2tre. Cette vis pour cloisons s\u00e8ches poss\u00e8de un filetage fin qui lui permet de fixer les cloisons s\u00e8ches aux profil\u00e9s m\u00e9talliques. La pointe dure et tranchante des vis Schroevendump pour cloisons s\u00e8ches perce sans effort le profil\u00e9 m\u00e9tallique fin, jusqu&#8217;\u00e0 une \u00e9paisseur de 0,8 mm.<br \/>\nPour visser ces vis, on utilise un embout Phillips n\u00b0 2 (PH-2). Les vis de fixation Screwdump sont disponibles en version phosphat\u00e9e noire. La vis phosphat\u00e9e est excellente pour la finition avec un produit de finition murale tel que le stuc ou la peinture murale au latex, et elle est r\u00e9sistante \u00e0 la corrosion.      <\/p>\n<p>La gamme des vis de fixation Screwdump est tr\u00e8s \u00e9tendue. Par exemple, la vis peut \u00eatre achet\u00e9e dans des longueurs allant jusqu&#8217;\u00e0 55 mm. <\/p>\n<p><b>Application<\/b><br \/>\nMontage de plaques de pl\u00e2tre sur des montants m\u00e9talliques<br \/>\nUtilisation en int\u00e9rieur<\/p>\n","protected":false},"excerpt":{"rendered":"<p>Les profil\u00e9s m\u00e9talliques (U, H ou C) constituent la base des cloisons et des plafonds. Pour la fixation des plaques de pl\u00e2tre sur ces profil\u00e9s, la vis pour plaques de pl\u00e2tre Schroevendump est la seule bonne solution. La vis pour plaques de pl\u00e2tre, \u00e9galement appel\u00e9e vis de construction rapide, est une vis phosphat\u00e9e noire munie [&hellip;]<\/p>\n","protected":false},"featured_media":26694,"comment_status":"open","ping_status":"closed","template":"","meta":[],"product_brand":[],"product_cat":[459],"product_tag":[],"class_list":{"0":"post-27763","1":"product","2":"type-product","3":"status-publish","4":"has-post-thumbnail","6":"product_cat-vis-pour-placo","7":"pa_draad-filetage-complet","9":"first","10":"instock","11":"taxable","12":"shipping-taxable","13":"purchasable","14":"product-type-simple"},"supplier_id":null,"supplier_sku":"","barcode":null,"atum_controlled":true,"out_stock_date":null,"out_stock_threshold":null,"inheritable":false,"inbound_stock":0,"stock_on_hold":0,"sold_today":0,"sales_last_days":0,"reserved_stock":0,"customer_returns":0,"warehouse_damage":0,"lost_in_post":0,"other_logs":0,"out_stock_days":0,"lost_sales":0,"has_location":false,"update_date":"2026-04-16T01:02:32","atum_locations":[],"atum_stock_status":"instock","restock_status":false,"low_stock_amount":"","sales_update_date":"2026-04-16T01:02:32","calc_backorders":null,"acf":[],"yoast_head":"<!-- This site is optimized with the Yoast SEO plugin v26.6 - https:\/\/yoast.com\/wordpress\/plugins\/seo\/ -->\n<title>Vis pour cloisons s\u00e8ches PH2 filetage fin 3,5 x 25 1000pcs - Schroevendump<\/title>\n<meta name=\"robots\" content=\"index, follow, max-snippet:-1, max-image-preview:large, max-video-preview:-1\" \/>\n<link rel=\"canonical\" href=\"https:\/\/schroevendump.nl\/fr\/produit\/vis-pour-cloisons-seches-ph2-filetage-fin-35-x-25-1000pcs\/\" \/>\n<meta property=\"og:locale\" content=\"fr_FR\" \/>\n<meta property=\"og:type\" content=\"article\" \/>\n<meta property=\"og:title\" content=\"Vis pour cloisons s\u00e8ches PH2 filetage fin 3,5 x 25 1000pcs - Schroevendump\" \/>\n<meta property=\"og:description\" content=\"Les profil\u00e9s m\u00e9talliques (U, H ou C) constituent la base des cloisons et des plafonds. Pour la fixation des plaques de pl\u00e2tre sur ces profil\u00e9s, la vis pour plaques de pl\u00e2tre Schroevendump est la seule bonne solution. La vis pour plaques de pl\u00e2tre, \u00e9galement appel\u00e9e vis de construction rapide, est une vis phosphat\u00e9e noire munie [&hellip;]\" \/>\n<meta property=\"og:url\" content=\"https:\/\/schroevendump.nl\/fr\/produit\/vis-pour-cloisons-seches-ph2-filetage-fin-35-x-25-1000pcs\/\" \/>\n<meta property=\"og:site_name\" content=\"Schroevendump\" \/>\n<meta property=\"article:modified_time\" content=\"2025-12-10T11:26:20+00:00\" \/>\n<meta property=\"og:image\" content=\"https:\/\/schroevendump.nl\/wp-content\/uploads\/2024\/08\/831-snelbouwschroef-fijne-draad-type-S-VD.png\" \/>\n\t<meta property=\"og:image:width\" content=\"710\" \/>\n\t<meta property=\"og:image:height\" content=\"710\" \/>\n\t<meta property=\"og:image:type\" content=\"image\/png\" \/>\n<meta name=\"twitter:card\" content=\"summary_large_image\" \/>\n<meta name=\"twitter:label1\" content=\"Dur\u00e9e de lecture estim\u00e9e\" \/>\n\t<meta name=\"twitter:data1\" content=\"1 minute\" \/>\n<script type=\"application\/ld+json\" class=\"yoast-schema-graph\">{\"@context\":\"https:\/\/schema.org\",\"@graph\":[{\"@type\":\"WebPage\",\"@id\":\"https:\/\/schroevendump.nl\/fr\/produit\/vis-pour-cloisons-seches-ph2-filetage-fin-35-x-25-1000pcs\/\",\"url\":\"https:\/\/schroevendump.nl\/fr\/produit\/vis-pour-cloisons-seches-ph2-filetage-fin-35-x-25-1000pcs\/\",\"name\":\"Vis pour cloisons s\u00e8ches PH2 filetage fin 3,5 x 25 1000pcs - Schroevendump\",\"isPartOf\":{\"@id\":\"https:\/\/schroevendump.nl\/fr\/#website\"},\"primaryImageOfPage\":{\"@id\":\"https:\/\/schroevendump.nl\/fr\/produit\/vis-pour-cloisons-seches-ph2-filetage-fin-35-x-25-1000pcs\/#primaryimage\"},\"image\":{\"@id\":\"https:\/\/schroevendump.nl\/fr\/produit\/vis-pour-cloisons-seches-ph2-filetage-fin-35-x-25-1000pcs\/#primaryimage\"},\"thumbnailUrl\":\"https:\/\/schroevendump.nl\/wp-content\/uploads\/2024\/08\/831-snelbouwschroef-fijne-draad-type-S-VD.png\",\"datePublished\":\"2024-11-16T17:08:31+00:00\",\"dateModified\":\"2025-12-10T11:26:20+00:00\",\"breadcrumb\":{\"@id\":\"https:\/\/schroevendump.nl\/fr\/produit\/vis-pour-cloisons-seches-ph2-filetage-fin-35-x-25-1000pcs\/#breadcrumb\"},\"inLanguage\":\"fr-FR\",\"potentialAction\":[{\"@type\":\"ReadAction\",\"target\":[\"https:\/\/schroevendump.nl\/fr\/produit\/vis-pour-cloisons-seches-ph2-filetage-fin-35-x-25-1000pcs\/\"]}]},{\"@type\":\"ImageObject\",\"inLanguage\":\"fr-FR\",\"@id\":\"https:\/\/schroevendump.nl\/fr\/produit\/vis-pour-cloisons-seches-ph2-filetage-fin-35-x-25-1000pcs\/#primaryimage\",\"url\":\"https:\/\/schroevendump.nl\/wp-content\/uploads\/2024\/08\/831-snelbouwschroef-fijne-draad-type-S-VD.png\",\"contentUrl\":\"https:\/\/schroevendump.nl\/wp-content\/uploads\/2024\/08\/831-snelbouwschroef-fijne-draad-type-S-VD.png\",\"width\":710,\"height\":710},{\"@type\":\"BreadcrumbList\",\"@id\":\"https:\/\/schroevendump.nl\/fr\/produit\/vis-pour-cloisons-seches-ph2-filetage-fin-35-x-25-1000pcs\/#breadcrumb\",\"itemListElement\":[{\"@type\":\"ListItem\",\"position\":1,\"name\":\"Accueil\",\"item\":\"https:\/\/schroevendump.nl\/fr\/\"},{\"@type\":\"ListItem\",\"position\":2,\"name\":\"Boutique\",\"item\":\"https:\/\/schroevendump.nl\/fr\/boutique\/\"},{\"@type\":\"ListItem\",\"position\":3,\"name\":\"Vis pour cloisons s\u00e8ches PH2 filetage fin 3,5 x 25 1000pcs\"}]},{\"@type\":\"WebSite\",\"@id\":\"https:\/\/schroevendump.nl\/fr\/#website\",\"url\":\"https:\/\/schroevendump.nl\/fr\/\",\"name\":\"Schroevendump\",\"description\":\"\",\"potentialAction\":[{\"@type\":\"SearchAction\",\"target\":{\"@type\":\"EntryPoint\",\"urlTemplate\":\"https:\/\/schroevendump.nl\/fr\/?s={search_term_string}\"},\"query-input\":{\"@type\":\"PropertyValueSpecification\",\"valueRequired\":true,\"valueName\":\"search_term_string\"}}],\"inLanguage\":\"fr-FR\"}]}<\/script>\n<!-- \/ Yoast SEO plugin. -->","yoast_head_json":{"title":"Vis pour cloisons s\u00e8ches PH2 filetage fin 3,5 x 25 1000pcs - Schroevendump","robots":{"index":"index","follow":"follow","max-snippet":"max-snippet:-1","max-image-preview":"max-image-preview:large","max-video-preview":"max-video-preview:-1"},"canonical":"https:\/\/schroevendump.nl\/fr\/produit\/vis-pour-cloisons-seches-ph2-filetage-fin-35-x-25-1000pcs\/","og_locale":"fr_FR","og_type":"article","og_title":"Vis pour cloisons s\u00e8ches PH2 filetage fin 3,5 x 25 1000pcs - Schroevendump","og_description":"Les profil\u00e9s m\u00e9talliques (U, H ou C) constituent la base des cloisons et des plafonds. Pour la fixation des plaques de pl\u00e2tre sur ces profil\u00e9s, la vis pour plaques de pl\u00e2tre Schroevendump est la seule bonne solution. La vis pour plaques de pl\u00e2tre, \u00e9galement appel\u00e9e vis de construction rapide, est une vis phosphat\u00e9e noire munie [&hellip;]","og_url":"https:\/\/schroevendump.nl\/fr\/produit\/vis-pour-cloisons-seches-ph2-filetage-fin-35-x-25-1000pcs\/","og_site_name":"Schroevendump","article_modified_time":"2025-12-10T11:26:20+00:00","og_image":[{"width":710,"height":710,"url":"https:\/\/schroevendump.nl\/wp-content\/uploads\/2024\/08\/831-snelbouwschroef-fijne-draad-type-S-VD.png","type":"image\/png"}],"twitter_card":"summary_large_image","twitter_misc":{"Dur\u00e9e de lecture estim\u00e9e":"1 minute"},"schema":{"@context":"https:\/\/schema.org","@graph":[{"@type":"WebPage","@id":"https:\/\/schroevendump.nl\/fr\/produit\/vis-pour-cloisons-seches-ph2-filetage-fin-35-x-25-1000pcs\/","url":"https:\/\/schroevendump.nl\/fr\/produit\/vis-pour-cloisons-seches-ph2-filetage-fin-35-x-25-1000pcs\/","name":"Vis pour cloisons s\u00e8ches PH2 filetage fin 3,5 x 25 1000pcs - Schroevendump","isPartOf":{"@id":"https:\/\/schroevendump.nl\/fr\/#website"},"primaryImageOfPage":{"@id":"https:\/\/schroevendump.nl\/fr\/produit\/vis-pour-cloisons-seches-ph2-filetage-fin-35-x-25-1000pcs\/#primaryimage"},"image":{"@id":"https:\/\/schroevendump.nl\/fr\/produit\/vis-pour-cloisons-seches-ph2-filetage-fin-35-x-25-1000pcs\/#primaryimage"},"thumbnailUrl":"https:\/\/schroevendump.nl\/wp-content\/uploads\/2024\/08\/831-snelbouwschroef-fijne-draad-type-S-VD.png","datePublished":"2024-11-16T17:08:31+00:00","dateModified":"2025-12-10T11:26:20+00:00","breadcrumb":{"@id":"https:\/\/schroevendump.nl\/fr\/produit\/vis-pour-cloisons-seches-ph2-filetage-fin-35-x-25-1000pcs\/#breadcrumb"},"inLanguage":"fr-FR","potentialAction":[{"@type":"ReadAction","target":["https:\/\/schroevendump.nl\/fr\/produit\/vis-pour-cloisons-seches-ph2-filetage-fin-35-x-25-1000pcs\/"]}]},{"@type":"ImageObject","inLanguage":"fr-FR","@id":"https:\/\/schroevendump.nl\/fr\/produit\/vis-pour-cloisons-seches-ph2-filetage-fin-35-x-25-1000pcs\/#primaryimage","url":"https:\/\/schroevendump.nl\/wp-content\/uploads\/2024\/08\/831-snelbouwschroef-fijne-draad-type-S-VD.png","contentUrl":"https:\/\/schroevendump.nl\/wp-content\/uploads\/2024\/08\/831-snelbouwschroef-fijne-draad-type-S-VD.png","width":710,"height":710},{"@type":"BreadcrumbList","@id":"https:\/\/schroevendump.nl\/fr\/produit\/vis-pour-cloisons-seches-ph2-filetage-fin-35-x-25-1000pcs\/#breadcrumb","itemListElement":[{"@type":"ListItem","position":1,"name":"Accueil","item":"https:\/\/schroevendump.nl\/fr\/"},{"@type":"ListItem","position":2,"name":"Boutique","item":"https:\/\/schroevendump.nl\/fr\/boutique\/"},{"@type":"ListItem","position":3,"name":"Vis pour cloisons s\u00e8ches PH2 filetage fin 3,5 x 25 1000pcs"}]},{"@type":"WebSite","@id":"https:\/\/schroevendump.nl\/fr\/#website","url":"https:\/\/schroevendump.nl\/fr\/","name":"Schroevendump","description":"","potentialAction":[{"@type":"SearchAction","target":{"@type":"EntryPoint","urlTemplate":"https:\/\/schroevendump.nl\/fr\/?s={search_term_string}"},"query-input":{"@type":"PropertyValueSpecification","valueRequired":true,"valueName":"search_term_string"}}],"inLanguage":"fr-FR"}]}},"_links":{"self":[{"href":"https:\/\/schroevendump.nl\/fr\/wp-json\/wp\/v2\/product\/27763","targetHints":{"allow":["GET"]}}],"collection":[{"href":"https:\/\/schroevendump.nl\/fr\/wp-json\/wp\/v2\/product"}],"about":[{"href":"https:\/\/schroevendump.nl\/fr\/wp-json\/wp\/v2\/types\/product"}],"replies":[{"embeddable":true,"href":"https:\/\/schroevendump.nl\/fr\/wp-json\/wp\/v2\/comments?post=27763"}],"wp:featuredmedia":[{"embeddable":true,"href":"https:\/\/schroevendump.nl\/fr\/wp-json\/wp\/v2\/media\/26694"}],"wp:attachment":[{"href":"https:\/\/schroevendump.nl\/fr\/wp-json\/wp\/v2\/media?parent=27763"}],"wp:term":[{"taxonomy":"product_brand","embeddable":true,"href":"https:\/\/schroevendump.nl\/fr\/wp-json\/wp\/v2\/product_brand?post=27763"},{"taxonomy":"product_cat","embeddable":true,"href":"https:\/\/schroevendump.nl\/fr\/wp-json\/wp\/v2\/product_cat?post=27763"},{"taxonomy":"product_tag","embeddable":true,"href":"https:\/\/schroevendump.nl\/fr\/wp-json\/wp\/v2\/product_tag?post=27763"}],"curies":[{"name":"wp","href":"https:\/\/api.w.org\/{rel}","templated":true}]}}