{"id":27836,"date":"2025-05-10T09:43:31","date_gmt":"2025-05-10T09:43:31","guid":{"rendered":"https:\/\/schroevendump.nl\/product\/foret-a-bois-rex-speed-drill-14-x-155mm\/"},"modified":"2025-12-10T11:39:05","modified_gmt":"2025-12-10T11:39:05","slug":"foret-a-bois-rex-speed-drill-14-x-155mm","status":"publish","type":"product","link":"https:\/\/schroevendump.nl\/fr\/produit\/foret-a-bois-rex-speed-drill-14-x-155mm\/","title":{"rendered":"Foret \u00e0 bois REX Speed drill 14 x 155mm"},"content":{"rendered":"<p class=\"\" data-start=\"355\" data-end=\"584\">La <strong data-start=\"358\" data-end=\"387\">perceuse rapide REX <\/strong>est une perceuse \u00e0 bois puissante destin\u00e9e \u00e0 un usage professionnel. Gr\u00e2ce \u00e0 la pointe ac\u00e9r\u00e9e et aux fraises lat\u00e9rales, vous percez rapidement et proprement dans tous les types de bois. Id\u00e9al pour les \u00e9lectriciens, les charpentiers et les bricoleurs.<\/p>\n<p class=\"\" data-start=\"586\" data-end=\"606\"><strong data-start=\"586\" data-end=\"606\">\u2705 Sp\u00e9cifications :<\/strong><\/p>\n<ul data-start=\"607\" data-end=\"817\">\n<li class=\"\" data-start=\"607\" data-end=\"624\">\n<p class=\"\" data-start=\"609\" data-end=\"624\"><strong data-start=\"609\" data-end=\"617\">Marque<\/strong>: REX<\/p>\n<\/li>\n<li class=\"\" data-start=\"672\" data-end=\"717\">\n<p class=\"\" data-start=\"674\" data-end=\"717\"><strong data-start=\"674\" data-end=\"687\">Mat\u00e9riau<\/strong>: Acier au chrome-vanadium (CrV)<\/p>\n<\/li>\n<li class=\"\" data-start=\"718\" data-end=\"761\">\n<p class=\"\" data-start=\"720\" data-end=\"761\"><strong data-start=\"720\" data-end=\"735\">Connexion<\/strong>: 1\/4&#8243; Quicklock shank<\/p>\n<\/li>\n<li class=\"\" data-start=\"762\" data-end=\"817\">\n<p class=\"\" data-start=\"764\" data-end=\"817\"><strong data-start=\"764\" data-end=\"778\">Application<\/strong>: bois tendre et dur, MDF, panneaux de particules<\/p>\n<\/li>\n<\/ul>\n","protected":false},"excerpt":{"rendered":"<p>La perceuse rapide REX est une perceuse \u00e0 bois puissante destin\u00e9e \u00e0 un usage professionnel. Gr\u00e2ce \u00e0 la pointe ac\u00e9r\u00e9e et aux fraises lat\u00e9rales, vous percez rapidement et proprement dans tous les types de bois. Id\u00e9al pour les \u00e9lectriciens, les charpentiers et les bricoleurs. \u2705 Sp\u00e9cifications : Marque: REX Mat\u00e9riau: Acier au chrome-vanadium (CrV) Connexion: [&hellip;]<\/p>\n","protected":false},"featured_media":27198,"comment_status":"open","ping_status":"closed","template":"","meta":[],"product_brand":[],"product_cat":[578],"product_tag":[],"class_list":{"0":"post-27836","1":"product","2":"type-product","3":"status-publish","4":"has-post-thumbnail","6":"product_cat-exercices-de-vitesse","8":"first","9":"instock","10":"taxable","11":"shipping-taxable","12":"purchasable","13":"product-type-simple"},"supplier_id":null,"supplier_sku":"","barcode":null,"atum_controlled":true,"out_stock_date":null,"out_stock_threshold":null,"inheritable":false,"inbound_stock":0,"stock_on_hold":0,"sold_today":0,"sales_last_days":0,"reserved_stock":0,"customer_returns":0,"warehouse_damage":0,"lost_in_post":0,"other_logs":0,"out_stock_days":0,"lost_sales":0,"has_location":false,"update_date":"2026-04-04T00:55:48","atum_locations":[],"atum_stock_status":"instock","restock_status":false,"low_stock_amount":"","sales_update_date":"2026-04-04T00:55:48","calc_backorders":null,"acf":[],"yoast_head":"<!-- This site is optimized with the Yoast SEO plugin v26.6 - https:\/\/yoast.com\/wordpress\/plugins\/seo\/ -->\n<title>Foret \u00e0 bois REX Speed drill 14 x 155mm - Schroevendump<\/title>\n<meta name=\"robots\" content=\"index, follow, max-snippet:-1, max-image-preview:large, max-video-preview:-1\" \/>\n<link rel=\"canonical\" href=\"https:\/\/schroevendump.nl\/fr\/produit\/foret-a-bois-rex-speed-drill-14-x-155mm\/\" \/>\n<meta property=\"og:locale\" content=\"fr_FR\" \/>\n<meta property=\"og:type\" content=\"article\" \/>\n<meta property=\"og:title\" content=\"Foret \u00e0 bois REX Speed drill 14 x 155mm - Schroevendump\" \/>\n<meta property=\"og:description\" content=\"La perceuse rapide REX est une perceuse \u00e0 bois puissante destin\u00e9e \u00e0 un usage professionnel. Gr\u00e2ce \u00e0 la pointe ac\u00e9r\u00e9e et aux fraises lat\u00e9rales, vous percez rapidement et proprement dans tous les types de bois. Id\u00e9al pour les \u00e9lectriciens, les charpentiers et les bricoleurs. \u2705 Sp\u00e9cifications : Marque: REX Mat\u00e9riau: Acier au chrome-vanadium (CrV) Connexion: [&hellip;]\" \/>\n<meta property=\"og:url\" content=\"https:\/\/schroevendump.nl\/fr\/produit\/foret-a-bois-rex-speed-drill-14-x-155mm\/\" \/>\n<meta property=\"og:site_name\" content=\"Schroevendump\" \/>\n<meta property=\"article:modified_time\" content=\"2025-12-10T11:39:05+00:00\" \/>\n<meta property=\"og:image\" content=\"https:\/\/schroevendump.nl\/wp-content\/uploads\/2025\/05\/speedboor-removebg-preview-1.png\" \/>\n\t<meta property=\"og:image:width\" content=\"783\" \/>\n\t<meta property=\"og:image:height\" content=\"692\" \/>\n\t<meta property=\"og:image:type\" content=\"image\/png\" \/>\n<meta name=\"twitter:card\" content=\"summary_large_image\" \/>\n<script type=\"application\/ld+json\" class=\"yoast-schema-graph\">{\"@context\":\"https:\/\/schema.org\",\"@graph\":[{\"@type\":\"WebPage\",\"@id\":\"https:\/\/schroevendump.nl\/fr\/produit\/foret-a-bois-rex-speed-drill-14-x-155mm\/\",\"url\":\"https:\/\/schroevendump.nl\/fr\/produit\/foret-a-bois-rex-speed-drill-14-x-155mm\/\",\"name\":\"Foret \u00e0 bois REX Speed drill 14 x 155mm - Schroevendump\",\"isPartOf\":{\"@id\":\"https:\/\/schroevendump.nl\/fr\/#website\"},\"primaryImageOfPage\":{\"@id\":\"https:\/\/schroevendump.nl\/fr\/produit\/foret-a-bois-rex-speed-drill-14-x-155mm\/#primaryimage\"},\"image\":{\"@id\":\"https:\/\/schroevendump.nl\/fr\/produit\/foret-a-bois-rex-speed-drill-14-x-155mm\/#primaryimage\"},\"thumbnailUrl\":\"https:\/\/schroevendump.nl\/wp-content\/uploads\/2025\/05\/speedboor-removebg-preview-1.png\",\"datePublished\":\"2025-05-10T09:43:31+00:00\",\"dateModified\":\"2025-12-10T11:39:05+00:00\",\"breadcrumb\":{\"@id\":\"https:\/\/schroevendump.nl\/fr\/produit\/foret-a-bois-rex-speed-drill-14-x-155mm\/#breadcrumb\"},\"inLanguage\":\"fr-FR\",\"potentialAction\":[{\"@type\":\"ReadAction\",\"target\":[\"https:\/\/schroevendump.nl\/fr\/produit\/foret-a-bois-rex-speed-drill-14-x-155mm\/\"]}]},{\"@type\":\"ImageObject\",\"inLanguage\":\"fr-FR\",\"@id\":\"https:\/\/schroevendump.nl\/fr\/produit\/foret-a-bois-rex-speed-drill-14-x-155mm\/#primaryimage\",\"url\":\"https:\/\/schroevendump.nl\/wp-content\/uploads\/2025\/05\/speedboor-removebg-preview-1.png\",\"contentUrl\":\"https:\/\/schroevendump.nl\/wp-content\/uploads\/2025\/05\/speedboor-removebg-preview-1.png\",\"width\":783,\"height\":692},{\"@type\":\"BreadcrumbList\",\"@id\":\"https:\/\/schroevendump.nl\/fr\/produit\/foret-a-bois-rex-speed-drill-14-x-155mm\/#breadcrumb\",\"itemListElement\":[{\"@type\":\"ListItem\",\"position\":1,\"name\":\"Accueil\",\"item\":\"https:\/\/schroevendump.nl\/fr\/\"},{\"@type\":\"ListItem\",\"position\":2,\"name\":\"Boutique\",\"item\":\"https:\/\/schroevendump.nl\/fr\/boutique\/\"},{\"@type\":\"ListItem\",\"position\":3,\"name\":\"Foret \u00e0 bois REX Speed drill 14 x 155mm\"}]},{\"@type\":\"WebSite\",\"@id\":\"https:\/\/schroevendump.nl\/fr\/#website\",\"url\":\"https:\/\/schroevendump.nl\/fr\/\",\"name\":\"Schroevendump\",\"description\":\"\",\"potentialAction\":[{\"@type\":\"SearchAction\",\"target\":{\"@type\":\"EntryPoint\",\"urlTemplate\":\"https:\/\/schroevendump.nl\/fr\/?s={search_term_string}\"},\"query-input\":{\"@type\":\"PropertyValueSpecification\",\"valueRequired\":true,\"valueName\":\"search_term_string\"}}],\"inLanguage\":\"fr-FR\"}]}<\/script>\n<!-- \/ Yoast SEO plugin. -->","yoast_head_json":{"title":"Foret \u00e0 bois REX Speed drill 14 x 155mm - Schroevendump","robots":{"index":"index","follow":"follow","max-snippet":"max-snippet:-1","max-image-preview":"max-image-preview:large","max-video-preview":"max-video-preview:-1"},"canonical":"https:\/\/schroevendump.nl\/fr\/produit\/foret-a-bois-rex-speed-drill-14-x-155mm\/","og_locale":"fr_FR","og_type":"article","og_title":"Foret \u00e0 bois REX Speed drill 14 x 155mm - Schroevendump","og_description":"La perceuse rapide REX est une perceuse \u00e0 bois puissante destin\u00e9e \u00e0 un usage professionnel. Gr\u00e2ce \u00e0 la pointe ac\u00e9r\u00e9e et aux fraises lat\u00e9rales, vous percez rapidement et proprement dans tous les types de bois. Id\u00e9al pour les \u00e9lectriciens, les charpentiers et les bricoleurs. \u2705 Sp\u00e9cifications : Marque: REX Mat\u00e9riau: Acier au chrome-vanadium (CrV) Connexion: [&hellip;]","og_url":"https:\/\/schroevendump.nl\/fr\/produit\/foret-a-bois-rex-speed-drill-14-x-155mm\/","og_site_name":"Schroevendump","article_modified_time":"2025-12-10T11:39:05+00:00","og_image":[{"width":783,"height":692,"url":"https:\/\/schroevendump.nl\/wp-content\/uploads\/2025\/05\/speedboor-removebg-preview-1.png","type":"image\/png"}],"twitter_card":"summary_large_image","schema":{"@context":"https:\/\/schema.org","@graph":[{"@type":"WebPage","@id":"https:\/\/schroevendump.nl\/fr\/produit\/foret-a-bois-rex-speed-drill-14-x-155mm\/","url":"https:\/\/schroevendump.nl\/fr\/produit\/foret-a-bois-rex-speed-drill-14-x-155mm\/","name":"Foret \u00e0 bois REX Speed drill 14 x 155mm - Schroevendump","isPartOf":{"@id":"https:\/\/schroevendump.nl\/fr\/#website"},"primaryImageOfPage":{"@id":"https:\/\/schroevendump.nl\/fr\/produit\/foret-a-bois-rex-speed-drill-14-x-155mm\/#primaryimage"},"image":{"@id":"https:\/\/schroevendump.nl\/fr\/produit\/foret-a-bois-rex-speed-drill-14-x-155mm\/#primaryimage"},"thumbnailUrl":"https:\/\/schroevendump.nl\/wp-content\/uploads\/2025\/05\/speedboor-removebg-preview-1.png","datePublished":"2025-05-10T09:43:31+00:00","dateModified":"2025-12-10T11:39:05+00:00","breadcrumb":{"@id":"https:\/\/schroevendump.nl\/fr\/produit\/foret-a-bois-rex-speed-drill-14-x-155mm\/#breadcrumb"},"inLanguage":"fr-FR","potentialAction":[{"@type":"ReadAction","target":["https:\/\/schroevendump.nl\/fr\/produit\/foret-a-bois-rex-speed-drill-14-x-155mm\/"]}]},{"@type":"ImageObject","inLanguage":"fr-FR","@id":"https:\/\/schroevendump.nl\/fr\/produit\/foret-a-bois-rex-speed-drill-14-x-155mm\/#primaryimage","url":"https:\/\/schroevendump.nl\/wp-content\/uploads\/2025\/05\/speedboor-removebg-preview-1.png","contentUrl":"https:\/\/schroevendump.nl\/wp-content\/uploads\/2025\/05\/speedboor-removebg-preview-1.png","width":783,"height":692},{"@type":"BreadcrumbList","@id":"https:\/\/schroevendump.nl\/fr\/produit\/foret-a-bois-rex-speed-drill-14-x-155mm\/#breadcrumb","itemListElement":[{"@type":"ListItem","position":1,"name":"Accueil","item":"https:\/\/schroevendump.nl\/fr\/"},{"@type":"ListItem","position":2,"name":"Boutique","item":"https:\/\/schroevendump.nl\/fr\/boutique\/"},{"@type":"ListItem","position":3,"name":"Foret \u00e0 bois REX Speed drill 14 x 155mm"}]},{"@type":"WebSite","@id":"https:\/\/schroevendump.nl\/fr\/#website","url":"https:\/\/schroevendump.nl\/fr\/","name":"Schroevendump","description":"","potentialAction":[{"@type":"SearchAction","target":{"@type":"EntryPoint","urlTemplate":"https:\/\/schroevendump.nl\/fr\/?s={search_term_string}"},"query-input":{"@type":"PropertyValueSpecification","valueRequired":true,"valueName":"search_term_string"}}],"inLanguage":"fr-FR"}]}},"_links":{"self":[{"href":"https:\/\/schroevendump.nl\/fr\/wp-json\/wp\/v2\/product\/27836","targetHints":{"allow":["GET"]}}],"collection":[{"href":"https:\/\/schroevendump.nl\/fr\/wp-json\/wp\/v2\/product"}],"about":[{"href":"https:\/\/schroevendump.nl\/fr\/wp-json\/wp\/v2\/types\/product"}],"replies":[{"embeddable":true,"href":"https:\/\/schroevendump.nl\/fr\/wp-json\/wp\/v2\/comments?post=27836"}],"wp:featuredmedia":[{"embeddable":true,"href":"https:\/\/schroevendump.nl\/fr\/wp-json\/wp\/v2\/media\/27198"}],"wp:attachment":[{"href":"https:\/\/schroevendump.nl\/fr\/wp-json\/wp\/v2\/media?parent=27836"}],"wp:term":[{"taxonomy":"product_brand","embeddable":true,"href":"https:\/\/schroevendump.nl\/fr\/wp-json\/wp\/v2\/product_brand?post=27836"},{"taxonomy":"product_cat","embeddable":true,"href":"https:\/\/schroevendump.nl\/fr\/wp-json\/wp\/v2\/product_cat?post=27836"},{"taxonomy":"product_tag","embeddable":true,"href":"https:\/\/schroevendump.nl\/fr\/wp-json\/wp\/v2\/product_tag?post=27836"}],"curies":[{"name":"wp","href":"https:\/\/api.w.org\/{rel}","templated":true}]}}