{"id":27841,"date":"2025-05-07T17:51:53","date_gmt":"2025-05-07T17:51:53","guid":{"rendered":"https:\/\/schroevendump.nl\/product\/screwdump-chemical-anchor-2c-300-ml-sechage-rapide-et-extremement-resistant\/"},"modified":"2025-12-10T11:41:17","modified_gmt":"2025-12-10T11:41:17","slug":"screwdump-chemical-anchor-2c-300-ml-sechage-rapide-et-extremement-resistant","status":"publish","type":"product","link":"https:\/\/schroevendump.nl\/fr\/produit\/screwdump-chemical-anchor-2c-300-ml-sechage-rapide-et-extremement-resistant\/","title":{"rendered":"Screwdump Chemical Anchor 2C &#8211; 300 ml &#8211; S\u00e9chage rapide et extr\u00eamement r\u00e9sistant"},"content":{"rendered":"<p data-start=\"466\" data-end=\"541\">Veuillez noter que l&#8217;\u00e9tiquette sur le paquet re\u00e7u peut diff\u00e9rer de la photo du produit. Nous sommes en train de changer d&#8217;\u00e9tiquette. <\/p>\n<p class=\"\" data-start=\"466\" data-end=\"541\"><span class=\"relative -mx-px my-[-0.2rem] rounded px-px py-[0.2rem] transition-colors duration-100 ease-in-out\">Le <strong>Screw Dump Chemical Anchor Standard<\/strong> est un ancrage chimique \u00e0 deux composants de haute qualit\u00e9 \u00e0 base de r\u00e9sine \u00e9poxy polyester, con\u00e7u pour l&#8217;ancrage durable de goujons, boulons, vis et autres fixations dans des substrats creux et solides.<\/span><\/p>\n<p class=\"\" data-start=\"543\" data-end=\"660\"><span class=\"relative -mx-px my-[-0.2rem] rounded px-px py-[0.2rem] transition-colors duration-100 ease-in-out\">Gr\u00e2ce \u00e0 son temps de durcissement rapide et \u00e0 son adh\u00e9rence extr\u00eamement forte, cet ancrage chimique est id\u00e9al pour des applications telles que la fixation de stores, de cadres de fen\u00eatres, de rampes d&#8217;escalier, de barres d&#8217;acier et de balustrades.<\/span> <span class=\"relative -mx-px my-[-0.2rem] rounded px-px py-[0.2rem] transition-colors duration-100 ease-in-out\">Il convient aux supports tels que la ma\u00e7onnerie, les briques creuses, le b\u00e9ton et le b\u00e9ton cellulaire, et peut m\u00eame \u00eatre appliqu\u00e9 sur des surfaces l\u00e9g\u00e8rement humides.<\/span><\/p>\n<p class=\"\" data-start=\"662\" data-end=\"916\">Le Screw Dump Chemical Anchor Standard est une excellente alternative au mortier de r\u00e9paration en plastique et permet un ancrage sans tension et sans expansion, ce qui le rend adapt\u00e9 aux applications proches des bords.<\/p>\n<h3 class=\"\" data-start=\"923\" data-end=\"953\">\u2705 Caract\u00e9ristiques principales :<\/h3>\n<ul data-start=\"955\" data-end=\"1474\">\n<li class=\"\" data-start=\"955\" data-end=\"1032\">\n<p class=\"\" data-start=\"957\" data-end=\"1032\">\u2705 S <strong data-start=\"959\" data-end=\"986\">yst\u00e8me \u00e0 deux composants<\/strong>: pour un ancrage fiable et durable<\/p>\n<\/li>\n<li class=\"\" data-start=\"1033\" data-end=\"1103\">\n<p class=\"\" data-start=\"1035\" data-end=\"1103\">\u2705 <strong data-start=\"1037\" data-end=\"1052\">S\u00e9chage rapide<\/strong>: temps de durcissement extr\u00eamement court pour un assemblage rapide<\/p>\n<\/li>\n<li class=\"\" data-start=\"1104\" data-end=\"1207\">\n<p class=\"\" data-start=\"1106\" data-end=\"1207\">\u2705 <strong data-start=\"1108\" data-end=\"1133\">Application universelle<\/strong>: Convient \u00e0 divers substrats, y compris les surfaces l\u00e9g\u00e8rement humides.<\/p>\n<\/li>\n<li class=\"\" data-start=\"1208\" data-end=\"1279\">\n<p class=\"\" data-start=\"1210\" data-end=\"1279\">\u2705 <strong data-start=\"1212\" data-end=\"1229\">Extr\u00eamement solide<\/strong>: offre une capacit\u00e9 de charge \u00e9lev\u00e9e et une adh\u00e9rence \u00e0 long terme<\/p>\n<\/li>\n<li class=\"\" data-start=\"1280\" data-end=\"1361\">\n<p class=\"\" data-start=\"1282\" data-end=\"1361\">\u2705 <strong data-start=\"1284\" data-end=\"1301\">Sans contrainte<\/strong>: pas de dilatation, id\u00e9al pour les applications proches des ar\u00eates<\/p>\n<\/li>\n<li class=\"\" data-start=\"1362\" data-end=\"1474\">\n<p class=\"\" data-start=\"1364\" data-end=\"1474\">\u2705 <strong data-start=\"1366\" data-end=\"1388\">Certifi\u00e9 ETA<\/strong>: Conforme aux agr\u00e9ments techniques europ\u00e9ens<\/p>\n<\/li>\n<\/ul>\n<h3 data-start=\"1481\" data-end=\"1501\"><\/h3>\n<h3 class=\"\" data-start=\"1481\" data-end=\"1501\">\ud83d\udd39 Applications :<\/h3>\n<ul data-start=\"1503\" data-end=\"1768\">\n<li class=\"\" data-start=\"1503\" data-end=\"1549\">\n<p class=\"\" data-start=\"1505\" data-end=\"1549\">Ancrage de barres d&#8217;acier et de garde-corps<\/p>\n<\/li>\n<li class=\"\" data-start=\"1550\" data-end=\"1605\">\n<p class=\"\" data-start=\"1552\" data-end=\"1605\">Fixation d&#8217;auvents, de cadres de fen\u00eatres et de rampes d&#8217;escalier<\/p>\n<\/li>\n<li class=\"\" data-start=\"1606\" data-end=\"1675\">\n<p class=\"\" data-start=\"1608\" data-end=\"1675\">Ancrage dans le b\u00e9ton, les blocs de vent, la ma\u00e7onnerie compl\u00e8te et les briques creuses<\/p>\n<\/li>\n<li class=\"\" data-start=\"1676\" data-end=\"1768\">\n<p class=\"\" data-start=\"1678\" data-end=\"1768\">Fixations m\u00e9caniques dans divers mat\u00e9riaux de construction<\/p>\n<\/li>\n<\/ul>\n<hr class=\"\" data-start=\"1770\" data-end=\"1773\">\n<h3 class=\"\" data-start=\"1775\" data-end=\"1798\">\ud83d\udd39 Conseils de transformation :<\/h3>\n<ul data-start=\"1800\" data-end=\"2209\">\n<li class=\"\" data-start=\"1800\" data-end=\"1849\">\n<p class=\"\" data-start=\"1802\" data-end=\"1849\">Ne convient pas aux applications sur PE, PP et PTFE<\/p>\n<\/li>\n<li class=\"\" data-start=\"1850\" data-end=\"1930\">\n<p class=\"\" data-start=\"1852\" data-end=\"1930\">Ne pas utiliser les 10 premiers centim\u00e8tres du m\u00e9lange ; attendre que la couleur soit homog\u00e8ne.<\/p>\n<\/li>\n<li class=\"\" data-start=\"1931\" data-end=\"1996\">\n<p class=\"\" data-start=\"1933\" data-end=\"1996\">Si le temps de traitement est d\u00e9pass\u00e9, remplacez la buse de m\u00e9lange.<\/p>\n<\/li>\n<li class=\"\" data-start=\"1997\" data-end=\"2087\">\n<p class=\"\" data-start=\"1999\" data-end=\"2087\">Les supports doivent \u00eatre exempts de poussi\u00e8re et de graisse.<\/p>\n<\/li>\n<\/ul>\n","protected":false},"excerpt":{"rendered":"<p>Veuillez noter que l&#8217;\u00e9tiquette sur le paquet re\u00e7u peut diff\u00e9rer de la photo du produit. Nous sommes en train de changer d&#8217;\u00e9tiquette. Le Screw Dump Chemical Anchor Standard est un ancrage chimique \u00e0 deux composants de haute qualit\u00e9 \u00e0 base de r\u00e9sine \u00e9poxy polyester, con\u00e7u pour l&#8217;ancrage durable de goujons, boulons, vis et autres fixations [&hellip;]<\/p>\n","protected":false},"featured_media":27844,"comment_status":"open","ping_status":"closed","template":"","meta":[],"product_brand":[],"product_cat":[580],"product_tag":[],"class_list":{"0":"post-27841","1":"product","2":"type-product","3":"status-publish","4":"has-post-thumbnail","6":"product_cat-colles-et-mastics","8":"first","9":"instock","10":"sale","11":"taxable","12":"shipping-taxable","13":"purchasable","14":"product-type-simple"},"supplier_id":null,"supplier_sku":"","barcode":null,"atum_controlled":true,"out_stock_date":null,"out_stock_threshold":null,"inheritable":false,"inbound_stock":0,"stock_on_hold":0,"sold_today":0,"sales_last_days":0,"reserved_stock":0,"customer_returns":0,"warehouse_damage":0,"lost_in_post":0,"other_logs":0,"out_stock_days":0,"lost_sales":0,"has_location":false,"update_date":"2026-04-29T01:09:05","atum_locations":[],"atum_stock_status":"instock","restock_status":false,"low_stock_amount":"","sales_update_date":"2026-04-29T01:09:05","calc_backorders":null,"acf":[],"yoast_head":"<!-- This site is optimized with the Yoast SEO plugin v26.6 - https:\/\/yoast.com\/wordpress\/plugins\/seo\/ -->\n<title>Screwdump Chemical Anchor 2C - 300 ml - S\u00e9chage rapide et extr\u00eamement r\u00e9sistant - Schroevendump<\/title>\n<meta name=\"robots\" content=\"index, follow, max-snippet:-1, max-image-preview:large, max-video-preview:-1\" \/>\n<link rel=\"canonical\" href=\"https:\/\/schroevendump.nl\/fr\/produit\/screwdump-chemical-anchor-2c-300-ml-sechage-rapide-et-extremement-resistant\/\" \/>\n<meta property=\"og:locale\" content=\"fr_FR\" \/>\n<meta property=\"og:type\" content=\"article\" \/>\n<meta property=\"og:title\" content=\"Screwdump Chemical Anchor 2C - 300 ml - S\u00e9chage rapide et extr\u00eamement r\u00e9sistant - Schroevendump\" \/>\n<meta property=\"og:description\" content=\"Veuillez noter que l&#8217;\u00e9tiquette sur le paquet re\u00e7u peut diff\u00e9rer de la photo du produit. Nous sommes en train de changer d&#8217;\u00e9tiquette. Le Screw Dump Chemical Anchor Standard est un ancrage chimique \u00e0 deux composants de haute qualit\u00e9 \u00e0 base de r\u00e9sine \u00e9poxy polyester, con\u00e7u pour l&#8217;ancrage durable de goujons, boulons, vis et autres fixations [&hellip;]\" \/>\n<meta property=\"og:url\" content=\"https:\/\/schroevendump.nl\/fr\/produit\/screwdump-chemical-anchor-2c-300-ml-sechage-rapide-et-extremement-resistant\/\" \/>\n<meta property=\"og:site_name\" content=\"Schroevendump\" \/>\n<meta property=\"article:modified_time\" content=\"2025-12-10T11:41:17+00:00\" \/>\n<meta property=\"og:image\" content=\"https:\/\/schroevendump.nl\/wp-content\/uploads\/2025\/05\/Mockup-Schroevendump-Chemical-Anchor-Standard-300ml-07-25.png\" \/>\n\t<meta property=\"og:image:width\" content=\"1500\" \/>\n\t<meta property=\"og:image:height\" content=\"1500\" \/>\n\t<meta property=\"og:image:type\" content=\"image\/png\" \/>\n<meta name=\"twitter:card\" content=\"summary_large_image\" \/>\n<meta name=\"twitter:label1\" content=\"Dur\u00e9e de lecture estim\u00e9e\" \/>\n\t<meta name=\"twitter:data1\" content=\"2 minutes\" \/>\n<script type=\"application\/ld+json\" class=\"yoast-schema-graph\">{\"@context\":\"https:\/\/schema.org\",\"@graph\":[{\"@type\":\"WebPage\",\"@id\":\"https:\/\/schroevendump.nl\/fr\/produit\/screwdump-chemical-anchor-2c-300-ml-sechage-rapide-et-extremement-resistant\/\",\"url\":\"https:\/\/schroevendump.nl\/fr\/produit\/screwdump-chemical-anchor-2c-300-ml-sechage-rapide-et-extremement-resistant\/\",\"name\":\"Screwdump Chemical Anchor 2C - 300 ml - S\u00e9chage rapide et extr\u00eamement r\u00e9sistant - Schroevendump\",\"isPartOf\":{\"@id\":\"https:\/\/schroevendump.nl\/fr\/#website\"},\"primaryImageOfPage\":{\"@id\":\"https:\/\/schroevendump.nl\/fr\/produit\/screwdump-chemical-anchor-2c-300-ml-sechage-rapide-et-extremement-resistant\/#primaryimage\"},\"image\":{\"@id\":\"https:\/\/schroevendump.nl\/fr\/produit\/screwdump-chemical-anchor-2c-300-ml-sechage-rapide-et-extremement-resistant\/#primaryimage\"},\"thumbnailUrl\":\"https:\/\/schroevendump.nl\/wp-content\/uploads\/2025\/05\/Mockup-Schroevendump-Chemical-Anchor-Standard-300ml-07-25.png\",\"datePublished\":\"2025-05-07T17:51:53+00:00\",\"dateModified\":\"2025-12-10T11:41:17+00:00\",\"breadcrumb\":{\"@id\":\"https:\/\/schroevendump.nl\/fr\/produit\/screwdump-chemical-anchor-2c-300-ml-sechage-rapide-et-extremement-resistant\/#breadcrumb\"},\"inLanguage\":\"fr-FR\",\"potentialAction\":[{\"@type\":\"ReadAction\",\"target\":[\"https:\/\/schroevendump.nl\/fr\/produit\/screwdump-chemical-anchor-2c-300-ml-sechage-rapide-et-extremement-resistant\/\"]}]},{\"@type\":\"ImageObject\",\"inLanguage\":\"fr-FR\",\"@id\":\"https:\/\/schroevendump.nl\/fr\/produit\/screwdump-chemical-anchor-2c-300-ml-sechage-rapide-et-extremement-resistant\/#primaryimage\",\"url\":\"https:\/\/schroevendump.nl\/wp-content\/uploads\/2025\/05\/Mockup-Schroevendump-Chemical-Anchor-Standard-300ml-07-25.png\",\"contentUrl\":\"https:\/\/schroevendump.nl\/wp-content\/uploads\/2025\/05\/Mockup-Schroevendump-Chemical-Anchor-Standard-300ml-07-25.png\",\"width\":1500,\"height\":1500},{\"@type\":\"BreadcrumbList\",\"@id\":\"https:\/\/schroevendump.nl\/fr\/produit\/screwdump-chemical-anchor-2c-300-ml-sechage-rapide-et-extremement-resistant\/#breadcrumb\",\"itemListElement\":[{\"@type\":\"ListItem\",\"position\":1,\"name\":\"Accueil\",\"item\":\"https:\/\/schroevendump.nl\/fr\/\"},{\"@type\":\"ListItem\",\"position\":2,\"name\":\"Boutique\",\"item\":\"https:\/\/schroevendump.nl\/fr\/boutique\/\"},{\"@type\":\"ListItem\",\"position\":3,\"name\":\"Screwdump Chemical Anchor 2C &#8211; 300 ml &#8211; S\u00e9chage rapide et extr\u00eamement r\u00e9sistant\"}]},{\"@type\":\"WebSite\",\"@id\":\"https:\/\/schroevendump.nl\/fr\/#website\",\"url\":\"https:\/\/schroevendump.nl\/fr\/\",\"name\":\"Schroevendump\",\"description\":\"\",\"potentialAction\":[{\"@type\":\"SearchAction\",\"target\":{\"@type\":\"EntryPoint\",\"urlTemplate\":\"https:\/\/schroevendump.nl\/fr\/?s={search_term_string}\"},\"query-input\":{\"@type\":\"PropertyValueSpecification\",\"valueRequired\":true,\"valueName\":\"search_term_string\"}}],\"inLanguage\":\"fr-FR\"}]}<\/script>\n<!-- \/ Yoast SEO plugin. -->","yoast_head_json":{"title":"Screwdump Chemical Anchor 2C - 300 ml - S\u00e9chage rapide et extr\u00eamement r\u00e9sistant - Schroevendump","robots":{"index":"index","follow":"follow","max-snippet":"max-snippet:-1","max-image-preview":"max-image-preview:large","max-video-preview":"max-video-preview:-1"},"canonical":"https:\/\/schroevendump.nl\/fr\/produit\/screwdump-chemical-anchor-2c-300-ml-sechage-rapide-et-extremement-resistant\/","og_locale":"fr_FR","og_type":"article","og_title":"Screwdump Chemical Anchor 2C - 300 ml - S\u00e9chage rapide et extr\u00eamement r\u00e9sistant - Schroevendump","og_description":"Veuillez noter que l&#8217;\u00e9tiquette sur le paquet re\u00e7u peut diff\u00e9rer de la photo du produit. Nous sommes en train de changer d&#8217;\u00e9tiquette. Le Screw Dump Chemical Anchor Standard est un ancrage chimique \u00e0 deux composants de haute qualit\u00e9 \u00e0 base de r\u00e9sine \u00e9poxy polyester, con\u00e7u pour l&#8217;ancrage durable de goujons, boulons, vis et autres fixations [&hellip;]","og_url":"https:\/\/schroevendump.nl\/fr\/produit\/screwdump-chemical-anchor-2c-300-ml-sechage-rapide-et-extremement-resistant\/","og_site_name":"Schroevendump","article_modified_time":"2025-12-10T11:41:17+00:00","og_image":[{"width":1500,"height":1500,"url":"https:\/\/schroevendump.nl\/wp-content\/uploads\/2025\/05\/Mockup-Schroevendump-Chemical-Anchor-Standard-300ml-07-25.png","type":"image\/png"}],"twitter_card":"summary_large_image","twitter_misc":{"Dur\u00e9e de lecture estim\u00e9e":"2 minutes"},"schema":{"@context":"https:\/\/schema.org","@graph":[{"@type":"WebPage","@id":"https:\/\/schroevendump.nl\/fr\/produit\/screwdump-chemical-anchor-2c-300-ml-sechage-rapide-et-extremement-resistant\/","url":"https:\/\/schroevendump.nl\/fr\/produit\/screwdump-chemical-anchor-2c-300-ml-sechage-rapide-et-extremement-resistant\/","name":"Screwdump Chemical Anchor 2C - 300 ml - S\u00e9chage rapide et extr\u00eamement r\u00e9sistant - Schroevendump","isPartOf":{"@id":"https:\/\/schroevendump.nl\/fr\/#website"},"primaryImageOfPage":{"@id":"https:\/\/schroevendump.nl\/fr\/produit\/screwdump-chemical-anchor-2c-300-ml-sechage-rapide-et-extremement-resistant\/#primaryimage"},"image":{"@id":"https:\/\/schroevendump.nl\/fr\/produit\/screwdump-chemical-anchor-2c-300-ml-sechage-rapide-et-extremement-resistant\/#primaryimage"},"thumbnailUrl":"https:\/\/schroevendump.nl\/wp-content\/uploads\/2025\/05\/Mockup-Schroevendump-Chemical-Anchor-Standard-300ml-07-25.png","datePublished":"2025-05-07T17:51:53+00:00","dateModified":"2025-12-10T11:41:17+00:00","breadcrumb":{"@id":"https:\/\/schroevendump.nl\/fr\/produit\/screwdump-chemical-anchor-2c-300-ml-sechage-rapide-et-extremement-resistant\/#breadcrumb"},"inLanguage":"fr-FR","potentialAction":[{"@type":"ReadAction","target":["https:\/\/schroevendump.nl\/fr\/produit\/screwdump-chemical-anchor-2c-300-ml-sechage-rapide-et-extremement-resistant\/"]}]},{"@type":"ImageObject","inLanguage":"fr-FR","@id":"https:\/\/schroevendump.nl\/fr\/produit\/screwdump-chemical-anchor-2c-300-ml-sechage-rapide-et-extremement-resistant\/#primaryimage","url":"https:\/\/schroevendump.nl\/wp-content\/uploads\/2025\/05\/Mockup-Schroevendump-Chemical-Anchor-Standard-300ml-07-25.png","contentUrl":"https:\/\/schroevendump.nl\/wp-content\/uploads\/2025\/05\/Mockup-Schroevendump-Chemical-Anchor-Standard-300ml-07-25.png","width":1500,"height":1500},{"@type":"BreadcrumbList","@id":"https:\/\/schroevendump.nl\/fr\/produit\/screwdump-chemical-anchor-2c-300-ml-sechage-rapide-et-extremement-resistant\/#breadcrumb","itemListElement":[{"@type":"ListItem","position":1,"name":"Accueil","item":"https:\/\/schroevendump.nl\/fr\/"},{"@type":"ListItem","position":2,"name":"Boutique","item":"https:\/\/schroevendump.nl\/fr\/boutique\/"},{"@type":"ListItem","position":3,"name":"Screwdump Chemical Anchor 2C &#8211; 300 ml &#8211; S\u00e9chage rapide et extr\u00eamement r\u00e9sistant"}]},{"@type":"WebSite","@id":"https:\/\/schroevendump.nl\/fr\/#website","url":"https:\/\/schroevendump.nl\/fr\/","name":"Schroevendump","description":"","potentialAction":[{"@type":"SearchAction","target":{"@type":"EntryPoint","urlTemplate":"https:\/\/schroevendump.nl\/fr\/?s={search_term_string}"},"query-input":{"@type":"PropertyValueSpecification","valueRequired":true,"valueName":"search_term_string"}}],"inLanguage":"fr-FR"}]}},"_links":{"self":[{"href":"https:\/\/schroevendump.nl\/fr\/wp-json\/wp\/v2\/product\/27841","targetHints":{"allow":["GET"]}}],"collection":[{"href":"https:\/\/schroevendump.nl\/fr\/wp-json\/wp\/v2\/product"}],"about":[{"href":"https:\/\/schroevendump.nl\/fr\/wp-json\/wp\/v2\/types\/product"}],"replies":[{"embeddable":true,"href":"https:\/\/schroevendump.nl\/fr\/wp-json\/wp\/v2\/comments?post=27841"}],"wp:featuredmedia":[{"embeddable":true,"href":"https:\/\/schroevendump.nl\/fr\/wp-json\/wp\/v2\/media\/27844"}],"wp:attachment":[{"href":"https:\/\/schroevendump.nl\/fr\/wp-json\/wp\/v2\/media?parent=27841"}],"wp:term":[{"taxonomy":"product_brand","embeddable":true,"href":"https:\/\/schroevendump.nl\/fr\/wp-json\/wp\/v2\/product_brand?post=27841"},{"taxonomy":"product_cat","embeddable":true,"href":"https:\/\/schroevendump.nl\/fr\/wp-json\/wp\/v2\/product_cat?post=27841"},{"taxonomy":"product_tag","embeddable":true,"href":"https:\/\/schroevendump.nl\/fr\/wp-json\/wp\/v2\/product_tag?post=27841"}],"curies":[{"name":"wp","href":"https:\/\/api.w.org\/{rel}","templated":true}]}}