{"id":27876,"date":"2025-05-03T14:21:28","date_gmt":"2025-05-03T14:21:28","guid":{"rendered":"https:\/\/schroevendump.nl\/product\/sds-plus-qx4-foret-a-beton-12-0-x-210mm-4-cutter-pour-le-beton-et-la-pierre-longueur-de-travail-150mm\/"},"modified":"2025-12-10T11:40:42","modified_gmt":"2025-12-10T11:40:42","slug":"sds-plus-qx4-foret-a-beton-12-0-x-210mm-4-cutter-pour-le-beton-et-la-pierre-longueur-de-travail-150mm","status":"publish","type":"product","link":"https:\/\/schroevendump.nl\/fr\/produit\/sds-plus-qx4-foret-a-beton-12-0-x-210mm-4-cutter-pour-le-beton-et-la-pierre-longueur-de-travail-150mm\/","title":{"rendered":"SDS-plus QX4 Foret \u00e0 b\u00e9ton 12.0 x 210mm &#8211; 4-cutter &#8211; Pour le b\u00e9ton et la pierre &#8211; Longueur de travail 150mm"},"content":{"rendered":"<p class=\"\" data-start=\"255\" data-end=\"534\">Le <strong data-start=\"258\" data-end=\"288\">foret \u00e0 b\u00e9ton REX SDS-plus QX4<\/strong> est con\u00e7u pour une performance pr\u00e9cise et puissante dans le b\u00e9ton, la ma\u00e7onnerie et d&#8217;autres mat\u00e9riaux pierreux. Gr\u00e2ce \u00e0 sa <strong data-start=\"411\" data-end=\"432\">conception \u00e0 4 couteaux<\/strong>, cette perceuse offre une stabilit\u00e9 exceptionnelle, une dur\u00e9e de vie plus longue et un enl\u00e8vement de mati\u00e8re efficace.<\/p>\n<p class=\"\" data-start=\"536\" data-end=\"978\">Le <strong data-start=\"543\" data-end=\"565\">marteau perforateur REX\u00ae QX4<\/strong> vous permet de percer un trou rond et net avec un minimum d&#8217;effort. Les quatre ar\u00eates de coupe sont inclin\u00e9es \u00e0 <strong data-start=\"668\" data-end=\"676\">180\u00b0<\/strong> pour une <strong data-start=\"682\" data-end=\"709\">transmission de la puissance \u00e0 100 %.<\/strong> Gr\u00e2ce \u00e0 la technologie <strong data-start=\"734\" data-end=\"753\">IDS<\/strong>, le corps et la t\u00eate du foret sont fusionn\u00e9s en un ensemble homog\u00e8ne. Cela rend le foret extr\u00eamement r\u00e9sistant aux charges et aux temp\u00e9ratures \u00e9lev\u00e9es &#8211; un avantage cl\u00e9 par rapport aux fraises jumel\u00e9es traditionnelles.<\/p>\n<p class=\"\" data-start=\"980\" data-end=\"1190\">Les quatre profondes rainures en spirale du foret sont parfaitement adapt\u00e9es \u00e0 la g\u00e9om\u00e9trie du mandrin. Cela garantit une <strong data-start=\"1094\" data-end=\"1124\">\u00e9limination rapide de la farine de forage<\/strong>, une usure minimale et la <strong data-start=\"1150\" data-end=\"1174\">vitesse de forage la plus \u00e9lev\u00e9e<\/strong> de sa cat\u00e9gorie. <\/p>\n<p class=\"\" data-start=\"1192\" data-end=\"1400\">Le foret est <strong data-start=\"1203\" data-end=\"1244\">dot\u00e9 d&#8217;un raccord SDS-plus<\/strong>, adapt\u00e9 aux marteaux rotatifs courants, et porte la <strong data-start=\"1302\" data-end=\"1318\">marque PGM<\/strong>, qui garantit la pr\u00e9cision dimensionnelle et la s\u00e9curit\u00e9 des fixations.<\/p>\n<h3 class=\"\" data-start=\"1407\" data-end=\"1437\">\u2705 Caract\u00e9ristiques principales :<\/h3>\n<ul data-start=\"1439\" data-end=\"1958\">\n<li class=\"\" data-start=\"1439\" data-end=\"1493\">\n<p class=\"\" data-start=\"1441\" data-end=\"1493\">\u2705 <strong data-start=\"1443\" data-end=\"1464\">Conception \u00e0 4 fraises<\/strong> pour des trous pr\u00e9cis et ronds<\/p>\n<\/li>\n<li class=\"\" data-start=\"1494\" data-end=\"1563\">\n<p class=\"\" data-start=\"1496\" data-end=\"1563\">\u2705 <strong data-start=\"1498\" data-end=\"1528\">Lames de coupe positionn\u00e9es \u00e0 180\u00b0<\/strong> pour une transmission maximale de la puissance<\/p>\n<\/li>\n<li class=\"\" data-start=\"1564\" data-end=\"1637\">\n<p class=\"\" data-start=\"1566\" data-end=\"1637\"><strong data-start=\"1568\" data-end=\"1587\">Technologie IDS<\/strong>: tr\u00e8s solide gr\u00e2ce \u00e0 la fusion de la t\u00eate et du corps du foret<\/p>\n<\/li>\n<li class=\"\" data-start=\"1638\" data-end=\"1701\">\n<p class=\"\" data-start=\"1640\" data-end=\"1701\"><strong data-start=\"1642\" data-end=\"1666\">\u2705 Forme optimale de la spirale<\/strong> pour une excr\u00e9tion rapide de la farine de foret<\/p>\n<\/li>\n<li class=\"\" data-start=\"1702\" data-end=\"1770\">\n<p class=\"\" data-start=\"1704\" data-end=\"1770\">\u2705 <strong data-start=\"1706\" data-end=\"1729\">Carbure durable<\/strong>: r\u00e9sistant aux charges \u00e9lev\u00e9es et \u00e0 la chaleur<\/p>\n<\/li>\n<li class=\"\" data-start=\"1771\" data-end=\"1841\">\n<p class=\"\" data-start=\"1773\" data-end=\"1841\">\u2705 <strong data-start=\"1775\" data-end=\"1797\">Certifi\u00e9 PGM<\/strong>: pour une fixation contr\u00f4l\u00e9e dans le b\u00e9ton<\/p>\n<\/li>\n<li class=\"\" data-start=\"1842\" data-end=\"1912\">\n<p class=\"\" data-start=\"1844\" data-end=\"1912\"><strong data-start=\"1846\" data-end=\"1870\">\u2705 Connexion SDS-plus<\/strong>: convient \u00e0 tous les marteaux rotatifs courants<\/p>\n<\/li>\n<li class=\"\" data-start=\"1913\" data-end=\"1958\">\n<p class=\"\" data-start=\"1915\" data-end=\"1958\">\u2705 <strong data-start=\"1917\" data-end=\"1958\">Pour le b\u00e9ton, la ma\u00e7onnerie et la pierre naturelle<\/strong><\/p>\n<\/li>\n<\/ul>\n","protected":false},"excerpt":{"rendered":"<p>Le foret \u00e0 b\u00e9ton REX SDS-plus QX4 est con\u00e7u pour une performance pr\u00e9cise et puissante dans le b\u00e9ton, la ma\u00e7onnerie et d&#8217;autres mat\u00e9riaux pierreux. Gr\u00e2ce \u00e0 sa conception \u00e0 4 couteaux, cette perceuse offre une stabilit\u00e9 exceptionnelle, une dur\u00e9e de vie plus longue et un enl\u00e8vement de mati\u00e8re efficace. Le marteau perforateur REX\u00ae QX4 vous [&hellip;]<\/p>\n","protected":false},"featured_media":27213,"comment_status":"closed","ping_status":"closed","template":"","meta":[],"product_brand":[],"product_cat":[582],"product_tag":[],"class_list":{"0":"post-27876","1":"product","2":"type-product","3":"status-publish","4":"has-post-thumbnail","6":"product_cat-forets-a-beton","8":"first","9":"instock","10":"taxable","11":"shipping-taxable","12":"purchasable","13":"product-type-simple"},"supplier_id":null,"supplier_sku":"","barcode":null,"atum_controlled":true,"out_stock_date":null,"out_stock_threshold":null,"inheritable":false,"inbound_stock":0,"stock_on_hold":0,"sold_today":0,"sales_last_days":0,"reserved_stock":0,"customer_returns":0,"warehouse_damage":0,"lost_in_post":0,"other_logs":0,"out_stock_days":0,"lost_sales":0,"has_location":false,"update_date":"2026-04-04T00:58:31","atum_locations":[],"atum_stock_status":"instock","restock_status":false,"low_stock_amount":"","sales_update_date":"2026-04-04T00:58:31","calc_backorders":null,"acf":[],"yoast_head":"<!-- This site is optimized with the Yoast SEO plugin v26.6 - https:\/\/yoast.com\/wordpress\/plugins\/seo\/ -->\n<title>SDS-plus QX4 Foret \u00e0 b\u00e9ton 12.0 x 210mm - 4-cutter - Pour le b\u00e9ton et la pierre - Longueur de travail 150mm - Schroevendump<\/title>\n<meta name=\"robots\" content=\"index, follow, max-snippet:-1, max-image-preview:large, max-video-preview:-1\" \/>\n<link rel=\"canonical\" href=\"https:\/\/schroevendump.nl\/fr\/produit\/sds-plus-qx4-foret-a-beton-12-0-x-210mm-4-cutter-pour-le-beton-et-la-pierre-longueur-de-travail-150mm\/\" \/>\n<meta property=\"og:locale\" content=\"fr_FR\" \/>\n<meta property=\"og:type\" content=\"article\" \/>\n<meta property=\"og:title\" content=\"SDS-plus QX4 Foret \u00e0 b\u00e9ton 12.0 x 210mm - 4-cutter - Pour le b\u00e9ton et la pierre - Longueur de travail 150mm - Schroevendump\" \/>\n<meta property=\"og:description\" content=\"Le foret \u00e0 b\u00e9ton REX SDS-plus QX4 est con\u00e7u pour une performance pr\u00e9cise et puissante dans le b\u00e9ton, la ma\u00e7onnerie et d&#8217;autres mat\u00e9riaux pierreux. Gr\u00e2ce \u00e0 sa conception \u00e0 4 couteaux, cette perceuse offre une stabilit\u00e9 exceptionnelle, une dur\u00e9e de vie plus longue et un enl\u00e8vement de mati\u00e8re efficace. Le marteau perforateur REX\u00ae QX4 vous [&hellip;]\" \/>\n<meta property=\"og:url\" content=\"https:\/\/schroevendump.nl\/fr\/produit\/sds-plus-qx4-foret-a-beton-12-0-x-210mm-4-cutter-pour-le-beton-et-la-pierre-longueur-de-travail-150mm\/\" \/>\n<meta property=\"og:site_name\" content=\"Schroevendump\" \/>\n<meta property=\"article:modified_time\" content=\"2025-12-10T11:40:42+00:00\" \/>\n<meta property=\"og:image\" content=\"https:\/\/schroevendump.nl\/wp-content\/uploads\/2025\/05\/rex_betonboor_4_500x500-removebg-preview.png\" \/>\n\t<meta property=\"og:image:width\" content=\"500\" \/>\n\t<meta property=\"og:image:height\" content=\"500\" \/>\n\t<meta property=\"og:image:type\" content=\"image\/png\" \/>\n<meta name=\"twitter:card\" content=\"summary_large_image\" \/>\n<meta name=\"twitter:label1\" content=\"Dur\u00e9e de lecture estim\u00e9e\" \/>\n\t<meta name=\"twitter:data1\" content=\"2 minutes\" \/>\n<script type=\"application\/ld+json\" class=\"yoast-schema-graph\">{\"@context\":\"https:\/\/schema.org\",\"@graph\":[{\"@type\":\"WebPage\",\"@id\":\"https:\/\/schroevendump.nl\/fr\/produit\/sds-plus-qx4-foret-a-beton-12-0-x-210mm-4-cutter-pour-le-beton-et-la-pierre-longueur-de-travail-150mm\/\",\"url\":\"https:\/\/schroevendump.nl\/fr\/produit\/sds-plus-qx4-foret-a-beton-12-0-x-210mm-4-cutter-pour-le-beton-et-la-pierre-longueur-de-travail-150mm\/\",\"name\":\"SDS-plus QX4 Foret \u00e0 b\u00e9ton 12.0 x 210mm - 4-cutter - Pour le b\u00e9ton et la pierre - Longueur de travail 150mm - Schroevendump\",\"isPartOf\":{\"@id\":\"https:\/\/schroevendump.nl\/fr\/#website\"},\"primaryImageOfPage\":{\"@id\":\"https:\/\/schroevendump.nl\/fr\/produit\/sds-plus-qx4-foret-a-beton-12-0-x-210mm-4-cutter-pour-le-beton-et-la-pierre-longueur-de-travail-150mm\/#primaryimage\"},\"image\":{\"@id\":\"https:\/\/schroevendump.nl\/fr\/produit\/sds-plus-qx4-foret-a-beton-12-0-x-210mm-4-cutter-pour-le-beton-et-la-pierre-longueur-de-travail-150mm\/#primaryimage\"},\"thumbnailUrl\":\"https:\/\/schroevendump.nl\/wp-content\/uploads\/2025\/05\/rex_betonboor_4_500x500-removebg-preview.png\",\"datePublished\":\"2025-05-03T14:21:28+00:00\",\"dateModified\":\"2025-12-10T11:40:42+00:00\",\"breadcrumb\":{\"@id\":\"https:\/\/schroevendump.nl\/fr\/produit\/sds-plus-qx4-foret-a-beton-12-0-x-210mm-4-cutter-pour-le-beton-et-la-pierre-longueur-de-travail-150mm\/#breadcrumb\"},\"inLanguage\":\"fr-FR\",\"potentialAction\":[{\"@type\":\"ReadAction\",\"target\":[\"https:\/\/schroevendump.nl\/fr\/produit\/sds-plus-qx4-foret-a-beton-12-0-x-210mm-4-cutter-pour-le-beton-et-la-pierre-longueur-de-travail-150mm\/\"]}]},{\"@type\":\"ImageObject\",\"inLanguage\":\"fr-FR\",\"@id\":\"https:\/\/schroevendump.nl\/fr\/produit\/sds-plus-qx4-foret-a-beton-12-0-x-210mm-4-cutter-pour-le-beton-et-la-pierre-longueur-de-travail-150mm\/#primaryimage\",\"url\":\"https:\/\/schroevendump.nl\/wp-content\/uploads\/2025\/05\/rex_betonboor_4_500x500-removebg-preview.png\",\"contentUrl\":\"https:\/\/schroevendump.nl\/wp-content\/uploads\/2025\/05\/rex_betonboor_4_500x500-removebg-preview.png\",\"width\":500,\"height\":500},{\"@type\":\"BreadcrumbList\",\"@id\":\"https:\/\/schroevendump.nl\/fr\/produit\/sds-plus-qx4-foret-a-beton-12-0-x-210mm-4-cutter-pour-le-beton-et-la-pierre-longueur-de-travail-150mm\/#breadcrumb\",\"itemListElement\":[{\"@type\":\"ListItem\",\"position\":1,\"name\":\"Accueil\",\"item\":\"https:\/\/schroevendump.nl\/fr\/\"},{\"@type\":\"ListItem\",\"position\":2,\"name\":\"Boutique\",\"item\":\"https:\/\/schroevendump.nl\/fr\/boutique\/\"},{\"@type\":\"ListItem\",\"position\":3,\"name\":\"SDS-plus QX4 Foret \u00e0 b\u00e9ton 12.0 x 210mm &#8211; 4-cutter &#8211; Pour le b\u00e9ton et la pierre &#8211; Longueur de travail 150mm\"}]},{\"@type\":\"WebSite\",\"@id\":\"https:\/\/schroevendump.nl\/fr\/#website\",\"url\":\"https:\/\/schroevendump.nl\/fr\/\",\"name\":\"Schroevendump\",\"description\":\"\",\"potentialAction\":[{\"@type\":\"SearchAction\",\"target\":{\"@type\":\"EntryPoint\",\"urlTemplate\":\"https:\/\/schroevendump.nl\/fr\/?s={search_term_string}\"},\"query-input\":{\"@type\":\"PropertyValueSpecification\",\"valueRequired\":true,\"valueName\":\"search_term_string\"}}],\"inLanguage\":\"fr-FR\"}]}<\/script>\n<!-- \/ Yoast SEO plugin. -->","yoast_head_json":{"title":"SDS-plus QX4 Foret \u00e0 b\u00e9ton 12.0 x 210mm - 4-cutter - Pour le b\u00e9ton et la pierre - Longueur de travail 150mm - Schroevendump","robots":{"index":"index","follow":"follow","max-snippet":"max-snippet:-1","max-image-preview":"max-image-preview:large","max-video-preview":"max-video-preview:-1"},"canonical":"https:\/\/schroevendump.nl\/fr\/produit\/sds-plus-qx4-foret-a-beton-12-0-x-210mm-4-cutter-pour-le-beton-et-la-pierre-longueur-de-travail-150mm\/","og_locale":"fr_FR","og_type":"article","og_title":"SDS-plus QX4 Foret \u00e0 b\u00e9ton 12.0 x 210mm - 4-cutter - Pour le b\u00e9ton et la pierre - Longueur de travail 150mm - Schroevendump","og_description":"Le foret \u00e0 b\u00e9ton REX SDS-plus QX4 est con\u00e7u pour une performance pr\u00e9cise et puissante dans le b\u00e9ton, la ma\u00e7onnerie et d&#8217;autres mat\u00e9riaux pierreux. Gr\u00e2ce \u00e0 sa conception \u00e0 4 couteaux, cette perceuse offre une stabilit\u00e9 exceptionnelle, une dur\u00e9e de vie plus longue et un enl\u00e8vement de mati\u00e8re efficace. Le marteau perforateur REX\u00ae QX4 vous [&hellip;]","og_url":"https:\/\/schroevendump.nl\/fr\/produit\/sds-plus-qx4-foret-a-beton-12-0-x-210mm-4-cutter-pour-le-beton-et-la-pierre-longueur-de-travail-150mm\/","og_site_name":"Schroevendump","article_modified_time":"2025-12-10T11:40:42+00:00","og_image":[{"width":500,"height":500,"url":"https:\/\/schroevendump.nl\/wp-content\/uploads\/2025\/05\/rex_betonboor_4_500x500-removebg-preview.png","type":"image\/png"}],"twitter_card":"summary_large_image","twitter_misc":{"Dur\u00e9e de lecture estim\u00e9e":"2 minutes"},"schema":{"@context":"https:\/\/schema.org","@graph":[{"@type":"WebPage","@id":"https:\/\/schroevendump.nl\/fr\/produit\/sds-plus-qx4-foret-a-beton-12-0-x-210mm-4-cutter-pour-le-beton-et-la-pierre-longueur-de-travail-150mm\/","url":"https:\/\/schroevendump.nl\/fr\/produit\/sds-plus-qx4-foret-a-beton-12-0-x-210mm-4-cutter-pour-le-beton-et-la-pierre-longueur-de-travail-150mm\/","name":"SDS-plus QX4 Foret \u00e0 b\u00e9ton 12.0 x 210mm - 4-cutter - Pour le b\u00e9ton et la pierre - Longueur de travail 150mm - Schroevendump","isPartOf":{"@id":"https:\/\/schroevendump.nl\/fr\/#website"},"primaryImageOfPage":{"@id":"https:\/\/schroevendump.nl\/fr\/produit\/sds-plus-qx4-foret-a-beton-12-0-x-210mm-4-cutter-pour-le-beton-et-la-pierre-longueur-de-travail-150mm\/#primaryimage"},"image":{"@id":"https:\/\/schroevendump.nl\/fr\/produit\/sds-plus-qx4-foret-a-beton-12-0-x-210mm-4-cutter-pour-le-beton-et-la-pierre-longueur-de-travail-150mm\/#primaryimage"},"thumbnailUrl":"https:\/\/schroevendump.nl\/wp-content\/uploads\/2025\/05\/rex_betonboor_4_500x500-removebg-preview.png","datePublished":"2025-05-03T14:21:28+00:00","dateModified":"2025-12-10T11:40:42+00:00","breadcrumb":{"@id":"https:\/\/schroevendump.nl\/fr\/produit\/sds-plus-qx4-foret-a-beton-12-0-x-210mm-4-cutter-pour-le-beton-et-la-pierre-longueur-de-travail-150mm\/#breadcrumb"},"inLanguage":"fr-FR","potentialAction":[{"@type":"ReadAction","target":["https:\/\/schroevendump.nl\/fr\/produit\/sds-plus-qx4-foret-a-beton-12-0-x-210mm-4-cutter-pour-le-beton-et-la-pierre-longueur-de-travail-150mm\/"]}]},{"@type":"ImageObject","inLanguage":"fr-FR","@id":"https:\/\/schroevendump.nl\/fr\/produit\/sds-plus-qx4-foret-a-beton-12-0-x-210mm-4-cutter-pour-le-beton-et-la-pierre-longueur-de-travail-150mm\/#primaryimage","url":"https:\/\/schroevendump.nl\/wp-content\/uploads\/2025\/05\/rex_betonboor_4_500x500-removebg-preview.png","contentUrl":"https:\/\/schroevendump.nl\/wp-content\/uploads\/2025\/05\/rex_betonboor_4_500x500-removebg-preview.png","width":500,"height":500},{"@type":"BreadcrumbList","@id":"https:\/\/schroevendump.nl\/fr\/produit\/sds-plus-qx4-foret-a-beton-12-0-x-210mm-4-cutter-pour-le-beton-et-la-pierre-longueur-de-travail-150mm\/#breadcrumb","itemListElement":[{"@type":"ListItem","position":1,"name":"Accueil","item":"https:\/\/schroevendump.nl\/fr\/"},{"@type":"ListItem","position":2,"name":"Boutique","item":"https:\/\/schroevendump.nl\/fr\/boutique\/"},{"@type":"ListItem","position":3,"name":"SDS-plus QX4 Foret \u00e0 b\u00e9ton 12.0 x 210mm &#8211; 4-cutter &#8211; Pour le b\u00e9ton et la pierre &#8211; Longueur de travail 150mm"}]},{"@type":"WebSite","@id":"https:\/\/schroevendump.nl\/fr\/#website","url":"https:\/\/schroevendump.nl\/fr\/","name":"Schroevendump","description":"","potentialAction":[{"@type":"SearchAction","target":{"@type":"EntryPoint","urlTemplate":"https:\/\/schroevendump.nl\/fr\/?s={search_term_string}"},"query-input":{"@type":"PropertyValueSpecification","valueRequired":true,"valueName":"search_term_string"}}],"inLanguage":"fr-FR"}]}},"_links":{"self":[{"href":"https:\/\/schroevendump.nl\/fr\/wp-json\/wp\/v2\/product\/27876","targetHints":{"allow":["GET"]}}],"collection":[{"href":"https:\/\/schroevendump.nl\/fr\/wp-json\/wp\/v2\/product"}],"about":[{"href":"https:\/\/schroevendump.nl\/fr\/wp-json\/wp\/v2\/types\/product"}],"replies":[{"embeddable":true,"href":"https:\/\/schroevendump.nl\/fr\/wp-json\/wp\/v2\/comments?post=27876"}],"wp:featuredmedia":[{"embeddable":true,"href":"https:\/\/schroevendump.nl\/fr\/wp-json\/wp\/v2\/media\/27213"}],"wp:attachment":[{"href":"https:\/\/schroevendump.nl\/fr\/wp-json\/wp\/v2\/media?parent=27876"}],"wp:term":[{"taxonomy":"product_brand","embeddable":true,"href":"https:\/\/schroevendump.nl\/fr\/wp-json\/wp\/v2\/product_brand?post=27876"},{"taxonomy":"product_cat","embeddable":true,"href":"https:\/\/schroevendump.nl\/fr\/wp-json\/wp\/v2\/product_cat?post=27876"},{"taxonomy":"product_tag","embeddable":true,"href":"https:\/\/schroevendump.nl\/fr\/wp-json\/wp\/v2\/product_tag?post=27876"}],"curies":[{"name":"wp","href":"https:\/\/api.w.org\/{rel}","templated":true}]}}