{"id":27927,"date":"2024-11-07T22:18:55","date_gmt":"2024-11-07T22:18:55","guid":{"rendered":"https:\/\/schroevendump.nl\/product\/screwdump-vis-a-tete-ronde-4-0-x-50-tx-20-200pcs\/"},"modified":"2026-04-02T08:21:58","modified_gmt":"2026-04-02T08:21:58","slug":"screwdump-vis-a-tete-ronde-4-0-x-50-tx-20-200pcs","status":"publish","type":"product","link":"https:\/\/schroevendump.nl\/fr\/produit\/screwdump-vis-a-tete-ronde-4-0-x-50-tx-20-200pcs\/","title":{"rendered":"Screwdump Vis \u00e0 t\u00eate ronde 4.0 x 50 TX-20 200pcs"},"content":{"rendered":"<p>La version \u00e0 t\u00eate cylindrique ou sph\u00e9rique convient parfaitement \u00e0 l&#8217;installation. La face inf\u00e9rieure plate de la t\u00eate s&#8217;adapte compl\u00e8tement au substrat pour une finition attrayante et \u00e9tanche. <\/p>\n<p>Ces vis pour panneaux d&#8217;agglom\u00e9r\u00e9 ont un entra\u00eenement Torx. Les vis \u00e0 t\u00eate cylindrique sont lubrifi\u00e9es pour faciliter le vissage.  Les vis pour panneaux d&#8217;agglom\u00e9r\u00e9 \u00e0 t\u00eate cylindrique\/\u00e0 t\u00eate sph\u00e9rique sont disponibles en version galvanis\u00e9e ou en acier inoxydable et peuvent \u00eatre utilis\u00e9es \u00e0 l&#8217;int\u00e9rieur comme \u00e0 l&#8217;ext\u00e9rieur. Pour une protection durable contre la corrosion, choisissez les vis \u00e0 panneaux d&#8217;agglom\u00e9r\u00e9 en acier inoxydable. <\/p>\n<p><b>Application<\/b><br \/>\nPour l&#8217;int\u00e9rieur et l&#8217;ext\u00e9rieur.<br \/>\nUtilisation pour le m\u00e9tal sur le bois, les selles de c\u00e2ble, le bois de construction, les panneaux d&#8217;agglom\u00e9r\u00e9, le contreplaqu\u00e9, le MDF, le bois dur (\u00e0 l&#8217;int\u00e9rieur).<br \/>\nPour l&#8217;utilisation dans la pierre et le b\u00e9ton, les chevilles i.c.w..<\/p>\n<p>La taille souhait\u00e9e ne figure pas dans la liste ? Demandez toujours \u00e0 notre personnel de vente quelles sont les possibilit\u00e9s. <\/p>\n","protected":false},"excerpt":{"rendered":"<p>La version \u00e0 t\u00eate cylindrique ou sph\u00e9rique convient parfaitement \u00e0 l&#8217;installation. La face inf\u00e9rieure plate de la t\u00eate s&#8217;adapte compl\u00e8tement au substrat pour une finition attrayante et \u00e9tanche. Ces vis pour panneaux d&#8217;agglom\u00e9r\u00e9 ont un entra\u00eenement Torx. Les vis \u00e0 t\u00eate cylindrique sont lubrifi\u00e9es pour faciliter le vissage. Les vis pour panneaux d&#8217;agglom\u00e9r\u00e9 \u00e0 t\u00eate [&hellip;]<\/p>\n","protected":false},"featured_media":27176,"comment_status":"open","ping_status":"closed","template":"","meta":[],"product_brand":[],"product_cat":[575,527],"product_tag":[],"class_list":{"0":"post-27927","1":"product","2":"type-product","3":"status-publish","4":"has-post-thumbnail","6":"product_cat-vis-a-tete-spherique-cylindrique","7":"product_cat-vis","8":"pa_draad-filetage-complet","10":"first","11":"instock","12":"taxable","13":"shipping-taxable","14":"purchasable","15":"product-type-simple"},"supplier_id":null,"supplier_sku":"","barcode":null,"atum_controlled":true,"out_stock_date":null,"out_stock_threshold":null,"inheritable":false,"inbound_stock":0,"stock_on_hold":0,"sold_today":0,"sales_last_days":0,"reserved_stock":0,"customer_returns":0,"warehouse_damage":0,"lost_in_post":0,"other_logs":0,"out_stock_days":0,"lost_sales":0,"has_location":false,"update_date":"2026-04-12T01:01:06","atum_locations":[],"atum_stock_status":"instock","restock_status":false,"low_stock_amount":"","sales_update_date":"2026-04-12T01:01:06","calc_backorders":null,"acf":[],"yoast_head":"<!-- This site is optimized with the Yoast SEO plugin v26.6 - https:\/\/yoast.com\/wordpress\/plugins\/seo\/ -->\n<title>Screwdump Vis \u00e0 t\u00eate ronde 4.0 x 50 TX-20 200pcs - Schroevendump<\/title>\n<meta name=\"robots\" content=\"index, follow, max-snippet:-1, max-image-preview:large, max-video-preview:-1\" \/>\n<link rel=\"canonical\" href=\"https:\/\/schroevendump.nl\/fr\/produit\/screwdump-vis-a-tete-ronde-4-0-x-50-tx-20-200pcs\/\" \/>\n<meta property=\"og:locale\" content=\"fr_FR\" \/>\n<meta property=\"og:type\" content=\"article\" \/>\n<meta property=\"og:title\" content=\"Screwdump Vis \u00e0 t\u00eate ronde 4.0 x 50 TX-20 200pcs - Schroevendump\" \/>\n<meta property=\"og:description\" content=\"La version \u00e0 t\u00eate cylindrique ou sph\u00e9rique convient parfaitement \u00e0 l&#8217;installation. La face inf\u00e9rieure plate de la t\u00eate s&#8217;adapte compl\u00e8tement au substrat pour une finition attrayante et \u00e9tanche. Ces vis pour panneaux d&#8217;agglom\u00e9r\u00e9 ont un entra\u00eenement Torx. Les vis \u00e0 t\u00eate cylindrique sont lubrifi\u00e9es pour faciliter le vissage. Les vis pour panneaux d&#8217;agglom\u00e9r\u00e9 \u00e0 t\u00eate [&hellip;]\" \/>\n<meta property=\"og:url\" content=\"https:\/\/schroevendump.nl\/fr\/produit\/screwdump-vis-a-tete-ronde-4-0-x-50-tx-20-200pcs\/\" \/>\n<meta property=\"og:site_name\" content=\"Schroevendump\" \/>\n<meta property=\"article:modified_time\" content=\"2026-04-02T08:21:58+00:00\" \/>\n<meta property=\"og:image\" content=\"https:\/\/schroevendump.nl\/wp-content\/uploads\/2024\/08\/804-panhead-torx.png\" \/>\n\t<meta property=\"og:image:width\" content=\"710\" \/>\n\t<meta property=\"og:image:height\" content=\"710\" \/>\n\t<meta property=\"og:image:type\" content=\"image\/png\" \/>\n<meta name=\"twitter:card\" content=\"summary_large_image\" \/>\n<meta name=\"twitter:label1\" content=\"Dur\u00e9e de lecture estim\u00e9e\" \/>\n\t<meta name=\"twitter:data1\" content=\"1 minute\" \/>\n<script type=\"application\/ld+json\" class=\"yoast-schema-graph\">{\"@context\":\"https:\/\/schema.org\",\"@graph\":[{\"@type\":\"WebPage\",\"@id\":\"https:\/\/schroevendump.nl\/fr\/produit\/screwdump-vis-a-tete-ronde-4-0-x-50-tx-20-200pcs\/\",\"url\":\"https:\/\/schroevendump.nl\/fr\/produit\/screwdump-vis-a-tete-ronde-4-0-x-50-tx-20-200pcs\/\",\"name\":\"Screwdump Vis \u00e0 t\u00eate ronde 4.0 x 50 TX-20 200pcs - Schroevendump\",\"isPartOf\":{\"@id\":\"https:\/\/schroevendump.nl\/fr\/#website\"},\"primaryImageOfPage\":{\"@id\":\"https:\/\/schroevendump.nl\/fr\/produit\/screwdump-vis-a-tete-ronde-4-0-x-50-tx-20-200pcs\/#primaryimage\"},\"image\":{\"@id\":\"https:\/\/schroevendump.nl\/fr\/produit\/screwdump-vis-a-tete-ronde-4-0-x-50-tx-20-200pcs\/#primaryimage\"},\"thumbnailUrl\":\"https:\/\/schroevendump.nl\/wp-content\/uploads\/2024\/08\/804-panhead-torx.png\",\"datePublished\":\"2024-11-07T22:18:55+00:00\",\"dateModified\":\"2026-04-02T08:21:58+00:00\",\"breadcrumb\":{\"@id\":\"https:\/\/schroevendump.nl\/fr\/produit\/screwdump-vis-a-tete-ronde-4-0-x-50-tx-20-200pcs\/#breadcrumb\"},\"inLanguage\":\"fr-FR\",\"potentialAction\":[{\"@type\":\"ReadAction\",\"target\":[\"https:\/\/schroevendump.nl\/fr\/produit\/screwdump-vis-a-tete-ronde-4-0-x-50-tx-20-200pcs\/\"]}]},{\"@type\":\"ImageObject\",\"inLanguage\":\"fr-FR\",\"@id\":\"https:\/\/schroevendump.nl\/fr\/produit\/screwdump-vis-a-tete-ronde-4-0-x-50-tx-20-200pcs\/#primaryimage\",\"url\":\"https:\/\/schroevendump.nl\/wp-content\/uploads\/2024\/08\/804-panhead-torx.png\",\"contentUrl\":\"https:\/\/schroevendump.nl\/wp-content\/uploads\/2024\/08\/804-panhead-torx.png\",\"width\":710,\"height\":710},{\"@type\":\"BreadcrumbList\",\"@id\":\"https:\/\/schroevendump.nl\/fr\/produit\/screwdump-vis-a-tete-ronde-4-0-x-50-tx-20-200pcs\/#breadcrumb\",\"itemListElement\":[{\"@type\":\"ListItem\",\"position\":1,\"name\":\"Accueil\",\"item\":\"https:\/\/schroevendump.nl\/fr\/\"},{\"@type\":\"ListItem\",\"position\":2,\"name\":\"Boutique\",\"item\":\"https:\/\/schroevendump.nl\/fr\/boutique\/\"},{\"@type\":\"ListItem\",\"position\":3,\"name\":\"Screwdump Vis \u00e0 t\u00eate ronde 4.0 x 50 TX-20 200pcs\"}]},{\"@type\":\"WebSite\",\"@id\":\"https:\/\/schroevendump.nl\/fr\/#website\",\"url\":\"https:\/\/schroevendump.nl\/fr\/\",\"name\":\"Schroevendump\",\"description\":\"\",\"potentialAction\":[{\"@type\":\"SearchAction\",\"target\":{\"@type\":\"EntryPoint\",\"urlTemplate\":\"https:\/\/schroevendump.nl\/fr\/?s={search_term_string}\"},\"query-input\":{\"@type\":\"PropertyValueSpecification\",\"valueRequired\":true,\"valueName\":\"search_term_string\"}}],\"inLanguage\":\"fr-FR\"}]}<\/script>\n<!-- \/ Yoast SEO plugin. -->","yoast_head_json":{"title":"Screwdump Vis \u00e0 t\u00eate ronde 4.0 x 50 TX-20 200pcs - Schroevendump","robots":{"index":"index","follow":"follow","max-snippet":"max-snippet:-1","max-image-preview":"max-image-preview:large","max-video-preview":"max-video-preview:-1"},"canonical":"https:\/\/schroevendump.nl\/fr\/produit\/screwdump-vis-a-tete-ronde-4-0-x-50-tx-20-200pcs\/","og_locale":"fr_FR","og_type":"article","og_title":"Screwdump Vis \u00e0 t\u00eate ronde 4.0 x 50 TX-20 200pcs - Schroevendump","og_description":"La version \u00e0 t\u00eate cylindrique ou sph\u00e9rique convient parfaitement \u00e0 l&#8217;installation. La face inf\u00e9rieure plate de la t\u00eate s&#8217;adapte compl\u00e8tement au substrat pour une finition attrayante et \u00e9tanche. Ces vis pour panneaux d&#8217;agglom\u00e9r\u00e9 ont un entra\u00eenement Torx. Les vis \u00e0 t\u00eate cylindrique sont lubrifi\u00e9es pour faciliter le vissage. Les vis pour panneaux d&#8217;agglom\u00e9r\u00e9 \u00e0 t\u00eate [&hellip;]","og_url":"https:\/\/schroevendump.nl\/fr\/produit\/screwdump-vis-a-tete-ronde-4-0-x-50-tx-20-200pcs\/","og_site_name":"Schroevendump","article_modified_time":"2026-04-02T08:21:58+00:00","og_image":[{"width":710,"height":710,"url":"https:\/\/schroevendump.nl\/wp-content\/uploads\/2024\/08\/804-panhead-torx.png","type":"image\/png"}],"twitter_card":"summary_large_image","twitter_misc":{"Dur\u00e9e de lecture estim\u00e9e":"1 minute"},"schema":{"@context":"https:\/\/schema.org","@graph":[{"@type":"WebPage","@id":"https:\/\/schroevendump.nl\/fr\/produit\/screwdump-vis-a-tete-ronde-4-0-x-50-tx-20-200pcs\/","url":"https:\/\/schroevendump.nl\/fr\/produit\/screwdump-vis-a-tete-ronde-4-0-x-50-tx-20-200pcs\/","name":"Screwdump Vis \u00e0 t\u00eate ronde 4.0 x 50 TX-20 200pcs - Schroevendump","isPartOf":{"@id":"https:\/\/schroevendump.nl\/fr\/#website"},"primaryImageOfPage":{"@id":"https:\/\/schroevendump.nl\/fr\/produit\/screwdump-vis-a-tete-ronde-4-0-x-50-tx-20-200pcs\/#primaryimage"},"image":{"@id":"https:\/\/schroevendump.nl\/fr\/produit\/screwdump-vis-a-tete-ronde-4-0-x-50-tx-20-200pcs\/#primaryimage"},"thumbnailUrl":"https:\/\/schroevendump.nl\/wp-content\/uploads\/2024\/08\/804-panhead-torx.png","datePublished":"2024-11-07T22:18:55+00:00","dateModified":"2026-04-02T08:21:58+00:00","breadcrumb":{"@id":"https:\/\/schroevendump.nl\/fr\/produit\/screwdump-vis-a-tete-ronde-4-0-x-50-tx-20-200pcs\/#breadcrumb"},"inLanguage":"fr-FR","potentialAction":[{"@type":"ReadAction","target":["https:\/\/schroevendump.nl\/fr\/produit\/screwdump-vis-a-tete-ronde-4-0-x-50-tx-20-200pcs\/"]}]},{"@type":"ImageObject","inLanguage":"fr-FR","@id":"https:\/\/schroevendump.nl\/fr\/produit\/screwdump-vis-a-tete-ronde-4-0-x-50-tx-20-200pcs\/#primaryimage","url":"https:\/\/schroevendump.nl\/wp-content\/uploads\/2024\/08\/804-panhead-torx.png","contentUrl":"https:\/\/schroevendump.nl\/wp-content\/uploads\/2024\/08\/804-panhead-torx.png","width":710,"height":710},{"@type":"BreadcrumbList","@id":"https:\/\/schroevendump.nl\/fr\/produit\/screwdump-vis-a-tete-ronde-4-0-x-50-tx-20-200pcs\/#breadcrumb","itemListElement":[{"@type":"ListItem","position":1,"name":"Accueil","item":"https:\/\/schroevendump.nl\/fr\/"},{"@type":"ListItem","position":2,"name":"Boutique","item":"https:\/\/schroevendump.nl\/fr\/boutique\/"},{"@type":"ListItem","position":3,"name":"Screwdump Vis \u00e0 t\u00eate ronde 4.0 x 50 TX-20 200pcs"}]},{"@type":"WebSite","@id":"https:\/\/schroevendump.nl\/fr\/#website","url":"https:\/\/schroevendump.nl\/fr\/","name":"Schroevendump","description":"","potentialAction":[{"@type":"SearchAction","target":{"@type":"EntryPoint","urlTemplate":"https:\/\/schroevendump.nl\/fr\/?s={search_term_string}"},"query-input":{"@type":"PropertyValueSpecification","valueRequired":true,"valueName":"search_term_string"}}],"inLanguage":"fr-FR"}]}},"_links":{"self":[{"href":"https:\/\/schroevendump.nl\/fr\/wp-json\/wp\/v2\/product\/27927","targetHints":{"allow":["GET"]}}],"collection":[{"href":"https:\/\/schroevendump.nl\/fr\/wp-json\/wp\/v2\/product"}],"about":[{"href":"https:\/\/schroevendump.nl\/fr\/wp-json\/wp\/v2\/types\/product"}],"replies":[{"embeddable":true,"href":"https:\/\/schroevendump.nl\/fr\/wp-json\/wp\/v2\/comments?post=27927"}],"wp:featuredmedia":[{"embeddable":true,"href":"https:\/\/schroevendump.nl\/fr\/wp-json\/wp\/v2\/media\/27176"}],"wp:attachment":[{"href":"https:\/\/schroevendump.nl\/fr\/wp-json\/wp\/v2\/media?parent=27927"}],"wp:term":[{"taxonomy":"product_brand","embeddable":true,"href":"https:\/\/schroevendump.nl\/fr\/wp-json\/wp\/v2\/product_brand?post=27927"},{"taxonomy":"product_cat","embeddable":true,"href":"https:\/\/schroevendump.nl\/fr\/wp-json\/wp\/v2\/product_cat?post=27927"},{"taxonomy":"product_tag","embeddable":true,"href":"https:\/\/schroevendump.nl\/fr\/wp-json\/wp\/v2\/product_tag?post=27927"}],"curies":[{"name":"wp","href":"https:\/\/api.w.org\/{rel}","templated":true}]}}