{"id":27947,"date":"2025-05-01T09:47:13","date_gmt":"2025-05-01T09:47:13","guid":{"rendered":"https:\/\/schroevendump.nl\/product\/stanley-spare-break-off-knife-18mm-10-pieces-trempe-par-induction-extra-fort-et-tranchant\/"},"modified":"2025-12-10T11:33:23","modified_gmt":"2025-12-10T11:33:23","slug":"stanley-spare-break-off-knife-18mm-10-pieces-trempe-par-induction-extra-fort-et-tranchant","status":"publish","type":"product","link":"https:\/\/schroevendump.nl\/fr\/produit\/stanley-spare-break-off-knife-18mm-10-pieces-trempe-par-induction-extra-fort-et-tranchant\/","title":{"rendered":"Stanley Spare Break-off Knife 18mm &#8211; 10 Pieces &#8211; Tremp\u00e9 par induction &#8211; Extra fort et tranchant"},"content":{"rendered":"<h3 class=\"\" data-start=\"649\" data-end=\"684\">\ud83d\udd39 <strong data-start=\"656\" data-end=\"684\">Caract\u00e9ristiques principales :<\/strong><\/h3>\n<ul data-start=\"686\" data-end=\"1158\">\n<li class=\"\" data-start=\"686\" data-end=\"759\">\n<p class=\"\" data-start=\"688\" data-end=\"759\">\u2705 <strong data-start=\"690\" data-end=\"718\">Tranchant tremp\u00e9 par induction<\/strong>: <span class=\"relative -mx-px my-[-0.2rem] rounded px-px py-[0.2rem] transition-colors duration-100 ease-in-out\">pour une dur\u00e9e de vie plus longue et un meilleur tranchant<\/span>.<\/p>\n<\/li>\n<li class=\"\" data-start=\"760\" data-end=\"859\">\n<p class=\"\" data-start=\"762\" data-end=\"859\"><strong data-start=\"764\" data-end=\"778\">Dimensions<\/strong>: <span class=\"relative -mx-px my-[-0.2rem] rounded px-px py-[0.2rem] transition-colors duration-100 ease-in-out\">18 mm de large, 120 mm de long<\/span><\/p>\n<\/li>\n<li class=\"\" data-start=\"860\" data-end=\"925\">\n<p class=\"\" data-start=\"862\" data-end=\"925\">\u2705 <strong data-start=\"864\" data-end=\"884\">Nombre de segments<\/strong>: <span class=\"relative -mx-px my-[-0.2rem] rounded px-px py-[0.2rem] transition-colors duration-100 ease-in-out\">8 par lame<\/span><\/p>\n<\/li>\n<li class=\"\" data-start=\"926\" data-end=\"985\">\n<p class=\"\" data-start=\"928\" data-end=\"985\">\u2705 <strong data-start=\"930\" data-end=\"944\">Emballage<\/strong>: <span class=\"relative -mx-px my-[-0.2rem] rounded px-px py-[0.2rem] transition-colors duration-100 ease-in-out\">10 pi\u00e8ces<\/span><\/p>\n<\/li>\n<li class=\"\" data-start=\"986\" data-end=\"1050\">\n<p class=\"\" data-start=\"988\" data-end=\"1050\"><strong data-start=\"990\" data-end=\"1009\">Compatibilit\u00e9<\/strong>: <span class=\"relative -mx-px my-[-0.2rem] rounded px-px py-[0.2rem] transition-colors duration-100 ease-in-out\">Convient \u00e0 la plupart des couteaux \u00e0 tron\u00e7onner de 18 mm<\/span><\/p>\n<\/li>\n<li class=\"\" data-start=\"1051\" data-end=\"1158\">\n<p class=\"\" data-start=\"1053\" data-end=\"1158\">\u2705 <strong data-start=\"1055\" data-end=\"1071\">Applications<\/strong>: <span class=\"relative -mx-px my-[-0.2rem] rounded px-px py-[0.2rem] transition-colors duration-100 ease-in-out\">Id\u00e9al pour couper le papier, le carton, la moquette, le plastique et plus encore.<\/span><\/p>\n<\/li>\n<\/ul>\n<p class=\"\" data-start=\"360\" data-end=\"517\"><span class=\"relative -mx-px my-[-0.2rem] rounded px-px py-[0.2rem] transition-colors duration-100 ease-in-out\">Le <strong data-start=\"3\" data-end=\"56\">Stanley Spare Breakaway Knife 18mm (10 pi\u00e8ces)<\/strong> est le choix id\u00e9al pour les professionnels qui recherchent des lames durables et tranchantes pour un usage intensif.<\/span> <span class=\"relative -mx-px my-[-0.2rem] rounded px-px py-[0.2rem] transition-colors duration-100 ease-in-out\">Ces couteaux \u00e0 casser sont dot\u00e9s d&#8217;un tranchant brevet\u00e9 tremp\u00e9 par induction, ce qui leur conf\u00e8re une plus grande long\u00e9vit\u00e9 et un meilleur tranchant.<\/span> <\/p>\n<p class=\"\" data-start=\"519\" data-end=\"642\"><span class=\"relative -mx-px my-[-0.2rem] rounded px-px py-[0.2rem] transition-colors duration-100 ease-in-out\">Gr\u00e2ce \u00e0 la conception \u00e0 8 segments de coupe par lame, vous pouvez facilement utiliser un nouveau segment aiguis\u00e9 en cas de besoin, sans avoir \u00e0 remplacer la lame enti\u00e8re.<\/span> <span class=\"relative -mx-px my-[-0.2rem] rounded px-px py-[0.2rem] transition-colors duration-100 ease-in-out\">Les lames sont compatibles avec la plupart des lames de cisailles de 18 mm, ce qui les rend polyvalentes pour une grande vari\u00e9t\u00e9 de travaux de coupe.<\/span><\/p>\n","protected":false},"excerpt":{"rendered":"<p>\ud83d\udd39 Caract\u00e9ristiques principales : \u2705 Tranchant tremp\u00e9 par induction: pour une dur\u00e9e de vie plus longue et un meilleur tranchant. Dimensions: 18 mm de large, 120 mm de long \u2705 Nombre de segments: 8 par lame \u2705 Emballage: 10 pi\u00e8ces Compatibilit\u00e9: Convient \u00e0 la plupart des couteaux \u00e0 tron\u00e7onner de 18 mm \u2705 Applications: Id\u00e9al [&hellip;]<\/p>\n","protected":false},"featured_media":27949,"comment_status":"open","ping_status":"closed","template":"","meta":[],"product_brand":[],"product_cat":[590],"product_tag":[],"class_list":{"0":"post-27947","1":"product","2":"type-product","3":"status-publish","4":"has-post-thumbnail","6":"product_cat-outils-a-main","8":"first","9":"instock","10":"taxable","11":"shipping-taxable","12":"purchasable","13":"product-type-simple"},"supplier_id":null,"supplier_sku":"","barcode":null,"atum_controlled":true,"out_stock_date":null,"out_stock_threshold":null,"inheritable":false,"inbound_stock":0,"stock_on_hold":1,"sold_today":1,"sales_last_days":17,"reserved_stock":0,"customer_returns":0,"warehouse_damage":0,"lost_in_post":0,"other_logs":0,"out_stock_days":0,"lost_sales":0,"has_location":false,"update_date":"2026-04-18T18:09:02","atum_locations":[],"atum_stock_status":"instock","restock_status":false,"low_stock_amount":"","sales_update_date":"2026-04-18T18:09:02","calc_backorders":null,"acf":[],"yoast_head":"<!-- This site is optimized with the Yoast SEO plugin v26.6 - https:\/\/yoast.com\/wordpress\/plugins\/seo\/ -->\n<title>Stanley Spare Break-off Knife 18mm - 10 Pieces - Tremp\u00e9 par induction - Extra fort et tranchant - Schroevendump<\/title>\n<meta name=\"robots\" content=\"index, follow, max-snippet:-1, max-image-preview:large, max-video-preview:-1\" \/>\n<link rel=\"canonical\" href=\"https:\/\/schroevendump.nl\/fr\/produit\/stanley-spare-break-off-knife-18mm-10-pieces-trempe-par-induction-extra-fort-et-tranchant\/\" \/>\n<meta property=\"og:locale\" content=\"fr_FR\" \/>\n<meta property=\"og:type\" content=\"article\" \/>\n<meta property=\"og:title\" content=\"Stanley Spare Break-off Knife 18mm - 10 Pieces - Tremp\u00e9 par induction - Extra fort et tranchant - Schroevendump\" \/>\n<meta property=\"og:description\" content=\"\ud83d\udd39 Caract\u00e9ristiques principales : \u2705 Tranchant tremp\u00e9 par induction: pour une dur\u00e9e de vie plus longue et un meilleur tranchant. Dimensions: 18 mm de large, 120 mm de long \u2705 Nombre de segments: 8 par lame \u2705 Emballage: 10 pi\u00e8ces Compatibilit\u00e9: Convient \u00e0 la plupart des couteaux \u00e0 tron\u00e7onner de 18 mm \u2705 Applications: Id\u00e9al [&hellip;]\" \/>\n<meta property=\"og:url\" content=\"https:\/\/schroevendump.nl\/fr\/produit\/stanley-spare-break-off-knife-18mm-10-pieces-trempe-par-induction-extra-fort-et-tranchant\/\" \/>\n<meta property=\"og:site_name\" content=\"Schroevendump\" \/>\n<meta property=\"article:modified_time\" content=\"2025-12-10T11:33:23+00:00\" \/>\n<meta property=\"og:image\" content=\"https:\/\/schroevendump.nl\/wp-content\/uploads\/2025\/05\/2-11-718_1_1_-removebg-preview.png\" \/>\n\t<meta property=\"og:image:width\" content=\"500\" \/>\n\t<meta property=\"og:image:height\" content=\"500\" \/>\n\t<meta property=\"og:image:type\" content=\"image\/png\" \/>\n<meta name=\"twitter:card\" content=\"summary_large_image\" \/>\n<meta name=\"twitter:label1\" content=\"Dur\u00e9e de lecture estim\u00e9e\" \/>\n\t<meta name=\"twitter:data1\" content=\"1 minute\" \/>\n<script type=\"application\/ld+json\" class=\"yoast-schema-graph\">{\"@context\":\"https:\/\/schema.org\",\"@graph\":[{\"@type\":\"WebPage\",\"@id\":\"https:\/\/schroevendump.nl\/fr\/produit\/stanley-spare-break-off-knife-18mm-10-pieces-trempe-par-induction-extra-fort-et-tranchant\/\",\"url\":\"https:\/\/schroevendump.nl\/fr\/produit\/stanley-spare-break-off-knife-18mm-10-pieces-trempe-par-induction-extra-fort-et-tranchant\/\",\"name\":\"Stanley Spare Break-off Knife 18mm - 10 Pieces - Tremp\u00e9 par induction - Extra fort et tranchant - Schroevendump\",\"isPartOf\":{\"@id\":\"https:\/\/schroevendump.nl\/fr\/#website\"},\"primaryImageOfPage\":{\"@id\":\"https:\/\/schroevendump.nl\/fr\/produit\/stanley-spare-break-off-knife-18mm-10-pieces-trempe-par-induction-extra-fort-et-tranchant\/#primaryimage\"},\"image\":{\"@id\":\"https:\/\/schroevendump.nl\/fr\/produit\/stanley-spare-break-off-knife-18mm-10-pieces-trempe-par-induction-extra-fort-et-tranchant\/#primaryimage\"},\"thumbnailUrl\":\"https:\/\/schroevendump.nl\/wp-content\/uploads\/2025\/05\/2-11-718_1_1_-removebg-preview.png\",\"datePublished\":\"2025-05-01T09:47:13+00:00\",\"dateModified\":\"2025-12-10T11:33:23+00:00\",\"breadcrumb\":{\"@id\":\"https:\/\/schroevendump.nl\/fr\/produit\/stanley-spare-break-off-knife-18mm-10-pieces-trempe-par-induction-extra-fort-et-tranchant\/#breadcrumb\"},\"inLanguage\":\"fr-FR\",\"potentialAction\":[{\"@type\":\"ReadAction\",\"target\":[\"https:\/\/schroevendump.nl\/fr\/produit\/stanley-spare-break-off-knife-18mm-10-pieces-trempe-par-induction-extra-fort-et-tranchant\/\"]}]},{\"@type\":\"ImageObject\",\"inLanguage\":\"fr-FR\",\"@id\":\"https:\/\/schroevendump.nl\/fr\/produit\/stanley-spare-break-off-knife-18mm-10-pieces-trempe-par-induction-extra-fort-et-tranchant\/#primaryimage\",\"url\":\"https:\/\/schroevendump.nl\/wp-content\/uploads\/2025\/05\/2-11-718_1_1_-removebg-preview.png\",\"contentUrl\":\"https:\/\/schroevendump.nl\/wp-content\/uploads\/2025\/05\/2-11-718_1_1_-removebg-preview.png\",\"width\":500,\"height\":500},{\"@type\":\"BreadcrumbList\",\"@id\":\"https:\/\/schroevendump.nl\/fr\/produit\/stanley-spare-break-off-knife-18mm-10-pieces-trempe-par-induction-extra-fort-et-tranchant\/#breadcrumb\",\"itemListElement\":[{\"@type\":\"ListItem\",\"position\":1,\"name\":\"Accueil\",\"item\":\"https:\/\/schroevendump.nl\/fr\/\"},{\"@type\":\"ListItem\",\"position\":2,\"name\":\"Boutique\",\"item\":\"https:\/\/schroevendump.nl\/fr\/boutique\/\"},{\"@type\":\"ListItem\",\"position\":3,\"name\":\"Stanley Spare Break-off Knife 18mm &#8211; 10 Pieces &#8211; Tremp\u00e9 par induction &#8211; Extra fort et tranchant\"}]},{\"@type\":\"WebSite\",\"@id\":\"https:\/\/schroevendump.nl\/fr\/#website\",\"url\":\"https:\/\/schroevendump.nl\/fr\/\",\"name\":\"Schroevendump\",\"description\":\"\",\"potentialAction\":[{\"@type\":\"SearchAction\",\"target\":{\"@type\":\"EntryPoint\",\"urlTemplate\":\"https:\/\/schroevendump.nl\/fr\/?s={search_term_string}\"},\"query-input\":{\"@type\":\"PropertyValueSpecification\",\"valueRequired\":true,\"valueName\":\"search_term_string\"}}],\"inLanguage\":\"fr-FR\"}]}<\/script>\n<!-- \/ Yoast SEO plugin. -->","yoast_head_json":{"title":"Stanley Spare Break-off Knife 18mm - 10 Pieces - Tremp\u00e9 par induction - Extra fort et tranchant - Schroevendump","robots":{"index":"index","follow":"follow","max-snippet":"max-snippet:-1","max-image-preview":"max-image-preview:large","max-video-preview":"max-video-preview:-1"},"canonical":"https:\/\/schroevendump.nl\/fr\/produit\/stanley-spare-break-off-knife-18mm-10-pieces-trempe-par-induction-extra-fort-et-tranchant\/","og_locale":"fr_FR","og_type":"article","og_title":"Stanley Spare Break-off Knife 18mm - 10 Pieces - Tremp\u00e9 par induction - Extra fort et tranchant - Schroevendump","og_description":"\ud83d\udd39 Caract\u00e9ristiques principales : \u2705 Tranchant tremp\u00e9 par induction: pour une dur\u00e9e de vie plus longue et un meilleur tranchant. Dimensions: 18 mm de large, 120 mm de long \u2705 Nombre de segments: 8 par lame \u2705 Emballage: 10 pi\u00e8ces Compatibilit\u00e9: Convient \u00e0 la plupart des couteaux \u00e0 tron\u00e7onner de 18 mm \u2705 Applications: Id\u00e9al [&hellip;]","og_url":"https:\/\/schroevendump.nl\/fr\/produit\/stanley-spare-break-off-knife-18mm-10-pieces-trempe-par-induction-extra-fort-et-tranchant\/","og_site_name":"Schroevendump","article_modified_time":"2025-12-10T11:33:23+00:00","og_image":[{"width":500,"height":500,"url":"https:\/\/schroevendump.nl\/wp-content\/uploads\/2025\/05\/2-11-718_1_1_-removebg-preview.png","type":"image\/png"}],"twitter_card":"summary_large_image","twitter_misc":{"Dur\u00e9e de lecture estim\u00e9e":"1 minute"},"schema":{"@context":"https:\/\/schema.org","@graph":[{"@type":"WebPage","@id":"https:\/\/schroevendump.nl\/fr\/produit\/stanley-spare-break-off-knife-18mm-10-pieces-trempe-par-induction-extra-fort-et-tranchant\/","url":"https:\/\/schroevendump.nl\/fr\/produit\/stanley-spare-break-off-knife-18mm-10-pieces-trempe-par-induction-extra-fort-et-tranchant\/","name":"Stanley Spare Break-off Knife 18mm - 10 Pieces - Tremp\u00e9 par induction - Extra fort et tranchant - Schroevendump","isPartOf":{"@id":"https:\/\/schroevendump.nl\/fr\/#website"},"primaryImageOfPage":{"@id":"https:\/\/schroevendump.nl\/fr\/produit\/stanley-spare-break-off-knife-18mm-10-pieces-trempe-par-induction-extra-fort-et-tranchant\/#primaryimage"},"image":{"@id":"https:\/\/schroevendump.nl\/fr\/produit\/stanley-spare-break-off-knife-18mm-10-pieces-trempe-par-induction-extra-fort-et-tranchant\/#primaryimage"},"thumbnailUrl":"https:\/\/schroevendump.nl\/wp-content\/uploads\/2025\/05\/2-11-718_1_1_-removebg-preview.png","datePublished":"2025-05-01T09:47:13+00:00","dateModified":"2025-12-10T11:33:23+00:00","breadcrumb":{"@id":"https:\/\/schroevendump.nl\/fr\/produit\/stanley-spare-break-off-knife-18mm-10-pieces-trempe-par-induction-extra-fort-et-tranchant\/#breadcrumb"},"inLanguage":"fr-FR","potentialAction":[{"@type":"ReadAction","target":["https:\/\/schroevendump.nl\/fr\/produit\/stanley-spare-break-off-knife-18mm-10-pieces-trempe-par-induction-extra-fort-et-tranchant\/"]}]},{"@type":"ImageObject","inLanguage":"fr-FR","@id":"https:\/\/schroevendump.nl\/fr\/produit\/stanley-spare-break-off-knife-18mm-10-pieces-trempe-par-induction-extra-fort-et-tranchant\/#primaryimage","url":"https:\/\/schroevendump.nl\/wp-content\/uploads\/2025\/05\/2-11-718_1_1_-removebg-preview.png","contentUrl":"https:\/\/schroevendump.nl\/wp-content\/uploads\/2025\/05\/2-11-718_1_1_-removebg-preview.png","width":500,"height":500},{"@type":"BreadcrumbList","@id":"https:\/\/schroevendump.nl\/fr\/produit\/stanley-spare-break-off-knife-18mm-10-pieces-trempe-par-induction-extra-fort-et-tranchant\/#breadcrumb","itemListElement":[{"@type":"ListItem","position":1,"name":"Accueil","item":"https:\/\/schroevendump.nl\/fr\/"},{"@type":"ListItem","position":2,"name":"Boutique","item":"https:\/\/schroevendump.nl\/fr\/boutique\/"},{"@type":"ListItem","position":3,"name":"Stanley Spare Break-off Knife 18mm &#8211; 10 Pieces &#8211; Tremp\u00e9 par induction &#8211; Extra fort et tranchant"}]},{"@type":"WebSite","@id":"https:\/\/schroevendump.nl\/fr\/#website","url":"https:\/\/schroevendump.nl\/fr\/","name":"Schroevendump","description":"","potentialAction":[{"@type":"SearchAction","target":{"@type":"EntryPoint","urlTemplate":"https:\/\/schroevendump.nl\/fr\/?s={search_term_string}"},"query-input":{"@type":"PropertyValueSpecification","valueRequired":true,"valueName":"search_term_string"}}],"inLanguage":"fr-FR"}]}},"_links":{"self":[{"href":"https:\/\/schroevendump.nl\/fr\/wp-json\/wp\/v2\/product\/27947","targetHints":{"allow":["GET"]}}],"collection":[{"href":"https:\/\/schroevendump.nl\/fr\/wp-json\/wp\/v2\/product"}],"about":[{"href":"https:\/\/schroevendump.nl\/fr\/wp-json\/wp\/v2\/types\/product"}],"replies":[{"embeddable":true,"href":"https:\/\/schroevendump.nl\/fr\/wp-json\/wp\/v2\/comments?post=27947"}],"wp:featuredmedia":[{"embeddable":true,"href":"https:\/\/schroevendump.nl\/fr\/wp-json\/wp\/v2\/media\/27949"}],"wp:attachment":[{"href":"https:\/\/schroevendump.nl\/fr\/wp-json\/wp\/v2\/media?parent=27947"}],"wp:term":[{"taxonomy":"product_brand","embeddable":true,"href":"https:\/\/schroevendump.nl\/fr\/wp-json\/wp\/v2\/product_brand?post=27947"},{"taxonomy":"product_cat","embeddable":true,"href":"https:\/\/schroevendump.nl\/fr\/wp-json\/wp\/v2\/product_cat?post=27947"},{"taxonomy":"product_tag","embeddable":true,"href":"https:\/\/schroevendump.nl\/fr\/wp-json\/wp\/v2\/product_tag?post=27947"}],"curies":[{"name":"wp","href":"https:\/\/api.w.org\/{rel}","templated":true}]}}