{"id":27962,"date":"2025-04-17T19:45:43","date_gmt":"2025-04-17T19:45:43","guid":{"rendered":"https:\/\/schroevendump.nl\/product\/stuclopertape-50mm-x-33m-bande-pvc-amovible-pour-la-protection-des-stucs-et-des-sols\/"},"modified":"2025-12-10T11:33:23","modified_gmt":"2025-12-10T11:33:23","slug":"stuclopertape-50mm-x-33m-bande-pvc-amovible-pour-la-protection-des-stucs-et-des-sols","status":"publish","type":"product","link":"https:\/\/schroevendump.nl\/fr\/produit\/stuclopertape-50mm-x-33m-bande-pvc-amovible-pour-la-protection-des-stucs-et-des-sols\/","title":{"rendered":"Stuclopertape 50mm x 33m &#8211; Bande PVC amovible &#8211; Pour la protection des stucs et des sols"},"content":{"rendered":"<h3 class=\"\" data-start=\"276\" data-end=\"333\">\ud83d\udd39 <strong data-start=\"283\" data-end=\"333\">Stuclopertape 50mm x 33m<\/strong><\/h3>\n<p class=\"\" data-start=\"335\" data-end=\"454\"><span class=\"relative -mx-px my-[-0.2rem] rounded px-px py-[0.2rem] transition-colors duration-100 ease-in-out\">Le <strong data-start=\"3\" data-end=\"31\">Stuclopertape 50mm x 33m<\/strong> est sp\u00e9cialement con\u00e7u pour la fixation s\u00fbre et efficace de stuclop sur diff\u00e9rents substrats pendant les travaux de construction, de peinture et de r\u00e9novation.<\/span> <span class=\"relative -mx-px my-[-0.2rem] rounded px-px py-[0.2rem] transition-colors duration-100 ease-in-out\">Ce ruban de haute qualit\u00e9 est fabriqu\u00e9 en PVC flexible et pourvu d&#8217;un adh\u00e9sif \u00e0 base de solvant de caoutchouc, offrant une excellente adh\u00e9rence sans laisser de r\u00e9sidus d&#8217;adh\u00e9sif lors de l&#8217;enl\u00e8vement.<\/span><\/p>\n<p class=\"\" data-start=\"335\" data-end=\"454\"><span class=\"relative -mx-px my-[-0.2rem] rounded px-px py-[0.2rem] transition-colors duration-100 ease-in-out\">Gr\u00e2ce \u00e0 son adh\u00e9rence &#8220;Low Tack&#8221;, le ruban est facile \u00e0 appliquer et \u00e0 retirer, m\u00eame sur des surfaces sensibles telles que le bois, le verre et les surfaces peintes.<\/span> <span class=\"relative -mx-px my-[-0.2rem] rounded px-px py-[0.2rem] transition-colors duration-100 ease-in-out\">Le ruban est imperm\u00e9able, r\u00e9sistant \u00e0 la d\u00e9chirure et convient aux applications int\u00e9rieures et ext\u00e9rieures.<\/span><\/p>\n<h3 class=\"\" data-start=\"633\" data-end=\"668\">\ud83d\udd39 <strong data-start=\"640\" data-end=\"668\">Caract\u00e9ristiques principales :<\/strong><\/h3>\n<ul data-start=\"670\" data-end=\"1078\">\n<li class=\"\" data-start=\"670\" data-end=\"729\">\n<p class=\"\" data-start=\"672\" data-end=\"729\"><strong data-start=\"674\" data-end=\"688\">Dimensions<\/strong>: <span class=\"relative -mx-px my-[-0.2rem] rounded px-px py-[0.2rem] transition-colors duration-100 ease-in-out\">70 cm de large x 60 m\u00e8tres de long<\/span><\/p>\n<\/li>\n<li class=\"\" data-start=\"730\" data-end=\"788\">\n<p class=\"\" data-start=\"732\" data-end=\"788\">\u2705 <strong data-start=\"734\" data-end=\"747\">Mat\u00e9riau<\/strong>: <span class=\"relative -mx-px my-[-0.2rem] rounded px-px py-[0.2rem] transition-colors duration-100 ease-in-out\">plastique solide et transparent<\/span><\/p>\n<\/li>\n<li class=\"\" data-start=\"789\" data-end=\"849\">\n<p class=\"\" data-start=\"791\" data-end=\"849\"><strong data-start=\"793\" data-end=\"808\">\u2705 Autocollant<\/strong>: <span class=\"relative -mx-px my-[-0.2rem] rounded px-px py-[0.2rem] transition-colors duration-100 ease-in-out\">couche adh\u00e9sive \u00e0 l&#8217;ext\u00e9rieur pour une application facile<\/span><\/p>\n<\/li>\n<li class=\"\" data-start=\"850\" data-end=\"909\">\n<p class=\"\" data-start=\"852\" data-end=\"909\">\u2705 S <strong data-start=\"854\" data-end=\"868\">ans r\u00e9sidu<\/strong>: <span class=\"relative -mx-px my-[-0.2rem] rounded px-px py-[0.2rem] transition-colors duration-100 ease-in-out\">ne laisse aucun r\u00e9sidu de colle lors de l&#8217;enl\u00e8vement<\/span><\/p>\n<\/li>\n<li class=\"\" data-start=\"910\" data-end=\"969\">\n<p class=\"\" data-start=\"912\" data-end=\"969\">\u2705 <strong data-start=\"914\" data-end=\"928\">Application<\/strong>: <span class=\"relative -mx-px my-[-0.2rem] rounded px-px py-[0.2rem] transition-colors duration-100 ease-in-out\">convient pour les moquettes, les tapis et les escaliers rembourr\u00e9s<\/span><\/p>\n<\/li>\n<li class=\"\" data-start=\"970\" data-end=\"1078\">\n<p class=\"\" data-start=\"972\" data-end=\"1078\">\u2705 <strong data-start=\"974\" data-end=\"991\">Facilit\u00e9 d&#8217;utilisation<\/strong>: <span class=\"relative -mx-px my-[-0.2rem] rounded px-px py-[0.2rem] transition-colors duration-100 ease-in-out\">installation rapide sans fixations suppl\u00e9mentaires<\/span><\/p>\n<\/li>\n<\/ul>\n<p class=\"\" data-start=\"335\" data-end=\"454\"><span class=\"relative -mx-px my-[-0.2rem] rounded px-px py-[0.2rem] transition-colors duration-100 ease-in-out\">Ce film de protection autocollant est un outil indispensable pour maintenir un rev\u00eatement de sol propre et intact lors de divers travaux.<\/span> <span class=\"relative -mx-px my-[-0.2rem] rounded px-px py-[0.2rem] transition-colors duration-100 ease-in-out\">Une solution pratique pour les professionnels et les bricoleurs.<\/span><\/p>\n","protected":false},"excerpt":{"rendered":"<p>\ud83d\udd39 Stuclopertape 50mm x 33m Le Stuclopertape 50mm x 33m est sp\u00e9cialement con\u00e7u pour la fixation s\u00fbre et efficace de stuclop sur diff\u00e9rents substrats pendant les travaux de construction, de peinture et de r\u00e9novation. Ce ruban de haute qualit\u00e9 est fabriqu\u00e9 en PVC flexible et pourvu d&#8217;un adh\u00e9sif \u00e0 base de solvant de caoutchouc, offrant [&hellip;]<\/p>\n","protected":false},"featured_media":18223,"comment_status":"open","ping_status":"closed","template":"","meta":[],"product_brand":[],"product_cat":[604],"product_tag":[],"class_list":{"0":"post-27962","1":"product","2":"type-product","3":"status-publish","4":"has-post-thumbnail","6":"product_cat-pneus-et-robinets","8":"first","9":"instock","10":"taxable","11":"shipping-taxable","12":"purchasable","13":"product-type-simple"},"supplier_id":null,"supplier_sku":"","barcode":null,"atum_controlled":true,"out_stock_date":null,"out_stock_threshold":null,"inheritable":false,"inbound_stock":0,"stock_on_hold":0,"sold_today":0,"sales_last_days":14,"reserved_stock":0,"customer_returns":0,"warehouse_damage":0,"lost_in_post":0,"other_logs":0,"out_stock_days":0,"lost_sales":0,"has_location":false,"update_date":"2026-05-16T08:47:02","atum_locations":[],"atum_stock_status":"instock","restock_status":false,"low_stock_amount":"","sales_update_date":"2026-05-16T08:47:02","calc_backorders":null,"acf":[],"yoast_head":"<!-- This site is optimized with the Yoast SEO plugin v26.6 - https:\/\/yoast.com\/wordpress\/plugins\/seo\/ -->\n<title>Stuclopertape 50mm x 33m - Bande PVC amovible - Pour la protection des stucs et des sols - Schroevendump<\/title>\n<meta name=\"robots\" content=\"index, follow, max-snippet:-1, max-image-preview:large, max-video-preview:-1\" \/>\n<link rel=\"canonical\" href=\"https:\/\/schroevendump.nl\/fr\/produit\/stuclopertape-50mm-x-33m-bande-pvc-amovible-pour-la-protection-des-stucs-et-des-sols\/\" \/>\n<meta property=\"og:locale\" content=\"fr_FR\" \/>\n<meta property=\"og:type\" content=\"article\" \/>\n<meta property=\"og:title\" content=\"Stuclopertape 50mm x 33m - Bande PVC amovible - Pour la protection des stucs et des sols - Schroevendump\" \/>\n<meta property=\"og:description\" content=\"\ud83d\udd39 Stuclopertape 50mm x 33m Le Stuclopertape 50mm x 33m est sp\u00e9cialement con\u00e7u pour la fixation s\u00fbre et efficace de stuclop sur diff\u00e9rents substrats pendant les travaux de construction, de peinture et de r\u00e9novation. Ce ruban de haute qualit\u00e9 est fabriqu\u00e9 en PVC flexible et pourvu d&#8217;un adh\u00e9sif \u00e0 base de solvant de caoutchouc, offrant [&hellip;]\" \/>\n<meta property=\"og:url\" content=\"https:\/\/schroevendump.nl\/fr\/produit\/stuclopertape-50mm-x-33m-bande-pvc-amovible-pour-la-protection-des-stucs-et-des-sols\/\" \/>\n<meta property=\"og:site_name\" content=\"Schroevendump\" \/>\n<meta property=\"article:modified_time\" content=\"2025-12-10T11:33:23+00:00\" \/>\n<meta property=\"og:image\" content=\"https:\/\/schroevendump.nl\/wp-content\/uploads\/2025\/04\/kelfort_stuclopertape-removebg-preview.png\" \/>\n\t<meta property=\"og:image:width\" content=\"499\" \/>\n\t<meta property=\"og:image:height\" content=\"499\" \/>\n\t<meta property=\"og:image:type\" content=\"image\/png\" \/>\n<meta name=\"twitter:card\" content=\"summary_large_image\" \/>\n<meta name=\"twitter:label1\" content=\"Dur\u00e9e de lecture estim\u00e9e\" \/>\n\t<meta name=\"twitter:data1\" content=\"1 minute\" \/>\n<script type=\"application\/ld+json\" class=\"yoast-schema-graph\">{\"@context\":\"https:\/\/schema.org\",\"@graph\":[{\"@type\":\"WebPage\",\"@id\":\"https:\/\/schroevendump.nl\/fr\/produit\/stuclopertape-50mm-x-33m-bande-pvc-amovible-pour-la-protection-des-stucs-et-des-sols\/\",\"url\":\"https:\/\/schroevendump.nl\/fr\/produit\/stuclopertape-50mm-x-33m-bande-pvc-amovible-pour-la-protection-des-stucs-et-des-sols\/\",\"name\":\"Stuclopertape 50mm x 33m - Bande PVC amovible - Pour la protection des stucs et des sols - Schroevendump\",\"isPartOf\":{\"@id\":\"https:\/\/schroevendump.nl\/fr\/#website\"},\"primaryImageOfPage\":{\"@id\":\"https:\/\/schroevendump.nl\/fr\/produit\/stuclopertape-50mm-x-33m-bande-pvc-amovible-pour-la-protection-des-stucs-et-des-sols\/#primaryimage\"},\"image\":{\"@id\":\"https:\/\/schroevendump.nl\/fr\/produit\/stuclopertape-50mm-x-33m-bande-pvc-amovible-pour-la-protection-des-stucs-et-des-sols\/#primaryimage\"},\"thumbnailUrl\":\"https:\/\/schroevendump.nl\/wp-content\/uploads\/2025\/04\/kelfort_stuclopertape-removebg-preview.png\",\"datePublished\":\"2025-04-17T19:45:43+00:00\",\"dateModified\":\"2025-12-10T11:33:23+00:00\",\"breadcrumb\":{\"@id\":\"https:\/\/schroevendump.nl\/fr\/produit\/stuclopertape-50mm-x-33m-bande-pvc-amovible-pour-la-protection-des-stucs-et-des-sols\/#breadcrumb\"},\"inLanguage\":\"fr-FR\",\"potentialAction\":[{\"@type\":\"ReadAction\",\"target\":[\"https:\/\/schroevendump.nl\/fr\/produit\/stuclopertape-50mm-x-33m-bande-pvc-amovible-pour-la-protection-des-stucs-et-des-sols\/\"]}]},{\"@type\":\"ImageObject\",\"inLanguage\":\"fr-FR\",\"@id\":\"https:\/\/schroevendump.nl\/fr\/produit\/stuclopertape-50mm-x-33m-bande-pvc-amovible-pour-la-protection-des-stucs-et-des-sols\/#primaryimage\",\"url\":\"https:\/\/schroevendump.nl\/wp-content\/uploads\/2025\/04\/kelfort_stuclopertape-removebg-preview.png\",\"contentUrl\":\"https:\/\/schroevendump.nl\/wp-content\/uploads\/2025\/04\/kelfort_stuclopertape-removebg-preview.png\",\"width\":499,\"height\":499},{\"@type\":\"BreadcrumbList\",\"@id\":\"https:\/\/schroevendump.nl\/fr\/produit\/stuclopertape-50mm-x-33m-bande-pvc-amovible-pour-la-protection-des-stucs-et-des-sols\/#breadcrumb\",\"itemListElement\":[{\"@type\":\"ListItem\",\"position\":1,\"name\":\"Accueil\",\"item\":\"https:\/\/schroevendump.nl\/fr\/\"},{\"@type\":\"ListItem\",\"position\":2,\"name\":\"Boutique\",\"item\":\"https:\/\/schroevendump.nl\/fr\/boutique\/\"},{\"@type\":\"ListItem\",\"position\":3,\"name\":\"Stuclopertape 50mm x 33m &#8211; Bande PVC amovible &#8211; Pour la protection des stucs et des sols\"}]},{\"@type\":\"WebSite\",\"@id\":\"https:\/\/schroevendump.nl\/fr\/#website\",\"url\":\"https:\/\/schroevendump.nl\/fr\/\",\"name\":\"Schroevendump\",\"description\":\"\",\"potentialAction\":[{\"@type\":\"SearchAction\",\"target\":{\"@type\":\"EntryPoint\",\"urlTemplate\":\"https:\/\/schroevendump.nl\/fr\/?s={search_term_string}\"},\"query-input\":{\"@type\":\"PropertyValueSpecification\",\"valueRequired\":true,\"valueName\":\"search_term_string\"}}],\"inLanguage\":\"fr-FR\"}]}<\/script>\n<!-- \/ Yoast SEO plugin. -->","yoast_head_json":{"title":"Stuclopertape 50mm x 33m - Bande PVC amovible - Pour la protection des stucs et des sols - Schroevendump","robots":{"index":"index","follow":"follow","max-snippet":"max-snippet:-1","max-image-preview":"max-image-preview:large","max-video-preview":"max-video-preview:-1"},"canonical":"https:\/\/schroevendump.nl\/fr\/produit\/stuclopertape-50mm-x-33m-bande-pvc-amovible-pour-la-protection-des-stucs-et-des-sols\/","og_locale":"fr_FR","og_type":"article","og_title":"Stuclopertape 50mm x 33m - Bande PVC amovible - Pour la protection des stucs et des sols - Schroevendump","og_description":"\ud83d\udd39 Stuclopertape 50mm x 33m Le Stuclopertape 50mm x 33m est sp\u00e9cialement con\u00e7u pour la fixation s\u00fbre et efficace de stuclop sur diff\u00e9rents substrats pendant les travaux de construction, de peinture et de r\u00e9novation. Ce ruban de haute qualit\u00e9 est fabriqu\u00e9 en PVC flexible et pourvu d&#8217;un adh\u00e9sif \u00e0 base de solvant de caoutchouc, offrant [&hellip;]","og_url":"https:\/\/schroevendump.nl\/fr\/produit\/stuclopertape-50mm-x-33m-bande-pvc-amovible-pour-la-protection-des-stucs-et-des-sols\/","og_site_name":"Schroevendump","article_modified_time":"2025-12-10T11:33:23+00:00","og_image":[{"width":499,"height":499,"url":"https:\/\/schroevendump.nl\/wp-content\/uploads\/2025\/04\/kelfort_stuclopertape-removebg-preview.png","type":"image\/png"}],"twitter_card":"summary_large_image","twitter_misc":{"Dur\u00e9e de lecture estim\u00e9e":"1 minute"},"schema":{"@context":"https:\/\/schema.org","@graph":[{"@type":"WebPage","@id":"https:\/\/schroevendump.nl\/fr\/produit\/stuclopertape-50mm-x-33m-bande-pvc-amovible-pour-la-protection-des-stucs-et-des-sols\/","url":"https:\/\/schroevendump.nl\/fr\/produit\/stuclopertape-50mm-x-33m-bande-pvc-amovible-pour-la-protection-des-stucs-et-des-sols\/","name":"Stuclopertape 50mm x 33m - Bande PVC amovible - Pour la protection des stucs et des sols - Schroevendump","isPartOf":{"@id":"https:\/\/schroevendump.nl\/fr\/#website"},"primaryImageOfPage":{"@id":"https:\/\/schroevendump.nl\/fr\/produit\/stuclopertape-50mm-x-33m-bande-pvc-amovible-pour-la-protection-des-stucs-et-des-sols\/#primaryimage"},"image":{"@id":"https:\/\/schroevendump.nl\/fr\/produit\/stuclopertape-50mm-x-33m-bande-pvc-amovible-pour-la-protection-des-stucs-et-des-sols\/#primaryimage"},"thumbnailUrl":"https:\/\/schroevendump.nl\/wp-content\/uploads\/2025\/04\/kelfort_stuclopertape-removebg-preview.png","datePublished":"2025-04-17T19:45:43+00:00","dateModified":"2025-12-10T11:33:23+00:00","breadcrumb":{"@id":"https:\/\/schroevendump.nl\/fr\/produit\/stuclopertape-50mm-x-33m-bande-pvc-amovible-pour-la-protection-des-stucs-et-des-sols\/#breadcrumb"},"inLanguage":"fr-FR","potentialAction":[{"@type":"ReadAction","target":["https:\/\/schroevendump.nl\/fr\/produit\/stuclopertape-50mm-x-33m-bande-pvc-amovible-pour-la-protection-des-stucs-et-des-sols\/"]}]},{"@type":"ImageObject","inLanguage":"fr-FR","@id":"https:\/\/schroevendump.nl\/fr\/produit\/stuclopertape-50mm-x-33m-bande-pvc-amovible-pour-la-protection-des-stucs-et-des-sols\/#primaryimage","url":"https:\/\/schroevendump.nl\/wp-content\/uploads\/2025\/04\/kelfort_stuclopertape-removebg-preview.png","contentUrl":"https:\/\/schroevendump.nl\/wp-content\/uploads\/2025\/04\/kelfort_stuclopertape-removebg-preview.png","width":499,"height":499},{"@type":"BreadcrumbList","@id":"https:\/\/schroevendump.nl\/fr\/produit\/stuclopertape-50mm-x-33m-bande-pvc-amovible-pour-la-protection-des-stucs-et-des-sols\/#breadcrumb","itemListElement":[{"@type":"ListItem","position":1,"name":"Accueil","item":"https:\/\/schroevendump.nl\/fr\/"},{"@type":"ListItem","position":2,"name":"Boutique","item":"https:\/\/schroevendump.nl\/fr\/boutique\/"},{"@type":"ListItem","position":3,"name":"Stuclopertape 50mm x 33m &#8211; Bande PVC amovible &#8211; Pour la protection des stucs et des sols"}]},{"@type":"WebSite","@id":"https:\/\/schroevendump.nl\/fr\/#website","url":"https:\/\/schroevendump.nl\/fr\/","name":"Schroevendump","description":"","potentialAction":[{"@type":"SearchAction","target":{"@type":"EntryPoint","urlTemplate":"https:\/\/schroevendump.nl\/fr\/?s={search_term_string}"},"query-input":{"@type":"PropertyValueSpecification","valueRequired":true,"valueName":"search_term_string"}}],"inLanguage":"fr-FR"}]}},"_links":{"self":[{"href":"https:\/\/schroevendump.nl\/fr\/wp-json\/wp\/v2\/product\/27962","targetHints":{"allow":["GET"]}}],"collection":[{"href":"https:\/\/schroevendump.nl\/fr\/wp-json\/wp\/v2\/product"}],"about":[{"href":"https:\/\/schroevendump.nl\/fr\/wp-json\/wp\/v2\/types\/product"}],"replies":[{"embeddable":true,"href":"https:\/\/schroevendump.nl\/fr\/wp-json\/wp\/v2\/comments?post=27962"}],"wp:featuredmedia":[{"embeddable":true,"href":"https:\/\/schroevendump.nl\/fr\/wp-json\/wp\/v2\/media\/18223"}],"wp:attachment":[{"href":"https:\/\/schroevendump.nl\/fr\/wp-json\/wp\/v2\/media?parent=27962"}],"wp:term":[{"taxonomy":"product_brand","embeddable":true,"href":"https:\/\/schroevendump.nl\/fr\/wp-json\/wp\/v2\/product_brand?post=27962"},{"taxonomy":"product_cat","embeddable":true,"href":"https:\/\/schroevendump.nl\/fr\/wp-json\/wp\/v2\/product_cat?post=27962"},{"taxonomy":"product_tag","embeddable":true,"href":"https:\/\/schroevendump.nl\/fr\/wp-json\/wp\/v2\/product_tag?post=27962"}],"curies":[{"name":"wp","href":"https:\/\/api.w.org\/{rel}","templated":true}]}}