{"id":27973,"date":"2025-04-17T19:01:30","date_gmt":"2025-04-17T19:01:30","guid":{"rendered":"https:\/\/schroevendump.nl\/product\/scie-a-main-combinee-3-pieces-550mm-350mm-scrub-saw-scies-a-bois-universelles-qualite-professionnelle\/"},"modified":"2025-12-10T11:33:30","modified_gmt":"2025-12-10T11:33:30","slug":"scie-a-main-combinee-3-pieces-550mm-350mm-scrub-saw-scies-a-bois-universelles-qualite-professionnelle","status":"publish","type":"product","link":"https:\/\/schroevendump.nl\/fr\/produit\/scie-a-main-combinee-3-pieces-550mm-350mm-scrub-saw-scies-a-bois-universelles-qualite-professionnelle\/","title":{"rendered":"Scie \u00e0 main combin\u00e9e 3 pi\u00e8ces &#8211; 550mm, 350mm &amp; Scrub Saw &#8211; Scies \u00e0 bois universelles &#8211; Qualit\u00e9 professionnelle"},"content":{"rendered":"<h3 class=\"\" data-start=\"243\" data-end=\"303\">\ud83d\udd39 <strong data-start=\"250\" data-end=\"303\">Description du produit &#8211; Scie \u00e0 main combin\u00e9e 3 pi\u00e8ces<\/strong><\/h3>\n<p class=\"\" data-start=\"305\" data-end=\"424\"><span class=\"relative -mx-px my-[-0.2rem] rounded px-px py-[0.2rem] transition-colors duration-100 ease-in-out\">La <strong data-start=\"3\" data-end=\"34\">scie \u00e0 main combin\u00e9e 3 pi\u00e8ces<\/strong> est un ensemble polyvalent indispensable pour les professionnels et les bricoleurs.<\/span> <span class=\"relative -mx-px my-[-0.2rem] rounded px-px py-[0.2rem] transition-colors duration-100 ease-in-out\">Cet ensemble comprend.<\/span><\/p>\n<ul data-start=\"426\" data-end=\"591\">\n<li class=\"\" data-start=\"426\" data-end=\"465\">\n<p class=\"\" data-start=\"428\" data-end=\"465\"><span class=\"relative -mx-px my-[-0.2rem] rounded px-px py-[0.2rem] transition-colors duration-100 ease-in-out\"><strong data-start=\"0\" data-end=\"35\" data-is-last-node=\"\" data-is-only-node=\"\">Scie \u00e0 main Prizecut NP 22 (550mm)<\/strong><\/span><\/p>\n<\/li>\n<li class=\"\" data-start=\"466\" data-end=\"505\">\n<p class=\"\" data-start=\"468\" data-end=\"505\"><span class=\"relative -mx-px my-[-0.2rem] rounded px-px py-[0.2rem] transition-colors duration-100 ease-in-out\"><strong data-start=\"0\" data-end=\"36\" data-is-last-node=\"\" data-is-only-node=\"\">Scie \u00e0 main Prizecut 300-14 (350mm)<\/strong><\/span><\/p>\n<\/li>\n<li class=\"\" data-start=\"506\" data-end=\"591\">\n<p class=\"\" data-start=\"508\" data-end=\"591\"><span class=\"relative -mx-px my-[-0.2rem] rounded px-px py-[0.2rem] transition-colors duration-100 ease-in-out\"><strong data-start=\"0\" data-end=\"18\" data-is-last-node=\"\" data-is-only-node=\"\">Scie de lavage NP1<\/strong><\/span><\/p>\n<\/li>\n<\/ul>\n<p class=\"\" data-start=\"593\" data-end=\"718\"><span class=\"relative -mx-px my-[-0.2rem] rounded px-px py-[0.2rem] transition-colors duration-100 ease-in-out\">Avec cette combinaison de scies, vous \u00eates pr\u00eat pour une grande vari\u00e9t\u00e9 de travaux de sciage, de l&#8217;\u00e9boutage des planches \u00e0 l&#8217;ex\u00e9cution de travaux de pr\u00e9cision dans les coins difficiles d&#8217;acc\u00e8s.<\/span> <span class=\"relative -mx-px my-[-0.2rem] rounded px-px py-[0.2rem] transition-colors duration-100 ease-in-out\">Les scies \u00e0 main sont dot\u00e9es de dents tremp\u00e9es pour un tranchant durable et de poign\u00e9es ergonomiques pour une utilisation confortable.<\/span><\/p>\n<h3 class=\"\" data-start=\"725\" data-end=\"760\">\ud83d\udd39 <strong data-start=\"732\" data-end=\"760\">Caract\u00e9ristiques principales :<\/strong><\/h3>\n<ul data-start=\"762\" data-end=\"1157\">\n<li class=\"\" data-start=\"762\" data-end=\"826\">\n<p class=\"\" data-start=\"764\" data-end=\"826\">\u2705 <strong data-start=\"766\" data-end=\"785\">Ensemble polyvalent<\/strong>: <span class=\"relative -mx-px my-[-0.2rem] rounded px-px py-[0.2rem] transition-colors duration-100 ease-in-out\">convient \u00e0 diverses applications de sciage<\/span><\/p>\n<\/li>\n<li class=\"\" data-start=\"827\" data-end=\"895\">\n<p class=\"\" data-start=\"829\" data-end=\"895\">\u2705 <strong data-start=\"831\" data-end=\"854\">Lames de scie durables<\/strong>: <span class=\"relative -mx-px my-[-0.2rem] rounded px-px py-[0.2rem] transition-colors duration-100 ease-in-out\">dents durcies pour un aff\u00fbtage durable<\/span><\/p>\n<\/li>\n<li class=\"\" data-start=\"896\" data-end=\"968\">\n<p class=\"\" data-start=\"898\" data-end=\"968\">\u2705 <strong data-start=\"900\" data-end=\"927\">Poign\u00e9es ergonomiques<\/strong>: <span class=\"relative -mx-px my-[-0.2rem] rounded px-px py-[0.2rem] transition-colors duration-100 ease-in-out\">pour une utilisation confortable et s\u00fbre<\/span><\/p>\n<\/li>\n<li class=\"\" data-start=\"969\" data-end=\"1041\">\n<p class=\"\" data-start=\"971\" data-end=\"1041\">\u2705 <strong data-start=\"973\" data-end=\"1000\">Qualit\u00e9 professionnelle<\/strong>: <span class=\"relative -mx-px my-[-0.2rem] rounded px-px py-[0.2rem] transition-colors duration-100 ease-in-out\">fiable pour une utilisation intensive<\/span><\/p>\n<\/li>\n<li class=\"\" data-start=\"1042\" data-end=\"1157\">\n<p class=\"\" data-start=\"1044\" data-end=\"1157\">\u2705 <strong data-start=\"1046\" data-end=\"1070\">Compact et portable<\/strong>: <span class=\"relative -mx-px my-[-0.2rem] rounded px-px py-[0.2rem] transition-colors duration-100 ease-in-out\">facile \u00e0 ranger et \u00e0 emporter avec vous<\/span><\/p>\n<\/li>\n<\/ul>\n<p>&nbsp;<\/p>\n<p><span class=\"relative -mx-px my-[-0.2rem] rounded px-px py-[0.2rem] transition-colors duration-100 ease-in-out\">Que vous travailliez sur un projet de construction, de fabrication de meubles ou de bricolage, cette <strong data-start=\"81\" data-end=\"112\">scie \u00e0 main combin\u00e9e 3 pi\u00e8ces<\/strong> offre la pr\u00e9cision et la fiabilit\u00e9 dont vous avez besoin.<\/span> <span class=\"relative -mx-px my-[-0.2rem] rounded px-px py-[0.2rem] transition-colors duration-100 ease-in-out\">Un compl\u00e9ment indispensable \u00e0 toute bo\u00eete \u00e0 outils !<\/span><\/p>\n<p class=\"\" data-start=\"593\" data-end=\"718\">\u200b<\/p>\n","protected":false},"excerpt":{"rendered":"<p>\ud83d\udd39 Description du produit &#8211; Scie \u00e0 main combin\u00e9e 3 pi\u00e8ces La scie \u00e0 main combin\u00e9e 3 pi\u00e8ces est un ensemble polyvalent indispensable pour les professionnels et les bricoleurs. Cet ensemble comprend. Scie \u00e0 main Prizecut NP 22 (550mm) Scie \u00e0 main Prizecut 300-14 (350mm) Scie de lavage NP1 Avec cette combinaison de scies, vous [&hellip;]<\/p>\n","protected":false},"featured_media":18212,"comment_status":"open","ping_status":"closed","template":"","meta":[],"product_brand":[],"product_cat":[590],"product_tag":[],"class_list":{"0":"post-27973","1":"product","2":"type-product","3":"status-publish","4":"has-post-thumbnail","6":"product_cat-outils-a-main","8":"first","9":"outofstock","10":"taxable","11":"shipping-taxable","12":"purchasable","13":"product-type-simple"},"supplier_id":null,"supplier_sku":"","barcode":null,"atum_controlled":true,"out_stock_date":null,"out_stock_threshold":null,"inheritable":false,"inbound_stock":0,"stock_on_hold":0,"sold_today":0,"sales_last_days":0,"reserved_stock":0,"customer_returns":0,"warehouse_damage":0,"lost_in_post":0,"other_logs":0,"out_stock_days":0,"lost_sales":0,"has_location":false,"update_date":"2026-04-29T01:05:34","atum_locations":[],"atum_stock_status":"outofstock","restock_status":false,"low_stock_amount":"","sales_update_date":"2026-04-29T01:05:34","calc_backorders":null,"acf":[],"yoast_head":"<!-- This site is optimized with the Yoast SEO plugin v26.6 - https:\/\/yoast.com\/wordpress\/plugins\/seo\/ -->\n<title>Scie \u00e0 main combin\u00e9e 3 pi\u00e8ces - 550mm, 350mm &amp; Scrub Saw - Scies \u00e0 bois universelles - Qualit\u00e9 professionnelle - Schroevendump<\/title>\n<meta name=\"robots\" content=\"index, follow, max-snippet:-1, max-image-preview:large, max-video-preview:-1\" \/>\n<link rel=\"canonical\" href=\"https:\/\/schroevendump.nl\/fr\/produit\/scie-a-main-combinee-3-pieces-550mm-350mm-scrub-saw-scies-a-bois-universelles-qualite-professionnelle\/\" \/>\n<meta property=\"og:locale\" content=\"fr_FR\" \/>\n<meta property=\"og:type\" content=\"article\" \/>\n<meta property=\"og:title\" content=\"Scie \u00e0 main combin\u00e9e 3 pi\u00e8ces - 550mm, 350mm &amp; Scrub Saw - Scies \u00e0 bois universelles - Qualit\u00e9 professionnelle - Schroevendump\" \/>\n<meta property=\"og:description\" content=\"\ud83d\udd39 Description du produit &#8211; Scie \u00e0 main combin\u00e9e 3 pi\u00e8ces La scie \u00e0 main combin\u00e9e 3 pi\u00e8ces est un ensemble polyvalent indispensable pour les professionnels et les bricoleurs. Cet ensemble comprend. Scie \u00e0 main Prizecut NP 22 (550mm) Scie \u00e0 main Prizecut 300-14 (350mm) Scie de lavage NP1 Avec cette combinaison de scies, vous [&hellip;]\" \/>\n<meta property=\"og:url\" content=\"https:\/\/schroevendump.nl\/fr\/produit\/scie-a-main-combinee-3-pieces-550mm-350mm-scrub-saw-scies-a-bois-universelles-qualite-professionnelle\/\" \/>\n<meta property=\"og:site_name\" content=\"Schroevendump\" \/>\n<meta property=\"article:modified_time\" content=\"2025-12-10T11:33:30+00:00\" \/>\n<meta property=\"og:image\" content=\"https:\/\/schroevendump.nl\/wp-content\/uploads\/2025\/04\/handzaag_baco-removebg-preview-1.png\" \/>\n\t<meta property=\"og:image:width\" content=\"500\" \/>\n\t<meta property=\"og:image:height\" content=\"500\" \/>\n\t<meta property=\"og:image:type\" content=\"image\/png\" \/>\n<meta name=\"twitter:card\" content=\"summary_large_image\" \/>\n<meta name=\"twitter:label1\" content=\"Dur\u00e9e de lecture estim\u00e9e\" \/>\n\t<meta name=\"twitter:data1\" content=\"1 minute\" \/>\n<script type=\"application\/ld+json\" class=\"yoast-schema-graph\">{\"@context\":\"https:\/\/schema.org\",\"@graph\":[{\"@type\":\"WebPage\",\"@id\":\"https:\/\/schroevendump.nl\/fr\/produit\/scie-a-main-combinee-3-pieces-550mm-350mm-scrub-saw-scies-a-bois-universelles-qualite-professionnelle\/\",\"url\":\"https:\/\/schroevendump.nl\/fr\/produit\/scie-a-main-combinee-3-pieces-550mm-350mm-scrub-saw-scies-a-bois-universelles-qualite-professionnelle\/\",\"name\":\"Scie \u00e0 main combin\u00e9e 3 pi\u00e8ces - 550mm, 350mm &amp; Scrub Saw - Scies \u00e0 bois universelles - Qualit\u00e9 professionnelle - Schroevendump\",\"isPartOf\":{\"@id\":\"https:\/\/schroevendump.nl\/fr\/#website\"},\"primaryImageOfPage\":{\"@id\":\"https:\/\/schroevendump.nl\/fr\/produit\/scie-a-main-combinee-3-pieces-550mm-350mm-scrub-saw-scies-a-bois-universelles-qualite-professionnelle\/#primaryimage\"},\"image\":{\"@id\":\"https:\/\/schroevendump.nl\/fr\/produit\/scie-a-main-combinee-3-pieces-550mm-350mm-scrub-saw-scies-a-bois-universelles-qualite-professionnelle\/#primaryimage\"},\"thumbnailUrl\":\"https:\/\/schroevendump.nl\/wp-content\/uploads\/2025\/04\/handzaag_baco-removebg-preview-1.png\",\"datePublished\":\"2025-04-17T19:01:30+00:00\",\"dateModified\":\"2025-12-10T11:33:30+00:00\",\"breadcrumb\":{\"@id\":\"https:\/\/schroevendump.nl\/fr\/produit\/scie-a-main-combinee-3-pieces-550mm-350mm-scrub-saw-scies-a-bois-universelles-qualite-professionnelle\/#breadcrumb\"},\"inLanguage\":\"fr-FR\",\"potentialAction\":[{\"@type\":\"ReadAction\",\"target\":[\"https:\/\/schroevendump.nl\/fr\/produit\/scie-a-main-combinee-3-pieces-550mm-350mm-scrub-saw-scies-a-bois-universelles-qualite-professionnelle\/\"]}]},{\"@type\":\"ImageObject\",\"inLanguage\":\"fr-FR\",\"@id\":\"https:\/\/schroevendump.nl\/fr\/produit\/scie-a-main-combinee-3-pieces-550mm-350mm-scrub-saw-scies-a-bois-universelles-qualite-professionnelle\/#primaryimage\",\"url\":\"https:\/\/schroevendump.nl\/wp-content\/uploads\/2025\/04\/handzaag_baco-removebg-preview-1.png\",\"contentUrl\":\"https:\/\/schroevendump.nl\/wp-content\/uploads\/2025\/04\/handzaag_baco-removebg-preview-1.png\",\"width\":500,\"height\":500},{\"@type\":\"BreadcrumbList\",\"@id\":\"https:\/\/schroevendump.nl\/fr\/produit\/scie-a-main-combinee-3-pieces-550mm-350mm-scrub-saw-scies-a-bois-universelles-qualite-professionnelle\/#breadcrumb\",\"itemListElement\":[{\"@type\":\"ListItem\",\"position\":1,\"name\":\"Accueil\",\"item\":\"https:\/\/schroevendump.nl\/fr\/\"},{\"@type\":\"ListItem\",\"position\":2,\"name\":\"Boutique\",\"item\":\"https:\/\/schroevendump.nl\/fr\/boutique\/\"},{\"@type\":\"ListItem\",\"position\":3,\"name\":\"Scie \u00e0 main combin\u00e9e 3 pi\u00e8ces &#8211; 550mm, 350mm &amp; Scrub Saw &#8211; Scies \u00e0 bois universelles &#8211; Qualit\u00e9 professionnelle\"}]},{\"@type\":\"WebSite\",\"@id\":\"https:\/\/schroevendump.nl\/fr\/#website\",\"url\":\"https:\/\/schroevendump.nl\/fr\/\",\"name\":\"Schroevendump\",\"description\":\"\",\"potentialAction\":[{\"@type\":\"SearchAction\",\"target\":{\"@type\":\"EntryPoint\",\"urlTemplate\":\"https:\/\/schroevendump.nl\/fr\/?s={search_term_string}\"},\"query-input\":{\"@type\":\"PropertyValueSpecification\",\"valueRequired\":true,\"valueName\":\"search_term_string\"}}],\"inLanguage\":\"fr-FR\"}]}<\/script>\n<!-- \/ Yoast SEO plugin. -->","yoast_head_json":{"title":"Scie \u00e0 main combin\u00e9e 3 pi\u00e8ces - 550mm, 350mm &amp; Scrub Saw - Scies \u00e0 bois universelles - Qualit\u00e9 professionnelle - Schroevendump","robots":{"index":"index","follow":"follow","max-snippet":"max-snippet:-1","max-image-preview":"max-image-preview:large","max-video-preview":"max-video-preview:-1"},"canonical":"https:\/\/schroevendump.nl\/fr\/produit\/scie-a-main-combinee-3-pieces-550mm-350mm-scrub-saw-scies-a-bois-universelles-qualite-professionnelle\/","og_locale":"fr_FR","og_type":"article","og_title":"Scie \u00e0 main combin\u00e9e 3 pi\u00e8ces - 550mm, 350mm &amp; Scrub Saw - Scies \u00e0 bois universelles - Qualit\u00e9 professionnelle - Schroevendump","og_description":"\ud83d\udd39 Description du produit &#8211; Scie \u00e0 main combin\u00e9e 3 pi\u00e8ces La scie \u00e0 main combin\u00e9e 3 pi\u00e8ces est un ensemble polyvalent indispensable pour les professionnels et les bricoleurs. Cet ensemble comprend. Scie \u00e0 main Prizecut NP 22 (550mm) Scie \u00e0 main Prizecut 300-14 (350mm) Scie de lavage NP1 Avec cette combinaison de scies, vous [&hellip;]","og_url":"https:\/\/schroevendump.nl\/fr\/produit\/scie-a-main-combinee-3-pieces-550mm-350mm-scrub-saw-scies-a-bois-universelles-qualite-professionnelle\/","og_site_name":"Schroevendump","article_modified_time":"2025-12-10T11:33:30+00:00","og_image":[{"width":500,"height":500,"url":"https:\/\/schroevendump.nl\/wp-content\/uploads\/2025\/04\/handzaag_baco-removebg-preview-1.png","type":"image\/png"}],"twitter_card":"summary_large_image","twitter_misc":{"Dur\u00e9e de lecture estim\u00e9e":"1 minute"},"schema":{"@context":"https:\/\/schema.org","@graph":[{"@type":"WebPage","@id":"https:\/\/schroevendump.nl\/fr\/produit\/scie-a-main-combinee-3-pieces-550mm-350mm-scrub-saw-scies-a-bois-universelles-qualite-professionnelle\/","url":"https:\/\/schroevendump.nl\/fr\/produit\/scie-a-main-combinee-3-pieces-550mm-350mm-scrub-saw-scies-a-bois-universelles-qualite-professionnelle\/","name":"Scie \u00e0 main combin\u00e9e 3 pi\u00e8ces - 550mm, 350mm &amp; Scrub Saw - Scies \u00e0 bois universelles - Qualit\u00e9 professionnelle - Schroevendump","isPartOf":{"@id":"https:\/\/schroevendump.nl\/fr\/#website"},"primaryImageOfPage":{"@id":"https:\/\/schroevendump.nl\/fr\/produit\/scie-a-main-combinee-3-pieces-550mm-350mm-scrub-saw-scies-a-bois-universelles-qualite-professionnelle\/#primaryimage"},"image":{"@id":"https:\/\/schroevendump.nl\/fr\/produit\/scie-a-main-combinee-3-pieces-550mm-350mm-scrub-saw-scies-a-bois-universelles-qualite-professionnelle\/#primaryimage"},"thumbnailUrl":"https:\/\/schroevendump.nl\/wp-content\/uploads\/2025\/04\/handzaag_baco-removebg-preview-1.png","datePublished":"2025-04-17T19:01:30+00:00","dateModified":"2025-12-10T11:33:30+00:00","breadcrumb":{"@id":"https:\/\/schroevendump.nl\/fr\/produit\/scie-a-main-combinee-3-pieces-550mm-350mm-scrub-saw-scies-a-bois-universelles-qualite-professionnelle\/#breadcrumb"},"inLanguage":"fr-FR","potentialAction":[{"@type":"ReadAction","target":["https:\/\/schroevendump.nl\/fr\/produit\/scie-a-main-combinee-3-pieces-550mm-350mm-scrub-saw-scies-a-bois-universelles-qualite-professionnelle\/"]}]},{"@type":"ImageObject","inLanguage":"fr-FR","@id":"https:\/\/schroevendump.nl\/fr\/produit\/scie-a-main-combinee-3-pieces-550mm-350mm-scrub-saw-scies-a-bois-universelles-qualite-professionnelle\/#primaryimage","url":"https:\/\/schroevendump.nl\/wp-content\/uploads\/2025\/04\/handzaag_baco-removebg-preview-1.png","contentUrl":"https:\/\/schroevendump.nl\/wp-content\/uploads\/2025\/04\/handzaag_baco-removebg-preview-1.png","width":500,"height":500},{"@type":"BreadcrumbList","@id":"https:\/\/schroevendump.nl\/fr\/produit\/scie-a-main-combinee-3-pieces-550mm-350mm-scrub-saw-scies-a-bois-universelles-qualite-professionnelle\/#breadcrumb","itemListElement":[{"@type":"ListItem","position":1,"name":"Accueil","item":"https:\/\/schroevendump.nl\/fr\/"},{"@type":"ListItem","position":2,"name":"Boutique","item":"https:\/\/schroevendump.nl\/fr\/boutique\/"},{"@type":"ListItem","position":3,"name":"Scie \u00e0 main combin\u00e9e 3 pi\u00e8ces &#8211; 550mm, 350mm &amp; Scrub Saw &#8211; Scies \u00e0 bois universelles &#8211; Qualit\u00e9 professionnelle"}]},{"@type":"WebSite","@id":"https:\/\/schroevendump.nl\/fr\/#website","url":"https:\/\/schroevendump.nl\/fr\/","name":"Schroevendump","description":"","potentialAction":[{"@type":"SearchAction","target":{"@type":"EntryPoint","urlTemplate":"https:\/\/schroevendump.nl\/fr\/?s={search_term_string}"},"query-input":{"@type":"PropertyValueSpecification","valueRequired":true,"valueName":"search_term_string"}}],"inLanguage":"fr-FR"}]}},"_links":{"self":[{"href":"https:\/\/schroevendump.nl\/fr\/wp-json\/wp\/v2\/product\/27973","targetHints":{"allow":["GET"]}}],"collection":[{"href":"https:\/\/schroevendump.nl\/fr\/wp-json\/wp\/v2\/product"}],"about":[{"href":"https:\/\/schroevendump.nl\/fr\/wp-json\/wp\/v2\/types\/product"}],"replies":[{"embeddable":true,"href":"https:\/\/schroevendump.nl\/fr\/wp-json\/wp\/v2\/comments?post=27973"}],"wp:featuredmedia":[{"embeddable":true,"href":"https:\/\/schroevendump.nl\/fr\/wp-json\/wp\/v2\/media\/18212"}],"wp:attachment":[{"href":"https:\/\/schroevendump.nl\/fr\/wp-json\/wp\/v2\/media?parent=27973"}],"wp:term":[{"taxonomy":"product_brand","embeddable":true,"href":"https:\/\/schroevendump.nl\/fr\/wp-json\/wp\/v2\/product_brand?post=27973"},{"taxonomy":"product_cat","embeddable":true,"href":"https:\/\/schroevendump.nl\/fr\/wp-json\/wp\/v2\/product_cat?post=27973"},{"taxonomy":"product_tag","embeddable":true,"href":"https:\/\/schroevendump.nl\/fr\/wp-json\/wp\/v2\/product_tag?post=27973"}],"curies":[{"name":"wp","href":"https:\/\/api.w.org\/{rel}","templated":true}]}}