{"id":27983,"date":"2025-04-17T18:47:30","date_gmt":"2025-04-17T18:47:30","guid":{"rendered":"https:\/\/schroevendump.nl\/product\/regle-pliante-1m-bois-4-pieces-qualite-de-construction-professionnelle-graduation-millimetrique\/"},"modified":"2025-12-10T11:33:32","modified_gmt":"2025-12-10T11:33:32","slug":"regle-pliante-1m-bois-4-pieces-qualite-de-construction-professionnelle-graduation-millimetrique","status":"publish","type":"product","link":"https:\/\/schroevendump.nl\/fr\/produit\/regle-pliante-1m-bois-4-pieces-qualite-de-construction-professionnelle-graduation-millimetrique\/","title":{"rendered":"R\u00e8gle pliante 1m Bois &#8211; 4 pi\u00e8ces &#8211; Qualit\u00e9 de construction professionnelle &#8211; Graduation millim\u00e9trique"},"content":{"rendered":"<h3 class=\"\" data-start=\"243\" data-end=\"306\"><strong data-start=\"250\" data-end=\"306\">Description du produit &#8211; R\u00e8gle pliante 1m Bois Ramin 4 pi\u00e8ces<\/strong><\/h3>\n<p class=\"\" data-start=\"308\" data-end=\"465\"><span class=\"relative -mx-px my-[-0.2rem] rounded px-px py-[0.2rem] transition-colors duration-100 ease-in-out\">Le <strong data-start=\"3\" data-end=\"37\">Petit b\u00e2ton 1m Bois Ramin 4 pi\u00e8ces<\/strong> est un outil de mesure indispensable pour les artisans et les bricoleurs.<\/span> <span class=\"relative -mx-px my-[-0.2rem] rounded px-px py-[0.2rem] transition-colors duration-100 ease-in-out\">Fabriqu\u00e9 en bois de Ramin de haute qualit\u00e9, ce m\u00e8tre pliant est r\u00e9put\u00e9 pour sa durabilit\u00e9 et sa pr\u00e9cision.<\/span> <span class=\"relative -mx-px my-[-0.2rem] rounded px-px py-[0.2rem] transition-colors duration-100 ease-in-out\">La graduation millim\u00e9trique claire et les charni\u00e8res en laiton robustes garantissent des mesures fiables \u00e0 chaque fois.<\/span><\/p>\n<p data-start=\"308\" data-end=\"465\"><span class=\"relative -mx-px my-[-0.2rem] rounded px-px py-[0.2rem] transition-colors duration-100 ease-in-out\">Gr\u00e2ce \u00e0 sa conception en 4 pi\u00e8ces, le m\u00e8tre pliant se replie de mani\u00e8re compacte, ce qui permet de le transporter facilement dans n&#8217;importe quelle bo\u00eete \u00e0 outils.<\/span> <span class=\"relative -mx-px my-[-0.2rem] rounded px-px py-[0.2rem] transition-colors duration-100 ease-in-out\">Que vous travailliez dans la construction, la menuiserie ou sur des projets de r\u00e9novation, cette r\u00e8gle pliante offre la pr\u00e9cision dont vous avez besoin.<\/span><\/p>\n<h3 class=\"\" data-start=\"595\" data-end=\"630\">\ud83d\udd39 <strong data-start=\"602\" data-end=\"630\">Caract\u00e9ristiques principales :<\/strong><\/h3>\n<ul data-start=\"632\" data-end=\"1029\">\n<li class=\"\" data-start=\"632\" data-end=\"708\">\n<p class=\"\" data-start=\"634\" data-end=\"708\">\u2705 <strong data-start=\"636\" data-end=\"667\">\u00c9chelle pr\u00e9cise<\/strong>: <span class=\"relative -mx-px my-[-0.2rem] rounded px-px py-[0.2rem] transition-colors duration-100 ease-in-out\">graduation en millim\u00e8tres pour des mesures pr\u00e9cises<\/span><\/p>\n<\/li>\n<li class=\"\" data-start=\"709\" data-end=\"779\">\n<p class=\"\" data-start=\"711\" data-end=\"779\">\u2705 <strong data-start=\"713\" data-end=\"738\">Mat\u00e9riau de haute qualit\u00e9<\/strong>: <span class=\"relative -mx-px my-[-0.2rem] rounded px-px py-[0.2rem] transition-colors duration-100 ease-in-out\">Fabriqu\u00e9 en bois Ramin durable<\/span><\/p>\n<\/li>\n<li class=\"\" data-start=\"780\" data-end=\"844\">\n<p class=\"\" data-start=\"782\" data-end=\"844\">\u2705 <strong data-start=\"784\" data-end=\"803\">Conception compacte<\/strong>: <span class=\"relative -mx-px my-[-0.2rem] rounded px-px py-[0.2rem] transition-colors duration-100 ease-in-out\">4 pi\u00e8ces et pliable pour un transport facile<\/span><\/p>\n<\/li>\n<li class=\"\" data-start=\"845\" data-end=\"913\">\n<p class=\"\" data-start=\"847\" data-end=\"913\"><strong data-start=\"849\" data-end=\"872\">\u2705 Construction robuste<\/strong>: <span class=\"relative -mx-px my-[-0.2rem] rounded px-px py-[0.2rem] transition-colors duration-100 ease-in-out\">charni\u00e8res en laiton pour une utilisation \u00e0 long terme<\/span><\/p>\n<\/li>\n<li class=\"\" data-start=\"914\" data-end=\"1029\">\n<p class=\"\" data-start=\"916\" data-end=\"1029\">\u2705 <strong data-start=\"918\" data-end=\"942\">Application polyvalente<\/strong>: <span class=\"relative -mx-px my-[-0.2rem] rounded px-px py-[0.2rem] transition-colors duration-100 ease-in-out\">Convient \u00e0 la construction, au travail du bois et \u00e0 diverses applications de mesure.<\/span><\/p>\n<\/li>\n<\/ul>\n<p>&nbsp;<\/p>\n<p>Choisissez le <strong data-start=\"13\" data-end=\"47\">b\u00e2ton pliant 1m Bois Ramin 4 pi\u00e8ces<\/strong> et d\u00e9couvrez la combinaison parfaite de qualit\u00e9, de fonctionnalit\u00e9 et de facilit\u00e9 d&#8217;utilisation pour tous vos travaux de mesure.<\/p>\n","protected":false},"excerpt":{"rendered":"<p>Description du produit &#8211; R\u00e8gle pliante 1m Bois Ramin 4 pi\u00e8ces Le Petit b\u00e2ton 1m Bois Ramin 4 pi\u00e8ces est un outil de mesure indispensable pour les artisans et les bricoleurs. Fabriqu\u00e9 en bois de Ramin de haute qualit\u00e9, ce m\u00e8tre pliant est r\u00e9put\u00e9 pour sa durabilit\u00e9 et sa pr\u00e9cision. La graduation millim\u00e9trique claire et [&hellip;]<\/p>\n","protected":false},"featured_media":27985,"comment_status":"closed","ping_status":"closed","template":"","meta":[],"product_brand":[],"product_cat":[590],"product_tag":[],"class_list":{"0":"post-27983","1":"product","2":"type-product","3":"status-publish","4":"has-post-thumbnail","6":"product_cat-outils-a-main","8":"first","9":"instock","10":"taxable","11":"shipping-taxable","12":"purchasable","13":"product-type-simple"},"supplier_id":null,"supplier_sku":"","barcode":null,"atum_controlled":true,"out_stock_date":null,"out_stock_threshold":null,"inheritable":false,"inbound_stock":0,"stock_on_hold":5,"sold_today":2,"sales_last_days":26,"reserved_stock":0,"customer_returns":0,"warehouse_damage":0,"lost_in_post":0,"other_logs":0,"out_stock_days":0,"lost_sales":0,"has_location":false,"update_date":"2026-04-27T10:20:01","atum_locations":[],"atum_stock_status":"instock","restock_status":false,"low_stock_amount":"","sales_update_date":"2026-04-27T10:20:00","calc_backorders":null,"acf":[],"yoast_head":"<!-- This site is optimized with the Yoast SEO plugin v26.6 - https:\/\/yoast.com\/wordpress\/plugins\/seo\/ -->\n<title>R\u00e8gle pliante 1m Bois - 4 pi\u00e8ces - Qualit\u00e9 de construction professionnelle - Graduation millim\u00e9trique - Schroevendump<\/title>\n<meta name=\"robots\" content=\"index, follow, max-snippet:-1, max-image-preview:large, max-video-preview:-1\" \/>\n<link rel=\"canonical\" href=\"https:\/\/schroevendump.nl\/fr\/produit\/regle-pliante-1m-bois-4-pieces-qualite-de-construction-professionnelle-graduation-millimetrique\/\" \/>\n<meta property=\"og:locale\" content=\"fr_FR\" \/>\n<meta property=\"og:type\" content=\"article\" \/>\n<meta property=\"og:title\" content=\"R\u00e8gle pliante 1m Bois - 4 pi\u00e8ces - Qualit\u00e9 de construction professionnelle - Graduation millim\u00e9trique - Schroevendump\" \/>\n<meta property=\"og:description\" content=\"Description du produit &#8211; R\u00e8gle pliante 1m Bois Ramin 4 pi\u00e8ces Le Petit b\u00e2ton 1m Bois Ramin 4 pi\u00e8ces est un outil de mesure indispensable pour les artisans et les bricoleurs. Fabriqu\u00e9 en bois de Ramin de haute qualit\u00e9, ce m\u00e8tre pliant est r\u00e9put\u00e9 pour sa durabilit\u00e9 et sa pr\u00e9cision. La graduation millim\u00e9trique claire et [&hellip;]\" \/>\n<meta property=\"og:url\" content=\"https:\/\/schroevendump.nl\/fr\/produit\/regle-pliante-1m-bois-4-pieces-qualite-de-construction-professionnelle-graduation-millimetrique\/\" \/>\n<meta property=\"og:site_name\" content=\"Schroevendump\" \/>\n<meta property=\"article:modified_time\" content=\"2025-12-10T11:33:32+00:00\" \/>\n<meta property=\"og:image\" content=\"https:\/\/schroevendump.nl\/wp-content\/uploads\/2025\/04\/duimstok_kelfort-removebg-preview.png\" \/>\n\t<meta property=\"og:image:width\" content=\"480\" \/>\n\t<meta property=\"og:image:height\" content=\"480\" \/>\n\t<meta property=\"og:image:type\" content=\"image\/png\" \/>\n<meta name=\"twitter:card\" content=\"summary_large_image\" \/>\n<meta name=\"twitter:label1\" content=\"Dur\u00e9e de lecture estim\u00e9e\" \/>\n\t<meta name=\"twitter:data1\" content=\"1 minute\" \/>\n<script type=\"application\/ld+json\" class=\"yoast-schema-graph\">{\"@context\":\"https:\/\/schema.org\",\"@graph\":[{\"@type\":\"WebPage\",\"@id\":\"https:\/\/schroevendump.nl\/fr\/produit\/regle-pliante-1m-bois-4-pieces-qualite-de-construction-professionnelle-graduation-millimetrique\/\",\"url\":\"https:\/\/schroevendump.nl\/fr\/produit\/regle-pliante-1m-bois-4-pieces-qualite-de-construction-professionnelle-graduation-millimetrique\/\",\"name\":\"R\u00e8gle pliante 1m Bois - 4 pi\u00e8ces - Qualit\u00e9 de construction professionnelle - Graduation millim\u00e9trique - Schroevendump\",\"isPartOf\":{\"@id\":\"https:\/\/schroevendump.nl\/fr\/#website\"},\"primaryImageOfPage\":{\"@id\":\"https:\/\/schroevendump.nl\/fr\/produit\/regle-pliante-1m-bois-4-pieces-qualite-de-construction-professionnelle-graduation-millimetrique\/#primaryimage\"},\"image\":{\"@id\":\"https:\/\/schroevendump.nl\/fr\/produit\/regle-pliante-1m-bois-4-pieces-qualite-de-construction-professionnelle-graduation-millimetrique\/#primaryimage\"},\"thumbnailUrl\":\"https:\/\/schroevendump.nl\/wp-content\/uploads\/2025\/04\/duimstok_kelfort-removebg-preview.png\",\"datePublished\":\"2025-04-17T18:47:30+00:00\",\"dateModified\":\"2025-12-10T11:33:32+00:00\",\"breadcrumb\":{\"@id\":\"https:\/\/schroevendump.nl\/fr\/produit\/regle-pliante-1m-bois-4-pieces-qualite-de-construction-professionnelle-graduation-millimetrique\/#breadcrumb\"},\"inLanguage\":\"fr-FR\",\"potentialAction\":[{\"@type\":\"ReadAction\",\"target\":[\"https:\/\/schroevendump.nl\/fr\/produit\/regle-pliante-1m-bois-4-pieces-qualite-de-construction-professionnelle-graduation-millimetrique\/\"]}]},{\"@type\":\"ImageObject\",\"inLanguage\":\"fr-FR\",\"@id\":\"https:\/\/schroevendump.nl\/fr\/produit\/regle-pliante-1m-bois-4-pieces-qualite-de-construction-professionnelle-graduation-millimetrique\/#primaryimage\",\"url\":\"https:\/\/schroevendump.nl\/wp-content\/uploads\/2025\/04\/duimstok_kelfort-removebg-preview.png\",\"contentUrl\":\"https:\/\/schroevendump.nl\/wp-content\/uploads\/2025\/04\/duimstok_kelfort-removebg-preview.png\",\"width\":480,\"height\":480},{\"@type\":\"BreadcrumbList\",\"@id\":\"https:\/\/schroevendump.nl\/fr\/produit\/regle-pliante-1m-bois-4-pieces-qualite-de-construction-professionnelle-graduation-millimetrique\/#breadcrumb\",\"itemListElement\":[{\"@type\":\"ListItem\",\"position\":1,\"name\":\"Accueil\",\"item\":\"https:\/\/schroevendump.nl\/fr\/\"},{\"@type\":\"ListItem\",\"position\":2,\"name\":\"Boutique\",\"item\":\"https:\/\/schroevendump.nl\/fr\/boutique\/\"},{\"@type\":\"ListItem\",\"position\":3,\"name\":\"R\u00e8gle pliante 1m Bois &#8211; 4 pi\u00e8ces &#8211; Qualit\u00e9 de construction professionnelle &#8211; Graduation millim\u00e9trique\"}]},{\"@type\":\"WebSite\",\"@id\":\"https:\/\/schroevendump.nl\/fr\/#website\",\"url\":\"https:\/\/schroevendump.nl\/fr\/\",\"name\":\"Schroevendump\",\"description\":\"\",\"potentialAction\":[{\"@type\":\"SearchAction\",\"target\":{\"@type\":\"EntryPoint\",\"urlTemplate\":\"https:\/\/schroevendump.nl\/fr\/?s={search_term_string}\"},\"query-input\":{\"@type\":\"PropertyValueSpecification\",\"valueRequired\":true,\"valueName\":\"search_term_string\"}}],\"inLanguage\":\"fr-FR\"}]}<\/script>\n<!-- \/ Yoast SEO plugin. -->","yoast_head_json":{"title":"R\u00e8gle pliante 1m Bois - 4 pi\u00e8ces - Qualit\u00e9 de construction professionnelle - Graduation millim\u00e9trique - Schroevendump","robots":{"index":"index","follow":"follow","max-snippet":"max-snippet:-1","max-image-preview":"max-image-preview:large","max-video-preview":"max-video-preview:-1"},"canonical":"https:\/\/schroevendump.nl\/fr\/produit\/regle-pliante-1m-bois-4-pieces-qualite-de-construction-professionnelle-graduation-millimetrique\/","og_locale":"fr_FR","og_type":"article","og_title":"R\u00e8gle pliante 1m Bois - 4 pi\u00e8ces - Qualit\u00e9 de construction professionnelle - Graduation millim\u00e9trique - Schroevendump","og_description":"Description du produit &#8211; R\u00e8gle pliante 1m Bois Ramin 4 pi\u00e8ces Le Petit b\u00e2ton 1m Bois Ramin 4 pi\u00e8ces est un outil de mesure indispensable pour les artisans et les bricoleurs. Fabriqu\u00e9 en bois de Ramin de haute qualit\u00e9, ce m\u00e8tre pliant est r\u00e9put\u00e9 pour sa durabilit\u00e9 et sa pr\u00e9cision. La graduation millim\u00e9trique claire et [&hellip;]","og_url":"https:\/\/schroevendump.nl\/fr\/produit\/regle-pliante-1m-bois-4-pieces-qualite-de-construction-professionnelle-graduation-millimetrique\/","og_site_name":"Schroevendump","article_modified_time":"2025-12-10T11:33:32+00:00","og_image":[{"width":480,"height":480,"url":"https:\/\/schroevendump.nl\/wp-content\/uploads\/2025\/04\/duimstok_kelfort-removebg-preview.png","type":"image\/png"}],"twitter_card":"summary_large_image","twitter_misc":{"Dur\u00e9e de lecture estim\u00e9e":"1 minute"},"schema":{"@context":"https:\/\/schema.org","@graph":[{"@type":"WebPage","@id":"https:\/\/schroevendump.nl\/fr\/produit\/regle-pliante-1m-bois-4-pieces-qualite-de-construction-professionnelle-graduation-millimetrique\/","url":"https:\/\/schroevendump.nl\/fr\/produit\/regle-pliante-1m-bois-4-pieces-qualite-de-construction-professionnelle-graduation-millimetrique\/","name":"R\u00e8gle pliante 1m Bois - 4 pi\u00e8ces - Qualit\u00e9 de construction professionnelle - Graduation millim\u00e9trique - Schroevendump","isPartOf":{"@id":"https:\/\/schroevendump.nl\/fr\/#website"},"primaryImageOfPage":{"@id":"https:\/\/schroevendump.nl\/fr\/produit\/regle-pliante-1m-bois-4-pieces-qualite-de-construction-professionnelle-graduation-millimetrique\/#primaryimage"},"image":{"@id":"https:\/\/schroevendump.nl\/fr\/produit\/regle-pliante-1m-bois-4-pieces-qualite-de-construction-professionnelle-graduation-millimetrique\/#primaryimage"},"thumbnailUrl":"https:\/\/schroevendump.nl\/wp-content\/uploads\/2025\/04\/duimstok_kelfort-removebg-preview.png","datePublished":"2025-04-17T18:47:30+00:00","dateModified":"2025-12-10T11:33:32+00:00","breadcrumb":{"@id":"https:\/\/schroevendump.nl\/fr\/produit\/regle-pliante-1m-bois-4-pieces-qualite-de-construction-professionnelle-graduation-millimetrique\/#breadcrumb"},"inLanguage":"fr-FR","potentialAction":[{"@type":"ReadAction","target":["https:\/\/schroevendump.nl\/fr\/produit\/regle-pliante-1m-bois-4-pieces-qualite-de-construction-professionnelle-graduation-millimetrique\/"]}]},{"@type":"ImageObject","inLanguage":"fr-FR","@id":"https:\/\/schroevendump.nl\/fr\/produit\/regle-pliante-1m-bois-4-pieces-qualite-de-construction-professionnelle-graduation-millimetrique\/#primaryimage","url":"https:\/\/schroevendump.nl\/wp-content\/uploads\/2025\/04\/duimstok_kelfort-removebg-preview.png","contentUrl":"https:\/\/schroevendump.nl\/wp-content\/uploads\/2025\/04\/duimstok_kelfort-removebg-preview.png","width":480,"height":480},{"@type":"BreadcrumbList","@id":"https:\/\/schroevendump.nl\/fr\/produit\/regle-pliante-1m-bois-4-pieces-qualite-de-construction-professionnelle-graduation-millimetrique\/#breadcrumb","itemListElement":[{"@type":"ListItem","position":1,"name":"Accueil","item":"https:\/\/schroevendump.nl\/fr\/"},{"@type":"ListItem","position":2,"name":"Boutique","item":"https:\/\/schroevendump.nl\/fr\/boutique\/"},{"@type":"ListItem","position":3,"name":"R\u00e8gle pliante 1m Bois &#8211; 4 pi\u00e8ces &#8211; Qualit\u00e9 de construction professionnelle &#8211; Graduation millim\u00e9trique"}]},{"@type":"WebSite","@id":"https:\/\/schroevendump.nl\/fr\/#website","url":"https:\/\/schroevendump.nl\/fr\/","name":"Schroevendump","description":"","potentialAction":[{"@type":"SearchAction","target":{"@type":"EntryPoint","urlTemplate":"https:\/\/schroevendump.nl\/fr\/?s={search_term_string}"},"query-input":{"@type":"PropertyValueSpecification","valueRequired":true,"valueName":"search_term_string"}}],"inLanguage":"fr-FR"}]}},"_links":{"self":[{"href":"https:\/\/schroevendump.nl\/fr\/wp-json\/wp\/v2\/product\/27983","targetHints":{"allow":["GET"]}}],"collection":[{"href":"https:\/\/schroevendump.nl\/fr\/wp-json\/wp\/v2\/product"}],"about":[{"href":"https:\/\/schroevendump.nl\/fr\/wp-json\/wp\/v2\/types\/product"}],"replies":[{"embeddable":true,"href":"https:\/\/schroevendump.nl\/fr\/wp-json\/wp\/v2\/comments?post=27983"}],"wp:featuredmedia":[{"embeddable":true,"href":"https:\/\/schroevendump.nl\/fr\/wp-json\/wp\/v2\/media\/27985"}],"wp:attachment":[{"href":"https:\/\/schroevendump.nl\/fr\/wp-json\/wp\/v2\/media?parent=27983"}],"wp:term":[{"taxonomy":"product_brand","embeddable":true,"href":"https:\/\/schroevendump.nl\/fr\/wp-json\/wp\/v2\/product_brand?post=27983"},{"taxonomy":"product_cat","embeddable":true,"href":"https:\/\/schroevendump.nl\/fr\/wp-json\/wp\/v2\/product_cat?post=27983"},{"taxonomy":"product_tag","embeddable":true,"href":"https:\/\/schroevendump.nl\/fr\/wp-json\/wp\/v2\/product_tag?post=27983"}],"curies":[{"name":"wp","href":"https:\/\/api.w.org\/{rel}","templated":true}]}}