{"id":27989,"date":"2025-04-17T17:12:52","date_gmt":"2025-04-17T17:12:52","guid":{"rendered":"https:\/\/schroevendump.nl\/product\/3m-peltor-optime-i-h510a-capuchon-auditif-snr-27-db-protection-auditive-legere\/"},"modified":"2025-12-10T11:32:40","modified_gmt":"2025-12-10T11:32:40","slug":"3m-peltor-optime-i-h510a-capuchon-auditif-snr-27-db-protection-auditive-legere","status":"publish","type":"product","link":"https:\/\/schroevendump.nl\/fr\/produit\/3m-peltor-optime-i-h510a-capuchon-auditif-snr-27-db-protection-auditive-legere\/","title":{"rendered":"3M Peltor Optime I H510A Capuchon auditif &#8211; SNR 27 dB &#8211; Protection auditive l\u00e9g\u00e8re"},"content":{"rendered":"<p><span class=\"relative -mx-px my-[-0.2rem] rounded px-px py-[0.2rem] transition-colors duration-100 ease-in-out\">Le <strong data-start=\"3\" data-end=\"31\">3M Peltor Optime I H510A<\/strong> offre une protection auditive fiable dans un design l\u00e9ger et confortable.<\/span> <span class=\"relative -mx-px my-[-0.2rem] rounded px-px py-[0.2rem] transition-colors duration-100 ease-in-out\">Avec un <strong data-start=\"8\" data-end=\"32\">indice SNR de 27 dB<\/strong>, ce casque antibruit est id\u00e9al pour les environnements \u00e0 niveau de bruit mod\u00e9r\u00e9, tels que les ateliers, les imprimeries et l&#8217;industrie m\u00e9tallurgique.<\/span> <span class=\"relative -mx-px my-[-0.2rem] rounded px-px py-[0.2rem] transition-colors duration-100 ease-in-out\">Les coussins souples et larges r\u00e9duisent la pression autour des oreilles, tandis que les oreillettes spacieuses minimisent l&#8217;accumulation de chaleur et d&#8217;humidit\u00e9, garantissant un confort de port durable.<\/span><\/p>\n<ul>\n<li class=\"\" data-start=\"152\" data-end=\"210\">\n<p class=\"\" data-start=\"154\" data-end=\"210\">\u2705 <strong data-start=\"156\" data-end=\"178\">Att\u00e9nuation effective<\/strong>: SNR 27 dB (H=32, M=25, L=15)<\/p>\n<\/li>\n<li class=\"\" data-start=\"211\" data-end=\"259\">\n<p class=\"\" data-start=\"213\" data-end=\"259\">\u2705 <strong data-start=\"215\" data-end=\"239\">Conception l\u00e9g\u00e8re<\/strong>: seulement 180 grammes<\/p>\n<\/li>\n<li class=\"\" data-start=\"260\" data-end=\"338\">\n<p class=\"\" data-start=\"262\" data-end=\"338\">\u2705 <strong data-start=\"264\" data-end=\"288\">Confortable<\/strong>: coussins souples et larges et bandeau r\u00e9glable<\/p>\n<\/li>\n<li class=\"\" data-start=\"339\" data-end=\"402\">\n<p class=\"\" data-start=\"341\" data-end=\"402\">\u2705 <strong data-start=\"343\" data-end=\"364\">Oreillettes spacieuses<\/strong>: r\u00e9duisent l&#8217;accumulation de chaleur et d&#8217;humidit\u00e9<\/p>\n<\/li>\n<li class=\"\" data-start=\"403\" data-end=\"468\">\n<p class=\"\" data-start=\"405\" data-end=\"468\">\u2705 <strong data-start=\"407\" data-end=\"438\">Compatible avec d&#8217;autres EPI<\/strong>: gr\u00e2ce au profil mince<\/p>\n<\/li>\n<li class=\"\" data-start=\"469\" data-end=\"537\">\n<p class=\"\" data-start=\"471\" data-end=\"537\">\u2705 <strong data-start=\"473\" data-end=\"512\">Coussins et inserts rempla\u00e7ables<\/strong>: pour une hygi\u00e8ne optimale<\/p>\n<\/li>\n<li data-start=\"540\" data-end=\"592\">\u2705 <strong data-start=\"542\" data-end=\"563\">Certifi\u00e9 CE<\/strong>: conforme \u00e0 la norme EN 352-1:2020<\/li>\n<\/ul>\n<p>&nbsp;<\/p>\n<h3 class=\"\" data-start=\"918\" data-end=\"949\">\ud83d\udd39 <strong data-start=\"925\" data-end=\"949\">Domaines d&#8217;application :<\/strong><\/h3>\n<ul data-start=\"951\" data-end=\"1164\">\n<li class=\"\" data-start=\"951\" data-end=\"992\">\n<p class=\"\" data-start=\"953\" data-end=\"992\"><span class=\"relative -mx-px my-[-0.2rem] rounded px-px py-[0.2rem] transition-colors duration-100 ease-in-out\">Ateliers et industrie l\u00e9g\u00e8re<\/span><\/p>\n<\/li>\n<li class=\"\" data-start=\"993\" data-end=\"1034\">\n<p class=\"\" data-start=\"995\" data-end=\"1034\"><span class=\"relative -mx-px my-[-0.2rem] rounded px-px py-[0.2rem] transition-colors duration-100 ease-in-out\">Impression et traitement des m\u00e9taux<\/span><\/p>\n<\/li>\n<li class=\"\" data-start=\"1035\" data-end=\"1076\">\n<p class=\"\" data-start=\"1037\" data-end=\"1076\"><span class=\"relative -mx-px my-[-0.2rem] rounded px-px py-[0.2rem] transition-colors duration-100 ease-in-out\">Travail du bois et menuiserie<\/span><\/p>\n<\/li>\n<li class=\"\" data-start=\"1077\" data-end=\"1164\">\n<p class=\"\" data-start=\"1079\" data-end=\"1164\"><span class=\"relative -mx-px my-[-0.2rem] rounded px-px py-[0.2rem] transition-colors duration-100 ease-in-out\">Jardinage et utilisation d&#8217;outils \u00e9lectriques<\/span><\/p>\n<\/li>\n<\/ul>\n","protected":false},"excerpt":{"rendered":"<p>Le 3M Peltor Optime I H510A offre une protection auditive fiable dans un design l\u00e9ger et confortable. Avec un indice SNR de 27 dB, ce casque antibruit est id\u00e9al pour les environnements \u00e0 niveau de bruit mod\u00e9r\u00e9, tels que les ateliers, les imprimeries et l&#8217;industrie m\u00e9tallurgique. Les coussins souples et larges r\u00e9duisent la pression autour [&hellip;]<\/p>\n","protected":false},"featured_media":18195,"comment_status":"open","ping_status":"closed","template":"","meta":[],"product_brand":[],"product_cat":[590],"product_tag":[],"class_list":{"0":"post-27989","1":"product","2":"type-product","3":"status-publish","4":"has-post-thumbnail","6":"product_cat-outils-a-main","8":"first","9":"instock","10":"taxable","11":"shipping-taxable","12":"purchasable","13":"product-type-simple"},"supplier_id":null,"supplier_sku":"","barcode":null,"atum_controlled":true,"out_stock_date":null,"out_stock_threshold":null,"inheritable":false,"inbound_stock":0,"stock_on_hold":0,"sold_today":0,"sales_last_days":0,"reserved_stock":0,"customer_returns":0,"warehouse_damage":0,"lost_in_post":0,"other_logs":0,"out_stock_days":0,"lost_sales":0,"has_location":false,"update_date":"2026-04-18T01:00:56","atum_locations":[],"atum_stock_status":"instock","restock_status":false,"low_stock_amount":"","sales_update_date":"2026-04-18T01:00:56","calc_backorders":null,"acf":[],"yoast_head":"<!-- This site is optimized with the Yoast SEO plugin v26.6 - https:\/\/yoast.com\/wordpress\/plugins\/seo\/ -->\n<title>3M Peltor Optime I H510A Capuchon auditif - SNR 27 dB - Protection auditive l\u00e9g\u00e8re - Schroevendump<\/title>\n<meta name=\"robots\" content=\"index, follow, max-snippet:-1, max-image-preview:large, max-video-preview:-1\" \/>\n<link rel=\"canonical\" href=\"https:\/\/schroevendump.nl\/fr\/produit\/3m-peltor-optime-i-h510a-capuchon-auditif-snr-27-db-protection-auditive-legere\/\" \/>\n<meta property=\"og:locale\" content=\"fr_FR\" \/>\n<meta property=\"og:type\" content=\"article\" \/>\n<meta property=\"og:title\" content=\"3M Peltor Optime I H510A Capuchon auditif - SNR 27 dB - Protection auditive l\u00e9g\u00e8re - Schroevendump\" \/>\n<meta property=\"og:description\" content=\"Le 3M Peltor Optime I H510A offre une protection auditive fiable dans un design l\u00e9ger et confortable. Avec un indice SNR de 27 dB, ce casque antibruit est id\u00e9al pour les environnements \u00e0 niveau de bruit mod\u00e9r\u00e9, tels que les ateliers, les imprimeries et l&#8217;industrie m\u00e9tallurgique. Les coussins souples et larges r\u00e9duisent la pression autour [&hellip;]\" \/>\n<meta property=\"og:url\" content=\"https:\/\/schroevendump.nl\/fr\/produit\/3m-peltor-optime-i-h510a-capuchon-auditif-snr-27-db-protection-auditive-legere\/\" \/>\n<meta property=\"og:site_name\" content=\"Schroevendump\" \/>\n<meta property=\"article:modified_time\" content=\"2025-12-10T11:32:40+00:00\" \/>\n<meta property=\"og:image\" content=\"https:\/\/schroevendump.nl\/wp-content\/uploads\/2025\/04\/239525-gehoorbescherming-300x300-removebg-preview.png\" \/>\n\t<meta property=\"og:image:width\" content=\"300\" \/>\n\t<meta property=\"og:image:height\" content=\"300\" \/>\n\t<meta property=\"og:image:type\" content=\"image\/png\" \/>\n<meta name=\"twitter:card\" content=\"summary_large_image\" \/>\n<meta name=\"twitter:label1\" content=\"Dur\u00e9e de lecture estim\u00e9e\" \/>\n\t<meta name=\"twitter:data1\" content=\"1 minute\" \/>\n<script type=\"application\/ld+json\" class=\"yoast-schema-graph\">{\"@context\":\"https:\/\/schema.org\",\"@graph\":[{\"@type\":\"WebPage\",\"@id\":\"https:\/\/schroevendump.nl\/fr\/produit\/3m-peltor-optime-i-h510a-capuchon-auditif-snr-27-db-protection-auditive-legere\/\",\"url\":\"https:\/\/schroevendump.nl\/fr\/produit\/3m-peltor-optime-i-h510a-capuchon-auditif-snr-27-db-protection-auditive-legere\/\",\"name\":\"3M Peltor Optime I H510A Capuchon auditif - SNR 27 dB - Protection auditive l\u00e9g\u00e8re - Schroevendump\",\"isPartOf\":{\"@id\":\"https:\/\/schroevendump.nl\/fr\/#website\"},\"primaryImageOfPage\":{\"@id\":\"https:\/\/schroevendump.nl\/fr\/produit\/3m-peltor-optime-i-h510a-capuchon-auditif-snr-27-db-protection-auditive-legere\/#primaryimage\"},\"image\":{\"@id\":\"https:\/\/schroevendump.nl\/fr\/produit\/3m-peltor-optime-i-h510a-capuchon-auditif-snr-27-db-protection-auditive-legere\/#primaryimage\"},\"thumbnailUrl\":\"https:\/\/schroevendump.nl\/wp-content\/uploads\/2025\/04\/239525-gehoorbescherming-300x300-removebg-preview.png\",\"datePublished\":\"2025-04-17T17:12:52+00:00\",\"dateModified\":\"2025-12-10T11:32:40+00:00\",\"breadcrumb\":{\"@id\":\"https:\/\/schroevendump.nl\/fr\/produit\/3m-peltor-optime-i-h510a-capuchon-auditif-snr-27-db-protection-auditive-legere\/#breadcrumb\"},\"inLanguage\":\"fr-FR\",\"potentialAction\":[{\"@type\":\"ReadAction\",\"target\":[\"https:\/\/schroevendump.nl\/fr\/produit\/3m-peltor-optime-i-h510a-capuchon-auditif-snr-27-db-protection-auditive-legere\/\"]}]},{\"@type\":\"ImageObject\",\"inLanguage\":\"fr-FR\",\"@id\":\"https:\/\/schroevendump.nl\/fr\/produit\/3m-peltor-optime-i-h510a-capuchon-auditif-snr-27-db-protection-auditive-legere\/#primaryimage\",\"url\":\"https:\/\/schroevendump.nl\/wp-content\/uploads\/2025\/04\/239525-gehoorbescherming-300x300-removebg-preview.png\",\"contentUrl\":\"https:\/\/schroevendump.nl\/wp-content\/uploads\/2025\/04\/239525-gehoorbescherming-300x300-removebg-preview.png\",\"width\":300,\"height\":300},{\"@type\":\"BreadcrumbList\",\"@id\":\"https:\/\/schroevendump.nl\/fr\/produit\/3m-peltor-optime-i-h510a-capuchon-auditif-snr-27-db-protection-auditive-legere\/#breadcrumb\",\"itemListElement\":[{\"@type\":\"ListItem\",\"position\":1,\"name\":\"Accueil\",\"item\":\"https:\/\/schroevendump.nl\/fr\/\"},{\"@type\":\"ListItem\",\"position\":2,\"name\":\"Boutique\",\"item\":\"https:\/\/schroevendump.nl\/fr\/boutique\/\"},{\"@type\":\"ListItem\",\"position\":3,\"name\":\"3M Peltor Optime I H510A Capuchon auditif &#8211; SNR 27 dB &#8211; Protection auditive l\u00e9g\u00e8re\"}]},{\"@type\":\"WebSite\",\"@id\":\"https:\/\/schroevendump.nl\/fr\/#website\",\"url\":\"https:\/\/schroevendump.nl\/fr\/\",\"name\":\"Schroevendump\",\"description\":\"\",\"potentialAction\":[{\"@type\":\"SearchAction\",\"target\":{\"@type\":\"EntryPoint\",\"urlTemplate\":\"https:\/\/schroevendump.nl\/fr\/?s={search_term_string}\"},\"query-input\":{\"@type\":\"PropertyValueSpecification\",\"valueRequired\":true,\"valueName\":\"search_term_string\"}}],\"inLanguage\":\"fr-FR\"}]}<\/script>\n<!-- \/ Yoast SEO plugin. -->","yoast_head_json":{"title":"3M Peltor Optime I H510A Capuchon auditif - SNR 27 dB - Protection auditive l\u00e9g\u00e8re - Schroevendump","robots":{"index":"index","follow":"follow","max-snippet":"max-snippet:-1","max-image-preview":"max-image-preview:large","max-video-preview":"max-video-preview:-1"},"canonical":"https:\/\/schroevendump.nl\/fr\/produit\/3m-peltor-optime-i-h510a-capuchon-auditif-snr-27-db-protection-auditive-legere\/","og_locale":"fr_FR","og_type":"article","og_title":"3M Peltor Optime I H510A Capuchon auditif - SNR 27 dB - Protection auditive l\u00e9g\u00e8re - Schroevendump","og_description":"Le 3M Peltor Optime I H510A offre une protection auditive fiable dans un design l\u00e9ger et confortable. Avec un indice SNR de 27 dB, ce casque antibruit est id\u00e9al pour les environnements \u00e0 niveau de bruit mod\u00e9r\u00e9, tels que les ateliers, les imprimeries et l&#8217;industrie m\u00e9tallurgique. Les coussins souples et larges r\u00e9duisent la pression autour [&hellip;]","og_url":"https:\/\/schroevendump.nl\/fr\/produit\/3m-peltor-optime-i-h510a-capuchon-auditif-snr-27-db-protection-auditive-legere\/","og_site_name":"Schroevendump","article_modified_time":"2025-12-10T11:32:40+00:00","og_image":[{"width":300,"height":300,"url":"https:\/\/schroevendump.nl\/wp-content\/uploads\/2025\/04\/239525-gehoorbescherming-300x300-removebg-preview.png","type":"image\/png"}],"twitter_card":"summary_large_image","twitter_misc":{"Dur\u00e9e de lecture estim\u00e9e":"1 minute"},"schema":{"@context":"https:\/\/schema.org","@graph":[{"@type":"WebPage","@id":"https:\/\/schroevendump.nl\/fr\/produit\/3m-peltor-optime-i-h510a-capuchon-auditif-snr-27-db-protection-auditive-legere\/","url":"https:\/\/schroevendump.nl\/fr\/produit\/3m-peltor-optime-i-h510a-capuchon-auditif-snr-27-db-protection-auditive-legere\/","name":"3M Peltor Optime I H510A Capuchon auditif - SNR 27 dB - Protection auditive l\u00e9g\u00e8re - Schroevendump","isPartOf":{"@id":"https:\/\/schroevendump.nl\/fr\/#website"},"primaryImageOfPage":{"@id":"https:\/\/schroevendump.nl\/fr\/produit\/3m-peltor-optime-i-h510a-capuchon-auditif-snr-27-db-protection-auditive-legere\/#primaryimage"},"image":{"@id":"https:\/\/schroevendump.nl\/fr\/produit\/3m-peltor-optime-i-h510a-capuchon-auditif-snr-27-db-protection-auditive-legere\/#primaryimage"},"thumbnailUrl":"https:\/\/schroevendump.nl\/wp-content\/uploads\/2025\/04\/239525-gehoorbescherming-300x300-removebg-preview.png","datePublished":"2025-04-17T17:12:52+00:00","dateModified":"2025-12-10T11:32:40+00:00","breadcrumb":{"@id":"https:\/\/schroevendump.nl\/fr\/produit\/3m-peltor-optime-i-h510a-capuchon-auditif-snr-27-db-protection-auditive-legere\/#breadcrumb"},"inLanguage":"fr-FR","potentialAction":[{"@type":"ReadAction","target":["https:\/\/schroevendump.nl\/fr\/produit\/3m-peltor-optime-i-h510a-capuchon-auditif-snr-27-db-protection-auditive-legere\/"]}]},{"@type":"ImageObject","inLanguage":"fr-FR","@id":"https:\/\/schroevendump.nl\/fr\/produit\/3m-peltor-optime-i-h510a-capuchon-auditif-snr-27-db-protection-auditive-legere\/#primaryimage","url":"https:\/\/schroevendump.nl\/wp-content\/uploads\/2025\/04\/239525-gehoorbescherming-300x300-removebg-preview.png","contentUrl":"https:\/\/schroevendump.nl\/wp-content\/uploads\/2025\/04\/239525-gehoorbescherming-300x300-removebg-preview.png","width":300,"height":300},{"@type":"BreadcrumbList","@id":"https:\/\/schroevendump.nl\/fr\/produit\/3m-peltor-optime-i-h510a-capuchon-auditif-snr-27-db-protection-auditive-legere\/#breadcrumb","itemListElement":[{"@type":"ListItem","position":1,"name":"Accueil","item":"https:\/\/schroevendump.nl\/fr\/"},{"@type":"ListItem","position":2,"name":"Boutique","item":"https:\/\/schroevendump.nl\/fr\/boutique\/"},{"@type":"ListItem","position":3,"name":"3M Peltor Optime I H510A Capuchon auditif &#8211; SNR 27 dB &#8211; Protection auditive l\u00e9g\u00e8re"}]},{"@type":"WebSite","@id":"https:\/\/schroevendump.nl\/fr\/#website","url":"https:\/\/schroevendump.nl\/fr\/","name":"Schroevendump","description":"","potentialAction":[{"@type":"SearchAction","target":{"@type":"EntryPoint","urlTemplate":"https:\/\/schroevendump.nl\/fr\/?s={search_term_string}"},"query-input":{"@type":"PropertyValueSpecification","valueRequired":true,"valueName":"search_term_string"}}],"inLanguage":"fr-FR"}]}},"_links":{"self":[{"href":"https:\/\/schroevendump.nl\/fr\/wp-json\/wp\/v2\/product\/27989","targetHints":{"allow":["GET"]}}],"collection":[{"href":"https:\/\/schroevendump.nl\/fr\/wp-json\/wp\/v2\/product"}],"about":[{"href":"https:\/\/schroevendump.nl\/fr\/wp-json\/wp\/v2\/types\/product"}],"replies":[{"embeddable":true,"href":"https:\/\/schroevendump.nl\/fr\/wp-json\/wp\/v2\/comments?post=27989"}],"wp:featuredmedia":[{"embeddable":true,"href":"https:\/\/schroevendump.nl\/fr\/wp-json\/wp\/v2\/media\/18195"}],"wp:attachment":[{"href":"https:\/\/schroevendump.nl\/fr\/wp-json\/wp\/v2\/media?parent=27989"}],"wp:term":[{"taxonomy":"product_brand","embeddable":true,"href":"https:\/\/schroevendump.nl\/fr\/wp-json\/wp\/v2\/product_brand?post=27989"},{"taxonomy":"product_cat","embeddable":true,"href":"https:\/\/schroevendump.nl\/fr\/wp-json\/wp\/v2\/product_cat?post=27989"},{"taxonomy":"product_tag","embeddable":true,"href":"https:\/\/schroevendump.nl\/fr\/wp-json\/wp\/v2\/product_tag?post=27989"}],"curies":[{"name":"wp","href":"https:\/\/api.w.org\/{rel}","templated":true}]}}