{"id":27995,"date":"2025-04-17T18:40:18","date_gmt":"2025-04-17T18:40:18","guid":{"rendered":"https:\/\/schroevendump.nl\/product\/regle-pliante-professionnelle-en-plastique-1-metre\/"},"modified":"2025-12-10T11:33:30","modified_gmt":"2025-12-10T11:33:30","slug":"regle-pliante-professionnelle-en-plastique-1-metre","status":"publish","type":"product","link":"https:\/\/schroevendump.nl\/fr\/produit\/regle-pliante-professionnelle-en-plastique-1-metre\/","title":{"rendered":"R\u00e8gle pliante professionnelle en plastique &#8211; 1 m\u00e8tre"},"content":{"rendered":"<h3 class=\"\" data-start=\"276\" data-end=\"345\">\ud83d\udd39<strong data-start=\"283\" data-end=\"345\"> R\u00e8gle pliante avec t\u00eate en plastique blanc 1 m\u00e8tre<\/strong><\/h3>\n<p class=\"\" data-start=\"347\" data-end=\"504\"><span class=\"relative -mx-px my-[-0.2rem] rounded px-px py-[0.2rem] transition-colors duration-100 ease-in-out\">Le <strong data-start=\"3\" data-end=\"43\">m\u00e8tre pliant avec t\u00eate en plastique blanc 1 m\u00e8tre<\/strong> est un outil de mesure essentiel pour les professionnels et les bricoleurs.<\/span> <span class=\"relative -mx-px my-[-0.2rem] rounded px-px py-[0.2rem] transition-colors duration-100 ease-in-out\">Fabriqu\u00e9e en plastique durable, cette r\u00e8gle pliante offre un moyen fiable et pr\u00e9cis de prendre des mesures jusqu&#8217;\u00e0 un m\u00e8tre.<\/span> <span class=\"relative -mx-px my-[-0.2rem] rounded px-px py-[0.2rem] transition-colors duration-100 ease-in-out\">La couleur blanche et l&#8217;impression noire claire garantissent une excellente lisibilit\u00e9, m\u00eame dans des conditions de faible luminosit\u00e9.<\/span><\/p>\n<p data-start=\"347\" data-end=\"504\"><span class=\"relative -mx-px my-[-0.2rem] rounded px-px py-[0.2rem] transition-colors duration-100 ease-in-out\">Gr\u00e2ce \u00e0 sa conception pliable, le m\u00e8tre pliant est compact et facile \u00e0 transporter, ce qui le rend id\u00e9al pour une utilisation sur site ou en atelier.<\/span> <span class=\"relative -mx-px my-[-0.2rem] rounded px-px py-[0.2rem] transition-colors duration-100 ease-in-out\">Les charni\u00e8res robustes garantissent un mouvement fluide et une durabilit\u00e9 \u00e0 long terme.<\/span><\/p>\n<h3 class=\"\" data-start=\"636\" data-end=\"671\">\ud83d\udd39 <strong data-start=\"643\" data-end=\"671\">Caract\u00e9ristiques principales :<\/strong><\/h3>\n<ul data-start=\"673\" data-end=\"1070\">\n<li class=\"\" data-start=\"673\" data-end=\"748\">\n<p class=\"\" data-start=\"675\" data-end=\"748\">\u2705 <strong data-start=\"677\" data-end=\"707\">\u00c9chelle claire<\/strong>: <span class=\"relative -mx-px my-[-0.2rem] rounded px-px py-[0.2rem] transition-colors duration-100 ease-in-out\">graduations en millim\u00e8tres et centim\u00e8tres pour des mesures pr\u00e9cises<\/span><\/p>\n<\/li>\n<li class=\"\" data-start=\"749\" data-end=\"816\">\n<p class=\"\" data-start=\"751\" data-end=\"816\">\u2705 <strong data-start=\"753\" data-end=\"775\">Mat\u00e9riau durable<\/strong>: <span class=\"relative -mx-px my-[-0.2rem] rounded px-px py-[0.2rem] transition-colors duration-100 ease-in-out\">Fabriqu\u00e9 en plastique de haute qualit\u00e9 pour une utilisation \u00e0 long terme<\/span><\/p>\n<\/li>\n<li class=\"\" data-start=\"817\" data-end=\"886\">\n<p class=\"\" data-start=\"819\" data-end=\"886\">\u2705 <strong data-start=\"821\" data-end=\"845\">Compact et portable<\/strong>: <span class=\"relative -mx-px my-[-0.2rem] rounded px-px py-[0.2rem] transition-colors duration-100 ease-in-out\">Conception pliable pour un transport facile<\/span><\/p>\n<\/li>\n<li class=\"\" data-start=\"887\" data-end=\"954\">\n<p class=\"\" data-start=\"889\" data-end=\"954\">\u2705 <strong data-start=\"891\" data-end=\"913\">Bonne lisibilit\u00e9<\/strong>: <span class=\"relative -mx-px my-[-0.2rem] rounded px-px py-[0.2rem] transition-colors duration-100 ease-in-out\">fond blanc et chiffres noirs pour un contraste optimal<\/span><\/p>\n<\/li>\n<li class=\"\" data-start=\"955\" data-end=\"1070\">\n<p class=\"\" data-start=\"957\" data-end=\"1070\">\u2705 <strong data-start=\"959\" data-end=\"983\">Une application polyvalente<\/strong>: <span class=\"relative -mx-px my-[-0.2rem] rounded px-px py-[0.2rem] transition-colors duration-100 ease-in-out\">Convient \u00e0 diverses applications de mesure dans la construction, le travail du bois et plus encore.<\/span><\/p>\n<\/li>\n<\/ul>\n<p><span class=\"relative -mx-px my-[-0.2rem] rounded px-px py-[0.2rem] transition-colors duration-100 ease-in-out\">Que vous fassiez de la menuiserie, des installations ou des travaux g\u00e9n\u00e9raux, ce m\u00e8tre pliant offre la pr\u00e9cision et la fiabilit\u00e9 dont vous avez besoin.<\/span> <span class=\"relative -mx-px my-[-0.2rem] rounded px-px py-[0.2rem] transition-colors duration-100 ease-in-out\">Un outil indispensable \u00e0 toute bo\u00eete \u00e0 outils !<\/span><\/p>\n","protected":false},"excerpt":{"rendered":"<p>\ud83d\udd39 R\u00e8gle pliante avec t\u00eate en plastique blanc 1 m\u00e8tre Le m\u00e8tre pliant avec t\u00eate en plastique blanc 1 m\u00e8tre est un outil de mesure essentiel pour les professionnels et les bricoleurs. Fabriqu\u00e9e en plastique durable, cette r\u00e8gle pliante offre un moyen fiable et pr\u00e9cis de prendre des mesures jusqu&#8217;\u00e0 un m\u00e8tre. La couleur blanche [&hellip;]<\/p>\n","protected":false},"featured_media":27998,"comment_status":"closed","ping_status":"closed","template":"","meta":[],"product_brand":[],"product_cat":[590],"product_tag":[],"class_list":{"0":"post-27995","1":"product","2":"type-product","3":"status-publish","4":"has-post-thumbnail","6":"product_cat-outils-a-main","8":"first","9":"instock","10":"taxable","11":"shipping-taxable","12":"purchasable","13":"product-type-simple"},"supplier_id":null,"supplier_sku":"","barcode":null,"atum_controlled":true,"out_stock_date":null,"out_stock_threshold":null,"inheritable":false,"inbound_stock":0,"stock_on_hold":0,"sold_today":0,"sales_last_days":0,"reserved_stock":0,"customer_returns":0,"warehouse_damage":0,"lost_in_post":0,"other_logs":0,"out_stock_days":0,"lost_sales":0,"has_location":false,"update_date":"2026-04-18T01:03:53","atum_locations":[],"atum_stock_status":"instock","restock_status":false,"low_stock_amount":"","sales_update_date":"2026-04-18T01:03:53","calc_backorders":null,"acf":[],"yoast_head":"<!-- This site is optimized with the Yoast SEO plugin v26.6 - https:\/\/yoast.com\/wordpress\/plugins\/seo\/ -->\n<title>R\u00e8gle pliante professionnelle en plastique - 1 m\u00e8tre - Schroevendump<\/title>\n<meta name=\"robots\" content=\"index, follow, max-snippet:-1, max-image-preview:large, max-video-preview:-1\" \/>\n<link rel=\"canonical\" href=\"https:\/\/schroevendump.nl\/fr\/produit\/regle-pliante-professionnelle-en-plastique-1-metre\/\" \/>\n<meta property=\"og:locale\" content=\"fr_FR\" \/>\n<meta property=\"og:type\" content=\"article\" \/>\n<meta property=\"og:title\" content=\"R\u00e8gle pliante professionnelle en plastique - 1 m\u00e8tre - Schroevendump\" \/>\n<meta property=\"og:description\" content=\"\ud83d\udd39 R\u00e8gle pliante avec t\u00eate en plastique blanc 1 m\u00e8tre Le m\u00e8tre pliant avec t\u00eate en plastique blanc 1 m\u00e8tre est un outil de mesure essentiel pour les professionnels et les bricoleurs. Fabriqu\u00e9e en plastique durable, cette r\u00e8gle pliante offre un moyen fiable et pr\u00e9cis de prendre des mesures jusqu&#8217;\u00e0 un m\u00e8tre. La couleur blanche [&hellip;]\" \/>\n<meta property=\"og:url\" content=\"https:\/\/schroevendump.nl\/fr\/produit\/regle-pliante-professionnelle-en-plastique-1-metre\/\" \/>\n<meta property=\"og:site_name\" content=\"Schroevendump\" \/>\n<meta property=\"article:modified_time\" content=\"2025-12-10T11:33:30+00:00\" \/>\n<meta property=\"og:image\" content=\"https:\/\/schroevendump.nl\/wp-content\/uploads\/2025\/04\/190140-duimstok-300x300-removebg-preview-1.png\" \/>\n\t<meta property=\"og:image:width\" content=\"300\" \/>\n\t<meta property=\"og:image:height\" content=\"300\" \/>\n\t<meta property=\"og:image:type\" content=\"image\/png\" \/>\n<meta name=\"twitter:card\" content=\"summary_large_image\" \/>\n<meta name=\"twitter:label1\" content=\"Dur\u00e9e de lecture estim\u00e9e\" \/>\n\t<meta name=\"twitter:data1\" content=\"1 minute\" \/>\n<script type=\"application\/ld+json\" class=\"yoast-schema-graph\">{\"@context\":\"https:\/\/schema.org\",\"@graph\":[{\"@type\":\"WebPage\",\"@id\":\"https:\/\/schroevendump.nl\/fr\/produit\/regle-pliante-professionnelle-en-plastique-1-metre\/\",\"url\":\"https:\/\/schroevendump.nl\/fr\/produit\/regle-pliante-professionnelle-en-plastique-1-metre\/\",\"name\":\"R\u00e8gle pliante professionnelle en plastique - 1 m\u00e8tre - Schroevendump\",\"isPartOf\":{\"@id\":\"https:\/\/schroevendump.nl\/fr\/#website\"},\"primaryImageOfPage\":{\"@id\":\"https:\/\/schroevendump.nl\/fr\/produit\/regle-pliante-professionnelle-en-plastique-1-metre\/#primaryimage\"},\"image\":{\"@id\":\"https:\/\/schroevendump.nl\/fr\/produit\/regle-pliante-professionnelle-en-plastique-1-metre\/#primaryimage\"},\"thumbnailUrl\":\"https:\/\/schroevendump.nl\/wp-content\/uploads\/2025\/04\/190140-duimstok-300x300-removebg-preview-1.png\",\"datePublished\":\"2025-04-17T18:40:18+00:00\",\"dateModified\":\"2025-12-10T11:33:30+00:00\",\"breadcrumb\":{\"@id\":\"https:\/\/schroevendump.nl\/fr\/produit\/regle-pliante-professionnelle-en-plastique-1-metre\/#breadcrumb\"},\"inLanguage\":\"fr-FR\",\"potentialAction\":[{\"@type\":\"ReadAction\",\"target\":[\"https:\/\/schroevendump.nl\/fr\/produit\/regle-pliante-professionnelle-en-plastique-1-metre\/\"]}]},{\"@type\":\"ImageObject\",\"inLanguage\":\"fr-FR\",\"@id\":\"https:\/\/schroevendump.nl\/fr\/produit\/regle-pliante-professionnelle-en-plastique-1-metre\/#primaryimage\",\"url\":\"https:\/\/schroevendump.nl\/wp-content\/uploads\/2025\/04\/190140-duimstok-300x300-removebg-preview-1.png\",\"contentUrl\":\"https:\/\/schroevendump.nl\/wp-content\/uploads\/2025\/04\/190140-duimstok-300x300-removebg-preview-1.png\",\"width\":300,\"height\":300},{\"@type\":\"BreadcrumbList\",\"@id\":\"https:\/\/schroevendump.nl\/fr\/produit\/regle-pliante-professionnelle-en-plastique-1-metre\/#breadcrumb\",\"itemListElement\":[{\"@type\":\"ListItem\",\"position\":1,\"name\":\"Accueil\",\"item\":\"https:\/\/schroevendump.nl\/fr\/\"},{\"@type\":\"ListItem\",\"position\":2,\"name\":\"Boutique\",\"item\":\"https:\/\/schroevendump.nl\/fr\/boutique\/\"},{\"@type\":\"ListItem\",\"position\":3,\"name\":\"R\u00e8gle pliante professionnelle en plastique &#8211; 1 m\u00e8tre\"}]},{\"@type\":\"WebSite\",\"@id\":\"https:\/\/schroevendump.nl\/fr\/#website\",\"url\":\"https:\/\/schroevendump.nl\/fr\/\",\"name\":\"Schroevendump\",\"description\":\"\",\"potentialAction\":[{\"@type\":\"SearchAction\",\"target\":{\"@type\":\"EntryPoint\",\"urlTemplate\":\"https:\/\/schroevendump.nl\/fr\/?s={search_term_string}\"},\"query-input\":{\"@type\":\"PropertyValueSpecification\",\"valueRequired\":true,\"valueName\":\"search_term_string\"}}],\"inLanguage\":\"fr-FR\"}]}<\/script>\n<!-- \/ Yoast SEO plugin. -->","yoast_head_json":{"title":"R\u00e8gle pliante professionnelle en plastique - 1 m\u00e8tre - Schroevendump","robots":{"index":"index","follow":"follow","max-snippet":"max-snippet:-1","max-image-preview":"max-image-preview:large","max-video-preview":"max-video-preview:-1"},"canonical":"https:\/\/schroevendump.nl\/fr\/produit\/regle-pliante-professionnelle-en-plastique-1-metre\/","og_locale":"fr_FR","og_type":"article","og_title":"R\u00e8gle pliante professionnelle en plastique - 1 m\u00e8tre - Schroevendump","og_description":"\ud83d\udd39 R\u00e8gle pliante avec t\u00eate en plastique blanc 1 m\u00e8tre Le m\u00e8tre pliant avec t\u00eate en plastique blanc 1 m\u00e8tre est un outil de mesure essentiel pour les professionnels et les bricoleurs. Fabriqu\u00e9e en plastique durable, cette r\u00e8gle pliante offre un moyen fiable et pr\u00e9cis de prendre des mesures jusqu&#8217;\u00e0 un m\u00e8tre. La couleur blanche [&hellip;]","og_url":"https:\/\/schroevendump.nl\/fr\/produit\/regle-pliante-professionnelle-en-plastique-1-metre\/","og_site_name":"Schroevendump","article_modified_time":"2025-12-10T11:33:30+00:00","og_image":[{"width":300,"height":300,"url":"https:\/\/schroevendump.nl\/wp-content\/uploads\/2025\/04\/190140-duimstok-300x300-removebg-preview-1.png","type":"image\/png"}],"twitter_card":"summary_large_image","twitter_misc":{"Dur\u00e9e de lecture estim\u00e9e":"1 minute"},"schema":{"@context":"https:\/\/schema.org","@graph":[{"@type":"WebPage","@id":"https:\/\/schroevendump.nl\/fr\/produit\/regle-pliante-professionnelle-en-plastique-1-metre\/","url":"https:\/\/schroevendump.nl\/fr\/produit\/regle-pliante-professionnelle-en-plastique-1-metre\/","name":"R\u00e8gle pliante professionnelle en plastique - 1 m\u00e8tre - Schroevendump","isPartOf":{"@id":"https:\/\/schroevendump.nl\/fr\/#website"},"primaryImageOfPage":{"@id":"https:\/\/schroevendump.nl\/fr\/produit\/regle-pliante-professionnelle-en-plastique-1-metre\/#primaryimage"},"image":{"@id":"https:\/\/schroevendump.nl\/fr\/produit\/regle-pliante-professionnelle-en-plastique-1-metre\/#primaryimage"},"thumbnailUrl":"https:\/\/schroevendump.nl\/wp-content\/uploads\/2025\/04\/190140-duimstok-300x300-removebg-preview-1.png","datePublished":"2025-04-17T18:40:18+00:00","dateModified":"2025-12-10T11:33:30+00:00","breadcrumb":{"@id":"https:\/\/schroevendump.nl\/fr\/produit\/regle-pliante-professionnelle-en-plastique-1-metre\/#breadcrumb"},"inLanguage":"fr-FR","potentialAction":[{"@type":"ReadAction","target":["https:\/\/schroevendump.nl\/fr\/produit\/regle-pliante-professionnelle-en-plastique-1-metre\/"]}]},{"@type":"ImageObject","inLanguage":"fr-FR","@id":"https:\/\/schroevendump.nl\/fr\/produit\/regle-pliante-professionnelle-en-plastique-1-metre\/#primaryimage","url":"https:\/\/schroevendump.nl\/wp-content\/uploads\/2025\/04\/190140-duimstok-300x300-removebg-preview-1.png","contentUrl":"https:\/\/schroevendump.nl\/wp-content\/uploads\/2025\/04\/190140-duimstok-300x300-removebg-preview-1.png","width":300,"height":300},{"@type":"BreadcrumbList","@id":"https:\/\/schroevendump.nl\/fr\/produit\/regle-pliante-professionnelle-en-plastique-1-metre\/#breadcrumb","itemListElement":[{"@type":"ListItem","position":1,"name":"Accueil","item":"https:\/\/schroevendump.nl\/fr\/"},{"@type":"ListItem","position":2,"name":"Boutique","item":"https:\/\/schroevendump.nl\/fr\/boutique\/"},{"@type":"ListItem","position":3,"name":"R\u00e8gle pliante professionnelle en plastique &#8211; 1 m\u00e8tre"}]},{"@type":"WebSite","@id":"https:\/\/schroevendump.nl\/fr\/#website","url":"https:\/\/schroevendump.nl\/fr\/","name":"Schroevendump","description":"","potentialAction":[{"@type":"SearchAction","target":{"@type":"EntryPoint","urlTemplate":"https:\/\/schroevendump.nl\/fr\/?s={search_term_string}"},"query-input":{"@type":"PropertyValueSpecification","valueRequired":true,"valueName":"search_term_string"}}],"inLanguage":"fr-FR"}]}},"_links":{"self":[{"href":"https:\/\/schroevendump.nl\/fr\/wp-json\/wp\/v2\/product\/27995","targetHints":{"allow":["GET"]}}],"collection":[{"href":"https:\/\/schroevendump.nl\/fr\/wp-json\/wp\/v2\/product"}],"about":[{"href":"https:\/\/schroevendump.nl\/fr\/wp-json\/wp\/v2\/types\/product"}],"replies":[{"embeddable":true,"href":"https:\/\/schroevendump.nl\/fr\/wp-json\/wp\/v2\/comments?post=27995"}],"wp:featuredmedia":[{"embeddable":true,"href":"https:\/\/schroevendump.nl\/fr\/wp-json\/wp\/v2\/media\/27998"}],"wp:attachment":[{"href":"https:\/\/schroevendump.nl\/fr\/wp-json\/wp\/v2\/media?parent=27995"}],"wp:term":[{"taxonomy":"product_brand","embeddable":true,"href":"https:\/\/schroevendump.nl\/fr\/wp-json\/wp\/v2\/product_brand?post=27995"},{"taxonomy":"product_cat","embeddable":true,"href":"https:\/\/schroevendump.nl\/fr\/wp-json\/wp\/v2\/product_cat?post=27995"},{"taxonomy":"product_tag","embeddable":true,"href":"https:\/\/schroevendump.nl\/fr\/wp-json\/wp\/v2\/product_tag?post=27995"}],"curies":[{"name":"wp","href":"https:\/\/api.w.org\/{rel}","templated":true}]}}