{"id":28003,"date":"2025-04-17T17:23:19","date_gmt":"2025-04-17T17:23:19","guid":{"rendered":"https:\/\/schroevendump.nl\/product\/3m-peltor-optime-ii-h520a-capuchon-auditif-snr-31-db-protection-auditive-confortable-pour-les-environnements-industriels\/"},"modified":"2025-12-10T11:33:31","modified_gmt":"2025-12-10T11:33:31","slug":"3m-peltor-optime-ii-h520a-capuchon-auditif-snr-31-db-protection-auditive-confortable-pour-les-environnements-industriels","status":"publish","type":"product","link":"https:\/\/schroevendump.nl\/fr\/produit\/3m-peltor-optime-ii-h520a-capuchon-auditif-snr-31-db-protection-auditive-confortable-pour-les-environnements-industriels\/","title":{"rendered":"3M Peltor Optime II H520A Capuchon auditif &#8211; SNR 31 dB &#8211; Protection auditive confortable pour les environnements industriels"},"content":{"rendered":"<h3 class=\"\" data-start=\"276\" data-end=\"344\">\ud83d\udd39 <strong data-start=\"283\" data-end=\"344\">Description du produit &#8211; 3M Peltor Optime II H520A Cagoule auditive<\/strong><\/h3>\n<p class=\"\" data-start=\"346\" data-end=\"465\"><span class=\"relative -mx-px my-[-0.2rem] rounded px-px py-[0.2rem] transition-colors duration-100 ease-in-out\">Le <strong data-start=\"3\" data-end=\"32\">3M Peltor Optime II H520A<\/strong> est sp\u00e9cialement con\u00e7u pour les environnements pr\u00e9sentant des niveaux de bruit industriel importants, tels que les chantiers de construction, les a\u00e9roports et les activit\u00e9s agricoles.<\/span> <span class=\"relative -mx-px my-[-0.2rem] rounded px-px py-[0.2rem] transition-colors duration-100 ease-in-out\">Avec un <strong data-start=\"8\" data-end=\"32\">indice SNR de 31 dB<\/strong>, ce casque antibruit offre une protection efficace contre les niveaux de bruit nuisibles.<\/span><\/p>\n<p class=\"\" data-start=\"467\" data-end=\"588\"><span class=\"relative -mx-px my-[-0.2rem] rounded px-px py-[0.2rem] transition-colors duration-100 ease-in-out\">Les coussinets souples et larges et les oreillettes spacieuses assurent un confort durable, tandis que le bandeau r\u00e9glable garantit un ajustement optimal.<\/span> <span class=\"relative -mx-px my-[-0.2rem] rounded px-px py-[0.2rem] transition-colors duration-100 ease-in-out\">Les anneaux d&#8217;\u00e9tanch\u00e9it\u00e9 sont remplis d&#8217;une combinaison unique de liquide et de mousse, ce qui assure une excellente \u00e9tanch\u00e9it\u00e9 avec une pression minimale sur les oreilles.<\/span><\/p>\n<h3 class=\"\" data-start=\"595\" data-end=\"630\">\ud83d\udd39 <strong data-start=\"602\" data-end=\"630\">Caract\u00e9ristiques principales :<\/strong><\/h3>\n<ul data-start=\"632\" data-end=\"1031\">\n<li class=\"\" data-start=\"632\" data-end=\"690\">\n<p class=\"\" data-start=\"634\" data-end=\"690\">\u2705 <strong data-start=\"636\" data-end=\"658\">Att\u00e9nuation effective<\/strong>: SNR 31 dB (H=34, M=29, L=20)<\/p>\n<\/li>\n<li class=\"\" data-start=\"691\" data-end=\"769\">\n<p class=\"\" data-start=\"693\" data-end=\"769\">\u2705 <strong data-start=\"695\" data-end=\"719\">Confortable<\/strong>: coussins souples et larges et bandeau r\u00e9glable<\/p>\n<\/li>\n<li class=\"\" data-start=\"770\" data-end=\"833\">\n<p class=\"\" data-start=\"772\" data-end=\"833\">\u2705 <strong data-start=\"774\" data-end=\"795\">Oreillettes spacieuses<\/strong>: r\u00e9duisent l&#8217;accumulation de chaleur et d&#8217;humidit\u00e9<\/p>\n<\/li>\n<li class=\"\" data-start=\"834\" data-end=\"907\">\n<p class=\"\" data-start=\"836\" data-end=\"907\">\u2705 <strong data-start=\"838\" data-end=\"858\">Conception durable<\/strong>: bandeau en acier inoxydable pour une pression constante<\/p>\n<\/li>\n<li class=\"\" data-start=\"908\" data-end=\"976\">\n<p class=\"\" data-start=\"910\" data-end=\"976\">\u2705 <strong data-start=\"912\" data-end=\"951\">Coussins et inserts rempla\u00e7ables<\/strong>: pour une hygi\u00e8ne optimale<\/p>\n<\/li>\n<li class=\"\" data-start=\"977\" data-end=\"1031\">\n<p class=\"\" data-start=\"979\" data-end=\"1031\">\u2705 <strong data-start=\"981\" data-end=\"1002\">Certifi\u00e9 CE<\/strong>: conforme \u00e0 la norme EN 352-1:2020<\/p>\n<\/li>\n<\/ul>\n<hr class=\"\" data-start=\"1033\" data-end=\"1036\">\n<h3 class=\"\" data-start=\"1038\" data-end=\"1069\">\ud83d\udd39 <strong data-start=\"1045\" data-end=\"1069\">Domaines d&#8217;application :<\/strong><\/h3>\n<ul data-start=\"1071\" data-end=\"1169\">\n<li class=\"\" data-start=\"1071\" data-end=\"1087\">\n<p class=\"\" data-start=\"1073\" data-end=\"1087\">Chantiers de construction<\/p>\n<\/li>\n<li class=\"\" data-start=\"1088\" data-end=\"1111\">\n<p class=\"\" data-start=\"1090\" data-end=\"1111\">Industrie a\u00e9ronautique<\/p>\n<\/li>\n<li class=\"\" data-start=\"1112\" data-end=\"1136\">\n<p class=\"\" data-start=\"1114\" data-end=\"1136\">Agriculture et \u00e9levage<\/p>\n<\/li>\n<li class=\"\" data-start=\"1137\" data-end=\"1169\">\n<p class=\"\" data-start=\"1139\" data-end=\"1169\">Environnements industriels lourds<\/p>\n<\/li>\n<\/ul>\n<hr class=\"\" data-start=\"1171\" data-end=\"1174\">\n<p class=\"\" data-start=\"1176\" data-end=\"1261\"><span class=\"relative -mx-px my-[-0.2rem] rounded px-px py-[0.2rem] transition-colors duration-100 ease-in-out\">Choisissez le <strong data-start=\"13\" data-end=\"42\">3M Peltor Optime II H520A<\/strong> et d\u00e9couvrez un \u00e9quilibre parfait entre protection et confort lorsque vous travaillez dans des environnements bruyants.<\/span><\/p>\n","protected":false},"excerpt":{"rendered":"<p>\ud83d\udd39 Description du produit &#8211; 3M Peltor Optime II H520A Cagoule auditive Le 3M Peltor Optime II H520A est sp\u00e9cialement con\u00e7u pour les environnements pr\u00e9sentant des niveaux de bruit industriel importants, tels que les chantiers de construction, les a\u00e9roports et les activit\u00e9s agricoles. Avec un indice SNR de 31 dB, ce casque antibruit offre une [&hellip;]<\/p>\n","protected":false},"featured_media":18199,"comment_status":"open","ping_status":"closed","template":"","meta":[],"product_brand":[],"product_cat":[590],"product_tag":[],"class_list":{"0":"post-28003","1":"product","2":"type-product","3":"status-publish","4":"has-post-thumbnail","6":"product_cat-outils-a-main","8":"first","9":"instock","10":"taxable","11":"shipping-taxable","12":"purchasable","13":"product-type-simple"},"supplier_id":null,"supplier_sku":"","barcode":null,"atum_controlled":true,"out_stock_date":null,"out_stock_threshold":null,"inheritable":false,"inbound_stock":0,"stock_on_hold":0,"sold_today":0,"sales_last_days":0,"reserved_stock":0,"customer_returns":0,"warehouse_damage":0,"lost_in_post":0,"other_logs":0,"out_stock_days":0,"lost_sales":0,"has_location":false,"update_date":"2026-05-08T01:11:33","atum_locations":[],"atum_stock_status":"instock","restock_status":false,"low_stock_amount":"","sales_update_date":"2026-05-08T01:11:33","calc_backorders":null,"acf":[],"yoast_head":"<!-- This site is optimized with the Yoast SEO plugin v26.6 - https:\/\/yoast.com\/wordpress\/plugins\/seo\/ -->\n<title>3M Peltor Optime II H520A Capuchon auditif - SNR 31 dB - Protection auditive confortable pour les environnements industriels - Schroevendump<\/title>\n<meta name=\"robots\" content=\"index, follow, max-snippet:-1, max-image-preview:large, max-video-preview:-1\" \/>\n<link rel=\"canonical\" href=\"https:\/\/schroevendump.nl\/fr\/produit\/3m-peltor-optime-ii-h520a-capuchon-auditif-snr-31-db-protection-auditive-confortable-pour-les-environnements-industriels\/\" \/>\n<meta property=\"og:locale\" content=\"fr_FR\" \/>\n<meta property=\"og:type\" content=\"article\" \/>\n<meta property=\"og:title\" content=\"3M Peltor Optime II H520A Capuchon auditif - SNR 31 dB - Protection auditive confortable pour les environnements industriels - Schroevendump\" \/>\n<meta property=\"og:description\" content=\"\ud83d\udd39 Description du produit &#8211; 3M Peltor Optime II H520A Cagoule auditive Le 3M Peltor Optime II H520A est sp\u00e9cialement con\u00e7u pour les environnements pr\u00e9sentant des niveaux de bruit industriel importants, tels que les chantiers de construction, les a\u00e9roports et les activit\u00e9s agricoles. Avec un indice SNR de 31 dB, ce casque antibruit offre une [&hellip;]\" \/>\n<meta property=\"og:url\" content=\"https:\/\/schroevendump.nl\/fr\/produit\/3m-peltor-optime-ii-h520a-capuchon-auditif-snr-31-db-protection-auditive-confortable-pour-les-environnements-industriels\/\" \/>\n<meta property=\"og:site_name\" content=\"Schroevendump\" \/>\n<meta property=\"article:modified_time\" content=\"2025-12-10T11:33:31+00:00\" \/>\n<meta property=\"og:image\" content=\"https:\/\/schroevendump.nl\/wp-content\/uploads\/2025\/04\/peltor-optime-2-oorkap-removebg-preview.png\" \/>\n\t<meta property=\"og:image:width\" content=\"439\" \/>\n\t<meta property=\"og:image:height\" content=\"568\" \/>\n\t<meta property=\"og:image:type\" content=\"image\/png\" \/>\n<meta name=\"twitter:card\" content=\"summary_large_image\" \/>\n<meta name=\"twitter:label1\" content=\"Dur\u00e9e de lecture estim\u00e9e\" \/>\n\t<meta name=\"twitter:data1\" content=\"1 minute\" \/>\n<script type=\"application\/ld+json\" class=\"yoast-schema-graph\">{\"@context\":\"https:\/\/schema.org\",\"@graph\":[{\"@type\":\"WebPage\",\"@id\":\"https:\/\/schroevendump.nl\/fr\/produit\/3m-peltor-optime-ii-h520a-capuchon-auditif-snr-31-db-protection-auditive-confortable-pour-les-environnements-industriels\/\",\"url\":\"https:\/\/schroevendump.nl\/fr\/produit\/3m-peltor-optime-ii-h520a-capuchon-auditif-snr-31-db-protection-auditive-confortable-pour-les-environnements-industriels\/\",\"name\":\"3M Peltor Optime II H520A Capuchon auditif - SNR 31 dB - Protection auditive confortable pour les environnements industriels - Schroevendump\",\"isPartOf\":{\"@id\":\"https:\/\/schroevendump.nl\/fr\/#website\"},\"primaryImageOfPage\":{\"@id\":\"https:\/\/schroevendump.nl\/fr\/produit\/3m-peltor-optime-ii-h520a-capuchon-auditif-snr-31-db-protection-auditive-confortable-pour-les-environnements-industriels\/#primaryimage\"},\"image\":{\"@id\":\"https:\/\/schroevendump.nl\/fr\/produit\/3m-peltor-optime-ii-h520a-capuchon-auditif-snr-31-db-protection-auditive-confortable-pour-les-environnements-industriels\/#primaryimage\"},\"thumbnailUrl\":\"https:\/\/schroevendump.nl\/wp-content\/uploads\/2025\/04\/peltor-optime-2-oorkap-removebg-preview.png\",\"datePublished\":\"2025-04-17T17:23:19+00:00\",\"dateModified\":\"2025-12-10T11:33:31+00:00\",\"breadcrumb\":{\"@id\":\"https:\/\/schroevendump.nl\/fr\/produit\/3m-peltor-optime-ii-h520a-capuchon-auditif-snr-31-db-protection-auditive-confortable-pour-les-environnements-industriels\/#breadcrumb\"},\"inLanguage\":\"fr-FR\",\"potentialAction\":[{\"@type\":\"ReadAction\",\"target\":[\"https:\/\/schroevendump.nl\/fr\/produit\/3m-peltor-optime-ii-h520a-capuchon-auditif-snr-31-db-protection-auditive-confortable-pour-les-environnements-industriels\/\"]}]},{\"@type\":\"ImageObject\",\"inLanguage\":\"fr-FR\",\"@id\":\"https:\/\/schroevendump.nl\/fr\/produit\/3m-peltor-optime-ii-h520a-capuchon-auditif-snr-31-db-protection-auditive-confortable-pour-les-environnements-industriels\/#primaryimage\",\"url\":\"https:\/\/schroevendump.nl\/wp-content\/uploads\/2025\/04\/peltor-optime-2-oorkap-removebg-preview.png\",\"contentUrl\":\"https:\/\/schroevendump.nl\/wp-content\/uploads\/2025\/04\/peltor-optime-2-oorkap-removebg-preview.png\",\"width\":439,\"height\":568},{\"@type\":\"BreadcrumbList\",\"@id\":\"https:\/\/schroevendump.nl\/fr\/produit\/3m-peltor-optime-ii-h520a-capuchon-auditif-snr-31-db-protection-auditive-confortable-pour-les-environnements-industriels\/#breadcrumb\",\"itemListElement\":[{\"@type\":\"ListItem\",\"position\":1,\"name\":\"Accueil\",\"item\":\"https:\/\/schroevendump.nl\/fr\/\"},{\"@type\":\"ListItem\",\"position\":2,\"name\":\"Boutique\",\"item\":\"https:\/\/schroevendump.nl\/fr\/boutique\/\"},{\"@type\":\"ListItem\",\"position\":3,\"name\":\"3M Peltor Optime II H520A Capuchon auditif &#8211; SNR 31 dB &#8211; Protection auditive confortable pour les environnements industriels\"}]},{\"@type\":\"WebSite\",\"@id\":\"https:\/\/schroevendump.nl\/fr\/#website\",\"url\":\"https:\/\/schroevendump.nl\/fr\/\",\"name\":\"Schroevendump\",\"description\":\"\",\"potentialAction\":[{\"@type\":\"SearchAction\",\"target\":{\"@type\":\"EntryPoint\",\"urlTemplate\":\"https:\/\/schroevendump.nl\/fr\/?s={search_term_string}\"},\"query-input\":{\"@type\":\"PropertyValueSpecification\",\"valueRequired\":true,\"valueName\":\"search_term_string\"}}],\"inLanguage\":\"fr-FR\"}]}<\/script>\n<!-- \/ Yoast SEO plugin. -->","yoast_head_json":{"title":"3M Peltor Optime II H520A Capuchon auditif - SNR 31 dB - Protection auditive confortable pour les environnements industriels - Schroevendump","robots":{"index":"index","follow":"follow","max-snippet":"max-snippet:-1","max-image-preview":"max-image-preview:large","max-video-preview":"max-video-preview:-1"},"canonical":"https:\/\/schroevendump.nl\/fr\/produit\/3m-peltor-optime-ii-h520a-capuchon-auditif-snr-31-db-protection-auditive-confortable-pour-les-environnements-industriels\/","og_locale":"fr_FR","og_type":"article","og_title":"3M Peltor Optime II H520A Capuchon auditif - SNR 31 dB - Protection auditive confortable pour les environnements industriels - Schroevendump","og_description":"\ud83d\udd39 Description du produit &#8211; 3M Peltor Optime II H520A Cagoule auditive Le 3M Peltor Optime II H520A est sp\u00e9cialement con\u00e7u pour les environnements pr\u00e9sentant des niveaux de bruit industriel importants, tels que les chantiers de construction, les a\u00e9roports et les activit\u00e9s agricoles. Avec un indice SNR de 31 dB, ce casque antibruit offre une [&hellip;]","og_url":"https:\/\/schroevendump.nl\/fr\/produit\/3m-peltor-optime-ii-h520a-capuchon-auditif-snr-31-db-protection-auditive-confortable-pour-les-environnements-industriels\/","og_site_name":"Schroevendump","article_modified_time":"2025-12-10T11:33:31+00:00","og_image":[{"width":439,"height":568,"url":"https:\/\/schroevendump.nl\/wp-content\/uploads\/2025\/04\/peltor-optime-2-oorkap-removebg-preview.png","type":"image\/png"}],"twitter_card":"summary_large_image","twitter_misc":{"Dur\u00e9e de lecture estim\u00e9e":"1 minute"},"schema":{"@context":"https:\/\/schema.org","@graph":[{"@type":"WebPage","@id":"https:\/\/schroevendump.nl\/fr\/produit\/3m-peltor-optime-ii-h520a-capuchon-auditif-snr-31-db-protection-auditive-confortable-pour-les-environnements-industriels\/","url":"https:\/\/schroevendump.nl\/fr\/produit\/3m-peltor-optime-ii-h520a-capuchon-auditif-snr-31-db-protection-auditive-confortable-pour-les-environnements-industriels\/","name":"3M Peltor Optime II H520A Capuchon auditif - SNR 31 dB - Protection auditive confortable pour les environnements industriels - Schroevendump","isPartOf":{"@id":"https:\/\/schroevendump.nl\/fr\/#website"},"primaryImageOfPage":{"@id":"https:\/\/schroevendump.nl\/fr\/produit\/3m-peltor-optime-ii-h520a-capuchon-auditif-snr-31-db-protection-auditive-confortable-pour-les-environnements-industriels\/#primaryimage"},"image":{"@id":"https:\/\/schroevendump.nl\/fr\/produit\/3m-peltor-optime-ii-h520a-capuchon-auditif-snr-31-db-protection-auditive-confortable-pour-les-environnements-industriels\/#primaryimage"},"thumbnailUrl":"https:\/\/schroevendump.nl\/wp-content\/uploads\/2025\/04\/peltor-optime-2-oorkap-removebg-preview.png","datePublished":"2025-04-17T17:23:19+00:00","dateModified":"2025-12-10T11:33:31+00:00","breadcrumb":{"@id":"https:\/\/schroevendump.nl\/fr\/produit\/3m-peltor-optime-ii-h520a-capuchon-auditif-snr-31-db-protection-auditive-confortable-pour-les-environnements-industriels\/#breadcrumb"},"inLanguage":"fr-FR","potentialAction":[{"@type":"ReadAction","target":["https:\/\/schroevendump.nl\/fr\/produit\/3m-peltor-optime-ii-h520a-capuchon-auditif-snr-31-db-protection-auditive-confortable-pour-les-environnements-industriels\/"]}]},{"@type":"ImageObject","inLanguage":"fr-FR","@id":"https:\/\/schroevendump.nl\/fr\/produit\/3m-peltor-optime-ii-h520a-capuchon-auditif-snr-31-db-protection-auditive-confortable-pour-les-environnements-industriels\/#primaryimage","url":"https:\/\/schroevendump.nl\/wp-content\/uploads\/2025\/04\/peltor-optime-2-oorkap-removebg-preview.png","contentUrl":"https:\/\/schroevendump.nl\/wp-content\/uploads\/2025\/04\/peltor-optime-2-oorkap-removebg-preview.png","width":439,"height":568},{"@type":"BreadcrumbList","@id":"https:\/\/schroevendump.nl\/fr\/produit\/3m-peltor-optime-ii-h520a-capuchon-auditif-snr-31-db-protection-auditive-confortable-pour-les-environnements-industriels\/#breadcrumb","itemListElement":[{"@type":"ListItem","position":1,"name":"Accueil","item":"https:\/\/schroevendump.nl\/fr\/"},{"@type":"ListItem","position":2,"name":"Boutique","item":"https:\/\/schroevendump.nl\/fr\/boutique\/"},{"@type":"ListItem","position":3,"name":"3M Peltor Optime II H520A Capuchon auditif &#8211; SNR 31 dB &#8211; Protection auditive confortable pour les environnements industriels"}]},{"@type":"WebSite","@id":"https:\/\/schroevendump.nl\/fr\/#website","url":"https:\/\/schroevendump.nl\/fr\/","name":"Schroevendump","description":"","potentialAction":[{"@type":"SearchAction","target":{"@type":"EntryPoint","urlTemplate":"https:\/\/schroevendump.nl\/fr\/?s={search_term_string}"},"query-input":{"@type":"PropertyValueSpecification","valueRequired":true,"valueName":"search_term_string"}}],"inLanguage":"fr-FR"}]}},"_links":{"self":[{"href":"https:\/\/schroevendump.nl\/fr\/wp-json\/wp\/v2\/product\/28003","targetHints":{"allow":["GET"]}}],"collection":[{"href":"https:\/\/schroevendump.nl\/fr\/wp-json\/wp\/v2\/product"}],"about":[{"href":"https:\/\/schroevendump.nl\/fr\/wp-json\/wp\/v2\/types\/product"}],"replies":[{"embeddable":true,"href":"https:\/\/schroevendump.nl\/fr\/wp-json\/wp\/v2\/comments?post=28003"}],"wp:featuredmedia":[{"embeddable":true,"href":"https:\/\/schroevendump.nl\/fr\/wp-json\/wp\/v2\/media\/18199"}],"wp:attachment":[{"href":"https:\/\/schroevendump.nl\/fr\/wp-json\/wp\/v2\/media?parent=28003"}],"wp:term":[{"taxonomy":"product_brand","embeddable":true,"href":"https:\/\/schroevendump.nl\/fr\/wp-json\/wp\/v2\/product_brand?post=28003"},{"taxonomy":"product_cat","embeddable":true,"href":"https:\/\/schroevendump.nl\/fr\/wp-json\/wp\/v2\/product_cat?post=28003"},{"taxonomy":"product_tag","embeddable":true,"href":"https:\/\/schroevendump.nl\/fr\/wp-json\/wp\/v2\/product_tag?post=28003"}],"curies":[{"name":"wp","href":"https:\/\/api.w.org\/{rel}","templated":true}]}}