{"id":28016,"date":"2025-04-16T18:57:57","date_gmt":"2025-04-16T18:57:57","guid":{"rendered":"https:\/\/schroevendump.nl\/product\/recharge-stylos-lyra-pica-surligneur-sec-gris-12-pieces\/"},"modified":"2025-12-10T11:32:41","modified_gmt":"2025-12-10T11:32:41","slug":"recharge-stylos-lyra-pica-surligneur-sec-gris-12-pieces","status":"publish","type":"product","link":"https:\/\/schroevendump.nl\/fr\/produit\/recharge-stylos-lyra-pica-surligneur-sec-gris-12-pieces\/","title":{"rendered":"Recharge stylos Lyra\/pica Surligneur sec &#8211; gris &#8211; 12 pi\u00e8ces"},"content":{"rendered":"<p>Avec les stylos Lyra\/pica Dry, votre crayon marqueur est toujours pr\u00eat \u00e0 l&#8217;emploi. Ce set contient 12 marqueurs graphite de duret\u00e9 2B et est emball\u00e9 dans un porte-tube pratique. Gr\u00e2ce au syst\u00e8me de recharge pratique, vous pouvez recharger le <a href=\"https:\/\/schroevendump.nl\/fr\/produit\/crayon-de-marquage-pica-dry-3030-longlife\/\">crayon de marquage Pica Dry<\/a> en quelques \u00e9tapes faciles. Ces marqueurs en graphite vous permettent de r\u00e9aliser des marquages clairs sur diff\u00e9rentes surfaces. L&#8217;avantage du crayon marqueur est qu&#8217;il s&#8217;efface facilement des surfaces lisses telles que le verre, le m\u00e9tal et le carrelage. Ils sont donc parfaits pour les marquages temporaires. Le tube de recharge est compact et facile \u00e0 ranger, ce qui vous permet d&#8217;en avoir toujours sous la main pour travailler rapidement.      <\/p>\n<h2>Lyra\/pica Recharge pour surligneur sec<\/h2>\n<p>Recharger votre crayon surligneur Lyra\/pica Dry est simple. Tout d&#8217;abord, retirez le bouton-poussoir situ\u00e9 au dos du crayon. Ins\u00e9rez ensuite une nouvelle mine dans le crayon et remettez le bouton-poussoir en place. Votre crayon de marquage Lyra\/pica Dry est maintenant pr\u00eat \u00e0 l&#8217;emploi.   <\/p>\n","protected":false},"excerpt":{"rendered":"<p>Avec les stylos Lyra\/pica Dry, votre crayon marqueur est toujours pr\u00eat \u00e0 l&#8217;emploi. Ce set contient 12 marqueurs graphite de duret\u00e9 2B et est emball\u00e9 dans un porte-tube pratique. Gr\u00e2ce au syst\u00e8me de recharge pratique, vous pouvez recharger le crayon de marquage Pica Dry en quelques \u00e9tapes faciles. Ces marqueurs en graphite vous permettent de [&hellip;]<\/p>\n","protected":false},"featured_media":28018,"comment_status":"closed","ping_status":"closed","template":"","meta":[],"product_brand":[],"product_cat":[590],"product_tag":[],"class_list":{"0":"post-28016","1":"product","2":"type-product","3":"status-publish","4":"has-post-thumbnail","6":"product_cat-outils-a-main","8":"first","9":"instock","10":"taxable","11":"shipping-taxable","12":"purchasable","13":"product-type-simple"},"supplier_id":null,"supplier_sku":"","barcode":null,"atum_controlled":true,"out_stock_date":null,"out_stock_threshold":null,"inheritable":false,"inbound_stock":0,"stock_on_hold":0,"sold_today":0,"sales_last_days":0,"reserved_stock":0,"customer_returns":0,"warehouse_damage":0,"lost_in_post":0,"other_logs":0,"out_stock_days":0,"lost_sales":0,"has_location":false,"update_date":"2026-04-25T01:08:35","atum_locations":[],"atum_stock_status":"instock","restock_status":false,"low_stock_amount":"","sales_update_date":"2026-04-25T01:08:35","calc_backorders":null,"acf":[],"yoast_head":"<!-- This site is optimized with the Yoast SEO plugin v26.6 - https:\/\/yoast.com\/wordpress\/plugins\/seo\/ -->\n<title>Recharge stylos Lyra\/pica Surligneur sec - gris - 12 pi\u00e8ces - Schroevendump<\/title>\n<meta name=\"robots\" content=\"index, follow, max-snippet:-1, max-image-preview:large, max-video-preview:-1\" \/>\n<link rel=\"canonical\" href=\"https:\/\/schroevendump.nl\/fr\/produit\/recharge-stylos-lyra-pica-surligneur-sec-gris-12-pieces\/\" \/>\n<meta property=\"og:locale\" content=\"fr_FR\" \/>\n<meta property=\"og:type\" content=\"article\" \/>\n<meta property=\"og:title\" content=\"Recharge stylos Lyra\/pica Surligneur sec - gris - 12 pi\u00e8ces - Schroevendump\" \/>\n<meta property=\"og:description\" content=\"Avec les stylos Lyra\/pica Dry, votre crayon marqueur est toujours pr\u00eat \u00e0 l&#8217;emploi. Ce set contient 12 marqueurs graphite de duret\u00e9 2B et est emball\u00e9 dans un porte-tube pratique. Gr\u00e2ce au syst\u00e8me de recharge pratique, vous pouvez recharger le crayon de marquage Pica Dry en quelques \u00e9tapes faciles. Ces marqueurs en graphite vous permettent de [&hellip;]\" \/>\n<meta property=\"og:url\" content=\"https:\/\/schroevendump.nl\/fr\/produit\/recharge-stylos-lyra-pica-surligneur-sec-gris-12-pieces\/\" \/>\n<meta property=\"og:site_name\" content=\"Schroevendump\" \/>\n<meta property=\"article:modified_time\" content=\"2025-12-10T11:32:41+00:00\" \/>\n<meta property=\"og:image\" content=\"https:\/\/schroevendump.nl\/wp-content\/uploads\/2025\/04\/lydra_navulling-removebg-preview.png\" \/>\n\t<meta property=\"og:image:width\" content=\"465\" \/>\n\t<meta property=\"og:image:height\" content=\"465\" \/>\n\t<meta property=\"og:image:type\" content=\"image\/png\" \/>\n<meta name=\"twitter:card\" content=\"summary_large_image\" \/>\n<meta name=\"twitter:label1\" content=\"Dur\u00e9e de lecture estim\u00e9e\" \/>\n\t<meta name=\"twitter:data1\" content=\"1 minute\" \/>\n<script type=\"application\/ld+json\" class=\"yoast-schema-graph\">{\"@context\":\"https:\/\/schema.org\",\"@graph\":[{\"@type\":\"WebPage\",\"@id\":\"https:\/\/schroevendump.nl\/fr\/produit\/recharge-stylos-lyra-pica-surligneur-sec-gris-12-pieces\/\",\"url\":\"https:\/\/schroevendump.nl\/fr\/produit\/recharge-stylos-lyra-pica-surligneur-sec-gris-12-pieces\/\",\"name\":\"Recharge stylos Lyra\/pica Surligneur sec - gris - 12 pi\u00e8ces - Schroevendump\",\"isPartOf\":{\"@id\":\"https:\/\/schroevendump.nl\/fr\/#website\"},\"primaryImageOfPage\":{\"@id\":\"https:\/\/schroevendump.nl\/fr\/produit\/recharge-stylos-lyra-pica-surligneur-sec-gris-12-pieces\/#primaryimage\"},\"image\":{\"@id\":\"https:\/\/schroevendump.nl\/fr\/produit\/recharge-stylos-lyra-pica-surligneur-sec-gris-12-pieces\/#primaryimage\"},\"thumbnailUrl\":\"https:\/\/schroevendump.nl\/wp-content\/uploads\/2025\/04\/lydra_navulling-removebg-preview.png\",\"datePublished\":\"2025-04-16T18:57:57+00:00\",\"dateModified\":\"2025-12-10T11:32:41+00:00\",\"breadcrumb\":{\"@id\":\"https:\/\/schroevendump.nl\/fr\/produit\/recharge-stylos-lyra-pica-surligneur-sec-gris-12-pieces\/#breadcrumb\"},\"inLanguage\":\"fr-FR\",\"potentialAction\":[{\"@type\":\"ReadAction\",\"target\":[\"https:\/\/schroevendump.nl\/fr\/produit\/recharge-stylos-lyra-pica-surligneur-sec-gris-12-pieces\/\"]}]},{\"@type\":\"ImageObject\",\"inLanguage\":\"fr-FR\",\"@id\":\"https:\/\/schroevendump.nl\/fr\/produit\/recharge-stylos-lyra-pica-surligneur-sec-gris-12-pieces\/#primaryimage\",\"url\":\"https:\/\/schroevendump.nl\/wp-content\/uploads\/2025\/04\/lydra_navulling-removebg-preview.png\",\"contentUrl\":\"https:\/\/schroevendump.nl\/wp-content\/uploads\/2025\/04\/lydra_navulling-removebg-preview.png\",\"width\":465,\"height\":465},{\"@type\":\"BreadcrumbList\",\"@id\":\"https:\/\/schroevendump.nl\/fr\/produit\/recharge-stylos-lyra-pica-surligneur-sec-gris-12-pieces\/#breadcrumb\",\"itemListElement\":[{\"@type\":\"ListItem\",\"position\":1,\"name\":\"Accueil\",\"item\":\"https:\/\/schroevendump.nl\/fr\/\"},{\"@type\":\"ListItem\",\"position\":2,\"name\":\"Boutique\",\"item\":\"https:\/\/schroevendump.nl\/fr\/boutique\/\"},{\"@type\":\"ListItem\",\"position\":3,\"name\":\"Recharge stylos Lyra\/pica Surligneur sec &#8211; gris &#8211; 12 pi\u00e8ces\"}]},{\"@type\":\"WebSite\",\"@id\":\"https:\/\/schroevendump.nl\/fr\/#website\",\"url\":\"https:\/\/schroevendump.nl\/fr\/\",\"name\":\"Schroevendump\",\"description\":\"\",\"potentialAction\":[{\"@type\":\"SearchAction\",\"target\":{\"@type\":\"EntryPoint\",\"urlTemplate\":\"https:\/\/schroevendump.nl\/fr\/?s={search_term_string}\"},\"query-input\":{\"@type\":\"PropertyValueSpecification\",\"valueRequired\":true,\"valueName\":\"search_term_string\"}}],\"inLanguage\":\"fr-FR\"}]}<\/script>\n<!-- \/ Yoast SEO plugin. -->","yoast_head_json":{"title":"Recharge stylos Lyra\/pica Surligneur sec - gris - 12 pi\u00e8ces - Schroevendump","robots":{"index":"index","follow":"follow","max-snippet":"max-snippet:-1","max-image-preview":"max-image-preview:large","max-video-preview":"max-video-preview:-1"},"canonical":"https:\/\/schroevendump.nl\/fr\/produit\/recharge-stylos-lyra-pica-surligneur-sec-gris-12-pieces\/","og_locale":"fr_FR","og_type":"article","og_title":"Recharge stylos Lyra\/pica Surligneur sec - gris - 12 pi\u00e8ces - Schroevendump","og_description":"Avec les stylos Lyra\/pica Dry, votre crayon marqueur est toujours pr\u00eat \u00e0 l&#8217;emploi. Ce set contient 12 marqueurs graphite de duret\u00e9 2B et est emball\u00e9 dans un porte-tube pratique. Gr\u00e2ce au syst\u00e8me de recharge pratique, vous pouvez recharger le crayon de marquage Pica Dry en quelques \u00e9tapes faciles. Ces marqueurs en graphite vous permettent de [&hellip;]","og_url":"https:\/\/schroevendump.nl\/fr\/produit\/recharge-stylos-lyra-pica-surligneur-sec-gris-12-pieces\/","og_site_name":"Schroevendump","article_modified_time":"2025-12-10T11:32:41+00:00","og_image":[{"width":465,"height":465,"url":"https:\/\/schroevendump.nl\/wp-content\/uploads\/2025\/04\/lydra_navulling-removebg-preview.png","type":"image\/png"}],"twitter_card":"summary_large_image","twitter_misc":{"Dur\u00e9e de lecture estim\u00e9e":"1 minute"},"schema":{"@context":"https:\/\/schema.org","@graph":[{"@type":"WebPage","@id":"https:\/\/schroevendump.nl\/fr\/produit\/recharge-stylos-lyra-pica-surligneur-sec-gris-12-pieces\/","url":"https:\/\/schroevendump.nl\/fr\/produit\/recharge-stylos-lyra-pica-surligneur-sec-gris-12-pieces\/","name":"Recharge stylos Lyra\/pica Surligneur sec - gris - 12 pi\u00e8ces - Schroevendump","isPartOf":{"@id":"https:\/\/schroevendump.nl\/fr\/#website"},"primaryImageOfPage":{"@id":"https:\/\/schroevendump.nl\/fr\/produit\/recharge-stylos-lyra-pica-surligneur-sec-gris-12-pieces\/#primaryimage"},"image":{"@id":"https:\/\/schroevendump.nl\/fr\/produit\/recharge-stylos-lyra-pica-surligneur-sec-gris-12-pieces\/#primaryimage"},"thumbnailUrl":"https:\/\/schroevendump.nl\/wp-content\/uploads\/2025\/04\/lydra_navulling-removebg-preview.png","datePublished":"2025-04-16T18:57:57+00:00","dateModified":"2025-12-10T11:32:41+00:00","breadcrumb":{"@id":"https:\/\/schroevendump.nl\/fr\/produit\/recharge-stylos-lyra-pica-surligneur-sec-gris-12-pieces\/#breadcrumb"},"inLanguage":"fr-FR","potentialAction":[{"@type":"ReadAction","target":["https:\/\/schroevendump.nl\/fr\/produit\/recharge-stylos-lyra-pica-surligneur-sec-gris-12-pieces\/"]}]},{"@type":"ImageObject","inLanguage":"fr-FR","@id":"https:\/\/schroevendump.nl\/fr\/produit\/recharge-stylos-lyra-pica-surligneur-sec-gris-12-pieces\/#primaryimage","url":"https:\/\/schroevendump.nl\/wp-content\/uploads\/2025\/04\/lydra_navulling-removebg-preview.png","contentUrl":"https:\/\/schroevendump.nl\/wp-content\/uploads\/2025\/04\/lydra_navulling-removebg-preview.png","width":465,"height":465},{"@type":"BreadcrumbList","@id":"https:\/\/schroevendump.nl\/fr\/produit\/recharge-stylos-lyra-pica-surligneur-sec-gris-12-pieces\/#breadcrumb","itemListElement":[{"@type":"ListItem","position":1,"name":"Accueil","item":"https:\/\/schroevendump.nl\/fr\/"},{"@type":"ListItem","position":2,"name":"Boutique","item":"https:\/\/schroevendump.nl\/fr\/boutique\/"},{"@type":"ListItem","position":3,"name":"Recharge stylos Lyra\/pica Surligneur sec &#8211; gris &#8211; 12 pi\u00e8ces"}]},{"@type":"WebSite","@id":"https:\/\/schroevendump.nl\/fr\/#website","url":"https:\/\/schroevendump.nl\/fr\/","name":"Schroevendump","description":"","potentialAction":[{"@type":"SearchAction","target":{"@type":"EntryPoint","urlTemplate":"https:\/\/schroevendump.nl\/fr\/?s={search_term_string}"},"query-input":{"@type":"PropertyValueSpecification","valueRequired":true,"valueName":"search_term_string"}}],"inLanguage":"fr-FR"}]}},"_links":{"self":[{"href":"https:\/\/schroevendump.nl\/fr\/wp-json\/wp\/v2\/product\/28016","targetHints":{"allow":["GET"]}}],"collection":[{"href":"https:\/\/schroevendump.nl\/fr\/wp-json\/wp\/v2\/product"}],"about":[{"href":"https:\/\/schroevendump.nl\/fr\/wp-json\/wp\/v2\/types\/product"}],"replies":[{"embeddable":true,"href":"https:\/\/schroevendump.nl\/fr\/wp-json\/wp\/v2\/comments?post=28016"}],"wp:featuredmedia":[{"embeddable":true,"href":"https:\/\/schroevendump.nl\/fr\/wp-json\/wp\/v2\/media\/28018"}],"wp:attachment":[{"href":"https:\/\/schroevendump.nl\/fr\/wp-json\/wp\/v2\/media?parent=28016"}],"wp:term":[{"taxonomy":"product_brand","embeddable":true,"href":"https:\/\/schroevendump.nl\/fr\/wp-json\/wp\/v2\/product_brand?post=28016"},{"taxonomy":"product_cat","embeddable":true,"href":"https:\/\/schroevendump.nl\/fr\/wp-json\/wp\/v2\/product_cat?post=28016"},{"taxonomy":"product_tag","embeddable":true,"href":"https:\/\/schroevendump.nl\/fr\/wp-json\/wp\/v2\/product_tag?post=28016"}],"curies":[{"name":"wp","href":"https:\/\/api.w.org\/{rel}","templated":true}]}}